{"id":337220,"date":"2018-03-09T16:20:50","date_gmt":"2018-03-09T14:20:50","guid":{"rendered":"https:\/\/srokacompany.com\/sroka-produktkatalog\/"},"modified":"2025-06-26T09:17:23","modified_gmt":"2025-06-26T07:17:23","slug":"sroka-produktkatalog","status":"publish","type":"page","link":"https:\/\/srokacompany.com\/de\/sroka-produktkatalog\/","title":{"rendered":"SROKA Produktkatalog"},"content":{"rendered":"<div class=\"titre-text-cta-container\">\n      <h2 class=\"titre-text-cta-titre sommaire-titles\">Wir entwickeln, kreieren und teilen unsere Leidenschaft mit Ihnen<\/h2>\n    <div class=\"titre-text-cta-text\"><h3 id=\"anchor-602bd4043cb12\" style=\"text-align: center\">2021<\/h3>\n<p>L&#8217;ann\u00e9e 2021 a \u00e9t\u00e9\u00a0 marqu\u00e9e par le d\u00e9veloppement de notre gamme Wingfoil. Ce nouveau support si magique et intriguant en fait un de nos produits best-sellers de cette ann\u00e9e. Chaque produit est test\u00e9 et d\u00e9velopp\u00e9 par notre \u00e9quipe en Bretagne. Nous portons une grande attention \u00e0 d\u00e9velopper les produits les plus adapt\u00e9s et les plus durables dans le temps. Passionn\u00e9s, nous y mettons toutes notre \u00e9nergie et savoir faire.<\/p>\n<p>La passion drive notre philosophie de marque. Ce <strong>catalogue des produits<\/strong> refl\u00e8te notre mani\u00e8re de vivre notre passion et de la partager avec vous. Nous restons \u00e0 l&#8217;\u00e9coute de vos besoins et essayons sens cesse de nous am\u00e9liorer en r\u00e9pondant \u00e0 vos besoins.<\/p>\n<div id=\"attachment_31047\" style=\"width: 246px\" class=\"wp-caption aligncenter\"><a href=\"https:\/\/srokacompany.com\/wp-content\/uploads\/2021\/02\/Catalogue-Sroka-2021.pdf\" target=\"_blank\" rel=\"noopener\"><img decoding=\"async\" aria-describedby=\"caption-attachment-31047\" class=\"wp-image-31047\" src=\"https:\/\/srokacompany.com\/wp-content\/uploads\/2021\/02\/Catalogue-Sroka-scaled.jpg\" alt=\"\" width=\"236\" height=\"335\" srcset=\"https:\/\/srokacompany.com\/wp-content\/uploads\/2021\/02\/Catalogue-Sroka-scaled.jpg 1809w, https:\/\/srokacompany.com\/wp-content\/uploads\/2021\/02\/Catalogue-Sroka-212x300.jpg 212w, https:\/\/srokacompany.com\/wp-content\/uploads\/2021\/02\/Catalogue-Sroka-724x1024.jpg 724w, https:\/\/srokacompany.com\/wp-content\/uploads\/2021\/02\/Catalogue-Sroka-768x1087.jpg 768w, https:\/\/srokacompany.com\/wp-content\/uploads\/2021\/02\/Catalogue-Sroka-1086x1536.jpg 1086w, https:\/\/srokacompany.com\/wp-content\/uploads\/2021\/02\/Catalogue-Sroka-1447x2048.jpg 1447w, https:\/\/srokacompany.com\/wp-content\/uploads\/2021\/02\/Catalogue-Sroka-600x849.jpg 600w\" sizes=\"(max-width: 236px) 100vw, 236px\" \/><\/a><p id=\"caption-attachment-31047\" class=\"wp-caption-text\">Catalogue Sroka 2021 &#8211; CLIQUEZ SUR LE CATALOGUE POUR LE T\u00c9L\u00c9CHARGER<\/p><\/div>\n<h3 id=\"anchor-602bd2bb29f19\" style=\"text-align: center\">2020<\/h3>\n<p>&nbsp;<\/p>\n<div id=\"attachment_24166\" style=\"width: 223px\" class=\"wp-caption aligncenter\"><a href=\"https:\/\/drive.google.com\/file\/d\/1q9l7Y-EZ4R7eahJiMsdUb3h825H7TCug\/view?usp=sharing\"><img decoding=\"async\" aria-describedby=\"caption-attachment-24166\" class=\"wp-image-24166 size-full\" title=\"Catalogue SROKA Company 2020\" src=\"https:\/\/srokacompany.com\/wp-content\/uploads\/2020\/07\/catalogue-SROKA-2020.jpg\" alt=\"\" width=\"213\" height=\"296\" \/><\/a><p id=\"caption-attachment-24166\" class=\"wp-caption-text\">T\u00e9l\u00e9chargez le catalogue des produits Sroka 2020<\/p><\/div>\n<p>&nbsp;<\/p>\n<p>Pour plus d&#8217;informations sur nos produits, cliquez sur les liens suivants: <a href=\"https:\/\/srokacompany.com\/de\/produkt\/aufblasbares-paddel-easy\/\">Stand up paddle gonflable<\/a>, <a href=\"https:\/\/srokacompany.com\/blog\/wing-foil-a-lanzarote\/\">Wingfoil<\/a>, <a href=\"https:\/\/srokacompany.com\/de\/\">kitefoil<\/a>, <a href=\"https:\/\/srokacompany.com\/de\/\">Supfoil<\/a>, <a href=\"https:\/\/srokacompany.com\/de\/eshop\/surf-foil-de\/\">Surffoil<\/a>, <a href=\"https:\/\/srokacompany.com\/de\/\">Windfoil<\/a>, <a href=\"https:\/\/srokacompany.com\/de\/\">Kitesurf<\/a><\/p>\n<p>&nbsp;<\/p>\n<p>&nbsp;<\/p>\n<h3 id=\"anchor-602bd2bb29f22\" style=\"text-align: center\">2019<\/h3>\n<div id=\"attachment_8544\" style=\"width: 223px\" class=\"wp-caption alignright\"><a href=\"https:\/\/issuu.com\/srokashop\/docs\/sroka_catalogue_2019_fr_web\" target=\"_blank\" rel=\"noopener noreferrer\"><img decoding=\"async\" aria-describedby=\"caption-attachment-8544\" class=\"wp-image-8544 size-medium\" src=\"https:\/\/srokacompany.com\/wp-content\/uploads\/2019\/02\/couverture-catalogue-2019-213x300.jpg\" alt=\"Catalogue des produits Sroka 2019\" width=\"213\" height=\"300\" srcset=\"https:\/\/srokacompany.com\/wp-content\/uploads\/2019\/02\/couverture-catalogue-2019-213x300.jpg 213w, https:\/\/srokacompany.com\/wp-content\/uploads\/2019\/02\/couverture-catalogue-2019-600x847.jpg 600w, https:\/\/srokacompany.com\/wp-content\/uploads\/2019\/02\/couverture-catalogue-2019-726x1024.jpg 726w, https:\/\/srokacompany.com\/wp-content\/uploads\/2019\/02\/couverture-catalogue-2019.jpg 749w\" sizes=\"(max-width: 213px) 100vw, 213px\" \/><\/a><p id=\"caption-attachment-8544\" class=\"wp-caption-text\">Visionnez en ligne le catalogue Sroka 2019<\/p><\/div>\n<div id=\"attachment_8544\" style=\"width: 223px\" class=\"wp-caption alignleft\"><a href=\"https:\/\/drive.google.com\/file\/d\/1XdKwGOSTq7VMthag94jJe2-k3bqB65Kc\/view\" target=\"_blank\" rel=\"noopener noreferrer\"><img decoding=\"async\" aria-describedby=\"caption-attachment-8544\" class=\"wp-image-8544 size-medium\" src=\"https:\/\/srokacompany.com\/wp-content\/uploads\/2019\/02\/couverture-catalogue-2019-213x300.jpg\" alt=\"Catalogue des produits Sroka 2019\" width=\"213\" height=\"300\" srcset=\"https:\/\/srokacompany.com\/wp-content\/uploads\/2019\/02\/couverture-catalogue-2019-213x300.jpg 213w, https:\/\/srokacompany.com\/wp-content\/uploads\/2019\/02\/couverture-catalogue-2019-600x847.jpg 600w, https:\/\/srokacompany.com\/wp-content\/uploads\/2019\/02\/couverture-catalogue-2019-726x1024.jpg 726w, https:\/\/srokacompany.com\/wp-content\/uploads\/2019\/02\/couverture-catalogue-2019.jpg 749w\" sizes=\"(max-width: 213px) 100vw, 213px\" \/><\/a><p id=\"caption-attachment-8544\" class=\"wp-caption-text\">T\u00e9l\u00e9chargez le catalogue des produits Sroka 2019<\/p><\/div>\n<p>&nbsp;<\/p>\n<p>&nbsp;<\/p>\n<p>&nbsp;<\/p>\n<h3 id=\"anchor-602bd2bb29f29\" style=\"text-align: center\">2018<\/h3>\n<div id=\"attachment_1731\" style=\"width: 235px\" class=\"wp-caption alignleft\"><a href=\"https:\/\/drive.google.com\/file\/d\/1c9AVzBOT-dvNdkfinZIpy6kYHl6gnzfH\/view\" target=\"_blank\" rel=\"noopener noreferrer\"><img decoding=\"async\" aria-describedby=\"caption-attachment-1731\" class=\"wp-image-1731 size-medium\" src=\"https:\/\/srokacompany.com\/wp-content\/uploads\/2018\/03\/brochure-225x300.jpg\" alt=\"couverture du catalogue des produits Sroka 2018\" width=\"225\" height=\"300\" srcset=\"https:\/\/srokacompany.com\/wp-content\/uploads\/2018\/03\/brochure-225x300.jpg 225w, https:\/\/srokacompany.com\/wp-content\/uploads\/2018\/03\/brochure-600x800.jpg 600w, https:\/\/srokacompany.com\/wp-content\/uploads\/2018\/03\/brochure-768x1024.jpg 768w, https:\/\/srokacompany.com\/wp-content\/uploads\/2018\/03\/brochure.jpg 780w\" sizes=\"(max-width: 225px) 100vw, 225px\" \/><\/a><p id=\"caption-attachment-1731\" class=\"wp-caption-text\">T\u00e9l\u00e9chargez le catalogue Sroka 2018<\/p><\/div>\n<\/div>\n  <\/div>\n<p><\/p>\n","protected":false},"excerpt":{"rendered":"","protected":false},"author":4,"featured_media":0,"parent":0,"menu_order":0,"comment_status":"closed","ping_status":"closed","template":"","meta":{"_acf_changed":false,"_uag_custom_page_level_css":"","footnotes":""},"class_list":["post-337220","page","type-page","status-publish","hentry"],"acf":[],"yoast_head":"<!-- This site is optimized with the Yoast SEO plugin v27.4 - https:\/\/yoast.com\/product\/yoast-seo-wordpress\/ -->\n<title>SROKA Produktkatalog - SROKA Company<\/title>\n<meta name=\"description\" content=\"Wir entwickeln f\u00fcr Sie Produkte an unseren bretonischen K\u00fcsten. Diese Seite verweist auf die Kataloge der SROKA-Produkte der letzten drei Jahre\" \/>\n<meta name=\"robots\" content=\"noindex, nofollow\" \/>\n<meta property=\"og:locale\" content=\"de_DE\" \/>\n<meta property=\"og:type\" content=\"article\" \/>\n<meta property=\"og:title\" content=\"SROKA Produktkatalog - SROKA Company\" \/>\n<meta property=\"og:description\" content=\"Wir entwickeln f\u00fcr Sie Produkte an unseren bretonischen K\u00fcsten. Diese Seite verweist auf die Kataloge der SROKA-Produkte der letzten drei Jahre\" \/>\n<meta property=\"og:url\" content=\"https:\/\/srokacompany.com\/de\/sroka-produktkatalog\/\" \/>\n<meta property=\"og:site_name\" content=\"SROKA Company\" \/>\n<meta property=\"article:publisher\" content=\"https:\/\/www.facebook.com\/srokawatersports\/\" \/>\n<meta property=\"article:modified_time\" content=\"2025-06-26T07:17:23+00:00\" \/>\n<script type=\"application\/ld+json\" class=\"yoast-schema-graph\">{\"@context\":\"https:\\\/\\\/schema.org\",\"@graph\":[{\"@type\":\"WebPage\",\"@id\":\"https:\\\/\\\/srokacompany.com\\\/de\\\/sroka-produktkatalog\\\/\",\"url\":\"https:\\\/\\\/srokacompany.com\\\/de\\\/sroka-produktkatalog\\\/\",\"name\":\"SROKA Produktkatalog - SROKA Company\",\"isPartOf\":{\"@id\":\"https:\\\/\\\/srokacompany.com\\\/de\\\/#website\"},\"datePublished\":\"2018-03-09T14:20:50+00:00\",\"dateModified\":\"2025-06-26T07:17:23+00:00\",\"description\":\"Wir entwickeln f\u00fcr Sie Produkte an unseren bretonischen K\u00fcsten. Diese Seite verweist auf die Kataloge der SROKA-Produkte der letzten drei Jahre\",\"breadcrumb\":{\"@id\":\"https:\\\/\\\/srokacompany.com\\\/de\\\/sroka-produktkatalog\\\/#breadcrumb\"},\"inLanguage\":\"de\",\"potentialAction\":[{\"@type\":\"ReadAction\",\"target\":[\"https:\\\/\\\/srokacompany.com\\\/de\\\/sroka-produktkatalog\\\/\"]}]},{\"@type\":\"BreadcrumbList\",\"@id\":\"https:\\\/\\\/srokacompany.com\\\/de\\\/sroka-produktkatalog\\\/#breadcrumb\",\"itemListElement\":[{\"@type\":\"ListItem\",\"position\":1,\"name\":\"Accueil\",\"item\":\"https:\\\/\\\/srokacompany.com\\\/de\\\/\"},{\"@type\":\"ListItem\",\"position\":2,\"name\":\"SROKA Produktkatalog\"}]},{\"@type\":\"WebSite\",\"@id\":\"https:\\\/\\\/srokacompany.com\\\/de\\\/#website\",\"url\":\"https:\\\/\\\/srokacompany.com\\\/de\\\/\",\"name\":\"SROKA Company\",\"description\":\"SUP, Kite, Foil, Wing\",\"publisher\":{\"@id\":\"https:\\\/\\\/srokacompany.com\\\/de\\\/#organization\"},\"potentialAction\":[{\"@type\":\"SearchAction\",\"target\":{\"@type\":\"EntryPoint\",\"urlTemplate\":\"https:\\\/\\\/srokacompany.com\\\/de\\\/?s={search_term_string}\"},\"query-input\":{\"@type\":\"PropertyValueSpecification\",\"valueRequired\":true,\"valueName\":\"search_term_string\"}}],\"inLanguage\":\"de\"},{\"@type\":\"Organization\",\"@id\":\"https:\\\/\\\/srokacompany.com\\\/de\\\/#organization\",\"name\":\"SROKACOMPANY\",\"alternateName\":\"SROKA\",\"url\":\"https:\\\/\\\/srokacompany.com\\\/de\\\/\",\"logo\":{\"@type\":\"ImageObject\",\"inLanguage\":\"de\",\"@id\":\"https:\\\/\\\/srokacompany.com\\\/de\\\/#\\\/schema\\\/logo\\\/image\\\/\",\"url\":\"https:\\\/\\\/srokacompany.com\\\/wp-content\\\/uploads\\\/2021\\\/01\\\/logo-sroka-black-transpa.png\",\"contentUrl\":\"https:\\\/\\\/srokacompany.com\\\/wp-content\\\/uploads\\\/2021\\\/01\\\/logo-sroka-black-transpa.png\",\"width\":1201,\"height\":342,\"caption\":\"SROKACOMPANY\"},\"image\":{\"@id\":\"https:\\\/\\\/srokacompany.com\\\/de\\\/#\\\/schema\\\/logo\\\/image\\\/\"},\"sameAs\":[\"https:\\\/\\\/www.facebook.com\\\/srokawatersports\\\/\",\"https:\\\/\\\/www.instagram.com\\\/srokawatersports\\\/\",\"https:\\\/\\\/www.youtube.com\\\/channel\\\/UCVLHHeaPIm-J5bdEUgxqtZA\"]}]}<\/script>\n<!-- \/ Yoast SEO plugin. -->","yoast_head_json":{"title":"SROKA Produktkatalog - SROKA Company","description":"Wir entwickeln f\u00fcr Sie Produkte an unseren bretonischen K\u00fcsten. Diese Seite verweist auf die Kataloge der SROKA-Produkte der letzten drei Jahre","robots":{"index":"noindex","follow":"nofollow"},"og_locale":"de_DE","og_type":"article","og_title":"SROKA Produktkatalog - SROKA Company","og_description":"Wir entwickeln f\u00fcr Sie Produkte an unseren bretonischen K\u00fcsten. Diese Seite verweist auf die Kataloge der SROKA-Produkte der letzten drei Jahre","og_url":"https:\/\/srokacompany.com\/de\/sroka-produktkatalog\/","og_site_name":"SROKA Company","article_publisher":"https:\/\/www.facebook.com\/srokawatersports\/","article_modified_time":"2025-06-26T07:17:23+00:00","schema":{"@context":"https:\/\/schema.org","@graph":[{"@type":"WebPage","@id":"https:\/\/srokacompany.com\/de\/sroka-produktkatalog\/","url":"https:\/\/srokacompany.com\/de\/sroka-produktkatalog\/","name":"SROKA Produktkatalog - SROKA Company","isPartOf":{"@id":"https:\/\/srokacompany.com\/de\/#website"},"datePublished":"2018-03-09T14:20:50+00:00","dateModified":"2025-06-26T07:17:23+00:00","description":"Wir entwickeln f\u00fcr Sie Produkte an unseren bretonischen K\u00fcsten. Diese Seite verweist auf die Kataloge der SROKA-Produkte der letzten drei Jahre","breadcrumb":{"@id":"https:\/\/srokacompany.com\/de\/sroka-produktkatalog\/#breadcrumb"},"inLanguage":"de","potentialAction":[{"@type":"ReadAction","target":["https:\/\/srokacompany.com\/de\/sroka-produktkatalog\/"]}]},{"@type":"BreadcrumbList","@id":"https:\/\/srokacompany.com\/de\/sroka-produktkatalog\/#breadcrumb","itemListElement":[{"@type":"ListItem","position":1,"name":"Accueil","item":"https:\/\/srokacompany.com\/de\/"},{"@type":"ListItem","position":2,"name":"SROKA Produktkatalog"}]},{"@type":"WebSite","@id":"https:\/\/srokacompany.com\/de\/#website","url":"https:\/\/srokacompany.com\/de\/","name":"SROKA Company","description":"SUP, Kite, Foil, Wing","publisher":{"@id":"https:\/\/srokacompany.com\/de\/#organization"},"potentialAction":[{"@type":"SearchAction","target":{"@type":"EntryPoint","urlTemplate":"https:\/\/srokacompany.com\/de\/?s={search_term_string}"},"query-input":{"@type":"PropertyValueSpecification","valueRequired":true,"valueName":"search_term_string"}}],"inLanguage":"de"},{"@type":"Organization","@id":"https:\/\/srokacompany.com\/de\/#organization","name":"SROKACOMPANY","alternateName":"SROKA","url":"https:\/\/srokacompany.com\/de\/","logo":{"@type":"ImageObject","inLanguage":"de","@id":"https:\/\/srokacompany.com\/de\/#\/schema\/logo\/image\/","url":"https:\/\/srokacompany.com\/wp-content\/uploads\/2021\/01\/logo-sroka-black-transpa.png","contentUrl":"https:\/\/srokacompany.com\/wp-content\/uploads\/2021\/01\/logo-sroka-black-transpa.png","width":1201,"height":342,"caption":"SROKACOMPANY"},"image":{"@id":"https:\/\/srokacompany.com\/de\/#\/schema\/logo\/image\/"},"sameAs":["https:\/\/www.facebook.com\/srokawatersports\/","https:\/\/www.instagram.com\/srokawatersports\/","https:\/\/www.youtube.com\/channel\/UCVLHHeaPIm-J5bdEUgxqtZA"]}]}},"uagb_featured_image_src":{"full":false,"thumbnail":false,"medium":false,"medium_large":false,"large":false,"1536x1536":false,"2048x2048":false,"woocommerce_thumbnail":false,"woocommerce_single":false,"woocommerce_gallery_thumbnail":false,"dgwt-wcas-product-suggestion":false},"uagb_author_info":{"display_name":"Bruno Sroka","author_link":"https:\/\/srokacompany.com\/de\/blog\/author\/bruno\/"},"uagb_comment_info":0,"uagb_excerpt":null,"jetpack_sharing_enabled":true,"_links":{"self":[{"href":"https:\/\/srokacompany.com\/de\/wp-json\/wp\/v2\/pages\/337220","targetHints":{"allow":["GET"]}}],"collection":[{"href":"https:\/\/srokacompany.com\/de\/wp-json\/wp\/v2\/pages"}],"about":[{"href":"https:\/\/srokacompany.com\/de\/wp-json\/wp\/v2\/types\/page"}],"author":[{"embeddable":true,"href":"https:\/\/srokacompany.com\/de\/wp-json\/wp\/v2\/users\/4"}],"replies":[{"embeddable":true,"href":"https:\/\/srokacompany.com\/de\/wp-json\/wp\/v2\/comments?post=337220"}],"version-history":[{"count":1,"href":"https:\/\/srokacompany.com\/de\/wp-json\/wp\/v2\/pages\/337220\/revisions"}],"predecessor-version":[{"id":337228,"href":"https:\/\/srokacompany.com\/de\/wp-json\/wp\/v2\/pages\/337220\/revisions\/337228"}],"wp:attachment":[{"href":"https:\/\/srokacompany.com\/de\/wp-json\/wp\/v2\/media?parent=337220"}],"curies":[{"name":"wp","href":"https:\/\/api.w.org\/{rel}","templated":true}]}}