{"id":337330,"date":"2023-11-07T10:03:04","date_gmt":"2023-11-07T08:03:04","guid":{"rendered":"https:\/\/srokacompany.com\/botschafter\/"},"modified":"2025-09-30T16:27:58","modified_gmt":"2025-09-30T14:27:58","slug":"botschafter","status":"publish","type":"page","link":"https:\/\/srokacompany.com\/de\/botschafter\/","title":{"rendered":""},"content":{"rendered":"\n<style>\n  @media screen and (min-width: 1200px) {\n    .home-banner-section-mobile {\n      display: none;\n    }\n  }\n\n  @media screen and (max-width: 1199px) {\n    .home-banner-section-mobile {\n      display: block !important;\n    }\n\t  .home-banner-section {\n      display: none;\n    }\n  }\n<\/style>\n\n<div class=\"home-banner-section\" style=\"background-image: url(https:\/\/srokacompany.com\/wp-content\/uploads\/2019\/02\/22-06-18-SROKA-STAND-UP-PADDLE-GIRLY-LE-MORNE-MAURITIUS-6-scaled.jpg)\">\n  <!-- <div class=\"top-bar\">\n    <input type=\"text\" class=\"search-bar\" placeholder=\"Rechercher\" \/>\n    <div class=\"home-banner-cta contact-us\">\n      <a href=\"#\">\n        <span class=\"not-display-phone\">Nous contacter<\/span>\n      <\/a>\n    <\/div>\n  <\/div> -->\n  <div class=\"home-banner-texts\">\n    <h1>Botschafter<\/h1>\n    <div class=\"home-banner-description h3\">Pourquoi devenir ambassadeur de la marque SROKA<\/div>\n      <\/div>\n  <\/div>\n<div class=\"home-banner-section home-banner-section-mobile\" style=\"background-image: url(https:\/\/srokacompany.com\/wp-content\/uploads\/2019\/02\/22-06-18-SROKA-STAND-UP-PADDLE-GIRLY-LE-MORNE-MAURITIUS-6-scaled.jpg)\">\n  <!-- <div class=\"top-bar\">\n    <input type=\"text\" class=\"search-bar\" placeholder=\"Rechercher\" \/>\n    <div class=\"home-banner-cta contact-us\">\n      <a href=\"#\">\n        <span class=\"not-display-phone\">Nous contacter<\/span>\n      <\/a>\n    <\/div>\n  <\/div> -->\n  <div class=\"home-banner-texts\">\n    <h1>Botschafter<\/h1>\n    <div class=\"home-banner-description h3\">Pourquoi devenir ambassadeur de la marque SROKA<\/div>\n      <\/div>\n  <\/div><div class=\"image-annotation-text-container image-annotation-text-left\">\n  <div class=\"image-annotation-text-img\">\n        \n    <img decoding=\"async\" src=\"https:\/\/srokacompany.com\/wp-content\/uploads\/2025\/05\/DSC06959-Panorama-scaled.jpg\" alt=\"\" \/>\n  <\/div>\n  <div class=\"image-annotation-text-text-container\">\n          <h2 class=\"image-annotation-text-title sommaire-titles\">\n\n        Die Rolle des SROKA-Botschafters      <\/h2>\n        <div class=\"image-annotation-text-description\"><p><!-- wp:paragraph -->En tant qu\u2019ambassadeur SROKA Company, vous incarnez la passion de la glisse et partagez nos valeurs d\u2019innovation, de qualit\u00e9 et d\u2019accessibilit\u00e9. V\u00e9ritable relais de notre marque, vous faites d\u00e9couvrir l\u2019univers SROKA \u00e0 votre communaut\u00e9, testez nos nouveaut\u00e9s et inspirez d\u2019autres riders \u00e0 vivre l\u2019aventure sur l\u2019eau. Votre mission : repr\u00e9senter SROKA lors de vos sessions, sur les r\u00e9seaux sociaux, en \u00e9v\u00e9nements et dans la vie quotidienne, tout en faisant rayonner la qualit\u00e9 et l\u2019esprit familial de notre marque<\/p>\n<p><!-- \/wp:paragraph --><!-- wp:heading --><\/p>\n<h2 class=\"wp-block-heading\">Les b\u00e9n\u00e9fices pour nos ambassadeurs<\/h2>\n<p><!-- \/wp:heading --><!-- wp:list --><\/p>\n<ul class=\"wp-block-list\">\n<li style=\"list-style-type: none\">\n<ul class=\"wp-block-list\"><!-- wp:list-item --><\/p>\n<li><strong>Acc\u00e8s privil\u00e9gi\u00e9<\/strong>\u00a0: recevez en avant-premi\u00e8re nos nouveaux produits et testez-les avant tout le monde.<\/li>\n<\/ul>\n<\/li>\n<\/ul>\n<p><!-- \/wp:list-item --> <!-- wp:list-item --><\/p>\n<ul class=\"wp-block-list\">\n<li style=\"list-style-type: none\">\n<ul class=\"wp-block-list\">\n<li><strong>Mat\u00e9riel \u00e0 tarif pr\u00e9f\u00e9rentiel<\/strong>\u00a0: b\u00e9n\u00e9ficiez d\u2019\u00e9quipements exclusifs, de remises sp\u00e9ciales ou de packs ambassadeur.<\/li>\n<\/ul>\n<\/li>\n<\/ul>\n<p><!-- \/wp:list-item --> <!-- wp:list-item --><\/p>\n<ul class=\"wp-block-list\">\n<li style=\"list-style-type: none\">\n<ul class=\"wp-block-list\">\n<li><strong>Participation \u00e0 la vie de la marque<\/strong>\u00a0: int\u00e9grez notre groupe ambassadeur, \u00e9changez avec l\u2019\u00e9quipe SROKA, donnez votre avis sur les futurs produits et influencez nos choix de d\u00e9veloppement.<\/li>\n<\/ul>\n<\/li>\n<\/ul>\n<p><!-- \/wp:list-item --> <!-- wp:list-item --><\/p>\n<ul class=\"wp-block-list\">\n<li style=\"list-style-type: none\">\n<ul class=\"wp-block-list\">\n<li><strong>Visibilit\u00e9 et reconnaissance<\/strong>\u00a0: soyez mis en avant sur nos r\u00e9seaux sociaux, notre site et lors d\u2019\u00e9v\u00e9nements partenaires.<\/li>\n<\/ul>\n<\/li>\n<\/ul>\n<p><!-- \/wp:list-item --> <!-- wp:list-item --><\/p>\n<ul class=\"wp-block-list\">\n<li style=\"list-style-type: none\">\n<ul class=\"wp-block-list\">\n<li><strong>Exp\u00e9riences exclusives<\/strong>\u00a0: invitations \u00e0 des journ\u00e9es tests, shootings, tests produits et rencontres avec d\u2019autres passionn\u00e9s de la communaut\u00e9.<\/li>\n<\/ul>\n<\/li>\n<\/ul>\n<p><!-- \/wp:list-item --> <!-- wp:list-item --><\/p>\n<ul class=\"wp-block-list\">\n<li style=\"list-style-type: none\">\n<ul class=\"wp-block-list\">\n<li><strong>R\u00e9seau et entraide<\/strong>\u00a0: rejoignez une communaut\u00e9 soud\u00e9e de riders et partagez vos exp\u00e9riences, conseils et spots favoris.<\/li>\n<\/ul>\n<\/li>\n<\/ul>\n<p><!-- \/wp:list-item --> <!-- wp:list-item --><\/p>\n<ul class=\"wp-block-list\">\n<li style=\"list-style-type: none\">\n<ul class=\"wp-block-list\">\n<li><strong>Opportunit\u00e9s de croissance<\/strong>\u00a0: d\u00e9veloppez vos comp\u00e9tences en cr\u00e9ation de contenu, gagnez en cr\u00e9dibilit\u00e9 et en notori\u00e9t\u00e9 dans le monde de la glisse<\/li>\n<\/ul>\n<\/li>\n<\/ul>\n<p><!-- \/wp:list-item --> <!-- wp:list-item --><\/p>\n<ul class=\"wp-block-list\">\n<li style=\"list-style-type: none\">\n<ul class=\"wp-block-list\">\n<li><strong>Aidez nous \u00e0 faire grossir le nombre de pratiquants SROKA<\/strong> en faisant tester votre mat\u00e9riel, en \u00e9changeant avec votre communaut\u00e9.<\/li>\n<\/ul>\n<\/li>\n<\/ul>\n<p><!-- \/wp:list-item --><!-- \/wp:list --><\/p>\n<\/div>\n          <\/div>\n<\/div><div class=\"image-annotation-text-container image-annotation-text-right\">\n  <div class=\"image-annotation-text-img\">\n        \n    <img decoding=\"async\" src=\"https:\/\/srokacompany.com\/wp-content\/uploads\/2023\/01\/210925-WakeFoil-Sroka-Drone-287-scaled-1.jpg\" alt=\"WakeFoil Sroka Drone\" \/>\n  <\/div>\n  <div class=\"image-annotation-text-text-container\">\n          <h2 class=\"image-annotation-text-title sommaire-titles\">\n\n        Die Verpflichtungen von Botschafter SROKA      <\/h2>\n        <div class=\"image-annotation-text-description\"><p><!-- wp:list --><\/p>\n<ul class=\"wp-block-list\">\n<li style=\"list-style-type: none\">\n<ul class=\"wp-block-list\"><!-- wp:list-item --><\/p>\n<li><strong>Repr\u00e9senter la marque<\/strong>\u00a0avec enthousiasme et authenticit\u00e9, en respectant nos valeurs et notre image et nos produits.<\/li>\n<\/ul>\n<\/li>\n<\/ul>\n<p><!-- \/wp:list-item --> <!-- wp:list-item --><\/p>\n<ul class=\"wp-block-list\">\n<li style=\"list-style-type: none\">\n<ul class=\"wp-block-list\">\n<li><strong>Cr\u00e9er et partager du contenu<\/strong>\u00a0de qualit\u00e9 (photos, vid\u00e9os, stories) mettant en avant les produits SROKA lors de vos sessions, sur vos r\u00e9seaux sociaux et aupr\u00e8s de votre communaut\u00e9.<\/li>\n<\/ul>\n<\/li>\n<\/ul>\n<p><!-- \/wp:list-item --> <!-- wp:list-item --><\/p>\n<ul class=\"wp-block-list\">\n<li style=\"list-style-type: none\">\n<ul class=\"wp-block-list\">\n<li><strong>\u00catre actif dans la communaut\u00e9<\/strong> en participant aux discussions, groupes ou forums, \u00e9changer avec les autres membres et aider \u00e0 animer la communaut\u00e9 et mettre en avant la Marque SROKA (sans d\u00e9nigrer les autres marques).<\/li>\n<\/ul>\n<\/li>\n<\/ul>\n<p><!-- \/wp:list-item --> <!-- wp:list-item --><\/p>\n<ul class=\"wp-block-list\">\n<li style=\"list-style-type: none\">\n<ul class=\"wp-block-list\">\n<li><strong>Donner des retours constructifs<\/strong>\u00a0sur les produits test\u00e9s et partager vos suggestions d\u2019am\u00e9lioration avec notre \u00e9quipe.<\/li>\n<\/ul>\n<\/li>\n<\/ul>\n<p><!-- \/wp:list-item --> <!-- wp:list-item --><\/p>\n<ul class=\"wp-block-list\">\n<li style=\"list-style-type: none\">\n<ul class=\"wp-block-list\">\n<li><strong>Promouvoir la marque<\/strong>\u00a0lors d\u2019\u00e9v\u00e9nements, comp\u00e9titions, rencontres et aupr\u00e8s de votre r\u00e9seau ou tout simplement par le partage sur les plans d&#8217;eau, sur la plage. Adopter une attitude positive, respectueuse et bienveillante, en accord avec les valeurs de la marque.<\/li>\n<\/ul>\n<\/li>\n<\/ul>\n<p><!-- \/wp:list-item --> <!-- wp:list-item --><\/p>\n<ul class=\"wp-block-list\">\n<li style=\"list-style-type: none\">\n<ul class=\"wp-block-list\">\n<li><strong>Respecter l\u2019\u00e9thique sportive<\/strong>\u00a0et l\u2019esprit d\u2019entraide qui font la force de SROKA Company.<\/li>\n<\/ul>\n<\/li>\n<\/ul>\n<p><!-- \/wp:list-item --><!-- \/wp:list --><\/p>\n<\/div>\n          <div class=\"image-annotation-text-annotation\">\n                  <h3 class='anotation-title-container'>\n                        Bist du bereit, dich dem SROKA-Abenteuer anzuschlie\u00dfen?          <\/h3>\n                <p><p>Si vous \u00eates passionn\u00e9 de glisse, cr\u00e9atif, engag\u00e9 et souhaitez vivre une exp\u00e9rience unique au sein d\u2019une marque innovante, postulez pour devenir ambassadeur SROKA Company. Ensemble, partageons la passion de l\u2019eau et faisons grandir la communaut\u00e9 SROKA !<\/p>\n<p>Envoyez nous un email sur <strong>contact@srokacompany.com <\/strong>et commen\u00e7ons une nouvelle aventure ensemble !<\/p>\n<p><!-- \/wp:paragraph --><\/p>\n<\/p>\n      <\/div>\n          <\/div>\n<\/div>\n<h2 class=\"wp-block-heading\"><\/h2>\n","protected":false},"excerpt":{"rendered":"","protected":false},"author":722,"featured_media":337333,"parent":0,"menu_order":0,"comment_status":"closed","ping_status":"closed","template":"","meta":{"_acf_changed":false,"_uag_custom_page_level_css":"","footnotes":""},"class_list":["post-337330","page","type-page","status-publish","has-post-thumbnail","hentry"],"acf":[],"yoast_head":"<!-- This site is optimized with the Yoast SEO plugin v27.4 - https:\/\/yoast.com\/product\/yoast-seo-wordpress\/ -->\n<title>- SROKA Company<\/title>\n<meta name=\"description\" content=\"Werde SROKA-Botschafter: Erlebe deinen Surf-Spirit, teste neue Produkte, teile deine Abenteuer und repr\u00e4sentiere unsere Marke. Genie\u00dfe exklusive Vorteile, Sichtbarkeit, eine engagierte Community und au\u00dfergew\u00f6hnliche Entwicklungschancen.\" \/>\n<meta name=\"robots\" content=\"index, follow, max-snippet:-1, max-image-preview:large, max-video-preview:-1\" \/>\n<link rel=\"canonical\" href=\"https:\/\/srokacompany.com\/de\/botschafter\/\" \/>\n<meta property=\"og:locale\" content=\"de_DE\" \/>\n<meta property=\"og:type\" content=\"article\" \/>\n<meta property=\"og:title\" content=\"- SROKA Company\" \/>\n<meta property=\"og:description\" content=\"Werde SROKA-Botschafter: Erlebe deinen Surf-Spirit, teste neue Produkte, teile deine Abenteuer und repr\u00e4sentiere unsere Marke. Genie\u00dfe exklusive Vorteile, Sichtbarkeit, eine engagierte Community und au\u00dfergew\u00f6hnliche Entwicklungschancen.\" \/>\n<meta property=\"og:url\" content=\"https:\/\/srokacompany.com\/de\/botschafter\/\" \/>\n<meta property=\"og:site_name\" content=\"SROKA Company\" \/>\n<meta property=\"article:publisher\" content=\"https:\/\/www.facebook.com\/srokawatersports\/\" \/>\n<meta property=\"article:modified_time\" content=\"2025-09-30T14:27:58+00:00\" \/>\n<meta property=\"og:image\" content=\"https:\/\/srokacompany.com\/wp-content\/uploads\/2019\/02\/22-06-18-SROKA-STAND-UP-PADDLE-GIRLY-LE-MORNE-MAURITIUS-6-scaled.jpg\" \/>\n\t<meta property=\"og:image:width\" content=\"1708\" \/>\n\t<meta property=\"og:image:height\" content=\"2560\" \/>\n\t<meta property=\"og:image:type\" content=\"image\/jpeg\" \/>\n<script type=\"application\/ld+json\" class=\"yoast-schema-graph\">{\"@context\":\"https:\\\/\\\/schema.org\",\"@graph\":[{\"@type\":\"WebPage\",\"@id\":\"https:\\\/\\\/srokacompany.com\\\/de\\\/botschafter\\\/\",\"url\":\"https:\\\/\\\/srokacompany.com\\\/de\\\/botschafter\\\/\",\"name\":\"- SROKA Company\",\"isPartOf\":{\"@id\":\"https:\\\/\\\/srokacompany.com\\\/de\\\/#website\"},\"primaryImageOfPage\":{\"@id\":\"https:\\\/\\\/srokacompany.com\\\/de\\\/botschafter\\\/#primaryimage\"},\"image\":{\"@id\":\"https:\\\/\\\/srokacompany.com\\\/de\\\/botschafter\\\/#primaryimage\"},\"thumbnailUrl\":\"https:\\\/\\\/srokacompany.com\\\/wp-content\\\/uploads\\\/2019\\\/02\\\/22-06-18-SROKA-STAND-UP-PADDLE-GIRLY-LE-MORNE-MAURITIUS-6-scaled.jpg\",\"datePublished\":\"2023-11-07T08:03:04+00:00\",\"dateModified\":\"2025-09-30T14:27:58+00:00\",\"description\":\"Werde SROKA-Botschafter: Erlebe deinen Surf-Spirit, teste neue Produkte, teile deine Abenteuer und repr\u00e4sentiere unsere Marke. Genie\u00dfe exklusive Vorteile, Sichtbarkeit, eine engagierte Community und au\u00dfergew\u00f6hnliche Entwicklungschancen.\",\"inLanguage\":\"de\",\"potentialAction\":[{\"@type\":\"ReadAction\",\"target\":[\"https:\\\/\\\/srokacompany.com\\\/de\\\/botschafter\\\/\"]}]},{\"@type\":\"ImageObject\",\"inLanguage\":\"de\",\"@id\":\"https:\\\/\\\/srokacompany.com\\\/de\\\/botschafter\\\/#primaryimage\",\"url\":\"https:\\\/\\\/srokacompany.com\\\/wp-content\\\/uploads\\\/2019\\\/02\\\/22-06-18-SROKA-STAND-UP-PADDLE-GIRLY-LE-MORNE-MAURITIUS-6-scaled.jpg\",\"contentUrl\":\"https:\\\/\\\/srokacompany.com\\\/wp-content\\\/uploads\\\/2019\\\/02\\\/22-06-18-SROKA-STAND-UP-PADDLE-GIRLY-LE-MORNE-MAURITIUS-6-scaled.jpg\",\"width\":1708,\"height\":2560},{\"@type\":\"WebSite\",\"@id\":\"https:\\\/\\\/srokacompany.com\\\/de\\\/#website\",\"url\":\"https:\\\/\\\/srokacompany.com\\\/de\\\/\",\"name\":\"SROKA Company\",\"description\":\"SUP, Kite, Foil, Wing\",\"publisher\":{\"@id\":\"https:\\\/\\\/srokacompany.com\\\/de\\\/#organization\"},\"potentialAction\":[{\"@type\":\"SearchAction\",\"target\":{\"@type\":\"EntryPoint\",\"urlTemplate\":\"https:\\\/\\\/srokacompany.com\\\/de\\\/?s={search_term_string}\"},\"query-input\":{\"@type\":\"PropertyValueSpecification\",\"valueRequired\":true,\"valueName\":\"search_term_string\"}}],\"inLanguage\":\"de\"},{\"@type\":\"Organization\",\"@id\":\"https:\\\/\\\/srokacompany.com\\\/de\\\/#organization\",\"name\":\"SROKACOMPANY\",\"alternateName\":\"SROKA\",\"url\":\"https:\\\/\\\/srokacompany.com\\\/de\\\/\",\"logo\":{\"@type\":\"ImageObject\",\"inLanguage\":\"de\",\"@id\":\"https:\\\/\\\/srokacompany.com\\\/de\\\/#\\\/schema\\\/logo\\\/image\\\/\",\"url\":\"https:\\\/\\\/srokacompany.com\\\/wp-content\\\/uploads\\\/2021\\\/01\\\/logo-sroka-black-transpa.png\",\"contentUrl\":\"https:\\\/\\\/srokacompany.com\\\/wp-content\\\/uploads\\\/2021\\\/01\\\/logo-sroka-black-transpa.png\",\"width\":1201,\"height\":342,\"caption\":\"SROKACOMPANY\"},\"image\":{\"@id\":\"https:\\\/\\\/srokacompany.com\\\/de\\\/#\\\/schema\\\/logo\\\/image\\\/\"},\"sameAs\":[\"https:\\\/\\\/www.facebook.com\\\/srokawatersports\\\/\",\"https:\\\/\\\/www.instagram.com\\\/srokawatersports\\\/\",\"https:\\\/\\\/www.youtube.com\\\/channel\\\/UCVLHHeaPIm-J5bdEUgxqtZA\"]}]}<\/script>\n<!-- \/ Yoast SEO plugin. -->","yoast_head_json":{"title":"- SROKA Company","description":"Werde SROKA-Botschafter: Erlebe deinen Surf-Spirit, teste neue Produkte, teile deine Abenteuer und repr\u00e4sentiere unsere Marke. Genie\u00dfe exklusive Vorteile, Sichtbarkeit, eine engagierte Community und au\u00dfergew\u00f6hnliche Entwicklungschancen.","robots":{"index":"index","follow":"follow","max-snippet":"max-snippet:-1","max-image-preview":"max-image-preview:large","max-video-preview":"max-video-preview:-1"},"canonical":"https:\/\/srokacompany.com\/de\/botschafter\/","og_locale":"de_DE","og_type":"article","og_title":"- SROKA Company","og_description":"Werde SROKA-Botschafter: Erlebe deinen Surf-Spirit, teste neue Produkte, teile deine Abenteuer und repr\u00e4sentiere unsere Marke. Genie\u00dfe exklusive Vorteile, Sichtbarkeit, eine engagierte Community und au\u00dfergew\u00f6hnliche Entwicklungschancen.","og_url":"https:\/\/srokacompany.com\/de\/botschafter\/","og_site_name":"SROKA Company","article_publisher":"https:\/\/www.facebook.com\/srokawatersports\/","article_modified_time":"2025-09-30T14:27:58+00:00","og_image":[{"width":1708,"height":2560,"url":"https:\/\/srokacompany.com\/wp-content\/uploads\/2019\/02\/22-06-18-SROKA-STAND-UP-PADDLE-GIRLY-LE-MORNE-MAURITIUS-6-scaled.jpg","type":"image\/jpeg"}],"schema":{"@context":"https:\/\/schema.org","@graph":[{"@type":"WebPage","@id":"https:\/\/srokacompany.com\/de\/botschafter\/","url":"https:\/\/srokacompany.com\/de\/botschafter\/","name":"- SROKA Company","isPartOf":{"@id":"https:\/\/srokacompany.com\/de\/#website"},"primaryImageOfPage":{"@id":"https:\/\/srokacompany.com\/de\/botschafter\/#primaryimage"},"image":{"@id":"https:\/\/srokacompany.com\/de\/botschafter\/#primaryimage"},"thumbnailUrl":"https:\/\/srokacompany.com\/wp-content\/uploads\/2019\/02\/22-06-18-SROKA-STAND-UP-PADDLE-GIRLY-LE-MORNE-MAURITIUS-6-scaled.jpg","datePublished":"2023-11-07T08:03:04+00:00","dateModified":"2025-09-30T14:27:58+00:00","description":"Werde SROKA-Botschafter: Erlebe deinen Surf-Spirit, teste neue Produkte, teile deine Abenteuer und repr\u00e4sentiere unsere Marke. Genie\u00dfe exklusive Vorteile, Sichtbarkeit, eine engagierte Community und au\u00dfergew\u00f6hnliche Entwicklungschancen.","inLanguage":"de","potentialAction":[{"@type":"ReadAction","target":["https:\/\/srokacompany.com\/de\/botschafter\/"]}]},{"@type":"ImageObject","inLanguage":"de","@id":"https:\/\/srokacompany.com\/de\/botschafter\/#primaryimage","url":"https:\/\/srokacompany.com\/wp-content\/uploads\/2019\/02\/22-06-18-SROKA-STAND-UP-PADDLE-GIRLY-LE-MORNE-MAURITIUS-6-scaled.jpg","contentUrl":"https:\/\/srokacompany.com\/wp-content\/uploads\/2019\/02\/22-06-18-SROKA-STAND-UP-PADDLE-GIRLY-LE-MORNE-MAURITIUS-6-scaled.jpg","width":1708,"height":2560},{"@type":"WebSite","@id":"https:\/\/srokacompany.com\/de\/#website","url":"https:\/\/srokacompany.com\/de\/","name":"SROKA Company","description":"SUP, Kite, Foil, Wing","publisher":{"@id":"https:\/\/srokacompany.com\/de\/#organization"},"potentialAction":[{"@type":"SearchAction","target":{"@type":"EntryPoint","urlTemplate":"https:\/\/srokacompany.com\/de\/?s={search_term_string}"},"query-input":{"@type":"PropertyValueSpecification","valueRequired":true,"valueName":"search_term_string"}}],"inLanguage":"de"},{"@type":"Organization","@id":"https:\/\/srokacompany.com\/de\/#organization","name":"SROKACOMPANY","alternateName":"SROKA","url":"https:\/\/srokacompany.com\/de\/","logo":{"@type":"ImageObject","inLanguage":"de","@id":"https:\/\/srokacompany.com\/de\/#\/schema\/logo\/image\/","url":"https:\/\/srokacompany.com\/wp-content\/uploads\/2021\/01\/logo-sroka-black-transpa.png","contentUrl":"https:\/\/srokacompany.com\/wp-content\/uploads\/2021\/01\/logo-sroka-black-transpa.png","width":1201,"height":342,"caption":"SROKACOMPANY"},"image":{"@id":"https:\/\/srokacompany.com\/de\/#\/schema\/logo\/image\/"},"sameAs":["https:\/\/www.facebook.com\/srokawatersports\/","https:\/\/www.instagram.com\/srokawatersports\/","https:\/\/www.youtube.com\/channel\/UCVLHHeaPIm-J5bdEUgxqtZA"]}]}},"uagb_featured_image_src":{"full":["https:\/\/srokacompany.com\/wp-content\/uploads\/2019\/02\/22-06-18-SROKA-STAND-UP-PADDLE-GIRLY-LE-MORNE-MAURITIUS-6-scaled.jpg",1708,2560,false],"thumbnail":["https:\/\/srokacompany.com\/wp-content\/uploads\/2019\/02\/22-06-18-SROKA-STAND-UP-PADDLE-GIRLY-LE-MORNE-MAURITIUS-6-150x150.jpg",150,150,true],"medium":["https:\/\/srokacompany.com\/wp-content\/uploads\/2019\/02\/22-06-18-SROKA-STAND-UP-PADDLE-GIRLY-LE-MORNE-MAURITIUS-6-200x300.jpg",200,300,true],"medium_large":["https:\/\/srokacompany.com\/wp-content\/uploads\/2019\/02\/22-06-18-SROKA-STAND-UP-PADDLE-GIRLY-LE-MORNE-MAURITIUS-6-768x1151.jpg",768,1151,true],"large":["https:\/\/srokacompany.com\/wp-content\/uploads\/2019\/02\/22-06-18-SROKA-STAND-UP-PADDLE-GIRLY-LE-MORNE-MAURITIUS-6-683x1024.jpg",683,1024,true],"1536x1536":["https:\/\/srokacompany.com\/wp-content\/uploads\/2019\/02\/22-06-18-SROKA-STAND-UP-PADDLE-GIRLY-LE-MORNE-MAURITIUS-6-1025x1536.jpg",1025,1536,true],"2048x2048":["https:\/\/srokacompany.com\/wp-content\/uploads\/2019\/02\/22-06-18-SROKA-STAND-UP-PADDLE-GIRLY-LE-MORNE-MAURITIUS-6-1366x2048.jpg",1366,2048,true],"woocommerce_thumbnail":["https:\/\/srokacompany.com\/wp-content\/uploads\/2019\/02\/22-06-18-SROKA-STAND-UP-PADDLE-GIRLY-LE-MORNE-MAURITIUS-6-600x900.jpg",600,900,true],"woocommerce_single":["https:\/\/srokacompany.com\/wp-content\/uploads\/2019\/02\/22-06-18-SROKA-STAND-UP-PADDLE-GIRLY-LE-MORNE-MAURITIUS-6-600x900.jpg",600,900,true],"woocommerce_gallery_thumbnail":["https:\/\/srokacompany.com\/wp-content\/uploads\/2019\/02\/22-06-18-SROKA-STAND-UP-PADDLE-GIRLY-LE-MORNE-MAURITIUS-6-100x100.jpg",100,100,true],"dgwt-wcas-product-suggestion":["https:\/\/srokacompany.com\/wp-content\/uploads\/2019\/02\/22-06-18-SROKA-STAND-UP-PADDLE-GIRLY-LE-MORNE-MAURITIUS-6-scaled.jpg",64,96,false]},"uagb_author_info":{"display_name":"Emmanuel DIJOUX","author_link":"https:\/\/srokacompany.com\/de\/blog\/author\/emmanuel-d\/"},"uagb_comment_info":0,"uagb_excerpt":null,"jetpack_sharing_enabled":true,"_links":{"self":[{"href":"https:\/\/srokacompany.com\/de\/wp-json\/wp\/v2\/pages\/337330","targetHints":{"allow":["GET"]}}],"collection":[{"href":"https:\/\/srokacompany.com\/de\/wp-json\/wp\/v2\/pages"}],"about":[{"href":"https:\/\/srokacompany.com\/de\/wp-json\/wp\/v2\/types\/page"}],"author":[{"embeddable":true,"href":"https:\/\/srokacompany.com\/de\/wp-json\/wp\/v2\/users\/722"}],"replies":[{"embeddable":true,"href":"https:\/\/srokacompany.com\/de\/wp-json\/wp\/v2\/comments?post=337330"}],"version-history":[{"count":2,"href":"https:\/\/srokacompany.com\/de\/wp-json\/wp\/v2\/pages\/337330\/revisions"}],"predecessor-version":[{"id":353036,"href":"https:\/\/srokacompany.com\/de\/wp-json\/wp\/v2\/pages\/337330\/revisions\/353036"}],"wp:featuredmedia":[{"embeddable":true,"href":"https:\/\/srokacompany.com\/de\/wp-json\/wp\/v2\/media\/337333"}],"wp:attachment":[{"href":"https:\/\/srokacompany.com\/de\/wp-json\/wp\/v2\/media?parent=337330"}],"curies":[{"name":"wp","href":"https:\/\/api.w.org\/{rel}","templated":true}]}}