{"id":337347,"date":"2020-10-09T10:01:40","date_gmt":"2020-10-09T08:01:40","guid":{"rendered":"https:\/\/srokacompany.com\/kaufen-sie-eine-wing-foil-sroka-liefert-nach-portugal\/"},"modified":"2025-06-26T09:18:37","modified_gmt":"2025-06-26T07:18:37","slug":"kaufen-sie-eine-wing-foil-sroka-liefert-nach-portugal","status":"publish","type":"page","link":"https:\/\/srokacompany.com\/de\/sroka-weltweit\/kaufen-sie-eine-wing-foil-sroka-liefert-nach-portugal\/","title":{"rendered":"Kaufen Sie eine Wing Foil &#8211; SROKA liefert nach Portugal!"},"content":{"rendered":"<p><span class=\"s1\">Wenn Sie ein <a href=\"https:\/\/srokacompany.com\/de\/blog\/wing-foil-a-lanzarote\/\"><b>Wing Foil<\/b><\/a><\/span><span class=\"s1\"> in Portugal oder ein <a href=\"https:\/\/srokacompany.com\/de\/produkt\/surf-foil-46-fast-flyer\/\"><b>Surf Foil<\/b><\/a>, ein SUP Foil , ein Wind Foil, ein Kite Foil, ein Wake Foil oder ein <a href=\"https:\/\/srokacompany.com\/de\/produkt\/aufblasbares-paddel-easy\/\"><b>Aufblasbares Stand-Up-Paddle<\/b><\/a> um eine der au\u00dfergew\u00f6hnlichsten Surfsportk\u00fcsten der Welt zu erkunden, liefern wir! <b>Sroka Watersports<\/b> liefert weltweit!<\/span><br \/>\n<span class=\"s1\"><img decoding=\"async\" alt=\"Kauf eines Wing foil in Portugal\" class=\"wp-image-25524 aligncenter\" height=\"553\" src=\"https:\/\/srokacompany.com\/wp-content\/uploads\/2020\/10\/Bandeau-page-SROKA-WORLD-portugal-web-300x120.jpg\" width=\"1382\" srcset=\"https:\/\/srokacompany.com\/wp-content\/uploads\/2020\/10\/Bandeau-page-SROKA-WORLD-portugal-web-300x120.jpg 300w, https:\/\/srokacompany.com\/wp-content\/uploads\/2020\/10\/Bandeau-page-SROKA-WORLD-portugal-web-600x239.jpg 600w, https:\/\/srokacompany.com\/wp-content\/uploads\/2020\/10\/Bandeau-page-SROKA-WORLD-portugal-web-768x306.jpg 768w\" sizes=\"(max-width: 1382px) 100vw, 1382px\" \/><b><\/b><\/span><\/p>\n<p><em><strong>Portugal<\/strong> ist die Heimat einiger der legend\u00e4rsten <strong>Surfspots<\/strong> der Welt und sein Ruf als <strong>Traumziel<\/strong> f\u00fcr Fahrer aller Art ist gut etabliert. Und nicht weil der Boardsport durch das Erscheinen von Wing und Foil revolutioniert wurde, sollten wir diese au\u00dfergew\u00f6hnliche K\u00fcste verlassen, ganz im Gegenteil! Das<strong> <a href=\"https:\/\/nazarewaves.com\/en\/Home\/InfoForTourists\">legend\u00e4re Nazar\u00e9e<\/a><\/strong> &#8211; <a href=\"https:\/\/www.surfertoday.com\/surfing\/laird-hamilton-went-foil-surfing-at-nazare\">das schon einige Champions im Florett in Angriff genommen haben<\/a>, muss nicht vorgestellt werden.  Das Land ist auch voll von anderen, weniger entmutigenden Orten, die ideal sind, um sein immenses Potenzial voll auszusch\u00f6pfen. Anf\u00e4nger werden vom charmanten <a href=\"https:\/\/www.visitportugal.com\/en\/NR\/exeres\/906A8BB3-B33D-4A8F-BDA1-AA7FE2F5B5F9\">Praia da Ingrina<\/a> in der Region Sagres oder vom Praia do Cero in der Region <a href=\"https:\/\/thesurfatlas.com\/surfing-portugal\/peniche-surf\/\">Peniche<\/a> verf\u00fchrt. Letzterer bietet auch gute Spots, mit einem regelm\u00e4\u00dfigen ablandigen Wind, der im Sommer und Winter weht. Auf fortgeschrittenem Niveau &#8211; und das sind nur Beispiele f\u00fcr die endlosen M\u00f6glichkeiten an der K\u00fcste &#8211; werden Ericeira, <a href=\"https:\/\/www.espinhosurfdestination.com\/\">Espinho<\/a> (das einen Longboard-Wettbewerb auf europ\u00e4ischer Ebene ausrichtet) und Figueira da Foz alle Ihre W\u00fcnsche erf\u00fcllen.<\/em><br \/>\n<em>Aber Portugal hat mehr zu bieten als nur Surfen. Das Land bietet auch <strong>privilegierte Wing Foil oder Kite Foil Spots<\/strong>. Wenn du auf der Suche nach spiegelglatten Gew\u00e4ssern bist, ist La Ria des Aveiro in Murtosa der perfekte Ort f\u00fcr Downwind Foiling, egal ob Kite Foil oder Wing Foil.  In der Lagune befindet sich sogar eine Kitesurfschule, der <a href=\"https:\/\/www.kiteboardportugal.com\/\">Clube Nortada<\/a>. Das kleine Dorf selbst ist einen Besuch wert. Ansonsten wird <a href=\"https:\/\/kitetrip-planner.com\/en\/lagune-dobidos\/\">die Lagune von Obidos<\/a> jeden von ihren vielen Vorteilen \u00fcberzeugen. Infrastrukturen, glatte und organisierte Gew\u00e4sser, Thermik, die den ganzen Nachmittag weht, die Voraussetzungen f\u00fcr sch\u00f6ne Sessions sind gegeben. F\u00fcr diejenigen, die dem Ruf des offenen Meeres und des Atlantiks nicht widerstehen k\u00f6nnen, servieren <a href=\"https:\/\/youtu.be\/ocu4n0KLbNY\">Martinhal<\/a>, der Austragungsort der <strong>nationalen Windsurf-Slalom-Meisterschaften<\/strong> , und <a href=\"https:\/\/www.planetkitesurfholidays.com\/guided-trips\/progression-kitefoiling-clinic-portugal-305\">Viana do Castelo<\/a> auf einem Silbertablett thermische Winde, herrliche See und besonders mildes Wetter im Sommer. In der langen maritimen und gleitenden Tradition Portugals beherbergt Viana do Castelo regelm\u00e4\u00dfig wichtige Veranstaltungen im Zusammenhang mit Surfen und Bodybuilding, wie die <strong>Bodyboard-Weltmeisterschaften<\/strong>. Generell empfehlen wir den sp\u00e4ten Fr\u00fchling, den Sommer und den fr\u00fchen Herbst f\u00fcr Reisen nach Portugal. Im Winter k\u00f6nnen heftige St\u00fcrme \u00fcber die K\u00fcste fegen und die Temperaturen sinken, st\u00e4rker als im Mittelmeerraum. Sie sind immer noch viel ertr\u00e4glicher als Nordeuropa. Mit einer guten Kombination und der Meinung der Einheimischen ist nichts verboten.<\/em><br \/>\n<em>Dar\u00fcber hinaus w\u00e4chst die bereits gut etablierte und florierende Community vor Ort weiter und<a href=\"https:\/\/www.planetkitesurfholidays.com\/blog\/new-progression-kitefoiling-clinics-introduced-2020\/\"> zieht immer mehr Menschen an<\/a>. Zwischen zwei Sessions von Foil, z\u00f6gern Sie nicht, Ihren <strong>aufblasbarenSUP <\/strong> aus der Tasche zu holen. <a href=\"https:\/\/www.algarvetips.com\/beaches\/lagoa\/praia-de-benagil\/\">Praia de Benagil<\/a> mit seiner <strong>atemberaubenden Naturh\u00f6hle<\/strong>, die vom Meer aus zug\u00e4nglich ist, ist das Paddeln mehr als wert. Sebutal, am Stadtrand von Lissabon, bietet <strong>Delfinbeobachtung in einer idyllischen Umgebung<\/strong>. Diese Pausen erm\u00f6glichen es Ihnen, einen tiefen Einblick in das zu bekommen, was <strong>Portugal so charmant<\/strong> macht: relativ niedrige Preise, vor allem f\u00fcr die lokale und fischorientierte K\u00fcche, kleine malerische D\u00f6rfer, geschichtstr\u00e4chtige St\u00e4dte und freundliche Einheimische. Schlie\u00dflich <a href=\"https:\/\/www.visitportugal.com\/fr\/content\/la-meilleure-destination-du-monde\">wurde das Land zum besten Reiseziel der Welt gew\u00e4hlt.<\/a> Nicht weniger.<\/em><br \/>\n<img decoding=\"async\" alt=\"Foilen in Portugal\" class=\"wp-image-25528 aligncenter\" height=\"389\" src=\"https:\/\/srokacompany.com\/wp-content\/uploads\/2020\/10\/bannie%CC%80re-interme%CC%81diaire-portugal-300x85.jpg\" width=\"1370\"><\/p>\n<p class=\"p1\"><span class=\"s1\">Sie leben in <strong>Portugal<\/strong> und sind auf der Suche nach einem <a href=\"https:\/\/srokacompany.com\/de\/blog\/wing-foil-a-lanzarote\/\"><b>Wing Foil<\/b><\/a>, einem <a href=\"https:\/\/srokacompany.com\/de\/produkt\/surf-foil-46-fast-flyer\/\"><b>Surf Foil<\/b><\/a>, einem SUP Foil , einem Wind Foil, einem Kite Foil, einem Wake Foil oder einem <a href=\"https:\/\/srokacompany.com\/de\/produkt\/aufblasbares-paddel-easy\/\"><b>Aufblasbares Stand-Up Paddle<\/b><\/a> ? Wir arbeiten mit den besten internationalen Spediteuren zusammen, um sicherzustellen, dass Ihr Paket so schnell wie m\u00f6glich und mit der Gewissheit geliefert wird, dass Ihr Paket unter guten Bedingungen transportiert wird.  <\/span><span class=\"s1\">Rechnen Sie mit ca. 5-7 Tagen, um Ihre Bestellung zu erhalten, wenn Sie in <strong>Portugal leben.<\/strong><\/span><\/p>\n<p>Je nach Wohnsitzland k\u00f6nnen einige Ger\u00e4te schwieriger zu beschaffen sein. Wir tun unser Bestes, um unsere Produkte \u00fcberall verf\u00fcgbar zu machen. Angenommen, Sie m\u00f6chten eine Wing Foil in Portugal kaufen. Es ist m\u00f6glich, dass Ihre Auswahl begrenzt ist und die in Ihrer N\u00e4he verf\u00fcgbaren Marken in Bezug auf Qualit\u00e4t, Preis oder Leistung m\u00f6glicherweise nicht das sind, wonach Sie suchen. Um Ihnen diese Qualit\u00e4tsauswahl zum besten Preis anzubieten, arbeiten wir an der Zug\u00e4nglichkeit unseres Sortiments, um Sie bei Ihren besten Sitzungen zu begleiten, wo immer Sie sind.<\/p>\n<p><strong>Wenn Sie ein Wing Foil in Portugal, ein Surf Foil, ein Kite Foil, ein Stand-Up Paddle kaufen m\u00f6chten, k\u00f6nnen Sie sich auf unsere internationale Erfahrung und unser Fachwissen in der Welt des Boardsports verlassen, um Ihnen die beste Qualit\u00e4t von Produkten und Dienstleistungen zu garantieren.<\/strong><\/p>\n<p class=\"p1\"><span class=\"s1\">Z\u00f6gern Sie nicht, uns unter <a href=\"mailto:contact@srokacompany.com\"><span class=\"s2\">contact@srokacompany.com<\/span><\/a> zu kontaktieren<span class=\"s2\">,<\/span><\/span> <span class=\"s1\">franz\u00f6sisch- und englischsprachige Berater stehen Ihnen zur Verf\u00fcgung!<\/span><\/p>\n<p>Nehmen Sie am Abenteuer #Besroka teil<br \/>\n<strong>&#8222;Einige leben ihren Traum und andere tr\u00e4umen ihr Leben, ich bin Teil der ersten Gruppe.&#8220;<\/strong> &#8211; Bruno SROKA<\/p>\n","protected":false},"excerpt":{"rendered":"<p>Wenn Sie ein Wing Foil in Portugal oder ein Surf Foil, ein SUP Foil , ein Wind Foil, ein Kite Foil, ein Wake Foil oder ein Aufblasbares Stand-Up-Paddle um eine der au\u00dfergew\u00f6hnlichsten Surfsportk\u00fcsten der Welt zu erkunden, liefern wir! Sroka Watersports liefert weltweit! Portugal ist die Heimat einiger der legend\u00e4rsten Surfspots der Welt und sein [&hellip;]<\/p>\n","protected":false},"author":320,"featured_media":0,"parent":337994,"menu_order":0,"comment_status":"closed","ping_status":"closed","template":"","meta":{"_acf_changed":false,"_uag_custom_page_level_css":"","footnotes":""},"class_list":["post-337347","page","type-page","status-publish","hentry"],"acf":[],"yoast_head":"<!-- This site is optimized with the Yoast SEO plugin v27.4 - https:\/\/yoast.com\/product\/yoast-seo-wordpress\/ -->\n<title>Kaufen Sie eine Wing Foil - SROKA liefert nach Portugal! - SROKA Company<\/title>\n<meta name=\"description\" content=\"M\u00f6chten Sie einen Wing foil in Portugal kaufen, einen foil oder ein Paddle? SROKA liefert hochwertige Ausr\u00fcstung zum besten Preis, \u00fcberall.\" \/>\n<meta name=\"robots\" content=\"index, follow, max-snippet:-1, max-image-preview:large, max-video-preview:-1\" \/>\n<link rel=\"canonical\" href=\"https:\/\/srokacompany.com\/de\/sroka-weltweit\/kaufen-sie-eine-wing-foil-sroka-liefert-nach-portugal\/\" \/>\n<meta property=\"og:locale\" content=\"de_DE\" \/>\n<meta property=\"og:type\" content=\"article\" \/>\n<meta property=\"og:title\" content=\"Kaufen Sie eine Wing Foil - SROKA liefert nach Portugal! - SROKA Company\" \/>\n<meta property=\"og:description\" content=\"M\u00f6chten Sie einen Wing foil in Portugal kaufen, einen foil oder ein Paddle? SROKA liefert hochwertige Ausr\u00fcstung zum besten Preis, \u00fcberall.\" \/>\n<meta property=\"og:url\" content=\"https:\/\/srokacompany.com\/de\/sroka-weltweit\/kaufen-sie-eine-wing-foil-sroka-liefert-nach-portugal\/\" \/>\n<meta property=\"og:site_name\" content=\"SROKA Company\" \/>\n<meta property=\"article:publisher\" content=\"https:\/\/www.facebook.com\/srokawatersports\/\" \/>\n<meta property=\"article:modified_time\" content=\"2025-06-26T07:18:37+00:00\" \/>\n<meta property=\"og:image\" content=\"https:\/\/srokacompany.com\/wp-content\/uploads\/2020\/10\/Bandeau-page-SROKA-WORLD-portugal-web.jpg\" \/>\n\t<meta property=\"og:image:width\" content=\"2000\" \/>\n\t<meta property=\"og:image:height\" content=\"797\" \/>\n\t<meta property=\"og:image:type\" content=\"image\/jpeg\" \/>\n<meta name=\"twitter:label1\" content=\"Gesch\u00e4tzte Lesezeit\" \/>\n\t<meta name=\"twitter:data1\" content=\"4\u00a0Minuten\" \/>\n<script type=\"application\/ld+json\" class=\"yoast-schema-graph\">{\"@context\":\"https:\\\/\\\/schema.org\",\"@graph\":[{\"@type\":\"WebPage\",\"@id\":\"https:\\\/\\\/srokacompany.com\\\/de\\\/sroka-weltweit\\\/kaufen-sie-eine-wing-foil-sroka-liefert-nach-portugal\\\/\",\"url\":\"https:\\\/\\\/srokacompany.com\\\/de\\\/sroka-weltweit\\\/kaufen-sie-eine-wing-foil-sroka-liefert-nach-portugal\\\/\",\"name\":\"Kaufen Sie eine Wing Foil - SROKA liefert nach Portugal! - SROKA Company\",\"isPartOf\":{\"@id\":\"https:\\\/\\\/srokacompany.com\\\/de\\\/#website\"},\"primaryImageOfPage\":{\"@id\":\"https:\\\/\\\/srokacompany.com\\\/de\\\/sroka-weltweit\\\/kaufen-sie-eine-wing-foil-sroka-liefert-nach-portugal\\\/#primaryimage\"},\"image\":{\"@id\":\"https:\\\/\\\/srokacompany.com\\\/de\\\/sroka-weltweit\\\/kaufen-sie-eine-wing-foil-sroka-liefert-nach-portugal\\\/#primaryimage\"},\"thumbnailUrl\":\"https:\\\/\\\/srokacompany.com\\\/wp-content\\\/uploads\\\/2020\\\/10\\\/Bandeau-page-SROKA-WORLD-portugal-web-300x120.jpg\",\"datePublished\":\"2020-10-09T08:01:40+00:00\",\"dateModified\":\"2025-06-26T07:18:37+00:00\",\"description\":\"M\u00f6chten Sie einen Wing foil in Portugal kaufen, einen foil oder ein Paddle? SROKA liefert hochwertige Ausr\u00fcstung zum besten Preis, \u00fcberall.\",\"breadcrumb\":{\"@id\":\"https:\\\/\\\/srokacompany.com\\\/de\\\/sroka-weltweit\\\/kaufen-sie-eine-wing-foil-sroka-liefert-nach-portugal\\\/#breadcrumb\"},\"inLanguage\":\"de\",\"potentialAction\":[{\"@type\":\"ReadAction\",\"target\":[\"https:\\\/\\\/srokacompany.com\\\/de\\\/sroka-weltweit\\\/kaufen-sie-eine-wing-foil-sroka-liefert-nach-portugal\\\/\"]}]},{\"@type\":\"ImageObject\",\"inLanguage\":\"de\",\"@id\":\"https:\\\/\\\/srokacompany.com\\\/de\\\/sroka-weltweit\\\/kaufen-sie-eine-wing-foil-sroka-liefert-nach-portugal\\\/#primaryimage\",\"url\":\"https:\\\/\\\/srokacompany.com\\\/wp-content\\\/uploads\\\/2020\\\/10\\\/Bandeau-page-SROKA-WORLD-portugal-web-300x120.jpg\",\"contentUrl\":\"https:\\\/\\\/srokacompany.com\\\/wp-content\\\/uploads\\\/2020\\\/10\\\/Bandeau-page-SROKA-WORLD-portugal-web-300x120.jpg\"},{\"@type\":\"BreadcrumbList\",\"@id\":\"https:\\\/\\\/srokacompany.com\\\/de\\\/sroka-weltweit\\\/kaufen-sie-eine-wing-foil-sroka-liefert-nach-portugal\\\/#breadcrumb\",\"itemListElement\":[{\"@type\":\"ListItem\",\"position\":1,\"name\":\"Accueil\",\"item\":\"https:\\\/\\\/srokacompany.com\\\/de\\\/\"},{\"@type\":\"ListItem\",\"position\":2,\"name\":\"SROKA Weltweit\",\"item\":\"https:\\\/\\\/srokacompany.com\\\/de\\\/sroka-weltweit\\\/\"},{\"@type\":\"ListItem\",\"position\":3,\"name\":\"Kaufen Sie eine Wing Foil &#8211; SROKA liefert nach Portugal!\"}]},{\"@type\":\"WebSite\",\"@id\":\"https:\\\/\\\/srokacompany.com\\\/de\\\/#website\",\"url\":\"https:\\\/\\\/srokacompany.com\\\/de\\\/\",\"name\":\"SROKA Company\",\"description\":\"SUP, Kite, Foil, Wing\",\"publisher\":{\"@id\":\"https:\\\/\\\/srokacompany.com\\\/de\\\/#organization\"},\"potentialAction\":[{\"@type\":\"SearchAction\",\"target\":{\"@type\":\"EntryPoint\",\"urlTemplate\":\"https:\\\/\\\/srokacompany.com\\\/de\\\/?s={search_term_string}\"},\"query-input\":{\"@type\":\"PropertyValueSpecification\",\"valueRequired\":true,\"valueName\":\"search_term_string\"}}],\"inLanguage\":\"de\"},{\"@type\":\"Organization\",\"@id\":\"https:\\\/\\\/srokacompany.com\\\/de\\\/#organization\",\"name\":\"SROKACOMPANY\",\"alternateName\":\"SROKA\",\"url\":\"https:\\\/\\\/srokacompany.com\\\/de\\\/\",\"logo\":{\"@type\":\"ImageObject\",\"inLanguage\":\"de\",\"@id\":\"https:\\\/\\\/srokacompany.com\\\/de\\\/#\\\/schema\\\/logo\\\/image\\\/\",\"url\":\"https:\\\/\\\/srokacompany.com\\\/wp-content\\\/uploads\\\/2021\\\/01\\\/logo-sroka-black-transpa.png\",\"contentUrl\":\"https:\\\/\\\/srokacompany.com\\\/wp-content\\\/uploads\\\/2021\\\/01\\\/logo-sroka-black-transpa.png\",\"width\":1201,\"height\":342,\"caption\":\"SROKACOMPANY\"},\"image\":{\"@id\":\"https:\\\/\\\/srokacompany.com\\\/de\\\/#\\\/schema\\\/logo\\\/image\\\/\"},\"sameAs\":[\"https:\\\/\\\/www.facebook.com\\\/srokawatersports\\\/\",\"https:\\\/\\\/www.instagram.com\\\/srokawatersports\\\/\",\"https:\\\/\\\/www.youtube.com\\\/channel\\\/UCVLHHeaPIm-J5bdEUgxqtZA\"]}]}<\/script>\n<!-- \/ Yoast SEO plugin. -->","yoast_head_json":{"title":"Kaufen Sie eine Wing Foil - SROKA liefert nach Portugal! - SROKA Company","description":"M\u00f6chten Sie einen Wing foil in Portugal kaufen, einen foil oder ein Paddle? SROKA liefert hochwertige Ausr\u00fcstung zum besten Preis, \u00fcberall.","robots":{"index":"index","follow":"follow","max-snippet":"max-snippet:-1","max-image-preview":"max-image-preview:large","max-video-preview":"max-video-preview:-1"},"canonical":"https:\/\/srokacompany.com\/de\/sroka-weltweit\/kaufen-sie-eine-wing-foil-sroka-liefert-nach-portugal\/","og_locale":"de_DE","og_type":"article","og_title":"Kaufen Sie eine Wing Foil - SROKA liefert nach Portugal! - SROKA Company","og_description":"M\u00f6chten Sie einen Wing foil in Portugal kaufen, einen foil oder ein Paddle? SROKA liefert hochwertige Ausr\u00fcstung zum besten Preis, \u00fcberall.","og_url":"https:\/\/srokacompany.com\/de\/sroka-weltweit\/kaufen-sie-eine-wing-foil-sroka-liefert-nach-portugal\/","og_site_name":"SROKA Company","article_publisher":"https:\/\/www.facebook.com\/srokawatersports\/","article_modified_time":"2025-06-26T07:18:37+00:00","og_image":[{"width":2000,"height":797,"url":"https:\/\/srokacompany.com\/wp-content\/uploads\/2020\/10\/Bandeau-page-SROKA-WORLD-portugal-web.jpg","type":"image\/jpeg"}],"twitter_misc":{"Gesch\u00e4tzte Lesezeit":"4\u00a0Minuten"},"schema":{"@context":"https:\/\/schema.org","@graph":[{"@type":"WebPage","@id":"https:\/\/srokacompany.com\/de\/sroka-weltweit\/kaufen-sie-eine-wing-foil-sroka-liefert-nach-portugal\/","url":"https:\/\/srokacompany.com\/de\/sroka-weltweit\/kaufen-sie-eine-wing-foil-sroka-liefert-nach-portugal\/","name":"Kaufen Sie eine Wing Foil - SROKA liefert nach Portugal! - SROKA Company","isPartOf":{"@id":"https:\/\/srokacompany.com\/de\/#website"},"primaryImageOfPage":{"@id":"https:\/\/srokacompany.com\/de\/sroka-weltweit\/kaufen-sie-eine-wing-foil-sroka-liefert-nach-portugal\/#primaryimage"},"image":{"@id":"https:\/\/srokacompany.com\/de\/sroka-weltweit\/kaufen-sie-eine-wing-foil-sroka-liefert-nach-portugal\/#primaryimage"},"thumbnailUrl":"https:\/\/srokacompany.com\/wp-content\/uploads\/2020\/10\/Bandeau-page-SROKA-WORLD-portugal-web-300x120.jpg","datePublished":"2020-10-09T08:01:40+00:00","dateModified":"2025-06-26T07:18:37+00:00","description":"M\u00f6chten Sie einen Wing foil in Portugal kaufen, einen foil oder ein Paddle? SROKA liefert hochwertige Ausr\u00fcstung zum besten Preis, \u00fcberall.","breadcrumb":{"@id":"https:\/\/srokacompany.com\/de\/sroka-weltweit\/kaufen-sie-eine-wing-foil-sroka-liefert-nach-portugal\/#breadcrumb"},"inLanguage":"de","potentialAction":[{"@type":"ReadAction","target":["https:\/\/srokacompany.com\/de\/sroka-weltweit\/kaufen-sie-eine-wing-foil-sroka-liefert-nach-portugal\/"]}]},{"@type":"ImageObject","inLanguage":"de","@id":"https:\/\/srokacompany.com\/de\/sroka-weltweit\/kaufen-sie-eine-wing-foil-sroka-liefert-nach-portugal\/#primaryimage","url":"https:\/\/srokacompany.com\/wp-content\/uploads\/2020\/10\/Bandeau-page-SROKA-WORLD-portugal-web-300x120.jpg","contentUrl":"https:\/\/srokacompany.com\/wp-content\/uploads\/2020\/10\/Bandeau-page-SROKA-WORLD-portugal-web-300x120.jpg"},{"@type":"BreadcrumbList","@id":"https:\/\/srokacompany.com\/de\/sroka-weltweit\/kaufen-sie-eine-wing-foil-sroka-liefert-nach-portugal\/#breadcrumb","itemListElement":[{"@type":"ListItem","position":1,"name":"Accueil","item":"https:\/\/srokacompany.com\/de\/"},{"@type":"ListItem","position":2,"name":"SROKA Weltweit","item":"https:\/\/srokacompany.com\/de\/sroka-weltweit\/"},{"@type":"ListItem","position":3,"name":"Kaufen Sie eine Wing Foil &#8211; SROKA liefert nach Portugal!"}]},{"@type":"WebSite","@id":"https:\/\/srokacompany.com\/de\/#website","url":"https:\/\/srokacompany.com\/de\/","name":"SROKA Company","description":"SUP, Kite, Foil, Wing","publisher":{"@id":"https:\/\/srokacompany.com\/de\/#organization"},"potentialAction":[{"@type":"SearchAction","target":{"@type":"EntryPoint","urlTemplate":"https:\/\/srokacompany.com\/de\/?s={search_term_string}"},"query-input":{"@type":"PropertyValueSpecification","valueRequired":true,"valueName":"search_term_string"}}],"inLanguage":"de"},{"@type":"Organization","@id":"https:\/\/srokacompany.com\/de\/#organization","name":"SROKACOMPANY","alternateName":"SROKA","url":"https:\/\/srokacompany.com\/de\/","logo":{"@type":"ImageObject","inLanguage":"de","@id":"https:\/\/srokacompany.com\/de\/#\/schema\/logo\/image\/","url":"https:\/\/srokacompany.com\/wp-content\/uploads\/2021\/01\/logo-sroka-black-transpa.png","contentUrl":"https:\/\/srokacompany.com\/wp-content\/uploads\/2021\/01\/logo-sroka-black-transpa.png","width":1201,"height":342,"caption":"SROKACOMPANY"},"image":{"@id":"https:\/\/srokacompany.com\/de\/#\/schema\/logo\/image\/"},"sameAs":["https:\/\/www.facebook.com\/srokawatersports\/","https:\/\/www.instagram.com\/srokawatersports\/","https:\/\/www.youtube.com\/channel\/UCVLHHeaPIm-J5bdEUgxqtZA"]}]}},"uagb_featured_image_src":{"full":false,"thumbnail":false,"medium":false,"medium_large":false,"large":false,"1536x1536":false,"2048x2048":false,"woocommerce_thumbnail":false,"woocommerce_single":false,"woocommerce_gallery_thumbnail":false,"dgwt-wcas-product-suggestion":false},"uagb_author_info":{"display_name":"Tristan Dumard","author_link":"https:\/\/srokacompany.com\/de\/blog\/author\/tristan-dumardgmail-com\/"},"uagb_comment_info":0,"uagb_excerpt":"Wenn Sie ein Wing Foil in Portugal oder ein Surf Foil, ein SUP Foil , ein Wind Foil, ein Kite Foil, ein Wake Foil oder ein Aufblasbares Stand-Up-Paddle um eine der au\u00dfergew\u00f6hnlichsten Surfsportk\u00fcsten der Welt zu erkunden, liefern wir! Sroka Watersports liefert weltweit! Portugal ist die Heimat einiger der legend\u00e4rsten Surfspots der Welt und sein&hellip;","jetpack_sharing_enabled":true,"_links":{"self":[{"href":"https:\/\/srokacompany.com\/de\/wp-json\/wp\/v2\/pages\/337347","targetHints":{"allow":["GET"]}}],"collection":[{"href":"https:\/\/srokacompany.com\/de\/wp-json\/wp\/v2\/pages"}],"about":[{"href":"https:\/\/srokacompany.com\/de\/wp-json\/wp\/v2\/types\/page"}],"author":[{"embeddable":true,"href":"https:\/\/srokacompany.com\/de\/wp-json\/wp\/v2\/users\/320"}],"replies":[{"embeddable":true,"href":"https:\/\/srokacompany.com\/de\/wp-json\/wp\/v2\/comments?post=337347"}],"version-history":[{"count":1,"href":"https:\/\/srokacompany.com\/de\/wp-json\/wp\/v2\/pages\/337347\/revisions"}],"predecessor-version":[{"id":338022,"href":"https:\/\/srokacompany.com\/de\/wp-json\/wp\/v2\/pages\/337347\/revisions\/338022"}],"up":[{"embeddable":true,"href":"https:\/\/srokacompany.com\/de\/wp-json\/wp\/v2\/pages\/337994"}],"wp:attachment":[{"href":"https:\/\/srokacompany.com\/de\/wp-json\/wp\/v2\/media?parent=337347"}],"curies":[{"name":"wp","href":"https:\/\/api.w.org\/{rel}","templated":true}]}}