{"id":337364,"date":"2025-04-30T08:01:11","date_gmt":"2025-04-30T06:01:11","guid":{"rendered":"https:\/\/srokacompany.com\/testzentren\/"},"modified":"2025-10-01T10:09:08","modified_gmt":"2025-10-01T08:09:08","slug":"testzentren","status":"publish","type":"page","link":"https:\/\/srokacompany.com\/de\/testzentren\/","title":{"rendered":"Testzentren"},"content":{"rendered":"<div class=\"titre-text-cta-container\">\n      <h2 class=\"titre-text-cta-titre sommaire-titles\">Testen Sie die Produkte der SROKA Company in unseren Test Centern oder an unseren Testtagen.<\/h2>\n    <div class=\"titre-text-cta-text\"><p><!-- wp:paragraph -->Chez SROKA Company, nous sommes convaincus qu\u2019il n\u2019y a rien de mieux que de tester un produit pour en appr\u00e9cier la qualit\u00e9, la performance et la compatibilit\u00e9 avec votre pratique. C\u2019est pourquoi nous avons d\u00e9velopp\u00e9 un r\u00e9seau Fran\u00e7ais de Test Centers pour vous permettre d\u2019essayer nos \u00e9quipements de glisse \u2013 Wing Foil, SUP Foil, Surf Foil, Wake Foil avant de faire votre choix.<\/p>\n<p><!-- \/wp:paragraph --><!-- wp:heading --><\/p>\n<h2 class=\"wp-block-heading\">Nous disposons de<strong> 3 Tests Centers permanents pour vous accueillir toute l\u2019ann\u00e9e<\/strong> et tester nos produits<\/h2>\n<p><!-- \/wp:heading --><\/p>\n<\/div>\n  <\/div><div class=\"image-annotation-text-container image-annotation-text-right\">\n  <div class=\"image-annotation-text-img\">\n        \n    <img decoding=\"async\" src=\"https:\/\/srokacompany.com\/wp-content\/uploads\/2025\/05\/Capture-decran-2025-05-12-a-09.28.54.png\" alt=\"\" \/>\n  <\/div>\n  <div class=\"image-annotation-text-text-container\">\n          <h2 class=\"image-annotation-text-title sommaire-titles\">\n\n        Crozon (Bretagne) Test Center &amp; Schule      <\/h2>\n        <div class=\"image-annotation-text-description\"><p class=\"p1\">Auf der Halbinsel Crozon befindet sich unser Testcenter und Partnerschule. <a href=\"https:\/\/wingfoil-crozon.com\/\"><span class=\"s1\">wingfoil-crozon.com<\/span><\/a> empf\u00e4ngt Sie das ganze Jahr \u00fcber. Profitieren Sie von einer professionellen Begleitung, um zu lernen und Fortschritte zu machen, und testen Sie die gesamte SROKA-Produktpalette in einer au\u00dfergew\u00f6hnlichen nat\u00fcrlichen Umgebung, die perfekt ist, um die Leistung unserer Produkte unter allen Bedingungen zu entdecken. <\/p>\n<\/div>\n          <\/div>\n<\/div><div class=\"image-annotation-text-container image-annotation-text-left\">\n  <div class=\"image-annotation-text-img\">\n        \n    <img decoding=\"async\" src=\"https:\/\/srokacompany.com\/wp-content\/uploads\/2025\/05\/Capture-decran-2025-05-12-a-21.40.09.png\" alt=\"\" \/>\n  <\/div>\n  <div class=\"image-annotation-text-text-container\">\n          <h2 class=\"image-annotation-text-title sommaire-titles\">\n\n        La Rochelle (Charente-Maritime) &#8211; Test Center      <\/h2>\n        <div class=\"image-annotation-text-description\"><p>Ein Teil unserer Entwicklung findet in La Rochelle statt.<\/p>\n<p class=\"p1\">In unserem Test Center in La Rochelle k\u00f6nnen Sie eine gro\u00dfe Auswahl unserer Ausr\u00fcstung ausprobieren, egal ob Sie Anf\u00e4nger oder Experte sind. Vor Ort beraten Sie passionierte Spezialisten bei der Auswahl der Ausr\u00fcstung, die am besten zu Ihrem Niveau und Ihren Zielen passt. <\/p>\n<\/div>\n          <div class=\"image-annotation-text-annotation\">\n                  <h3 class='anotation-title-container'>\n                        Zus\u00e4tzliche Informationen          <\/h3>\n                <p><p><a href=\"https:\/\/www.facebook.com\/groups\/445365421827851\">Contact via la page Facebook<\/a><\/p>\n<\/p>\n      <\/div>\n          <\/div>\n<\/div><div class=\"image-annotation-text-container image-annotation-text-right\">\n  <div class=\"image-annotation-text-img\">\n        \n    <img decoding=\"async\" src=\"https:\/\/srokacompany.com\/wp-content\/uploads\/2024\/11\/Photo_1710624565510-1.jpg\" alt=\"360 wing foil\" \/>\n  <\/div>\n  <div class=\"image-annotation-text-text-container\">\n          <h2 class=\"image-annotation-text-title sommaire-titles\">\n\n        Leucate (Okzitanien) &#8211; Test Center      <\/h2>\n        <div class=\"image-annotation-text-description\"><p>In S\u00fcdfrankreich k\u00f6nnen Sie mit Samuel viele Produkte testen.<\/p>\n<\/div>\n          <div class=\"image-annotation-text-annotation\">\n                  <h3 class='anotation-title-container'>\n                        Zus\u00e4tzliche Informationen          <\/h3>\n                <p><p>Contactez le par sms au <a href=\"tel:0620422060\">06 20 42 20 60<\/a><\/p>\n<\/p>\n      <\/div>\n          <\/div>\n<\/div><div class=\"titre-text-cta-container\">\n      <h2 class=\"titre-text-cta-titre sommaire-titles\">Warum vor dem Kauf testen?<\/h2>\n    <div class=\"titre-text-cta-text\"><ul>\n<li><strong>D\u00e9couvrez<\/strong> notre gamme.<\/li>\n<li><strong>Vivez l\u2019exp\u00e9rience SROKA :<\/strong> Ressentez la diff\u00e9rence de nos produits, d\u00e9velopp\u00e9s et test\u00e9s par Bruno Sroka, triple champion du monde de kitesurf, et notre \u00e9quipe de passionn\u00e9s.<\/li>\n<li><strong>Faites le bon choix :<\/strong> Chaque rider a des attentes et un niveau diff\u00e9rents. Tester nos produits, c\u2019est l\u2019assurance de choisir le mat\u00e9riel le mieux adapt\u00e9 \u00e0 votre pratique et \u00e0 votre progression.<\/li>\n<li><strong>Performance et accessibilit\u00e9 :<\/strong> Nos \u00e9quipements sont con\u00e7us pour offrir un maximum de performance tout en restant accessibles \u00e0 tous. Venez juger par vous-m\u00eame de leur stabilit\u00e9, maniabilit\u00e9 et r\u00e9activit\u00e9 sur l\u2019eau.<\/li>\n<li><strong>Conseils personnalis\u00e9s :<\/strong> Nos sp\u00e9cialistes sont pr\u00e9sents dans chaque lieu pour vous accompagner, r\u00e9pondre \u00e0 vos questions et vous conseiller selon vos besoins.<\/li>\n<\/ul>\n<\/div>\n  <\/div><div class=\"image-annotation-text-container image-annotation-text-left\">\n  <div class=\"image-annotation-text-img\">\n        \n    <img decoding=\"async\" src=\"https:\/\/srokacompany.com\/wp-content\/uploads\/2025\/05\/hoalen-SROKA.jpg\" alt=\"\" \/>\n  <\/div>\n  <div class=\"image-annotation-text-text-container\">\n          <h2 class=\"image-annotation-text-title sommaire-titles\">\n\n        SROKA Company: Leidenschaft, Qualit\u00e4t, N\u00e4he      <\/h2>\n        <div class=\"image-annotation-text-description\"><p class=\"p1\">Unsere Mission<span class=\"s1\">:<\/span> Den Gleitsport demokratisieren, indem wir leistungsstarke, langlebige und erschwingliche Produkte anbieten, die in der Bretagne von leidenschaftlichen Anh\u00e4ngern entwickelt und getestet werden. Werden Sie Teil der SROKA-Community, teilen Sie Ihre Sessions und leben Sie Ihre Leidenschaft f\u00fcr den Gleitsport voll aus. <\/p>\n<h2 class=\"p1\" style=\"text-align: center\"><b>Testen Sie, f\u00fchlen Sie, w\u00e4hlen Sie. Das Abenteuer beginnt hier. <\/b><\/h2>\n<\/div>\n          <\/div>\n<\/div>","protected":false},"excerpt":{"rendered":"","protected":false},"author":1234,"featured_media":0,"parent":0,"menu_order":0,"comment_status":"closed","ping_status":"closed","template":"","meta":{"_acf_changed":false,"_uag_custom_page_level_css":"","footnotes":""},"class_list":["post-337364","page","type-page","status-publish","hentry"],"acf":[],"yoast_head":"<!-- This site is optimized with the Yoast SEO plugin v27.4 - https:\/\/yoast.com\/product\/yoast-seo-wordpress\/ -->\n<title>Testzentren - SROKA Company<\/title>\n<meta name=\"description\" content=\"Entdecken Sie das Know-how von SROKA: Produkte, die von Enthusiasten f\u00fcr Enthusiasten entwickelt wurden, mit Fokus auf Leistung, Haltbarkeit und Innovation.\" \/>\n<meta name=\"robots\" content=\"index, follow, max-snippet:-1, max-image-preview:large, max-video-preview:-1\" \/>\n<link rel=\"canonical\" href=\"https:\/\/srokacompany.com\/de\/testzentren\/\" \/>\n<meta property=\"og:locale\" content=\"de_DE\" \/>\n<meta property=\"og:type\" content=\"article\" \/>\n<meta property=\"og:title\" content=\"Testzentren - SROKA Company\" \/>\n<meta property=\"og:description\" content=\"Entdecken Sie das Know-how von SROKA: Produkte, die von Enthusiasten f\u00fcr Enthusiasten entwickelt wurden, mit Fokus auf Leistung, Haltbarkeit und Innovation.\" \/>\n<meta property=\"og:url\" content=\"https:\/\/srokacompany.com\/de\/testzentren\/\" \/>\n<meta property=\"og:site_name\" content=\"SROKA Company\" \/>\n<meta property=\"article:publisher\" content=\"https:\/\/www.facebook.com\/srokawatersports\/\" \/>\n<meta property=\"article:modified_time\" content=\"2025-10-01T08:09:08+00:00\" \/>\n<script type=\"application\/ld+json\" class=\"yoast-schema-graph\">{\"@context\":\"https:\\\/\\\/schema.org\",\"@graph\":[{\"@type\":\"WebPage\",\"@id\":\"https:\\\/\\\/srokacompany.com\\\/de\\\/testzentren\\\/\",\"url\":\"https:\\\/\\\/srokacompany.com\\\/de\\\/testzentren\\\/\",\"name\":\"Testzentren - SROKA Company\",\"isPartOf\":{\"@id\":\"https:\\\/\\\/srokacompany.com\\\/de\\\/#website\"},\"datePublished\":\"2025-04-30T06:01:11+00:00\",\"dateModified\":\"2025-10-01T08:09:08+00:00\",\"description\":\"Entdecken Sie das Know-how von SROKA: Produkte, die von Enthusiasten f\u00fcr Enthusiasten entwickelt wurden, mit Fokus auf Leistung, Haltbarkeit und Innovation.\",\"breadcrumb\":{\"@id\":\"https:\\\/\\\/srokacompany.com\\\/de\\\/testzentren\\\/#breadcrumb\"},\"inLanguage\":\"de\",\"potentialAction\":[{\"@type\":\"ReadAction\",\"target\":[\"https:\\\/\\\/srokacompany.com\\\/de\\\/testzentren\\\/\"]}]},{\"@type\":\"BreadcrumbList\",\"@id\":\"https:\\\/\\\/srokacompany.com\\\/de\\\/testzentren\\\/#breadcrumb\",\"itemListElement\":[{\"@type\":\"ListItem\",\"position\":1,\"name\":\"Accueil\",\"item\":\"https:\\\/\\\/srokacompany.com\\\/de\\\/\"},{\"@type\":\"ListItem\",\"position\":2,\"name\":\"Testzentren\"}]},{\"@type\":\"WebSite\",\"@id\":\"https:\\\/\\\/srokacompany.com\\\/de\\\/#website\",\"url\":\"https:\\\/\\\/srokacompany.com\\\/de\\\/\",\"name\":\"SROKA Company\",\"description\":\"SUP, Kite, Foil, Wing\",\"publisher\":{\"@id\":\"https:\\\/\\\/srokacompany.com\\\/de\\\/#organization\"},\"potentialAction\":[{\"@type\":\"SearchAction\",\"target\":{\"@type\":\"EntryPoint\",\"urlTemplate\":\"https:\\\/\\\/srokacompany.com\\\/de\\\/?s={search_term_string}\"},\"query-input\":{\"@type\":\"PropertyValueSpecification\",\"valueRequired\":true,\"valueName\":\"search_term_string\"}}],\"inLanguage\":\"de\"},{\"@type\":\"Organization\",\"@id\":\"https:\\\/\\\/srokacompany.com\\\/de\\\/#organization\",\"name\":\"SROKACOMPANY\",\"alternateName\":\"SROKA\",\"url\":\"https:\\\/\\\/srokacompany.com\\\/de\\\/\",\"logo\":{\"@type\":\"ImageObject\",\"inLanguage\":\"de\",\"@id\":\"https:\\\/\\\/srokacompany.com\\\/de\\\/#\\\/schema\\\/logo\\\/image\\\/\",\"url\":\"https:\\\/\\\/srokacompany.com\\\/wp-content\\\/uploads\\\/2021\\\/01\\\/logo-sroka-black-transpa.png\",\"contentUrl\":\"https:\\\/\\\/srokacompany.com\\\/wp-content\\\/uploads\\\/2021\\\/01\\\/logo-sroka-black-transpa.png\",\"width\":1201,\"height\":342,\"caption\":\"SROKACOMPANY\"},\"image\":{\"@id\":\"https:\\\/\\\/srokacompany.com\\\/de\\\/#\\\/schema\\\/logo\\\/image\\\/\"},\"sameAs\":[\"https:\\\/\\\/www.facebook.com\\\/srokawatersports\\\/\",\"https:\\\/\\\/www.instagram.com\\\/srokawatersports\\\/\",\"https:\\\/\\\/www.youtube.com\\\/channel\\\/UCVLHHeaPIm-J5bdEUgxqtZA\"]}]}<\/script>\n<!-- \/ Yoast SEO plugin. -->","yoast_head_json":{"title":"Testzentren - SROKA Company","description":"Entdecken Sie das Know-how von SROKA: Produkte, die von Enthusiasten f\u00fcr Enthusiasten entwickelt wurden, mit Fokus auf Leistung, Haltbarkeit und Innovation.","robots":{"index":"index","follow":"follow","max-snippet":"max-snippet:-1","max-image-preview":"max-image-preview:large","max-video-preview":"max-video-preview:-1"},"canonical":"https:\/\/srokacompany.com\/de\/testzentren\/","og_locale":"de_DE","og_type":"article","og_title":"Testzentren - SROKA Company","og_description":"Entdecken Sie das Know-how von SROKA: Produkte, die von Enthusiasten f\u00fcr Enthusiasten entwickelt wurden, mit Fokus auf Leistung, Haltbarkeit und Innovation.","og_url":"https:\/\/srokacompany.com\/de\/testzentren\/","og_site_name":"SROKA Company","article_publisher":"https:\/\/www.facebook.com\/srokawatersports\/","article_modified_time":"2025-10-01T08:09:08+00:00","schema":{"@context":"https:\/\/schema.org","@graph":[{"@type":"WebPage","@id":"https:\/\/srokacompany.com\/de\/testzentren\/","url":"https:\/\/srokacompany.com\/de\/testzentren\/","name":"Testzentren - SROKA Company","isPartOf":{"@id":"https:\/\/srokacompany.com\/de\/#website"},"datePublished":"2025-04-30T06:01:11+00:00","dateModified":"2025-10-01T08:09:08+00:00","description":"Entdecken Sie das Know-how von SROKA: Produkte, die von Enthusiasten f\u00fcr Enthusiasten entwickelt wurden, mit Fokus auf Leistung, Haltbarkeit und Innovation.","breadcrumb":{"@id":"https:\/\/srokacompany.com\/de\/testzentren\/#breadcrumb"},"inLanguage":"de","potentialAction":[{"@type":"ReadAction","target":["https:\/\/srokacompany.com\/de\/testzentren\/"]}]},{"@type":"BreadcrumbList","@id":"https:\/\/srokacompany.com\/de\/testzentren\/#breadcrumb","itemListElement":[{"@type":"ListItem","position":1,"name":"Accueil","item":"https:\/\/srokacompany.com\/de\/"},{"@type":"ListItem","position":2,"name":"Testzentren"}]},{"@type":"WebSite","@id":"https:\/\/srokacompany.com\/de\/#website","url":"https:\/\/srokacompany.com\/de\/","name":"SROKA Company","description":"SUP, Kite, Foil, Wing","publisher":{"@id":"https:\/\/srokacompany.com\/de\/#organization"},"potentialAction":[{"@type":"SearchAction","target":{"@type":"EntryPoint","urlTemplate":"https:\/\/srokacompany.com\/de\/?s={search_term_string}"},"query-input":{"@type":"PropertyValueSpecification","valueRequired":true,"valueName":"search_term_string"}}],"inLanguage":"de"},{"@type":"Organization","@id":"https:\/\/srokacompany.com\/de\/#organization","name":"SROKACOMPANY","alternateName":"SROKA","url":"https:\/\/srokacompany.com\/de\/","logo":{"@type":"ImageObject","inLanguage":"de","@id":"https:\/\/srokacompany.com\/de\/#\/schema\/logo\/image\/","url":"https:\/\/srokacompany.com\/wp-content\/uploads\/2021\/01\/logo-sroka-black-transpa.png","contentUrl":"https:\/\/srokacompany.com\/wp-content\/uploads\/2021\/01\/logo-sroka-black-transpa.png","width":1201,"height":342,"caption":"SROKACOMPANY"},"image":{"@id":"https:\/\/srokacompany.com\/de\/#\/schema\/logo\/image\/"},"sameAs":["https:\/\/www.facebook.com\/srokawatersports\/","https:\/\/www.instagram.com\/srokawatersports\/","https:\/\/www.youtube.com\/channel\/UCVLHHeaPIm-J5bdEUgxqtZA"]}]}},"uagb_featured_image_src":{"full":false,"thumbnail":false,"medium":false,"medium_large":false,"large":false,"1536x1536":false,"2048x2048":false,"woocommerce_thumbnail":false,"woocommerce_single":false,"woocommerce_gallery_thumbnail":false,"dgwt-wcas-product-suggestion":false},"uagb_author_info":{"display_name":"Cl\u00e9ment Beaurain","author_link":"https:\/\/srokacompany.com\/de\/blog\/author\/clement-b\/"},"uagb_comment_info":0,"uagb_excerpt":null,"jetpack_sharing_enabled":true,"_links":{"self":[{"href":"https:\/\/srokacompany.com\/de\/wp-json\/wp\/v2\/pages\/337364","targetHints":{"allow":["GET"]}}],"collection":[{"href":"https:\/\/srokacompany.com\/de\/wp-json\/wp\/v2\/pages"}],"about":[{"href":"https:\/\/srokacompany.com\/de\/wp-json\/wp\/v2\/types\/page"}],"author":[{"embeddable":true,"href":"https:\/\/srokacompany.com\/de\/wp-json\/wp\/v2\/users\/1234"}],"replies":[{"embeddable":true,"href":"https:\/\/srokacompany.com\/de\/wp-json\/wp\/v2\/comments?post=337364"}],"version-history":[{"count":1,"href":"https:\/\/srokacompany.com\/de\/wp-json\/wp\/v2\/pages\/337364\/revisions"}],"predecessor-version":[{"id":337369,"href":"https:\/\/srokacompany.com\/de\/wp-json\/wp\/v2\/pages\/337364\/revisions\/337369"}],"wp:attachment":[{"href":"https:\/\/srokacompany.com\/de\/wp-json\/wp\/v2\/media?parent=337364"}],"curies":[{"name":"wp","href":"https:\/\/api.w.org\/{rel}","templated":true}]}}