{"id":337365,"date":"2023-07-13T11:31:58","date_gmt":"2023-07-13T09:31:58","guid":{"rendered":"https:\/\/srokacompany.com\/sroka-flugelreparatur-wie-geht-das\/"},"modified":"2025-06-26T09:18:07","modified_gmt":"2025-06-26T07:18:07","slug":"sroka-flugelreparatur-wie-geht-das","status":"publish","type":"page","link":"https:\/\/srokacompany.com\/de\/sroka-flugelreparatur-wie-geht-das\/","title":{"rendered":"SROKA-Fl\u00fcgelreparatur: Wie geht das?"},"content":{"rendered":"<div class=\"titre-text-cta-container\">\n    <div class=\"titre-text-cta-text\"><section class=\"elementor-section elementor-top-section elementor-element elementor-element-2e12b05f elementor-section-boxed elementor-section-height-default elementor-section-height-default\" data-id=\"2e12b05f\" data-element_type=\"section\">\n<div class=\"elementor-container elementor-column-gap-default\">\n<div class=\"elementor-column elementor-col-100 elementor-top-column elementor-element elementor-element-2bd13de1\" data-id=\"2bd13de1\" data-element_type=\"column\">\n<div class=\"elementor-widget-wrap elementor-element-populated\">\n<div class=\"elementor-element elementor-element-74f74948 elementor-widget elementor-widget-text-editor\" data-id=\"74f74948\" data-element_type=\"widget\" data-widget_type=\"text-editor.default\">\n<div class=\"elementor-widget-container\">\n<section class=\"elementor-section elementor-top-section elementor-element elementor-element-dd84b08 elementor-section-boxed elementor-section-height-default elementor-section-height-default\" data-id=\"dd84b08\" data-element_type=\"section\">\n<div class=\"elementor-container elementor-column-gap-default\">\n<div class=\"elementor-column elementor-col-100 elementor-top-column elementor-element elementor-element-dea99c0\" data-id=\"dea99c0\" data-element_type=\"column\">\n<div class=\"elementor-widget-wrap elementor-element-populated\">\n<div class=\"elementor-element elementor-element-21a6889 elementor-widget elementor-widget-text-editor\" data-id=\"21a6889\" data-element_type=\"widget\" data-widget_type=\"text-editor.default\">\n<div class=\"elementor-widget-container\">\n<p>Vous avez une wing Sroka et vous l\u2019adorez, mais malheureusement, elle a subi un accroc ou une d\u00e9chirure ? Pas de panique, nous avons la solution pour vous ! Chez Sroka, nous vous proposons un service de r\u00e9paration de wing rapide, efficace et \u00e9conomique. Il vous suffit de suivre ces \u00e9tapes simples :<\/p>\n<\/div>\n<\/div>\n<\/div>\n<\/div>\n<\/div>\n<\/section>\n<\/div>\n<\/div>\n<\/div>\n<\/div>\n<\/div>\n<\/section>\n<\/div>\n  <\/div><div class=\"titre-text-cta-container\">\n    <div class=\"titre-text-cta-text\"><section class=\"elementor-section elementor-top-section elementor-element elementor-element-2e12b05f elementor-section-boxed elementor-section-height-default elementor-section-height-default\" data-id=\"2e12b05f\" data-element_type=\"section\">\n<div class=\"elementor-container elementor-column-gap-default\">\n<div class=\"elementor-column elementor-col-100 elementor-top-column elementor-element elementor-element-2bd13de1\" data-id=\"2bd13de1\" data-element_type=\"column\">\n<div class=\"elementor-widget-wrap elementor-element-populated\">\n<div class=\"elementor-element elementor-element-74f74948 elementor-widget elementor-widget-text-editor\" data-id=\"74f74948\" data-element_type=\"widget\" data-widget_type=\"text-editor.default\">\n<div class=\"elementor-widget-container\">\n<section class=\"elementor-section elementor-top-section elementor-element elementor-element-dd84b08 elementor-section-boxed elementor-section-height-default elementor-section-height-default\" data-id=\"dd84b08\" data-element_type=\"section\">\n<div class=\"elementor-container elementor-column-gap-default\">\n<div class=\"elementor-column elementor-col-100 elementor-top-column elementor-element elementor-element-dea99c0\" data-id=\"dea99c0\" data-element_type=\"column\">\n<div class=\"elementor-widget-wrap elementor-element-populated\">\n<div class=\"elementor-element elementor-element-21a6889 elementor-widget elementor-widget-text-editor\" data-id=\"21a6889\" data-element_type=\"widget\" data-widget_type=\"text-editor.default\">\n<div class=\"elementor-widget-container\">\n<ol>\n<li>Rendez-vous sur le site de notre r\u00e9parateur officiel :\u00a0<a href=\"https:\/\/www.jaicassemavoile.com\/\" target=\"_blank\" rel=\"noopener\">J\u2019ai cass\u00e9 ma voile<\/a>. C\u2019est le seul site agr\u00e9\u00e9 par Sroka pour r\u00e9parer votre wing avec des mat\u00e9riaux et des techniques adapt\u00e9s.<\/li>\n<li>Remplissez le formulaire en ligne pour d\u00e9crire la nature de la casse, ainsi que vos coordonn\u00e9es.<\/li>\n<li>Le prix est donn\u00e9 \u00e0 titre indicatif et sera d\u00e9termin\u00e9 plus pr\u00e9cis\u00e9ment lorsqu\u2019ils aurons re\u00e7u votre mat\u00e9riel en r\u00e9paration.<\/li>\n<li>Exp\u00e9diez votre wing \u00e0 l\u2019adresse indiqu\u00e9e sur le devis, en prenant soin de bien l\u2019emballer et de joindre une copie du devis.<\/li>\n<li>Attendez que votre wing soit r\u00e9par\u00e9e et renvoy\u00e9e chez vous dans les meilleurs d\u00e9lais.<\/li>\n<li>Profitez \u00e0 nouveau de votre wing Sroka comme au premier jour !<\/li>\n<\/ol>\n<p>Voil\u00e0, c\u2019est aussi simple que \u00e7a ! Avec Sroka, vous b\u00e9n\u00e9ficiez d\u2019un service apr\u00e8s-vente de qualit\u00e9, qui vous garantit une r\u00e9paration de wing durable et conforme aux normes de s\u00e9curit\u00e9. N\u2019h\u00e9sitez pas \u00e0 nous contacter si vous avez des questions ou des remarques.<\/p>\n<\/div>\n<\/div>\n<\/div>\n<\/div>\n<\/div>\n<\/section>\n<\/div>\n<\/div>\n<\/div>\n<\/div>\n<\/div>\n<\/section>\n<\/div>\n      <a href=\"https:\/\/srokacompany.com\/de\/eshop\/wing-foil-de\/\" class=\"titre-text-cta-cta\" id=\"titre-text-cta-cta\">Sehen Sie alle Materialien von Wing Foil<\/a>\n  <\/div><div class=\"image-annotation-text-container image-annotation-text-left\">\n  <div class=\"image-annotation-text-img\">\n        \n    <img decoding=\"async\" src=\"https:\/\/srokacompany.com\/wp-content\/uploads\/2023\/07\/Capture-decran-2023-07-13-a-13.24.12.png\" alt=\"Voile d\u00e9chir\u00e9e - r\u00e9paration sroka\" \/>\n  <\/div>\n  <div class=\"image-annotation-text-text-container\">\n          <h2 class=\"image-annotation-text-title sommaire-titles\">\n\n        Warum sollten Sie sich f\u00fcr den Sroka-Fl\u00fcgelreparaturservice entscheiden?      <\/h2>\n        <div class=\"image-annotation-text-description\"><ul>\n<li>Vous b\u00e9n\u00e9ficiez d\u2019un service rapide, efficace et \u00e9conomique.<\/li>\n<li>Vous faites confiance \u00e0 un r\u00e9parateur agr\u00e9\u00e9 par Sroka, qui utilise des mat\u00e9riaux et des techniques adapt\u00e9s \u00e0 votre wing.<\/li>\n<li>Vous prolongez la dur\u00e9e de vie de votre wing et vous assurez de sa s\u00e9curit\u00e9.<\/li>\n<li>Vous soutenez une marque fran\u00e7aise qui vous offre des produits de qualit\u00e9 et innovants<\/li>\n<\/ul>\n<\/div>\n          <div class=\"image-annotation-text-annotation\">\n                  <h3 class='anotation-title-container'>\n                        Uns Kontaktieren          <\/h3>\n                <p><p><b>Si vous avez encore des questions \u00e0 ce sujet, ou pour toute autre demande, n\u2019h\u00e9sitez pas \u00e0\u00a0<a href=\"mailto:jaicassemavoile@gmail.com\">contacter J\u2019ai cass\u00e9 ma voile<\/a>\u00a0!<\/b><\/p>\n<\/p>\n      <\/div>\n          <\/div>\n<\/div>","protected":false},"excerpt":{"rendered":"","protected":false},"author":722,"featured_media":0,"parent":0,"menu_order":0,"comment_status":"closed","ping_status":"closed","template":"","meta":{"_acf_changed":false,"_uag_custom_page_level_css":"","footnotes":""},"class_list":["post-337365","page","type-page","status-publish","hentry"],"acf":[],"yoast_head":"<!-- This site is optimized with the Yoast SEO plugin v27.4 - https:\/\/yoast.com\/product\/yoast-seo-wordpress\/ -->\n<title>Sroka-Fl\u00fcgelreparatur: Wie geht das mit wenigen Klicks?<\/title>\n<meta name=\"description\" content=\"Haben Sie einen besch\u00e4digten Sroka-Fl\u00fcgel? Finden Sie heraus, wie Sie es einfach und schnell mit dem Reparaturservice von wing Sroka reparieren k\u00f6nnen.\" \/>\n<meta name=\"robots\" content=\"index, follow, max-snippet:-1, max-image-preview:large, max-video-preview:-1\" \/>\n<link rel=\"canonical\" href=\"https:\/\/srokacompany.com\/de\/sroka-flugelreparatur-wie-geht-das\/\" \/>\n<meta property=\"og:locale\" content=\"de_DE\" \/>\n<meta property=\"og:type\" content=\"article\" \/>\n<meta property=\"og:title\" content=\"Sroka-Fl\u00fcgelreparatur: Wie geht das mit wenigen Klicks?\" \/>\n<meta property=\"og:description\" content=\"Haben Sie einen besch\u00e4digten Sroka-Fl\u00fcgel? Finden Sie heraus, wie Sie es einfach und schnell mit dem Reparaturservice von wing Sroka reparieren k\u00f6nnen.\" \/>\n<meta property=\"og:url\" content=\"https:\/\/srokacompany.com\/de\/sroka-flugelreparatur-wie-geht-das\/\" \/>\n<meta property=\"og:site_name\" content=\"SROKA Company\" \/>\n<meta property=\"article:publisher\" content=\"https:\/\/www.facebook.com\/srokawatersports\/\" \/>\n<meta property=\"article:modified_time\" content=\"2025-06-26T07:18:07+00:00\" \/>\n<script type=\"application\/ld+json\" class=\"yoast-schema-graph\">{\"@context\":\"https:\\\/\\\/schema.org\",\"@graph\":[{\"@type\":\"WebPage\",\"@id\":\"https:\\\/\\\/srokacompany.com\\\/de\\\/sroka-flugelreparatur-wie-geht-das\\\/\",\"url\":\"https:\\\/\\\/srokacompany.com\\\/de\\\/sroka-flugelreparatur-wie-geht-das\\\/\",\"name\":\"Sroka-Fl\u00fcgelreparatur: Wie geht das mit wenigen Klicks?\",\"isPartOf\":{\"@id\":\"https:\\\/\\\/srokacompany.com\\\/de\\\/#website\"},\"datePublished\":\"2023-07-13T09:31:58+00:00\",\"dateModified\":\"2025-06-26T07:18:07+00:00\",\"description\":\"Haben Sie einen besch\u00e4digten Sroka-Fl\u00fcgel? Finden Sie heraus, wie Sie es einfach und schnell mit dem Reparaturservice von wing Sroka reparieren k\u00f6nnen.\",\"breadcrumb\":{\"@id\":\"https:\\\/\\\/srokacompany.com\\\/de\\\/sroka-flugelreparatur-wie-geht-das\\\/#breadcrumb\"},\"inLanguage\":\"de\",\"potentialAction\":[{\"@type\":\"ReadAction\",\"target\":[\"https:\\\/\\\/srokacompany.com\\\/de\\\/sroka-flugelreparatur-wie-geht-das\\\/\"]}]},{\"@type\":\"BreadcrumbList\",\"@id\":\"https:\\\/\\\/srokacompany.com\\\/de\\\/sroka-flugelreparatur-wie-geht-das\\\/#breadcrumb\",\"itemListElement\":[{\"@type\":\"ListItem\",\"position\":1,\"name\":\"Accueil\",\"item\":\"https:\\\/\\\/srokacompany.com\\\/de\\\/\"},{\"@type\":\"ListItem\",\"position\":2,\"name\":\"SROKA-Fl\u00fcgelreparatur: Wie geht das?\"}]},{\"@type\":\"WebSite\",\"@id\":\"https:\\\/\\\/srokacompany.com\\\/de\\\/#website\",\"url\":\"https:\\\/\\\/srokacompany.com\\\/de\\\/\",\"name\":\"SROKA Company\",\"description\":\"SUP, Kite, Foil, Wing\",\"publisher\":{\"@id\":\"https:\\\/\\\/srokacompany.com\\\/de\\\/#organization\"},\"potentialAction\":[{\"@type\":\"SearchAction\",\"target\":{\"@type\":\"EntryPoint\",\"urlTemplate\":\"https:\\\/\\\/srokacompany.com\\\/de\\\/?s={search_term_string}\"},\"query-input\":{\"@type\":\"PropertyValueSpecification\",\"valueRequired\":true,\"valueName\":\"search_term_string\"}}],\"inLanguage\":\"de\"},{\"@type\":\"Organization\",\"@id\":\"https:\\\/\\\/srokacompany.com\\\/de\\\/#organization\",\"name\":\"SROKACOMPANY\",\"alternateName\":\"SROKA\",\"url\":\"https:\\\/\\\/srokacompany.com\\\/de\\\/\",\"logo\":{\"@type\":\"ImageObject\",\"inLanguage\":\"de\",\"@id\":\"https:\\\/\\\/srokacompany.com\\\/de\\\/#\\\/schema\\\/logo\\\/image\\\/\",\"url\":\"https:\\\/\\\/srokacompany.com\\\/wp-content\\\/uploads\\\/2021\\\/01\\\/logo-sroka-black-transpa.png\",\"contentUrl\":\"https:\\\/\\\/srokacompany.com\\\/wp-content\\\/uploads\\\/2021\\\/01\\\/logo-sroka-black-transpa.png\",\"width\":1201,\"height\":342,\"caption\":\"SROKACOMPANY\"},\"image\":{\"@id\":\"https:\\\/\\\/srokacompany.com\\\/de\\\/#\\\/schema\\\/logo\\\/image\\\/\"},\"sameAs\":[\"https:\\\/\\\/www.facebook.com\\\/srokawatersports\\\/\",\"https:\\\/\\\/www.instagram.com\\\/srokawatersports\\\/\",\"https:\\\/\\\/www.youtube.com\\\/channel\\\/UCVLHHeaPIm-J5bdEUgxqtZA\"]}]}<\/script>\n<!-- \/ Yoast SEO plugin. -->","yoast_head_json":{"title":"Sroka-Fl\u00fcgelreparatur: Wie geht das mit wenigen Klicks?","description":"Haben Sie einen besch\u00e4digten Sroka-Fl\u00fcgel? Finden Sie heraus, wie Sie es einfach und schnell mit dem Reparaturservice von wing Sroka reparieren k\u00f6nnen.","robots":{"index":"index","follow":"follow","max-snippet":"max-snippet:-1","max-image-preview":"max-image-preview:large","max-video-preview":"max-video-preview:-1"},"canonical":"https:\/\/srokacompany.com\/de\/sroka-flugelreparatur-wie-geht-das\/","og_locale":"de_DE","og_type":"article","og_title":"Sroka-Fl\u00fcgelreparatur: Wie geht das mit wenigen Klicks?","og_description":"Haben Sie einen besch\u00e4digten Sroka-Fl\u00fcgel? Finden Sie heraus, wie Sie es einfach und schnell mit dem Reparaturservice von wing Sroka reparieren k\u00f6nnen.","og_url":"https:\/\/srokacompany.com\/de\/sroka-flugelreparatur-wie-geht-das\/","og_site_name":"SROKA Company","article_publisher":"https:\/\/www.facebook.com\/srokawatersports\/","article_modified_time":"2025-06-26T07:18:07+00:00","schema":{"@context":"https:\/\/schema.org","@graph":[{"@type":"WebPage","@id":"https:\/\/srokacompany.com\/de\/sroka-flugelreparatur-wie-geht-das\/","url":"https:\/\/srokacompany.com\/de\/sroka-flugelreparatur-wie-geht-das\/","name":"Sroka-Fl\u00fcgelreparatur: Wie geht das mit wenigen Klicks?","isPartOf":{"@id":"https:\/\/srokacompany.com\/de\/#website"},"datePublished":"2023-07-13T09:31:58+00:00","dateModified":"2025-06-26T07:18:07+00:00","description":"Haben Sie einen besch\u00e4digten Sroka-Fl\u00fcgel? Finden Sie heraus, wie Sie es einfach und schnell mit dem Reparaturservice von wing Sroka reparieren k\u00f6nnen.","breadcrumb":{"@id":"https:\/\/srokacompany.com\/de\/sroka-flugelreparatur-wie-geht-das\/#breadcrumb"},"inLanguage":"de","potentialAction":[{"@type":"ReadAction","target":["https:\/\/srokacompany.com\/de\/sroka-flugelreparatur-wie-geht-das\/"]}]},{"@type":"BreadcrumbList","@id":"https:\/\/srokacompany.com\/de\/sroka-flugelreparatur-wie-geht-das\/#breadcrumb","itemListElement":[{"@type":"ListItem","position":1,"name":"Accueil","item":"https:\/\/srokacompany.com\/de\/"},{"@type":"ListItem","position":2,"name":"SROKA-Fl\u00fcgelreparatur: Wie geht das?"}]},{"@type":"WebSite","@id":"https:\/\/srokacompany.com\/de\/#website","url":"https:\/\/srokacompany.com\/de\/","name":"SROKA Company","description":"SUP, Kite, Foil, Wing","publisher":{"@id":"https:\/\/srokacompany.com\/de\/#organization"},"potentialAction":[{"@type":"SearchAction","target":{"@type":"EntryPoint","urlTemplate":"https:\/\/srokacompany.com\/de\/?s={search_term_string}"},"query-input":{"@type":"PropertyValueSpecification","valueRequired":true,"valueName":"search_term_string"}}],"inLanguage":"de"},{"@type":"Organization","@id":"https:\/\/srokacompany.com\/de\/#organization","name":"SROKACOMPANY","alternateName":"SROKA","url":"https:\/\/srokacompany.com\/de\/","logo":{"@type":"ImageObject","inLanguage":"de","@id":"https:\/\/srokacompany.com\/de\/#\/schema\/logo\/image\/","url":"https:\/\/srokacompany.com\/wp-content\/uploads\/2021\/01\/logo-sroka-black-transpa.png","contentUrl":"https:\/\/srokacompany.com\/wp-content\/uploads\/2021\/01\/logo-sroka-black-transpa.png","width":1201,"height":342,"caption":"SROKACOMPANY"},"image":{"@id":"https:\/\/srokacompany.com\/de\/#\/schema\/logo\/image\/"},"sameAs":["https:\/\/www.facebook.com\/srokawatersports\/","https:\/\/www.instagram.com\/srokawatersports\/","https:\/\/www.youtube.com\/channel\/UCVLHHeaPIm-J5bdEUgxqtZA"]}]}},"uagb_featured_image_src":{"full":false,"thumbnail":false,"medium":false,"medium_large":false,"large":false,"1536x1536":false,"2048x2048":false,"woocommerce_thumbnail":false,"woocommerce_single":false,"woocommerce_gallery_thumbnail":false,"dgwt-wcas-product-suggestion":false},"uagb_author_info":{"display_name":"Emmanuel DIJOUX","author_link":"https:\/\/srokacompany.com\/de\/blog\/author\/emmanuel-d\/"},"uagb_comment_info":0,"uagb_excerpt":null,"jetpack_sharing_enabled":true,"_links":{"self":[{"href":"https:\/\/srokacompany.com\/de\/wp-json\/wp\/v2\/pages\/337365","targetHints":{"allow":["GET"]}}],"collection":[{"href":"https:\/\/srokacompany.com\/de\/wp-json\/wp\/v2\/pages"}],"about":[{"href":"https:\/\/srokacompany.com\/de\/wp-json\/wp\/v2\/types\/page"}],"author":[{"embeddable":true,"href":"https:\/\/srokacompany.com\/de\/wp-json\/wp\/v2\/users\/722"}],"replies":[{"embeddable":true,"href":"https:\/\/srokacompany.com\/de\/wp-json\/wp\/v2\/comments?post=337365"}],"version-history":[{"count":1,"href":"https:\/\/srokacompany.com\/de\/wp-json\/wp\/v2\/pages\/337365\/revisions"}],"predecessor-version":[{"id":337368,"href":"https:\/\/srokacompany.com\/de\/wp-json\/wp\/v2\/pages\/337365\/revisions\/337368"}],"wp:attachment":[{"href":"https:\/\/srokacompany.com\/de\/wp-json\/wp\/v2\/media?parent=337365"}],"curies":[{"name":"wp","href":"https:\/\/api.w.org\/{rel}","templated":true}]}}