{"id":337523,"date":"2021-08-25T13:33:25","date_gmt":"2021-08-25T11:33:25","guid":{"rendered":"https:\/\/srokacompany.com\/arbeitsplatze\/"},"modified":"2025-06-26T09:18:20","modified_gmt":"2025-06-26T07:18:20","slug":"arbeitsplatze","status":"publish","type":"page","link":"https:\/\/srokacompany.com\/de\/arbeitsplatze\/","title":{"rendered":"ARBEITSPL\u00c4TZE"},"content":{"rendered":"<div class=\"titre-text-cta-container\">\n      <h2 class=\"titre-text-cta-titre sommaire-titles\">\u00dcBER UNS<\/h2>\n    <div class=\"titre-text-cta-text\"><p>En 2013, Bruno Sroka met fin \u00e0 sa carri\u00e8re sportive apr\u00e8s trois titres de champion du monde de kitesurf. Il fonde alors SROKA Company, une entreprise sp\u00e9cialis\u00e9e dans les sports de glisse. Notre but est de partager notre passion au plus grand nombre, avec des produits de qualit\u00e9. Nous commercialisons des Stand-Up Paddle, des produits Kitesurf et de foil (Wing Foil, Surf Foil, Wind Foil, Wake Foil, Kite Foil\u2026), en France et \u00e0 l\u2019international.<\/p>\n<h2 style=\"text-align: center\"><strong><em>SROKA COMPANY RECRUTE\u00a0<\/em><\/strong><\/h2>\n<p>Face \u00e0 l\u2019engouement g\u00e9n\u00e9ral pour les sports nautiques, notre entreprise connait une phase de tr\u00e8s forte croissance. Cela nous am\u00e8ne \u00e0 renforcer notre \u00e9quipe de quatre personnes, bas\u00e9e en p\u00e9riph\u00e9rie de Brest. Nous recherchons un-e assistant-e communication et r\u00e9daction web, mais aussi un agent logistique (annonce ci-dessous).<\/p>\n<h3 style=\"text-align: center\"><em><strong>ASSISTANT(E) COMMUNICATION \/ REDACTION WEB<\/strong><\/em><\/h3>\n<p>Nous sommes une marque de sports de glisse. Nous d\u00e9veloppons et commercialisons des Stand-Up Paddle, \u00e9quipements de foil (wing foil, kitefoil, surf foil, windfoil) et kitesurf. Nous sommes bas\u00e9s \u00e0 Gouesnou, \u00e0 10 minutes de Brest.<\/p>\n<p>En 2013 lorsque Bruno SROKA (3x Champion du monde de kitesurf) d\u00e9cide d\u2019arr\u00eater sa carri\u00e8re sportive, il cr\u00e9e la marque SROKA pour partager sa passion au plus grand nombre en commercialisant ses produits. L\u2019\u00e9quipe se compose de quatre personnes dans les bureaux de Brest, de plusieurs agents commerciaux et de plusieurs freelance (designer ; consulting) qui interviennent ponctuellement dans le d\u00e9veloppement de la marque. Nos ambassadeurs nous aident \u00e0 communiquer et apportent du contenu r\u00e9gulier pour montrer et faire conna\u00eetre la marque.<\/p>\n<p>Passionn\u00e9(e) et pratiquant(e) de sports de glisse\/nautiques, vous cherchez \u00e0 \u00e9voluer dans un monde li\u00e9 autour des ces activit\u00e9s, et contribuer \u00e0 la croissance d\u2019une marque bretonne qui d\u00e9veloppe, commercialise et distribue des produits \u00e0 l\u2019international, vous \u00eates le\/la bienvenu(e).<\/p>\n<p>Nous recherchons un(e) passionn\u00e9(e) des techniques de la communication mais aussi d\u2019\u00e9criture, pour concevoir et produire tout notre contenu \u00e9ditorial et visuel (articles, tutoriels, fiches produits, catalogue, newsletter) avec le respect des bonnes pratiques SEO.<\/p>\n<p><b>Vos missions :<\/b><\/p>\n<ul>\n<li>La r\u00e9daction des articles, descriptions d\u00e9taill\u00e9es, des fiches produits et des articles de r\u00e9f\u00e9rencement sur l&#8217;ensemble de nos secteurs (Stand-Up Paddle, Foil, wingfoil\u2026).<\/li>\n<li>R\u00e9alisation de\u00a0visuels digitaux et print : publicit\u00e9s, catalogues, brochures&#8230;<\/li>\n<li>R\u00e9alisation de Newsletters via Mailchimp<\/li>\n<li>Community Management : Facebook, Tiktok, Instagram, Pinterest, Youtube<\/li>\n<li>Gestion des relations m\u00e9dias et ambassadeurs<\/li>\n<li>Participation aux campagnes de communication pour les lancements de produits.<\/li>\n<\/ul>\n<p>Nous sommes une petite \u00e9quipe tr\u00e8s polyvalente. D\u2019autres missions peuvent s\u2019ajouter \u00e0 votre quotidien, auxquelles toute l\u2019\u00e9quipe participe : prise de vues, pr\u00e9paration des commandes, retouche photo\u2026 Votre avis, votre passion pour les sports nautiques, votre motivation et vos propositions sont les bienvenus.<\/p>\n<p><b>Nous recherchons un profil :<\/b><\/p>\n<ul>\n<li>Ayant une r\u00e9elle aisance r\u00e9dactionnelle et une orthographe irr\u00e9prochable<\/li>\n<li>Qui, id\u00e9alement, pratique les sports de glisse (kitesurf, planche \u00e0 voile, surf, foil, stand up paddle)<\/li>\n<li>Ayant une formation communication \/ marketing, niveau L3\/Master<\/li>\n<li>Autonome, dynamique et qui participe \u00e0 la r\u00e9flexion g\u00e9n\u00e9rale<\/li>\n<li>Avec des connaissances de la suite Adobe (LightRoom, Photoshop, Illustrator\u2026)<\/li>\n<li>Des bases SEO sont appr\u00e9ci\u00e9es, mais vous serez form\u00e9-e lors de votre arriv\u00e9e et encadr\u00e9-e dans ce domaine<\/li>\n<li>Ayant une premi\u00e8re exp\u00e9rience dans le domaine<\/li>\n<li>Anglais courant fortement appr\u00e9ci\u00e9<\/li>\n<\/ul>\n<p>CV et lettre de motivation OBLIGATOIRES.<\/p>\n<hr \/>\n<h3 style=\"text-align: center\"><strong><em>MAGASINIER \/ AGENT LOGISTIQUE :<\/em><\/strong><\/h3>\n<p><strong>Missions :<\/strong><\/p>\n<ul>\n<li>Gestion des arrivages et des envois<\/li>\n<li>R\u00e9ception des marchandises, contr\u00f4le \u00e0 leurs arriv\u00e9es<\/li>\n<li>Rangement et stockage des marchandises<\/li>\n<li>Pr\u00e9paration des commandes \u00e0 l&#8217;aide de bons de commandes : colisage du mat\u00e9riel, palettiser les commandes<\/li>\n<li>Organisation de l\u2019espace de stockage<\/li>\n<li>R\u00e9alisation des inventaires du stock et du mat\u00e9riel<\/li>\n<li>R\u00e9parations \u00e9ventuelles<\/li>\n<\/ul>\n<p><strong>Aptitudes :<\/strong> organisation, rigueur, bonne communication, autonome, motiv\u00e9, manuel<\/p>\n<p>Une connaissance dans les sports de glisse et le foil est appr\u00e9ci\u00e9e. Id\u00e9alement de formation logistique, magasinier; vous poss\u00e9dez une premi\u00e8re exp\u00e9rience sur un poste similaire.<\/p>\n<hr \/>\n<h3 style=\"text-align: center\"><em><strong>CANDIDATURE SPONTANEE :<\/strong><\/em><\/h3>\n<p>Nous sommes toujours en recherche de nouveaux talents, motiv\u00e9s et passionn\u00e9s de sports de glisse, pour rejoindre et renforcer notre \u00e9quipe. N&#8217;h\u00e9sitez pas \u00e0 nous envoyer votre candidature spontan\u00e9e, nous serons ravis d&#8217;y r\u00e9pondre.<\/p>\n<p style=\"text-align: center\"><strong>N\u2019h\u00e9sitez pas \u00e0 postuler : recrutement.srokacompany@gmail.com<\/strong><\/p>\n<p style=\"text-align: center\"><a href=\"https:\/\/srokacompany.com\/de\/uber-uns\/\">Notre histoire<\/a><\/p>\n<p id=\"nos-valeurs\" style=\"text-align: center\"><a href=\"https:\/\/srokacompany.com\/de\/uber-uns\/\">Nos valeurs<\/a><\/p>\n<p style=\"text-align: center\">Rejoignez-nous sur <a href=\"https:\/\/www.facebook.com\/groups\/540490826950431\/\">notre groupe Facebook Sroka SESSIONS<\/a>\u00a0! #BESROKA<\/p>\n<\/div>\n  <\/div>\n<p><\/p>\n","protected":false},"excerpt":{"rendered":"","protected":false},"author":376,"featured_media":0,"parent":0,"menu_order":0,"comment_status":"closed","ping_status":"closed","template":"","meta":{"_acf_changed":false,"_uag_custom_page_level_css":"","footnotes":""},"class_list":["post-337523","page","type-page","status-publish","hentry"],"acf":[],"yoast_head":"<!-- This site is optimized with the Yoast SEO plugin v27.4 - https:\/\/yoast.com\/product\/yoast-seo-wordpress\/ -->\n<title>ARBEITSPL\u00c4TZE - SROKA Company<\/title>\n<meta name=\"description\" content=\"SROKA Company sucht Menschen, die erfahren, engagiert und leidenschaftlich f\u00fcr Wassersport sind. Z\u00f6gern Sie nicht, sich zu bewerben!\" \/>\n<meta name=\"robots\" content=\"index, follow, max-snippet:-1, max-image-preview:large, max-video-preview:-1\" \/>\n<link rel=\"canonical\" href=\"https:\/\/srokacompany.com\/de\/arbeitsplatze\/\" \/>\n<meta property=\"og:locale\" content=\"de_DE\" \/>\n<meta property=\"og:type\" content=\"article\" \/>\n<meta property=\"og:title\" content=\"ARBEITSPL\u00c4TZE - SROKA Company\" \/>\n<meta property=\"og:description\" content=\"SROKA Company sucht Menschen, die erfahren, engagiert und leidenschaftlich f\u00fcr Wassersport sind. Z\u00f6gern Sie nicht, sich zu bewerben!\" \/>\n<meta property=\"og:url\" content=\"https:\/\/srokacompany.com\/de\/arbeitsplatze\/\" \/>\n<meta property=\"og:site_name\" content=\"SROKA Company\" \/>\n<meta property=\"article:publisher\" content=\"https:\/\/www.facebook.com\/srokawatersports\/\" \/>\n<meta property=\"article:modified_time\" content=\"2025-06-26T07:18:20+00:00\" \/>\n<script type=\"application\/ld+json\" class=\"yoast-schema-graph\">{\"@context\":\"https:\\\/\\\/schema.org\",\"@graph\":[{\"@type\":\"WebPage\",\"@id\":\"https:\\\/\\\/srokacompany.com\\\/de\\\/arbeitsplatze\\\/\",\"url\":\"https:\\\/\\\/srokacompany.com\\\/de\\\/arbeitsplatze\\\/\",\"name\":\"ARBEITSPL\u00c4TZE - SROKA Company\",\"isPartOf\":{\"@id\":\"https:\\\/\\\/srokacompany.com\\\/de\\\/#website\"},\"datePublished\":\"2021-08-25T11:33:25+00:00\",\"dateModified\":\"2025-06-26T07:18:20+00:00\",\"description\":\"SROKA Company sucht Menschen, die erfahren, engagiert und leidenschaftlich f\u00fcr Wassersport sind. Z\u00f6gern Sie nicht, sich zu bewerben!\",\"breadcrumb\":{\"@id\":\"https:\\\/\\\/srokacompany.com\\\/de\\\/arbeitsplatze\\\/#breadcrumb\"},\"inLanguage\":\"de\",\"potentialAction\":[{\"@type\":\"ReadAction\",\"target\":[\"https:\\\/\\\/srokacompany.com\\\/de\\\/arbeitsplatze\\\/\"]}]},{\"@type\":\"BreadcrumbList\",\"@id\":\"https:\\\/\\\/srokacompany.com\\\/de\\\/arbeitsplatze\\\/#breadcrumb\",\"itemListElement\":[{\"@type\":\"ListItem\",\"position\":1,\"name\":\"Accueil\",\"item\":\"https:\\\/\\\/srokacompany.com\\\/de\\\/\"},{\"@type\":\"ListItem\",\"position\":2,\"name\":\"ARBEITSPL\u00c4TZE\"}]},{\"@type\":\"WebSite\",\"@id\":\"https:\\\/\\\/srokacompany.com\\\/de\\\/#website\",\"url\":\"https:\\\/\\\/srokacompany.com\\\/de\\\/\",\"name\":\"SROKA Company\",\"description\":\"SUP, Kite, Foil, Wing\",\"publisher\":{\"@id\":\"https:\\\/\\\/srokacompany.com\\\/de\\\/#organization\"},\"potentialAction\":[{\"@type\":\"SearchAction\",\"target\":{\"@type\":\"EntryPoint\",\"urlTemplate\":\"https:\\\/\\\/srokacompany.com\\\/de\\\/?s={search_term_string}\"},\"query-input\":{\"@type\":\"PropertyValueSpecification\",\"valueRequired\":true,\"valueName\":\"search_term_string\"}}],\"inLanguage\":\"de\"},{\"@type\":\"Organization\",\"@id\":\"https:\\\/\\\/srokacompany.com\\\/de\\\/#organization\",\"name\":\"SROKACOMPANY\",\"alternateName\":\"SROKA\",\"url\":\"https:\\\/\\\/srokacompany.com\\\/de\\\/\",\"logo\":{\"@type\":\"ImageObject\",\"inLanguage\":\"de\",\"@id\":\"https:\\\/\\\/srokacompany.com\\\/de\\\/#\\\/schema\\\/logo\\\/image\\\/\",\"url\":\"https:\\\/\\\/srokacompany.com\\\/wp-content\\\/uploads\\\/2021\\\/01\\\/logo-sroka-black-transpa.png\",\"contentUrl\":\"https:\\\/\\\/srokacompany.com\\\/wp-content\\\/uploads\\\/2021\\\/01\\\/logo-sroka-black-transpa.png\",\"width\":1201,\"height\":342,\"caption\":\"SROKACOMPANY\"},\"image\":{\"@id\":\"https:\\\/\\\/srokacompany.com\\\/de\\\/#\\\/schema\\\/logo\\\/image\\\/\"},\"sameAs\":[\"https:\\\/\\\/www.facebook.com\\\/srokawatersports\\\/\",\"https:\\\/\\\/www.instagram.com\\\/srokawatersports\\\/\",\"https:\\\/\\\/www.youtube.com\\\/channel\\\/UCVLHHeaPIm-J5bdEUgxqtZA\"]}]}<\/script>\n<!-- \/ Yoast SEO plugin. -->","yoast_head_json":{"title":"ARBEITSPL\u00c4TZE - SROKA Company","description":"SROKA Company sucht Menschen, die erfahren, engagiert und leidenschaftlich f\u00fcr Wassersport sind. Z\u00f6gern Sie nicht, sich zu bewerben!","robots":{"index":"index","follow":"follow","max-snippet":"max-snippet:-1","max-image-preview":"max-image-preview:large","max-video-preview":"max-video-preview:-1"},"canonical":"https:\/\/srokacompany.com\/de\/arbeitsplatze\/","og_locale":"de_DE","og_type":"article","og_title":"ARBEITSPL\u00c4TZE - SROKA Company","og_description":"SROKA Company sucht Menschen, die erfahren, engagiert und leidenschaftlich f\u00fcr Wassersport sind. Z\u00f6gern Sie nicht, sich zu bewerben!","og_url":"https:\/\/srokacompany.com\/de\/arbeitsplatze\/","og_site_name":"SROKA Company","article_publisher":"https:\/\/www.facebook.com\/srokawatersports\/","article_modified_time":"2025-06-26T07:18:20+00:00","schema":{"@context":"https:\/\/schema.org","@graph":[{"@type":"WebPage","@id":"https:\/\/srokacompany.com\/de\/arbeitsplatze\/","url":"https:\/\/srokacompany.com\/de\/arbeitsplatze\/","name":"ARBEITSPL\u00c4TZE - SROKA Company","isPartOf":{"@id":"https:\/\/srokacompany.com\/de\/#website"},"datePublished":"2021-08-25T11:33:25+00:00","dateModified":"2025-06-26T07:18:20+00:00","description":"SROKA Company sucht Menschen, die erfahren, engagiert und leidenschaftlich f\u00fcr Wassersport sind. Z\u00f6gern Sie nicht, sich zu bewerben!","breadcrumb":{"@id":"https:\/\/srokacompany.com\/de\/arbeitsplatze\/#breadcrumb"},"inLanguage":"de","potentialAction":[{"@type":"ReadAction","target":["https:\/\/srokacompany.com\/de\/arbeitsplatze\/"]}]},{"@type":"BreadcrumbList","@id":"https:\/\/srokacompany.com\/de\/arbeitsplatze\/#breadcrumb","itemListElement":[{"@type":"ListItem","position":1,"name":"Accueil","item":"https:\/\/srokacompany.com\/de\/"},{"@type":"ListItem","position":2,"name":"ARBEITSPL\u00c4TZE"}]},{"@type":"WebSite","@id":"https:\/\/srokacompany.com\/de\/#website","url":"https:\/\/srokacompany.com\/de\/","name":"SROKA Company","description":"SUP, Kite, Foil, Wing","publisher":{"@id":"https:\/\/srokacompany.com\/de\/#organization"},"potentialAction":[{"@type":"SearchAction","target":{"@type":"EntryPoint","urlTemplate":"https:\/\/srokacompany.com\/de\/?s={search_term_string}"},"query-input":{"@type":"PropertyValueSpecification","valueRequired":true,"valueName":"search_term_string"}}],"inLanguage":"de"},{"@type":"Organization","@id":"https:\/\/srokacompany.com\/de\/#organization","name":"SROKACOMPANY","alternateName":"SROKA","url":"https:\/\/srokacompany.com\/de\/","logo":{"@type":"ImageObject","inLanguage":"de","@id":"https:\/\/srokacompany.com\/de\/#\/schema\/logo\/image\/","url":"https:\/\/srokacompany.com\/wp-content\/uploads\/2021\/01\/logo-sroka-black-transpa.png","contentUrl":"https:\/\/srokacompany.com\/wp-content\/uploads\/2021\/01\/logo-sroka-black-transpa.png","width":1201,"height":342,"caption":"SROKACOMPANY"},"image":{"@id":"https:\/\/srokacompany.com\/de\/#\/schema\/logo\/image\/"},"sameAs":["https:\/\/www.facebook.com\/srokawatersports\/","https:\/\/www.instagram.com\/srokawatersports\/","https:\/\/www.youtube.com\/channel\/UCVLHHeaPIm-J5bdEUgxqtZA"]}]}},"uagb_featured_image_src":{"full":false,"thumbnail":false,"medium":false,"medium_large":false,"large":false,"1536x1536":false,"2048x2048":false,"woocommerce_thumbnail":false,"woocommerce_single":false,"woocommerce_gallery_thumbnail":false,"dgwt-wcas-product-suggestion":false},"uagb_author_info":{"display_name":"leclezio.coline@gmail.com","author_link":"https:\/\/srokacompany.com\/de\/blog\/author\/leclezio-colinegmail-com\/"},"uagb_comment_info":0,"uagb_excerpt":null,"jetpack_sharing_enabled":true,"_links":{"self":[{"href":"https:\/\/srokacompany.com\/de\/wp-json\/wp\/v2\/pages\/337523","targetHints":{"allow":["GET"]}}],"collection":[{"href":"https:\/\/srokacompany.com\/de\/wp-json\/wp\/v2\/pages"}],"about":[{"href":"https:\/\/srokacompany.com\/de\/wp-json\/wp\/v2\/types\/page"}],"author":[{"embeddable":true,"href":"https:\/\/srokacompany.com\/de\/wp-json\/wp\/v2\/users\/376"}],"replies":[{"embeddable":true,"href":"https:\/\/srokacompany.com\/de\/wp-json\/wp\/v2\/comments?post=337523"}],"version-history":[{"count":1,"href":"https:\/\/srokacompany.com\/de\/wp-json\/wp\/v2\/pages\/337523\/revisions"}],"predecessor-version":[{"id":337543,"href":"https:\/\/srokacompany.com\/de\/wp-json\/wp\/v2\/pages\/337523\/revisions\/337543"}],"wp:attachment":[{"href":"https:\/\/srokacompany.com\/de\/wp-json\/wp\/v2\/media?parent=337523"}],"curies":[{"name":"wp","href":"https:\/\/api.w.org\/{rel}","templated":true}]}}