{"id":337866,"date":"2021-06-03T10:48:52","date_gmt":"2021-06-03T08:48:52","guid":{"rendered":"https:\/\/srokacompany.com\/technische-daten-der-kites-und-boards-von-foil-sroka\/"},"modified":"2025-06-26T09:18:32","modified_gmt":"2025-06-26T07:18:32","slug":"technische-daten-der-kites-und-boards-von-foil-sroka","status":"publish","type":"page","link":"https:\/\/srokacompany.com\/de\/technische-daten-der-kites-und-boards-von-foil-sroka\/","title":{"rendered":"Technische Daten der Kites und Boards von foil Sroka"},"content":{"rendered":"<div class=\"titre-text-cta-container\">\n      <h2 class=\"titre-text-cta-titre sommaire-titles\">Wie werden die Produkte der Sroka Company entwickelt?<\/h2>\n    <div class=\"titre-text-cta-text\"><p style=\"text-align: justify\">Notre philosophie est de partir de vos besoins pour concevoir nos produits. Votre cahier des charges est le notre, avec plusieurs cons\u00e9quences. La premi\u00e8re est que nous sommes \u00e0 votre \u00e9coute, et prenons en compte vos remarques, positives comme n\u00e9gatives, dans le d\u00e9veloppement de nos produits. Ensuite, nous ne for\u00e7ons pas le rider \u00e0 devoir s&#8217;adapter au mat\u00e9riel. Chacune de nos ailettes, planche de foil ou wing r\u00e9pond \u00e0 un besoin.<\/p>\n<p style=\"text-align: justify\">Nous ne sommes pas l\u00e0 pour faire la course au mat\u00e9riel non plus. Toutes nos ailes ont leurs forces, mais il n&#8217;est pas question que votre session devienne un cauchemar si tous les param\u00e8tres ne sont pas parfaitement r\u00e9unis : elles sont donc, chacune \u00e0 leur mani\u00e8re des mod\u00e8les de polyvalence et d&#8217;\u00e9volutivit\u00e9.<\/p>\n<\/div>\n  <\/div><div class=\"image-annotation-text-container image-annotation-text-left\">\n  <div class=\"image-annotation-text-img\">\n        \n    <img decoding=\"async\" src=\"https:\/\/srokacompany.com\/wp-content\/uploads\/2021\/04\/wingsurf.jpg\" alt=\"Surf avec le pack wingfoil Sroka Company avec la planche de foil, le foil et la Wing Sroka\" \/>\n  <\/div>\n  <div class=\"image-annotation-text-text-container\">\n        <div class=\"image-annotation-text-description\"><p>Bruno Sroka selbst testet jedes Produkt, bevor er es aufs Wasser bringt, und unsere Produkte kommen erst heraus, wenn die Empfindungen und die Qualit\u00e4t da sind. Wir achten auch darauf, unsere Auswirkungen zu reduzieren, indem wir Ihnen Produkte anbieten, die langlebig und nicht wegwerfbar sind.<\/p>\n<\/div>\n          <\/div>\n<\/div><div class=\"image-annotation-text-container image-annotation-text-left\">\n  <div class=\"image-annotation-text-img\">\n        \n    <img decoding=\"async\" src=\"https:\/\/srokacompany.com\/wp-content\/uploads\/2023\/02\/Capture-de\u0301cran-2023-02-01-a\u0300-11.42.25.png\" alt=\"\" \/>\n  <\/div>\n  <div class=\"image-annotation-text-text-container\">\n          <h2 class=\"image-annotation-text-title sommaire-titles\">\n\n        Entdecken Sie unten die Details unserer Vorderfl\u00fcgel von foil und Brettern.      <\/h2>\n        <div class=\"image-annotation-text-description\"><p>Bruno Sroka selbst testet jedes Produkt, bevor er es aufs Wasser bringt, und unsere Produkte kommen erst heraus, wenn die Empfindungen und die Qualit\u00e4t da sind. Wir achten auch darauf, unsere Auswirkungen zu reduzieren, indem wir Ihnen Produkte anbieten, die langlebig und nicht wegwerfbar sind.<\/p>\n<\/div>\n          <\/div>\n<\/div><div class=\"image-annotation-text-container image-annotation-text-left\">\n  <div class=\"image-annotation-text-img\">\n        \n    <img decoding=\"async\" src=\"https:\/\/srokacompany.com\/wp-content\/uploads\/2023\/02\/Capture-de\u0301cran-2023-02-01-a\u0300-11.45.55.png\" alt=\"\" \/>\n  <\/div>\n  <div class=\"image-annotation-text-text-container\">\n          <h2 class=\"image-annotation-text-title sommaire-titles\">\n\n        Eigenschaften der Fl\u00fcgel von foil und Stabilisatoren SROKA Company      <\/h2>\n        <div class=\"image-annotation-text-description\"><p>In diesen Tabellen finden Sie die Hauptmerkmale unserer Produkte im Zusammenhang mit der Folierung. Sie k\u00f6nnen dir einen schnellen \u00dcberblick dar\u00fcber geben, wie sich ein Foil, ein Wing oder ein Board verh\u00e4lt. Denken Sie daran, dass es viele andere gibt, die in das Design eines Foils, Boards oder Wings einflie\u00dfen.   Anstatt sie zu vergleichen, um die richtige Wahl zu treffen, gibt es nichts Besseres, als uns direkt per E-Mail, Chat oder Telefon zu kontaktieren, wir stellen Ihnen gerne unser technisches Know-how und unsere Erfahrung zur Verf\u00fcgung.<\/p>\n<\/div>\n          <\/div>\n<\/div>","protected":false},"excerpt":{"rendered":"","protected":false},"author":320,"featured_media":0,"parent":0,"menu_order":0,"comment_status":"closed","ping_status":"closed","template":"","meta":{"_acf_changed":false,"_uag_custom_page_level_css":"","footnotes":""},"class_list":["post-337866","page","type-page","status-publish","hentry"],"acf":[],"yoast_head":"<!-- This site is optimized with the Yoast SEO plugin v27.4 - https:\/\/yoast.com\/product\/yoast-seo-wordpress\/ -->\n<title>Technische Daten der Bretter von foil Sroka - SROKA Company<\/title>\n<meta name=\"description\" content=\"Unsere Philosophie ist es, bei der Entwicklung unserer Produkte von Ihren Bed\u00fcrfnissen auszugehen. Ihre Spezifikationen sind unsere, mit mehreren...\" \/>\n<meta name=\"robots\" content=\"index, follow, max-snippet:-1, max-image-preview:large, max-video-preview:-1\" \/>\n<link rel=\"canonical\" href=\"https:\/\/srokacompany.com\/de\/technische-daten-der-kites-und-boards-von-foil-sroka\/\" \/>\n<meta property=\"og:locale\" content=\"de_DE\" \/>\n<meta property=\"og:type\" content=\"article\" \/>\n<meta property=\"og:title\" content=\"Technische Daten der Bretter von foil Sroka - SROKA Company\" \/>\n<meta property=\"og:description\" content=\"Unsere Philosophie ist es, bei der Entwicklung unserer Produkte von Ihren Bed\u00fcrfnissen auszugehen. Ihre Spezifikationen sind unsere, mit mehreren...\" \/>\n<meta property=\"og:url\" content=\"https:\/\/srokacompany.com\/de\/technische-daten-der-kites-und-boards-von-foil-sroka\/\" \/>\n<meta property=\"og:site_name\" content=\"SROKA Company\" \/>\n<meta property=\"article:publisher\" content=\"https:\/\/www.facebook.com\/srokawatersports\/\" \/>\n<meta property=\"article:modified_time\" content=\"2025-06-26T07:18:32+00:00\" \/>\n<script type=\"application\/ld+json\" class=\"yoast-schema-graph\">{\"@context\":\"https:\\\/\\\/schema.org\",\"@graph\":[{\"@type\":\"WebPage\",\"@id\":\"https:\\\/\\\/srokacompany.com\\\/de\\\/technische-daten-der-kites-und-boards-von-foil-sroka\\\/\",\"url\":\"https:\\\/\\\/srokacompany.com\\\/de\\\/technische-daten-der-kites-und-boards-von-foil-sroka\\\/\",\"name\":\"Technische Daten der Bretter von foil Sroka - SROKA Company\",\"isPartOf\":{\"@id\":\"https:\\\/\\\/srokacompany.com\\\/de\\\/#website\"},\"datePublished\":\"2021-06-03T08:48:52+00:00\",\"dateModified\":\"2025-06-26T07:18:32+00:00\",\"description\":\"Unsere Philosophie ist es, bei der Entwicklung unserer Produkte von Ihren Bed\u00fcrfnissen auszugehen. Ihre Spezifikationen sind unsere, mit mehreren...\",\"breadcrumb\":{\"@id\":\"https:\\\/\\\/srokacompany.com\\\/de\\\/technische-daten-der-kites-und-boards-von-foil-sroka\\\/#breadcrumb\"},\"inLanguage\":\"de\",\"potentialAction\":[{\"@type\":\"ReadAction\",\"target\":[\"https:\\\/\\\/srokacompany.com\\\/de\\\/technische-daten-der-kites-und-boards-von-foil-sroka\\\/\"]}]},{\"@type\":\"BreadcrumbList\",\"@id\":\"https:\\\/\\\/srokacompany.com\\\/de\\\/technische-daten-der-kites-und-boards-von-foil-sroka\\\/#breadcrumb\",\"itemListElement\":[{\"@type\":\"ListItem\",\"position\":1,\"name\":\"Accueil\",\"item\":\"https:\\\/\\\/srokacompany.com\\\/de\\\/\"},{\"@type\":\"ListItem\",\"position\":2,\"name\":\"Technische Daten der Kites und Boards von foil Sroka\"}]},{\"@type\":\"WebSite\",\"@id\":\"https:\\\/\\\/srokacompany.com\\\/de\\\/#website\",\"url\":\"https:\\\/\\\/srokacompany.com\\\/de\\\/\",\"name\":\"SROKA Company\",\"description\":\"SUP, Kite, Foil, Wing\",\"publisher\":{\"@id\":\"https:\\\/\\\/srokacompany.com\\\/de\\\/#organization\"},\"potentialAction\":[{\"@type\":\"SearchAction\",\"target\":{\"@type\":\"EntryPoint\",\"urlTemplate\":\"https:\\\/\\\/srokacompany.com\\\/de\\\/?s={search_term_string}\"},\"query-input\":{\"@type\":\"PropertyValueSpecification\",\"valueRequired\":true,\"valueName\":\"search_term_string\"}}],\"inLanguage\":\"de\"},{\"@type\":\"Organization\",\"@id\":\"https:\\\/\\\/srokacompany.com\\\/de\\\/#organization\",\"name\":\"SROKACOMPANY\",\"alternateName\":\"SROKA\",\"url\":\"https:\\\/\\\/srokacompany.com\\\/de\\\/\",\"logo\":{\"@type\":\"ImageObject\",\"inLanguage\":\"de\",\"@id\":\"https:\\\/\\\/srokacompany.com\\\/de\\\/#\\\/schema\\\/logo\\\/image\\\/\",\"url\":\"https:\\\/\\\/srokacompany.com\\\/wp-content\\\/uploads\\\/2021\\\/01\\\/logo-sroka-black-transpa.png\",\"contentUrl\":\"https:\\\/\\\/srokacompany.com\\\/wp-content\\\/uploads\\\/2021\\\/01\\\/logo-sroka-black-transpa.png\",\"width\":1201,\"height\":342,\"caption\":\"SROKACOMPANY\"},\"image\":{\"@id\":\"https:\\\/\\\/srokacompany.com\\\/de\\\/#\\\/schema\\\/logo\\\/image\\\/\"},\"sameAs\":[\"https:\\\/\\\/www.facebook.com\\\/srokawatersports\\\/\",\"https:\\\/\\\/www.instagram.com\\\/srokawatersports\\\/\",\"https:\\\/\\\/www.youtube.com\\\/channel\\\/UCVLHHeaPIm-J5bdEUgxqtZA\"]}]}<\/script>\n<!-- \/ Yoast SEO plugin. -->","yoast_head_json":{"title":"Technische Daten der Bretter von foil Sroka - SROKA Company","description":"Unsere Philosophie ist es, bei der Entwicklung unserer Produkte von Ihren Bed\u00fcrfnissen auszugehen. Ihre Spezifikationen sind unsere, mit mehreren...","robots":{"index":"index","follow":"follow","max-snippet":"max-snippet:-1","max-image-preview":"max-image-preview:large","max-video-preview":"max-video-preview:-1"},"canonical":"https:\/\/srokacompany.com\/de\/technische-daten-der-kites-und-boards-von-foil-sroka\/","og_locale":"de_DE","og_type":"article","og_title":"Technische Daten der Bretter von foil Sroka - SROKA Company","og_description":"Unsere Philosophie ist es, bei der Entwicklung unserer Produkte von Ihren Bed\u00fcrfnissen auszugehen. Ihre Spezifikationen sind unsere, mit mehreren...","og_url":"https:\/\/srokacompany.com\/de\/technische-daten-der-kites-und-boards-von-foil-sroka\/","og_site_name":"SROKA Company","article_publisher":"https:\/\/www.facebook.com\/srokawatersports\/","article_modified_time":"2025-06-26T07:18:32+00:00","schema":{"@context":"https:\/\/schema.org","@graph":[{"@type":"WebPage","@id":"https:\/\/srokacompany.com\/de\/technische-daten-der-kites-und-boards-von-foil-sroka\/","url":"https:\/\/srokacompany.com\/de\/technische-daten-der-kites-und-boards-von-foil-sroka\/","name":"Technische Daten der Bretter von foil Sroka - SROKA Company","isPartOf":{"@id":"https:\/\/srokacompany.com\/de\/#website"},"datePublished":"2021-06-03T08:48:52+00:00","dateModified":"2025-06-26T07:18:32+00:00","description":"Unsere Philosophie ist es, bei der Entwicklung unserer Produkte von Ihren Bed\u00fcrfnissen auszugehen. Ihre Spezifikationen sind unsere, mit mehreren...","breadcrumb":{"@id":"https:\/\/srokacompany.com\/de\/technische-daten-der-kites-und-boards-von-foil-sroka\/#breadcrumb"},"inLanguage":"de","potentialAction":[{"@type":"ReadAction","target":["https:\/\/srokacompany.com\/de\/technische-daten-der-kites-und-boards-von-foil-sroka\/"]}]},{"@type":"BreadcrumbList","@id":"https:\/\/srokacompany.com\/de\/technische-daten-der-kites-und-boards-von-foil-sroka\/#breadcrumb","itemListElement":[{"@type":"ListItem","position":1,"name":"Accueil","item":"https:\/\/srokacompany.com\/de\/"},{"@type":"ListItem","position":2,"name":"Technische Daten der Kites und Boards von foil Sroka"}]},{"@type":"WebSite","@id":"https:\/\/srokacompany.com\/de\/#website","url":"https:\/\/srokacompany.com\/de\/","name":"SROKA Company","description":"SUP, Kite, Foil, Wing","publisher":{"@id":"https:\/\/srokacompany.com\/de\/#organization"},"potentialAction":[{"@type":"SearchAction","target":{"@type":"EntryPoint","urlTemplate":"https:\/\/srokacompany.com\/de\/?s={search_term_string}"},"query-input":{"@type":"PropertyValueSpecification","valueRequired":true,"valueName":"search_term_string"}}],"inLanguage":"de"},{"@type":"Organization","@id":"https:\/\/srokacompany.com\/de\/#organization","name":"SROKACOMPANY","alternateName":"SROKA","url":"https:\/\/srokacompany.com\/de\/","logo":{"@type":"ImageObject","inLanguage":"de","@id":"https:\/\/srokacompany.com\/de\/#\/schema\/logo\/image\/","url":"https:\/\/srokacompany.com\/wp-content\/uploads\/2021\/01\/logo-sroka-black-transpa.png","contentUrl":"https:\/\/srokacompany.com\/wp-content\/uploads\/2021\/01\/logo-sroka-black-transpa.png","width":1201,"height":342,"caption":"SROKACOMPANY"},"image":{"@id":"https:\/\/srokacompany.com\/de\/#\/schema\/logo\/image\/"},"sameAs":["https:\/\/www.facebook.com\/srokawatersports\/","https:\/\/www.instagram.com\/srokawatersports\/","https:\/\/www.youtube.com\/channel\/UCVLHHeaPIm-J5bdEUgxqtZA"]}]}},"uagb_featured_image_src":{"full":false,"thumbnail":false,"medium":false,"medium_large":false,"large":false,"1536x1536":false,"2048x2048":false,"woocommerce_thumbnail":false,"woocommerce_single":false,"woocommerce_gallery_thumbnail":false,"dgwt-wcas-product-suggestion":false},"uagb_author_info":{"display_name":"Tristan Dumard","author_link":"https:\/\/srokacompany.com\/de\/blog\/author\/tristan-dumardgmail-com\/"},"uagb_comment_info":0,"uagb_excerpt":null,"jetpack_sharing_enabled":true,"_links":{"self":[{"href":"https:\/\/srokacompany.com\/de\/wp-json\/wp\/v2\/pages\/337866","targetHints":{"allow":["GET"]}}],"collection":[{"href":"https:\/\/srokacompany.com\/de\/wp-json\/wp\/v2\/pages"}],"about":[{"href":"https:\/\/srokacompany.com\/de\/wp-json\/wp\/v2\/types\/page"}],"author":[{"embeddable":true,"href":"https:\/\/srokacompany.com\/de\/wp-json\/wp\/v2\/users\/320"}],"replies":[{"embeddable":true,"href":"https:\/\/srokacompany.com\/de\/wp-json\/wp\/v2\/comments?post=337866"}],"version-history":[{"count":1,"href":"https:\/\/srokacompany.com\/de\/wp-json\/wp\/v2\/pages\/337866\/revisions"}],"predecessor-version":[{"id":337894,"href":"https:\/\/srokacompany.com\/de\/wp-json\/wp\/v2\/pages\/337866\/revisions\/337894"}],"wp:attachment":[{"href":"https:\/\/srokacompany.com\/de\/wp-json\/wp\/v2\/media?parent=337866"}],"curies":[{"name":"wp","href":"https:\/\/api.w.org\/{rel}","templated":true}]}}