{"id":337994,"date":"2020-06-04T15:50:48","date_gmt":"2020-06-04T13:50:48","guid":{"rendered":"https:\/\/srokacompany.com\/sroka-weltweit\/"},"modified":"2025-06-26T09:18:38","modified_gmt":"2025-06-26T07:18:38","slug":"sroka-weltweit","status":"publish","type":"page","link":"https:\/\/srokacompany.com\/de\/sroka-weltweit\/","title":{"rendered":"SROKA Weltweit"},"content":{"rendered":"<div class=\"image-annotation-text-container image-annotation-text-left\">\n  <div class=\"image-annotation-text-img\">\n        \n    <img decoding=\"async\" src=\"https:\/\/srokacompany.com\/wp-content\/uploads\/2019\/07\/SKY-RIDER-WINDFOIL-ANNECY-5-e1571236519536.jpeg\" alt=\"Windfoil convertible supfoil: skyrider 7&#039;8\" \/>\n  <\/div>\n  <div class=\"image-annotation-text-text-container\">\n          <h2 class=\"image-annotation-text-title sommaire-titles\">\n\n        Wir liefern in die ganze Welt!      <\/h2>\n        <div class=\"image-annotation-text-description\"><p class=\"p1\">O\u00f9 que vous soyez, nous souhaitons vous donner la possibilit\u00e9 d&#8217;\u00eatre sur l&#8217;eau (ou au-dessus) le plus souvent possible. Vous habitez \u00e0 l&#8217;\u00e9tranger et souhaitez vous \u00e9quiper et acheter un foil ou une planche avec le <strong>meilleur rapport qualit\u00e9-prix<\/strong> ? SROKA travaille depuis plus de 7 ans au d\u00e9veloppement des meilleurs foils et planches possible. En fabriquant et en d\u00e9veloppant notre mat\u00e9riel en France, nous nous assurons nous-m\u00eame de la qualit\u00e9 de nos produits et r\u00e9duisons \u00e9galement les interm\u00e9diaires et les transports. <span class=\"s2\">Notre but est de vous proposer un produit <strong>performant<\/strong>, <strong>qualitatif<\/strong> au <strong>prix le plus abordable<\/strong>. Pour se faire, n<\/span><span class=\"s1\">ous pla\u00e7ons le pratiquant au centre de notre d\u00e9marche et nous \u00e9coutons l\u2019avis de nos clients pour continuer \u00e0 innover et \u00e0 faire progresser nos produits. Lorsqu&#8217;une personne souhaite acheter un Wing Foil, un Surf Foil ou encore un Stand-Up Paddle, nous voulons \u00eatre s\u00fbrs qu&#8217;elle vivra la meilleure exp\u00e9rience possible sur l&#8217;eau.<\/span><\/p>\n<\/div>\n          <div class=\"image-annotation-text-annotation\">\n                  <h3 class='anotation-title-container'>\n                        Sroka Watersports          <\/h3>\n                <p><p><span class=\"s1\"><strong>Sroka Watersports<\/strong> effectue des livraisons partout dans le monde. Vous \u00eates \u00e0 la recherche d\u2019un <a href=\"https:\/\/srokacompany.com\/blog\/wing-foil-a-lanzarote\/\"><strong>Wing Foil<\/strong><\/a>, d\u2019un <a href=\"https:\/\/srokacompany.com\/de\/produkt\/surf-foil-46-fast-flyer\/\"><strong>Surf Foil<\/strong><\/a>, d\u2019un <strong>SUP Foil<\/strong>, d\u2019un <strong>Wind Foil<\/strong>, d\u2019un <strong>Kite Foil<\/strong>, d\u2019un <strong>Wake Foil<\/strong> ou d\u2019un <a href=\"https:\/\/srokacompany.com\/de\/produkt\/aufblasbares-paddel-easy\/\"><strong>Stand-up paddle gonflable<\/strong><\/a> ? Nous travaillons avec les <strong>meilleurs<\/strong> <strong>transporteurs internationaux<\/strong> afin de vous assurer une livraison dans les meilleurs d\u00e9lais et avec l\u2019assurance que votre colis sera transport\u00e9 dans de bonnes conditions.<\/span><\/p>\n<\/p>\n      <\/div>\n          <\/div>\n<\/div>","protected":false},"excerpt":{"rendered":"","protected":false},"author":4,"featured_media":0,"parent":0,"menu_order":0,"comment_status":"closed","ping_status":"closed","template":"","meta":{"_acf_changed":false,"_uag_custom_page_level_css":"","footnotes":""},"class_list":["post-337994","page","type-page","status-publish","hentry"],"acf":[],"yoast_head":"<!-- This site is optimized with the Yoast SEO plugin v27.4 - https:\/\/yoast.com\/product\/yoast-seo-wordpress\/ -->\n<title>SROKA Company - Ausr\u00fcster Foil und Stand-up paddle International<\/title>\n<meta name=\"description\" content=\"SROKA - Kaufen Sie ein Wing Foil , Surf Foil, SUP Foil , Wind Foil, Kite Foil, Wake Foil oder Stand-Up Paddle \u00fcberall auf der Welt!\" \/>\n<meta name=\"robots\" content=\"index, follow, max-snippet:-1, max-image-preview:large, max-video-preview:-1\" \/>\n<link rel=\"canonical\" href=\"https:\/\/srokacompany.com\/de\/sroka-weltweit\/\" \/>\n<meta property=\"og:locale\" content=\"de_DE\" \/>\n<meta property=\"og:type\" content=\"article\" \/>\n<meta property=\"og:title\" content=\"SROKA Company - Ausr\u00fcster Foil und Stand-up paddle International\" \/>\n<meta property=\"og:description\" content=\"SROKA - Kaufen Sie ein Wing Foil , Surf Foil, SUP Foil , Wind Foil, Kite Foil, Wake Foil oder Stand-Up Paddle \u00fcberall auf der Welt!\" \/>\n<meta property=\"og:url\" content=\"https:\/\/srokacompany.com\/de\/sroka-weltweit\/\" \/>\n<meta property=\"og:site_name\" content=\"SROKA Company\" \/>\n<meta property=\"article:publisher\" content=\"https:\/\/www.facebook.com\/srokawatersports\/\" \/>\n<meta property=\"article:modified_time\" content=\"2025-06-26T07:18:38+00:00\" \/>\n<script type=\"application\/ld+json\" class=\"yoast-schema-graph\">{\"@context\":\"https:\\\/\\\/schema.org\",\"@graph\":[{\"@type\":\"WebPage\",\"@id\":\"https:\\\/\\\/srokacompany.com\\\/de\\\/sroka-weltweit\\\/\",\"url\":\"https:\\\/\\\/srokacompany.com\\\/de\\\/sroka-weltweit\\\/\",\"name\":\"SROKA Company - Ausr\u00fcster Foil und Stand-up paddle International\",\"isPartOf\":{\"@id\":\"https:\\\/\\\/srokacompany.com\\\/de\\\/#website\"},\"datePublished\":\"2020-06-04T13:50:48+00:00\",\"dateModified\":\"2025-06-26T07:18:38+00:00\",\"description\":\"SROKA - Kaufen Sie ein Wing Foil , Surf Foil, SUP Foil , Wind Foil, Kite Foil, Wake Foil oder Stand-Up Paddle \u00fcberall auf der Welt!\",\"breadcrumb\":{\"@id\":\"https:\\\/\\\/srokacompany.com\\\/de\\\/sroka-weltweit\\\/#breadcrumb\"},\"inLanguage\":\"de\",\"potentialAction\":[{\"@type\":\"ReadAction\",\"target\":[\"https:\\\/\\\/srokacompany.com\\\/de\\\/sroka-weltweit\\\/\"]}]},{\"@type\":\"BreadcrumbList\",\"@id\":\"https:\\\/\\\/srokacompany.com\\\/de\\\/sroka-weltweit\\\/#breadcrumb\",\"itemListElement\":[{\"@type\":\"ListItem\",\"position\":1,\"name\":\"Accueil\",\"item\":\"https:\\\/\\\/srokacompany.com\\\/de\\\/\"},{\"@type\":\"ListItem\",\"position\":2,\"name\":\"SROKA Weltweit\"}]},{\"@type\":\"WebSite\",\"@id\":\"https:\\\/\\\/srokacompany.com\\\/de\\\/#website\",\"url\":\"https:\\\/\\\/srokacompany.com\\\/de\\\/\",\"name\":\"SROKA Company\",\"description\":\"SUP, Kite, Foil, Wing\",\"publisher\":{\"@id\":\"https:\\\/\\\/srokacompany.com\\\/de\\\/#organization\"},\"potentialAction\":[{\"@type\":\"SearchAction\",\"target\":{\"@type\":\"EntryPoint\",\"urlTemplate\":\"https:\\\/\\\/srokacompany.com\\\/de\\\/?s={search_term_string}\"},\"query-input\":{\"@type\":\"PropertyValueSpecification\",\"valueRequired\":true,\"valueName\":\"search_term_string\"}}],\"inLanguage\":\"de\"},{\"@type\":\"Organization\",\"@id\":\"https:\\\/\\\/srokacompany.com\\\/de\\\/#organization\",\"name\":\"SROKACOMPANY\",\"alternateName\":\"SROKA\",\"url\":\"https:\\\/\\\/srokacompany.com\\\/de\\\/\",\"logo\":{\"@type\":\"ImageObject\",\"inLanguage\":\"de\",\"@id\":\"https:\\\/\\\/srokacompany.com\\\/de\\\/#\\\/schema\\\/logo\\\/image\\\/\",\"url\":\"https:\\\/\\\/srokacompany.com\\\/wp-content\\\/uploads\\\/2021\\\/01\\\/logo-sroka-black-transpa.png\",\"contentUrl\":\"https:\\\/\\\/srokacompany.com\\\/wp-content\\\/uploads\\\/2021\\\/01\\\/logo-sroka-black-transpa.png\",\"width\":1201,\"height\":342,\"caption\":\"SROKACOMPANY\"},\"image\":{\"@id\":\"https:\\\/\\\/srokacompany.com\\\/de\\\/#\\\/schema\\\/logo\\\/image\\\/\"},\"sameAs\":[\"https:\\\/\\\/www.facebook.com\\\/srokawatersports\\\/\",\"https:\\\/\\\/www.instagram.com\\\/srokawatersports\\\/\",\"https:\\\/\\\/www.youtube.com\\\/channel\\\/UCVLHHeaPIm-J5bdEUgxqtZA\"]}]}<\/script>\n<!-- \/ Yoast SEO plugin. -->","yoast_head_json":{"title":"SROKA Company - Ausr\u00fcster Foil und Stand-up paddle International","description":"SROKA - Kaufen Sie ein Wing Foil , Surf Foil, SUP Foil , Wind Foil, Kite Foil, Wake Foil oder Stand-Up Paddle \u00fcberall auf der Welt!","robots":{"index":"index","follow":"follow","max-snippet":"max-snippet:-1","max-image-preview":"max-image-preview:large","max-video-preview":"max-video-preview:-1"},"canonical":"https:\/\/srokacompany.com\/de\/sroka-weltweit\/","og_locale":"de_DE","og_type":"article","og_title":"SROKA Company - Ausr\u00fcster Foil und Stand-up paddle International","og_description":"SROKA - Kaufen Sie ein Wing Foil , Surf Foil, SUP Foil , Wind Foil, Kite Foil, Wake Foil oder Stand-Up Paddle \u00fcberall auf der Welt!","og_url":"https:\/\/srokacompany.com\/de\/sroka-weltweit\/","og_site_name":"SROKA Company","article_publisher":"https:\/\/www.facebook.com\/srokawatersports\/","article_modified_time":"2025-06-26T07:18:38+00:00","schema":{"@context":"https:\/\/schema.org","@graph":[{"@type":"WebPage","@id":"https:\/\/srokacompany.com\/de\/sroka-weltweit\/","url":"https:\/\/srokacompany.com\/de\/sroka-weltweit\/","name":"SROKA Company - Ausr\u00fcster Foil und Stand-up paddle International","isPartOf":{"@id":"https:\/\/srokacompany.com\/de\/#website"},"datePublished":"2020-06-04T13:50:48+00:00","dateModified":"2025-06-26T07:18:38+00:00","description":"SROKA - Kaufen Sie ein Wing Foil , Surf Foil, SUP Foil , Wind Foil, Kite Foil, Wake Foil oder Stand-Up Paddle \u00fcberall auf der Welt!","breadcrumb":{"@id":"https:\/\/srokacompany.com\/de\/sroka-weltweit\/#breadcrumb"},"inLanguage":"de","potentialAction":[{"@type":"ReadAction","target":["https:\/\/srokacompany.com\/de\/sroka-weltweit\/"]}]},{"@type":"BreadcrumbList","@id":"https:\/\/srokacompany.com\/de\/sroka-weltweit\/#breadcrumb","itemListElement":[{"@type":"ListItem","position":1,"name":"Accueil","item":"https:\/\/srokacompany.com\/de\/"},{"@type":"ListItem","position":2,"name":"SROKA Weltweit"}]},{"@type":"WebSite","@id":"https:\/\/srokacompany.com\/de\/#website","url":"https:\/\/srokacompany.com\/de\/","name":"SROKA Company","description":"SUP, Kite, Foil, Wing","publisher":{"@id":"https:\/\/srokacompany.com\/de\/#organization"},"potentialAction":[{"@type":"SearchAction","target":{"@type":"EntryPoint","urlTemplate":"https:\/\/srokacompany.com\/de\/?s={search_term_string}"},"query-input":{"@type":"PropertyValueSpecification","valueRequired":true,"valueName":"search_term_string"}}],"inLanguage":"de"},{"@type":"Organization","@id":"https:\/\/srokacompany.com\/de\/#organization","name":"SROKACOMPANY","alternateName":"SROKA","url":"https:\/\/srokacompany.com\/de\/","logo":{"@type":"ImageObject","inLanguage":"de","@id":"https:\/\/srokacompany.com\/de\/#\/schema\/logo\/image\/","url":"https:\/\/srokacompany.com\/wp-content\/uploads\/2021\/01\/logo-sroka-black-transpa.png","contentUrl":"https:\/\/srokacompany.com\/wp-content\/uploads\/2021\/01\/logo-sroka-black-transpa.png","width":1201,"height":342,"caption":"SROKACOMPANY"},"image":{"@id":"https:\/\/srokacompany.com\/de\/#\/schema\/logo\/image\/"},"sameAs":["https:\/\/www.facebook.com\/srokawatersports\/","https:\/\/www.instagram.com\/srokawatersports\/","https:\/\/www.youtube.com\/channel\/UCVLHHeaPIm-J5bdEUgxqtZA"]}]}},"uagb_featured_image_src":{"full":false,"thumbnail":false,"medium":false,"medium_large":false,"large":false,"1536x1536":false,"2048x2048":false,"woocommerce_thumbnail":false,"woocommerce_single":false,"woocommerce_gallery_thumbnail":false,"dgwt-wcas-product-suggestion":false},"uagb_author_info":{"display_name":"Bruno Sroka","author_link":"https:\/\/srokacompany.com\/de\/blog\/author\/bruno\/"},"uagb_comment_info":0,"uagb_excerpt":null,"jetpack_sharing_enabled":true,"_links":{"self":[{"href":"https:\/\/srokacompany.com\/de\/wp-json\/wp\/v2\/pages\/337994","targetHints":{"allow":["GET"]}}],"collection":[{"href":"https:\/\/srokacompany.com\/de\/wp-json\/wp\/v2\/pages"}],"about":[{"href":"https:\/\/srokacompany.com\/de\/wp-json\/wp\/v2\/types\/page"}],"author":[{"embeddable":true,"href":"https:\/\/srokacompany.com\/de\/wp-json\/wp\/v2\/users\/4"}],"replies":[{"embeddable":true,"href":"https:\/\/srokacompany.com\/de\/wp-json\/wp\/v2\/comments?post=337994"}],"version-history":[{"count":1,"href":"https:\/\/srokacompany.com\/de\/wp-json\/wp\/v2\/pages\/337994\/revisions"}],"predecessor-version":[{"id":338037,"href":"https:\/\/srokacompany.com\/de\/wp-json\/wp\/v2\/pages\/337994\/revisions\/338037"}],"wp:attachment":[{"href":"https:\/\/srokacompany.com\/de\/wp-json\/wp\/v2\/media?parent=337994"}],"curies":[{"name":"wp","href":"https:\/\/api.w.org\/{rel}","templated":true}]}}