{"id":339032,"date":"2025-04-30T08:02:44","date_gmt":"2025-04-30T06:02:44","guid":{"rendered":"https:\/\/srokacompany.com\/339032-2\/"},"modified":"2025-09-30T16:43:49","modified_gmt":"2025-09-30T14:43:49","slug":"339032-2","status":"publish","type":"page","link":"https:\/\/srokacompany.com\/de\/339032-2\/","title":{"rendered":""},"content":{"rendered":"\n<style>\n  @media screen and (min-width: 1200px) {\n    .home-banner-section-mobile {\n      display: none;\n    }\n  }\n\n  @media screen and (max-width: 1199px) {\n    .home-banner-section-mobile {\n      display: block !important;\n    }\n\t  .home-banner-section {\n      display: none;\n    }\n  }\n<\/style>\n\n<div class=\"home-banner-section\" style=\"background-image: url(https:\/\/srokacompany.com\/wp-content\/uploads\/2021\/03\/Mat-pour-Foil-1.jpg)\">\n  <!-- <div class=\"top-bar\">\n    <input type=\"text\" class=\"search-bar\" placeholder=\"Rechercher\" \/>\n    <div class=\"home-banner-cta contact-us\">\n      <a href=\"#\">\n        <span class=\"not-display-phone\">Nous contacter<\/span>\n      <\/a>\n    <\/div>\n  <\/div> -->\n  <div class=\"home-banner-texts\">\n    <h1>Unser Know-How und Exzellenz bei SROKA Company<\/h1>\n    <div class=\"home-banner-description h3\"><\/div>\n      <\/div>\n  <\/div>\n<div class=\"home-banner-section home-banner-section-mobile\" style=\"background-image: url(https:\/\/srokacompany.com\/wp-content\/uploads\/2021\/03\/Mat-pour-Foil-1.jpg)\">\n  <!-- <div class=\"top-bar\">\n    <input type=\"text\" class=\"search-bar\" placeholder=\"Rechercher\" \/>\n    <div class=\"home-banner-cta contact-us\">\n      <a href=\"#\">\n        <span class=\"not-display-phone\">Nous contacter<\/span>\n      <\/a>\n    <\/div>\n  <\/div> -->\n  <div class=\"home-banner-texts\">\n    <h1>Unser Know-How und Exzellenz bei SROKA Company<\/h1>\n    <div class=\"home-banner-description h3\"><\/div>\n      <\/div>\n  <\/div><div class=\"image-annotation-text-container image-annotation-text-right\">\n  <div class=\"image-annotation-text-img\">\n        \n    <img decoding=\"async\" src=\"https:\/\/srokacompany.com\/wp-content\/uploads\/2021\/03\/Cap-horn-kitesurf.jpg\" alt=\"Travers\u00e9e du Cap Horn en Kite surf\" \/>\n  <\/div>\n  <div class=\"image-annotation-text-text-container\">\n          <h2 class=\"image-annotation-text-title sommaire-titles\">\n\n        Ein Erbe aus Leidenschaft und Innovation      <\/h2>\n        <div class=\"image-annotation-text-description\"><p>Chez SROKA Company, chaque produit est l\u2019expression d\u2019un savoir-faire unique, forg\u00e9 par la passion de la glisse et l\u2019exigence de la performance. Fond\u00e9e et dirig\u00e9e par <strong>Bruno Sroka, triple champion du monde de kitesurf et pionnier reconnu ( il est le premier et le seul homme a avoir travers\u00e9e le Cap horn en kitesurf)<\/strong>. La marque s\u2019appuie sur l\u2019exp\u00e9rience de terrain et une connaissance approfondie des sports nautiques pour concevoir des \u00e9quipements qui r\u00e9pondent aux attentes des pratiquants, du d\u00e9butant \u00e0 l\u2019expert.<\/p>\n<p>Chaque planche, chaque foil, chaque accessoire porte la signature de cette exigence : ils sont d\u00e9velopp\u00e9s, test\u00e9s et valid\u00e9s par Bruno lui-m\u00eame et son \u00e9quipe, garantissant ainsi une qualit\u00e9 irr\u00e9prochable et une exp\u00e9rience utilisateur optimale.<\/p>\n<\/div>\n          <\/div>\n<\/div><div class=\"image-annotation-text-container image-annotation-text-right\">\n  <div class=\"image-annotation-text-img\">\n        \n    <img decoding=\"async\" src=\"https:\/\/srokacompany.com\/wp-content\/uploads\/2023\/07\/DSC00956-scaled.jpg\" alt=\"\" \/>\n  <\/div>\n  <div class=\"image-annotation-text-text-container\">\n          <h2 class=\"image-annotation-text-title sommaire-titles\">\n\n        Auf Dauer angelegte Produkte      <\/h2>\n        <div class=\"image-annotation-text-description\"><p>La durabilit\u00e9 est au c\u0153ur de notre d\u00e9marche. SROKA Company met un point d\u2019honneur \u00e0 proposer des produits robustes, con\u00e7us pour r\u00e9sister aux conditions les plus exigeantes et accompagner les pratiquants sur le long terme.<span class=\"Apple-converted-space\">\u00a0 <\/span><\/p>\n<p>Nos planches haut de gamme, notamment la gamme Elite, sont construites en full sandwich carbone pont-car\u00e8ne, une technologie de pointe qui assure rigidit\u00e9, solidit\u00e9 et long\u00e9vit\u00e9 exceptionnelles. Ce choix de mat\u00e9riaux haut de gamme, alli\u00e9 \u00e0 une fabrication soign\u00e9e, permet \u00e0 nos \u00e9quipements de conserver leurs performances et leur esth\u00e9tique saison apr\u00e8s saison.<\/p>\n<\/div>\n          <\/div>\n<\/div><div class=\"image-annotation-text-container image-annotation-text-right\">\n  <div class=\"image-annotation-text-img\">\n        \n    <img decoding=\"async\" src=\"https:\/\/srokacompany.com\/wp-content\/uploads\/2023\/07\/DSC00306-scaled.jpg\" alt=\"\" \/>\n  <\/div>\n  <div class=\"image-annotation-text-text-container\">\n          <h2 class=\"image-annotation-text-title sommaire-titles\">\n\n        Qualit\u00e4t und Zug\u00e4nglichkeit: das beste Preis-Leistungs-Verh\u00e4ltnis      <\/h2>\n        <div class=\"image-annotation-text-description\"><p><strong>Notre mission est de d\u00e9mocratiser les sports de glisse en rendant accessibles des produits de haute qualit\u00e9,<\/strong> sans compromis sur la performance. Nous croyons fermement qu\u2019il est possible d\u2019offrir le meilleur au meilleur prix, gr\u00e2ce \u00e0 une recherche constante d\u2019innovation et \u00e0 une optimisation de nos processus de fabrication. Cette volont\u00e9 se traduit par des \u00e9quipements fiables, performants et abordables, qui permettent \u00e0 chacun de vivre pleinement sa passion de la glisse.<\/p>\n<\/div>\n          <\/div>\n<\/div><div class=\"image-annotation-text-container image-annotation-text-right\">\n  <div class=\"image-annotation-text-img\">\n        \n    <img decoding=\"async\" src=\"https:\/\/srokacompany.com\/wp-content\/uploads\/2024\/11\/DSC02924.jpg\" alt=\"foil downwind polyvalent S-Foil UHA SROKA 6 tailles 700 \u00e0 1550 cm\u00b2\" \/>\n  <\/div>\n  <div class=\"image-annotation-text-text-container\">\n          <h2 class=\"image-annotation-text-title sommaire-titles\">\n\n        Kontinuierliche Forschung, Entwicklung und Innovation      <\/h2>\n        <div class=\"image-annotation-text-description\"><p>L\u2019innovation est le moteur de SROKA Company. Chaque ann\u00e9e, nous investissons dans la recherche et le d\u00e9veloppement pour proposer des nouveaut\u00e9s qui r\u00e9pondent aux \u00e9volutions des pratiques et aux attentes des riders. Nos \u00e9quipes travaillent sans rel\u00e2che pour tester, am\u00e9liorer et perfectionner chaque d\u00e9tail, qu\u2019il s\u2019agisse de la stabilit\u00e9 d\u2019une planche, de la l\u00e9g\u00e8ret\u00e9 d\u2019un foil ou de la maniabilit\u00e9 d\u2019une aile de wing. Cette exigence d\u2019innovation nous permet de proposer des produits toujours plus performants, adapt\u00e9s \u00e0 tous les niveaux et \u00e0 toutes les conditions.<\/p>\n<\/div>\n          <\/div>\n<\/div><div class=\"image-annotation-text-container image-annotation-text-right\">\n  <div class=\"image-annotation-text-img\">\n        \n    <img decoding=\"async\" src=\"https:\/\/srokacompany.com\/wp-content\/uploads\/2025\/05\/hoalen-sroka-2.jpg\" alt=\"\" \/>\n  <\/div>\n  <div class=\"image-annotation-text-text-container\">\n          <h2 class=\"image-annotation-text-title sommaire-titles\">\n\n        Eine Marke mit menschlicher Gr\u00f6\u00dfe, die von Leidenschaft getragen wird      <\/h2>\n        <div class=\"image-annotation-text-description\"><p class=\"p1\">Au-del\u00e0 de la qualit\u00e9 de ses produits, SROKA Company est une entreprise familiale et passionn\u00e9e, anim\u00e9e par le d\u00e9sir de partager l\u2019aventure de la glisse avec le plus grand nombre. Nous accompagnons nos clients dans leur progression, en leur offrant conseils, accompagnement et un espace de partage via notre communaut\u00e9 Sroka Sessions. Chaque retour d\u2019exp\u00e9rience nourrit notre d\u00e9marche d\u2019am\u00e9lioration continue et renforce notre engagement envers la satisfaction de nos clients.<\/p>\n<p class=\"p1\"><b>En r\u00e9sum\u00e9<\/b>, choisir SROKA Company, c\u2019est faire le choix d\u2019une marque qui place la qualit\u00e9, la durabilit\u00e9 et la passion au c\u0153ur de son action. Nos produits sont pens\u00e9s pour durer, performants et accessibles, con\u00e7us par des passionn\u00e9s pour des passionn\u00e9s. Avec SROKA, vivez la glisse autrement, en toute confiance et pour longtemps<\/p>\n<\/div>\n          <\/div>\n<\/div>","protected":false},"excerpt":{"rendered":"","protected":false},"author":1234,"featured_media":0,"parent":0,"menu_order":0,"comment_status":"closed","ping_status":"closed","template":"","meta":{"_acf_changed":false,"_uag_custom_page_level_css":"","footnotes":""},"class_list":["post-339032","page","type-page","status-publish","hentry"],"acf":[],"yoast_head":"<!-- This site is optimized with the Yoast SEO plugin v27.4 - https:\/\/yoast.com\/product\/yoast-seo-wordpress\/ -->\n<title>- SROKA Company<\/title>\n<meta name=\"description\" content=\"Erleben Sie SROKAs Know-how und Exzellenz: Leidenschaft f\u00fcr Wassersport, langlebige und leistungsstarke Produkte, innovatives Design \u2013 Qualit\u00e4t f\u00fcr alle durch Engagement und Fachwissen.\" \/>\n<meta name=\"robots\" content=\"index, follow, max-snippet:-1, max-image-preview:large, max-video-preview:-1\" \/>\n<link rel=\"canonical\" href=\"https:\/\/srokacompany.com\/de\/339032-2\/\" \/>\n<meta property=\"og:locale\" content=\"de_DE\" \/>\n<meta property=\"og:type\" content=\"article\" \/>\n<meta property=\"og:title\" content=\"- SROKA Company\" \/>\n<meta property=\"og:description\" content=\"Erleben Sie SROKAs Know-how und Exzellenz: Leidenschaft f\u00fcr Wassersport, langlebige und leistungsstarke Produkte, innovatives Design \u2013 Qualit\u00e4t f\u00fcr alle durch Engagement und Fachwissen.\" \/>\n<meta property=\"og:url\" content=\"https:\/\/srokacompany.com\/de\/339032-2\/\" \/>\n<meta property=\"og:site_name\" content=\"SROKA Company\" \/>\n<meta property=\"article:publisher\" content=\"https:\/\/www.facebook.com\/srokawatersports\/\" \/>\n<meta property=\"article:modified_time\" content=\"2025-09-30T14:43:49+00:00\" \/>\n<script type=\"application\/ld+json\" class=\"yoast-schema-graph\">{\"@context\":\"https:\\\/\\\/schema.org\",\"@graph\":[{\"@type\":\"WebPage\",\"@id\":\"https:\\\/\\\/srokacompany.com\\\/de\\\/339032-2\\\/\",\"url\":\"https:\\\/\\\/srokacompany.com\\\/de\\\/339032-2\\\/\",\"name\":\"- SROKA Company\",\"isPartOf\":{\"@id\":\"https:\\\/\\\/srokacompany.com\\\/de\\\/#website\"},\"datePublished\":\"2025-04-30T06:02:44+00:00\",\"dateModified\":\"2025-09-30T14:43:49+00:00\",\"description\":\"Erleben Sie SROKAs Know-how und Exzellenz: Leidenschaft f\u00fcr Wassersport, langlebige und leistungsstarke Produkte, innovatives Design \u2013 Qualit\u00e4t f\u00fcr alle durch Engagement und Fachwissen.\",\"inLanguage\":\"de\",\"potentialAction\":[{\"@type\":\"ReadAction\",\"target\":[\"https:\\\/\\\/srokacompany.com\\\/de\\\/339032-2\\\/\"]}]},{\"@type\":\"WebSite\",\"@id\":\"https:\\\/\\\/srokacompany.com\\\/de\\\/#website\",\"url\":\"https:\\\/\\\/srokacompany.com\\\/de\\\/\",\"name\":\"SROKA Company\",\"description\":\"SUP, Kite, Foil, Wing\",\"publisher\":{\"@id\":\"https:\\\/\\\/srokacompany.com\\\/de\\\/#organization\"},\"potentialAction\":[{\"@type\":\"SearchAction\",\"target\":{\"@type\":\"EntryPoint\",\"urlTemplate\":\"https:\\\/\\\/srokacompany.com\\\/de\\\/?s={search_term_string}\"},\"query-input\":{\"@type\":\"PropertyValueSpecification\",\"valueRequired\":true,\"valueName\":\"search_term_string\"}}],\"inLanguage\":\"de\"},{\"@type\":\"Organization\",\"@id\":\"https:\\\/\\\/srokacompany.com\\\/de\\\/#organization\",\"name\":\"SROKACOMPANY\",\"alternateName\":\"SROKA\",\"url\":\"https:\\\/\\\/srokacompany.com\\\/de\\\/\",\"logo\":{\"@type\":\"ImageObject\",\"inLanguage\":\"de\",\"@id\":\"https:\\\/\\\/srokacompany.com\\\/de\\\/#\\\/schema\\\/logo\\\/image\\\/\",\"url\":\"https:\\\/\\\/srokacompany.com\\\/wp-content\\\/uploads\\\/2021\\\/01\\\/logo-sroka-black-transpa.png\",\"contentUrl\":\"https:\\\/\\\/srokacompany.com\\\/wp-content\\\/uploads\\\/2021\\\/01\\\/logo-sroka-black-transpa.png\",\"width\":1201,\"height\":342,\"caption\":\"SROKACOMPANY\"},\"image\":{\"@id\":\"https:\\\/\\\/srokacompany.com\\\/de\\\/#\\\/schema\\\/logo\\\/image\\\/\"},\"sameAs\":[\"https:\\\/\\\/www.facebook.com\\\/srokawatersports\\\/\",\"https:\\\/\\\/www.instagram.com\\\/srokawatersports\\\/\",\"https:\\\/\\\/www.youtube.com\\\/channel\\\/UCVLHHeaPIm-J5bdEUgxqtZA\"]}]}<\/script>\n<!-- \/ Yoast SEO plugin. -->","yoast_head_json":{"title":"- SROKA Company","description":"Erleben Sie SROKAs Know-how und Exzellenz: Leidenschaft f\u00fcr Wassersport, langlebige und leistungsstarke Produkte, innovatives Design \u2013 Qualit\u00e4t f\u00fcr alle durch Engagement und Fachwissen.","robots":{"index":"index","follow":"follow","max-snippet":"max-snippet:-1","max-image-preview":"max-image-preview:large","max-video-preview":"max-video-preview:-1"},"canonical":"https:\/\/srokacompany.com\/de\/339032-2\/","og_locale":"de_DE","og_type":"article","og_title":"- SROKA Company","og_description":"Erleben Sie SROKAs Know-how und Exzellenz: Leidenschaft f\u00fcr Wassersport, langlebige und leistungsstarke Produkte, innovatives Design \u2013 Qualit\u00e4t f\u00fcr alle durch Engagement und Fachwissen.","og_url":"https:\/\/srokacompany.com\/de\/339032-2\/","og_site_name":"SROKA Company","article_publisher":"https:\/\/www.facebook.com\/srokawatersports\/","article_modified_time":"2025-09-30T14:43:49+00:00","schema":{"@context":"https:\/\/schema.org","@graph":[{"@type":"WebPage","@id":"https:\/\/srokacompany.com\/de\/339032-2\/","url":"https:\/\/srokacompany.com\/de\/339032-2\/","name":"- SROKA Company","isPartOf":{"@id":"https:\/\/srokacompany.com\/de\/#website"},"datePublished":"2025-04-30T06:02:44+00:00","dateModified":"2025-09-30T14:43:49+00:00","description":"Erleben Sie SROKAs Know-how und Exzellenz: Leidenschaft f\u00fcr Wassersport, langlebige und leistungsstarke Produkte, innovatives Design \u2013 Qualit\u00e4t f\u00fcr alle durch Engagement und Fachwissen.","inLanguage":"de","potentialAction":[{"@type":"ReadAction","target":["https:\/\/srokacompany.com\/de\/339032-2\/"]}]},{"@type":"WebSite","@id":"https:\/\/srokacompany.com\/de\/#website","url":"https:\/\/srokacompany.com\/de\/","name":"SROKA Company","description":"SUP, Kite, Foil, Wing","publisher":{"@id":"https:\/\/srokacompany.com\/de\/#organization"},"potentialAction":[{"@type":"SearchAction","target":{"@type":"EntryPoint","urlTemplate":"https:\/\/srokacompany.com\/de\/?s={search_term_string}"},"query-input":{"@type":"PropertyValueSpecification","valueRequired":true,"valueName":"search_term_string"}}],"inLanguage":"de"},{"@type":"Organization","@id":"https:\/\/srokacompany.com\/de\/#organization","name":"SROKACOMPANY","alternateName":"SROKA","url":"https:\/\/srokacompany.com\/de\/","logo":{"@type":"ImageObject","inLanguage":"de","@id":"https:\/\/srokacompany.com\/de\/#\/schema\/logo\/image\/","url":"https:\/\/srokacompany.com\/wp-content\/uploads\/2021\/01\/logo-sroka-black-transpa.png","contentUrl":"https:\/\/srokacompany.com\/wp-content\/uploads\/2021\/01\/logo-sroka-black-transpa.png","width":1201,"height":342,"caption":"SROKACOMPANY"},"image":{"@id":"https:\/\/srokacompany.com\/de\/#\/schema\/logo\/image\/"},"sameAs":["https:\/\/www.facebook.com\/srokawatersports\/","https:\/\/www.instagram.com\/srokawatersports\/","https:\/\/www.youtube.com\/channel\/UCVLHHeaPIm-J5bdEUgxqtZA"]}]}},"uagb_featured_image_src":{"full":false,"thumbnail":false,"medium":false,"medium_large":false,"large":false,"1536x1536":false,"2048x2048":false,"woocommerce_thumbnail":false,"woocommerce_single":false,"woocommerce_gallery_thumbnail":false,"dgwt-wcas-product-suggestion":false},"uagb_author_info":{"display_name":"Cl\u00e9ment Beaurain","author_link":"https:\/\/srokacompany.com\/de\/blog\/author\/clement-b\/"},"uagb_comment_info":0,"uagb_excerpt":null,"jetpack_sharing_enabled":true,"_links":{"self":[{"href":"https:\/\/srokacompany.com\/de\/wp-json\/wp\/v2\/pages\/339032","targetHints":{"allow":["GET"]}}],"collection":[{"href":"https:\/\/srokacompany.com\/de\/wp-json\/wp\/v2\/pages"}],"about":[{"href":"https:\/\/srokacompany.com\/de\/wp-json\/wp\/v2\/types\/page"}],"author":[{"embeddable":true,"href":"https:\/\/srokacompany.com\/de\/wp-json\/wp\/v2\/users\/1234"}],"replies":[{"embeddable":true,"href":"https:\/\/srokacompany.com\/de\/wp-json\/wp\/v2\/comments?post=339032"}],"version-history":[{"count":1,"href":"https:\/\/srokacompany.com\/de\/wp-json\/wp\/v2\/pages\/339032\/revisions"}],"predecessor-version":[{"id":339040,"href":"https:\/\/srokacompany.com\/de\/wp-json\/wp\/v2\/pages\/339032\/revisions\/339040"}],"wp:attachment":[{"href":"https:\/\/srokacompany.com\/de\/wp-json\/wp\/v2\/media?parent=339032"}],"curies":[{"name":"wp","href":"https:\/\/api.w.org\/{rel}","templated":true}]}}