{"id":339049,"date":"2018-02-20T13:22:38","date_gmt":"2018-02-20T11:22:38","guid":{"rendered":"https:\/\/srokacompany.com\/warum-sroka-foils-wahlen\/"},"modified":"2025-06-26T09:19:28","modified_gmt":"2025-06-26T07:19:28","slug":"warum-sroka-foils-wahlen","status":"publish","type":"page","link":"https:\/\/srokacompany.com\/de\/warum-sroka-foils-wahlen\/","title":{"rendered":"Warum SROKA Foils w\u00e4hlen?"},"content":{"rendered":"<div class=\"image-annotation-text-container image-annotation-text-left\">\n  <div class=\"image-annotation-text-img\">\n        \n    <img decoding=\"async\" src=\"https:\/\/srokacompany.com\/wp-content\/uploads\/2021\/03\/Pack-gonflable-Sroka-6-64-planche-de-foil-gonflable-2.jpg\" alt=\"Planche de foil gonflable en Pack Sroka Air\" \/>\n  <\/div>\n  <div class=\"image-annotation-text-text-container\">\n          <h2 class=\"image-annotation-text-title sommaire-titles\">\n\n        Mehr als ein Erlebnis, eine Leidenschaft      <\/h2>\n        <div class=\"image-annotation-text-description\"><p>La marque s\u2019est cr\u00e9e en 2013 quand Bruno SROKA ( 3 x champion du monde de kitesurf et aventurier) a stopp\u00e9 la comp\u00e9tition. Son pass\u00e9 de sportif de haut niveau en kitesurf et de professeurs d\u2019EPS\u00a0 a permis de r\u00e9unir deux mondes. Celui de la comp\u00e9tition, de la technicit\u00e9 et l\u2019accessibilit\u00e9 du sport pour tous en proposant des produits facile \u00e0 utiliser.\u00a0 Chaque produit r\u00e9unit ces deux mondes. Les foils SROKA sont innovants, performants, avec beaucoup de design et une qualit\u00e9 tr\u00e8s haut de gamme \u00e0 un prix abordable.<\/p>\n<\/div>\n          <\/div>\n<\/div>","protected":false},"excerpt":{"rendered":"","protected":false},"author":4,"featured_media":0,"parent":0,"menu_order":0,"comment_status":"closed","ping_status":"closed","template":"","meta":{"_acf_changed":false,"_uag_custom_page_level_css":"","footnotes":""},"class_list":["post-339049","page","type-page","status-publish","hentry"],"acf":[],"yoast_head":"<!-- This site is optimized with the Yoast SEO plugin v27.4 - https:\/\/yoast.com\/product\/yoast-seo-wordpress\/ -->\n<title>Warum und wie man sich f\u00fcr Foil SROKA entscheidet - SROKA Company<\/title>\n<meta name=\"description\" content=\"Warum und wie w\u00e4hlt man foil? SROKA-Foils sind leistungsstarke, High-End-Qualit\u00e4t zu einem erschwinglichen Preis, die besten auf dem Markt.\" \/>\n<meta name=\"robots\" content=\"index, follow, max-snippet:-1, max-image-preview:large, max-video-preview:-1\" \/>\n<link rel=\"canonical\" href=\"https:\/\/srokacompany.com\/de\/warum-sroka-foils-wahlen\/\" \/>\n<meta property=\"og:locale\" content=\"de_DE\" \/>\n<meta property=\"og:type\" content=\"article\" \/>\n<meta property=\"og:title\" content=\"Warum und wie man sich f\u00fcr Foil SROKA entscheidet - SROKA Company\" \/>\n<meta property=\"og:description\" content=\"Warum und wie w\u00e4hlt man foil? SROKA-Foils sind leistungsstarke, High-End-Qualit\u00e4t zu einem erschwinglichen Preis, die besten auf dem Markt.\" \/>\n<meta property=\"og:url\" content=\"https:\/\/srokacompany.com\/de\/warum-sroka-foils-wahlen\/\" \/>\n<meta property=\"og:site_name\" content=\"SROKA Company\" \/>\n<meta property=\"article:publisher\" content=\"https:\/\/www.facebook.com\/srokawatersports\/\" \/>\n<meta property=\"article:modified_time\" content=\"2025-06-26T07:19:28+00:00\" \/>\n<script type=\"application\/ld+json\" class=\"yoast-schema-graph\">{\"@context\":\"https:\\\/\\\/schema.org\",\"@graph\":[{\"@type\":\"WebPage\",\"@id\":\"https:\\\/\\\/srokacompany.com\\\/de\\\/warum-sroka-foils-wahlen\\\/\",\"url\":\"https:\\\/\\\/srokacompany.com\\\/de\\\/warum-sroka-foils-wahlen\\\/\",\"name\":\"Warum und wie man sich f\u00fcr Foil SROKA entscheidet - SROKA Company\",\"isPartOf\":{\"@id\":\"https:\\\/\\\/srokacompany.com\\\/de\\\/#website\"},\"datePublished\":\"2018-02-20T11:22:38+00:00\",\"dateModified\":\"2025-06-26T07:19:28+00:00\",\"description\":\"Warum und wie w\u00e4hlt man foil? SROKA-Foils sind leistungsstarke, High-End-Qualit\u00e4t zu einem erschwinglichen Preis, die besten auf dem Markt.\",\"breadcrumb\":{\"@id\":\"https:\\\/\\\/srokacompany.com\\\/de\\\/warum-sroka-foils-wahlen\\\/#breadcrumb\"},\"inLanguage\":\"de\",\"potentialAction\":[{\"@type\":\"ReadAction\",\"target\":[\"https:\\\/\\\/srokacompany.com\\\/de\\\/warum-sroka-foils-wahlen\\\/\"]}]},{\"@type\":\"BreadcrumbList\",\"@id\":\"https:\\\/\\\/srokacompany.com\\\/de\\\/warum-sroka-foils-wahlen\\\/#breadcrumb\",\"itemListElement\":[{\"@type\":\"ListItem\",\"position\":1,\"name\":\"Accueil\",\"item\":\"https:\\\/\\\/srokacompany.com\\\/de\\\/\"},{\"@type\":\"ListItem\",\"position\":2,\"name\":\"Warum SROKA Foils w\u00e4hlen?\"}]},{\"@type\":\"WebSite\",\"@id\":\"https:\\\/\\\/srokacompany.com\\\/de\\\/#website\",\"url\":\"https:\\\/\\\/srokacompany.com\\\/de\\\/\",\"name\":\"SROKA Company\",\"description\":\"SUP, Kite, Foil, Wing\",\"publisher\":{\"@id\":\"https:\\\/\\\/srokacompany.com\\\/de\\\/#organization\"},\"potentialAction\":[{\"@type\":\"SearchAction\",\"target\":{\"@type\":\"EntryPoint\",\"urlTemplate\":\"https:\\\/\\\/srokacompany.com\\\/de\\\/?s={search_term_string}\"},\"query-input\":{\"@type\":\"PropertyValueSpecification\",\"valueRequired\":true,\"valueName\":\"search_term_string\"}}],\"inLanguage\":\"de\"},{\"@type\":\"Organization\",\"@id\":\"https:\\\/\\\/srokacompany.com\\\/de\\\/#organization\",\"name\":\"SROKACOMPANY\",\"alternateName\":\"SROKA\",\"url\":\"https:\\\/\\\/srokacompany.com\\\/de\\\/\",\"logo\":{\"@type\":\"ImageObject\",\"inLanguage\":\"de\",\"@id\":\"https:\\\/\\\/srokacompany.com\\\/de\\\/#\\\/schema\\\/logo\\\/image\\\/\",\"url\":\"https:\\\/\\\/srokacompany.com\\\/wp-content\\\/uploads\\\/2021\\\/01\\\/logo-sroka-black-transpa.png\",\"contentUrl\":\"https:\\\/\\\/srokacompany.com\\\/wp-content\\\/uploads\\\/2021\\\/01\\\/logo-sroka-black-transpa.png\",\"width\":1201,\"height\":342,\"caption\":\"SROKACOMPANY\"},\"image\":{\"@id\":\"https:\\\/\\\/srokacompany.com\\\/de\\\/#\\\/schema\\\/logo\\\/image\\\/\"},\"sameAs\":[\"https:\\\/\\\/www.facebook.com\\\/srokawatersports\\\/\",\"https:\\\/\\\/www.instagram.com\\\/srokawatersports\\\/\",\"https:\\\/\\\/www.youtube.com\\\/channel\\\/UCVLHHeaPIm-J5bdEUgxqtZA\"]}]}<\/script>\n<!-- \/ Yoast SEO plugin. -->","yoast_head_json":{"title":"Warum und wie man sich f\u00fcr Foil SROKA entscheidet - SROKA Company","description":"Warum und wie w\u00e4hlt man foil? SROKA-Foils sind leistungsstarke, High-End-Qualit\u00e4t zu einem erschwinglichen Preis, die besten auf dem Markt.","robots":{"index":"index","follow":"follow","max-snippet":"max-snippet:-1","max-image-preview":"max-image-preview:large","max-video-preview":"max-video-preview:-1"},"canonical":"https:\/\/srokacompany.com\/de\/warum-sroka-foils-wahlen\/","og_locale":"de_DE","og_type":"article","og_title":"Warum und wie man sich f\u00fcr Foil SROKA entscheidet - SROKA Company","og_description":"Warum und wie w\u00e4hlt man foil? SROKA-Foils sind leistungsstarke, High-End-Qualit\u00e4t zu einem erschwinglichen Preis, die besten auf dem Markt.","og_url":"https:\/\/srokacompany.com\/de\/warum-sroka-foils-wahlen\/","og_site_name":"SROKA Company","article_publisher":"https:\/\/www.facebook.com\/srokawatersports\/","article_modified_time":"2025-06-26T07:19:28+00:00","schema":{"@context":"https:\/\/schema.org","@graph":[{"@type":"WebPage","@id":"https:\/\/srokacompany.com\/de\/warum-sroka-foils-wahlen\/","url":"https:\/\/srokacompany.com\/de\/warum-sroka-foils-wahlen\/","name":"Warum und wie man sich f\u00fcr Foil SROKA entscheidet - SROKA Company","isPartOf":{"@id":"https:\/\/srokacompany.com\/de\/#website"},"datePublished":"2018-02-20T11:22:38+00:00","dateModified":"2025-06-26T07:19:28+00:00","description":"Warum und wie w\u00e4hlt man foil? SROKA-Foils sind leistungsstarke, High-End-Qualit\u00e4t zu einem erschwinglichen Preis, die besten auf dem Markt.","breadcrumb":{"@id":"https:\/\/srokacompany.com\/de\/warum-sroka-foils-wahlen\/#breadcrumb"},"inLanguage":"de","potentialAction":[{"@type":"ReadAction","target":["https:\/\/srokacompany.com\/de\/warum-sroka-foils-wahlen\/"]}]},{"@type":"BreadcrumbList","@id":"https:\/\/srokacompany.com\/de\/warum-sroka-foils-wahlen\/#breadcrumb","itemListElement":[{"@type":"ListItem","position":1,"name":"Accueil","item":"https:\/\/srokacompany.com\/de\/"},{"@type":"ListItem","position":2,"name":"Warum SROKA Foils w\u00e4hlen?"}]},{"@type":"WebSite","@id":"https:\/\/srokacompany.com\/de\/#website","url":"https:\/\/srokacompany.com\/de\/","name":"SROKA Company","description":"SUP, Kite, Foil, Wing","publisher":{"@id":"https:\/\/srokacompany.com\/de\/#organization"},"potentialAction":[{"@type":"SearchAction","target":{"@type":"EntryPoint","urlTemplate":"https:\/\/srokacompany.com\/de\/?s={search_term_string}"},"query-input":{"@type":"PropertyValueSpecification","valueRequired":true,"valueName":"search_term_string"}}],"inLanguage":"de"},{"@type":"Organization","@id":"https:\/\/srokacompany.com\/de\/#organization","name":"SROKACOMPANY","alternateName":"SROKA","url":"https:\/\/srokacompany.com\/de\/","logo":{"@type":"ImageObject","inLanguage":"de","@id":"https:\/\/srokacompany.com\/de\/#\/schema\/logo\/image\/","url":"https:\/\/srokacompany.com\/wp-content\/uploads\/2021\/01\/logo-sroka-black-transpa.png","contentUrl":"https:\/\/srokacompany.com\/wp-content\/uploads\/2021\/01\/logo-sroka-black-transpa.png","width":1201,"height":342,"caption":"SROKACOMPANY"},"image":{"@id":"https:\/\/srokacompany.com\/de\/#\/schema\/logo\/image\/"},"sameAs":["https:\/\/www.facebook.com\/srokawatersports\/","https:\/\/www.instagram.com\/srokawatersports\/","https:\/\/www.youtube.com\/channel\/UCVLHHeaPIm-J5bdEUgxqtZA"]}]}},"uagb_featured_image_src":{"full":false,"thumbnail":false,"medium":false,"medium_large":false,"large":false,"1536x1536":false,"2048x2048":false,"woocommerce_thumbnail":false,"woocommerce_single":false,"woocommerce_gallery_thumbnail":false,"dgwt-wcas-product-suggestion":false},"uagb_author_info":{"display_name":"Bruno Sroka","author_link":"https:\/\/srokacompany.com\/de\/blog\/author\/bruno\/"},"uagb_comment_info":0,"uagb_excerpt":null,"jetpack_sharing_enabled":true,"_links":{"self":[{"href":"https:\/\/srokacompany.com\/de\/wp-json\/wp\/v2\/pages\/339049","targetHints":{"allow":["GET"]}}],"collection":[{"href":"https:\/\/srokacompany.com\/de\/wp-json\/wp\/v2\/pages"}],"about":[{"href":"https:\/\/srokacompany.com\/de\/wp-json\/wp\/v2\/types\/page"}],"author":[{"embeddable":true,"href":"https:\/\/srokacompany.com\/de\/wp-json\/wp\/v2\/users\/4"}],"replies":[{"embeddable":true,"href":"https:\/\/srokacompany.com\/de\/wp-json\/wp\/v2\/comments?post=339049"}],"version-history":[{"count":1,"href":"https:\/\/srokacompany.com\/de\/wp-json\/wp\/v2\/pages\/339049\/revisions"}],"predecessor-version":[{"id":339067,"href":"https:\/\/srokacompany.com\/de\/wp-json\/wp\/v2\/pages\/339049\/revisions\/339067"}],"wp:attachment":[{"href":"https:\/\/srokacompany.com\/de\/wp-json\/wp\/v2\/media?parent=339049"}],"curies":[{"name":"wp","href":"https:\/\/api.w.org\/{rel}","templated":true}]}}