{"id":340785,"date":"2024-07-01T08:17:04","date_gmt":"2024-07-01T08:17:04","guid":{"rendered":"https:\/\/srokacompany.com\/produit\/vorderer-kotfluegel-von-foil-680-control\/"},"modified":"2025-11-25T11:03:24","modified_gmt":"2025-11-25T09:03:24","slug":"vorderer-kotfluegel-von-foil-680-control","status":"publish","type":"product","link":"https:\/\/srokacompany.com\/de\/produkt\/vorderer-kotfluegel-von-foil-680-control\/","title":{"rendered":"Vorderfl\u00fcgel von foil 680 Control- Freeride"},"content":{"rendered":"<p>Der <b>680 Control<\/b> ist dein Pass f\u00fcr <b>leichtes<\/b> <b>Freeriden<\/b> und <b>Carven<\/b>. Er wurde f\u00fcr <b>maximale Stabilit\u00e4t in der Kurve<\/b> und <b>absolute Kontrolle<\/b> auch bei pl\u00e4tscherndem Wasser entwickelt. Ideal f\u00fcr kleine Gr\u00f6\u00dfen, <b>Kitefoil<\/b> und <b>Tow-in<\/b>.  <\/p>\n<hr>\n<p>&nbsp;<\/p>\n<p>Entdecke das intuitive Gleitvergn\u00fcgen mit dem <b>680 Control<\/b> Frontfl\u00fcgel, dem reaktionsschnellsten der <b>Control-Reihe<\/b> von SROKA. Dieser Fl\u00fcgel ist der Archetyp eines <b>&#8222;Plug and Play&#8220;<\/b> -Foils: Er ist so konzipiert, dass er einfach zu starten und zu steuern ist und Ihnen von der ersten Minute an <b>maximale Kontrolle<\/b> bietet. <\/p>\n<p>&nbsp;<\/p>\n<h4>Carving und Stabilit\u00e4t ohne Anstrengung<\/h4>\n<p>Der <b>680 Control<\/b> wurde speziell entwickelt, um sich beim <b>Carven<\/b> und <b>Freeriden<\/b> auszuzeichnen. Sein schlankes Profil garantiert einen <b>progressiven Start<\/b> (ab 17 Knoten f\u00fcr eine mittlere Gr\u00f6\u00dfe) und eine <b>L\u00e4ngsstabilit\u00e4t<\/b>, die dich auch bei unruhigen Bedingungen beruhigt. <\/p>\n<ul>\n<li><b>Einfache Kurven:<\/b> Seine Kompaktheit und sein spezielles Profil erleichtern Ihre Man\u00f6ver, sodass Sie Halsen und Kurven auf den Wellen mit einer <b>unvergleichlichen Leichtigkeit und Fl\u00fcssigkeit<\/b> fahren k\u00f6nnen.<\/li>\n<li><b>Kontrolle im Pl\u00e4tschern:<\/b> Es bietet eine hohe Seitenstabilit\u00e4t und eignet sich daher hervorragend, um leicht im Pl\u00e4tschern oder bei starkem Wind zu segeln, ohne die Kontrolle zu verlieren.<\/li>\n<\/ul>\n<h4>Zielgruppe und Spezifische Verwendung<\/h4>\n<p>Dieser Fl\u00fcgel ist eine ausgezeichnete Wahl f\u00fcr :<\/p>\n<ol start=\"1\">\n<li>F\u00fcr <b>kleine<\/b> Leute, die ein reaktionsschnelles und spielerisches Foil wollen.<\/li>\n<li>Fahrer, denen <b>Wendigkeit<\/b> und Kontrolle wichtiger sind als pure Geschwindigkeit.<\/li>\n<li><b>Kitefoil<\/b> und <b>Tow-in<\/b>, wo sein stabiles Gleiten und seine Reaktionsf\u00e4higkeit die gr\u00f6\u00dften Vorteile sind.<\/li>\n<\/ol>\n<p><b>Zu beachten:<\/b> Der 680 Control Kite ist ein Freeride\/Carving-Tool. Er ist nicht f\u00fcr intensives <b>Pumping<\/b> oder Dockstart <b>geeignet<\/b>, da er speziell f\u00fcr das Fahren von Geraden und Kurven optimiert wurde. <\/p>\n","protected":false},"excerpt":{"rendered":"<div id=\"model-response-message-contentr_d947941920a7a93a\" class=\"markdown markdown-main-panel stronger enable-updated-hr-color\" dir=\"ltr\">\n<p>Der Vorderfl\u00fcgel <b>SROKA 680 Control<\/b> ist auf leichtes Freeriden und Carven ausgerichtet, mit einem Schwerpunkt auf Wendigkeit und Kontrolle.<\/p>\n<p>Hier ist die kurze, zielgerichtete Beschreibung, die Sie verlangen:<\/p>\n<hr>\n<p>329<br \/>\n<b>Frontfl\u00fcgel 680 Control:<\/b> Der <b>&#8222;Plug and Play&#8220;<\/b> -Foilfl\u00fcgel f\u00fcr <b>Freeride<\/b> und <b>Carving<\/b>. Mit <b>maximaler Kontrolle<\/b> und hoher <b>Stabilit\u00e4t in Kurven<\/b> ist er ideal f\u00fcr einfache Man\u00f6ver (Halsen, <b>Wenden<\/b> auf Wellen) mit <b>Wingfoil<\/b> und <b>Kitefoil<\/b>. Es ist leicht zu werfen und eignet sich perfekt zum Segeln bei allen Bedingungen.  <\/p>\n<\/div>\n","protected":false},"featured_media":340787,"template":"","meta":{"_acf_changed":false,"_uag_custom_page_level_css":""},"product_brand":[],"product_cat":[3439,3440,3582,4194,4258],"product_tag":[3441,3443,3442],"class_list":{"0":"post-340785","1":"product","2":"type-product","3":"status-publish","4":"has-post-thumbnail","6":"product_cat-alle-unsere-kontrollflugel","7":"product_cat-flugel-wing-foil","8":"product_cat-promos-de","9":"product_cat-saldo-wing-foil-de","10":"product_cat-schwarzer-freitag","11":"product_tag-anfanger","12":"product_tag-fortgeschrittene","13":"product_tag-schlau","15":"first","16":"instock","17":"sale","18":"taxable","19":"shipping-taxable","20":"purchasable","21":"product-type-simple"},"acf":[],"yoast_head":"<!-- This site is optimized with the Yoast SEO plugin v27.4 - https:\/\/yoast.com\/product\/yoast-seo-wordpress\/ -->\n<title>Vorderfl\u00fcgel von foil 680 Control- Freeride - SROKA Company<\/title>\n<meta name=\"description\" content=\"Der Vorderfl\u00fcgel des 680 Control Foils verleiht dir Leichtigkeit beim Carven, eine unglaubliche Stabilit\u00e4t beim Freeriden mit einem ultrafr\u00fchen Start.\" \/>\n<meta name=\"robots\" content=\"index, follow, max-snippet:-1, max-image-preview:large, max-video-preview:-1\" \/>\n<link rel=\"canonical\" href=\"https:\/\/srokacompany.com\/de\/produkt\/vorderer-kotfluegel-von-foil-680-control\/\" \/>\n<meta property=\"og:locale\" content=\"de_DE\" \/>\n<meta property=\"og:type\" content=\"article\" \/>\n<meta property=\"og:title\" content=\"Vorderfl\u00fcgel von foil 680 Control- Freeride - SROKA Company\" \/>\n<meta property=\"og:description\" content=\"Der Vorderfl\u00fcgel des 680 Control Foils verleiht dir Leichtigkeit beim Carven, eine unglaubliche Stabilit\u00e4t beim Freeriden mit einem ultrafr\u00fchen Start.\" \/>\n<meta property=\"og:url\" content=\"https:\/\/srokacompany.com\/de\/produkt\/vorderer-kotfluegel-von-foil-680-control\/\" \/>\n<meta property=\"og:site_name\" content=\"SROKA Company\" \/>\n<meta property=\"article:publisher\" content=\"https:\/\/www.facebook.com\/srokawatersports\/\" \/>\n<meta property=\"article:modified_time\" content=\"2025-11-25T09:03:24+00:00\" \/>\n<meta property=\"og:image\" content=\"https:\/\/srokacompany.com\/wp-content\/uploads\/2023\/07\/680-front-control-sROKA.jpg\" \/>\n\t<meta property=\"og:image:width\" content=\"1480\" \/>\n\t<meta property=\"og:image:height\" content=\"2160\" \/>\n\t<meta property=\"og:image:type\" content=\"image\/jpeg\" \/>\n<meta name=\"twitter:label1\" content=\"Gesch\u00e4tzte Lesezeit\" \/>\n\t<meta name=\"twitter:data1\" content=\"1\u00a0Minute\" \/>\n<script type=\"application\/ld+json\" class=\"yoast-schema-graph\">{\"@context\":\"https:\\\/\\\/schema.org\",\"@graph\":[{\"@type\":\"WebPage\",\"@id\":\"https:\\\/\\\/srokacompany.com\\\/de\\\/produkt\\\/vorderer-kotfluegel-von-foil-680-control\\\/\",\"url\":\"https:\\\/\\\/srokacompany.com\\\/de\\\/produkt\\\/vorderer-kotfluegel-von-foil-680-control\\\/\",\"name\":\"Vorderfl\u00fcgel von foil 680 Control- Freeride - SROKA Company\",\"isPartOf\":{\"@id\":\"https:\\\/\\\/srokacompany.com\\\/de\\\/#website\"},\"primaryImageOfPage\":{\"@id\":\"https:\\\/\\\/srokacompany.com\\\/de\\\/produkt\\\/vorderer-kotfluegel-von-foil-680-control\\\/#primaryimage\"},\"image\":{\"@id\":\"https:\\\/\\\/srokacompany.com\\\/de\\\/produkt\\\/vorderer-kotfluegel-von-foil-680-control\\\/#primaryimage\"},\"thumbnailUrl\":\"https:\\\/\\\/srokacompany.com\\\/wp-content\\\/uploads\\\/2023\\\/07\\\/680-front-control-sROKA.jpg\",\"datePublished\":\"2024-07-01T08:17:04+00:00\",\"dateModified\":\"2025-11-25T09:03:24+00:00\",\"description\":\"Der Vorderfl\u00fcgel des 680 Control Foils verleiht dir Leichtigkeit beim Carven, eine unglaubliche Stabilit\u00e4t beim Freeriden mit einem ultrafr\u00fchen Start.\",\"breadcrumb\":{\"@id\":\"https:\\\/\\\/srokacompany.com\\\/de\\\/produkt\\\/vorderer-kotfluegel-von-foil-680-control\\\/#breadcrumb\"},\"inLanguage\":\"de\",\"potentialAction\":[{\"@type\":\"ReadAction\",\"target\":[\"https:\\\/\\\/srokacompany.com\\\/de\\\/produkt\\\/vorderer-kotfluegel-von-foil-680-control\\\/\"]}]},{\"@type\":\"ImageObject\",\"inLanguage\":\"de\",\"@id\":\"https:\\\/\\\/srokacompany.com\\\/de\\\/produkt\\\/vorderer-kotfluegel-von-foil-680-control\\\/#primaryimage\",\"url\":\"https:\\\/\\\/srokacompany.com\\\/wp-content\\\/uploads\\\/2023\\\/07\\\/680-front-control-sROKA.jpg\",\"contentUrl\":\"https:\\\/\\\/srokacompany.com\\\/wp-content\\\/uploads\\\/2023\\\/07\\\/680-front-control-sROKA.jpg\",\"width\":1480,\"height\":2160},{\"@type\":\"BreadcrumbList\",\"@id\":\"https:\\\/\\\/srokacompany.com\\\/de\\\/produkt\\\/vorderer-kotfluegel-von-foil-680-control\\\/#breadcrumb\",\"itemListElement\":[{\"@type\":\"ListItem\",\"position\":1,\"name\":\"Accueil\",\"item\":\"https:\\\/\\\/srokacompany.com\\\/de\\\/\"},{\"@type\":\"ListItem\",\"position\":2,\"name\":\"Laden\",\"item\":\"https:\\\/\\\/srokacompany.com\\\/laden\\\/\"},{\"@type\":\"ListItem\",\"position\":3,\"name\":\"Vorderfl\u00fcgel von foil 680 Control- Freeride\"}]},{\"@type\":\"WebSite\",\"@id\":\"https:\\\/\\\/srokacompany.com\\\/de\\\/#website\",\"url\":\"https:\\\/\\\/srokacompany.com\\\/de\\\/\",\"name\":\"SROKA Company\",\"description\":\"SUP, Kite, Foil, Wing\",\"publisher\":{\"@id\":\"https:\\\/\\\/srokacompany.com\\\/de\\\/#organization\"},\"potentialAction\":[{\"@type\":\"SearchAction\",\"target\":{\"@type\":\"EntryPoint\",\"urlTemplate\":\"https:\\\/\\\/srokacompany.com\\\/de\\\/?s={search_term_string}\"},\"query-input\":{\"@type\":\"PropertyValueSpecification\",\"valueRequired\":true,\"valueName\":\"search_term_string\"}}],\"inLanguage\":\"de\"},{\"@type\":\"Organization\",\"@id\":\"https:\\\/\\\/srokacompany.com\\\/de\\\/#organization\",\"name\":\"SROKACOMPANY\",\"alternateName\":\"SROKA\",\"url\":\"https:\\\/\\\/srokacompany.com\\\/de\\\/\",\"logo\":{\"@type\":\"ImageObject\",\"inLanguage\":\"de\",\"@id\":\"https:\\\/\\\/srokacompany.com\\\/de\\\/#\\\/schema\\\/logo\\\/image\\\/\",\"url\":\"https:\\\/\\\/srokacompany.com\\\/wp-content\\\/uploads\\\/2021\\\/01\\\/logo-sroka-black-transpa.png\",\"contentUrl\":\"https:\\\/\\\/srokacompany.com\\\/wp-content\\\/uploads\\\/2021\\\/01\\\/logo-sroka-black-transpa.png\",\"width\":1201,\"height\":342,\"caption\":\"SROKACOMPANY\"},\"image\":{\"@id\":\"https:\\\/\\\/srokacompany.com\\\/de\\\/#\\\/schema\\\/logo\\\/image\\\/\"},\"sameAs\":[\"https:\\\/\\\/www.facebook.com\\\/srokawatersports\\\/\",\"https:\\\/\\\/www.instagram.com\\\/srokawatersports\\\/\",\"https:\\\/\\\/www.youtube.com\\\/channel\\\/UCVLHHeaPIm-J5bdEUgxqtZA\"]}]}<\/script>\n<!-- \/ Yoast SEO plugin. -->","yoast_head_json":{"title":"Vorderfl\u00fcgel von foil 680 Control- Freeride - SROKA Company","description":"Der Vorderfl\u00fcgel des 680 Control Foils verleiht dir Leichtigkeit beim Carven, eine unglaubliche Stabilit\u00e4t beim Freeriden mit einem ultrafr\u00fchen Start.","robots":{"index":"index","follow":"follow","max-snippet":"max-snippet:-1","max-image-preview":"max-image-preview:large","max-video-preview":"max-video-preview:-1"},"canonical":"https:\/\/srokacompany.com\/de\/produkt\/vorderer-kotfluegel-von-foil-680-control\/","og_locale":"de_DE","og_type":"article","og_title":"Vorderfl\u00fcgel von foil 680 Control- Freeride - SROKA Company","og_description":"Der Vorderfl\u00fcgel des 680 Control Foils verleiht dir Leichtigkeit beim Carven, eine unglaubliche Stabilit\u00e4t beim Freeriden mit einem ultrafr\u00fchen Start.","og_url":"https:\/\/srokacompany.com\/de\/produkt\/vorderer-kotfluegel-von-foil-680-control\/","og_site_name":"SROKA Company","article_publisher":"https:\/\/www.facebook.com\/srokawatersports\/","article_modified_time":"2025-11-25T09:03:24+00:00","og_image":[{"width":1480,"height":2160,"url":"https:\/\/srokacompany.com\/wp-content\/uploads\/2023\/07\/680-front-control-sROKA.jpg","type":"image\/jpeg"}],"twitter_misc":{"Gesch\u00e4tzte Lesezeit":"1\u00a0Minute"},"schema":{"@context":"https:\/\/schema.org","@graph":[{"@type":"WebPage","@id":"https:\/\/srokacompany.com\/de\/produkt\/vorderer-kotfluegel-von-foil-680-control\/","url":"https:\/\/srokacompany.com\/de\/produkt\/vorderer-kotfluegel-von-foil-680-control\/","name":"Vorderfl\u00fcgel von foil 680 Control- Freeride - SROKA Company","isPartOf":{"@id":"https:\/\/srokacompany.com\/de\/#website"},"primaryImageOfPage":{"@id":"https:\/\/srokacompany.com\/de\/produkt\/vorderer-kotfluegel-von-foil-680-control\/#primaryimage"},"image":{"@id":"https:\/\/srokacompany.com\/de\/produkt\/vorderer-kotfluegel-von-foil-680-control\/#primaryimage"},"thumbnailUrl":"https:\/\/srokacompany.com\/wp-content\/uploads\/2023\/07\/680-front-control-sROKA.jpg","datePublished":"2024-07-01T08:17:04+00:00","dateModified":"2025-11-25T09:03:24+00:00","description":"Der Vorderfl\u00fcgel des 680 Control Foils verleiht dir Leichtigkeit beim Carven, eine unglaubliche Stabilit\u00e4t beim Freeriden mit einem ultrafr\u00fchen Start.","breadcrumb":{"@id":"https:\/\/srokacompany.com\/de\/produkt\/vorderer-kotfluegel-von-foil-680-control\/#breadcrumb"},"inLanguage":"de","potentialAction":[{"@type":"ReadAction","target":["https:\/\/srokacompany.com\/de\/produkt\/vorderer-kotfluegel-von-foil-680-control\/"]}]},{"@type":"ImageObject","inLanguage":"de","@id":"https:\/\/srokacompany.com\/de\/produkt\/vorderer-kotfluegel-von-foil-680-control\/#primaryimage","url":"https:\/\/srokacompany.com\/wp-content\/uploads\/2023\/07\/680-front-control-sROKA.jpg","contentUrl":"https:\/\/srokacompany.com\/wp-content\/uploads\/2023\/07\/680-front-control-sROKA.jpg","width":1480,"height":2160},{"@type":"BreadcrumbList","@id":"https:\/\/srokacompany.com\/de\/produkt\/vorderer-kotfluegel-von-foil-680-control\/#breadcrumb","itemListElement":[{"@type":"ListItem","position":1,"name":"Accueil","item":"https:\/\/srokacompany.com\/de\/"},{"@type":"ListItem","position":2,"name":"Laden","item":"https:\/\/srokacompany.com\/laden\/"},{"@type":"ListItem","position":3,"name":"Vorderfl\u00fcgel von foil 680 Control- Freeride"}]},{"@type":"WebSite","@id":"https:\/\/srokacompany.com\/de\/#website","url":"https:\/\/srokacompany.com\/de\/","name":"SROKA Company","description":"SUP, Kite, Foil, Wing","publisher":{"@id":"https:\/\/srokacompany.com\/de\/#organization"},"potentialAction":[{"@type":"SearchAction","target":{"@type":"EntryPoint","urlTemplate":"https:\/\/srokacompany.com\/de\/?s={search_term_string}"},"query-input":{"@type":"PropertyValueSpecification","valueRequired":true,"valueName":"search_term_string"}}],"inLanguage":"de"},{"@type":"Organization","@id":"https:\/\/srokacompany.com\/de\/#organization","name":"SROKACOMPANY","alternateName":"SROKA","url":"https:\/\/srokacompany.com\/de\/","logo":{"@type":"ImageObject","inLanguage":"de","@id":"https:\/\/srokacompany.com\/de\/#\/schema\/logo\/image\/","url":"https:\/\/srokacompany.com\/wp-content\/uploads\/2021\/01\/logo-sroka-black-transpa.png","contentUrl":"https:\/\/srokacompany.com\/wp-content\/uploads\/2021\/01\/logo-sroka-black-transpa.png","width":1201,"height":342,"caption":"SROKACOMPANY"},"image":{"@id":"https:\/\/srokacompany.com\/de\/#\/schema\/logo\/image\/"},"sameAs":["https:\/\/www.facebook.com\/srokawatersports\/","https:\/\/www.instagram.com\/srokawatersports\/","https:\/\/www.youtube.com\/channel\/UCVLHHeaPIm-J5bdEUgxqtZA"]}]}},"uagb_featured_image_src":{"full":["https:\/\/srokacompany.com\/wp-content\/uploads\/2023\/07\/680-front-control-sROKA.jpg",1480,2160,false],"thumbnail":["https:\/\/srokacompany.com\/wp-content\/uploads\/2023\/07\/680-front-control-sROKA-150x150.jpg",150,150,true],"medium":["https:\/\/srokacompany.com\/wp-content\/uploads\/2023\/07\/680-front-control-sROKA-206x300.jpg",206,300,true],"medium_large":["https:\/\/srokacompany.com\/wp-content\/uploads\/2023\/07\/680-front-control-sROKA-768x1121.jpg",768,1121,true],"large":["https:\/\/srokacompany.com\/wp-content\/uploads\/2023\/07\/680-front-control-sROKA-702x1024.jpg",702,1024,true],"1536x1536":["https:\/\/srokacompany.com\/wp-content\/uploads\/2023\/07\/680-front-control-sROKA-1052x1536.jpg",1052,1536,true],"2048x2048":["https:\/\/srokacompany.com\/wp-content\/uploads\/2023\/07\/680-front-control-sROKA-1403x2048.jpg",1403,2048,true],"woocommerce_thumbnail":["https:\/\/srokacompany.com\/wp-content\/uploads\/2023\/07\/680-front-control-sROKA-600x876.jpg",600,876,true],"woocommerce_single":["https:\/\/srokacompany.com\/wp-content\/uploads\/2023\/07\/680-front-control-sROKA-600x876.jpg",600,876,true],"woocommerce_gallery_thumbnail":["https:\/\/srokacompany.com\/wp-content\/uploads\/2023\/07\/680-front-control-sROKA-100x100.jpg",100,100,true],"dgwt-wcas-product-suggestion":["https:\/\/srokacompany.com\/wp-content\/uploads\/2023\/07\/680-front-control-sROKA.jpg",64,93,false]},"uagb_author_info":{"display_name":"Emmanuel DIJOUX","author_link":"https:\/\/srokacompany.com\/de\/blog\/author\/"},"uagb_comment_info":0,"uagb_excerpt":"Der Vorderfl\u00fcgel SROKA 680 Control ist auf leichtes Freeriden und Carven ausgerichtet, mit einem Schwerpunkt auf Wendigkeit und Kontrolle. Hier ist die kurze, zielgerichtete Beschreibung, die Sie verlangen: 329 Frontfl\u00fcgel 680 Control: Der \"Plug and Play\" -Foilfl\u00fcgel f\u00fcr Freeride und Carving. Mit maximaler Kontrolle und hoher Stabilit\u00e4t in Kurven ist er ideal f\u00fcr einfache Man\u00f6ver&hellip;","jetpack_sharing_enabled":true,"_links":{"self":[{"href":"https:\/\/srokacompany.com\/de\/wp-json\/wp\/v2\/product\/340785","targetHints":{"allow":["GET"]}}],"collection":[{"href":"https:\/\/srokacompany.com\/de\/wp-json\/wp\/v2\/product"}],"about":[{"href":"https:\/\/srokacompany.com\/de\/wp-json\/wp\/v2\/types\/product"}],"wp:featuredmedia":[{"embeddable":true,"href":"https:\/\/srokacompany.com\/de\/wp-json\/wp\/v2\/media\/340787"}],"wp:attachment":[{"href":"https:\/\/srokacompany.com\/de\/wp-json\/wp\/v2\/media?parent=340785"}],"wp:term":[{"taxonomy":"product_brand","embeddable":true,"href":"https:\/\/srokacompany.com\/de\/wp-json\/wp\/v2\/product_brand?post=340785"},{"taxonomy":"product_cat","embeddable":true,"href":"https:\/\/srokacompany.com\/de\/wp-json\/wp\/v2\/product_cat?post=340785"},{"taxonomy":"product_tag","embeddable":true,"href":"https:\/\/srokacompany.com\/de\/wp-json\/wp\/v2\/product_tag?post=340785"}],"curies":[{"name":"wp","href":"https:\/\/api.w.org\/{rel}","templated":true}]}}