{"id":340792,"date":"2024-07-26T07:22:12","date_gmt":"2024-07-26T07:22:12","guid":{"rendered":"https:\/\/srokacompany.com\/produit\/vorderer-fluegel-von-foil-1100-uha\/"},"modified":"2025-11-25T11:01:27","modified_gmt":"2025-11-25T09:01:27","slug":"vorderer-fluegel-von-foil-1100-uha","status":"publish","type":"product","link":"https:\/\/srokacompany.com\/de\/produkt\/vorderer-fluegel-von-foil-1100-uha\/","title":{"rendered":"Vorderer Fl\u00fcgel von foil 1100 UHA"},"content":{"rendered":"<hr>\n<p class=\"p1\"><strong>Auf Lager<\/strong><\/p>\n<p>Schweben Sie wie ein Vogel, der mit voller Geschwindigkeit den Kamm der Wellen streift, w\u00e4hrend Sie die Swell-Z\u00fcge m\u00fchelos hinunterfahren. Mit unserer UHA-Reihe: Ultra High Aspect Ratio wird dies Realit\u00e4t. Diese Serie mit einer gro\u00dfen Fl\u00fcgelspannweite erm\u00f6glicht es Ihnen, fast ohne Wind und ohne Wellengang zu foilen und die gesamte notwendige Energie vom Wellengang zum Foilen zu nehmen. Wenn du auf der Suche nach einem Kite bist, mit dem du schnell abwinden oder im Fl\u00fcgel downwinden kannst, sind UHA Kites genau das Richtige f\u00fcr dich und sie werden dich mit ihrer Leichtigkeit und Leistung \u00fcberraschen. Diese Serie besteht aus 4 Fl\u00fcgelgr\u00f6\u00dfen: 800 UHA (800 cm\u00b2), 930 UHA (930 cm\u00b2), 1100 UHA (1100 cm\u00b2), 1260 UHA (1260 cm\u00b2). Diese Serie eignet sich perfekt f\u00fcr die Boardserien LW und DW sowie Superfly.   <\/p>\n<p>Nach dem Erfolg der HA Speed-Reihe haben wir uns entschieden, das gleiche Profil zu verwenden, um den gleichen weichen Start zu erm\u00f6glichen, aber mit einer beeindruckenden Geschwindigkeitsleistung. Mit dieser UHA-Reihe ist es unm\u00f6glich, entt\u00e4uscht zu werden: Geschwindigkeit, Glide und Man\u00f6vrierf\u00e4higkeit sind die drei Worte, die diese neue Reihe am besten charakterisieren. <\/p>\n<p><strong>Der 1100 UHA ist ein guter Allround-Kite f\u00fcr alle, die leicht mit dem Wing fliegen, wie verr\u00fcckt nach Luv aufsteigen, m\u00fchelos gleiten und st\u00e4rkere Swell-Z\u00fcge herunterfahren wollen. Mit ihm kannst du dhttps:\/\/youtu.be\/7S8WT4bqUk8?si=EfX_YFdPAXG5Qo1bes Vmax um die 25 Knoten erreichen. <\/strong>  Beschleunigung garantiert!!!<\/p>\n","protected":false},"excerpt":{"rendered":"<p><b>Vorderfl\u00fcgel des 1100 UHA Foils:<\/b> M\u00fcheloses Gleiten und Geschwindigkeit. Das 4&#215;4 der Foils, um <b>Wingfoil<\/b> zu \u00fcbertreffen, den <b>Downwind<\/b> zu maximieren und alle Geschwindigkeitsrekorde im Pumping<b>Foil<\/b> zu brechen (Dockstart Fortgeschrittene\/Experten). Mehr Leistung und beeindruckende Vmax, perfekt auch f\u00fcr <b>Parawing<\/b>.  <\/p>\n","protected":false},"featured_media":340795,"template":"","meta":{"_acf_changed":false,"_uag_custom_page_level_css":""},"product_brand":[],"product_cat":[3454,3456,3458,3457,3440,3455,3453],"product_tag":[3459,3443,3442],"class_list":{"0":"post-340792","1":"product","2":"type-product","3":"status-publish","4":"has-post-thumbnail","6":"product_cat-alle-unsere-uha-flugel","7":"product_cat-dockstart-flugel","8":"product_cat-downwind-flugel","9":"product_cat-flugel-sup-foil","10":"product_cat-flugel-wing-foil","11":"product_cat-surf-flugel-foil","12":"product_cat-wing-foil-de","13":"product_tag-experte","14":"product_tag-fortgeschrittene","15":"product_tag-schlau","17":"first","18":"instock","19":"taxable","20":"shipping-taxable","21":"purchasable","22":"product-type-simple"},"acf":[],"yoast_head":"<!-- This site is optimized with the Yoast SEO plugin v27.4 - https:\/\/yoast.com\/product\/yoast-seo-wordpress\/ -->\n<title>Vorderer Fl\u00fcgel von foil 1100 UHA - SROKA Company<\/title>\n<meta name=\"description\" content=\"Downwind und Freefly sind deine Leidenschaften. Der Vorderfl\u00fcgel des 1100 UHA Foils wurde f\u00fcr diese beiden Disziplinen entworfen. Ein foil, das schnell ist und gleitet.\" \/>\n<meta name=\"robots\" content=\"index, follow, max-snippet:-1, max-image-preview:large, max-video-preview:-1\" \/>\n<link rel=\"canonical\" href=\"https:\/\/srokacompany.com\/de\/produkt\/vorderer-fluegel-von-foil-1100-uha\/\" \/>\n<meta property=\"og:locale\" content=\"de_DE\" \/>\n<meta property=\"og:type\" content=\"article\" \/>\n<meta property=\"og:title\" content=\"Vorderer Fl\u00fcgel von foil 1100 UHA - SROKA Company\" \/>\n<meta property=\"og:description\" content=\"Downwind und Freefly sind deine Leidenschaften. Der Vorderfl\u00fcgel des 1100 UHA Foils wurde f\u00fcr diese beiden Disziplinen entworfen. Ein foil, das schnell ist und gleitet.\" \/>\n<meta property=\"og:url\" content=\"https:\/\/srokacompany.com\/de\/produkt\/vorderer-fluegel-von-foil-1100-uha\/\" \/>\n<meta property=\"og:site_name\" content=\"SROKA Company\" \/>\n<meta property=\"article:publisher\" content=\"https:\/\/www.facebook.com\/srokawatersports\/\" \/>\n<meta property=\"article:modified_time\" content=\"2025-11-25T09:01:27+00:00\" \/>\n<meta property=\"og:image\" content=\"https:\/\/srokacompany.com\/wp-content\/uploads\/2024\/07\/1100-UHA-2.jpg\" \/>\n\t<meta property=\"og:image:width\" content=\"1200\" \/>\n\t<meta property=\"og:image:height\" content=\"912\" \/>\n\t<meta property=\"og:image:type\" content=\"image\/jpeg\" \/>\n<meta name=\"twitter:label1\" content=\"Gesch\u00e4tzte Lesezeit\" \/>\n\t<meta name=\"twitter:data1\" content=\"1\u00a0Minute\" \/>\n<script type=\"application\/ld+json\" class=\"yoast-schema-graph\">{\"@context\":\"https:\\\/\\\/schema.org\",\"@graph\":[{\"@type\":\"WebPage\",\"@id\":\"https:\\\/\\\/srokacompany.com\\\/de\\\/produkt\\\/vorderer-fluegel-von-foil-1100-uha\\\/\",\"url\":\"https:\\\/\\\/srokacompany.com\\\/de\\\/produkt\\\/vorderer-fluegel-von-foil-1100-uha\\\/\",\"name\":\"Vorderer Fl\u00fcgel von foil 1100 UHA - SROKA Company\",\"isPartOf\":{\"@id\":\"https:\\\/\\\/srokacompany.com\\\/de\\\/#website\"},\"primaryImageOfPage\":{\"@id\":\"https:\\\/\\\/srokacompany.com\\\/de\\\/produkt\\\/vorderer-fluegel-von-foil-1100-uha\\\/#primaryimage\"},\"image\":{\"@id\":\"https:\\\/\\\/srokacompany.com\\\/de\\\/produkt\\\/vorderer-fluegel-von-foil-1100-uha\\\/#primaryimage\"},\"thumbnailUrl\":\"https:\\\/\\\/srokacompany.com\\\/wp-content\\\/uploads\\\/2024\\\/07\\\/1100-UHA-2.jpg\",\"datePublished\":\"2024-07-26T07:22:12+00:00\",\"dateModified\":\"2025-11-25T09:01:27+00:00\",\"description\":\"Downwind und Freefly sind deine Leidenschaften. Der Vorderfl\u00fcgel des 1100 UHA Foils wurde f\u00fcr diese beiden Disziplinen entworfen. Ein foil, das schnell ist und gleitet.\",\"breadcrumb\":{\"@id\":\"https:\\\/\\\/srokacompany.com\\\/de\\\/produkt\\\/vorderer-fluegel-von-foil-1100-uha\\\/#breadcrumb\"},\"inLanguage\":\"de\",\"potentialAction\":[{\"@type\":\"ReadAction\",\"target\":[\"https:\\\/\\\/srokacompany.com\\\/de\\\/produkt\\\/vorderer-fluegel-von-foil-1100-uha\\\/\"]}]},{\"@type\":\"ImageObject\",\"inLanguage\":\"de\",\"@id\":\"https:\\\/\\\/srokacompany.com\\\/de\\\/produkt\\\/vorderer-fluegel-von-foil-1100-uha\\\/#primaryimage\",\"url\":\"https:\\\/\\\/srokacompany.com\\\/wp-content\\\/uploads\\\/2024\\\/07\\\/1100-UHA-2.jpg\",\"contentUrl\":\"https:\\\/\\\/srokacompany.com\\\/wp-content\\\/uploads\\\/2024\\\/07\\\/1100-UHA-2.jpg\",\"width\":1200,\"height\":912},{\"@type\":\"BreadcrumbList\",\"@id\":\"https:\\\/\\\/srokacompany.com\\\/de\\\/produkt\\\/vorderer-fluegel-von-foil-1100-uha\\\/#breadcrumb\",\"itemListElement\":[{\"@type\":\"ListItem\",\"position\":1,\"name\":\"Accueil\",\"item\":\"https:\\\/\\\/srokacompany.com\\\/de\\\/\"},{\"@type\":\"ListItem\",\"position\":2,\"name\":\"Laden\",\"item\":\"https:\\\/\\\/srokacompany.com\\\/laden\\\/\"},{\"@type\":\"ListItem\",\"position\":3,\"name\":\"Vorderer Fl\u00fcgel von foil 1100 UHA\"}]},{\"@type\":\"WebSite\",\"@id\":\"https:\\\/\\\/srokacompany.com\\\/de\\\/#website\",\"url\":\"https:\\\/\\\/srokacompany.com\\\/de\\\/\",\"name\":\"SROKA Company\",\"description\":\"SUP, Kite, Foil, Wing\",\"publisher\":{\"@id\":\"https:\\\/\\\/srokacompany.com\\\/de\\\/#organization\"},\"potentialAction\":[{\"@type\":\"SearchAction\",\"target\":{\"@type\":\"EntryPoint\",\"urlTemplate\":\"https:\\\/\\\/srokacompany.com\\\/de\\\/?s={search_term_string}\"},\"query-input\":{\"@type\":\"PropertyValueSpecification\",\"valueRequired\":true,\"valueName\":\"search_term_string\"}}],\"inLanguage\":\"de\"},{\"@type\":\"Organization\",\"@id\":\"https:\\\/\\\/srokacompany.com\\\/de\\\/#organization\",\"name\":\"SROKACOMPANY\",\"alternateName\":\"SROKA\",\"url\":\"https:\\\/\\\/srokacompany.com\\\/de\\\/\",\"logo\":{\"@type\":\"ImageObject\",\"inLanguage\":\"de\",\"@id\":\"https:\\\/\\\/srokacompany.com\\\/de\\\/#\\\/schema\\\/logo\\\/image\\\/\",\"url\":\"https:\\\/\\\/srokacompany.com\\\/wp-content\\\/uploads\\\/2021\\\/01\\\/logo-sroka-black-transpa.png\",\"contentUrl\":\"https:\\\/\\\/srokacompany.com\\\/wp-content\\\/uploads\\\/2021\\\/01\\\/logo-sroka-black-transpa.png\",\"width\":1201,\"height\":342,\"caption\":\"SROKACOMPANY\"},\"image\":{\"@id\":\"https:\\\/\\\/srokacompany.com\\\/de\\\/#\\\/schema\\\/logo\\\/image\\\/\"},\"sameAs\":[\"https:\\\/\\\/www.facebook.com\\\/srokawatersports\\\/\",\"https:\\\/\\\/www.instagram.com\\\/srokawatersports\\\/\",\"https:\\\/\\\/www.youtube.com\\\/channel\\\/UCVLHHeaPIm-J5bdEUgxqtZA\"]}]}<\/script>\n<!-- \/ Yoast SEO plugin. -->","yoast_head_json":{"title":"Vorderer Fl\u00fcgel von foil 1100 UHA - SROKA Company","description":"Downwind und Freefly sind deine Leidenschaften. Der Vorderfl\u00fcgel des 1100 UHA Foils wurde f\u00fcr diese beiden Disziplinen entworfen. Ein foil, das schnell ist und gleitet.","robots":{"index":"index","follow":"follow","max-snippet":"max-snippet:-1","max-image-preview":"max-image-preview:large","max-video-preview":"max-video-preview:-1"},"canonical":"https:\/\/srokacompany.com\/de\/produkt\/vorderer-fluegel-von-foil-1100-uha\/","og_locale":"de_DE","og_type":"article","og_title":"Vorderer Fl\u00fcgel von foil 1100 UHA - SROKA Company","og_description":"Downwind und Freefly sind deine Leidenschaften. Der Vorderfl\u00fcgel des 1100 UHA Foils wurde f\u00fcr diese beiden Disziplinen entworfen. Ein foil, das schnell ist und gleitet.","og_url":"https:\/\/srokacompany.com\/de\/produkt\/vorderer-fluegel-von-foil-1100-uha\/","og_site_name":"SROKA Company","article_publisher":"https:\/\/www.facebook.com\/srokawatersports\/","article_modified_time":"2025-11-25T09:01:27+00:00","og_image":[{"width":1200,"height":912,"url":"https:\/\/srokacompany.com\/wp-content\/uploads\/2024\/07\/1100-UHA-2.jpg","type":"image\/jpeg"}],"twitter_misc":{"Gesch\u00e4tzte Lesezeit":"1\u00a0Minute"},"schema":{"@context":"https:\/\/schema.org","@graph":[{"@type":"WebPage","@id":"https:\/\/srokacompany.com\/de\/produkt\/vorderer-fluegel-von-foil-1100-uha\/","url":"https:\/\/srokacompany.com\/de\/produkt\/vorderer-fluegel-von-foil-1100-uha\/","name":"Vorderer Fl\u00fcgel von foil 1100 UHA - SROKA Company","isPartOf":{"@id":"https:\/\/srokacompany.com\/de\/#website"},"primaryImageOfPage":{"@id":"https:\/\/srokacompany.com\/de\/produkt\/vorderer-fluegel-von-foil-1100-uha\/#primaryimage"},"image":{"@id":"https:\/\/srokacompany.com\/de\/produkt\/vorderer-fluegel-von-foil-1100-uha\/#primaryimage"},"thumbnailUrl":"https:\/\/srokacompany.com\/wp-content\/uploads\/2024\/07\/1100-UHA-2.jpg","datePublished":"2024-07-26T07:22:12+00:00","dateModified":"2025-11-25T09:01:27+00:00","description":"Downwind und Freefly sind deine Leidenschaften. Der Vorderfl\u00fcgel des 1100 UHA Foils wurde f\u00fcr diese beiden Disziplinen entworfen. Ein foil, das schnell ist und gleitet.","breadcrumb":{"@id":"https:\/\/srokacompany.com\/de\/produkt\/vorderer-fluegel-von-foil-1100-uha\/#breadcrumb"},"inLanguage":"de","potentialAction":[{"@type":"ReadAction","target":["https:\/\/srokacompany.com\/de\/produkt\/vorderer-fluegel-von-foil-1100-uha\/"]}]},{"@type":"ImageObject","inLanguage":"de","@id":"https:\/\/srokacompany.com\/de\/produkt\/vorderer-fluegel-von-foil-1100-uha\/#primaryimage","url":"https:\/\/srokacompany.com\/wp-content\/uploads\/2024\/07\/1100-UHA-2.jpg","contentUrl":"https:\/\/srokacompany.com\/wp-content\/uploads\/2024\/07\/1100-UHA-2.jpg","width":1200,"height":912},{"@type":"BreadcrumbList","@id":"https:\/\/srokacompany.com\/de\/produkt\/vorderer-fluegel-von-foil-1100-uha\/#breadcrumb","itemListElement":[{"@type":"ListItem","position":1,"name":"Accueil","item":"https:\/\/srokacompany.com\/de\/"},{"@type":"ListItem","position":2,"name":"Laden","item":"https:\/\/srokacompany.com\/laden\/"},{"@type":"ListItem","position":3,"name":"Vorderer Fl\u00fcgel von foil 1100 UHA"}]},{"@type":"WebSite","@id":"https:\/\/srokacompany.com\/de\/#website","url":"https:\/\/srokacompany.com\/de\/","name":"SROKA Company","description":"SUP, Kite, Foil, Wing","publisher":{"@id":"https:\/\/srokacompany.com\/de\/#organization"},"potentialAction":[{"@type":"SearchAction","target":{"@type":"EntryPoint","urlTemplate":"https:\/\/srokacompany.com\/de\/?s={search_term_string}"},"query-input":{"@type":"PropertyValueSpecification","valueRequired":true,"valueName":"search_term_string"}}],"inLanguage":"de"},{"@type":"Organization","@id":"https:\/\/srokacompany.com\/de\/#organization","name":"SROKACOMPANY","alternateName":"SROKA","url":"https:\/\/srokacompany.com\/de\/","logo":{"@type":"ImageObject","inLanguage":"de","@id":"https:\/\/srokacompany.com\/de\/#\/schema\/logo\/image\/","url":"https:\/\/srokacompany.com\/wp-content\/uploads\/2021\/01\/logo-sroka-black-transpa.png","contentUrl":"https:\/\/srokacompany.com\/wp-content\/uploads\/2021\/01\/logo-sroka-black-transpa.png","width":1201,"height":342,"caption":"SROKACOMPANY"},"image":{"@id":"https:\/\/srokacompany.com\/de\/#\/schema\/logo\/image\/"},"sameAs":["https:\/\/www.facebook.com\/srokawatersports\/","https:\/\/www.instagram.com\/srokawatersports\/","https:\/\/www.youtube.com\/channel\/UCVLHHeaPIm-J5bdEUgxqtZA"]}]}},"uagb_featured_image_src":{"full":["https:\/\/srokacompany.com\/wp-content\/uploads\/2024\/07\/1100-UHA-2.jpg",1200,912,false],"thumbnail":["https:\/\/srokacompany.com\/wp-content\/uploads\/2024\/07\/1100-UHA-2-150x150.jpg",150,150,true],"medium":["https:\/\/srokacompany.com\/wp-content\/uploads\/2024\/07\/1100-UHA-2-300x228.jpg",300,228,true],"medium_large":["https:\/\/srokacompany.com\/wp-content\/uploads\/2024\/07\/1100-UHA-2-768x584.jpg",768,584,true],"large":["https:\/\/srokacompany.com\/wp-content\/uploads\/2024\/07\/1100-UHA-2-1024x778.jpg",1024,778,true],"1536x1536":["https:\/\/srokacompany.com\/wp-content\/uploads\/2024\/07\/1100-UHA-2.jpg",1200,912,false],"2048x2048":["https:\/\/srokacompany.com\/wp-content\/uploads\/2024\/07\/1100-UHA-2.jpg",1200,912,false],"woocommerce_thumbnail":["https:\/\/srokacompany.com\/wp-content\/uploads\/2024\/07\/1100-UHA-2-600x456.jpg",600,456,true],"woocommerce_single":["https:\/\/srokacompany.com\/wp-content\/uploads\/2024\/07\/1100-UHA-2-600x456.jpg",600,456,true],"woocommerce_gallery_thumbnail":["https:\/\/srokacompany.com\/wp-content\/uploads\/2024\/07\/1100-UHA-2-100x100.jpg",100,100,true],"dgwt-wcas-product-suggestion":["https:\/\/srokacompany.com\/wp-content\/uploads\/2024\/07\/1100-UHA-2.jpg",64,49,false]},"uagb_author_info":{"display_name":"Cl\u00e9ment Beaurain","author_link":"https:\/\/srokacompany.com\/de\/blog\/author\/"},"uagb_comment_info":0,"uagb_excerpt":"Vorderfl\u00fcgel des 1100 UHA Foils: M\u00fcheloses Gleiten und Geschwindigkeit. Das 4x4 der Foils, um Wingfoil zu \u00fcbertreffen, den Downwind zu maximieren und alle Geschwindigkeitsrekorde im PumpingFoil zu brechen (Dockstart Fortgeschrittene\/Experten). Mehr Leistung und beeindruckende Vmax, perfekt auch f\u00fcr Parawing.","jetpack_sharing_enabled":true,"_links":{"self":[{"href":"https:\/\/srokacompany.com\/de\/wp-json\/wp\/v2\/product\/340792","targetHints":{"allow":["GET"]}}],"collection":[{"href":"https:\/\/srokacompany.com\/de\/wp-json\/wp\/v2\/product"}],"about":[{"href":"https:\/\/srokacompany.com\/de\/wp-json\/wp\/v2\/types\/product"}],"wp:featuredmedia":[{"embeddable":true,"href":"https:\/\/srokacompany.com\/de\/wp-json\/wp\/v2\/media\/340795"}],"wp:attachment":[{"href":"https:\/\/srokacompany.com\/de\/wp-json\/wp\/v2\/media?parent=340792"}],"wp:term":[{"taxonomy":"product_brand","embeddable":true,"href":"https:\/\/srokacompany.com\/de\/wp-json\/wp\/v2\/product_brand?post=340792"},{"taxonomy":"product_cat","embeddable":true,"href":"https:\/\/srokacompany.com\/de\/wp-json\/wp\/v2\/product_cat?post=340792"},{"taxonomy":"product_tag","embeddable":true,"href":"https:\/\/srokacompany.com\/de\/wp-json\/wp\/v2\/product_tag?post=340792"}],"curies":[{"name":"wp","href":"https:\/\/api.w.org\/{rel}","templated":true}]}}