{"id":340806,"date":"2024-07-26T07:21:42","date_gmt":"2024-07-26T07:21:42","guid":{"rendered":"https:\/\/srokacompany.com\/produit\/vorderer-fluegel-von-foil-1260-uha\/"},"modified":"2025-11-25T11:02:54","modified_gmt":"2025-11-25T09:02:54","slug":"vorderer-fluegel-von-foil-1260-uha","status":"publish","type":"product","link":"https:\/\/srokacompany.com\/de\/produkt\/vorderer-fluegel-von-foil-1260-uha\/","title":{"rendered":"Vorderer Fl\u00fcgel von foil 1260 UHA"},"content":{"rendered":"<h2 class=\"p1\">Vorderfl\u00fcgel foil Ultra High Aspect 1260<\/h2>\n<p class=\"p1\">Gleiten wie ein Vogel<span class=\"Apple-converted-space\">  <\/span>streift den Kamm der Wellen<span class=\"Apple-converted-space\">  <\/span>bei voller<span class=\"Apple-converted-space\">  <\/span>Geschwindigkeit<span class=\"Apple-converted-space\">  <\/span>indem Sie m\u00fchelos die Wellenz\u00fcge hinabsteigen. Mit unserer UHA-Reihe wird das Wirklichkeit: Ultra High Aspect Ratio. Diese Serie mit einer hohen Spannweite erm\u00f6glicht es dir, fast ohne Wind und Wellen zu foilen, indem du die gesamte Energie, die du zum Foilen brauchst, aus der Welle ziehst. Wenn du nach einem Kite suchst, mit dem du schnell downwinden oder mit einem Wing downwinden kannst, dann sind die UHA-Kites genau das Richtige f\u00fcr dich und sie werden dich mit ihrer Leichtigkeit und Leistung \u00fcberraschen. Diese Serie besteht aus 4 Gr\u00f6\u00dfen: 800 UHA (800 cm2), 930 UHA (930 cm2), 1100 UHA (1100 cm2), 1260 UHA (1260 cm2). Dieses Sortiment ist perfekt f\u00fcr die LW-, DW- und Superfly-Pflanzensortimente geeignet.     <\/p>\n<p class=\"p3\">Nach dem Erfolg der HA Speed-Reihe haben wir uns entschieden, das gleiche Profil zu verwenden, um den gleichen sanften Start zu erm\u00f6glichen, aber mit einer beeindruckenden Geschwindigkeitsleistung. Es gibt keine Entt\u00e4uschung mit dieser UHA-Reihe: Geschwindigkeit, Glide und Man\u00f6vrierf\u00e4higkeit sind die drei Worte, die diese neue Reihe am besten charakterisieren. <\/p>\n<p class=\"p1\">Der <strong>UHA t 1260 Foil Frontfl\u00fcgel <\/strong> wurde speziell f\u00fcr Downwind entwickelt und bietet ungeahnte M\u00f6glichkeiten, bei sehr wenig Wellengang und\/oder Wind zu fliegen. Mit einer Fl\u00fcgelspannweite von fast 1200 cm bietet er Ihnen unter allen Bedingungen eine unendliche F\u00fchrungskapazit\u00e4t.<\/p>\n<hr>\n<p class=\"p1\"><strong>Auf Lager<\/strong><\/p>\n<p>Mit unserer UHA-Reihe (Ultra High Aspect Ratio) ist es m\u00f6glich, wie ein Vogel zu gleiten, der mit voller Geschwindigkeit \u00fcber den Wellenkamm streift und dabei m\u00fchelos die Wellenz\u00fcge hinunterfliegt. Diese Serie mit ihrer gro\u00dfen Spannweite erm\u00f6glicht es dir, fast ohne Wind und Wellen zu foilen, indem du die gesamte in den Wellen verf\u00fcgbare Energie zum Fliegen nutzt. Wenn du einen Schirm suchst, mit dem du schnell in den Downwind gehen oder Wingfoil im Downwind \u00fcben kannst, wurden die UHA-Schirme f\u00fcr dich entwickelt und werden dich mit ihrer Benutzerfreundlichkeit und Leistung \u00fcberraschen. <strong>Diese Produktreihe besteht aus vier Fl\u00fcgelgr\u00f6\u00dfen: 800 UHA (800 cm\u00b2), 930 UHA (930 cm\u00b2), 1100 UHA (1100 cm\u00b2) und 1260 UHA (1260 cm\u00b2<\/strong>). Sie passt perfekt zu den Boardserien LW (light wind) und DW (downwind) sowie zum Superfly.   <\/p>\n<p>Aufbauend auf dem Erfolg der HA Speed-Reihe haben wir das gleiche Profil auf die UHA-Reihe angewendet, um die gleiche Sanftheit beim Abheben zu bieten, aber mit einer beeindruckenden Geschwindigkeitsleistung. Es ist unm\u00f6glich, von dieser UHA-Reihe entt\u00e4uscht zu werden: Geschwindigkeit, Gleiten und Man\u00f6vrierf\u00e4higkeit sind die drei Worte, die sie am besten charakterisieren. <\/p>\n<p><strong>Der 1260 UHA<\/strong> wurde komplett <strong>f\u00fcr den Downwind entwickelt und<\/strong> bietet eine <strong>ungeahnte F\u00e4higkeit, bei sehr wenig Swell und\/oder Wind zu fliegen, mit einer unglaublichen F\u00e4higkeit, leicht zu pumpen<\/strong>. Mit einer Fl\u00fcgelspannweite von fast 1200 cm erm\u00f6glicht er dir grenzenloses Segeln bei allen Bedingungen. <\/p>\n","protected":false},"excerpt":{"rendered":"<p><strong>Ultra High Aspect 1260 Foil Vorderfl\u00fcgel:<\/strong> Fliege fr\u00fch und gleite endlos in leichtem <b>Wingfoil<\/b>, <b>Downwind<\/b> und <b>Pump Foil<\/b> (Dockstart f\u00fcr Fortgeschrittene). Maximale Reaktivit\u00e4t und erh\u00f6hte Pump-Effizienz. Ideal auch f\u00fcr <b>Parawing <\/b>. <b> Bei leichten Bedingungen<\/b> kann es auch zum <b> Surf foil<\/b> verwendet werden.  <\/p>\n","protected":false},"featured_media":340808,"template":"","meta":{"_acf_changed":false,"_uag_custom_page_level_css":""},"product_brand":[],"product_cat":[3454,3456,3458,3457,3440,3455,3453],"product_tag":[3459,3443,3442],"class_list":{"0":"post-340806","1":"product","2":"type-product","3":"status-publish","4":"has-post-thumbnail","6":"product_cat-alle-unsere-uha-flugel","7":"product_cat-dockstart-flugel","8":"product_cat-downwind-flugel","9":"product_cat-flugel-sup-foil","10":"product_cat-flugel-wing-foil","11":"product_cat-surf-flugel-foil","12":"product_cat-wing-foil-de","13":"product_tag-experte","14":"product_tag-fortgeschrittene","15":"product_tag-schlau","17":"first","18":"instock","19":"taxable","20":"shipping-taxable","21":"purchasable","22":"product-type-simple"},"acf":[],"yoast_head":"<!-- This site is optimized with the Yoast SEO plugin v27.4 - https:\/\/yoast.com\/product\/yoast-seo-wordpress\/ -->\n<title>Vorderer Fl\u00fcgel von foil 1260 UHA - SROKA Company<\/title>\n<meta name=\"description\" content=\"F\u00fcr alle Downwind-Liebhaber, die einen Ultra High Aspect 1260 Foil Frontfl\u00fcgel suchen, der schnell und stark gleitet.\" \/>\n<meta name=\"robots\" content=\"index, follow, max-snippet:-1, max-image-preview:large, max-video-preview:-1\" \/>\n<link rel=\"canonical\" href=\"https:\/\/srokacompany.com\/de\/produkt\/vorderer-fluegel-von-foil-1260-uha\/\" \/>\n<meta property=\"og:locale\" content=\"de_DE\" \/>\n<meta property=\"og:type\" content=\"article\" \/>\n<meta property=\"og:title\" content=\"Vorderer Fl\u00fcgel von foil 1260 UHA - SROKA Company\" \/>\n<meta property=\"og:description\" content=\"F\u00fcr alle Downwind-Liebhaber, die einen Ultra High Aspect 1260 Foil Frontfl\u00fcgel suchen, der schnell und stark gleitet.\" \/>\n<meta property=\"og:url\" content=\"https:\/\/srokacompany.com\/de\/produkt\/vorderer-fluegel-von-foil-1260-uha\/\" \/>\n<meta property=\"og:site_name\" content=\"SROKA Company\" \/>\n<meta property=\"article:publisher\" content=\"https:\/\/www.facebook.com\/srokawatersports\/\" \/>\n<meta property=\"article:modified_time\" content=\"2025-11-25T09:02:54+00:00\" \/>\n<meta property=\"og:image\" content=\"https:\/\/srokacompany.com\/wp-content\/uploads\/2024\/06\/1260.208.jpg\" \/>\n\t<meta property=\"og:image:width\" content=\"2560\" \/>\n\t<meta property=\"og:image:height\" content=\"1920\" \/>\n\t<meta property=\"og:image:type\" content=\"image\/jpeg\" \/>\n<meta name=\"twitter:label1\" content=\"Gesch\u00e4tzte Lesezeit\" \/>\n\t<meta name=\"twitter:data1\" content=\"2\u00a0Minuten\" \/>\n<script type=\"application\/ld+json\" class=\"yoast-schema-graph\">{\"@context\":\"https:\\\/\\\/schema.org\",\"@graph\":[{\"@type\":\"WebPage\",\"@id\":\"https:\\\/\\\/srokacompany.com\\\/de\\\/produkt\\\/vorderer-fluegel-von-foil-1260-uha\\\/\",\"url\":\"https:\\\/\\\/srokacompany.com\\\/de\\\/produkt\\\/vorderer-fluegel-von-foil-1260-uha\\\/\",\"name\":\"Vorderer Fl\u00fcgel von foil 1260 UHA - SROKA Company\",\"isPartOf\":{\"@id\":\"https:\\\/\\\/srokacompany.com\\\/de\\\/#website\"},\"primaryImageOfPage\":{\"@id\":\"https:\\\/\\\/srokacompany.com\\\/de\\\/produkt\\\/vorderer-fluegel-von-foil-1260-uha\\\/#primaryimage\"},\"image\":{\"@id\":\"https:\\\/\\\/srokacompany.com\\\/de\\\/produkt\\\/vorderer-fluegel-von-foil-1260-uha\\\/#primaryimage\"},\"thumbnailUrl\":\"https:\\\/\\\/srokacompany.com\\\/wp-content\\\/uploads\\\/2024\\\/06\\\/1260.208.jpg\",\"datePublished\":\"2024-07-26T07:21:42+00:00\",\"dateModified\":\"2025-11-25T09:02:54+00:00\",\"description\":\"F\u00fcr alle Downwind-Liebhaber, die einen Ultra High Aspect 1260 Foil Frontfl\u00fcgel suchen, der schnell und stark gleitet.\",\"breadcrumb\":{\"@id\":\"https:\\\/\\\/srokacompany.com\\\/de\\\/produkt\\\/vorderer-fluegel-von-foil-1260-uha\\\/#breadcrumb\"},\"inLanguage\":\"de\",\"potentialAction\":[{\"@type\":\"ReadAction\",\"target\":[\"https:\\\/\\\/srokacompany.com\\\/de\\\/produkt\\\/vorderer-fluegel-von-foil-1260-uha\\\/\"]}]},{\"@type\":\"ImageObject\",\"inLanguage\":\"de\",\"@id\":\"https:\\\/\\\/srokacompany.com\\\/de\\\/produkt\\\/vorderer-fluegel-von-foil-1260-uha\\\/#primaryimage\",\"url\":\"https:\\\/\\\/srokacompany.com\\\/wp-content\\\/uploads\\\/2024\\\/06\\\/1260.208.jpg\",\"contentUrl\":\"https:\\\/\\\/srokacompany.com\\\/wp-content\\\/uploads\\\/2024\\\/06\\\/1260.208.jpg\",\"width\":2560,\"height\":1920,\"caption\":\"Vorderer Fl\u00fcgel downwind UHA 1260\"},{\"@type\":\"BreadcrumbList\",\"@id\":\"https:\\\/\\\/srokacompany.com\\\/de\\\/produkt\\\/vorderer-fluegel-von-foil-1260-uha\\\/#breadcrumb\",\"itemListElement\":[{\"@type\":\"ListItem\",\"position\":1,\"name\":\"Accueil\",\"item\":\"https:\\\/\\\/srokacompany.com\\\/de\\\/\"},{\"@type\":\"ListItem\",\"position\":2,\"name\":\"Laden\",\"item\":\"https:\\\/\\\/srokacompany.com\\\/laden\\\/\"},{\"@type\":\"ListItem\",\"position\":3,\"name\":\"Vorderer Fl\u00fcgel von foil 1260 UHA\"}]},{\"@type\":\"WebSite\",\"@id\":\"https:\\\/\\\/srokacompany.com\\\/de\\\/#website\",\"url\":\"https:\\\/\\\/srokacompany.com\\\/de\\\/\",\"name\":\"SROKA Company\",\"description\":\"SUP, Kite, Foil, Wing\",\"publisher\":{\"@id\":\"https:\\\/\\\/srokacompany.com\\\/de\\\/#organization\"},\"potentialAction\":[{\"@type\":\"SearchAction\",\"target\":{\"@type\":\"EntryPoint\",\"urlTemplate\":\"https:\\\/\\\/srokacompany.com\\\/de\\\/?s={search_term_string}\"},\"query-input\":{\"@type\":\"PropertyValueSpecification\",\"valueRequired\":true,\"valueName\":\"search_term_string\"}}],\"inLanguage\":\"de\"},{\"@type\":\"Organization\",\"@id\":\"https:\\\/\\\/srokacompany.com\\\/de\\\/#organization\",\"name\":\"SROKACOMPANY\",\"alternateName\":\"SROKA\",\"url\":\"https:\\\/\\\/srokacompany.com\\\/de\\\/\",\"logo\":{\"@type\":\"ImageObject\",\"inLanguage\":\"de\",\"@id\":\"https:\\\/\\\/srokacompany.com\\\/de\\\/#\\\/schema\\\/logo\\\/image\\\/\",\"url\":\"https:\\\/\\\/srokacompany.com\\\/wp-content\\\/uploads\\\/2021\\\/01\\\/logo-sroka-black-transpa.png\",\"contentUrl\":\"https:\\\/\\\/srokacompany.com\\\/wp-content\\\/uploads\\\/2021\\\/01\\\/logo-sroka-black-transpa.png\",\"width\":1201,\"height\":342,\"caption\":\"SROKACOMPANY\"},\"image\":{\"@id\":\"https:\\\/\\\/srokacompany.com\\\/de\\\/#\\\/schema\\\/logo\\\/image\\\/\"},\"sameAs\":[\"https:\\\/\\\/www.facebook.com\\\/srokawatersports\\\/\",\"https:\\\/\\\/www.instagram.com\\\/srokawatersports\\\/\",\"https:\\\/\\\/www.youtube.com\\\/channel\\\/UCVLHHeaPIm-J5bdEUgxqtZA\"]}]}<\/script>\n<!-- \/ Yoast SEO plugin. -->","yoast_head_json":{"title":"Vorderer Fl\u00fcgel von foil 1260 UHA - SROKA Company","description":"F\u00fcr alle Downwind-Liebhaber, die einen Ultra High Aspect 1260 Foil Frontfl\u00fcgel suchen, der schnell und stark gleitet.","robots":{"index":"index","follow":"follow","max-snippet":"max-snippet:-1","max-image-preview":"max-image-preview:large","max-video-preview":"max-video-preview:-1"},"canonical":"https:\/\/srokacompany.com\/de\/produkt\/vorderer-fluegel-von-foil-1260-uha\/","og_locale":"de_DE","og_type":"article","og_title":"Vorderer Fl\u00fcgel von foil 1260 UHA - SROKA Company","og_description":"F\u00fcr alle Downwind-Liebhaber, die einen Ultra High Aspect 1260 Foil Frontfl\u00fcgel suchen, der schnell und stark gleitet.","og_url":"https:\/\/srokacompany.com\/de\/produkt\/vorderer-fluegel-von-foil-1260-uha\/","og_site_name":"SROKA Company","article_publisher":"https:\/\/www.facebook.com\/srokawatersports\/","article_modified_time":"2025-11-25T09:02:54+00:00","og_image":[{"width":2560,"height":1920,"url":"https:\/\/srokacompany.com\/wp-content\/uploads\/2024\/06\/1260.208.jpg","type":"image\/jpeg"}],"twitter_misc":{"Gesch\u00e4tzte Lesezeit":"2\u00a0Minuten"},"schema":{"@context":"https:\/\/schema.org","@graph":[{"@type":"WebPage","@id":"https:\/\/srokacompany.com\/de\/produkt\/vorderer-fluegel-von-foil-1260-uha\/","url":"https:\/\/srokacompany.com\/de\/produkt\/vorderer-fluegel-von-foil-1260-uha\/","name":"Vorderer Fl\u00fcgel von foil 1260 UHA - SROKA Company","isPartOf":{"@id":"https:\/\/srokacompany.com\/de\/#website"},"primaryImageOfPage":{"@id":"https:\/\/srokacompany.com\/de\/produkt\/vorderer-fluegel-von-foil-1260-uha\/#primaryimage"},"image":{"@id":"https:\/\/srokacompany.com\/de\/produkt\/vorderer-fluegel-von-foil-1260-uha\/#primaryimage"},"thumbnailUrl":"https:\/\/srokacompany.com\/wp-content\/uploads\/2024\/06\/1260.208.jpg","datePublished":"2024-07-26T07:21:42+00:00","dateModified":"2025-11-25T09:02:54+00:00","description":"F\u00fcr alle Downwind-Liebhaber, die einen Ultra High Aspect 1260 Foil Frontfl\u00fcgel suchen, der schnell und stark gleitet.","breadcrumb":{"@id":"https:\/\/srokacompany.com\/de\/produkt\/vorderer-fluegel-von-foil-1260-uha\/#breadcrumb"},"inLanguage":"de","potentialAction":[{"@type":"ReadAction","target":["https:\/\/srokacompany.com\/de\/produkt\/vorderer-fluegel-von-foil-1260-uha\/"]}]},{"@type":"ImageObject","inLanguage":"de","@id":"https:\/\/srokacompany.com\/de\/produkt\/vorderer-fluegel-von-foil-1260-uha\/#primaryimage","url":"https:\/\/srokacompany.com\/wp-content\/uploads\/2024\/06\/1260.208.jpg","contentUrl":"https:\/\/srokacompany.com\/wp-content\/uploads\/2024\/06\/1260.208.jpg","width":2560,"height":1920,"caption":"Vorderer Fl\u00fcgel downwind UHA 1260"},{"@type":"BreadcrumbList","@id":"https:\/\/srokacompany.com\/de\/produkt\/vorderer-fluegel-von-foil-1260-uha\/#breadcrumb","itemListElement":[{"@type":"ListItem","position":1,"name":"Accueil","item":"https:\/\/srokacompany.com\/de\/"},{"@type":"ListItem","position":2,"name":"Laden","item":"https:\/\/srokacompany.com\/laden\/"},{"@type":"ListItem","position":3,"name":"Vorderer Fl\u00fcgel von foil 1260 UHA"}]},{"@type":"WebSite","@id":"https:\/\/srokacompany.com\/de\/#website","url":"https:\/\/srokacompany.com\/de\/","name":"SROKA Company","description":"SUP, Kite, Foil, Wing","publisher":{"@id":"https:\/\/srokacompany.com\/de\/#organization"},"potentialAction":[{"@type":"SearchAction","target":{"@type":"EntryPoint","urlTemplate":"https:\/\/srokacompany.com\/de\/?s={search_term_string}"},"query-input":{"@type":"PropertyValueSpecification","valueRequired":true,"valueName":"search_term_string"}}],"inLanguage":"de"},{"@type":"Organization","@id":"https:\/\/srokacompany.com\/de\/#organization","name":"SROKACOMPANY","alternateName":"SROKA","url":"https:\/\/srokacompany.com\/de\/","logo":{"@type":"ImageObject","inLanguage":"de","@id":"https:\/\/srokacompany.com\/de\/#\/schema\/logo\/image\/","url":"https:\/\/srokacompany.com\/wp-content\/uploads\/2021\/01\/logo-sroka-black-transpa.png","contentUrl":"https:\/\/srokacompany.com\/wp-content\/uploads\/2021\/01\/logo-sroka-black-transpa.png","width":1201,"height":342,"caption":"SROKACOMPANY"},"image":{"@id":"https:\/\/srokacompany.com\/de\/#\/schema\/logo\/image\/"},"sameAs":["https:\/\/www.facebook.com\/srokawatersports\/","https:\/\/www.instagram.com\/srokawatersports\/","https:\/\/www.youtube.com\/channel\/UCVLHHeaPIm-J5bdEUgxqtZA"]}]}},"uagb_featured_image_src":{"full":["https:\/\/srokacompany.com\/wp-content\/uploads\/2024\/06\/1260.208.jpg",2560,1920,false],"thumbnail":["https:\/\/srokacompany.com\/wp-content\/uploads\/2024\/06\/1260.208-150x150.jpg",150,150,true],"medium":["https:\/\/srokacompany.com\/wp-content\/uploads\/2024\/06\/1260.208-300x225.jpg",300,225,true],"medium_large":["https:\/\/srokacompany.com\/wp-content\/uploads\/2024\/06\/1260.208-768x576.jpg",768,576,true],"large":["https:\/\/srokacompany.com\/wp-content\/uploads\/2024\/06\/1260.208-1024x768.jpg",1024,768,true],"1536x1536":["https:\/\/srokacompany.com\/wp-content\/uploads\/2024\/06\/1260.208-1536x1152.jpg",1536,1152,true],"2048x2048":["https:\/\/srokacompany.com\/wp-content\/uploads\/2024\/06\/1260.208-2048x1536.jpg",2048,1536,true],"woocommerce_thumbnail":["https:\/\/srokacompany.com\/wp-content\/uploads\/2024\/06\/1260.208-600x450.jpg",600,450,true],"woocommerce_single":["https:\/\/srokacompany.com\/wp-content\/uploads\/2024\/06\/1260.208-600x450.jpg",600,450,true],"woocommerce_gallery_thumbnail":["https:\/\/srokacompany.com\/wp-content\/uploads\/2024\/06\/1260.208-100x100.jpg",100,100,true],"dgwt-wcas-product-suggestion":["https:\/\/srokacompany.com\/wp-content\/uploads\/2024\/06\/1260.208.jpg",64,48,false]},"uagb_author_info":{"display_name":"Cl\u00e9ment Beaurain","author_link":"https:\/\/srokacompany.com\/de\/blog\/author\/"},"uagb_comment_info":0,"uagb_excerpt":"Ultra High Aspect 1260 Foil Vorderfl\u00fcgel: Fliege fr\u00fch und gleite endlos in leichtem Wingfoil, Downwind und Pump Foil (Dockstart f\u00fcr Fortgeschrittene). Maximale Reaktivit\u00e4t und erh\u00f6hte Pump-Effizienz. Ideal auch f\u00fcr Parawing . Bei leichten Bedingungen kann es auch zum Surf foil verwendet werden.","jetpack_sharing_enabled":true,"_links":{"self":[{"href":"https:\/\/srokacompany.com\/de\/wp-json\/wp\/v2\/product\/340806","targetHints":{"allow":["GET"]}}],"collection":[{"href":"https:\/\/srokacompany.com\/de\/wp-json\/wp\/v2\/product"}],"about":[{"href":"https:\/\/srokacompany.com\/de\/wp-json\/wp\/v2\/types\/product"}],"wp:featuredmedia":[{"embeddable":true,"href":"https:\/\/srokacompany.com\/de\/wp-json\/wp\/v2\/media\/340808"}],"wp:attachment":[{"href":"https:\/\/srokacompany.com\/de\/wp-json\/wp\/v2\/media?parent=340806"}],"wp:term":[{"taxonomy":"product_brand","embeddable":true,"href":"https:\/\/srokacompany.com\/de\/wp-json\/wp\/v2\/product_brand?post=340806"},{"taxonomy":"product_cat","embeddable":true,"href":"https:\/\/srokacompany.com\/de\/wp-json\/wp\/v2\/product_cat?post=340806"},{"taxonomy":"product_tag","embeddable":true,"href":"https:\/\/srokacompany.com\/de\/wp-json\/wp\/v2\/product_tag?post=340806"}],"curies":[{"name":"wp","href":"https:\/\/api.w.org\/{rel}","templated":true}]}}