{"id":340815,"date":"2024-07-26T07:23:53","date_gmt":"2024-07-26T07:23:53","guid":{"rendered":"https:\/\/srokacompany.com\/produit\/vorderer-fluegel-von-foil-930-uha\/"},"modified":"2025-11-25T11:00:56","modified_gmt":"2025-11-25T09:00:56","slug":"vorderer-fluegel-von-foil-930-uha","status":"publish","type":"product","link":"https:\/\/srokacompany.com\/de\/produkt\/vorderer-fluegel-von-foil-930-uha\/","title":{"rendered":"Vorderer Fl\u00fcgel von foil 930 UHA"},"content":{"rendered":"<hr>\n<p><strong>Mit dem 930 UHA werden Sie in eine andere Welt eintauchen.<\/strong>  Wenn Sie dachten, Sie h\u00e4tten schon alles gesehen, dann t\u00e4uschen Sie sich. Sie wollten schon immer den Auftrieb eines 1200 cm\u00b2 gro\u00dfen Flugzeugs und die Geschwindigkeit eines 900 cm\u00b2 gro\u00dfen Flugzeugs haben? Wir haben es m\u00f6glich gemacht. Er ist einfach zu bedienen und erm\u00f6glicht es dir, sehr fr\u00fch zu starten und mit unglaublichen Geschwindigkeiten zu fliegen.   <\/p>\n<p>Gleiten wie ein Vogel, der mit voller Geschwindigkeit \u00fcber den Wellenkamm streift und dabei m\u00fchelos die Wellenz\u00fcge hinabgleitet. Mit unserer UHA-Reihe wird dies Wirklichkeit: U <strong>ltra High Aspect Ratio. Diese Reihe mit einer hohen Spannweite erm\u00f6glicht es Ihnen, fast ohne Wind und Wellen zu foilen, indem Sie die gesamte Energie, die Sie zum Foilen ben\u00f6tigen, aus der Welle ziehen. <\/strong>  Wenn du auf der Suche nach einem Fl\u00fcgel bist, mit dem du schnell downwinden oder mit einem Wing downwinden kannst, wurden die UHA-Kites f\u00fcr dich entwickelt, und sie werden dich mit ihrer Leichtigkeit und Leistung \u00fcberraschen. Diese <strong>Produktreihe besteht aus 4 Fl\u00fcgelgr\u00f6\u00dfen<\/strong>: 800 UHA (800 cm\u00b2), 930 UHA (930 cm\u00b2), 1100 UHA (1100 cm\u00b2), 1260 UHA (1260 cm\u00b2). Diese Serie ist perfekt f\u00fcr die Boardserien LW und DW sowie Superfly geeignet.  <\/p>\n<p>Nach dem Erfolg der HA Speed-Reihe haben wir uns entschieden, das gleiche Profil zu verwenden, um den gleichen weichen Start zu erm\u00f6glichen, aber mit einer beeindruckenden Geschwindigkeitsleistung. Mit dieser UHA-Reihe ist es unm\u00f6glich, entt\u00e4uscht zu werden:<strong>Geschwindigkeit, Glide und Man\u00f6vrierf\u00e4higkeit sind die drei Worte, die diese neue Reihe am besten charakterisieren<\/strong>. <\/p>\n","protected":false},"excerpt":{"rendered":"<p><b>SROKA UHA 930 Fl\u00fcgel:<\/b> Adrenalin und Vmax garantiert! Beherrsche den <b>Wingfoil<\/b> (mittlerer\/starker Wind) und den <b>Downwind<\/b> mit rasanter Geschwindigkeit. Man\u00f6vrierf\u00e4higkeit und Effizienz mit einem <b> unglaublichen Downwind-Relaunch<\/b>, w\u00e4hrend du gleichzeitig <b>unendlich gleiten<\/b> kannst.  <\/p>\n","protected":false},"featured_media":340816,"template":"","meta":{"_acf_changed":false,"_uag_custom_page_level_css":""},"product_brand":[],"product_cat":[3454,3458,3457,3440,3455,3453],"product_tag":[3459,3443,3442],"class_list":{"0":"post-340815","1":"product","2":"type-product","3":"status-publish","4":"has-post-thumbnail","6":"product_cat-alle-unsere-uha-flugel","7":"product_cat-downwind-flugel","8":"product_cat-flugel-sup-foil","9":"product_cat-flugel-wing-foil","10":"product_cat-surf-flugel-foil","11":"product_cat-wing-foil-de","12":"product_tag-experte","13":"product_tag-fortgeschrittene","14":"product_tag-schlau","15":"product_shipping_class-foil-komplett-oder-ersatzteile-wing-einheit","17":"first","18":"instock","19":"taxable","20":"shipping-taxable","21":"purchasable","22":"product-type-simple"},"acf":[],"yoast_head":"<!-- This site is optimized with the Yoast SEO plugin v27.4 - https:\/\/yoast.com\/product\/yoast-seo-wordpress\/ -->\n<title>Vorderer Fl\u00fcgel von foil 930 UHA - SROKA Company<\/title>\n<meta name=\"description\" content=\"Fast downwind - Pump - Pump race, Sup - Sup race- downwind sind die Hauptmerkmale des neuen 930 UHA Foil Front Wing.\" \/>\n<meta name=\"robots\" content=\"index, follow, max-snippet:-1, max-image-preview:large, max-video-preview:-1\" \/>\n<link rel=\"canonical\" href=\"https:\/\/srokacompany.com\/de\/produkt\/vorderer-fluegel-von-foil-930-uha\/\" \/>\n<meta property=\"og:locale\" content=\"de_DE\" \/>\n<meta property=\"og:type\" content=\"article\" \/>\n<meta property=\"og:title\" content=\"Vorderer Fl\u00fcgel von foil 930 UHA - SROKA Company\" \/>\n<meta property=\"og:description\" content=\"Fast downwind - Pump - Pump race, Sup - Sup race- downwind sind die Hauptmerkmale des neuen 930 UHA Foil Front Wing.\" \/>\n<meta property=\"og:url\" content=\"https:\/\/srokacompany.com\/de\/produkt\/vorderer-fluegel-von-foil-930-uha\/\" \/>\n<meta property=\"og:site_name\" content=\"SROKA Company\" \/>\n<meta property=\"article:publisher\" content=\"https:\/\/www.facebook.com\/srokawatersports\/\" \/>\n<meta property=\"article:modified_time\" content=\"2025-11-25T09:00:56+00:00\" \/>\n<meta property=\"og:image\" content=\"https:\/\/srokacompany.com\/wp-content\/uploads\/2024\/06\/930.200.jpg\" \/>\n\t<meta property=\"og:image:width\" content=\"2560\" \/>\n\t<meta property=\"og:image:height\" content=\"1920\" \/>\n\t<meta property=\"og:image:type\" content=\"image\/jpeg\" \/>\n<meta name=\"twitter:label1\" content=\"Gesch\u00e4tzte Lesezeit\" \/>\n\t<meta name=\"twitter:data1\" content=\"1\u00a0Minute\" \/>\n<script type=\"application\/ld+json\" class=\"yoast-schema-graph\">{\"@context\":\"https:\\\/\\\/schema.org\",\"@graph\":[{\"@type\":\"WebPage\",\"@id\":\"https:\\\/\\\/srokacompany.com\\\/de\\\/produkt\\\/vorderer-fluegel-von-foil-930-uha\\\/\",\"url\":\"https:\\\/\\\/srokacompany.com\\\/de\\\/produkt\\\/vorderer-fluegel-von-foil-930-uha\\\/\",\"name\":\"Vorderer Fl\u00fcgel von foil 930 UHA - SROKA Company\",\"isPartOf\":{\"@id\":\"https:\\\/\\\/srokacompany.com\\\/de\\\/#website\"},\"primaryImageOfPage\":{\"@id\":\"https:\\\/\\\/srokacompany.com\\\/de\\\/produkt\\\/vorderer-fluegel-von-foil-930-uha\\\/#primaryimage\"},\"image\":{\"@id\":\"https:\\\/\\\/srokacompany.com\\\/de\\\/produkt\\\/vorderer-fluegel-von-foil-930-uha\\\/#primaryimage\"},\"thumbnailUrl\":\"https:\\\/\\\/srokacompany.com\\\/wp-content\\\/uploads\\\/2024\\\/06\\\/930.200.jpg\",\"datePublished\":\"2024-07-26T07:23:53+00:00\",\"dateModified\":\"2025-11-25T09:00:56+00:00\",\"description\":\"Fast downwind - Pump - Pump race, Sup - Sup race- downwind sind die Hauptmerkmale des neuen 930 UHA Foil Front Wing.\",\"breadcrumb\":{\"@id\":\"https:\\\/\\\/srokacompany.com\\\/de\\\/produkt\\\/vorderer-fluegel-von-foil-930-uha\\\/#breadcrumb\"},\"inLanguage\":\"de\",\"potentialAction\":[{\"@type\":\"ReadAction\",\"target\":[\"https:\\\/\\\/srokacompany.com\\\/de\\\/produkt\\\/vorderer-fluegel-von-foil-930-uha\\\/\"]}]},{\"@type\":\"ImageObject\",\"inLanguage\":\"de\",\"@id\":\"https:\\\/\\\/srokacompany.com\\\/de\\\/produkt\\\/vorderer-fluegel-von-foil-930-uha\\\/#primaryimage\",\"url\":\"https:\\\/\\\/srokacompany.com\\\/wp-content\\\/uploads\\\/2024\\\/06\\\/930.200.jpg\",\"contentUrl\":\"https:\\\/\\\/srokacompany.com\\\/wp-content\\\/uploads\\\/2024\\\/06\\\/930.200.jpg\",\"width\":2560,\"height\":1920},{\"@type\":\"BreadcrumbList\",\"@id\":\"https:\\\/\\\/srokacompany.com\\\/de\\\/produkt\\\/vorderer-fluegel-von-foil-930-uha\\\/#breadcrumb\",\"itemListElement\":[{\"@type\":\"ListItem\",\"position\":1,\"name\":\"Accueil\",\"item\":\"https:\\\/\\\/srokacompany.com\\\/de\\\/\"},{\"@type\":\"ListItem\",\"position\":2,\"name\":\"Laden\",\"item\":\"https:\\\/\\\/srokacompany.com\\\/laden\\\/\"},{\"@type\":\"ListItem\",\"position\":3,\"name\":\"Vorderer Fl\u00fcgel von foil 930 UHA\"}]},{\"@type\":\"WebSite\",\"@id\":\"https:\\\/\\\/srokacompany.com\\\/de\\\/#website\",\"url\":\"https:\\\/\\\/srokacompany.com\\\/de\\\/\",\"name\":\"SROKA Company\",\"description\":\"SUP, Kite, Foil, Wing\",\"publisher\":{\"@id\":\"https:\\\/\\\/srokacompany.com\\\/de\\\/#organization\"},\"potentialAction\":[{\"@type\":\"SearchAction\",\"target\":{\"@type\":\"EntryPoint\",\"urlTemplate\":\"https:\\\/\\\/srokacompany.com\\\/de\\\/?s={search_term_string}\"},\"query-input\":{\"@type\":\"PropertyValueSpecification\",\"valueRequired\":true,\"valueName\":\"search_term_string\"}}],\"inLanguage\":\"de\"},{\"@type\":\"Organization\",\"@id\":\"https:\\\/\\\/srokacompany.com\\\/de\\\/#organization\",\"name\":\"SROKACOMPANY\",\"alternateName\":\"SROKA\",\"url\":\"https:\\\/\\\/srokacompany.com\\\/de\\\/\",\"logo\":{\"@type\":\"ImageObject\",\"inLanguage\":\"de\",\"@id\":\"https:\\\/\\\/srokacompany.com\\\/de\\\/#\\\/schema\\\/logo\\\/image\\\/\",\"url\":\"https:\\\/\\\/srokacompany.com\\\/wp-content\\\/uploads\\\/2021\\\/01\\\/logo-sroka-black-transpa.png\",\"contentUrl\":\"https:\\\/\\\/srokacompany.com\\\/wp-content\\\/uploads\\\/2021\\\/01\\\/logo-sroka-black-transpa.png\",\"width\":1201,\"height\":342,\"caption\":\"SROKACOMPANY\"},\"image\":{\"@id\":\"https:\\\/\\\/srokacompany.com\\\/de\\\/#\\\/schema\\\/logo\\\/image\\\/\"},\"sameAs\":[\"https:\\\/\\\/www.facebook.com\\\/srokawatersports\\\/\",\"https:\\\/\\\/www.instagram.com\\\/srokawatersports\\\/\",\"https:\\\/\\\/www.youtube.com\\\/channel\\\/UCVLHHeaPIm-J5bdEUgxqtZA\"]}]}<\/script>\n<!-- \/ Yoast SEO plugin. -->","yoast_head_json":{"title":"Vorderer Fl\u00fcgel von foil 930 UHA - SROKA Company","description":"Fast downwind - Pump - Pump race, Sup - Sup race- downwind sind die Hauptmerkmale des neuen 930 UHA Foil Front Wing.","robots":{"index":"index","follow":"follow","max-snippet":"max-snippet:-1","max-image-preview":"max-image-preview:large","max-video-preview":"max-video-preview:-1"},"canonical":"https:\/\/srokacompany.com\/de\/produkt\/vorderer-fluegel-von-foil-930-uha\/","og_locale":"de_DE","og_type":"article","og_title":"Vorderer Fl\u00fcgel von foil 930 UHA - SROKA Company","og_description":"Fast downwind - Pump - Pump race, Sup - Sup race- downwind sind die Hauptmerkmale des neuen 930 UHA Foil Front Wing.","og_url":"https:\/\/srokacompany.com\/de\/produkt\/vorderer-fluegel-von-foil-930-uha\/","og_site_name":"SROKA Company","article_publisher":"https:\/\/www.facebook.com\/srokawatersports\/","article_modified_time":"2025-11-25T09:00:56+00:00","og_image":[{"width":2560,"height":1920,"url":"https:\/\/srokacompany.com\/wp-content\/uploads\/2024\/06\/930.200.jpg","type":"image\/jpeg"}],"twitter_misc":{"Gesch\u00e4tzte Lesezeit":"1\u00a0Minute"},"schema":{"@context":"https:\/\/schema.org","@graph":[{"@type":"WebPage","@id":"https:\/\/srokacompany.com\/de\/produkt\/vorderer-fluegel-von-foil-930-uha\/","url":"https:\/\/srokacompany.com\/de\/produkt\/vorderer-fluegel-von-foil-930-uha\/","name":"Vorderer Fl\u00fcgel von foil 930 UHA - SROKA Company","isPartOf":{"@id":"https:\/\/srokacompany.com\/de\/#website"},"primaryImageOfPage":{"@id":"https:\/\/srokacompany.com\/de\/produkt\/vorderer-fluegel-von-foil-930-uha\/#primaryimage"},"image":{"@id":"https:\/\/srokacompany.com\/de\/produkt\/vorderer-fluegel-von-foil-930-uha\/#primaryimage"},"thumbnailUrl":"https:\/\/srokacompany.com\/wp-content\/uploads\/2024\/06\/930.200.jpg","datePublished":"2024-07-26T07:23:53+00:00","dateModified":"2025-11-25T09:00:56+00:00","description":"Fast downwind - Pump - Pump race, Sup - Sup race- downwind sind die Hauptmerkmale des neuen 930 UHA Foil Front Wing.","breadcrumb":{"@id":"https:\/\/srokacompany.com\/de\/produkt\/vorderer-fluegel-von-foil-930-uha\/#breadcrumb"},"inLanguage":"de","potentialAction":[{"@type":"ReadAction","target":["https:\/\/srokacompany.com\/de\/produkt\/vorderer-fluegel-von-foil-930-uha\/"]}]},{"@type":"ImageObject","inLanguage":"de","@id":"https:\/\/srokacompany.com\/de\/produkt\/vorderer-fluegel-von-foil-930-uha\/#primaryimage","url":"https:\/\/srokacompany.com\/wp-content\/uploads\/2024\/06\/930.200.jpg","contentUrl":"https:\/\/srokacompany.com\/wp-content\/uploads\/2024\/06\/930.200.jpg","width":2560,"height":1920},{"@type":"BreadcrumbList","@id":"https:\/\/srokacompany.com\/de\/produkt\/vorderer-fluegel-von-foil-930-uha\/#breadcrumb","itemListElement":[{"@type":"ListItem","position":1,"name":"Accueil","item":"https:\/\/srokacompany.com\/de\/"},{"@type":"ListItem","position":2,"name":"Laden","item":"https:\/\/srokacompany.com\/laden\/"},{"@type":"ListItem","position":3,"name":"Vorderer Fl\u00fcgel von foil 930 UHA"}]},{"@type":"WebSite","@id":"https:\/\/srokacompany.com\/de\/#website","url":"https:\/\/srokacompany.com\/de\/","name":"SROKA Company","description":"SUP, Kite, Foil, Wing","publisher":{"@id":"https:\/\/srokacompany.com\/de\/#organization"},"potentialAction":[{"@type":"SearchAction","target":{"@type":"EntryPoint","urlTemplate":"https:\/\/srokacompany.com\/de\/?s={search_term_string}"},"query-input":{"@type":"PropertyValueSpecification","valueRequired":true,"valueName":"search_term_string"}}],"inLanguage":"de"},{"@type":"Organization","@id":"https:\/\/srokacompany.com\/de\/#organization","name":"SROKACOMPANY","alternateName":"SROKA","url":"https:\/\/srokacompany.com\/de\/","logo":{"@type":"ImageObject","inLanguage":"de","@id":"https:\/\/srokacompany.com\/de\/#\/schema\/logo\/image\/","url":"https:\/\/srokacompany.com\/wp-content\/uploads\/2021\/01\/logo-sroka-black-transpa.png","contentUrl":"https:\/\/srokacompany.com\/wp-content\/uploads\/2021\/01\/logo-sroka-black-transpa.png","width":1201,"height":342,"caption":"SROKACOMPANY"},"image":{"@id":"https:\/\/srokacompany.com\/de\/#\/schema\/logo\/image\/"},"sameAs":["https:\/\/www.facebook.com\/srokawatersports\/","https:\/\/www.instagram.com\/srokawatersports\/","https:\/\/www.youtube.com\/channel\/UCVLHHeaPIm-J5bdEUgxqtZA"]}]}},"uagb_featured_image_src":{"full":["https:\/\/srokacompany.com\/wp-content\/uploads\/2024\/06\/930.200.jpg",2560,1920,false],"thumbnail":["https:\/\/srokacompany.com\/wp-content\/uploads\/2024\/06\/930.200-150x150.jpg",150,150,true],"medium":["https:\/\/srokacompany.com\/wp-content\/uploads\/2024\/06\/930.200-300x225.jpg",300,225,true],"medium_large":["https:\/\/srokacompany.com\/wp-content\/uploads\/2024\/06\/930.200-768x576.jpg",768,576,true],"large":["https:\/\/srokacompany.com\/wp-content\/uploads\/2024\/06\/930.200-1024x768.jpg",1024,768,true],"1536x1536":["https:\/\/srokacompany.com\/wp-content\/uploads\/2024\/06\/930.200-1536x1152.jpg",1536,1152,true],"2048x2048":["https:\/\/srokacompany.com\/wp-content\/uploads\/2024\/06\/930.200-2048x1536.jpg",2048,1536,true],"woocommerce_thumbnail":["https:\/\/srokacompany.com\/wp-content\/uploads\/2024\/06\/930.200-600x450.jpg",600,450,true],"woocommerce_single":["https:\/\/srokacompany.com\/wp-content\/uploads\/2024\/06\/930.200-600x450.jpg",600,450,true],"woocommerce_gallery_thumbnail":["https:\/\/srokacompany.com\/wp-content\/uploads\/2024\/06\/930.200-100x100.jpg",100,100,true],"dgwt-wcas-product-suggestion":["https:\/\/srokacompany.com\/wp-content\/uploads\/2024\/06\/930.200.jpg",64,48,false]},"uagb_author_info":{"display_name":"Cl\u00e9ment Beaurain","author_link":"https:\/\/srokacompany.com\/de\/blog\/author\/"},"uagb_comment_info":0,"uagb_excerpt":"SROKA UHA 930 Fl\u00fcgel: Adrenalin und Vmax garantiert! Beherrsche den Wingfoil (mittlerer\/starker Wind) und den Downwind mit rasanter Geschwindigkeit. Man\u00f6vrierf\u00e4higkeit und Effizienz mit einem unglaublichen Downwind-Relaunch, w\u00e4hrend du gleichzeitig unendlich gleiten kannst.","jetpack_sharing_enabled":true,"_links":{"self":[{"href":"https:\/\/srokacompany.com\/de\/wp-json\/wp\/v2\/product\/340815","targetHints":{"allow":["GET"]}}],"collection":[{"href":"https:\/\/srokacompany.com\/de\/wp-json\/wp\/v2\/product"}],"about":[{"href":"https:\/\/srokacompany.com\/de\/wp-json\/wp\/v2\/types\/product"}],"wp:featuredmedia":[{"embeddable":true,"href":"https:\/\/srokacompany.com\/de\/wp-json\/wp\/v2\/media\/340816"}],"wp:attachment":[{"href":"https:\/\/srokacompany.com\/de\/wp-json\/wp\/v2\/media?parent=340815"}],"wp:term":[{"taxonomy":"product_brand","embeddable":true,"href":"https:\/\/srokacompany.com\/de\/wp-json\/wp\/v2\/product_brand?post=340815"},{"taxonomy":"product_cat","embeddable":true,"href":"https:\/\/srokacompany.com\/de\/wp-json\/wp\/v2\/product_cat?post=340815"},{"taxonomy":"product_tag","embeddable":true,"href":"https:\/\/srokacompany.com\/de\/wp-json\/wp\/v2\/product_tag?post=340815"}],"curies":[{"name":"wp","href":"https:\/\/api.w.org\/{rel}","templated":true}]}}