{"id":340843,"date":"2024-09-15T05:55:30","date_gmt":"2024-09-15T05:55:30","guid":{"rendered":"https:\/\/srokacompany.com\/produit\/vorderer-kotfluegel-high-aspect-550-s-ha\/"},"modified":"2025-11-25T10:59:18","modified_gmt":"2025-11-25T08:59:18","slug":"vorderer-kotfluegel-high-aspect-550-s-ha","status":"publish","type":"product","link":"https:\/\/srokacompany.com\/de\/produkt\/vorderer-kotfluegel-high-aspect-550-s-ha\/","title":{"rendered":"Vorderer Kotfl\u00fcgel High Aspect 550 S HA"},"content":{"rendered":"<h4>\u00dcberschreiten Sie Ihre Grenzen : Pure Geschwindigkeit im Wettkampf<\/h4>\n<p>&nbsp;<\/p>\n<p><strong>Der Frontfl\u00fcgel Hight Aspect 550 S HA SROKA<\/strong> ist f\u00fcr Rider gedacht, die nur eine Regel kennen: schneller zu sein. Er wurde als echtes <b>Renntier<\/b> konzipiert und ist das unverzichtbare Werkzeug, um Ihre pers\u00f6nlichen Rekorde zu brechen und die <b>Wingfoil Race-<\/b> und <b>Kitefoil-Kurse<\/b> zu dominieren. <\/p>\n<p>Mit seinem geschwindigkeitsorientierten Profil und dem niedrigen Vorsteven sorgt er f\u00fcr einen minimalen Luftwiderstand, sodass Sie mit <b>35 Knoten<\/b> flirten k\u00f6nnen, ohne sich Sorgen machen zu m\u00fcssen. Die einzige Geschwindigkeitsbegrenzung wird von nun an Ihre eigene sein. <\/p>\n<h4>Leistung und Stabilit\u00e4t bei hohen Geschwindigkeiten<\/h4>\n<ul>\n<li><b>H\u00f6chstgeschwindigkeit ohne Kompromisse :<\/b> Das Geheimnis des <strong>High Aspect 550 S HA Vorderfl\u00fcgelmodells<\/strong> liegt in seiner perfekten Steifigkeit (HM Carbon) und seinem optimierten Profil, die jede Anstrengung in pure Beschleunigung verwandeln. Er wurde speziell entwickelt, um <b>stabiler und schneller zu<\/b> werden, je mehr Sie beschleunigen. <\/li>\n<li><b>Vielseitigkeit im Wettkampf:<\/b> Er zeichnet sich sowohl beim <b>Kitefoil<\/b> als auch beim <b>Wingfoil<\/b> aus und bietet ein ph\u00e4nomenales Aufwindverhalten, das bei Wettk\u00e4mpfen unerl\u00e4sslich ist.<\/li>\n<\/ul>\n<p>&nbsp;<\/p>\n<h4>Gezielte Nutzung<\/h4>\n<ul>\n<li><b>Wingfoil (Race\/Geschwindigkeit)<\/b>: Ideal bei starkem Wind f\u00fcr Leistung und schnelles <i>Freefly<\/i>.<\/li>\n<li><b>Kitefoil &amp; Tow-in Surf Foil<\/b>: Die Waffe der Wahl f\u00fcr Tow-in-Sessions und f\u00fcr Kitefoil-Fahrer, die nach unbegrenzter Geschwindigkeit suchen.<\/li>\n<\/ul>\n","protected":false},"excerpt":{"rendered":"<p><b>High Aspect 550 S HA Frontfl\u00fcgel:<\/b> Das Renntier f\u00fcr ultimative <b>Geschwindigkeit<\/b>. \u00dcberschreite die <b>30-Knoten-Marke<\/b> beim <b>Wingfoil<\/b> (Race) und <b>Kitefoil<\/b> ohne Limit. Perfekt auch f\u00fcr Tow in beim Surf foil bei starkem Wellengang.  <\/p>\n","protected":false},"featured_media":340845,"template":"","meta":{"_acf_changed":false,"_uag_custom_page_level_css":""},"product_brand":[],"product_cat":[3473,3440],"product_tag":[3459,3443,3442],"class_list":{"0":"post-340843","1":"product","2":"type-product","3":"status-publish","4":"has-post-thumbnail","6":"product_cat-alle-unsere-high-aspect-lamellen","7":"product_cat-flugel-wing-foil","8":"product_tag-experte","9":"product_tag-fortgeschrittene","10":"product_tag-schlau","11":"product_shipping_class-foil-komplett-oder-ersatzteile-wing-einheit","13":"first","14":"instock","15":"taxable","16":"shipping-taxable","17":"purchasable","18":"product-type-simple"},"acf":[],"yoast_head":"<!-- This site is optimized with the Yoast SEO plugin v27.4 - https:\/\/yoast.com\/product\/yoast-seo-wordpress\/ -->\n<title>Vorderer Kotfl\u00fcgel High Aspect 550 S HA - SROKA Company<\/title>\n<meta name=\"description\" content=\"Erlebe die Geschwindigkeit und Kraft des High Aspect 550 S HA Front Wing. Ein Kite, der f\u00fcr hohe Geschwindigkeiten beim Kitefoiling, Wing foil oder Tow in entwickelt wurde.\" \/>\n<meta name=\"robots\" content=\"index, follow, max-snippet:-1, max-image-preview:large, max-video-preview:-1\" \/>\n<link rel=\"canonical\" href=\"https:\/\/srokacompany.com\/de\/produkt\/vorderer-kotfluegel-high-aspect-550-s-ha\/\" \/>\n<meta property=\"og:locale\" content=\"de_DE\" \/>\n<meta property=\"og:type\" content=\"article\" \/>\n<meta property=\"og:title\" content=\"Vorderer Kotfl\u00fcgel High Aspect 550 S HA - SROKA Company\" \/>\n<meta property=\"og:description\" content=\"Erlebe die Geschwindigkeit und Kraft des High Aspect 550 S HA Front Wing. Ein Kite, der f\u00fcr hohe Geschwindigkeiten beim Kitefoiling, Wing foil oder Tow in entwickelt wurde.\" \/>\n<meta property=\"og:url\" content=\"https:\/\/srokacompany.com\/de\/produkt\/vorderer-kotfluegel-high-aspect-550-s-ha\/\" \/>\n<meta property=\"og:site_name\" content=\"SROKA Company\" \/>\n<meta property=\"article:publisher\" content=\"https:\/\/www.facebook.com\/srokawatersports\/\" \/>\n<meta property=\"article:modified_time\" content=\"2025-11-25T08:59:18+00:00\" \/>\n<meta property=\"og:image\" content=\"https:\/\/srokacompany.com\/wp-content\/uploads\/2023\/11\/550-S-Ha-front-wing-Wing-foil.jpg\" \/>\n\t<meta property=\"og:image:width\" content=\"2560\" \/>\n\t<meta property=\"og:image:height\" content=\"1920\" \/>\n\t<meta property=\"og:image:type\" content=\"image\/jpeg\" \/>\n<meta name=\"twitter:label1\" content=\"Gesch\u00e4tzte Lesezeit\" \/>\n\t<meta name=\"twitter:data1\" content=\"1\u00a0Minute\" \/>\n<script type=\"application\/ld+json\" class=\"yoast-schema-graph\">{\"@context\":\"https:\\\/\\\/schema.org\",\"@graph\":[{\"@type\":\"WebPage\",\"@id\":\"https:\\\/\\\/srokacompany.com\\\/de\\\/produkt\\\/vorderer-kotfluegel-high-aspect-550-s-ha\\\/\",\"url\":\"https:\\\/\\\/srokacompany.com\\\/de\\\/produkt\\\/vorderer-kotfluegel-high-aspect-550-s-ha\\\/\",\"name\":\"Vorderer Kotfl\u00fcgel High Aspect 550 S HA - SROKA Company\",\"isPartOf\":{\"@id\":\"https:\\\/\\\/srokacompany.com\\\/de\\\/#website\"},\"primaryImageOfPage\":{\"@id\":\"https:\\\/\\\/srokacompany.com\\\/de\\\/produkt\\\/vorderer-kotfluegel-high-aspect-550-s-ha\\\/#primaryimage\"},\"image\":{\"@id\":\"https:\\\/\\\/srokacompany.com\\\/de\\\/produkt\\\/vorderer-kotfluegel-high-aspect-550-s-ha\\\/#primaryimage\"},\"thumbnailUrl\":\"https:\\\/\\\/srokacompany.com\\\/wp-content\\\/uploads\\\/2023\\\/11\\\/550-S-Ha-front-wing-Wing-foil.jpg\",\"datePublished\":\"2024-09-15T05:55:30+00:00\",\"dateModified\":\"2025-11-25T08:59:18+00:00\",\"description\":\"Erlebe die Geschwindigkeit und Kraft des High Aspect 550 S HA Front Wing. Ein Kite, der f\u00fcr hohe Geschwindigkeiten beim Kitefoiling, Wing foil oder Tow in entwickelt wurde.\",\"breadcrumb\":{\"@id\":\"https:\\\/\\\/srokacompany.com\\\/de\\\/produkt\\\/vorderer-kotfluegel-high-aspect-550-s-ha\\\/#breadcrumb\"},\"inLanguage\":\"de\",\"potentialAction\":[{\"@type\":\"ReadAction\",\"target\":[\"https:\\\/\\\/srokacompany.com\\\/de\\\/produkt\\\/vorderer-kotfluegel-high-aspect-550-s-ha\\\/\"]}]},{\"@type\":\"ImageObject\",\"inLanguage\":\"de\",\"@id\":\"https:\\\/\\\/srokacompany.com\\\/de\\\/produkt\\\/vorderer-kotfluegel-high-aspect-550-s-ha\\\/#primaryimage\",\"url\":\"https:\\\/\\\/srokacompany.com\\\/wp-content\\\/uploads\\\/2023\\\/11\\\/550-S-Ha-front-wing-Wing-foil.jpg\",\"contentUrl\":\"https:\\\/\\\/srokacompany.com\\\/wp-content\\\/uploads\\\/2023\\\/11\\\/550-S-Ha-front-wing-Wing-foil.jpg\",\"width\":2560,\"height\":1920},{\"@type\":\"BreadcrumbList\",\"@id\":\"https:\\\/\\\/srokacompany.com\\\/de\\\/produkt\\\/vorderer-kotfluegel-high-aspect-550-s-ha\\\/#breadcrumb\",\"itemListElement\":[{\"@type\":\"ListItem\",\"position\":1,\"name\":\"Accueil\",\"item\":\"https:\\\/\\\/srokacompany.com\\\/de\\\/\"},{\"@type\":\"ListItem\",\"position\":2,\"name\":\"Laden\",\"item\":\"https:\\\/\\\/srokacompany.com\\\/laden\\\/\"},{\"@type\":\"ListItem\",\"position\":3,\"name\":\"Vorderer Kotfl\u00fcgel High Aspect 550 S HA\"}]},{\"@type\":\"WebSite\",\"@id\":\"https:\\\/\\\/srokacompany.com\\\/de\\\/#website\",\"url\":\"https:\\\/\\\/srokacompany.com\\\/de\\\/\",\"name\":\"SROKA Company\",\"description\":\"SUP, Kite, Foil, Wing\",\"publisher\":{\"@id\":\"https:\\\/\\\/srokacompany.com\\\/de\\\/#organization\"},\"potentialAction\":[{\"@type\":\"SearchAction\",\"target\":{\"@type\":\"EntryPoint\",\"urlTemplate\":\"https:\\\/\\\/srokacompany.com\\\/de\\\/?s={search_term_string}\"},\"query-input\":{\"@type\":\"PropertyValueSpecification\",\"valueRequired\":true,\"valueName\":\"search_term_string\"}}],\"inLanguage\":\"de\"},{\"@type\":\"Organization\",\"@id\":\"https:\\\/\\\/srokacompany.com\\\/de\\\/#organization\",\"name\":\"SROKACOMPANY\",\"alternateName\":\"SROKA\",\"url\":\"https:\\\/\\\/srokacompany.com\\\/de\\\/\",\"logo\":{\"@type\":\"ImageObject\",\"inLanguage\":\"de\",\"@id\":\"https:\\\/\\\/srokacompany.com\\\/de\\\/#\\\/schema\\\/logo\\\/image\\\/\",\"url\":\"https:\\\/\\\/srokacompany.com\\\/wp-content\\\/uploads\\\/2021\\\/01\\\/logo-sroka-black-transpa.png\",\"contentUrl\":\"https:\\\/\\\/srokacompany.com\\\/wp-content\\\/uploads\\\/2021\\\/01\\\/logo-sroka-black-transpa.png\",\"width\":1201,\"height\":342,\"caption\":\"SROKACOMPANY\"},\"image\":{\"@id\":\"https:\\\/\\\/srokacompany.com\\\/de\\\/#\\\/schema\\\/logo\\\/image\\\/\"},\"sameAs\":[\"https:\\\/\\\/www.facebook.com\\\/srokawatersports\\\/\",\"https:\\\/\\\/www.instagram.com\\\/srokawatersports\\\/\",\"https:\\\/\\\/www.youtube.com\\\/channel\\\/UCVLHHeaPIm-J5bdEUgxqtZA\"]}]}<\/script>\n<!-- \/ Yoast SEO plugin. -->","yoast_head_json":{"title":"Vorderer Kotfl\u00fcgel High Aspect 550 S HA - SROKA Company","description":"Erlebe die Geschwindigkeit und Kraft des High Aspect 550 S HA Front Wing. Ein Kite, der f\u00fcr hohe Geschwindigkeiten beim Kitefoiling, Wing foil oder Tow in entwickelt wurde.","robots":{"index":"index","follow":"follow","max-snippet":"max-snippet:-1","max-image-preview":"max-image-preview:large","max-video-preview":"max-video-preview:-1"},"canonical":"https:\/\/srokacompany.com\/de\/produkt\/vorderer-kotfluegel-high-aspect-550-s-ha\/","og_locale":"de_DE","og_type":"article","og_title":"Vorderer Kotfl\u00fcgel High Aspect 550 S HA - SROKA Company","og_description":"Erlebe die Geschwindigkeit und Kraft des High Aspect 550 S HA Front Wing. Ein Kite, der f\u00fcr hohe Geschwindigkeiten beim Kitefoiling, Wing foil oder Tow in entwickelt wurde.","og_url":"https:\/\/srokacompany.com\/de\/produkt\/vorderer-kotfluegel-high-aspect-550-s-ha\/","og_site_name":"SROKA Company","article_publisher":"https:\/\/www.facebook.com\/srokawatersports\/","article_modified_time":"2025-11-25T08:59:18+00:00","og_image":[{"width":2560,"height":1920,"url":"https:\/\/srokacompany.com\/wp-content\/uploads\/2023\/11\/550-S-Ha-front-wing-Wing-foil.jpg","type":"image\/jpeg"}],"twitter_misc":{"Gesch\u00e4tzte Lesezeit":"1\u00a0Minute"},"schema":{"@context":"https:\/\/schema.org","@graph":[{"@type":"WebPage","@id":"https:\/\/srokacompany.com\/de\/produkt\/vorderer-kotfluegel-high-aspect-550-s-ha\/","url":"https:\/\/srokacompany.com\/de\/produkt\/vorderer-kotfluegel-high-aspect-550-s-ha\/","name":"Vorderer Kotfl\u00fcgel High Aspect 550 S HA - SROKA Company","isPartOf":{"@id":"https:\/\/srokacompany.com\/de\/#website"},"primaryImageOfPage":{"@id":"https:\/\/srokacompany.com\/de\/produkt\/vorderer-kotfluegel-high-aspect-550-s-ha\/#primaryimage"},"image":{"@id":"https:\/\/srokacompany.com\/de\/produkt\/vorderer-kotfluegel-high-aspect-550-s-ha\/#primaryimage"},"thumbnailUrl":"https:\/\/srokacompany.com\/wp-content\/uploads\/2023\/11\/550-S-Ha-front-wing-Wing-foil.jpg","datePublished":"2024-09-15T05:55:30+00:00","dateModified":"2025-11-25T08:59:18+00:00","description":"Erlebe die Geschwindigkeit und Kraft des High Aspect 550 S HA Front Wing. Ein Kite, der f\u00fcr hohe Geschwindigkeiten beim Kitefoiling, Wing foil oder Tow in entwickelt wurde.","breadcrumb":{"@id":"https:\/\/srokacompany.com\/de\/produkt\/vorderer-kotfluegel-high-aspect-550-s-ha\/#breadcrumb"},"inLanguage":"de","potentialAction":[{"@type":"ReadAction","target":["https:\/\/srokacompany.com\/de\/produkt\/vorderer-kotfluegel-high-aspect-550-s-ha\/"]}]},{"@type":"ImageObject","inLanguage":"de","@id":"https:\/\/srokacompany.com\/de\/produkt\/vorderer-kotfluegel-high-aspect-550-s-ha\/#primaryimage","url":"https:\/\/srokacompany.com\/wp-content\/uploads\/2023\/11\/550-S-Ha-front-wing-Wing-foil.jpg","contentUrl":"https:\/\/srokacompany.com\/wp-content\/uploads\/2023\/11\/550-S-Ha-front-wing-Wing-foil.jpg","width":2560,"height":1920},{"@type":"BreadcrumbList","@id":"https:\/\/srokacompany.com\/de\/produkt\/vorderer-kotfluegel-high-aspect-550-s-ha\/#breadcrumb","itemListElement":[{"@type":"ListItem","position":1,"name":"Accueil","item":"https:\/\/srokacompany.com\/de\/"},{"@type":"ListItem","position":2,"name":"Laden","item":"https:\/\/srokacompany.com\/laden\/"},{"@type":"ListItem","position":3,"name":"Vorderer Kotfl\u00fcgel High Aspect 550 S HA"}]},{"@type":"WebSite","@id":"https:\/\/srokacompany.com\/de\/#website","url":"https:\/\/srokacompany.com\/de\/","name":"SROKA Company","description":"SUP, Kite, Foil, Wing","publisher":{"@id":"https:\/\/srokacompany.com\/de\/#organization"},"potentialAction":[{"@type":"SearchAction","target":{"@type":"EntryPoint","urlTemplate":"https:\/\/srokacompany.com\/de\/?s={search_term_string}"},"query-input":{"@type":"PropertyValueSpecification","valueRequired":true,"valueName":"search_term_string"}}],"inLanguage":"de"},{"@type":"Organization","@id":"https:\/\/srokacompany.com\/de\/#organization","name":"SROKACOMPANY","alternateName":"SROKA","url":"https:\/\/srokacompany.com\/de\/","logo":{"@type":"ImageObject","inLanguage":"de","@id":"https:\/\/srokacompany.com\/de\/#\/schema\/logo\/image\/","url":"https:\/\/srokacompany.com\/wp-content\/uploads\/2021\/01\/logo-sroka-black-transpa.png","contentUrl":"https:\/\/srokacompany.com\/wp-content\/uploads\/2021\/01\/logo-sroka-black-transpa.png","width":1201,"height":342,"caption":"SROKACOMPANY"},"image":{"@id":"https:\/\/srokacompany.com\/de\/#\/schema\/logo\/image\/"},"sameAs":["https:\/\/www.facebook.com\/srokawatersports\/","https:\/\/www.instagram.com\/srokawatersports\/","https:\/\/www.youtube.com\/channel\/UCVLHHeaPIm-J5bdEUgxqtZA"]}]}},"uagb_featured_image_src":{"full":["https:\/\/srokacompany.com\/wp-content\/uploads\/2023\/11\/550-S-Ha-front-wing-Wing-foil.jpg",2560,1920,false],"thumbnail":["https:\/\/srokacompany.com\/wp-content\/uploads\/2023\/11\/550-S-Ha-front-wing-Wing-foil-150x150.jpg",150,150,true],"medium":["https:\/\/srokacompany.com\/wp-content\/uploads\/2023\/11\/550-S-Ha-front-wing-Wing-foil-300x225.jpg",300,225,true],"medium_large":["https:\/\/srokacompany.com\/wp-content\/uploads\/2023\/11\/550-S-Ha-front-wing-Wing-foil-768x576.jpg",768,576,true],"large":["https:\/\/srokacompany.com\/wp-content\/uploads\/2023\/11\/550-S-Ha-front-wing-Wing-foil-1024x768.jpg",1024,768,true],"1536x1536":["https:\/\/srokacompany.com\/wp-content\/uploads\/2023\/11\/550-S-Ha-front-wing-Wing-foil-1536x1152.jpg",1536,1152,true],"2048x2048":["https:\/\/srokacompany.com\/wp-content\/uploads\/2023\/11\/550-S-Ha-front-wing-Wing-foil-2048x1536.jpg",2048,1536,true],"woocommerce_thumbnail":["https:\/\/srokacompany.com\/wp-content\/uploads\/2023\/11\/550-S-Ha-front-wing-Wing-foil-600x450.jpg",600,450,true],"woocommerce_single":["https:\/\/srokacompany.com\/wp-content\/uploads\/2023\/11\/550-S-Ha-front-wing-Wing-foil-600x450.jpg",600,450,true],"woocommerce_gallery_thumbnail":["https:\/\/srokacompany.com\/wp-content\/uploads\/2023\/11\/550-S-Ha-front-wing-Wing-foil-100x100.jpg",100,100,true],"dgwt-wcas-product-suggestion":["https:\/\/srokacompany.com\/wp-content\/uploads\/2023\/11\/550-S-Ha-front-wing-Wing-foil.jpg",64,48,false]},"uagb_author_info":{"display_name":"Bruno Sroka","author_link":"https:\/\/srokacompany.com\/de\/blog\/author\/"},"uagb_comment_info":0,"uagb_excerpt":"High Aspect 550 S HA Frontfl\u00fcgel: Das Renntier f\u00fcr ultimative Geschwindigkeit. \u00dcberschreite die 30-Knoten-Marke beim Wingfoil (Race) und Kitefoil ohne Limit. Perfekt auch f\u00fcr Tow in beim Surf foil bei starkem Wellengang.","jetpack_sharing_enabled":true,"_links":{"self":[{"href":"https:\/\/srokacompany.com\/de\/wp-json\/wp\/v2\/product\/340843","targetHints":{"allow":["GET"]}}],"collection":[{"href":"https:\/\/srokacompany.com\/de\/wp-json\/wp\/v2\/product"}],"about":[{"href":"https:\/\/srokacompany.com\/de\/wp-json\/wp\/v2\/types\/product"}],"wp:featuredmedia":[{"embeddable":true,"href":"https:\/\/srokacompany.com\/de\/wp-json\/wp\/v2\/media\/340845"}],"wp:attachment":[{"href":"https:\/\/srokacompany.com\/de\/wp-json\/wp\/v2\/media?parent=340843"}],"wp:term":[{"taxonomy":"product_brand","embeddable":true,"href":"https:\/\/srokacompany.com\/de\/wp-json\/wp\/v2\/product_brand?post=340843"},{"taxonomy":"product_cat","embeddable":true,"href":"https:\/\/srokacompany.com\/de\/wp-json\/wp\/v2\/product_cat?post=340843"},{"taxonomy":"product_tag","embeddable":true,"href":"https:\/\/srokacompany.com\/de\/wp-json\/wp\/v2\/product_tag?post=340843"}],"curies":[{"name":"wp","href":"https:\/\/api.w.org\/{rel}","templated":true}]}}