{"id":340870,"date":"2024-10-07T09:07:24","date_gmt":"2024-10-07T07:07:24","guid":{"rendered":"https:\/\/srokacompany.com\/produit\/kappe-ventil-wing-v1-v2-v3\/"},"modified":"2025-07-07T14:47:19","modified_gmt":"2025-07-07T12:47:19","slug":"kappe-ventil-wing-v1-v2-v3","status":"publish","type":"product","link":"https:\/\/srokacompany.com\/de\/produkt\/kappe-ventil-wing-v1-v2-v3\/","title":{"rendered":"Kappe + Ventil wing V1-V2-V3"},"content":{"rendered":"<hr>\n<h2>Universelle Endkappen-Sets f\u00fcr Kitesurf- und Fl\u00fcgelpumpen.<\/h2>\n<p>Mit diesem Kit k\u00f6nnen Sie viele verschiedene Anschl\u00fcsse an Ihre Pumpe anpassen, sodass Sie nicht f\u00fcr jeden Zweck eine Pumpe auseinandernehmen m\u00fcssen. Mit diesem praktischen Kit k\u00f6nnen Sie 99% aller Aufpumpstutzen f\u00fcr Kitesurfing und Wingkites verwenden foil. Enth\u00e4lt alle Aufs\u00e4tze f\u00fcr alle modernen Kitesurf- oder Wing-Kites auf dem Markt.  <\/p>\n<p>kostenlose Lieferung<\/p>\n","protected":false},"excerpt":{"rendered":"<p>Universelle Endkappen-Sets f\u00fcr Kitesurf- und Fl\u00fcgelpumpen. Mit diesem Kit k\u00f6nnen Sie viele verschiedene Anschl\u00fcsse an Ihre Pumpe anpassen, sodass Sie nicht f\u00fcr jeden Zweck eine Pumpe auseinandernehmen m\u00fcssen. Mit diesem praktischen Kit k\u00f6nnen Sie 99% aller Aufpumpstutzen f\u00fcr Kitesurfing und Wingkites verwenden foil. Enth\u00e4lt alle Aufs\u00e4tze f\u00fcr alle modernen Kitesurf- oder Wing-Kites auf dem Markt. [&hellip;]<\/p>\n","protected":false},"featured_media":340873,"template":"","meta":{"_acf_changed":false,"_uag_custom_page_level_css":""},"product_brand":[],"product_cat":[3464],"product_tag":[],"class_list":{"0":"post-340870","1":"product","2":"type-product","3":"status-publish","4":"has-post-thumbnail","6":"product_cat-zubehor-wing-foil","7":"product_shipping_class-small-shipping-de","9":"first","10":"instock","11":"taxable","12":"shipping-taxable","13":"purchasable","14":"product-type-simple"},"acf":[],"yoast_head":"<!-- This site is optimized with the Yoast SEO plugin v27.4 - https:\/\/yoast.com\/product\/yoast-seo-wordpress\/ -->\n<title>Kappe + Ventil wing V1-V2-V3 - SROKA Company<\/title>\n<meta name=\"description\" content=\"Die Kombination aus einem Ventil und einer Kappe f\u00fcr einen Wing Wing foil.\" \/>\n<meta name=\"robots\" content=\"index, follow, max-snippet:-1, max-image-preview:large, max-video-preview:-1\" \/>\n<link rel=\"canonical\" href=\"https:\/\/srokacompany.com\/de\/produkt\/kappe-ventil-wing-v1-v2-v3\/\" \/>\n<meta property=\"og:locale\" content=\"de_DE\" \/>\n<meta property=\"og:type\" content=\"article\" \/>\n<meta property=\"og:title\" content=\"Kappe + Ventil wing V1-V2-V3 - SROKA Company\" \/>\n<meta property=\"og:description\" content=\"Die Kombination aus einem Ventil und einer Kappe f\u00fcr einen Wing Wing foil.\" \/>\n<meta property=\"og:url\" content=\"https:\/\/srokacompany.com\/de\/produkt\/kappe-ventil-wing-v1-v2-v3\/\" \/>\n<meta property=\"og:site_name\" content=\"SROKA Company\" \/>\n<meta property=\"article:publisher\" content=\"https:\/\/www.facebook.com\/srokawatersports\/\" \/>\n<meta property=\"article:modified_time\" content=\"2025-07-07T12:47:19+00:00\" \/>\n<meta property=\"og:image\" content=\"https:\/\/srokacompany.com\/wp-content\/uploads\/2024\/10\/valve-V3-wing.jpg\" \/>\n\t<meta property=\"og:image:width\" content=\"881\" \/>\n\t<meta property=\"og:image:height\" content=\"1080\" \/>\n\t<meta property=\"og:image:type\" content=\"image\/jpeg\" \/>\n<script type=\"application\/ld+json\" class=\"yoast-schema-graph\">{\"@context\":\"https:\\\/\\\/schema.org\",\"@graph\":[{\"@type\":\"WebPage\",\"@id\":\"https:\\\/\\\/srokacompany.com\\\/de\\\/produkt\\\/kappe-ventil-wing-v1-v2-v3\\\/\",\"url\":\"https:\\\/\\\/srokacompany.com\\\/de\\\/produkt\\\/kappe-ventil-wing-v1-v2-v3\\\/\",\"name\":\"Kappe + Ventil wing V1-V2-V3 - SROKA Company\",\"isPartOf\":{\"@id\":\"https:\\\/\\\/srokacompany.com\\\/de\\\/#website\"},\"primaryImageOfPage\":{\"@id\":\"https:\\\/\\\/srokacompany.com\\\/de\\\/produkt\\\/kappe-ventil-wing-v1-v2-v3\\\/#primaryimage\"},\"image\":{\"@id\":\"https:\\\/\\\/srokacompany.com\\\/de\\\/produkt\\\/kappe-ventil-wing-v1-v2-v3\\\/#primaryimage\"},\"thumbnailUrl\":\"https:\\\/\\\/srokacompany.com\\\/wp-content\\\/uploads\\\/2024\\\/10\\\/valve-V3-wing.jpg\",\"datePublished\":\"2024-10-07T07:07:24+00:00\",\"dateModified\":\"2025-07-07T12:47:19+00:00\",\"description\":\"Die Kombination aus einem Ventil und einer Kappe f\u00fcr einen Wing Wing foil.\",\"breadcrumb\":{\"@id\":\"https:\\\/\\\/srokacompany.com\\\/de\\\/produkt\\\/kappe-ventil-wing-v1-v2-v3\\\/#breadcrumb\"},\"inLanguage\":\"de\",\"potentialAction\":[{\"@type\":\"ReadAction\",\"target\":[\"https:\\\/\\\/srokacompany.com\\\/de\\\/produkt\\\/kappe-ventil-wing-v1-v2-v3\\\/\"]}]},{\"@type\":\"ImageObject\",\"inLanguage\":\"de\",\"@id\":\"https:\\\/\\\/srokacompany.com\\\/de\\\/produkt\\\/kappe-ventil-wing-v1-v2-v3\\\/#primaryimage\",\"url\":\"https:\\\/\\\/srokacompany.com\\\/wp-content\\\/uploads\\\/2024\\\/10\\\/valve-V3-wing.jpg\",\"contentUrl\":\"https:\\\/\\\/srokacompany.com\\\/wp-content\\\/uploads\\\/2024\\\/10\\\/valve-V3-wing.jpg\",\"width\":881,\"height\":1080},{\"@type\":\"BreadcrumbList\",\"@id\":\"https:\\\/\\\/srokacompany.com\\\/de\\\/produkt\\\/kappe-ventil-wing-v1-v2-v3\\\/#breadcrumb\",\"itemListElement\":[{\"@type\":\"ListItem\",\"position\":1,\"name\":\"Accueil\",\"item\":\"https:\\\/\\\/srokacompany.com\\\/de\\\/\"},{\"@type\":\"ListItem\",\"position\":2,\"name\":\"Laden\",\"item\":\"https:\\\/\\\/srokacompany.com\\\/laden\\\/\"},{\"@type\":\"ListItem\",\"position\":3,\"name\":\"Kappe + Ventil wing V1-V2-V3\"}]},{\"@type\":\"WebSite\",\"@id\":\"https:\\\/\\\/srokacompany.com\\\/de\\\/#website\",\"url\":\"https:\\\/\\\/srokacompany.com\\\/de\\\/\",\"name\":\"SROKA Company\",\"description\":\"SUP, Kite, Foil, Wing\",\"publisher\":{\"@id\":\"https:\\\/\\\/srokacompany.com\\\/de\\\/#organization\"},\"potentialAction\":[{\"@type\":\"SearchAction\",\"target\":{\"@type\":\"EntryPoint\",\"urlTemplate\":\"https:\\\/\\\/srokacompany.com\\\/de\\\/?s={search_term_string}\"},\"query-input\":{\"@type\":\"PropertyValueSpecification\",\"valueRequired\":true,\"valueName\":\"search_term_string\"}}],\"inLanguage\":\"de\"},{\"@type\":\"Organization\",\"@id\":\"https:\\\/\\\/srokacompany.com\\\/de\\\/#organization\",\"name\":\"SROKACOMPANY\",\"alternateName\":\"SROKA\",\"url\":\"https:\\\/\\\/srokacompany.com\\\/de\\\/\",\"logo\":{\"@type\":\"ImageObject\",\"inLanguage\":\"de\",\"@id\":\"https:\\\/\\\/srokacompany.com\\\/de\\\/#\\\/schema\\\/logo\\\/image\\\/\",\"url\":\"https:\\\/\\\/srokacompany.com\\\/wp-content\\\/uploads\\\/2021\\\/01\\\/logo-sroka-black-transpa.png\",\"contentUrl\":\"https:\\\/\\\/srokacompany.com\\\/wp-content\\\/uploads\\\/2021\\\/01\\\/logo-sroka-black-transpa.png\",\"width\":1201,\"height\":342,\"caption\":\"SROKACOMPANY\"},\"image\":{\"@id\":\"https:\\\/\\\/srokacompany.com\\\/de\\\/#\\\/schema\\\/logo\\\/image\\\/\"},\"sameAs\":[\"https:\\\/\\\/www.facebook.com\\\/srokawatersports\\\/\",\"https:\\\/\\\/www.instagram.com\\\/srokawatersports\\\/\",\"https:\\\/\\\/www.youtube.com\\\/channel\\\/UCVLHHeaPIm-J5bdEUgxqtZA\"]}]}<\/script>\n<!-- \/ Yoast SEO plugin. -->","yoast_head_json":{"title":"Kappe + Ventil wing V1-V2-V3 - SROKA Company","description":"Die Kombination aus einem Ventil und einer Kappe f\u00fcr einen Wing Wing foil.","robots":{"index":"index","follow":"follow","max-snippet":"max-snippet:-1","max-image-preview":"max-image-preview:large","max-video-preview":"max-video-preview:-1"},"canonical":"https:\/\/srokacompany.com\/de\/produkt\/kappe-ventil-wing-v1-v2-v3\/","og_locale":"de_DE","og_type":"article","og_title":"Kappe + Ventil wing V1-V2-V3 - SROKA Company","og_description":"Die Kombination aus einem Ventil und einer Kappe f\u00fcr einen Wing Wing foil.","og_url":"https:\/\/srokacompany.com\/de\/produkt\/kappe-ventil-wing-v1-v2-v3\/","og_site_name":"SROKA Company","article_publisher":"https:\/\/www.facebook.com\/srokawatersports\/","article_modified_time":"2025-07-07T12:47:19+00:00","og_image":[{"width":881,"height":1080,"url":"https:\/\/srokacompany.com\/wp-content\/uploads\/2024\/10\/valve-V3-wing.jpg","type":"image\/jpeg"}],"schema":{"@context":"https:\/\/schema.org","@graph":[{"@type":"WebPage","@id":"https:\/\/srokacompany.com\/de\/produkt\/kappe-ventil-wing-v1-v2-v3\/","url":"https:\/\/srokacompany.com\/de\/produkt\/kappe-ventil-wing-v1-v2-v3\/","name":"Kappe + Ventil wing V1-V2-V3 - SROKA Company","isPartOf":{"@id":"https:\/\/srokacompany.com\/de\/#website"},"primaryImageOfPage":{"@id":"https:\/\/srokacompany.com\/de\/produkt\/kappe-ventil-wing-v1-v2-v3\/#primaryimage"},"image":{"@id":"https:\/\/srokacompany.com\/de\/produkt\/kappe-ventil-wing-v1-v2-v3\/#primaryimage"},"thumbnailUrl":"https:\/\/srokacompany.com\/wp-content\/uploads\/2024\/10\/valve-V3-wing.jpg","datePublished":"2024-10-07T07:07:24+00:00","dateModified":"2025-07-07T12:47:19+00:00","description":"Die Kombination aus einem Ventil und einer Kappe f\u00fcr einen Wing Wing foil.","breadcrumb":{"@id":"https:\/\/srokacompany.com\/de\/produkt\/kappe-ventil-wing-v1-v2-v3\/#breadcrumb"},"inLanguage":"de","potentialAction":[{"@type":"ReadAction","target":["https:\/\/srokacompany.com\/de\/produkt\/kappe-ventil-wing-v1-v2-v3\/"]}]},{"@type":"ImageObject","inLanguage":"de","@id":"https:\/\/srokacompany.com\/de\/produkt\/kappe-ventil-wing-v1-v2-v3\/#primaryimage","url":"https:\/\/srokacompany.com\/wp-content\/uploads\/2024\/10\/valve-V3-wing.jpg","contentUrl":"https:\/\/srokacompany.com\/wp-content\/uploads\/2024\/10\/valve-V3-wing.jpg","width":881,"height":1080},{"@type":"BreadcrumbList","@id":"https:\/\/srokacompany.com\/de\/produkt\/kappe-ventil-wing-v1-v2-v3\/#breadcrumb","itemListElement":[{"@type":"ListItem","position":1,"name":"Accueil","item":"https:\/\/srokacompany.com\/de\/"},{"@type":"ListItem","position":2,"name":"Laden","item":"https:\/\/srokacompany.com\/laden\/"},{"@type":"ListItem","position":3,"name":"Kappe + Ventil wing V1-V2-V3"}]},{"@type":"WebSite","@id":"https:\/\/srokacompany.com\/de\/#website","url":"https:\/\/srokacompany.com\/de\/","name":"SROKA Company","description":"SUP, Kite, Foil, Wing","publisher":{"@id":"https:\/\/srokacompany.com\/de\/#organization"},"potentialAction":[{"@type":"SearchAction","target":{"@type":"EntryPoint","urlTemplate":"https:\/\/srokacompany.com\/de\/?s={search_term_string}"},"query-input":{"@type":"PropertyValueSpecification","valueRequired":true,"valueName":"search_term_string"}}],"inLanguage":"de"},{"@type":"Organization","@id":"https:\/\/srokacompany.com\/de\/#organization","name":"SROKACOMPANY","alternateName":"SROKA","url":"https:\/\/srokacompany.com\/de\/","logo":{"@type":"ImageObject","inLanguage":"de","@id":"https:\/\/srokacompany.com\/de\/#\/schema\/logo\/image\/","url":"https:\/\/srokacompany.com\/wp-content\/uploads\/2021\/01\/logo-sroka-black-transpa.png","contentUrl":"https:\/\/srokacompany.com\/wp-content\/uploads\/2021\/01\/logo-sroka-black-transpa.png","width":1201,"height":342,"caption":"SROKACOMPANY"},"image":{"@id":"https:\/\/srokacompany.com\/de\/#\/schema\/logo\/image\/"},"sameAs":["https:\/\/www.facebook.com\/srokawatersports\/","https:\/\/www.instagram.com\/srokawatersports\/","https:\/\/www.youtube.com\/channel\/UCVLHHeaPIm-J5bdEUgxqtZA"]}]}},"uagb_featured_image_src":{"full":["https:\/\/srokacompany.com\/wp-content\/uploads\/2024\/10\/valve-V3-wing.jpg",881,1080,false],"thumbnail":["https:\/\/srokacompany.com\/wp-content\/uploads\/2024\/10\/valve-V3-wing-150x150.jpg",150,150,true],"medium":["https:\/\/srokacompany.com\/wp-content\/uploads\/2024\/10\/valve-V3-wing-245x300.jpg",245,300,true],"medium_large":["https:\/\/srokacompany.com\/wp-content\/uploads\/2024\/10\/valve-V3-wing-768x941.jpg",768,941,true],"large":["https:\/\/srokacompany.com\/wp-content\/uploads\/2024\/10\/valve-V3-wing-835x1024.jpg",835,1024,true],"1536x1536":["https:\/\/srokacompany.com\/wp-content\/uploads\/2024\/10\/valve-V3-wing.jpg",881,1080,false],"2048x2048":["https:\/\/srokacompany.com\/wp-content\/uploads\/2024\/10\/valve-V3-wing.jpg",881,1080,false],"woocommerce_thumbnail":["https:\/\/srokacompany.com\/wp-content\/uploads\/2024\/10\/valve-V3-wing-600x736.jpg",600,736,true],"woocommerce_single":["https:\/\/srokacompany.com\/wp-content\/uploads\/2024\/10\/valve-V3-wing-600x736.jpg",600,736,true],"woocommerce_gallery_thumbnail":["https:\/\/srokacompany.com\/wp-content\/uploads\/2024\/10\/valve-V3-wing-100x100.jpg",100,100,true],"dgwt-wcas-product-suggestion":["https:\/\/srokacompany.com\/wp-content\/uploads\/2024\/10\/valve-V3-wing.jpg",64,78,false]},"uagb_author_info":{"display_name":"Bruno Sroka","author_link":"https:\/\/srokacompany.com\/de\/blog\/author\/"},"uagb_comment_info":0,"uagb_excerpt":"Universelle Endkappen-Sets f\u00fcr Kitesurf- und Fl\u00fcgelpumpen. Mit diesem Kit k\u00f6nnen Sie viele verschiedene Anschl\u00fcsse an Ihre Pumpe anpassen, sodass Sie nicht f\u00fcr jeden Zweck eine Pumpe auseinandernehmen m\u00fcssen. Mit diesem praktischen Kit k\u00f6nnen Sie 99% aller Aufpumpstutzen f\u00fcr Kitesurfing und Wingkites verwenden foil. Enth\u00e4lt alle Aufs\u00e4tze f\u00fcr alle modernen Kitesurf- oder Wing-Kites auf dem Markt.&hellip;","jetpack_sharing_enabled":true,"_links":{"self":[{"href":"https:\/\/srokacompany.com\/de\/wp-json\/wp\/v2\/product\/340870","targetHints":{"allow":["GET"]}}],"collection":[{"href":"https:\/\/srokacompany.com\/de\/wp-json\/wp\/v2\/product"}],"about":[{"href":"https:\/\/srokacompany.com\/de\/wp-json\/wp\/v2\/types\/product"}],"wp:featuredmedia":[{"embeddable":true,"href":"https:\/\/srokacompany.com\/de\/wp-json\/wp\/v2\/media\/340873"}],"wp:attachment":[{"href":"https:\/\/srokacompany.com\/de\/wp-json\/wp\/v2\/media?parent=340870"}],"wp:term":[{"taxonomy":"product_brand","embeddable":true,"href":"https:\/\/srokacompany.com\/de\/wp-json\/wp\/v2\/product_brand?post=340870"},{"taxonomy":"product_cat","embeddable":true,"href":"https:\/\/srokacompany.com\/de\/wp-json\/wp\/v2\/product_cat?post=340870"},{"taxonomy":"product_tag","embeddable":true,"href":"https:\/\/srokacompany.com\/de\/wp-json\/wp\/v2\/product_tag?post=340870"}],"curies":[{"name":"wp","href":"https:\/\/api.w.org\/{rel}","templated":true}]}}