{"id":340922,"date":"2024-11-20T11:40:20","date_gmt":"2024-11-20T11:40:20","guid":{"rendered":"https:\/\/srokacompany.com\/produit\/s-foil-uha-700-1550\/"},"modified":"2026-01-08T16:39:34","modified_gmt":"2026-01-08T14:39:34","slug":"s-foil-uha-700-1550","status":"publish","type":"product","link":"https:\/\/srokacompany.com\/de\/produkt\/s-foil-uha-700-1550\/","title":{"rendered":"S-foil UHA 700 &#8211; 1550"},"content":{"rendered":"<hr>\n<p class=\"p1\"><b>Entdecken Sie den S Foil Alu<span class=\"Apple-converted-space\">  <\/span>in UHA<\/b><\/p>\n<p class=\"p1\">Wie ein Vogel zu gleiten, mit voller Geschwindigkeit die Wellenk\u00e4mme zu streifen und dabei m\u00fchelos die Wellenz\u00fcge hinunterzurollen, wird mit unserer UHA-Reihe (Ultra High Aspect Ratio) zur Realit\u00e4t. Diese Serie mit ihrer gro\u00dfen Spannweite erm\u00f6glicht es Ihnen, fast ohne Wind und Wellen zu foilen. Nutzen Sie die gesamte Energie, die in dem wenigen Swell verf\u00fcgbar ist, um foil zu halten und auf Swell-Z\u00fcgen zu fliegen.  <\/p>\n<p class=\"p1\">Unser S Foil aus Aluminium wurde so konstruiert, dass es au\u00dfergew\u00f6hnlich robust und langlebig ist, dabei aber leicht und wendig bleibt. Der Aluminiummast sorgt f\u00fcr eine erh\u00f6hte Steifigkeit und eine starke Verbindung, wodurch auch unter schwierigen Bedingungen eine optimale Stabilit\u00e4t gew\u00e4hrleistet ist.  Wenn du einen Schirm suchst, mit dem du schnell Downwind fliegen oder mit dem du Wing Downwind fliegen kannst, dann wurden die UHA-Schirme f\u00fcr dich entwickelt, und sie werden dich mit ihrer Leichtigkeit und Leistung \u00fcberraschen.<\/p>\n<p class=\"p2\"><b>UHA Wings Range<\/b><\/p>\n<p class=\"p1\">Diese Reihe besteht aus 5 Fl\u00fcgelgr\u00f6\u00dfen :<\/p>\n<ul class=\"ul1\">\n<li class=\"li1\"><b>700 UHA (700 cm\u00b2)<\/b><\/li>\n<li class=\"li1\"><b>800 UHA (800 cm\u00b2)<\/b><\/li>\n<li class=\"li1\"><b>930 UHA (930 cm\u00b2)<\/b><\/li>\n<li class=\"li1\"><b>1100 UHA (1100 cm\u00b2)<\/b><\/li>\n<li class=\"li1\"><b>1260 UHA (1260 cm\u00b2)<\/b><\/li>\n<\/ul>\n<p class=\"p2\"><b>Wichtigste Merkmale<\/b><\/p>\n<ul class=\"ul1\">\n<li class=\"li1\"><b>Leistung<\/b>: Dank der gleichen Profiltechnologie wie unsere HA Speed-Reihe bieten unsere UHA-Fl\u00fcgel ein au\u00dfergew\u00f6hnlich sanftes Startverhalten und eine beeindruckende Geschwindigkeitsleistung.<\/li>\n<li class=\"li1\"><b>Vielseitigkeit<\/b>: Perfekt geeignet f\u00fcr die Boardserien LW und DW sowie f\u00fcr den Superfly.<\/li>\n<li class=\"li1\"><b>Einfache<\/b> Handhabung: Diese Schirme wurden f\u00fcr eine schnelle Handhabung und ein einfaches Handling konzipiert und sind ideal f\u00fcr alle Niveaustufen von Flugsch\u00fclern.<\/li>\n<li class=\"li1\"><b>Langlebigkeit<\/b>: Der Aluminiummast sorgt f\u00fcr langfristige Haltbarkeit und \u00fcberlegene Verschlei\u00dffestigkeit.<\/li>\n<\/ul>\n<p class=\"p2\"><b>Geschwindigkeit, Glide und Man\u00f6vrierf\u00e4higkeit<\/b><\/p>\n<p class=\"p1\">Es ist unm\u00f6glich, mit dieser UHA-Reihe entt\u00e4uscht zu werden. Geschwindigkeit, Glide und Wendigkeit sind die drei Worte, die sie am besten charakterisieren. Mit unserem S Foil aus Aluminium und den UHA-Fl\u00fcgeln wird jede Session zu einem unvergesslichen Erlebnis, egal ob du ein ambitionierter Anf\u00e4nger oder ein Experte auf der Suche nach einem neuen Gef\u00fchl bist.  <\/p>\n<p>Einstellkeil, der mit dieser Reihe geliefert wird.<\/p>\n","protected":false},"excerpt":{"rendered":"<p>Entdecke das ultimative Gleitgef\u00fchl mit dem <b>S-Foil Alu UHA SROKA<\/b>! Diese Ultra High Aspect Ratio (UHA) Serie wurde f\u00fcr <b>Downwind<\/b> und <b>Wing Foil<\/b> entwickelt und erm\u00f6glicht dir m\u00fcheloses Fliegen auch bei wenig Wind oder Wellengang. Genie\u00dfe dank der robusten und leichten Aluminiumkonstruktion eine <b>unglaubliche Geschwindigkeit<\/b>, ein <b>hervorragendes Glide<\/b> und ein <b>perfektes Handling<\/b>. Entdecke die 5 UHA-Gr\u00f6\u00dfen und mache jede Session zu einem unvergesslichen Erlebnis aus Leistung und Leichtigkeit.  <\/p>\n","protected":false},"featured_media":340923,"template":"","meta":{"_acf_changed":false,"_uag_custom_page_level_css":""},"product_brand":[],"product_cat":[3498,3495,3496,3493,3497,3500,3499,3494,3453],"product_tag":[3459,3443,3442],"class_list":{"0":"post-340922","1":"product","2":"type-product","3":"status-publish","4":"has-post-thumbnail","6":"product_cat-alle-alu-foils","7":"product_cat-alle-unsere-foils-von-sup-foil-downwind","8":"product_cat-downwind-uha-reihe","9":"product_cat-foil-de","10":"product_cat-foil-uha-sortiment-downwind","11":"product_cat-foils-dockstart-alu-carbonne-de","12":"product_cat-foils-wing-foil-de","13":"product_cat-surf-foils-foil","14":"product_cat-wing-foil-de","15":"product_tag-experte","16":"product_tag-fortgeschrittene","17":"product_tag-schlau","18":"product_shipping_class-foil-komplett-oder-ersatzteile-wing-einheit","20":"first","21":"instock","22":"taxable","23":"shipping-taxable","24":"purchasable","25":"product-type-variable"},"acf":[],"yoast_head":"<!-- This site is optimized with the Yoast SEO plugin v27.4 - https:\/\/yoast.com\/product\/yoast-seo-wordpress\/ -->\n<title>S-foil UHA 700 - 1550 - SROKA Company<\/title>\n<meta name=\"description\" content=\"Entdecke die Geschwindigkeit und die Kraft des 550 HA S. Ein dedizierter Fl\u00fcgel f\u00fcr alle, die die Grenze deiner H\u00f6chstgeschwindigkeit verschieben wollen.\" \/>\n<meta name=\"robots\" content=\"index, follow, max-snippet:-1, max-image-preview:large, max-video-preview:-1\" \/>\n<link rel=\"canonical\" href=\"https:\/\/srokacompany.com\/de\/produkt\/s-foil-uha-700-1550\/\" \/>\n<meta property=\"og:locale\" content=\"de_DE\" \/>\n<meta property=\"og:type\" content=\"article\" \/>\n<meta property=\"og:title\" content=\"S-foil UHA 700 - 1550 - SROKA Company\" \/>\n<meta property=\"og:description\" content=\"Entdecke die Geschwindigkeit und die Kraft des 550 HA S. Ein dedizierter Fl\u00fcgel f\u00fcr alle, die die Grenze deiner H\u00f6chstgeschwindigkeit verschieben wollen.\" \/>\n<meta property=\"og:url\" content=\"https:\/\/srokacompany.com\/de\/produkt\/s-foil-uha-700-1550\/\" \/>\n<meta property=\"og:site_name\" content=\"SROKA Company\" \/>\n<meta property=\"article:publisher\" content=\"https:\/\/www.facebook.com\/srokawatersports\/\" \/>\n<meta property=\"article:modified_time\" content=\"2026-01-08T14:39:34+00:00\" \/>\n<meta property=\"og:image\" content=\"https:\/\/srokacompany.com\/wp-content\/uploads\/2024\/10\/800.alu-transparent.png\" \/>\n\t<meta property=\"og:image:width\" content=\"2560\" \/>\n\t<meta property=\"og:image:height\" content=\"1920\" \/>\n\t<meta property=\"og:image:type\" content=\"image\/png\" \/>\n<meta name=\"twitter:label1\" content=\"Gesch\u00e4tzte Lesezeit\" \/>\n\t<meta name=\"twitter:data1\" content=\"2\u00a0Minuten\" \/>\n<script type=\"application\/ld+json\" class=\"yoast-schema-graph\">{\"@context\":\"https:\\\/\\\/schema.org\",\"@graph\":[{\"@type\":\"WebPage\",\"@id\":\"https:\\\/\\\/srokacompany.com\\\/de\\\/produkt\\\/s-foil-uha-700-1550\\\/\",\"url\":\"https:\\\/\\\/srokacompany.com\\\/de\\\/produkt\\\/s-foil-uha-700-1550\\\/\",\"name\":\"S-foil UHA 700 - 1550 - SROKA Company\",\"isPartOf\":{\"@id\":\"https:\\\/\\\/srokacompany.com\\\/de\\\/#website\"},\"primaryImageOfPage\":{\"@id\":\"https:\\\/\\\/srokacompany.com\\\/de\\\/produkt\\\/s-foil-uha-700-1550\\\/#primaryimage\"},\"image\":{\"@id\":\"https:\\\/\\\/srokacompany.com\\\/de\\\/produkt\\\/s-foil-uha-700-1550\\\/#primaryimage\"},\"thumbnailUrl\":\"https:\\\/\\\/srokacompany.com\\\/wp-content\\\/uploads\\\/2024\\\/10\\\/800.alu-transparent.png\",\"datePublished\":\"2024-11-20T11:40:20+00:00\",\"dateModified\":\"2026-01-08T14:39:34+00:00\",\"description\":\"Entdecke die Geschwindigkeit und die Kraft des 550 HA S. Ein dedizierter Fl\u00fcgel f\u00fcr alle, die die Grenze deiner H\u00f6chstgeschwindigkeit verschieben wollen.\",\"breadcrumb\":{\"@id\":\"https:\\\/\\\/srokacompany.com\\\/de\\\/produkt\\\/s-foil-uha-700-1550\\\/#breadcrumb\"},\"inLanguage\":\"de\",\"potentialAction\":[{\"@type\":\"ReadAction\",\"target\":[\"https:\\\/\\\/srokacompany.com\\\/de\\\/produkt\\\/s-foil-uha-700-1550\\\/\"]}]},{\"@type\":\"ImageObject\",\"inLanguage\":\"de\",\"@id\":\"https:\\\/\\\/srokacompany.com\\\/de\\\/produkt\\\/s-foil-uha-700-1550\\\/#primaryimage\",\"url\":\"https:\\\/\\\/srokacompany.com\\\/wp-content\\\/uploads\\\/2024\\\/10\\\/800.alu-transparent.png\",\"contentUrl\":\"https:\\\/\\\/srokacompany.com\\\/wp-content\\\/uploads\\\/2024\\\/10\\\/800.alu-transparent.png\",\"width\":2560,\"height\":1920,\"caption\":\"foil downwind polyvalent S-Foil UHA SROKA 6 tailles 700 \u00e0 1550 cm\u00b2\"},{\"@type\":\"BreadcrumbList\",\"@id\":\"https:\\\/\\\/srokacompany.com\\\/de\\\/produkt\\\/s-foil-uha-700-1550\\\/#breadcrumb\",\"itemListElement\":[{\"@type\":\"ListItem\",\"position\":1,\"name\":\"Accueil\",\"item\":\"https:\\\/\\\/srokacompany.com\\\/de\\\/\"},{\"@type\":\"ListItem\",\"position\":2,\"name\":\"Laden\",\"item\":\"https:\\\/\\\/srokacompany.com\\\/laden\\\/\"},{\"@type\":\"ListItem\",\"position\":3,\"name\":\"S-foil UHA 700 &#8211; 1550\"}]},{\"@type\":\"WebSite\",\"@id\":\"https:\\\/\\\/srokacompany.com\\\/de\\\/#website\",\"url\":\"https:\\\/\\\/srokacompany.com\\\/de\\\/\",\"name\":\"SROKA Company\",\"description\":\"SUP, Kite, Foil, Wing\",\"publisher\":{\"@id\":\"https:\\\/\\\/srokacompany.com\\\/de\\\/#organization\"},\"potentialAction\":[{\"@type\":\"SearchAction\",\"target\":{\"@type\":\"EntryPoint\",\"urlTemplate\":\"https:\\\/\\\/srokacompany.com\\\/de\\\/?s={search_term_string}\"},\"query-input\":{\"@type\":\"PropertyValueSpecification\",\"valueRequired\":true,\"valueName\":\"search_term_string\"}}],\"inLanguage\":\"de\"},{\"@type\":\"Organization\",\"@id\":\"https:\\\/\\\/srokacompany.com\\\/de\\\/#organization\",\"name\":\"SROKACOMPANY\",\"alternateName\":\"SROKA\",\"url\":\"https:\\\/\\\/srokacompany.com\\\/de\\\/\",\"logo\":{\"@type\":\"ImageObject\",\"inLanguage\":\"de\",\"@id\":\"https:\\\/\\\/srokacompany.com\\\/de\\\/#\\\/schema\\\/logo\\\/image\\\/\",\"url\":\"https:\\\/\\\/srokacompany.com\\\/wp-content\\\/uploads\\\/2021\\\/01\\\/logo-sroka-black-transpa.png\",\"contentUrl\":\"https:\\\/\\\/srokacompany.com\\\/wp-content\\\/uploads\\\/2021\\\/01\\\/logo-sroka-black-transpa.png\",\"width\":1201,\"height\":342,\"caption\":\"SROKACOMPANY\"},\"image\":{\"@id\":\"https:\\\/\\\/srokacompany.com\\\/de\\\/#\\\/schema\\\/logo\\\/image\\\/\"},\"sameAs\":[\"https:\\\/\\\/www.facebook.com\\\/srokawatersports\\\/\",\"https:\\\/\\\/www.instagram.com\\\/srokawatersports\\\/\",\"https:\\\/\\\/www.youtube.com\\\/channel\\\/UCVLHHeaPIm-J5bdEUgxqtZA\"]}]}<\/script>\n<!-- \/ Yoast SEO plugin. -->","yoast_head_json":{"title":"S-foil UHA 700 - 1550 - SROKA Company","description":"Entdecke die Geschwindigkeit und die Kraft des 550 HA S. Ein dedizierter Fl\u00fcgel f\u00fcr alle, die die Grenze deiner H\u00f6chstgeschwindigkeit verschieben wollen.","robots":{"index":"index","follow":"follow","max-snippet":"max-snippet:-1","max-image-preview":"max-image-preview:large","max-video-preview":"max-video-preview:-1"},"canonical":"https:\/\/srokacompany.com\/de\/produkt\/s-foil-uha-700-1550\/","og_locale":"de_DE","og_type":"article","og_title":"S-foil UHA 700 - 1550 - SROKA Company","og_description":"Entdecke die Geschwindigkeit und die Kraft des 550 HA S. Ein dedizierter Fl\u00fcgel f\u00fcr alle, die die Grenze deiner H\u00f6chstgeschwindigkeit verschieben wollen.","og_url":"https:\/\/srokacompany.com\/de\/produkt\/s-foil-uha-700-1550\/","og_site_name":"SROKA Company","article_publisher":"https:\/\/www.facebook.com\/srokawatersports\/","article_modified_time":"2026-01-08T14:39:34+00:00","og_image":[{"width":2560,"height":1920,"url":"https:\/\/srokacompany.com\/wp-content\/uploads\/2024\/10\/800.alu-transparent.png","type":"image\/png"}],"twitter_misc":{"Gesch\u00e4tzte Lesezeit":"2\u00a0Minuten"},"schema":{"@context":"https:\/\/schema.org","@graph":[{"@type":"WebPage","@id":"https:\/\/srokacompany.com\/de\/produkt\/s-foil-uha-700-1550\/","url":"https:\/\/srokacompany.com\/de\/produkt\/s-foil-uha-700-1550\/","name":"S-foil UHA 700 - 1550 - SROKA Company","isPartOf":{"@id":"https:\/\/srokacompany.com\/de\/#website"},"primaryImageOfPage":{"@id":"https:\/\/srokacompany.com\/de\/produkt\/s-foil-uha-700-1550\/#primaryimage"},"image":{"@id":"https:\/\/srokacompany.com\/de\/produkt\/s-foil-uha-700-1550\/#primaryimage"},"thumbnailUrl":"https:\/\/srokacompany.com\/wp-content\/uploads\/2024\/10\/800.alu-transparent.png","datePublished":"2024-11-20T11:40:20+00:00","dateModified":"2026-01-08T14:39:34+00:00","description":"Entdecke die Geschwindigkeit und die Kraft des 550 HA S. Ein dedizierter Fl\u00fcgel f\u00fcr alle, die die Grenze deiner H\u00f6chstgeschwindigkeit verschieben wollen.","breadcrumb":{"@id":"https:\/\/srokacompany.com\/de\/produkt\/s-foil-uha-700-1550\/#breadcrumb"},"inLanguage":"de","potentialAction":[{"@type":"ReadAction","target":["https:\/\/srokacompany.com\/de\/produkt\/s-foil-uha-700-1550\/"]}]},{"@type":"ImageObject","inLanguage":"de","@id":"https:\/\/srokacompany.com\/de\/produkt\/s-foil-uha-700-1550\/#primaryimage","url":"https:\/\/srokacompany.com\/wp-content\/uploads\/2024\/10\/800.alu-transparent.png","contentUrl":"https:\/\/srokacompany.com\/wp-content\/uploads\/2024\/10\/800.alu-transparent.png","width":2560,"height":1920,"caption":"foil downwind polyvalent S-Foil UHA SROKA 6 tailles 700 \u00e0 1550 cm\u00b2"},{"@type":"BreadcrumbList","@id":"https:\/\/srokacompany.com\/de\/produkt\/s-foil-uha-700-1550\/#breadcrumb","itemListElement":[{"@type":"ListItem","position":1,"name":"Accueil","item":"https:\/\/srokacompany.com\/de\/"},{"@type":"ListItem","position":2,"name":"Laden","item":"https:\/\/srokacompany.com\/laden\/"},{"@type":"ListItem","position":3,"name":"S-foil UHA 700 &#8211; 1550"}]},{"@type":"WebSite","@id":"https:\/\/srokacompany.com\/de\/#website","url":"https:\/\/srokacompany.com\/de\/","name":"SROKA Company","description":"SUP, Kite, Foil, Wing","publisher":{"@id":"https:\/\/srokacompany.com\/de\/#organization"},"potentialAction":[{"@type":"SearchAction","target":{"@type":"EntryPoint","urlTemplate":"https:\/\/srokacompany.com\/de\/?s={search_term_string}"},"query-input":{"@type":"PropertyValueSpecification","valueRequired":true,"valueName":"search_term_string"}}],"inLanguage":"de"},{"@type":"Organization","@id":"https:\/\/srokacompany.com\/de\/#organization","name":"SROKACOMPANY","alternateName":"SROKA","url":"https:\/\/srokacompany.com\/de\/","logo":{"@type":"ImageObject","inLanguage":"de","@id":"https:\/\/srokacompany.com\/de\/#\/schema\/logo\/image\/","url":"https:\/\/srokacompany.com\/wp-content\/uploads\/2021\/01\/logo-sroka-black-transpa.png","contentUrl":"https:\/\/srokacompany.com\/wp-content\/uploads\/2021\/01\/logo-sroka-black-transpa.png","width":1201,"height":342,"caption":"SROKACOMPANY"},"image":{"@id":"https:\/\/srokacompany.com\/de\/#\/schema\/logo\/image\/"},"sameAs":["https:\/\/www.facebook.com\/srokawatersports\/","https:\/\/www.instagram.com\/srokawatersports\/","https:\/\/www.youtube.com\/channel\/UCVLHHeaPIm-J5bdEUgxqtZA"]}]}},"uagb_featured_image_src":{"full":["https:\/\/srokacompany.com\/wp-content\/uploads\/2024\/10\/800.alu-transparent.png",2560,1920,false],"thumbnail":["https:\/\/srokacompany.com\/wp-content\/uploads\/2024\/10\/800.alu-transparent-150x150.png",150,150,true],"medium":["https:\/\/srokacompany.com\/wp-content\/uploads\/2024\/10\/800.alu-transparent-300x225.png",300,225,true],"medium_large":["https:\/\/srokacompany.com\/wp-content\/uploads\/2024\/10\/800.alu-transparent-768x576.png",768,576,true],"large":["https:\/\/srokacompany.com\/wp-content\/uploads\/2024\/10\/800.alu-transparent-1024x768.png",1024,768,true],"1536x1536":["https:\/\/srokacompany.com\/wp-content\/uploads\/2024\/10\/800.alu-transparent-1536x1152.png",1536,1152,true],"2048x2048":["https:\/\/srokacompany.com\/wp-content\/uploads\/2024\/10\/800.alu-transparent-2048x1536.png",2048,1536,true],"woocommerce_thumbnail":["https:\/\/srokacompany.com\/wp-content\/uploads\/2024\/10\/800.alu-transparent-600x450.png",600,450,true],"woocommerce_single":["https:\/\/srokacompany.com\/wp-content\/uploads\/2024\/10\/800.alu-transparent-600x450.png",600,450,true],"woocommerce_gallery_thumbnail":["https:\/\/srokacompany.com\/wp-content\/uploads\/2024\/10\/800.alu-transparent-100x100.png",100,100,true],"dgwt-wcas-product-suggestion":["https:\/\/srokacompany.com\/wp-content\/uploads\/2024\/10\/800.alu-transparent.png",64,48,false]},"uagb_author_info":{"display_name":"Emmanuel DIJOUX","author_link":"https:\/\/srokacompany.com\/de\/blog\/author\/"},"uagb_comment_info":0,"uagb_excerpt":"Entdecke das ultimative Gleitgef\u00fchl mit dem S-Foil Alu UHA SROKA! Diese Ultra High Aspect Ratio (UHA) Serie wurde f\u00fcr Downwind und Wing Foil entwickelt und erm\u00f6glicht dir m\u00fcheloses Fliegen auch bei wenig Wind oder Wellengang. Genie\u00dfe dank der robusten und leichten Aluminiumkonstruktion eine unglaubliche Geschwindigkeit, ein hervorragendes Glide und ein perfektes Handling. Entdecke die 5&hellip;","jetpack_sharing_enabled":true,"_links":{"self":[{"href":"https:\/\/srokacompany.com\/de\/wp-json\/wp\/v2\/product\/340922","targetHints":{"allow":["GET"]}}],"collection":[{"href":"https:\/\/srokacompany.com\/de\/wp-json\/wp\/v2\/product"}],"about":[{"href":"https:\/\/srokacompany.com\/de\/wp-json\/wp\/v2\/types\/product"}],"wp:featuredmedia":[{"embeddable":true,"href":"https:\/\/srokacompany.com\/de\/wp-json\/wp\/v2\/media\/340923"}],"wp:attachment":[{"href":"https:\/\/srokacompany.com\/de\/wp-json\/wp\/v2\/media?parent=340922"}],"wp:term":[{"taxonomy":"product_brand","embeddable":true,"href":"https:\/\/srokacompany.com\/de\/wp-json\/wp\/v2\/product_brand?post=340922"},{"taxonomy":"product_cat","embeddable":true,"href":"https:\/\/srokacompany.com\/de\/wp-json\/wp\/v2\/product_cat?post=340922"},{"taxonomy":"product_tag","embeddable":true,"href":"https:\/\/srokacompany.com\/de\/wp-json\/wp\/v2\/product_tag?post=340922"}],"curies":[{"name":"wp","href":"https:\/\/api.w.org\/{rel}","templated":true}]}}