{"id":341054,"date":"2025-02-06T10:46:46","date_gmt":"2025-02-06T10:46:46","guid":{"rendered":"https:\/\/srokacompany.com\/produit\/wing-v4-elite\/"},"modified":"2026-03-11T15:57:05","modified_gmt":"2026-03-11T13:57:05","slug":"wing-v4-elite","status":"publish","type":"product","link":"https:\/\/srokacompany.com\/de\/produkt\/wing-v4-elite\/","title":{"rendered":"Tragfl\u00e4che Wing V4 Elite"},"content":{"rendered":"<hr>\n<p>Der <b>Wing SROKA V4 Elite<\/b> ist die Kr\u00f6nung der SROKA-Kompetenz und wurde f\u00fcr Intermediate- bis Expertenfahrer entwickelt, die das Beste in Sachen <b>Leistung, Stabilit\u00e4t und Geschwindigkeit<\/b> verlangen. Dank der Integration von Hochleistungsmaterialien und einem verfeinerten aerodynamischen <i>Shape<\/i> verwandelt der V4 Elite jede Session in ein pr\u00e4zises und reaktionsschnelles Flugerlebnis. <\/p>\n<p>&nbsp;<\/p>\n<h3>Extreme Steifigkeit und Leistung<\/h3>\n<p>Das Hauptmerkmal der V4 Elite ist ihre au\u00dfergew\u00f6hnliche Steifigkeit, die durch wichtige Innovationen erreicht wurde:<\/p>\n<ul>\n<li><b>Aramid-Material (Vorderkante) :<\/b> Die Vorderkante besteht aus einem <b>Aramid-Material<\/b> (\u00e4hnlich wie Dyneema), das selbst bei den st\u00e4rksten Windbedingungen f\u00fcr eine <b>hohe Steifigkeit<\/b> und einen perfekten Sitz sorgt.\n<ul>\n<li>Das ist die Garantie f\u00fcr eine <b>direkte und verlustfreie Energie\u00fcbertragung<\/b>, die explosive Beschleunigung und erh\u00f6hte Stabilit\u00e4t (+40% Flugstabilit\u00e4t) bietet.<\/li>\n<\/ul>\n<\/li>\n<li><b>Optimiertes aerodynamisches Profil:<\/b> Der Durchmesser der Vorderkante ist im Vergleich zum klassischen V4 <b>um 15-17% reduziert<\/b>, wodurch der Luftwiderstand minimiert und das Eindringen in die Luft maximiert wird.<\/li>\n<li><b>Leicht und handlich:<\/b> Mit einer Gewichtsersparnis von <b>300-400 g<\/b> (bei gleicher Gr\u00f6\u00dfe) ist der Fl\u00fcgel leichter und handlicher, was Drehungen beim <b>Freestyle<\/b> erleichtert und Erm\u00fcdungserscheinungen reduziert.<\/li>\n<\/ul>\n<p>&nbsp;<\/p>\n<h3>Effizienz im Light Wind und bei Geschwindigkeit<\/h3>\n<p>Das Design des V4 Elite macht ihn unglaublich leistungsstark, vor allem bei leichtem Wind und f\u00fcr Rennen :<\/p>\n<ul>\n<li><b>Beschleunigter Pump:<\/b> Seine ultra-steife Struktur optimiert die Effizienz des <b>Pumpens<\/b>, erm\u00f6glicht einen <b>fr\u00fcheren Start in die Planung<\/b> und h\u00e4lt den Flug in minimalen Windbereichen<b>(Light Wind 100%<\/b>).<\/li>\n<li><b>Geschwindigkeit und Kurs:<\/b> Das verfeinerte Profil und die Spannung des Segels sorgen f\u00fcr ein hervorragendes Aufwindverhalten und <b>Freerace-\u00e4hnliche<\/b> Spitzengeschwindigkeiten<b>(Racing\/Speed 100%<\/b>).<\/li>\n<li><b>Reduzierte Spannweite:<\/b> Eine kompaktere Spannweite bei allen Gr\u00f6\u00dfen verringert das Risiko, bei Man\u00f6vern oder beim Tiefflug mit den <i>Tips<\/i> das Wasser zu ber\u00fchren, und erh\u00f6ht die <b>Man\u00f6vrierf\u00e4higkeit<\/b> beim <i>Waveriding<\/i> und <i>Freestyle<\/i>.<\/li>\n<\/ul>\n<p>&nbsp;<\/p>\n<h3>Details und Anpassung<\/h3>\n<ul>\n<li><b>Dual-Griff-System:<\/b> Das V4 Elite ist standardm\u00e4\u00dfig f\u00fcr die Verwendung mit <b>steifen Griffen<\/b> ausgelegt, um eine pr\u00e4zise Kontrolle und maximale Reaktionsf\u00e4higkeit zu gew\u00e4hrleisten. Es ist auch <b>mit einem<\/b> optionalen <b> <i>Carbon-Boom<\/i> kompatibel<\/b>, f\u00fcr diejenigen, die diese Art des Fahrens bevorzugen. <\/li>\n<li>Langlebigkeit<b>:<\/b> Der Schirm ist verst\u00e4rkt<i>(verst\u00e4rktes Canopy<\/i>), um eine h\u00f6here Widerstandsf\u00e4higkeit gegen Verformung und eine au\u00dfergew\u00f6hnliche Langlebigkeit zu erreichen.<\/li>\n<li><b>Sicherheit:<\/b> <b>Sichtfenster<\/b> werden beibehalten, um optimale Sicht und erh\u00f6hte Sicherheit in belebten Navigationsbereichen zu bieten.<\/li>\n<\/ul>\n<p>Der <b>Wing V4 Elite<\/b> ist das perfekte Werkzeug f\u00fcr Fahrer, die keine Kompromisse zwischen <b>Power<\/b>, <b>Stabilit\u00e4t<\/b> und <b>geringem Gewicht<\/b> eingehen wollen, um H\u00f6chstleistungen zu erbringen.<\/p>\n<p>&nbsp;<\/p>\n<p>&nbsp;<\/p>\n","protected":false},"excerpt":{"rendered":"<p>Der SROKA <b>Wing V4 Elite<\/b> ist mit einer <b>Aramid-Einstiegskante<\/b> ausgestattet, die f\u00fcr extreme Steifigkeit, geringen Widerstand und maximale <b>Beschleunigung<\/b> sorgt. Der ultimative Kite f\u00fcr<strong> Freeride<\/strong>, <b>Freerace<\/b>, <b>Light Wind<\/b> und engagierten <b>Freestyle<\/b>. <\/p>\n","protected":false},"featured_media":341063,"template":"","meta":{"_acf_changed":false,"_uag_custom_page_level_css":""},"product_brand":[],"product_cat":[3529,3528,3530,3453],"product_tag":[3441,3459,3443,3442],"class_list":{"0":"post-341054","1":"product","2":"type-product","3":"status-publish","4":"has-post-thumbnail","6":"product_cat-elite-de","7":"product_cat-flugel-von-wing-foil","8":"product_cat-wing-elite-de","9":"product_cat-wing-foil-de","10":"product_tag-anfanger","11":"product_tag-experte","12":"product_tag-fortgeschrittene","13":"product_tag-schlau","15":"first","16":"instock","17":"taxable","18":"shipping-taxable","19":"purchasable","20":"product-type-variable"},"acf":[],"yoast_head":"<!-- This site is optimized with the Yoast SEO plugin v27.4 - https:\/\/yoast.com\/product\/yoast-seo-wordpress\/ -->\n<title>Tragfl\u00e4che f\u00fcr Wing Foil - Sroka V4 Elite<\/title>\n<meta name=\"description\" content=\"Verschiebe deine Grenzen! Der SROKA Wing V4 Elite wurde f\u00fcr anspruchsvolle Rider entwickelt, die auf der Suche nach einem unvergleichlichen Leistungs- und Flugerlebnis sind.\" \/>\n<meta name=\"robots\" content=\"index, follow, max-snippet:-1, max-image-preview:large, max-video-preview:-1\" \/>\n<link rel=\"canonical\" href=\"https:\/\/srokacompany.com\/de\/produkt\/wing-v4-elite\/\" \/>\n<meta property=\"og:locale\" content=\"de_DE\" \/>\n<meta property=\"og:type\" content=\"article\" \/>\n<meta property=\"og:title\" content=\"Tragfl\u00e4che f\u00fcr Wing Foil - Sroka V4 Elite\" \/>\n<meta property=\"og:description\" content=\"Verschiebe deine Grenzen! Der SROKA Wing V4 Elite wurde f\u00fcr anspruchsvolle Rider entwickelt, die auf der Suche nach einem unvergleichlichen Leistungs- und Flugerlebnis sind.\" \/>\n<meta property=\"og:url\" content=\"https:\/\/srokacompany.com\/de\/produkt\/wing-v4-elite\/\" \/>\n<meta property=\"og:site_name\" content=\"SROKA Company\" \/>\n<meta property=\"article:publisher\" content=\"https:\/\/www.facebook.com\/srokawatersports\/\" \/>\n<meta property=\"article:modified_time\" content=\"2026-03-11T13:57:05+00:00\" \/>\n<meta property=\"og:image\" content=\"https:\/\/srokacompany.com\/wp-content\/uploads\/2024\/12\/Wing-V4-Elite-Copy-1.png\" \/>\n\t<meta property=\"og:image:width\" content=\"1036\" \/>\n\t<meta property=\"og:image:height\" content=\"778\" \/>\n\t<meta property=\"og:image:type\" content=\"image\/png\" \/>\n<meta name=\"twitter:label1\" content=\"Gesch\u00e4tzte Lesezeit\" \/>\n\t<meta name=\"twitter:data1\" content=\"2\u00a0Minuten\" \/>\n<script type=\"application\/ld+json\" class=\"yoast-schema-graph\">{\"@context\":\"https:\\\/\\\/schema.org\",\"@graph\":[{\"@type\":\"WebPage\",\"@id\":\"https:\\\/\\\/srokacompany.com\\\/de\\\/produkt\\\/wing-v4-elite\\\/\",\"url\":\"https:\\\/\\\/srokacompany.com\\\/de\\\/produkt\\\/wing-v4-elite\\\/\",\"name\":\"Tragfl\u00e4che f\u00fcr Wing Foil - Sroka V4 Elite\",\"isPartOf\":{\"@id\":\"https:\\\/\\\/srokacompany.com\\\/de\\\/#website\"},\"primaryImageOfPage\":{\"@id\":\"https:\\\/\\\/srokacompany.com\\\/de\\\/produkt\\\/wing-v4-elite\\\/#primaryimage\"},\"image\":{\"@id\":\"https:\\\/\\\/srokacompany.com\\\/de\\\/produkt\\\/wing-v4-elite\\\/#primaryimage\"},\"thumbnailUrl\":\"https:\\\/\\\/srokacompany.com\\\/wp-content\\\/uploads\\\/2024\\\/12\\\/Wing-V4-Elite-Copy-1.png\",\"datePublished\":\"2025-02-06T10:46:46+00:00\",\"dateModified\":\"2026-03-11T13:57:05+00:00\",\"description\":\"Verschiebe deine Grenzen! Der SROKA Wing V4 Elite wurde f\u00fcr anspruchsvolle Rider entwickelt, die auf der Suche nach einem unvergleichlichen Leistungs- und Flugerlebnis sind.\",\"breadcrumb\":{\"@id\":\"https:\\\/\\\/srokacompany.com\\\/de\\\/produkt\\\/wing-v4-elite\\\/#breadcrumb\"},\"inLanguage\":\"de\",\"potentialAction\":[{\"@type\":\"ReadAction\",\"target\":[\"https:\\\/\\\/srokacompany.com\\\/de\\\/produkt\\\/wing-v4-elite\\\/\"]}]},{\"@type\":\"ImageObject\",\"inLanguage\":\"de\",\"@id\":\"https:\\\/\\\/srokacompany.com\\\/de\\\/produkt\\\/wing-v4-elite\\\/#primaryimage\",\"url\":\"https:\\\/\\\/srokacompany.com\\\/wp-content\\\/uploads\\\/2024\\\/12\\\/Wing-V4-Elite-Copy-1.png\",\"contentUrl\":\"https:\\\/\\\/srokacompany.com\\\/wp-content\\\/uploads\\\/2024\\\/12\\\/Wing-V4-Elite-Copy-1.png\",\"width\":1036,\"height\":778,\"caption\":\"Wing V4 Elite\"},{\"@type\":\"BreadcrumbList\",\"@id\":\"https:\\\/\\\/srokacompany.com\\\/de\\\/produkt\\\/wing-v4-elite\\\/#breadcrumb\",\"itemListElement\":[{\"@type\":\"ListItem\",\"position\":1,\"name\":\"Accueil\",\"item\":\"https:\\\/\\\/srokacompany.com\\\/de\\\/\"},{\"@type\":\"ListItem\",\"position\":2,\"name\":\"Laden\",\"item\":\"https:\\\/\\\/srokacompany.com\\\/laden\\\/\"},{\"@type\":\"ListItem\",\"position\":3,\"name\":\"Tragfl\u00e4che Wing V4 Elite\"}]},{\"@type\":\"WebSite\",\"@id\":\"https:\\\/\\\/srokacompany.com\\\/de\\\/#website\",\"url\":\"https:\\\/\\\/srokacompany.com\\\/de\\\/\",\"name\":\"SROKA Company\",\"description\":\"SUP, Kite, Foil, Wing\",\"publisher\":{\"@id\":\"https:\\\/\\\/srokacompany.com\\\/de\\\/#organization\"},\"potentialAction\":[{\"@type\":\"SearchAction\",\"target\":{\"@type\":\"EntryPoint\",\"urlTemplate\":\"https:\\\/\\\/srokacompany.com\\\/de\\\/?s={search_term_string}\"},\"query-input\":{\"@type\":\"PropertyValueSpecification\",\"valueRequired\":true,\"valueName\":\"search_term_string\"}}],\"inLanguage\":\"de\"},{\"@type\":\"Organization\",\"@id\":\"https:\\\/\\\/srokacompany.com\\\/de\\\/#organization\",\"name\":\"SROKACOMPANY\",\"alternateName\":\"SROKA\",\"url\":\"https:\\\/\\\/srokacompany.com\\\/de\\\/\",\"logo\":{\"@type\":\"ImageObject\",\"inLanguage\":\"de\",\"@id\":\"https:\\\/\\\/srokacompany.com\\\/de\\\/#\\\/schema\\\/logo\\\/image\\\/\",\"url\":\"https:\\\/\\\/srokacompany.com\\\/wp-content\\\/uploads\\\/2021\\\/01\\\/logo-sroka-black-transpa.png\",\"contentUrl\":\"https:\\\/\\\/srokacompany.com\\\/wp-content\\\/uploads\\\/2021\\\/01\\\/logo-sroka-black-transpa.png\",\"width\":1201,\"height\":342,\"caption\":\"SROKACOMPANY\"},\"image\":{\"@id\":\"https:\\\/\\\/srokacompany.com\\\/de\\\/#\\\/schema\\\/logo\\\/image\\\/\"},\"sameAs\":[\"https:\\\/\\\/www.facebook.com\\\/srokawatersports\\\/\",\"https:\\\/\\\/www.instagram.com\\\/srokawatersports\\\/\",\"https:\\\/\\\/www.youtube.com\\\/channel\\\/UCVLHHeaPIm-J5bdEUgxqtZA\"]}]}<\/script>\n<!-- \/ Yoast SEO plugin. -->","yoast_head_json":{"title":"Tragfl\u00e4che f\u00fcr Wing Foil - Sroka V4 Elite","description":"Verschiebe deine Grenzen! Der SROKA Wing V4 Elite wurde f\u00fcr anspruchsvolle Rider entwickelt, die auf der Suche nach einem unvergleichlichen Leistungs- und Flugerlebnis sind.","robots":{"index":"index","follow":"follow","max-snippet":"max-snippet:-1","max-image-preview":"max-image-preview:large","max-video-preview":"max-video-preview:-1"},"canonical":"https:\/\/srokacompany.com\/de\/produkt\/wing-v4-elite\/","og_locale":"de_DE","og_type":"article","og_title":"Tragfl\u00e4che f\u00fcr Wing Foil - Sroka V4 Elite","og_description":"Verschiebe deine Grenzen! Der SROKA Wing V4 Elite wurde f\u00fcr anspruchsvolle Rider entwickelt, die auf der Suche nach einem unvergleichlichen Leistungs- und Flugerlebnis sind.","og_url":"https:\/\/srokacompany.com\/de\/produkt\/wing-v4-elite\/","og_site_name":"SROKA Company","article_publisher":"https:\/\/www.facebook.com\/srokawatersports\/","article_modified_time":"2026-03-11T13:57:05+00:00","og_image":[{"width":1036,"height":778,"url":"https:\/\/srokacompany.com\/wp-content\/uploads\/2024\/12\/Wing-V4-Elite-Copy-1.png","type":"image\/png"}],"twitter_misc":{"Gesch\u00e4tzte Lesezeit":"2\u00a0Minuten"},"schema":{"@context":"https:\/\/schema.org","@graph":[{"@type":"WebPage","@id":"https:\/\/srokacompany.com\/de\/produkt\/wing-v4-elite\/","url":"https:\/\/srokacompany.com\/de\/produkt\/wing-v4-elite\/","name":"Tragfl\u00e4che f\u00fcr Wing Foil - Sroka V4 Elite","isPartOf":{"@id":"https:\/\/srokacompany.com\/de\/#website"},"primaryImageOfPage":{"@id":"https:\/\/srokacompany.com\/de\/produkt\/wing-v4-elite\/#primaryimage"},"image":{"@id":"https:\/\/srokacompany.com\/de\/produkt\/wing-v4-elite\/#primaryimage"},"thumbnailUrl":"https:\/\/srokacompany.com\/wp-content\/uploads\/2024\/12\/Wing-V4-Elite-Copy-1.png","datePublished":"2025-02-06T10:46:46+00:00","dateModified":"2026-03-11T13:57:05+00:00","description":"Verschiebe deine Grenzen! Der SROKA Wing V4 Elite wurde f\u00fcr anspruchsvolle Rider entwickelt, die auf der Suche nach einem unvergleichlichen Leistungs- und Flugerlebnis sind.","breadcrumb":{"@id":"https:\/\/srokacompany.com\/de\/produkt\/wing-v4-elite\/#breadcrumb"},"inLanguage":"de","potentialAction":[{"@type":"ReadAction","target":["https:\/\/srokacompany.com\/de\/produkt\/wing-v4-elite\/"]}]},{"@type":"ImageObject","inLanguage":"de","@id":"https:\/\/srokacompany.com\/de\/produkt\/wing-v4-elite\/#primaryimage","url":"https:\/\/srokacompany.com\/wp-content\/uploads\/2024\/12\/Wing-V4-Elite-Copy-1.png","contentUrl":"https:\/\/srokacompany.com\/wp-content\/uploads\/2024\/12\/Wing-V4-Elite-Copy-1.png","width":1036,"height":778,"caption":"Wing V4 Elite"},{"@type":"BreadcrumbList","@id":"https:\/\/srokacompany.com\/de\/produkt\/wing-v4-elite\/#breadcrumb","itemListElement":[{"@type":"ListItem","position":1,"name":"Accueil","item":"https:\/\/srokacompany.com\/de\/"},{"@type":"ListItem","position":2,"name":"Laden","item":"https:\/\/srokacompany.com\/laden\/"},{"@type":"ListItem","position":3,"name":"Tragfl\u00e4che Wing V4 Elite"}]},{"@type":"WebSite","@id":"https:\/\/srokacompany.com\/de\/#website","url":"https:\/\/srokacompany.com\/de\/","name":"SROKA Company","description":"SUP, Kite, Foil, Wing","publisher":{"@id":"https:\/\/srokacompany.com\/de\/#organization"},"potentialAction":[{"@type":"SearchAction","target":{"@type":"EntryPoint","urlTemplate":"https:\/\/srokacompany.com\/de\/?s={search_term_string}"},"query-input":{"@type":"PropertyValueSpecification","valueRequired":true,"valueName":"search_term_string"}}],"inLanguage":"de"},{"@type":"Organization","@id":"https:\/\/srokacompany.com\/de\/#organization","name":"SROKACOMPANY","alternateName":"SROKA","url":"https:\/\/srokacompany.com\/de\/","logo":{"@type":"ImageObject","inLanguage":"de","@id":"https:\/\/srokacompany.com\/de\/#\/schema\/logo\/image\/","url":"https:\/\/srokacompany.com\/wp-content\/uploads\/2021\/01\/logo-sroka-black-transpa.png","contentUrl":"https:\/\/srokacompany.com\/wp-content\/uploads\/2021\/01\/logo-sroka-black-transpa.png","width":1201,"height":342,"caption":"SROKACOMPANY"},"image":{"@id":"https:\/\/srokacompany.com\/de\/#\/schema\/logo\/image\/"},"sameAs":["https:\/\/www.facebook.com\/srokawatersports\/","https:\/\/www.instagram.com\/srokawatersports\/","https:\/\/www.youtube.com\/channel\/UCVLHHeaPIm-J5bdEUgxqtZA"]}]}},"uagb_featured_image_src":{"full":["https:\/\/srokacompany.com\/wp-content\/uploads\/2024\/12\/Wing-V4-Elite-Copy-1.png",1036,778,false],"thumbnail":["https:\/\/srokacompany.com\/wp-content\/uploads\/2024\/12\/Wing-V4-Elite-Copy-1-150x150.png",150,150,true],"medium":["https:\/\/srokacompany.com\/wp-content\/uploads\/2024\/12\/Wing-V4-Elite-Copy-1-300x225.png",300,225,true],"medium_large":["https:\/\/srokacompany.com\/wp-content\/uploads\/2024\/12\/Wing-V4-Elite-Copy-1-768x577.png",768,577,true],"large":["https:\/\/srokacompany.com\/wp-content\/uploads\/2024\/12\/Wing-V4-Elite-Copy-1-1024x769.png",1024,769,true],"1536x1536":["https:\/\/srokacompany.com\/wp-content\/uploads\/2024\/12\/Wing-V4-Elite-Copy-1.png",1036,778,false],"2048x2048":["https:\/\/srokacompany.com\/wp-content\/uploads\/2024\/12\/Wing-V4-Elite-Copy-1.png",1036,778,false],"woocommerce_thumbnail":["https:\/\/srokacompany.com\/wp-content\/uploads\/2024\/12\/Wing-V4-Elite-Copy-1-600x451.png",600,451,true],"woocommerce_single":["https:\/\/srokacompany.com\/wp-content\/uploads\/2024\/12\/Wing-V4-Elite-Copy-1-600x451.png",600,451,true],"woocommerce_gallery_thumbnail":["https:\/\/srokacompany.com\/wp-content\/uploads\/2024\/12\/Wing-V4-Elite-Copy-1-100x100.png",100,100,true],"dgwt-wcas-product-suggestion":["https:\/\/srokacompany.com\/wp-content\/uploads\/2024\/12\/Wing-V4-Elite-Copy-1.png",64,48,false]},"uagb_author_info":{"display_name":"Emmanuel DIJOUX","author_link":"https:\/\/srokacompany.com\/de\/blog\/author\/"},"uagb_comment_info":0,"uagb_excerpt":"Der SROKA Wing V4 Elite ist mit einer Aramid-Einstiegskante ausgestattet, die f\u00fcr extreme Steifigkeit, geringen Widerstand und maximale Beschleunigung sorgt. Der ultimative Kite f\u00fcr Freeride, Freerace, Light Wind und engagierten Freestyle.","jetpack_sharing_enabled":true,"_links":{"self":[{"href":"https:\/\/srokacompany.com\/de\/wp-json\/wp\/v2\/product\/341054","targetHints":{"allow":["GET"]}}],"collection":[{"href":"https:\/\/srokacompany.com\/de\/wp-json\/wp\/v2\/product"}],"about":[{"href":"https:\/\/srokacompany.com\/de\/wp-json\/wp\/v2\/types\/product"}],"wp:featuredmedia":[{"embeddable":true,"href":"https:\/\/srokacompany.com\/de\/wp-json\/wp\/v2\/media\/341063"}],"wp:attachment":[{"href":"https:\/\/srokacompany.com\/de\/wp-json\/wp\/v2\/media?parent=341054"}],"wp:term":[{"taxonomy":"product_brand","embeddable":true,"href":"https:\/\/srokacompany.com\/de\/wp-json\/wp\/v2\/product_brand?post=341054"},{"taxonomy":"product_cat","embeddable":true,"href":"https:\/\/srokacompany.com\/de\/wp-json\/wp\/v2\/product_cat?post=341054"},{"taxonomy":"product_tag","embeddable":true,"href":"https:\/\/srokacompany.com\/de\/wp-json\/wp\/v2\/product_tag?post=341054"}],"curies":[{"name":"wp","href":"https:\/\/api.w.org\/{rel}","templated":true}]}}