{"id":341075,"date":"2025-02-01T12:29:56","date_gmt":"2025-02-01T10:29:56","guid":{"rendered":"https:\/\/srokacompany.com\/produit\/superfly-board-42-53-elite-reihe\/"},"modified":"2025-12-03T20:36:42","modified_gmt":"2025-12-03T18:36:42","slug":"superfly-board-42-53-elite-reihe","status":"publish","type":"product","link":"https:\/\/srokacompany.com\/de\/produkt\/superfly-board-42-53-elite-reihe\/","title":{"rendered":"Superfly Board 4&#8217;2 &#8211; 5&#8217;3 &#8211; Elite-Reihe"},"content":{"rendered":"<hr>\n<p>Das <b>Superfly Board<\/b> der SROKA <b>Elite<\/b> Range ist unser Flaggschiff, das f\u00fcr anspruchsvolle Rider entwickelt wurde, die keine Kompromisse mit <b>Wingfoil<\/b> eingehen wollen. Es ist in <b>7 Gr\u00f6\u00dfen<\/b> (von 4&#8217;2 bis 5&#8217;3) erh\u00e4ltlich und ist die Waffe der Wahl f\u00fcr <b>Freeride<\/b>, <b>Freestyle<\/b> und <i>Carving<\/i> mit hoher Leistung. <\/p>\n<h3>Un\u00fcbertroffene Leistung: Fr\u00fchstart und Man\u00f6vrierf\u00e4higkeit<\/h3>\n<p>Das Superfly ist das Ergebnis einer Technik, die sich der maximalen Effizienz verschrieben hat. Sie ist so konzipiert, dass sie alle deine Man\u00f6ver und Tricks erleichtert und eine perfekte Verbindung zu deinem Elite Carbon Foil bietet: <\/p>\n<ul>\n<li><b>Ultra-Fr\u00fchstart:<\/b> Das <b>Volumen<\/b>, das genau unter den F\u00fc\u00dfen <b>zentriert<\/b> ist, und das <b>flache Unterwasserschiff<\/b> mit leicht konkaven Doppelnocken im vorderen Bereich erleichtern das Beschleunigen und <i>Take Off<\/i> mit minimalem Kraftaufwand und garantieren, dass du fr\u00fcher als die Konkurrenz fliegst.<\/li>\n<li><b>Extreme Man\u00f6vrierf\u00e4higkeit:<\/b> Der kompakte <i>Shape<\/i>, die reduzierten <i>L\u00e4tzchen<\/i> und die <i>Cut-Outs<\/i> am Heck minimieren den Luftwiderstand und maximieren die <b>Man\u00f6vrierf\u00e4higkeit<\/b> und <b>Reaktionsf\u00e4higkeit<\/b> unter deinen F\u00fc\u00dfen. Diese Eigenschaften sind entscheidend f\u00fcr aggressives <b>Surf foil<\/b> und <b>Wingfoil Freestyle<\/b>. <\/li>\n<li><b>Optimierte Stabilit\u00e4t:<\/b> Das leicht vertiefte Deck senkt Ihren Schwerpunkt und erh\u00f6ht so trotz der kompakten Abmessungen die Stabilit\u00e4t.<\/li>\n<\/ul>\n<h3>Super-verst\u00e4rkte Full Carbon Konstruktion<\/h3>\n<p>Um den Anforderungen der <b>Elite-Klasse<\/b> gerecht zu werden, wurde das <b>Superfly Board<\/b> mit der besten Konstruktion auf dem Markt ausgestattet, die auch bei Spr\u00fcngen ( <i>Front Loops<\/i>) und Landungen eine hohe <b>Festigkeit<\/b> gew\u00e4hrleistet:   <\/p>\n<ul>\n<li><b>Full Sandwich PVC Carbon:<\/b> Das Board ist ein <b>Full Sandwich mit PVC<\/b> auf Deck und Unterwasserschiff, das vollst\u00e4ndig von <b>Carbon<\/b> umh\u00fcllt ist (3 Schichten auf den Rails). Diese Konfiguration garantiert eine au\u00dfergew\u00f6hnliche <b>Steifigkeit<\/b> und <b>Haltbarkeit<\/b>. <\/li>\n<li><b>Verst\u00e4rkte Eins\u00e4tze :<\/b> Die Eins\u00e4tze der <i>Straps<\/i> sind fest in PVC-Bl\u00f6cke eingeklebt, und die <b>US Rails sind<\/b> auf die gleiche Weise <b>verst\u00e4rkt<\/b>, um den st\u00e4rksten Belastungen standzuhalten.<\/li>\n<li><b>Skalierbarkeit:<\/b> Die <b>50 <i>Strap-Inserts<\/i><\/b> erm\u00f6glichen eine komplette Anpassung deines <i>Stance<\/i> an deine Disziplin (Wingfoil, Surf foil, Tow-in).<\/li>\n<\/ul>\n<p>Das <b>Superfly Board<\/b> ist die Wahl von Fahrern, die nach <b>Leistung<\/b>, <b>Leichtigkeit<\/b> und <b>Reaktionsf\u00e4higkeit<\/b> suchen, um ihre Grenzen zu erweitern. Jedes Board wird mit einer <b>hochwertigen Schutzh\u00fclle<\/b> (10 mm Schaumstoff) ausgeliefert. <\/p>\n<p>Die perfekte Kombi mit dem <a href=\"https:\/\/srokacompany.com\/de\/produkt\/foil-carbon-elite-14mm-85cm\/\">Carbon Foil Elite<\/a> oder Solo.<\/p>\n","protected":false},"excerpt":{"rendered":"<p>Das <b>Superfly Elite<\/b> ist das <b>High-End Full Carbon Sandwich Board <\/b> (4&#8217;2 bis 5&#8217;3) f\u00fcr <b>Wingfoil.<\/b> Es garantiert einen <b>ultra-pr\u00e4zisen Start<\/b>, <b>extreme Steifigkeit<\/b> und <b>maximale Man\u00f6vrierf\u00e4higkeit<\/b>. Die Referenz f\u00fcr anspruchsvolle Freeride- und Freestyle-Rider. <\/p>\n","protected":false},"featured_media":341080,"template":"","meta":{"_acf_changed":false,"_uag_custom_page_level_css":""},"product_brand":[],"product_cat":[3531,3636,4258,3532,3530],"product_tag":[3535,3459,3443,3442],"class_list":{"0":"post-341075","1":"product","2":"type-product","3":"status-publish","4":"has-post-thumbnail","6":"product_cat-bretter-wing-foil-zum-besten-preis","7":"product_cat-paddle-promo","8":"product_cat-schwarzer-freitag","9":"product_cat-unsere-surfbretter-foil","10":"product_cat-wing-elite-de","11":"product_tag-elite-de","12":"product_tag-experte","13":"product_tag-fortgeschrittene","14":"product_tag-schlau","15":"product_shipping_class-hartes-brett-2025","17":"first","18":"instock","19":"sale","20":"taxable","21":"shipping-taxable","22":"purchasable","23":"product-type-variable"},"acf":[],"yoast_head":"<!-- This site is optimized with the Yoast SEO plugin v27.4 - https:\/\/yoast.com\/product\/yoast-seo-wordpress\/ -->\n<title>Brett Superfly Board 4&#039;2 - 5&#039;3 - Elite-Reihe - SROKA Company<\/title>\n<meta name=\"description\" content=\"Entdecke die Superfly-Boards der Elite-Reihe. Ein High-End-Board, das perfekt f\u00fcr das Surf foil Windsurfen und Wingfoil. Von 4&#039;2 bis 5&#039;3\" \/>\n<meta name=\"robots\" content=\"index, follow, max-snippet:-1, max-image-preview:large, max-video-preview:-1\" \/>\n<link rel=\"canonical\" href=\"https:\/\/srokacompany.com\/de\/produkt\/superfly-board-42-53-elite-reihe\/\" \/>\n<meta property=\"og:locale\" content=\"de_DE\" \/>\n<meta property=\"og:type\" content=\"article\" \/>\n<meta property=\"og:title\" content=\"Brett Superfly Board 4&#039;2 - 5&#039;3 - Elite-Reihe - SROKA Company\" \/>\n<meta property=\"og:description\" content=\"Entdecke die Superfly-Boards der Elite-Reihe. Ein High-End-Board, das perfekt f\u00fcr das Surf foil Windsurfen und Wingfoil. Von 4&#039;2 bis 5&#039;3\" \/>\n<meta property=\"og:url\" content=\"https:\/\/srokacompany.com\/de\/produkt\/superfly-board-42-53-elite-reihe\/\" \/>\n<meta property=\"og:site_name\" content=\"SROKA Company\" \/>\n<meta property=\"article:publisher\" content=\"https:\/\/www.facebook.com\/srokawatersports\/\" \/>\n<meta property=\"article:modified_time\" content=\"2025-12-03T18:36:42+00:00\" \/>\n<meta property=\"og:image\" content=\"https:\/\/srokacompany.com\/wp-content\/uploads\/2023\/06\/Artboard-Copy-11-1-1024x960.png\" \/>\n\t<meta property=\"og:image:width\" content=\"1024\" \/>\n\t<meta property=\"og:image:height\" content=\"960\" \/>\n\t<meta property=\"og:image:type\" content=\"image\/png\" \/>\n<meta name=\"twitter:label1\" content=\"Gesch\u00e4tzte Lesezeit\" \/>\n\t<meta name=\"twitter:data1\" content=\"2\u00a0Minuten\" \/>\n<script type=\"application\/ld+json\" class=\"yoast-schema-graph\">{\"@context\":\"https:\\\/\\\/schema.org\",\"@graph\":[{\"@type\":\"WebPage\",\"@id\":\"https:\\\/\\\/srokacompany.com\\\/de\\\/produkt\\\/superfly-board-42-53-elite-reihe\\\/\",\"url\":\"https:\\\/\\\/srokacompany.com\\\/de\\\/produkt\\\/superfly-board-42-53-elite-reihe\\\/\",\"name\":\"Brett Superfly Board 4'2 - 5'3 - Elite-Reihe - SROKA Company\",\"isPartOf\":{\"@id\":\"https:\\\/\\\/srokacompany.com\\\/de\\\/#website\"},\"primaryImageOfPage\":{\"@id\":\"https:\\\/\\\/srokacompany.com\\\/de\\\/produkt\\\/superfly-board-42-53-elite-reihe\\\/#primaryimage\"},\"image\":{\"@id\":\"https:\\\/\\\/srokacompany.com\\\/de\\\/produkt\\\/superfly-board-42-53-elite-reihe\\\/#primaryimage\"},\"thumbnailUrl\":\"https:\\\/\\\/srokacompany.com\\\/wp-content\\\/uploads\\\/2023\\\/06\\\/Artboard-Copy-11-1.png\",\"datePublished\":\"2025-02-01T10:29:56+00:00\",\"dateModified\":\"2025-12-03T18:36:42+00:00\",\"description\":\"Entdecke die Superfly-Boards der Elite-Reihe. Ein High-End-Board, das perfekt f\u00fcr das Surf foil Windsurfen und Wingfoil. Von 4'2 bis 5'3\",\"breadcrumb\":{\"@id\":\"https:\\\/\\\/srokacompany.com\\\/de\\\/produkt\\\/superfly-board-42-53-elite-reihe\\\/#breadcrumb\"},\"inLanguage\":\"de\",\"potentialAction\":[{\"@type\":\"ReadAction\",\"target\":[\"https:\\\/\\\/srokacompany.com\\\/de\\\/produkt\\\/superfly-board-42-53-elite-reihe\\\/\"]}]},{\"@type\":\"ImageObject\",\"inLanguage\":\"de\",\"@id\":\"https:\\\/\\\/srokacompany.com\\\/de\\\/produkt\\\/superfly-board-42-53-elite-reihe\\\/#primaryimage\",\"url\":\"https:\\\/\\\/srokacompany.com\\\/wp-content\\\/uploads\\\/2023\\\/06\\\/Artboard-Copy-11-1.png\",\"contentUrl\":\"https:\\\/\\\/srokacompany.com\\\/wp-content\\\/uploads\\\/2023\\\/06\\\/Artboard-Copy-11-1.png\",\"width\":1980,\"height\":1857},{\"@type\":\"BreadcrumbList\",\"@id\":\"https:\\\/\\\/srokacompany.com\\\/de\\\/produkt\\\/superfly-board-42-53-elite-reihe\\\/#breadcrumb\",\"itemListElement\":[{\"@type\":\"ListItem\",\"position\":1,\"name\":\"Accueil\",\"item\":\"https:\\\/\\\/srokacompany.com\\\/de\\\/\"},{\"@type\":\"ListItem\",\"position\":2,\"name\":\"Laden\",\"item\":\"https:\\\/\\\/srokacompany.com\\\/laden\\\/\"},{\"@type\":\"ListItem\",\"position\":3,\"name\":\"Superfly Board 4&rsquo;2 &#8211; 5&rsquo;3 &#8211; Elite-Reihe\"}]},{\"@type\":\"WebSite\",\"@id\":\"https:\\\/\\\/srokacompany.com\\\/de\\\/#website\",\"url\":\"https:\\\/\\\/srokacompany.com\\\/de\\\/\",\"name\":\"SROKA Company\",\"description\":\"SUP, Kite, Foil, Wing\",\"publisher\":{\"@id\":\"https:\\\/\\\/srokacompany.com\\\/de\\\/#organization\"},\"potentialAction\":[{\"@type\":\"SearchAction\",\"target\":{\"@type\":\"EntryPoint\",\"urlTemplate\":\"https:\\\/\\\/srokacompany.com\\\/de\\\/?s={search_term_string}\"},\"query-input\":{\"@type\":\"PropertyValueSpecification\",\"valueRequired\":true,\"valueName\":\"search_term_string\"}}],\"inLanguage\":\"de\"},{\"@type\":\"Organization\",\"@id\":\"https:\\\/\\\/srokacompany.com\\\/de\\\/#organization\",\"name\":\"SROKACOMPANY\",\"alternateName\":\"SROKA\",\"url\":\"https:\\\/\\\/srokacompany.com\\\/de\\\/\",\"logo\":{\"@type\":\"ImageObject\",\"inLanguage\":\"de\",\"@id\":\"https:\\\/\\\/srokacompany.com\\\/de\\\/#\\\/schema\\\/logo\\\/image\\\/\",\"url\":\"https:\\\/\\\/srokacompany.com\\\/wp-content\\\/uploads\\\/2021\\\/01\\\/logo-sroka-black-transpa.png\",\"contentUrl\":\"https:\\\/\\\/srokacompany.com\\\/wp-content\\\/uploads\\\/2021\\\/01\\\/logo-sroka-black-transpa.png\",\"width\":1201,\"height\":342,\"caption\":\"SROKACOMPANY\"},\"image\":{\"@id\":\"https:\\\/\\\/srokacompany.com\\\/de\\\/#\\\/schema\\\/logo\\\/image\\\/\"},\"sameAs\":[\"https:\\\/\\\/www.facebook.com\\\/srokawatersports\\\/\",\"https:\\\/\\\/www.instagram.com\\\/srokawatersports\\\/\",\"https:\\\/\\\/www.youtube.com\\\/channel\\\/UCVLHHeaPIm-J5bdEUgxqtZA\"]}]}<\/script>\n<!-- \/ Yoast SEO plugin. -->","yoast_head_json":{"title":"Brett Superfly Board 4'2 - 5'3 - Elite-Reihe - SROKA Company","description":"Entdecke die Superfly-Boards der Elite-Reihe. Ein High-End-Board, das perfekt f\u00fcr das Surf foil Windsurfen und Wingfoil. Von 4'2 bis 5'3","robots":{"index":"index","follow":"follow","max-snippet":"max-snippet:-1","max-image-preview":"max-image-preview:large","max-video-preview":"max-video-preview:-1"},"canonical":"https:\/\/srokacompany.com\/de\/produkt\/superfly-board-42-53-elite-reihe\/","og_locale":"de_DE","og_type":"article","og_title":"Brett Superfly Board 4'2 - 5'3 - Elite-Reihe - SROKA Company","og_description":"Entdecke die Superfly-Boards der Elite-Reihe. Ein High-End-Board, das perfekt f\u00fcr das Surf foil Windsurfen und Wingfoil. Von 4'2 bis 5'3","og_url":"https:\/\/srokacompany.com\/de\/produkt\/superfly-board-42-53-elite-reihe\/","og_site_name":"SROKA Company","article_publisher":"https:\/\/www.facebook.com\/srokawatersports\/","article_modified_time":"2025-12-03T18:36:42+00:00","og_image":[{"width":1024,"height":960,"url":"https:\/\/srokacompany.com\/wp-content\/uploads\/2023\/06\/Artboard-Copy-11-1-1024x960.png","type":"image\/png"}],"twitter_misc":{"Gesch\u00e4tzte Lesezeit":"2\u00a0Minuten"},"schema":{"@context":"https:\/\/schema.org","@graph":[{"@type":"WebPage","@id":"https:\/\/srokacompany.com\/de\/produkt\/superfly-board-42-53-elite-reihe\/","url":"https:\/\/srokacompany.com\/de\/produkt\/superfly-board-42-53-elite-reihe\/","name":"Brett Superfly Board 4'2 - 5'3 - Elite-Reihe - SROKA Company","isPartOf":{"@id":"https:\/\/srokacompany.com\/de\/#website"},"primaryImageOfPage":{"@id":"https:\/\/srokacompany.com\/de\/produkt\/superfly-board-42-53-elite-reihe\/#primaryimage"},"image":{"@id":"https:\/\/srokacompany.com\/de\/produkt\/superfly-board-42-53-elite-reihe\/#primaryimage"},"thumbnailUrl":"https:\/\/srokacompany.com\/wp-content\/uploads\/2023\/06\/Artboard-Copy-11-1.png","datePublished":"2025-02-01T10:29:56+00:00","dateModified":"2025-12-03T18:36:42+00:00","description":"Entdecke die Superfly-Boards der Elite-Reihe. Ein High-End-Board, das perfekt f\u00fcr das Surf foil Windsurfen und Wingfoil. Von 4'2 bis 5'3","breadcrumb":{"@id":"https:\/\/srokacompany.com\/de\/produkt\/superfly-board-42-53-elite-reihe\/#breadcrumb"},"inLanguage":"de","potentialAction":[{"@type":"ReadAction","target":["https:\/\/srokacompany.com\/de\/produkt\/superfly-board-42-53-elite-reihe\/"]}]},{"@type":"ImageObject","inLanguage":"de","@id":"https:\/\/srokacompany.com\/de\/produkt\/superfly-board-42-53-elite-reihe\/#primaryimage","url":"https:\/\/srokacompany.com\/wp-content\/uploads\/2023\/06\/Artboard-Copy-11-1.png","contentUrl":"https:\/\/srokacompany.com\/wp-content\/uploads\/2023\/06\/Artboard-Copy-11-1.png","width":1980,"height":1857},{"@type":"BreadcrumbList","@id":"https:\/\/srokacompany.com\/de\/produkt\/superfly-board-42-53-elite-reihe\/#breadcrumb","itemListElement":[{"@type":"ListItem","position":1,"name":"Accueil","item":"https:\/\/srokacompany.com\/de\/"},{"@type":"ListItem","position":2,"name":"Laden","item":"https:\/\/srokacompany.com\/laden\/"},{"@type":"ListItem","position":3,"name":"Superfly Board 4&rsquo;2 &#8211; 5&rsquo;3 &#8211; Elite-Reihe"}]},{"@type":"WebSite","@id":"https:\/\/srokacompany.com\/de\/#website","url":"https:\/\/srokacompany.com\/de\/","name":"SROKA Company","description":"SUP, Kite, Foil, Wing","publisher":{"@id":"https:\/\/srokacompany.com\/de\/#organization"},"potentialAction":[{"@type":"SearchAction","target":{"@type":"EntryPoint","urlTemplate":"https:\/\/srokacompany.com\/de\/?s={search_term_string}"},"query-input":{"@type":"PropertyValueSpecification","valueRequired":true,"valueName":"search_term_string"}}],"inLanguage":"de"},{"@type":"Organization","@id":"https:\/\/srokacompany.com\/de\/#organization","name":"SROKACOMPANY","alternateName":"SROKA","url":"https:\/\/srokacompany.com\/de\/","logo":{"@type":"ImageObject","inLanguage":"de","@id":"https:\/\/srokacompany.com\/de\/#\/schema\/logo\/image\/","url":"https:\/\/srokacompany.com\/wp-content\/uploads\/2021\/01\/logo-sroka-black-transpa.png","contentUrl":"https:\/\/srokacompany.com\/wp-content\/uploads\/2021\/01\/logo-sroka-black-transpa.png","width":1201,"height":342,"caption":"SROKACOMPANY"},"image":{"@id":"https:\/\/srokacompany.com\/de\/#\/schema\/logo\/image\/"},"sameAs":["https:\/\/www.facebook.com\/srokawatersports\/","https:\/\/www.instagram.com\/srokawatersports\/","https:\/\/www.youtube.com\/channel\/UCVLHHeaPIm-J5bdEUgxqtZA"]}]}},"uagb_featured_image_src":{"full":["https:\/\/srokacompany.com\/wp-content\/uploads\/2023\/06\/Artboard-Copy-11-1.png",1980,1857,false],"thumbnail":["https:\/\/srokacompany.com\/wp-content\/uploads\/2023\/06\/Artboard-Copy-11-1-150x150.png",150,150,true],"medium":["https:\/\/srokacompany.com\/wp-content\/uploads\/2023\/06\/Artboard-Copy-11-1-300x281.png",300,281,true],"medium_large":["https:\/\/srokacompany.com\/wp-content\/uploads\/2023\/06\/Artboard-Copy-11-1-768x720.png",768,720,true],"large":["https:\/\/srokacompany.com\/wp-content\/uploads\/2023\/06\/Artboard-Copy-11-1-1024x960.png",1024,960,true],"1536x1536":["https:\/\/srokacompany.com\/wp-content\/uploads\/2023\/06\/Artboard-Copy-11-1-1536x1441.png",1536,1441,true],"2048x2048":["https:\/\/srokacompany.com\/wp-content\/uploads\/2023\/06\/Artboard-Copy-11-1.png",1980,1857,false],"woocommerce_thumbnail":["https:\/\/srokacompany.com\/wp-content\/uploads\/2023\/06\/Artboard-Copy-11-1-600x563.png",600,563,true],"woocommerce_single":["https:\/\/srokacompany.com\/wp-content\/uploads\/2023\/06\/Artboard-Copy-11-1-600x563.png",600,563,true],"woocommerce_gallery_thumbnail":["https:\/\/srokacompany.com\/wp-content\/uploads\/2023\/06\/Artboard-Copy-11-1-100x100.png",100,100,true],"dgwt-wcas-product-suggestion":["https:\/\/srokacompany.com\/wp-content\/uploads\/2023\/06\/Artboard-Copy-11-1-64x60.png",64,60,true]},"uagb_author_info":{"display_name":"Emmanuel DIJOUX","author_link":"https:\/\/srokacompany.com\/de\/blog\/author\/"},"uagb_comment_info":0,"uagb_excerpt":"Das Superfly Elite ist das High-End Full Carbon Sandwich Board (4'2 bis 5'3) f\u00fcr Wingfoil. Es garantiert einen ultra-pr\u00e4zisen Start, extreme Steifigkeit und maximale Man\u00f6vrierf\u00e4higkeit. Die Referenz f\u00fcr anspruchsvolle Freeride- und Freestyle-Rider.","jetpack_sharing_enabled":true,"_links":{"self":[{"href":"https:\/\/srokacompany.com\/de\/wp-json\/wp\/v2\/product\/341075","targetHints":{"allow":["GET"]}}],"collection":[{"href":"https:\/\/srokacompany.com\/de\/wp-json\/wp\/v2\/product"}],"about":[{"href":"https:\/\/srokacompany.com\/de\/wp-json\/wp\/v2\/types\/product"}],"wp:featuredmedia":[{"embeddable":true,"href":"https:\/\/srokacompany.com\/de\/wp-json\/wp\/v2\/media\/341080"}],"wp:attachment":[{"href":"https:\/\/srokacompany.com\/de\/wp-json\/wp\/v2\/media?parent=341075"}],"wp:term":[{"taxonomy":"product_brand","embeddable":true,"href":"https:\/\/srokacompany.com\/de\/wp-json\/wp\/v2\/product_brand?post=341075"},{"taxonomy":"product_cat","embeddable":true,"href":"https:\/\/srokacompany.com\/de\/wp-json\/wp\/v2\/product_cat?post=341075"},{"taxonomy":"product_tag","embeddable":true,"href":"https:\/\/srokacompany.com\/de\/wp-json\/wp\/v2\/product_tag?post=341075"}],"curies":[{"name":"wp","href":"https:\/\/api.w.org\/{rel}","templated":true}]}}