{"id":341142,"date":"2025-02-25T16:21:23","date_gmt":"2025-02-25T16:21:23","guid":{"rendered":"https:\/\/srokacompany.com\/produit\/vorderer-fluegel-von-foil-1550-uha\/"},"modified":"2025-11-25T10:50:37","modified_gmt":"2025-11-25T08:50:37","slug":"vorderer-fluegel-von-foil-1550-uha","status":"publish","type":"product","link":"https:\/\/srokacompany.com\/de\/produkt\/vorderer-fluegel-von-foil-1550-uha\/","title":{"rendered":"Vorderer Fl\u00fcgel von foil 1550 UHA"},"content":{"rendered":"<h2 class=\"p1\">1550 UHA Light wind<\/h2>\n<p class=\"p1\">Gleiten wie ein Vogel<span class=\"Apple-converted-space\">  <\/span>streift den Kamm der Wellen<span class=\"Apple-converted-space\">  <\/span>bei voller<span class=\"Apple-converted-space\">  <\/span>Geschwindigkeit<span class=\"Apple-converted-space\">  <\/span>indem Sie m\u00fchelos die Wellenz\u00fcge hinabsteigen. Mit unserer UHA-Reihe wird das Wirklichkeit: Ultra High Aspect Ratio. Diese Serie mit einer hohen Spannweite erm\u00f6glicht es dir, fast ohne Wind und Wellen zu foilen, indem du die gesamte Energie, die du zum Foilen brauchst, aus der Welle ziehst. Wenn du nach einem Kite suchst, mit dem du schnell downwinden oder mit einem Wing downwinden kannst, dann sind die UHA-Kites genau das Richtige f\u00fcr dich und sie werden dich mit ihrer Leichtigkeit und Leistung \u00fcberraschen. Diese Serie besteht aus 4 Gr\u00f6\u00dfen: 800 UHA (800 cm2), 930 UHA (930 cm2), 1100 UHA (1100 cm2), 1260 UHA (1260 cm2). Dieses Sortiment ist perfekt f\u00fcr die LW-, DW- und Superfly-Pflanzensortimente geeignet.     <\/p>\n<p class=\"p3\">Nach dem Erfolg der HA Speed-Reihe haben wir uns entschieden, das gleiche Profil zu verwenden, um den gleichen sanften Start zu erm\u00f6glichen, aber mit einer beeindruckenden Geschwindigkeitsleistung. Es gibt keine Entt\u00e4uschung mit dieser UHA-Reihe: Geschwindigkeit, Glide und Man\u00f6vrierf\u00e4higkeit sind die drei Worte, die diese neue Reihe am besten charakterisieren. <\/p>\n<p class=\"p1\"><strong>Der 1550 UHA Light Wind <\/strong> wurde speziell f\u00fcr den Downwind entwickelt und bietet ungeahnte M\u00f6glichkeiten, bei sehr wenig Wellengang und\/oder Wind zu fliegen. Mit einer Fl\u00fcgelspannweite von fast 1200 cm bietet er Ihnen unter allen Bedingungen eine unendliche F\u00fchrungskapazit\u00e4t.<\/p>\n<hr>\n<p class=\"p1\">Wenn du bei sehr leichtem Wind mit einem Middle-Lenght-Board im Wingfoil foilen oder bei sommerlichen Leichtwindbedingungen Downwind fahren m\u00f6chtest. Dann ist die UHA-Reihe die richtige Wahl. Mit dieser Serie, die \u00fcber eine gro\u00dfe Spannweite verf\u00fcgt, kannst du fast ohne Wind und Wellengang foilen, indem du die gesamte Energie, die in den Wellen vorhanden ist, zum Fliegen nutzt.  <\/p>\n<p class=\"p2\">Wenn du einen Kite suchst, mit dem du schnell Foiler surfen kannst,<span class=\"Apple-converted-space\">  <\/span>einen Downwind ohne Kopfzerbrechen machen kannst oder Wingfoil als Freefly oder Freeride praktizieren kannst, der aber einen gro\u00dfen Einsatzbereich hat, dann wurden die UHA-Kites f\u00fcr dich entwickelt und werden dich mit ihrer Benutzerfreundlichkeit und ihrer Leistung \u00fcberraschen. <b>Diese Produktreihe besteht aus 6 Gr\u00f6\u00dfen: 700 UHA ( 700 cm\u00b2), 800 UHA (800 cm\u00b2), 930 UHA (930 cm\u00b2), 1100 UHA (1100 cm\u00b2) und 1260 UHA (1260 cm\u00b2) und schlie\u00dflich dieser 1550 UHA ( 1550 cm\u00b2).<\/b><\/p>\n<p class=\"p2\">Perfekt geeignet f\u00fcr die Brettserien LW und DW.<\/p>\n<p class=\"p2\">Warum das Profil wechseln, wenn unser Profil so gut funktioniert? Wir haben das gleiche Profil wie bei der HA-Reihe beibehalten, was uns eine ausgezeichnete niedrige Geschwindigkeit und hohe Durchschnittsgeschwindigkeiten garantiert. Es ist unm\u00f6glich, von der UHA-Reihe entt\u00e4uscht zu werden: Geschwindigkeit, Gleitf\u00e4higkeit und Man\u00f6vrierf\u00e4higkeit sind die drei Worte, die sie am besten charakterisieren.  <\/p>\n<p class=\"p2\">Der 1550 UHA wurde als Antwort auf sehr leichten Wind beim Wingfoil entwickelt, insbesondere f\u00fcr diejenigen, die in sehr unregelm\u00e4\u00dfigen Winden segeln. Seine F\u00e4higkeit, bei sehr wenig Wind zu fliegen, wird dich \u00fcberraschen. Er ist ein Renntier f\u00fcr sommerliche Lights-On-Bedingungen oder f\u00fcr den See. Auf Downwind, werden Sie von seiner Leichtigkeit begeistert sein, sich in die Luft zu katapultieren und Ihnen zu helfen, bei sehr wenig Wellengang zu fliegen. Mit einer Spannweite von 1305 mm wird er dir helfen, bei sehr wenigen Wind- oder Wellenbedingungen zu fliegen.    <\/p>\n","protected":false},"excerpt":{"rendered":"<p><b>Fl\u00fcgel 1550 UHA Light wind:<\/b> Der ultimative Gleiter f\u00fcr Leichtwind. Beherrsche den <b>Wingfoil<\/b> (Light Wind), optimiere das <b>Pumping Foil<\/b> (Dockstart best\u00e4tigt) und \u00fcbertreffe dich im <b>Downwind<\/b>. Beeindruckendes Gleiten f\u00fcr Hochleistung, ideal auch f\u00fcr <b>Parawing<\/b>.  <\/p>\n","protected":false},"featured_media":340808,"template":"","meta":{"_acf_changed":false,"_uag_custom_page_level_css":""},"product_brand":[],"product_cat":[3454,3456,3458,3457,3440,3453],"product_tag":[3459,3443,3442],"class_list":{"0":"post-341142","1":"product","2":"type-product","3":"status-publish","4":"has-post-thumbnail","6":"product_cat-alle-unsere-uha-flugel","7":"product_cat-dockstart-flugel","8":"product_cat-downwind-flugel","9":"product_cat-flugel-sup-foil","10":"product_cat-flugel-wing-foil","11":"product_cat-wing-foil-de","12":"product_tag-experte","13":"product_tag-fortgeschrittene","14":"product_tag-schlau","16":"first","17":"instock","18":"taxable","19":"shipping-taxable","20":"purchasable","21":"product-type-simple"},"acf":[],"yoast_head":"<!-- This site is optimized with the Yoast SEO plugin v27.4 - https:\/\/yoast.com\/product\/yoast-seo-wordpress\/ -->\n<title>Vorderer Fl\u00fcgel von foil 1550 UHA - SROKA Company<\/title>\n<meta name=\"description\" content=\"Der 1550 UHA ist f\u00fcr all jene gedacht, die ihre Lightwind-Sessions mit Wing, Downwind oder Dockstart optimieren wollen.\" \/>\n<meta name=\"robots\" content=\"index, follow, max-snippet:-1, max-image-preview:large, max-video-preview:-1\" \/>\n<link rel=\"canonical\" href=\"https:\/\/srokacompany.com\/de\/produkt\/vorderer-fluegel-von-foil-1550-uha\/\" \/>\n<meta property=\"og:locale\" content=\"de_DE\" \/>\n<meta property=\"og:type\" content=\"article\" \/>\n<meta property=\"og:title\" content=\"Vorderer Fl\u00fcgel von foil 1550 UHA - SROKA Company\" \/>\n<meta property=\"og:description\" content=\"Der 1550 UHA ist f\u00fcr all jene gedacht, die ihre Lightwind-Sessions mit Wing, Downwind oder Dockstart optimieren wollen.\" \/>\n<meta property=\"og:url\" content=\"https:\/\/srokacompany.com\/de\/produkt\/vorderer-fluegel-von-foil-1550-uha\/\" \/>\n<meta property=\"og:site_name\" content=\"SROKA Company\" \/>\n<meta property=\"article:publisher\" content=\"https:\/\/www.facebook.com\/srokawatersports\/\" \/>\n<meta property=\"article:modified_time\" content=\"2025-11-25T08:50:37+00:00\" \/>\n<meta property=\"og:image\" content=\"https:\/\/srokacompany.com\/wp-content\/uploads\/2024\/06\/1260.208.jpg\" \/>\n\t<meta property=\"og:image:width\" content=\"2560\" \/>\n\t<meta property=\"og:image:height\" content=\"1920\" \/>\n\t<meta property=\"og:image:type\" content=\"image\/jpeg\" \/>\n<meta name=\"twitter:label1\" content=\"Gesch\u00e4tzte Lesezeit\" \/>\n\t<meta name=\"twitter:data1\" content=\"3\u00a0Minuten\" \/>\n<script type=\"application\/ld+json\" class=\"yoast-schema-graph\">{\"@context\":\"https:\\\/\\\/schema.org\",\"@graph\":[{\"@type\":\"WebPage\",\"@id\":\"https:\\\/\\\/srokacompany.com\\\/de\\\/produkt\\\/vorderer-fluegel-von-foil-1550-uha\\\/\",\"url\":\"https:\\\/\\\/srokacompany.com\\\/de\\\/produkt\\\/vorderer-fluegel-von-foil-1550-uha\\\/\",\"name\":\"Vorderer Fl\u00fcgel von foil 1550 UHA - SROKA Company\",\"isPartOf\":{\"@id\":\"https:\\\/\\\/srokacompany.com\\\/de\\\/#website\"},\"primaryImageOfPage\":{\"@id\":\"https:\\\/\\\/srokacompany.com\\\/de\\\/produkt\\\/vorderer-fluegel-von-foil-1550-uha\\\/#primaryimage\"},\"image\":{\"@id\":\"https:\\\/\\\/srokacompany.com\\\/de\\\/produkt\\\/vorderer-fluegel-von-foil-1550-uha\\\/#primaryimage\"},\"thumbnailUrl\":\"https:\\\/\\\/srokacompany.com\\\/wp-content\\\/uploads\\\/2024\\\/06\\\/1260.208.jpg\",\"datePublished\":\"2025-02-25T16:21:23+00:00\",\"dateModified\":\"2025-11-25T08:50:37+00:00\",\"description\":\"Der 1550 UHA ist f\u00fcr all jene gedacht, die ihre Lightwind-Sessions mit Wing, Downwind oder Dockstart optimieren wollen.\",\"breadcrumb\":{\"@id\":\"https:\\\/\\\/srokacompany.com\\\/de\\\/produkt\\\/vorderer-fluegel-von-foil-1550-uha\\\/#breadcrumb\"},\"inLanguage\":\"de\",\"potentialAction\":[{\"@type\":\"ReadAction\",\"target\":[\"https:\\\/\\\/srokacompany.com\\\/de\\\/produkt\\\/vorderer-fluegel-von-foil-1550-uha\\\/\"]}]},{\"@type\":\"ImageObject\",\"inLanguage\":\"de\",\"@id\":\"https:\\\/\\\/srokacompany.com\\\/de\\\/produkt\\\/vorderer-fluegel-von-foil-1550-uha\\\/#primaryimage\",\"url\":\"https:\\\/\\\/srokacompany.com\\\/wp-content\\\/uploads\\\/2024\\\/06\\\/1260.208.jpg\",\"contentUrl\":\"https:\\\/\\\/srokacompany.com\\\/wp-content\\\/uploads\\\/2024\\\/06\\\/1260.208.jpg\",\"width\":2560,\"height\":1920,\"caption\":\"Vorderer Fl\u00fcgel downwind UHA 1260\"},{\"@type\":\"BreadcrumbList\",\"@id\":\"https:\\\/\\\/srokacompany.com\\\/de\\\/produkt\\\/vorderer-fluegel-von-foil-1550-uha\\\/#breadcrumb\",\"itemListElement\":[{\"@type\":\"ListItem\",\"position\":1,\"name\":\"Accueil\",\"item\":\"https:\\\/\\\/srokacompany.com\\\/de\\\/\"},{\"@type\":\"ListItem\",\"position\":2,\"name\":\"Laden\",\"item\":\"https:\\\/\\\/srokacompany.com\\\/laden\\\/\"},{\"@type\":\"ListItem\",\"position\":3,\"name\":\"Vorderer Fl\u00fcgel von foil 1550 UHA\"}]},{\"@type\":\"WebSite\",\"@id\":\"https:\\\/\\\/srokacompany.com\\\/de\\\/#website\",\"url\":\"https:\\\/\\\/srokacompany.com\\\/de\\\/\",\"name\":\"SROKA Company\",\"description\":\"SUP, Kite, Foil, Wing\",\"publisher\":{\"@id\":\"https:\\\/\\\/srokacompany.com\\\/de\\\/#organization\"},\"potentialAction\":[{\"@type\":\"SearchAction\",\"target\":{\"@type\":\"EntryPoint\",\"urlTemplate\":\"https:\\\/\\\/srokacompany.com\\\/de\\\/?s={search_term_string}\"},\"query-input\":{\"@type\":\"PropertyValueSpecification\",\"valueRequired\":true,\"valueName\":\"search_term_string\"}}],\"inLanguage\":\"de\"},{\"@type\":\"Organization\",\"@id\":\"https:\\\/\\\/srokacompany.com\\\/de\\\/#organization\",\"name\":\"SROKACOMPANY\",\"alternateName\":\"SROKA\",\"url\":\"https:\\\/\\\/srokacompany.com\\\/de\\\/\",\"logo\":{\"@type\":\"ImageObject\",\"inLanguage\":\"de\",\"@id\":\"https:\\\/\\\/srokacompany.com\\\/de\\\/#\\\/schema\\\/logo\\\/image\\\/\",\"url\":\"https:\\\/\\\/srokacompany.com\\\/wp-content\\\/uploads\\\/2021\\\/01\\\/logo-sroka-black-transpa.png\",\"contentUrl\":\"https:\\\/\\\/srokacompany.com\\\/wp-content\\\/uploads\\\/2021\\\/01\\\/logo-sroka-black-transpa.png\",\"width\":1201,\"height\":342,\"caption\":\"SROKACOMPANY\"},\"image\":{\"@id\":\"https:\\\/\\\/srokacompany.com\\\/de\\\/#\\\/schema\\\/logo\\\/image\\\/\"},\"sameAs\":[\"https:\\\/\\\/www.facebook.com\\\/srokawatersports\\\/\",\"https:\\\/\\\/www.instagram.com\\\/srokawatersports\\\/\",\"https:\\\/\\\/www.youtube.com\\\/channel\\\/UCVLHHeaPIm-J5bdEUgxqtZA\"]}]}<\/script>\n<!-- \/ Yoast SEO plugin. -->","yoast_head_json":{"title":"Vorderer Fl\u00fcgel von foil 1550 UHA - SROKA Company","description":"Der 1550 UHA ist f\u00fcr all jene gedacht, die ihre Lightwind-Sessions mit Wing, Downwind oder Dockstart optimieren wollen.","robots":{"index":"index","follow":"follow","max-snippet":"max-snippet:-1","max-image-preview":"max-image-preview:large","max-video-preview":"max-video-preview:-1"},"canonical":"https:\/\/srokacompany.com\/de\/produkt\/vorderer-fluegel-von-foil-1550-uha\/","og_locale":"de_DE","og_type":"article","og_title":"Vorderer Fl\u00fcgel von foil 1550 UHA - SROKA Company","og_description":"Der 1550 UHA ist f\u00fcr all jene gedacht, die ihre Lightwind-Sessions mit Wing, Downwind oder Dockstart optimieren wollen.","og_url":"https:\/\/srokacompany.com\/de\/produkt\/vorderer-fluegel-von-foil-1550-uha\/","og_site_name":"SROKA Company","article_publisher":"https:\/\/www.facebook.com\/srokawatersports\/","article_modified_time":"2025-11-25T08:50:37+00:00","og_image":[{"width":2560,"height":1920,"url":"https:\/\/srokacompany.com\/wp-content\/uploads\/2024\/06\/1260.208.jpg","type":"image\/jpeg"}],"twitter_misc":{"Gesch\u00e4tzte Lesezeit":"3\u00a0Minuten"},"schema":{"@context":"https:\/\/schema.org","@graph":[{"@type":"WebPage","@id":"https:\/\/srokacompany.com\/de\/produkt\/vorderer-fluegel-von-foil-1550-uha\/","url":"https:\/\/srokacompany.com\/de\/produkt\/vorderer-fluegel-von-foil-1550-uha\/","name":"Vorderer Fl\u00fcgel von foil 1550 UHA - SROKA Company","isPartOf":{"@id":"https:\/\/srokacompany.com\/de\/#website"},"primaryImageOfPage":{"@id":"https:\/\/srokacompany.com\/de\/produkt\/vorderer-fluegel-von-foil-1550-uha\/#primaryimage"},"image":{"@id":"https:\/\/srokacompany.com\/de\/produkt\/vorderer-fluegel-von-foil-1550-uha\/#primaryimage"},"thumbnailUrl":"https:\/\/srokacompany.com\/wp-content\/uploads\/2024\/06\/1260.208.jpg","datePublished":"2025-02-25T16:21:23+00:00","dateModified":"2025-11-25T08:50:37+00:00","description":"Der 1550 UHA ist f\u00fcr all jene gedacht, die ihre Lightwind-Sessions mit Wing, Downwind oder Dockstart optimieren wollen.","breadcrumb":{"@id":"https:\/\/srokacompany.com\/de\/produkt\/vorderer-fluegel-von-foil-1550-uha\/#breadcrumb"},"inLanguage":"de","potentialAction":[{"@type":"ReadAction","target":["https:\/\/srokacompany.com\/de\/produkt\/vorderer-fluegel-von-foil-1550-uha\/"]}]},{"@type":"ImageObject","inLanguage":"de","@id":"https:\/\/srokacompany.com\/de\/produkt\/vorderer-fluegel-von-foil-1550-uha\/#primaryimage","url":"https:\/\/srokacompany.com\/wp-content\/uploads\/2024\/06\/1260.208.jpg","contentUrl":"https:\/\/srokacompany.com\/wp-content\/uploads\/2024\/06\/1260.208.jpg","width":2560,"height":1920,"caption":"Vorderer Fl\u00fcgel downwind UHA 1260"},{"@type":"BreadcrumbList","@id":"https:\/\/srokacompany.com\/de\/produkt\/vorderer-fluegel-von-foil-1550-uha\/#breadcrumb","itemListElement":[{"@type":"ListItem","position":1,"name":"Accueil","item":"https:\/\/srokacompany.com\/de\/"},{"@type":"ListItem","position":2,"name":"Laden","item":"https:\/\/srokacompany.com\/laden\/"},{"@type":"ListItem","position":3,"name":"Vorderer Fl\u00fcgel von foil 1550 UHA"}]},{"@type":"WebSite","@id":"https:\/\/srokacompany.com\/de\/#website","url":"https:\/\/srokacompany.com\/de\/","name":"SROKA Company","description":"SUP, Kite, Foil, Wing","publisher":{"@id":"https:\/\/srokacompany.com\/de\/#organization"},"potentialAction":[{"@type":"SearchAction","target":{"@type":"EntryPoint","urlTemplate":"https:\/\/srokacompany.com\/de\/?s={search_term_string}"},"query-input":{"@type":"PropertyValueSpecification","valueRequired":true,"valueName":"search_term_string"}}],"inLanguage":"de"},{"@type":"Organization","@id":"https:\/\/srokacompany.com\/de\/#organization","name":"SROKACOMPANY","alternateName":"SROKA","url":"https:\/\/srokacompany.com\/de\/","logo":{"@type":"ImageObject","inLanguage":"de","@id":"https:\/\/srokacompany.com\/de\/#\/schema\/logo\/image\/","url":"https:\/\/srokacompany.com\/wp-content\/uploads\/2021\/01\/logo-sroka-black-transpa.png","contentUrl":"https:\/\/srokacompany.com\/wp-content\/uploads\/2021\/01\/logo-sroka-black-transpa.png","width":1201,"height":342,"caption":"SROKACOMPANY"},"image":{"@id":"https:\/\/srokacompany.com\/de\/#\/schema\/logo\/image\/"},"sameAs":["https:\/\/www.facebook.com\/srokawatersports\/","https:\/\/www.instagram.com\/srokawatersports\/","https:\/\/www.youtube.com\/channel\/UCVLHHeaPIm-J5bdEUgxqtZA"]}]}},"uagb_featured_image_src":{"full":["https:\/\/srokacompany.com\/wp-content\/uploads\/2024\/06\/1260.208.jpg",2560,1920,false],"thumbnail":["https:\/\/srokacompany.com\/wp-content\/uploads\/2024\/06\/1260.208-150x150.jpg",150,150,true],"medium":["https:\/\/srokacompany.com\/wp-content\/uploads\/2024\/06\/1260.208-300x225.jpg",300,225,true],"medium_large":["https:\/\/srokacompany.com\/wp-content\/uploads\/2024\/06\/1260.208-768x576.jpg",768,576,true],"large":["https:\/\/srokacompany.com\/wp-content\/uploads\/2024\/06\/1260.208-1024x768.jpg",1024,768,true],"1536x1536":["https:\/\/srokacompany.com\/wp-content\/uploads\/2024\/06\/1260.208-1536x1152.jpg",1536,1152,true],"2048x2048":["https:\/\/srokacompany.com\/wp-content\/uploads\/2024\/06\/1260.208-2048x1536.jpg",2048,1536,true],"woocommerce_thumbnail":["https:\/\/srokacompany.com\/wp-content\/uploads\/2024\/06\/1260.208-600x450.jpg",600,450,true],"woocommerce_single":["https:\/\/srokacompany.com\/wp-content\/uploads\/2024\/06\/1260.208-600x450.jpg",600,450,true],"woocommerce_gallery_thumbnail":["https:\/\/srokacompany.com\/wp-content\/uploads\/2024\/06\/1260.208-100x100.jpg",100,100,true],"dgwt-wcas-product-suggestion":["https:\/\/srokacompany.com\/wp-content\/uploads\/2024\/06\/1260.208.jpg",64,48,false]},"uagb_author_info":{"display_name":"Emmanuel DIJOUX","author_link":"https:\/\/srokacompany.com\/de\/blog\/author\/"},"uagb_comment_info":0,"uagb_excerpt":"Fl\u00fcgel 1550 UHA Light wind: Der ultimative Gleiter f\u00fcr Leichtwind. Beherrsche den Wingfoil (Light Wind), optimiere das Pumping Foil (Dockstart best\u00e4tigt) und \u00fcbertreffe dich im Downwind. Beeindruckendes Gleiten f\u00fcr Hochleistung, ideal auch f\u00fcr Parawing.","jetpack_sharing_enabled":true,"_links":{"self":[{"href":"https:\/\/srokacompany.com\/de\/wp-json\/wp\/v2\/product\/341142","targetHints":{"allow":["GET"]}}],"collection":[{"href":"https:\/\/srokacompany.com\/de\/wp-json\/wp\/v2\/product"}],"about":[{"href":"https:\/\/srokacompany.com\/de\/wp-json\/wp\/v2\/types\/product"}],"wp:featuredmedia":[{"embeddable":true,"href":"https:\/\/srokacompany.com\/de\/wp-json\/wp\/v2\/media\/340808"}],"wp:attachment":[{"href":"https:\/\/srokacompany.com\/de\/wp-json\/wp\/v2\/media?parent=341142"}],"wp:term":[{"taxonomy":"product_brand","embeddable":true,"href":"https:\/\/srokacompany.com\/de\/wp-json\/wp\/v2\/product_brand?post=341142"},{"taxonomy":"product_cat","embeddable":true,"href":"https:\/\/srokacompany.com\/de\/wp-json\/wp\/v2\/product_cat?post=341142"},{"taxonomy":"product_tag","embeddable":true,"href":"https:\/\/srokacompany.com\/de\/wp-json\/wp\/v2\/product_tag?post=341142"}],"curies":[{"name":"wp","href":"https:\/\/api.w.org\/{rel}","templated":true}]}}