{"id":341145,"date":"2025-03-27T10:28:31","date_gmt":"2025-03-27T10:28:31","guid":{"rendered":"https:\/\/srokacompany.com\/produit\/surffoil-brett-sw-elite-reihe\/"},"modified":"2025-12-03T20:38:37","modified_gmt":"2025-12-03T18:38:37","slug":"surffoil-brett-sw-elite-reihe","status":"publish","type":"product","link":"https:\/\/srokacompany.com\/de\/produkt\/surffoil-brett-sw-elite-reihe\/","title":{"rendered":"Surffoil-Brett SW &#8211; Elite-Reihe"},"content":{"rendered":"<p><span class=\"citation-20\">Das  <\/span><b><span class=\"citation-20\">Brett SROKA SW<\/span><\/b><span class=\"citation-20\">  der  <\/span><b><span class=\"citation-20\">Elite-Reihe<\/span><\/b><span class=\"citation-20\">  ist das Brett  <\/span><b><span class=\"citation-20\">High-End-Hybrid<\/span><\/b><span class=\"citation-20\">  entwickelt, um sich in zwei Disziplinen auszuzeichnen: dem  <\/span><b><span class=\"citation-20\">Surf foil (70%)<\/span><\/b><span class=\"citation-20\">  und der  <\/span><b><span class=\"citation-20\">Wingfoil (30%)<\/span><\/b><span class=\"citation-20 citation-end-20\">.<\/span> <span class=\"citation-19\">Gebaut in  <\/span><b><span class=\"citation-19\">Full Carbon Sandwich PVC<\/span><\/b><span class=\"citation-19\">Sie vereint  <\/span><b><span class=\"citation-19\">robust, reaktionsschnell und leicht<\/span><\/b><span class=\"citation-19 citation-end-19\">  f\u00fcr unvergessliche Sitzungen.<\/span><\/p>\n<p>&nbsp;<\/p>\n<h3>Shape Optimiert f\u00fcr die Welle<\/h3>\n<p>Das  <i>shape<\/i> der <b>SW<\/b> wurde entwickelt, um die Effizienz beim Rudern und die Kontrolle in Kurven zu maximieren: <\/p>\n<ul>\n<li><b><span class=\"citation-18\">Ultra-einfaches Ruder :<\/span><\/b><span class=\"citation-18\"> O-Ton <\/span><i><span class=\"citation-18\">Outline<\/span><\/i><span class=\"citation-18\"> etwas l\u00e4nger und der schmalere Kiel lassen das Wasser m\u00fchelos abflie\u00dfen und sorgen so f\u00fcr ein <\/span><b><span class=\"citation-18\">effizientes Rudern<\/span><\/b><span class=\"citation-18\"> um wieder zum <\/span><i><span class=\"citation-18\">peak<\/span><\/i><span class=\"citation-18 citation-end-18\"> mit weniger Anstrengung zu erreichen und die Wellen leicht zu nehmen.<\/span><\/li>\n<li><b>Take Off Instant :<\/b><span class=\"citation-17\">  Die  <\/span><i><span class=\"citation-17\">shape<\/span><\/i><span class=\"citation-17\">  von Typ  <\/span><i><span class=\"citation-17\">mid-length<\/span><\/i><span class=\"citation-17\">  (f\u00fcr die 5&#8217;6) kombiniert mit einem  <\/span><i><span class=\"citation-17\">Rocker<\/span><\/i><span class=\"citation-17\">  optimiert erleichtert die  <\/span><b><span class=\"citation-17\">ultraschneller Start<\/span><\/b><span class=\"citation-17\">  und minimiert die  <\/span><i><span class=\"citation-17\">Ber\u00fchrungen<\/span><\/i><span class=\"citation-17 citation-end-17\">.<\/span>  Es ist die ideale Waffe, um kleine Sommerwellen auszunutzen.<\/li>\n<li><b>Pr\u00e4zise Handhabung :<\/b><span class=\"citation-16\"> Der <\/span><i><span class=\"citation-16\">Tail<\/span><\/i><span class=\"citation-16\"> (Heck) verengt erh\u00f6ht die <\/span><b><span class=\"citation-16\">Wendigkeit<\/span><\/b><span class=\"citation-16\"> und verhindert, dass das Heck in engen Kurven mit dem Wasser in Ber\u00fchrung kommt, und bietet so maximale Kontrolle beim <\/span><i><span class=\"citation-16\">Carving<\/span><\/i><span class=\"citation-16 citation-end-16\">.<\/span>\n<div class=\"source-inline-chip-container ng-star-inserted\"><\/div>\n<\/li>\n<\/ul>\n<h3>Elite Carbon-Konstruktion<\/h3>\n<p>Das  <b>SW-Board<\/b> mit SROKAs leistungsst\u00e4rkster Konstruktion f\u00fcr maximale Haltbarkeit und Reaktionsf\u00e4higkeit:<\/p>\n<ul>\n<li><b>Full Carbon Sandwich PVC :<\/b><span class=\"citation-15\"> Der Polystyrolkern wird umh\u00fcllt von einem <\/span><b><span class=\"citation-15\">PVC\/Carbon-Sandwich<\/span><\/b><span class=\"citation-15 citation-end-15\"> auf dem Deck und dem Unterwasserschiff.<\/span> <span class=\"citation-14\">Diese Konstruktion verleiht eine <\/span><b><span class=\"citation-14\">extreme Steifigkeit<\/span><\/b><span class=\"citation-14\"> dem Board und macht es bei jedem Pumping nerv\u00f6ser und reaktionsfreudiger. <\/span><i><span class=\"citation-14\">pumping<\/span><\/i><span class=\"citation-14 citation-end-14\">.<\/span><\/li>\n<li><b>Haltbarkeit :<\/b><span class=\"citation-13 citation-end-13\"> Die US-Schienen sind mit durchgehenden PVC-Bl\u00f6cken verst\u00e4rkt, die eine optimale Festigkeit gew\u00e4hrleisten, um den Belastungen des Foils standzuhalten.<\/span><\/li>\n<li><b>Dual Activity:<\/b> Trotz seiner Ausrichtung auf <b>Surf foil<\/b> ist es aufgrund seiner Steifigkeit und seines neu zentrierten Volumens genauso gut f\u00fcr <b>Wingfoil<\/b> oder <i>Tow-in<\/i> geeignet.<\/li>\n<\/ul>\n<p>Egal, ob du ein erfahrener Foil-Surfer oder ein Wingfoileur bist, der ein k\u00fcrzeres, reaktionsfreudigeres Board sucht, das <b>SW Elite<\/b> ist die Referenz f\u00fcr Leistung und Vielseitigkeit. <span class=\"citation-12\">Es ist in drei Gr\u00f6\u00dfen erh\u00e4ltlich (<\/span><b><span class=\"citation-12\">4&#8217;4 \/ 5&#8217;0 \/ 5&#8217;6<\/span><\/b><span class=\"citation-12 citation-end-12\">), um sich an alle K\u00f6rpergr\u00f6\u00dfen anzupassen.<\/span><\/p>\n","protected":false},"excerpt":{"rendered":"<p>Das <b class=\"\">SW Elite<\/b> ist ein vielseitiges <b class=\"\">Full-Carbon-Board<\/b> (32L bis 50L) f\u00fcr <b class=\"\">Surf foil<\/b> und <b class=\"\">Wingfoil<\/b>. Es bietet <b class=\"\">leichtes Paddeln<\/b>, einen <b class=\"\">schnellen Take-Off<\/b> und <b class=\"\">maximale Wendigkeit<\/b>, um jede Welle auszunutzen. <\/p>\n","protected":false},"featured_media":341147,"template":"","meta":{"_acf_changed":false,"_uag_custom_page_level_css":""},"product_brand":[],"product_cat":[3533,3529,4258,3471,3532],"product_tag":[3441,3535,3459,3443,3442],"class_list":{"0":"post-341145","1":"product","2":"type-product","3":"status-publish","4":"has-post-thumbnail","6":"product_cat-brett-elite-reihe","7":"product_cat-elite-de","8":"product_cat-schwarzer-freitag","9":"product_cat-surf-foil-de","10":"product_cat-unsere-surfbretter-foil","11":"product_tag-anfanger","12":"product_tag-elite-de","13":"product_tag-experte","14":"product_tag-fortgeschrittene","15":"product_tag-schlau","17":"first","18":"instock","19":"taxable","20":"shipping-taxable","21":"purchasable","22":"product-type-variable"},"acf":[],"yoast_head":"<!-- This site is optimized with the Yoast SEO plugin v27.4 - https:\/\/yoast.com\/product\/yoast-seo-wordpress\/ -->\n<title>Surffoil-Brett SW<\/title>\n<meta name=\"description\" content=\"Die SW-Reihe, ein Surffoil-Board aus der SROKA Elite-Reihe, wurde f\u00fcr anspruchsvolle Rider entwickelt, die auf der Suche nach einem Leistungserlebnis sind.\" \/>\n<meta name=\"robots\" content=\"index, follow, max-snippet:-1, max-image-preview:large, max-video-preview:-1\" \/>\n<link rel=\"canonical\" href=\"https:\/\/srokacompany.com\/de\/produkt\/surffoil-brett-sw-elite-reihe\/\" \/>\n<meta property=\"og:locale\" content=\"de_DE\" \/>\n<meta property=\"og:type\" content=\"article\" \/>\n<meta property=\"og:title\" content=\"Surffoil-Brett SW\" \/>\n<meta property=\"og:description\" content=\"Die SW-Reihe, ein Surffoil-Board aus der SROKA Elite-Reihe, wurde f\u00fcr anspruchsvolle Rider entwickelt, die auf der Suche nach einem Leistungserlebnis sind.\" \/>\n<meta property=\"og:url\" content=\"https:\/\/srokacompany.com\/de\/produkt\/surffoil-brett-sw-elite-reihe\/\" \/>\n<meta property=\"og:site_name\" content=\"SROKA Company\" \/>\n<meta property=\"article:publisher\" content=\"https:\/\/www.facebook.com\/srokawatersports\/\" \/>\n<meta property=\"article:modified_time\" content=\"2025-12-03T18:38:37+00:00\" \/>\n<meta property=\"og:image\" content=\"https:\/\/srokacompany.com\/wp-content\/uploads\/2025\/03\/RAnge-SW-surf-foil.png\" \/>\n\t<meta property=\"og:image:width\" content=\"2470\" \/>\n\t<meta property=\"og:image:height\" content=\"2448\" \/>\n\t<meta property=\"og:image:type\" content=\"image\/png\" \/>\n<meta name=\"twitter:label1\" content=\"Gesch\u00e4tzte Lesezeit\" \/>\n\t<meta name=\"twitter:data1\" content=\"2\u00a0Minuten\" \/>\n<script type=\"application\/ld+json\" class=\"yoast-schema-graph\">{\"@context\":\"https:\\\/\\\/schema.org\",\"@graph\":[{\"@type\":\"WebPage\",\"@id\":\"https:\\\/\\\/srokacompany.com\\\/de\\\/produkt\\\/surffoil-brett-sw-elite-reihe\\\/\",\"url\":\"https:\\\/\\\/srokacompany.com\\\/de\\\/produkt\\\/surffoil-brett-sw-elite-reihe\\\/\",\"name\":\"Surffoil-Brett SW\",\"isPartOf\":{\"@id\":\"https:\\\/\\\/srokacompany.com\\\/de\\\/#website\"},\"primaryImageOfPage\":{\"@id\":\"https:\\\/\\\/srokacompany.com\\\/de\\\/produkt\\\/surffoil-brett-sw-elite-reihe\\\/#primaryimage\"},\"image\":{\"@id\":\"https:\\\/\\\/srokacompany.com\\\/de\\\/produkt\\\/surffoil-brett-sw-elite-reihe\\\/#primaryimage\"},\"thumbnailUrl\":\"https:\\\/\\\/srokacompany.com\\\/wp-content\\\/uploads\\\/2025\\\/03\\\/RAnge-SW-surf-foil.png\",\"datePublished\":\"2025-03-27T10:28:31+00:00\",\"dateModified\":\"2025-12-03T18:38:37+00:00\",\"description\":\"Die SW-Reihe, ein Surffoil-Board aus der SROKA Elite-Reihe, wurde f\u00fcr anspruchsvolle Rider entwickelt, die auf der Suche nach einem Leistungserlebnis sind.\",\"breadcrumb\":{\"@id\":\"https:\\\/\\\/srokacompany.com\\\/de\\\/produkt\\\/surffoil-brett-sw-elite-reihe\\\/#breadcrumb\"},\"inLanguage\":\"de\",\"potentialAction\":[{\"@type\":\"ReadAction\",\"target\":[\"https:\\\/\\\/srokacompany.com\\\/de\\\/produkt\\\/surffoil-brett-sw-elite-reihe\\\/\"]}]},{\"@type\":\"ImageObject\",\"inLanguage\":\"de\",\"@id\":\"https:\\\/\\\/srokacompany.com\\\/de\\\/produkt\\\/surffoil-brett-sw-elite-reihe\\\/#primaryimage\",\"url\":\"https:\\\/\\\/srokacompany.com\\\/wp-content\\\/uploads\\\/2025\\\/03\\\/RAnge-SW-surf-foil.png\",\"contentUrl\":\"https:\\\/\\\/srokacompany.com\\\/wp-content\\\/uploads\\\/2025\\\/03\\\/RAnge-SW-surf-foil.png\",\"width\":2470,\"height\":2448,\"caption\":\"RAnge SW surf foil\"},{\"@type\":\"BreadcrumbList\",\"@id\":\"https:\\\/\\\/srokacompany.com\\\/de\\\/produkt\\\/surffoil-brett-sw-elite-reihe\\\/#breadcrumb\",\"itemListElement\":[{\"@type\":\"ListItem\",\"position\":1,\"name\":\"Accueil\",\"item\":\"https:\\\/\\\/srokacompany.com\\\/de\\\/\"},{\"@type\":\"ListItem\",\"position\":2,\"name\":\"Laden\",\"item\":\"https:\\\/\\\/srokacompany.com\\\/laden\\\/\"},{\"@type\":\"ListItem\",\"position\":3,\"name\":\"Surffoil-Brett SW &#8211; Elite-Reihe\"}]},{\"@type\":\"WebSite\",\"@id\":\"https:\\\/\\\/srokacompany.com\\\/de\\\/#website\",\"url\":\"https:\\\/\\\/srokacompany.com\\\/de\\\/\",\"name\":\"SROKA Company\",\"description\":\"SUP, Kite, Foil, Wing\",\"publisher\":{\"@id\":\"https:\\\/\\\/srokacompany.com\\\/de\\\/#organization\"},\"potentialAction\":[{\"@type\":\"SearchAction\",\"target\":{\"@type\":\"EntryPoint\",\"urlTemplate\":\"https:\\\/\\\/srokacompany.com\\\/de\\\/?s={search_term_string}\"},\"query-input\":{\"@type\":\"PropertyValueSpecification\",\"valueRequired\":true,\"valueName\":\"search_term_string\"}}],\"inLanguage\":\"de\"},{\"@type\":\"Organization\",\"@id\":\"https:\\\/\\\/srokacompany.com\\\/de\\\/#organization\",\"name\":\"SROKACOMPANY\",\"alternateName\":\"SROKA\",\"url\":\"https:\\\/\\\/srokacompany.com\\\/de\\\/\",\"logo\":{\"@type\":\"ImageObject\",\"inLanguage\":\"de\",\"@id\":\"https:\\\/\\\/srokacompany.com\\\/de\\\/#\\\/schema\\\/logo\\\/image\\\/\",\"url\":\"https:\\\/\\\/srokacompany.com\\\/wp-content\\\/uploads\\\/2021\\\/01\\\/logo-sroka-black-transpa.png\",\"contentUrl\":\"https:\\\/\\\/srokacompany.com\\\/wp-content\\\/uploads\\\/2021\\\/01\\\/logo-sroka-black-transpa.png\",\"width\":1201,\"height\":342,\"caption\":\"SROKACOMPANY\"},\"image\":{\"@id\":\"https:\\\/\\\/srokacompany.com\\\/de\\\/#\\\/schema\\\/logo\\\/image\\\/\"},\"sameAs\":[\"https:\\\/\\\/www.facebook.com\\\/srokawatersports\\\/\",\"https:\\\/\\\/www.instagram.com\\\/srokawatersports\\\/\",\"https:\\\/\\\/www.youtube.com\\\/channel\\\/UCVLHHeaPIm-J5bdEUgxqtZA\"]}]}<\/script>\n<!-- \/ Yoast SEO plugin. -->","yoast_head_json":{"title":"Surffoil-Brett SW","description":"Die SW-Reihe, ein Surffoil-Board aus der SROKA Elite-Reihe, wurde f\u00fcr anspruchsvolle Rider entwickelt, die auf der Suche nach einem Leistungserlebnis sind.","robots":{"index":"index","follow":"follow","max-snippet":"max-snippet:-1","max-image-preview":"max-image-preview:large","max-video-preview":"max-video-preview:-1"},"canonical":"https:\/\/srokacompany.com\/de\/produkt\/surffoil-brett-sw-elite-reihe\/","og_locale":"de_DE","og_type":"article","og_title":"Surffoil-Brett SW","og_description":"Die SW-Reihe, ein Surffoil-Board aus der SROKA Elite-Reihe, wurde f\u00fcr anspruchsvolle Rider entwickelt, die auf der Suche nach einem Leistungserlebnis sind.","og_url":"https:\/\/srokacompany.com\/de\/produkt\/surffoil-brett-sw-elite-reihe\/","og_site_name":"SROKA Company","article_publisher":"https:\/\/www.facebook.com\/srokawatersports\/","article_modified_time":"2025-12-03T18:38:37+00:00","og_image":[{"width":2470,"height":2448,"url":"https:\/\/srokacompany.com\/wp-content\/uploads\/2025\/03\/RAnge-SW-surf-foil.png","type":"image\/png"}],"twitter_misc":{"Gesch\u00e4tzte Lesezeit":"2\u00a0Minuten"},"schema":{"@context":"https:\/\/schema.org","@graph":[{"@type":"WebPage","@id":"https:\/\/srokacompany.com\/de\/produkt\/surffoil-brett-sw-elite-reihe\/","url":"https:\/\/srokacompany.com\/de\/produkt\/surffoil-brett-sw-elite-reihe\/","name":"Surffoil-Brett SW","isPartOf":{"@id":"https:\/\/srokacompany.com\/de\/#website"},"primaryImageOfPage":{"@id":"https:\/\/srokacompany.com\/de\/produkt\/surffoil-brett-sw-elite-reihe\/#primaryimage"},"image":{"@id":"https:\/\/srokacompany.com\/de\/produkt\/surffoil-brett-sw-elite-reihe\/#primaryimage"},"thumbnailUrl":"https:\/\/srokacompany.com\/wp-content\/uploads\/2025\/03\/RAnge-SW-surf-foil.png","datePublished":"2025-03-27T10:28:31+00:00","dateModified":"2025-12-03T18:38:37+00:00","description":"Die SW-Reihe, ein Surffoil-Board aus der SROKA Elite-Reihe, wurde f\u00fcr anspruchsvolle Rider entwickelt, die auf der Suche nach einem Leistungserlebnis sind.","breadcrumb":{"@id":"https:\/\/srokacompany.com\/de\/produkt\/surffoil-brett-sw-elite-reihe\/#breadcrumb"},"inLanguage":"de","potentialAction":[{"@type":"ReadAction","target":["https:\/\/srokacompany.com\/de\/produkt\/surffoil-brett-sw-elite-reihe\/"]}]},{"@type":"ImageObject","inLanguage":"de","@id":"https:\/\/srokacompany.com\/de\/produkt\/surffoil-brett-sw-elite-reihe\/#primaryimage","url":"https:\/\/srokacompany.com\/wp-content\/uploads\/2025\/03\/RAnge-SW-surf-foil.png","contentUrl":"https:\/\/srokacompany.com\/wp-content\/uploads\/2025\/03\/RAnge-SW-surf-foil.png","width":2470,"height":2448,"caption":"RAnge SW surf foil"},{"@type":"BreadcrumbList","@id":"https:\/\/srokacompany.com\/de\/produkt\/surffoil-brett-sw-elite-reihe\/#breadcrumb","itemListElement":[{"@type":"ListItem","position":1,"name":"Accueil","item":"https:\/\/srokacompany.com\/de\/"},{"@type":"ListItem","position":2,"name":"Laden","item":"https:\/\/srokacompany.com\/laden\/"},{"@type":"ListItem","position":3,"name":"Surffoil-Brett SW &#8211; Elite-Reihe"}]},{"@type":"WebSite","@id":"https:\/\/srokacompany.com\/de\/#website","url":"https:\/\/srokacompany.com\/de\/","name":"SROKA Company","description":"SUP, Kite, Foil, Wing","publisher":{"@id":"https:\/\/srokacompany.com\/de\/#organization"},"potentialAction":[{"@type":"SearchAction","target":{"@type":"EntryPoint","urlTemplate":"https:\/\/srokacompany.com\/de\/?s={search_term_string}"},"query-input":{"@type":"PropertyValueSpecification","valueRequired":true,"valueName":"search_term_string"}}],"inLanguage":"de"},{"@type":"Organization","@id":"https:\/\/srokacompany.com\/de\/#organization","name":"SROKACOMPANY","alternateName":"SROKA","url":"https:\/\/srokacompany.com\/de\/","logo":{"@type":"ImageObject","inLanguage":"de","@id":"https:\/\/srokacompany.com\/de\/#\/schema\/logo\/image\/","url":"https:\/\/srokacompany.com\/wp-content\/uploads\/2021\/01\/logo-sroka-black-transpa.png","contentUrl":"https:\/\/srokacompany.com\/wp-content\/uploads\/2021\/01\/logo-sroka-black-transpa.png","width":1201,"height":342,"caption":"SROKACOMPANY"},"image":{"@id":"https:\/\/srokacompany.com\/de\/#\/schema\/logo\/image\/"},"sameAs":["https:\/\/www.facebook.com\/srokawatersports\/","https:\/\/www.instagram.com\/srokawatersports\/","https:\/\/www.youtube.com\/channel\/UCVLHHeaPIm-J5bdEUgxqtZA"]}]}},"uagb_featured_image_src":{"full":["https:\/\/srokacompany.com\/wp-content\/uploads\/2025\/03\/RAnge-SW-surf-foil.png",2470,2448,false],"thumbnail":["https:\/\/srokacompany.com\/wp-content\/uploads\/2025\/03\/RAnge-SW-surf-foil-150x150.png",150,150,true],"medium":["https:\/\/srokacompany.com\/wp-content\/uploads\/2025\/03\/RAnge-SW-surf-foil-300x297.png",300,297,true],"medium_large":["https:\/\/srokacompany.com\/wp-content\/uploads\/2025\/03\/RAnge-SW-surf-foil-768x761.png",768,761,true],"large":["https:\/\/srokacompany.com\/wp-content\/uploads\/2025\/03\/RAnge-SW-surf-foil-1024x1015.png",1024,1015,true],"1536x1536":["https:\/\/srokacompany.com\/wp-content\/uploads\/2025\/03\/RAnge-SW-surf-foil-1536x1522.png",1536,1522,true],"2048x2048":["https:\/\/srokacompany.com\/wp-content\/uploads\/2025\/03\/RAnge-SW-surf-foil-2048x2030.png",2048,2030,true],"woocommerce_thumbnail":["https:\/\/srokacompany.com\/wp-content\/uploads\/2025\/03\/RAnge-SW-surf-foil-600x595.png",600,595,true],"woocommerce_single":["https:\/\/srokacompany.com\/wp-content\/uploads\/2025\/03\/RAnge-SW-surf-foil-600x595.png",600,595,true],"woocommerce_gallery_thumbnail":["https:\/\/srokacompany.com\/wp-content\/uploads\/2025\/03\/RAnge-SW-surf-foil-100x100.png",100,100,true],"dgwt-wcas-product-suggestion":["https:\/\/srokacompany.com\/wp-content\/uploads\/2025\/03\/RAnge-SW-surf-foil.png",64,63,false]},"uagb_author_info":{"display_name":"Emmanuel DIJOUX","author_link":"https:\/\/srokacompany.com\/de\/blog\/author\/"},"uagb_comment_info":0,"uagb_excerpt":"Das SW Elite ist ein vielseitiges Full-Carbon-Board (32L bis 50L) f\u00fcr Surf foil und Wingfoil. Es bietet leichtes Paddeln, einen schnellen Take-Off und maximale Wendigkeit, um jede Welle auszunutzen.","jetpack_sharing_enabled":true,"_links":{"self":[{"href":"https:\/\/srokacompany.com\/de\/wp-json\/wp\/v2\/product\/341145","targetHints":{"allow":["GET"]}}],"collection":[{"href":"https:\/\/srokacompany.com\/de\/wp-json\/wp\/v2\/product"}],"about":[{"href":"https:\/\/srokacompany.com\/de\/wp-json\/wp\/v2\/types\/product"}],"wp:featuredmedia":[{"embeddable":true,"href":"https:\/\/srokacompany.com\/de\/wp-json\/wp\/v2\/media\/341147"}],"wp:attachment":[{"href":"https:\/\/srokacompany.com\/de\/wp-json\/wp\/v2\/media?parent=341145"}],"wp:term":[{"taxonomy":"product_brand","embeddable":true,"href":"https:\/\/srokacompany.com\/de\/wp-json\/wp\/v2\/product_brand?post=341145"},{"taxonomy":"product_cat","embeddable":true,"href":"https:\/\/srokacompany.com\/de\/wp-json\/wp\/v2\/product_cat?post=341145"},{"taxonomy":"product_tag","embeddable":true,"href":"https:\/\/srokacompany.com\/de\/wp-json\/wp\/v2\/product_tag?post=341145"}],"curies":[{"name":"wp","href":"https:\/\/api.w.org\/{rel}","templated":true}]}}