{"id":341191,"date":"2025-05-02T09:53:30","date_gmt":"2025-05-02T09:53:30","guid":{"rendered":"https:\/\/srokacompany.com\/produit\/board-dw-83-v1-elite-range\/"},"modified":"2025-11-21T18:07:22","modified_gmt":"2025-11-21T16:07:22","slug":"board-dw-83-v1-elite-range","status":"publish","type":"product","link":"https:\/\/srokacompany.com\/de\/produkt\/board-dw-83-v1-elite-range\/","title":{"rendered":"Board DW 8&#8217;3 V1 Elite Range"},"content":{"rendered":"<p>Das <b>DW 8&#8217;3 V1<\/b> aus der Elite-Serie wurde sorgf\u00e4ltig entwickelt, um ein au\u00dfergew\u00f6hnliches Downwind-Erlebnis zu bieten. Sein Hauptziel ist es, bei allen Bedingungen einen <b>sehr fr\u00fchen Start<\/b> zu erm\u00f6glichen und die Geschwindigkeit durch ph\u00e4nomenales Gleiten zu maximieren. <\/p>\n<h3>Programm und F\u00e4higkeiten<\/h3>\n<p>Das <b>DW 8&#8217;3 V1<\/b> ist haupts\u00e4chlich f\u00fcr <b>Downwind<\/b> (SUP Foil Downwind, Prone Downwind) und <b>sehr leichtes Wing Foil<\/b> gedacht. Es ist in verschiedenen Breiten erh\u00e4ltlich, um allen K\u00f6rpergr\u00f6\u00dfen gerecht zu werden (von 8&#8217;3 x 17&#8217;75 \/ 105L bis 8&#8217;3 x 23 \/ 135L). <\/p>\n<ul>\n<li><b>Take-Off:<\/b> Hervorragend (100%), so dass das Foil schnell auf Abhebegeschwindigkeit gebracht werden kann.<\/li>\n<li><b>Gleiten und Geschwindigkeit:<\/b> Die gestreckte <i>Outline<\/i> und das flache Unterwasserschiff mit doppelter Konkavit\u00e4t im vorderen Bereich erleichtern das Gleiten und die Beschleunigung.<\/li>\n<li><b>Stabilit\u00e4t und Kontrolle:<\/b> Das Volumen wurde in der Mitte maximiert, um es am n\u00fctzlichsten zu machen, und die vorgezogene Position der US-Schienen sorgt f\u00fcr eine bessere Balance w\u00e4hrend der entscheidenden Startphase und im Flug.<\/li>\n<\/ul>\n<p>&nbsp;<\/p>\n<h3>Elite-Design und -Konstruktion<\/h3>\n<p>Um maximale Steifigkeit und Haltbarkeit zu gew\u00e4hrleisten, profitiert dieses Board von einer hochwertigen Konstruktion:<\/p>\n<ul>\n<li><b>Full Carbon Construction:<\/b> Sie verwendet ein Carbon-Sandwich mit PVC und ist mit <b>Prepreg-Carbon<\/b> ummantelt (2 Schichten auf Deck\/Schwinge, 3 Schichten auf den Rails), um maximale <b>Steifigkeit und Reaktionsf\u00e4higkeit<\/b> zu gew\u00e4hrleisten.<\/li>\n<li><b>Verst\u00e4rkte US-Schienen :<\/b> Die US-Schienen sind fest in PVC-Bl\u00f6cke eingeklebt, die sich bis zum Deck erstrecken und f\u00fcr eine erh\u00f6hte Festigkeit im Geh\u00e4use sorgen.<\/li>\n<li><b>Technische Details:<\/b> <i>Pintels<\/i> auf der <i>Schneide<\/i> und <i>Bavels<\/i> verbessern die Richtung und verringern die Verz\u00f6gerung bei Touchdowns.<\/li>\n<li><b>Individuelle Anpassung:<\/b> Die 30 <i>Strapeins\u00e4tze<\/i> erm\u00f6glichen eine vollst\u00e4ndige individuelle Anpassung der Position f\u00fcr Downwind, Wingfoil oder SUP Foil.<\/li>\n<\/ul>\n<p>Die perfekte Kombi f\u00fcr das DW 8&#8217;3 ist das <b>Elite Carbon Foil<\/b> mit den <b>UHA-Fl\u00fcgeln<\/b>, die Kontrolle, Nervosit\u00e4t und Steifigkeit auf Expertenniveau bieten. Jedes Board wird mit einem hochwertigen Cover geliefert, das mit 10 mm Schaumstoff verst\u00e4rkt ist. <\/p>\n<p>&nbsp;<\/p>\n","protected":false},"excerpt":{"rendered":"<p><b class=\"\">Board DW 8&#8217;3 V1 Elite:<\/b> Die Maschine f\u00fcr <b class=\"\">Downwind<\/b> und <b class=\"\">Light Wind Wing Foil<\/b>. Dank seiner <b class=\"\">Full-Carbon-Konstruktion<\/b> und seines schlanken Shape bietet es selbst bei leichtesten Bedingungen ein <b class=\"\">au\u00dfergew\u00f6hnliches Gleiten<\/b> und einen <b class=\"\">ultra-pr\u00e4zisen Start<\/b>. Ideal, um schnell auf Fluggeschwindigkeit zu kommen, egal ob mit dem Paddel oder mit einem Wing bei leichtem Wind.  <\/p>\n","protected":false},"featured_media":341199,"template":"","meta":{"_acf_changed":false,"_uag_custom_page_level_css":""},"product_brand":[],"product_cat":[3533,3569,3570,3529,4258],"product_tag":[3535,3459,3443,3442],"class_list":{"0":"post-341191","1":"product","2":"type-product","3":"status-publish","4":"has-post-thumbnail","6":"product_cat-brett-elite-reihe","7":"product_cat-downwind-de","8":"product_cat-downwind-boards-zahmen-sie-den-wellengang-mit-leistung-und-spas","9":"product_cat-elite-de","10":"product_cat-schwarzer-freitag","11":"product_tag-elite-de","12":"product_tag-experte","13":"product_tag-fortgeschrittene","14":"product_tag-schlau","15":"product_shipping_class-hartes-brett-2025","17":"first","18":"instock","19":"sale","20":"taxable","21":"shipping-taxable","22":"purchasable","23":"product-type-variable"},"acf":[],"yoast_head":"<!-- This site is optimized with the Yoast SEO plugin v27.4 - https:\/\/yoast.com\/product\/yoast-seo-wordpress\/ -->\n<title>Board von Downwind &amp; Light wind: Die DW der Elite-Reihe<\/title>\n<meta name=\"description\" content=\"Entdecke die Boards von Downwind &amp; Ultra light wind in wing foil: Das DW ist Teil der ELITE Serie: ein Board der Spitzenklasse von SROKA.\" \/>\n<meta name=\"robots\" content=\"index, follow, max-snippet:-1, max-image-preview:large, max-video-preview:-1\" \/>\n<link rel=\"canonical\" href=\"https:\/\/srokacompany.com\/de\/produkt\/board-dw-83-v1-elite-range\/\" \/>\n<meta property=\"og:locale\" content=\"de_DE\" \/>\n<meta property=\"og:type\" content=\"article\" \/>\n<meta property=\"og:title\" content=\"Board von Downwind &amp; Light wind: Die DW der Elite-Reihe\" \/>\n<meta property=\"og:description\" content=\"Entdecke die Boards von Downwind &amp; Ultra light wind in wing foil: Das DW ist Teil der ELITE Serie: ein Board der Spitzenklasse von SROKA.\" \/>\n<meta property=\"og:url\" content=\"https:\/\/srokacompany.com\/de\/produkt\/board-dw-83-v1-elite-range\/\" \/>\n<meta property=\"og:site_name\" content=\"SROKA Company\" \/>\n<meta property=\"article:publisher\" content=\"https:\/\/www.facebook.com\/srokawatersports\/\" \/>\n<meta property=\"article:modified_time\" content=\"2025-11-21T16:07:22+00:00\" \/>\n<meta property=\"og:image\" content=\"https:\/\/srokacompany.com\/wp-content\/uploads\/2025\/05\/Dw-83-scaled.png\" \/>\n\t<meta property=\"og:image:width\" content=\"2560\" \/>\n\t<meta property=\"og:image:height\" content=\"2401\" \/>\n\t<meta property=\"og:image:type\" content=\"image\/png\" \/>\n<meta name=\"twitter:label1\" content=\"Gesch\u00e4tzte Lesezeit\" \/>\n\t<meta name=\"twitter:data1\" content=\"2\u00a0Minuten\" \/>\n<script type=\"application\/ld+json\" class=\"yoast-schema-graph\">{\"@context\":\"https:\\\/\\\/schema.org\",\"@graph\":[{\"@type\":\"WebPage\",\"@id\":\"https:\\\/\\\/srokacompany.com\\\/de\\\/produkt\\\/board-dw-83-v1-elite-range\\\/\",\"url\":\"https:\\\/\\\/srokacompany.com\\\/de\\\/produkt\\\/board-dw-83-v1-elite-range\\\/\",\"name\":\"Board von Downwind & Light wind: Die DW der Elite-Reihe\",\"isPartOf\":{\"@id\":\"https:\\\/\\\/srokacompany.com\\\/de\\\/#website\"},\"primaryImageOfPage\":{\"@id\":\"https:\\\/\\\/srokacompany.com\\\/de\\\/produkt\\\/board-dw-83-v1-elite-range\\\/#primaryimage\"},\"image\":{\"@id\":\"https:\\\/\\\/srokacompany.com\\\/de\\\/produkt\\\/board-dw-83-v1-elite-range\\\/#primaryimage\"},\"thumbnailUrl\":\"https:\\\/\\\/srokacompany.com\\\/wp-content\\\/uploads\\\/2025\\\/05\\\/Dw-83-scaled.png\",\"datePublished\":\"2025-05-02T09:53:30+00:00\",\"dateModified\":\"2025-11-21T16:07:22+00:00\",\"description\":\"Entdecke die Boards von Downwind & Ultra light wind in wing foil: Das DW ist Teil der ELITE Serie: ein Board der Spitzenklasse von SROKA.\",\"breadcrumb\":{\"@id\":\"https:\\\/\\\/srokacompany.com\\\/de\\\/produkt\\\/board-dw-83-v1-elite-range\\\/#breadcrumb\"},\"inLanguage\":\"de\",\"potentialAction\":[{\"@type\":\"ReadAction\",\"target\":[\"https:\\\/\\\/srokacompany.com\\\/de\\\/produkt\\\/board-dw-83-v1-elite-range\\\/\"]}]},{\"@type\":\"ImageObject\",\"inLanguage\":\"de\",\"@id\":\"https:\\\/\\\/srokacompany.com\\\/de\\\/produkt\\\/board-dw-83-v1-elite-range\\\/#primaryimage\",\"url\":\"https:\\\/\\\/srokacompany.com\\\/wp-content\\\/uploads\\\/2025\\\/05\\\/Dw-83-scaled.png\",\"contentUrl\":\"https:\\\/\\\/srokacompany.com\\\/wp-content\\\/uploads\\\/2025\\\/05\\\/Dw-83-scaled.png\",\"width\":2560,\"height\":2401},{\"@type\":\"BreadcrumbList\",\"@id\":\"https:\\\/\\\/srokacompany.com\\\/de\\\/produkt\\\/board-dw-83-v1-elite-range\\\/#breadcrumb\",\"itemListElement\":[{\"@type\":\"ListItem\",\"position\":1,\"name\":\"Accueil\",\"item\":\"https:\\\/\\\/srokacompany.com\\\/de\\\/\"},{\"@type\":\"ListItem\",\"position\":2,\"name\":\"Laden\",\"item\":\"https:\\\/\\\/srokacompany.com\\\/laden\\\/\"},{\"@type\":\"ListItem\",\"position\":3,\"name\":\"Board DW 8&rsquo;3 V1 Elite Range\"}]},{\"@type\":\"WebSite\",\"@id\":\"https:\\\/\\\/srokacompany.com\\\/de\\\/#website\",\"url\":\"https:\\\/\\\/srokacompany.com\\\/de\\\/\",\"name\":\"SROKA Company\",\"description\":\"SUP, Kite, Foil, Wing\",\"publisher\":{\"@id\":\"https:\\\/\\\/srokacompany.com\\\/de\\\/#organization\"},\"potentialAction\":[{\"@type\":\"SearchAction\",\"target\":{\"@type\":\"EntryPoint\",\"urlTemplate\":\"https:\\\/\\\/srokacompany.com\\\/de\\\/?s={search_term_string}\"},\"query-input\":{\"@type\":\"PropertyValueSpecification\",\"valueRequired\":true,\"valueName\":\"search_term_string\"}}],\"inLanguage\":\"de\"},{\"@type\":\"Organization\",\"@id\":\"https:\\\/\\\/srokacompany.com\\\/de\\\/#organization\",\"name\":\"SROKACOMPANY\",\"alternateName\":\"SROKA\",\"url\":\"https:\\\/\\\/srokacompany.com\\\/de\\\/\",\"logo\":{\"@type\":\"ImageObject\",\"inLanguage\":\"de\",\"@id\":\"https:\\\/\\\/srokacompany.com\\\/de\\\/#\\\/schema\\\/logo\\\/image\\\/\",\"url\":\"https:\\\/\\\/srokacompany.com\\\/wp-content\\\/uploads\\\/2021\\\/01\\\/logo-sroka-black-transpa.png\",\"contentUrl\":\"https:\\\/\\\/srokacompany.com\\\/wp-content\\\/uploads\\\/2021\\\/01\\\/logo-sroka-black-transpa.png\",\"width\":1201,\"height\":342,\"caption\":\"SROKACOMPANY\"},\"image\":{\"@id\":\"https:\\\/\\\/srokacompany.com\\\/de\\\/#\\\/schema\\\/logo\\\/image\\\/\"},\"sameAs\":[\"https:\\\/\\\/www.facebook.com\\\/srokawatersports\\\/\",\"https:\\\/\\\/www.instagram.com\\\/srokawatersports\\\/\",\"https:\\\/\\\/www.youtube.com\\\/channel\\\/UCVLHHeaPIm-J5bdEUgxqtZA\"]}]}<\/script>\n<!-- \/ Yoast SEO plugin. -->","yoast_head_json":{"title":"Board von Downwind & Light wind: Die DW der Elite-Reihe","description":"Entdecke die Boards von Downwind & Ultra light wind in wing foil: Das DW ist Teil der ELITE Serie: ein Board der Spitzenklasse von SROKA.","robots":{"index":"index","follow":"follow","max-snippet":"max-snippet:-1","max-image-preview":"max-image-preview:large","max-video-preview":"max-video-preview:-1"},"canonical":"https:\/\/srokacompany.com\/de\/produkt\/board-dw-83-v1-elite-range\/","og_locale":"de_DE","og_type":"article","og_title":"Board von Downwind & Light wind: Die DW der Elite-Reihe","og_description":"Entdecke die Boards von Downwind & Ultra light wind in wing foil: Das DW ist Teil der ELITE Serie: ein Board der Spitzenklasse von SROKA.","og_url":"https:\/\/srokacompany.com\/de\/produkt\/board-dw-83-v1-elite-range\/","og_site_name":"SROKA Company","article_publisher":"https:\/\/www.facebook.com\/srokawatersports\/","article_modified_time":"2025-11-21T16:07:22+00:00","og_image":[{"width":2560,"height":2401,"url":"https:\/\/srokacompany.com\/wp-content\/uploads\/2025\/05\/Dw-83-scaled.png","type":"image\/png"}],"twitter_misc":{"Gesch\u00e4tzte Lesezeit":"2\u00a0Minuten"},"schema":{"@context":"https:\/\/schema.org","@graph":[{"@type":"WebPage","@id":"https:\/\/srokacompany.com\/de\/produkt\/board-dw-83-v1-elite-range\/","url":"https:\/\/srokacompany.com\/de\/produkt\/board-dw-83-v1-elite-range\/","name":"Board von Downwind & Light wind: Die DW der Elite-Reihe","isPartOf":{"@id":"https:\/\/srokacompany.com\/de\/#website"},"primaryImageOfPage":{"@id":"https:\/\/srokacompany.com\/de\/produkt\/board-dw-83-v1-elite-range\/#primaryimage"},"image":{"@id":"https:\/\/srokacompany.com\/de\/produkt\/board-dw-83-v1-elite-range\/#primaryimage"},"thumbnailUrl":"https:\/\/srokacompany.com\/wp-content\/uploads\/2025\/05\/Dw-83-scaled.png","datePublished":"2025-05-02T09:53:30+00:00","dateModified":"2025-11-21T16:07:22+00:00","description":"Entdecke die Boards von Downwind & Ultra light wind in wing foil: Das DW ist Teil der ELITE Serie: ein Board der Spitzenklasse von SROKA.","breadcrumb":{"@id":"https:\/\/srokacompany.com\/de\/produkt\/board-dw-83-v1-elite-range\/#breadcrumb"},"inLanguage":"de","potentialAction":[{"@type":"ReadAction","target":["https:\/\/srokacompany.com\/de\/produkt\/board-dw-83-v1-elite-range\/"]}]},{"@type":"ImageObject","inLanguage":"de","@id":"https:\/\/srokacompany.com\/de\/produkt\/board-dw-83-v1-elite-range\/#primaryimage","url":"https:\/\/srokacompany.com\/wp-content\/uploads\/2025\/05\/Dw-83-scaled.png","contentUrl":"https:\/\/srokacompany.com\/wp-content\/uploads\/2025\/05\/Dw-83-scaled.png","width":2560,"height":2401},{"@type":"BreadcrumbList","@id":"https:\/\/srokacompany.com\/de\/produkt\/board-dw-83-v1-elite-range\/#breadcrumb","itemListElement":[{"@type":"ListItem","position":1,"name":"Accueil","item":"https:\/\/srokacompany.com\/de\/"},{"@type":"ListItem","position":2,"name":"Laden","item":"https:\/\/srokacompany.com\/laden\/"},{"@type":"ListItem","position":3,"name":"Board DW 8&rsquo;3 V1 Elite Range"}]},{"@type":"WebSite","@id":"https:\/\/srokacompany.com\/de\/#website","url":"https:\/\/srokacompany.com\/de\/","name":"SROKA Company","description":"SUP, Kite, Foil, Wing","publisher":{"@id":"https:\/\/srokacompany.com\/de\/#organization"},"potentialAction":[{"@type":"SearchAction","target":{"@type":"EntryPoint","urlTemplate":"https:\/\/srokacompany.com\/de\/?s={search_term_string}"},"query-input":{"@type":"PropertyValueSpecification","valueRequired":true,"valueName":"search_term_string"}}],"inLanguage":"de"},{"@type":"Organization","@id":"https:\/\/srokacompany.com\/de\/#organization","name":"SROKACOMPANY","alternateName":"SROKA","url":"https:\/\/srokacompany.com\/de\/","logo":{"@type":"ImageObject","inLanguage":"de","@id":"https:\/\/srokacompany.com\/de\/#\/schema\/logo\/image\/","url":"https:\/\/srokacompany.com\/wp-content\/uploads\/2021\/01\/logo-sroka-black-transpa.png","contentUrl":"https:\/\/srokacompany.com\/wp-content\/uploads\/2021\/01\/logo-sroka-black-transpa.png","width":1201,"height":342,"caption":"SROKACOMPANY"},"image":{"@id":"https:\/\/srokacompany.com\/de\/#\/schema\/logo\/image\/"},"sameAs":["https:\/\/www.facebook.com\/srokawatersports\/","https:\/\/www.instagram.com\/srokawatersports\/","https:\/\/www.youtube.com\/channel\/UCVLHHeaPIm-J5bdEUgxqtZA"]}]}},"uagb_featured_image_src":{"full":["https:\/\/srokacompany.com\/wp-content\/uploads\/2025\/05\/Dw-83-scaled.png",2560,2401,false],"thumbnail":["https:\/\/srokacompany.com\/wp-content\/uploads\/2025\/05\/Dw-83-150x150.png",150,150,true],"medium":["https:\/\/srokacompany.com\/wp-content\/uploads\/2025\/05\/Dw-83-300x281.png",300,281,true],"medium_large":["https:\/\/srokacompany.com\/wp-content\/uploads\/2025\/05\/Dw-83-768x720.png",768,720,true],"large":["https:\/\/srokacompany.com\/wp-content\/uploads\/2025\/05\/Dw-83-1024x960.png",1024,960,true],"1536x1536":["https:\/\/srokacompany.com\/wp-content\/uploads\/2025\/05\/Dw-83-1536x1441.png",1536,1441,true],"2048x2048":["https:\/\/srokacompany.com\/wp-content\/uploads\/2025\/05\/Dw-83-2048x1921.png",2048,1921,true],"woocommerce_thumbnail":["https:\/\/srokacompany.com\/wp-content\/uploads\/2025\/05\/Dw-83-600x563.png",600,563,true],"woocommerce_single":["https:\/\/srokacompany.com\/wp-content\/uploads\/2025\/05\/Dw-83-600x563.png",600,563,true],"woocommerce_gallery_thumbnail":["https:\/\/srokacompany.com\/wp-content\/uploads\/2025\/05\/Dw-83-100x100.png",100,100,true],"dgwt-wcas-product-suggestion":["https:\/\/srokacompany.com\/wp-content\/uploads\/2025\/05\/Dw-83-64x60.png",64,60,true]},"uagb_author_info":{"display_name":"Bruno Sroka","author_link":"https:\/\/srokacompany.com\/de\/blog\/author\/"},"uagb_comment_info":0,"uagb_excerpt":"Board DW 8'3 V1 Elite: Die Maschine f\u00fcr Downwind und Light Wind Wing Foil. Dank seiner Full-Carbon-Konstruktion und seines schlanken Shape bietet es selbst bei leichtesten Bedingungen ein au\u00dfergew\u00f6hnliches Gleiten und einen ultra-pr\u00e4zisen Start. Ideal, um schnell auf Fluggeschwindigkeit zu kommen, egal ob mit dem Paddel oder mit einem Wing bei leichtem Wind.","jetpack_sharing_enabled":true,"_links":{"self":[{"href":"https:\/\/srokacompany.com\/de\/wp-json\/wp\/v2\/product\/341191","targetHints":{"allow":["GET"]}}],"collection":[{"href":"https:\/\/srokacompany.com\/de\/wp-json\/wp\/v2\/product"}],"about":[{"href":"https:\/\/srokacompany.com\/de\/wp-json\/wp\/v2\/types\/product"}],"wp:featuredmedia":[{"embeddable":true,"href":"https:\/\/srokacompany.com\/de\/wp-json\/wp\/v2\/media\/341199"}],"wp:attachment":[{"href":"https:\/\/srokacompany.com\/de\/wp-json\/wp\/v2\/media?parent=341191"}],"wp:term":[{"taxonomy":"product_brand","embeddable":true,"href":"https:\/\/srokacompany.com\/de\/wp-json\/wp\/v2\/product_brand?post=341191"},{"taxonomy":"product_cat","embeddable":true,"href":"https:\/\/srokacompany.com\/de\/wp-json\/wp\/v2\/product_cat?post=341191"},{"taxonomy":"product_tag","embeddable":true,"href":"https:\/\/srokacompany.com\/de\/wp-json\/wp\/v2\/product_tag?post=341191"}],"curies":[{"name":"wp","href":"https:\/\/api.w.org\/{rel}","templated":true}]}}