{"id":341261,"date":"2025-05-02T20:51:03","date_gmt":"2025-05-02T20:51:03","guid":{"rendered":"https:\/\/srokacompany.com\/produit\/boom-aus-100-carbon-fuer-wing-v4-elite\/"},"modified":"2025-06-26T22:58:02","modified_gmt":"2025-06-26T20:58:02","slug":"boom-aus-100-carbon-fuer-wing-v4-elite","status":"publish","type":"product","link":"https:\/\/srokacompany.com\/de\/produkt\/boom-aus-100-carbon-fuer-wing-v4-elite\/","title":{"rendered":"Boom aus 100 % Carbon f\u00fcr Wing V4 Elite"},"content":{"rendered":"<hr>\n<p class=\"p1\"><b>Maximieren Sie Ihre Leistung mit dem ultraleichten und steifen SROKA Carbon Boom.<\/b><\/p>\n<p class=\"p1\">Dieser Boom wurde speziell f\u00fcr die SROKA V4 Elite Wing Kites entworfen und setzt neue Ma\u00dfst\u00e4be in Sachen Leichtigkeit und Reaktionsf\u00e4higkeit. G\u00f6nnen Sie sich direkte Kontrolle <span class=\"Apple-converted-space\">  <\/span>in deinem V4 Elite Kite f\u00fcr pures Wing-Feeling foil.<\/p>\n","protected":false},"excerpt":{"rendered":"<p>Maximieren Sie Ihre Leistung mit dem ultraleichten und steifen SROKA Carbon Boom. Dieser Boom wurde speziell f\u00fcr die SROKA V4 Elite Wing Kites entworfen und setzt neue Ma\u00dfst\u00e4be in Sachen Leichtigkeit und Reaktionsf\u00e4higkeit. G\u00f6nnen Sie sich direkte Kontrolle in deinem V4 Elite Kite f\u00fcr pures Wing-Feeling foil.<\/p>\n","protected":false},"featured_media":341264,"template":"","meta":{"_acf_changed":false,"_uag_custom_page_level_css":""},"product_brand":[],"product_cat":[3529,3530,3464],"product_tag":[3535,3459,3443,3442],"class_list":{"0":"post-341261","1":"product","2":"type-product","3":"status-publish","4":"has-post-thumbnail","6":"product_cat-elite-de","7":"product_cat-wing-elite-de","8":"product_cat-zubehor-wing-foil","9":"product_tag-elite-de","10":"product_tag-experte","11":"product_tag-fortgeschrittene","12":"product_tag-schlau","13":"product_shipping_class-foil-komplett-oder-ersatzteile-wing-einheit","15":"first","16":"instock","17":"taxable","18":"shipping-taxable","19":"purchasable","20":"product-type-variable"},"acf":[],"yoast_head":"<!-- This site is optimized with the Yoast SEO plugin v27.4 - https:\/\/yoast.com\/product\/yoast-seo-wordpress\/ -->\n<title>Boom aus 100 % Carbon f\u00fcr Wing V4 Elite - SROKA Company<\/title>\n<meta name=\"description\" content=\"Die Wing V4 Elite erlebt einen Karbonboom. Es ist steifer und leichter. Der Carbon Boom wird dir deine Segeltouren erleichtern, egal auf welchem Niveau du segelst.\" \/>\n<meta name=\"robots\" content=\"index, follow, max-snippet:-1, max-image-preview:large, max-video-preview:-1\" \/>\n<link rel=\"canonical\" href=\"https:\/\/srokacompany.com\/de\/produkt\/boom-aus-100-carbon-fuer-wing-v4-elite\/\" \/>\n<meta property=\"og:locale\" content=\"de_DE\" \/>\n<meta property=\"og:type\" content=\"article\" \/>\n<meta property=\"og:title\" content=\"Boom aus 100 % Carbon f\u00fcr Wing V4 Elite - SROKA Company\" \/>\n<meta property=\"og:description\" content=\"Die Wing V4 Elite erlebt einen Karbonboom. Es ist steifer und leichter. Der Carbon Boom wird dir deine Segeltouren erleichtern, egal auf welchem Niveau du segelst.\" \/>\n<meta property=\"og:url\" content=\"https:\/\/srokacompany.com\/de\/produkt\/boom-aus-100-carbon-fuer-wing-v4-elite\/\" \/>\n<meta property=\"og:site_name\" content=\"SROKA Company\" \/>\n<meta property=\"article:publisher\" content=\"https:\/\/www.facebook.com\/srokawatersports\/\" \/>\n<meta property=\"article:modified_time\" content=\"2025-06-26T20:58:02+00:00\" \/>\n<meta property=\"og:image\" content=\"https:\/\/srokacompany.com\/wp-content\/uploads\/2025\/05\/rendu-8.png\" \/>\n\t<meta property=\"og:image:width\" content=\"1920\" \/>\n\t<meta property=\"og:image:height\" content=\"1080\" \/>\n\t<meta property=\"og:image:type\" content=\"image\/png\" \/>\n<script type=\"application\/ld+json\" class=\"yoast-schema-graph\">{\"@context\":\"https:\\\/\\\/schema.org\",\"@graph\":[{\"@type\":\"WebPage\",\"@id\":\"https:\\\/\\\/srokacompany.com\\\/de\\\/produkt\\\/boom-aus-100-carbon-fuer-wing-v4-elite\\\/\",\"url\":\"https:\\\/\\\/srokacompany.com\\\/de\\\/produkt\\\/boom-aus-100-carbon-fuer-wing-v4-elite\\\/\",\"name\":\"Boom aus 100 % Carbon f\u00fcr Wing V4 Elite - SROKA Company\",\"isPartOf\":{\"@id\":\"https:\\\/\\\/srokacompany.com\\\/de\\\/#website\"},\"primaryImageOfPage\":{\"@id\":\"https:\\\/\\\/srokacompany.com\\\/de\\\/produkt\\\/boom-aus-100-carbon-fuer-wing-v4-elite\\\/#primaryimage\"},\"image\":{\"@id\":\"https:\\\/\\\/srokacompany.com\\\/de\\\/produkt\\\/boom-aus-100-carbon-fuer-wing-v4-elite\\\/#primaryimage\"},\"thumbnailUrl\":\"https:\\\/\\\/srokacompany.com\\\/wp-content\\\/uploads\\\/2025\\\/05\\\/rendu-8.png\",\"datePublished\":\"2025-05-02T20:51:03+00:00\",\"dateModified\":\"2025-06-26T20:58:02+00:00\",\"description\":\"Die Wing V4 Elite erlebt einen Karbonboom. Es ist steifer und leichter. Der Carbon Boom wird dir deine Segeltouren erleichtern, egal auf welchem Niveau du segelst.\",\"breadcrumb\":{\"@id\":\"https:\\\/\\\/srokacompany.com\\\/de\\\/produkt\\\/boom-aus-100-carbon-fuer-wing-v4-elite\\\/#breadcrumb\"},\"inLanguage\":\"de\",\"potentialAction\":[{\"@type\":\"ReadAction\",\"target\":[\"https:\\\/\\\/srokacompany.com\\\/de\\\/produkt\\\/boom-aus-100-carbon-fuer-wing-v4-elite\\\/\"]}]},{\"@type\":\"ImageObject\",\"inLanguage\":\"de\",\"@id\":\"https:\\\/\\\/srokacompany.com\\\/de\\\/produkt\\\/boom-aus-100-carbon-fuer-wing-v4-elite\\\/#primaryimage\",\"url\":\"https:\\\/\\\/srokacompany.com\\\/wp-content\\\/uploads\\\/2025\\\/05\\\/rendu-8.png\",\"contentUrl\":\"https:\\\/\\\/srokacompany.com\\\/wp-content\\\/uploads\\\/2025\\\/05\\\/rendu-8.png\",\"width\":1920,\"height\":1080,\"caption\":\"Boom carbone Wing\"},{\"@type\":\"BreadcrumbList\",\"@id\":\"https:\\\/\\\/srokacompany.com\\\/de\\\/produkt\\\/boom-aus-100-carbon-fuer-wing-v4-elite\\\/#breadcrumb\",\"itemListElement\":[{\"@type\":\"ListItem\",\"position\":1,\"name\":\"Accueil\",\"item\":\"https:\\\/\\\/srokacompany.com\\\/de\\\/\"},{\"@type\":\"ListItem\",\"position\":2,\"name\":\"Laden\",\"item\":\"https:\\\/\\\/srokacompany.com\\\/laden\\\/\"},{\"@type\":\"ListItem\",\"position\":3,\"name\":\"Boom aus 100 % Carbon f\u00fcr Wing V4 Elite\"}]},{\"@type\":\"WebSite\",\"@id\":\"https:\\\/\\\/srokacompany.com\\\/de\\\/#website\",\"url\":\"https:\\\/\\\/srokacompany.com\\\/de\\\/\",\"name\":\"SROKA Company\",\"description\":\"SUP, Kite, Foil, Wing\",\"publisher\":{\"@id\":\"https:\\\/\\\/srokacompany.com\\\/de\\\/#organization\"},\"potentialAction\":[{\"@type\":\"SearchAction\",\"target\":{\"@type\":\"EntryPoint\",\"urlTemplate\":\"https:\\\/\\\/srokacompany.com\\\/de\\\/?s={search_term_string}\"},\"query-input\":{\"@type\":\"PropertyValueSpecification\",\"valueRequired\":true,\"valueName\":\"search_term_string\"}}],\"inLanguage\":\"de\"},{\"@type\":\"Organization\",\"@id\":\"https:\\\/\\\/srokacompany.com\\\/de\\\/#organization\",\"name\":\"SROKACOMPANY\",\"alternateName\":\"SROKA\",\"url\":\"https:\\\/\\\/srokacompany.com\\\/de\\\/\",\"logo\":{\"@type\":\"ImageObject\",\"inLanguage\":\"de\",\"@id\":\"https:\\\/\\\/srokacompany.com\\\/de\\\/#\\\/schema\\\/logo\\\/image\\\/\",\"url\":\"https:\\\/\\\/srokacompany.com\\\/wp-content\\\/uploads\\\/2021\\\/01\\\/logo-sroka-black-transpa.png\",\"contentUrl\":\"https:\\\/\\\/srokacompany.com\\\/wp-content\\\/uploads\\\/2021\\\/01\\\/logo-sroka-black-transpa.png\",\"width\":1201,\"height\":342,\"caption\":\"SROKACOMPANY\"},\"image\":{\"@id\":\"https:\\\/\\\/srokacompany.com\\\/de\\\/#\\\/schema\\\/logo\\\/image\\\/\"},\"sameAs\":[\"https:\\\/\\\/www.facebook.com\\\/srokawatersports\\\/\",\"https:\\\/\\\/www.instagram.com\\\/srokawatersports\\\/\",\"https:\\\/\\\/www.youtube.com\\\/channel\\\/UCVLHHeaPIm-J5bdEUgxqtZA\"]}]}<\/script>\n<!-- \/ Yoast SEO plugin. -->","yoast_head_json":{"title":"Boom aus 100 % Carbon f\u00fcr Wing V4 Elite - SROKA Company","description":"Die Wing V4 Elite erlebt einen Karbonboom. Es ist steifer und leichter. Der Carbon Boom wird dir deine Segeltouren erleichtern, egal auf welchem Niveau du segelst.","robots":{"index":"index","follow":"follow","max-snippet":"max-snippet:-1","max-image-preview":"max-image-preview:large","max-video-preview":"max-video-preview:-1"},"canonical":"https:\/\/srokacompany.com\/de\/produkt\/boom-aus-100-carbon-fuer-wing-v4-elite\/","og_locale":"de_DE","og_type":"article","og_title":"Boom aus 100 % Carbon f\u00fcr Wing V4 Elite - SROKA Company","og_description":"Die Wing V4 Elite erlebt einen Karbonboom. Es ist steifer und leichter. Der Carbon Boom wird dir deine Segeltouren erleichtern, egal auf welchem Niveau du segelst.","og_url":"https:\/\/srokacompany.com\/de\/produkt\/boom-aus-100-carbon-fuer-wing-v4-elite\/","og_site_name":"SROKA Company","article_publisher":"https:\/\/www.facebook.com\/srokawatersports\/","article_modified_time":"2025-06-26T20:58:02+00:00","og_image":[{"width":1920,"height":1080,"url":"https:\/\/srokacompany.com\/wp-content\/uploads\/2025\/05\/rendu-8.png","type":"image\/png"}],"schema":{"@context":"https:\/\/schema.org","@graph":[{"@type":"WebPage","@id":"https:\/\/srokacompany.com\/de\/produkt\/boom-aus-100-carbon-fuer-wing-v4-elite\/","url":"https:\/\/srokacompany.com\/de\/produkt\/boom-aus-100-carbon-fuer-wing-v4-elite\/","name":"Boom aus 100 % Carbon f\u00fcr Wing V4 Elite - SROKA Company","isPartOf":{"@id":"https:\/\/srokacompany.com\/de\/#website"},"primaryImageOfPage":{"@id":"https:\/\/srokacompany.com\/de\/produkt\/boom-aus-100-carbon-fuer-wing-v4-elite\/#primaryimage"},"image":{"@id":"https:\/\/srokacompany.com\/de\/produkt\/boom-aus-100-carbon-fuer-wing-v4-elite\/#primaryimage"},"thumbnailUrl":"https:\/\/srokacompany.com\/wp-content\/uploads\/2025\/05\/rendu-8.png","datePublished":"2025-05-02T20:51:03+00:00","dateModified":"2025-06-26T20:58:02+00:00","description":"Die Wing V4 Elite erlebt einen Karbonboom. Es ist steifer und leichter. Der Carbon Boom wird dir deine Segeltouren erleichtern, egal auf welchem Niveau du segelst.","breadcrumb":{"@id":"https:\/\/srokacompany.com\/de\/produkt\/boom-aus-100-carbon-fuer-wing-v4-elite\/#breadcrumb"},"inLanguage":"de","potentialAction":[{"@type":"ReadAction","target":["https:\/\/srokacompany.com\/de\/produkt\/boom-aus-100-carbon-fuer-wing-v4-elite\/"]}]},{"@type":"ImageObject","inLanguage":"de","@id":"https:\/\/srokacompany.com\/de\/produkt\/boom-aus-100-carbon-fuer-wing-v4-elite\/#primaryimage","url":"https:\/\/srokacompany.com\/wp-content\/uploads\/2025\/05\/rendu-8.png","contentUrl":"https:\/\/srokacompany.com\/wp-content\/uploads\/2025\/05\/rendu-8.png","width":1920,"height":1080,"caption":"Boom carbone Wing"},{"@type":"BreadcrumbList","@id":"https:\/\/srokacompany.com\/de\/produkt\/boom-aus-100-carbon-fuer-wing-v4-elite\/#breadcrumb","itemListElement":[{"@type":"ListItem","position":1,"name":"Accueil","item":"https:\/\/srokacompany.com\/de\/"},{"@type":"ListItem","position":2,"name":"Laden","item":"https:\/\/srokacompany.com\/laden\/"},{"@type":"ListItem","position":3,"name":"Boom aus 100 % Carbon f\u00fcr Wing V4 Elite"}]},{"@type":"WebSite","@id":"https:\/\/srokacompany.com\/de\/#website","url":"https:\/\/srokacompany.com\/de\/","name":"SROKA Company","description":"SUP, Kite, Foil, Wing","publisher":{"@id":"https:\/\/srokacompany.com\/de\/#organization"},"potentialAction":[{"@type":"SearchAction","target":{"@type":"EntryPoint","urlTemplate":"https:\/\/srokacompany.com\/de\/?s={search_term_string}"},"query-input":{"@type":"PropertyValueSpecification","valueRequired":true,"valueName":"search_term_string"}}],"inLanguage":"de"},{"@type":"Organization","@id":"https:\/\/srokacompany.com\/de\/#organization","name":"SROKACOMPANY","alternateName":"SROKA","url":"https:\/\/srokacompany.com\/de\/","logo":{"@type":"ImageObject","inLanguage":"de","@id":"https:\/\/srokacompany.com\/de\/#\/schema\/logo\/image\/","url":"https:\/\/srokacompany.com\/wp-content\/uploads\/2021\/01\/logo-sroka-black-transpa.png","contentUrl":"https:\/\/srokacompany.com\/wp-content\/uploads\/2021\/01\/logo-sroka-black-transpa.png","width":1201,"height":342,"caption":"SROKACOMPANY"},"image":{"@id":"https:\/\/srokacompany.com\/de\/#\/schema\/logo\/image\/"},"sameAs":["https:\/\/www.facebook.com\/srokawatersports\/","https:\/\/www.instagram.com\/srokawatersports\/","https:\/\/www.youtube.com\/channel\/UCVLHHeaPIm-J5bdEUgxqtZA"]}]}},"uagb_featured_image_src":{"full":["https:\/\/srokacompany.com\/wp-content\/uploads\/2025\/05\/rendu-8.png",1920,1080,false],"thumbnail":["https:\/\/srokacompany.com\/wp-content\/uploads\/2025\/05\/rendu-8-150x150.png",150,150,true],"medium":["https:\/\/srokacompany.com\/wp-content\/uploads\/2025\/05\/rendu-8-300x169.png",300,169,true],"medium_large":["https:\/\/srokacompany.com\/wp-content\/uploads\/2025\/05\/rendu-8-768x432.png",768,432,true],"large":["https:\/\/srokacompany.com\/wp-content\/uploads\/2025\/05\/rendu-8-1024x576.png",1024,576,true],"1536x1536":["https:\/\/srokacompany.com\/wp-content\/uploads\/2025\/05\/rendu-8-1536x864.png",1536,864,true],"2048x2048":["https:\/\/srokacompany.com\/wp-content\/uploads\/2025\/05\/rendu-8.png",1920,1080,false],"woocommerce_thumbnail":["https:\/\/srokacompany.com\/wp-content\/uploads\/2025\/05\/rendu-8-600x338.png",600,338,true],"woocommerce_single":["https:\/\/srokacompany.com\/wp-content\/uploads\/2025\/05\/rendu-8-600x338.png",600,338,true],"woocommerce_gallery_thumbnail":["https:\/\/srokacompany.com\/wp-content\/uploads\/2025\/05\/rendu-8-100x100.png",100,100,true],"dgwt-wcas-product-suggestion":["https:\/\/srokacompany.com\/wp-content\/uploads\/2025\/05\/rendu-8-64x36.png",64,36,true]},"uagb_author_info":{"display_name":"Emmanuel DIJOUX","author_link":"https:\/\/srokacompany.com\/de\/blog\/author\/"},"uagb_comment_info":0,"uagb_excerpt":"Maximieren Sie Ihre Leistung mit dem ultraleichten und steifen SROKA Carbon Boom. Dieser Boom wurde speziell f\u00fcr die SROKA V4 Elite Wing Kites entworfen und setzt neue Ma\u00dfst\u00e4be in Sachen Leichtigkeit und Reaktionsf\u00e4higkeit. G\u00f6nnen Sie sich direkte Kontrolle in deinem V4 Elite Kite f\u00fcr pures Wing-Feeling foil.","jetpack_sharing_enabled":true,"_links":{"self":[{"href":"https:\/\/srokacompany.com\/de\/wp-json\/wp\/v2\/product\/341261","targetHints":{"allow":["GET"]}}],"collection":[{"href":"https:\/\/srokacompany.com\/de\/wp-json\/wp\/v2\/product"}],"about":[{"href":"https:\/\/srokacompany.com\/de\/wp-json\/wp\/v2\/types\/product"}],"wp:featuredmedia":[{"embeddable":true,"href":"https:\/\/srokacompany.com\/de\/wp-json\/wp\/v2\/media\/341264"}],"wp:attachment":[{"href":"https:\/\/srokacompany.com\/de\/wp-json\/wp\/v2\/media?parent=341261"}],"wp:term":[{"taxonomy":"product_brand","embeddable":true,"href":"https:\/\/srokacompany.com\/de\/wp-json\/wp\/v2\/product_brand?post=341261"},{"taxonomy":"product_cat","embeddable":true,"href":"https:\/\/srokacompany.com\/de\/wp-json\/wp\/v2\/product_cat?post=341261"},{"taxonomy":"product_tag","embeddable":true,"href":"https:\/\/srokacompany.com\/de\/wp-json\/wp\/v2\/product_tag?post=341261"}],"curies":[{"name":"wp","href":"https:\/\/api.w.org\/{rel}","templated":true}]}}