{"id":341326,"date":"2019-09-09T12:52:06","date_gmt":"2019-09-09T10:52:06","guid":{"rendered":"https:\/\/srokacompany.com\/produit\/vierkant-und-schraube-fuer-querruder\/"},"modified":"2025-06-27T00:05:01","modified_gmt":"2025-06-26T22:05:01","slug":"vierkant-und-schraube-fuer-querruder","status":"publish","type":"product","link":"https:\/\/srokacompany.com\/de\/produkt\/vierkant-und-schraube-fuer-querruder\/","title":{"rendered":"Vierkant und Schraube f\u00fcr Querruder"},"content":{"rendered":"<hr>\n<p>Dieses Produkt besteht aus einem Vierkant und einer Schraube, die f\u00fcr die Verschraubung an US-Boxen geeignet sind, um eine Finne an einem Brett anzubringen. Diese Elemente sind aus rostfreiem Edelstahl gefertigt, um eine bessere Best\u00e4ndigkeit gegen Wasser, Sand und Salz zu gew\u00e4hrleisten. <strong>Das Schraubsystem ist manuell<\/strong> und erfordert keinen Schraubendreher, um die Anwendung zu vereinfachen. Dieser Vierkant und die Schraube entsprechen der Norm, so dass sie f\u00fcr alle US-Boxen und alle Arten von Finnen geeignet sind.  <\/p>\n","protected":false},"excerpt":{"rendered":"<hr>\n<p>Dieses Produkt besteht aus einem Vierkant und einer Schraube, die f\u00fcr die Verschraubung an US-Boxen geeignet sind, um eine Finne an einem Brett anzubringen. Diese Elemente sind aus rostfreiem Edelstahl gefertigt, um eine bessere Best\u00e4ndigkeit gegen Wasser, Sand und Salz zu gew\u00e4hrleisten. <strong>Das Schraubsystem ist manuell<\/strong> und erfordert keinen Schraubendreher, um die Anwendung zu vereinfachen. Dieser Vierkant und die Schraube entsprechen der Norm, so dass sie f\u00fcr alle US-Boxen und alle Arten von Finnen geeignet sind.  <\/p>\n","protected":false},"featured_media":341327,"template":"","meta":{"_acf_changed":false,"_uag_custom_page_level_css":""},"product_brand":[],"product_cat":[3578],"product_tag":[],"class_list":{"0":"post-341326","1":"product","2":"type-product","3":"status-publish","4":"has-post-thumbnail","6":"product_cat-paddle-zubehor","8":"first","9":"instock","10":"taxable","11":"shipping-taxable","12":"purchasable","13":"product-type-simple"},"acf":[],"yoast_head":"<!-- This site is optimized with the Yoast SEO plugin v27.4 - https:\/\/yoast.com\/product\/yoast-seo-wordpress\/ -->\n<title>Vierkant und Schraube f\u00fcr US-Fl\u00fcgel Box - SROKA Company<\/title>\n<meta name=\"description\" content=\"Vierkant und Schrauben f\u00fcr Querruder mit US-Box. Entdecken Sie unser Sortiment an hochwertigem Zubeh\u00f6r zum besten Preis, damit Sie Ihre Sessions genie\u00dfen k\u00f6nnen!\" \/>\n<meta name=\"robots\" content=\"index, follow, max-snippet:-1, max-image-preview:large, max-video-preview:-1\" \/>\n<link rel=\"canonical\" href=\"https:\/\/srokacompany.com\/de\/produkt\/vierkant-und-schraube-fuer-querruder\/\" \/>\n<meta property=\"og:locale\" content=\"de_DE\" \/>\n<meta property=\"og:type\" content=\"article\" \/>\n<meta property=\"og:title\" content=\"Vierkant und Schraube f\u00fcr US-Fl\u00fcgel Box - SROKA Company\" \/>\n<meta property=\"og:description\" content=\"Vierkant und Schrauben f\u00fcr Querruder mit US-Box. Entdecken Sie unser Sortiment an hochwertigem Zubeh\u00f6r zum besten Preis, damit Sie Ihre Sessions genie\u00dfen k\u00f6nnen!\" \/>\n<meta property=\"og:url\" content=\"https:\/\/srokacompany.com\/de\/produkt\/vierkant-und-schraube-fuer-querruder\/\" \/>\n<meta property=\"og:site_name\" content=\"SROKA Company\" \/>\n<meta property=\"article:publisher\" content=\"https:\/\/www.facebook.com\/srokawatersports\/\" \/>\n<meta property=\"article:modified_time\" content=\"2025-06-26T22:05:01+00:00\" \/>\n<meta property=\"og:image\" content=\"https:\/\/srokacompany.com\/wp-content\/uploads\/2019\/09\/carre\u0301-et-vis-aileron-US-box-Sroka.jpg\" \/>\n\t<meta property=\"og:image:width\" content=\"780\" \/>\n\t<meta property=\"og:image:height\" content=\"1040\" \/>\n\t<meta property=\"og:image:type\" content=\"image\/jpeg\" \/>\n<script type=\"application\/ld+json\" class=\"yoast-schema-graph\">{\"@context\":\"https:\\\/\\\/schema.org\",\"@graph\":[{\"@type\":\"WebPage\",\"@id\":\"https:\\\/\\\/srokacompany.com\\\/de\\\/produkt\\\/vierkant-und-schraube-fuer-querruder\\\/\",\"url\":\"https:\\\/\\\/srokacompany.com\\\/de\\\/produkt\\\/vierkant-und-schraube-fuer-querruder\\\/\",\"name\":\"Vierkant und Schraube f\u00fcr US-Fl\u00fcgel Box - SROKA Company\",\"isPartOf\":{\"@id\":\"https:\\\/\\\/srokacompany.com\\\/de\\\/#website\"},\"primaryImageOfPage\":{\"@id\":\"https:\\\/\\\/srokacompany.com\\\/de\\\/produkt\\\/vierkant-und-schraube-fuer-querruder\\\/#primaryimage\"},\"image\":{\"@id\":\"https:\\\/\\\/srokacompany.com\\\/de\\\/produkt\\\/vierkant-und-schraube-fuer-querruder\\\/#primaryimage\"},\"thumbnailUrl\":\"https:\\\/\\\/srokacompany.com\\\/wp-content\\\/uploads\\\/2019\\\/09\\\/carre\u0301-et-vis-aileron-US-box-Sroka.jpg\",\"datePublished\":\"2019-09-09T10:52:06+00:00\",\"dateModified\":\"2025-06-26T22:05:01+00:00\",\"description\":\"Vierkant und Schrauben f\u00fcr Querruder mit US-Box. Entdecken Sie unser Sortiment an hochwertigem Zubeh\u00f6r zum besten Preis, damit Sie Ihre Sessions genie\u00dfen k\u00f6nnen!\",\"breadcrumb\":{\"@id\":\"https:\\\/\\\/srokacompany.com\\\/de\\\/produkt\\\/vierkant-und-schraube-fuer-querruder\\\/#breadcrumb\"},\"inLanguage\":\"de\",\"potentialAction\":[{\"@type\":\"ReadAction\",\"target\":[\"https:\\\/\\\/srokacompany.com\\\/de\\\/produkt\\\/vierkant-und-schraube-fuer-querruder\\\/\"]}]},{\"@type\":\"ImageObject\",\"inLanguage\":\"de\",\"@id\":\"https:\\\/\\\/srokacompany.com\\\/de\\\/produkt\\\/vierkant-und-schraube-fuer-querruder\\\/#primaryimage\",\"url\":\"https:\\\/\\\/srokacompany.com\\\/wp-content\\\/uploads\\\/2019\\\/09\\\/carre\u0301-et-vis-aileron-US-box-Sroka.jpg\",\"contentUrl\":\"https:\\\/\\\/srokacompany.com\\\/wp-content\\\/uploads\\\/2019\\\/09\\\/carre\u0301-et-vis-aileron-US-box-Sroka.jpg\",\"width\":780,\"height\":1040},{\"@type\":\"BreadcrumbList\",\"@id\":\"https:\\\/\\\/srokacompany.com\\\/de\\\/produkt\\\/vierkant-und-schraube-fuer-querruder\\\/#breadcrumb\",\"itemListElement\":[{\"@type\":\"ListItem\",\"position\":1,\"name\":\"Accueil\",\"item\":\"https:\\\/\\\/srokacompany.com\\\/de\\\/\"},{\"@type\":\"ListItem\",\"position\":2,\"name\":\"Laden\",\"item\":\"https:\\\/\\\/srokacompany.com\\\/laden\\\/\"},{\"@type\":\"ListItem\",\"position\":3,\"name\":\"Vierkant und Schraube f\u00fcr Querruder\"}]},{\"@type\":\"WebSite\",\"@id\":\"https:\\\/\\\/srokacompany.com\\\/de\\\/#website\",\"url\":\"https:\\\/\\\/srokacompany.com\\\/de\\\/\",\"name\":\"SROKA Company\",\"description\":\"SUP, Kite, Foil, Wing\",\"publisher\":{\"@id\":\"https:\\\/\\\/srokacompany.com\\\/de\\\/#organization\"},\"potentialAction\":[{\"@type\":\"SearchAction\",\"target\":{\"@type\":\"EntryPoint\",\"urlTemplate\":\"https:\\\/\\\/srokacompany.com\\\/de\\\/?s={search_term_string}\"},\"query-input\":{\"@type\":\"PropertyValueSpecification\",\"valueRequired\":true,\"valueName\":\"search_term_string\"}}],\"inLanguage\":\"de\"},{\"@type\":\"Organization\",\"@id\":\"https:\\\/\\\/srokacompany.com\\\/de\\\/#organization\",\"name\":\"SROKACOMPANY\",\"alternateName\":\"SROKA\",\"url\":\"https:\\\/\\\/srokacompany.com\\\/de\\\/\",\"logo\":{\"@type\":\"ImageObject\",\"inLanguage\":\"de\",\"@id\":\"https:\\\/\\\/srokacompany.com\\\/de\\\/#\\\/schema\\\/logo\\\/image\\\/\",\"url\":\"https:\\\/\\\/srokacompany.com\\\/wp-content\\\/uploads\\\/2021\\\/01\\\/logo-sroka-black-transpa.png\",\"contentUrl\":\"https:\\\/\\\/srokacompany.com\\\/wp-content\\\/uploads\\\/2021\\\/01\\\/logo-sroka-black-transpa.png\",\"width\":1201,\"height\":342,\"caption\":\"SROKACOMPANY\"},\"image\":{\"@id\":\"https:\\\/\\\/srokacompany.com\\\/de\\\/#\\\/schema\\\/logo\\\/image\\\/\"},\"sameAs\":[\"https:\\\/\\\/www.facebook.com\\\/srokawatersports\\\/\",\"https:\\\/\\\/www.instagram.com\\\/srokawatersports\\\/\",\"https:\\\/\\\/www.youtube.com\\\/channel\\\/UCVLHHeaPIm-J5bdEUgxqtZA\"]}]}<\/script>\n<!-- \/ Yoast SEO plugin. -->","yoast_head_json":{"title":"Vierkant und Schraube f\u00fcr US-Fl\u00fcgel Box - SROKA Company","description":"Vierkant und Schrauben f\u00fcr Querruder mit US-Box. Entdecken Sie unser Sortiment an hochwertigem Zubeh\u00f6r zum besten Preis, damit Sie Ihre Sessions genie\u00dfen k\u00f6nnen!","robots":{"index":"index","follow":"follow","max-snippet":"max-snippet:-1","max-image-preview":"max-image-preview:large","max-video-preview":"max-video-preview:-1"},"canonical":"https:\/\/srokacompany.com\/de\/produkt\/vierkant-und-schraube-fuer-querruder\/","og_locale":"de_DE","og_type":"article","og_title":"Vierkant und Schraube f\u00fcr US-Fl\u00fcgel Box - SROKA Company","og_description":"Vierkant und Schrauben f\u00fcr Querruder mit US-Box. Entdecken Sie unser Sortiment an hochwertigem Zubeh\u00f6r zum besten Preis, damit Sie Ihre Sessions genie\u00dfen k\u00f6nnen!","og_url":"https:\/\/srokacompany.com\/de\/produkt\/vierkant-und-schraube-fuer-querruder\/","og_site_name":"SROKA Company","article_publisher":"https:\/\/www.facebook.com\/srokawatersports\/","article_modified_time":"2025-06-26T22:05:01+00:00","og_image":[{"width":780,"height":1040,"url":"https:\/\/srokacompany.com\/wp-content\/uploads\/2019\/09\/carre\u0301-et-vis-aileron-US-box-Sroka.jpg","type":"image\/jpeg"}],"schema":{"@context":"https:\/\/schema.org","@graph":[{"@type":"WebPage","@id":"https:\/\/srokacompany.com\/de\/produkt\/vierkant-und-schraube-fuer-querruder\/","url":"https:\/\/srokacompany.com\/de\/produkt\/vierkant-und-schraube-fuer-querruder\/","name":"Vierkant und Schraube f\u00fcr US-Fl\u00fcgel Box - SROKA Company","isPartOf":{"@id":"https:\/\/srokacompany.com\/de\/#website"},"primaryImageOfPage":{"@id":"https:\/\/srokacompany.com\/de\/produkt\/vierkant-und-schraube-fuer-querruder\/#primaryimage"},"image":{"@id":"https:\/\/srokacompany.com\/de\/produkt\/vierkant-und-schraube-fuer-querruder\/#primaryimage"},"thumbnailUrl":"https:\/\/srokacompany.com\/wp-content\/uploads\/2019\/09\/carre\u0301-et-vis-aileron-US-box-Sroka.jpg","datePublished":"2019-09-09T10:52:06+00:00","dateModified":"2025-06-26T22:05:01+00:00","description":"Vierkant und Schrauben f\u00fcr Querruder mit US-Box. Entdecken Sie unser Sortiment an hochwertigem Zubeh\u00f6r zum besten Preis, damit Sie Ihre Sessions genie\u00dfen k\u00f6nnen!","breadcrumb":{"@id":"https:\/\/srokacompany.com\/de\/produkt\/vierkant-und-schraube-fuer-querruder\/#breadcrumb"},"inLanguage":"de","potentialAction":[{"@type":"ReadAction","target":["https:\/\/srokacompany.com\/de\/produkt\/vierkant-und-schraube-fuer-querruder\/"]}]},{"@type":"ImageObject","inLanguage":"de","@id":"https:\/\/srokacompany.com\/de\/produkt\/vierkant-und-schraube-fuer-querruder\/#primaryimage","url":"https:\/\/srokacompany.com\/wp-content\/uploads\/2019\/09\/carre\u0301-et-vis-aileron-US-box-Sroka.jpg","contentUrl":"https:\/\/srokacompany.com\/wp-content\/uploads\/2019\/09\/carre\u0301-et-vis-aileron-US-box-Sroka.jpg","width":780,"height":1040},{"@type":"BreadcrumbList","@id":"https:\/\/srokacompany.com\/de\/produkt\/vierkant-und-schraube-fuer-querruder\/#breadcrumb","itemListElement":[{"@type":"ListItem","position":1,"name":"Accueil","item":"https:\/\/srokacompany.com\/de\/"},{"@type":"ListItem","position":2,"name":"Laden","item":"https:\/\/srokacompany.com\/laden\/"},{"@type":"ListItem","position":3,"name":"Vierkant und Schraube f\u00fcr Querruder"}]},{"@type":"WebSite","@id":"https:\/\/srokacompany.com\/de\/#website","url":"https:\/\/srokacompany.com\/de\/","name":"SROKA Company","description":"SUP, Kite, Foil, Wing","publisher":{"@id":"https:\/\/srokacompany.com\/de\/#organization"},"potentialAction":[{"@type":"SearchAction","target":{"@type":"EntryPoint","urlTemplate":"https:\/\/srokacompany.com\/de\/?s={search_term_string}"},"query-input":{"@type":"PropertyValueSpecification","valueRequired":true,"valueName":"search_term_string"}}],"inLanguage":"de"},{"@type":"Organization","@id":"https:\/\/srokacompany.com\/de\/#organization","name":"SROKACOMPANY","alternateName":"SROKA","url":"https:\/\/srokacompany.com\/de\/","logo":{"@type":"ImageObject","inLanguage":"de","@id":"https:\/\/srokacompany.com\/de\/#\/schema\/logo\/image\/","url":"https:\/\/srokacompany.com\/wp-content\/uploads\/2021\/01\/logo-sroka-black-transpa.png","contentUrl":"https:\/\/srokacompany.com\/wp-content\/uploads\/2021\/01\/logo-sroka-black-transpa.png","width":1201,"height":342,"caption":"SROKACOMPANY"},"image":{"@id":"https:\/\/srokacompany.com\/de\/#\/schema\/logo\/image\/"},"sameAs":["https:\/\/www.facebook.com\/srokawatersports\/","https:\/\/www.instagram.com\/srokawatersports\/","https:\/\/www.youtube.com\/channel\/UCVLHHeaPIm-J5bdEUgxqtZA"]}]}},"uagb_featured_image_src":{"full":["https:\/\/srokacompany.com\/wp-content\/uploads\/2019\/09\/carre\u0301-et-vis-aileron-US-box-Sroka.jpg",780,1040,false],"thumbnail":["https:\/\/srokacompany.com\/wp-content\/uploads\/2019\/09\/carre\u0301-et-vis-aileron-US-box-Sroka-150x150.jpg",150,150,true],"medium":["https:\/\/srokacompany.com\/wp-content\/uploads\/2019\/09\/carre\u0301-et-vis-aileron-US-box-Sroka-225x300.jpg",225,300,true],"medium_large":["https:\/\/srokacompany.com\/wp-content\/uploads\/2019\/09\/carre\u0301-et-vis-aileron-US-box-Sroka-768x1024.jpg",768,1024,true],"large":["https:\/\/srokacompany.com\/wp-content\/uploads\/2019\/09\/carre\u0301-et-vis-aileron-US-box-Sroka-768x1024.jpg",768,1024,true],"1536x1536":["https:\/\/srokacompany.com\/wp-content\/uploads\/2019\/09\/carre\u0301-et-vis-aileron-US-box-Sroka.jpg",780,1040,false],"2048x2048":["https:\/\/srokacompany.com\/wp-content\/uploads\/2019\/09\/carre\u0301-et-vis-aileron-US-box-Sroka.jpg",780,1040,false],"woocommerce_thumbnail":["https:\/\/srokacompany.com\/wp-content\/uploads\/2019\/09\/carre\u0301-et-vis-aileron-US-box-Sroka-600x800.jpg",600,800,true],"woocommerce_single":["https:\/\/srokacompany.com\/wp-content\/uploads\/2019\/09\/carre\u0301-et-vis-aileron-US-box-Sroka-600x800.jpg",600,800,true],"woocommerce_gallery_thumbnail":["https:\/\/srokacompany.com\/wp-content\/uploads\/2019\/09\/carre\u0301-et-vis-aileron-US-box-Sroka-100x100.jpg",100,100,true],"dgwt-wcas-product-suggestion":["https:\/\/srokacompany.com\/wp-content\/uploads\/2019\/09\/carre\u0301-et-vis-aileron-US-box-Sroka.jpg",64,85,false]},"uagb_author_info":{"display_name":"","author_link":"https:\/\/srokacompany.com\/de\/blog\/author\/"},"uagb_comment_info":0,"uagb_excerpt":"Dieses Produkt besteht aus einem Vierkant und einer Schraube, die f\u00fcr die Verschraubung an US-Boxen geeignet sind, um eine Finne an einem Brett anzubringen. Diese Elemente sind aus rostfreiem Edelstahl gefertigt, um eine bessere Best\u00e4ndigkeit gegen Wasser, Sand und Salz zu gew\u00e4hrleisten. Das Schraubsystem ist manuell und erfordert keinen Schraubendreher, um die Anwendung zu vereinfachen.&hellip;","jetpack_sharing_enabled":true,"_links":{"self":[{"href":"https:\/\/srokacompany.com\/de\/wp-json\/wp\/v2\/product\/341326","targetHints":{"allow":["GET"]}}],"collection":[{"href":"https:\/\/srokacompany.com\/de\/wp-json\/wp\/v2\/product"}],"about":[{"href":"https:\/\/srokacompany.com\/de\/wp-json\/wp\/v2\/types\/product"}],"wp:featuredmedia":[{"embeddable":true,"href":"https:\/\/srokacompany.com\/de\/wp-json\/wp\/v2\/media\/341327"}],"wp:attachment":[{"href":"https:\/\/srokacompany.com\/de\/wp-json\/wp\/v2\/media?parent=341326"}],"wp:term":[{"taxonomy":"product_brand","embeddable":true,"href":"https:\/\/srokacompany.com\/de\/wp-json\/wp\/v2\/product_brand?post=341326"},{"taxonomy":"product_cat","embeddable":true,"href":"https:\/\/srokacompany.com\/de\/wp-json\/wp\/v2\/product_cat?post=341326"},{"taxonomy":"product_tag","embeddable":true,"href":"https:\/\/srokacompany.com\/de\/wp-json\/wp\/v2\/product_tag?post=341326"}],"curies":[{"name":"wp","href":"https:\/\/api.w.org\/{rel}","templated":true}]}}