{"id":341349,"date":"2019-09-09T13:52:40","date_gmt":"2019-09-09T11:52:40","guid":{"rendered":"https:\/\/srokacompany.com\/produit\/vierkant-und-schrauben-fuer-tragflaechenboote-doppel-us-box-x4\/"},"modified":"2025-06-27T00:04:45","modified_gmt":"2025-06-26T22:04:45","slug":"vierkant-und-schrauben-fuer-tragflaechenboote-doppel-us-box-x4","status":"publish","type":"product","link":"https:\/\/srokacompany.com\/de\/produkt\/vierkant-und-schrauben-fuer-tragflaechenboote-doppel-us-box-x4\/","title":{"rendered":"Vierkant und Schrauben f\u00fcr Tragfl\u00e4chenboote Doppel US Box (x4)"},"content":{"rendered":"<hr>\n<p>Dieser Satz besteht aus vier Quadraten und vier Schrauben, die f\u00fcr die Verschraubung an einem Geh\u00e4use vom Typ Doppel-US-Box geeignet sind, um ein Hydrofoil ein Brett zu installieren. Diese Elemente sind aus rostfreiem Edelstahl, um eine bessere Best\u00e4ndigkeit gegen Wasser, Sand und Salz zu gew\u00e4hrleisten. <strong>Das Schraubsystem<\/strong> <strong>erfordert einen Wollschl\u00fcssel der Gr\u00f6\u00dfe 4 mm<\/strong>, aber keinen Schraubendreher, um die Anwendung zu vereinfachen. Die 6 mm gro\u00dfen Schrauben und Vierkantschrauben entsprechen der Norm und passen auf alle US-Boxen und alle Arten von Tragfl\u00fcgelbooten mit klassischer Platinenmontage.  <\/p>\n","protected":false},"excerpt":{"rendered":"<hr>\n<p>Dieser Satz besteht aus vier Quadraten und vier Schrauben, die f\u00fcr die Verschraubung an einem Geh\u00e4use vom Typ Doppel-US-Box geeignet sind, um ein Hydrofoil ein Brett zu installieren. Diese Elemente sind aus rostfreiem Edelstahl, um eine bessere Best\u00e4ndigkeit gegen Wasser, Sand und Salz zu gew\u00e4hrleisten. <strong>Das Schraubsystem<\/strong> <strong>erfordert einen Wollschl\u00fcssel der Gr\u00f6\u00dfe 4 mm<\/strong>, aber keinen Schraubendreher, um die Anwendung zu vereinfachen. Die 6 mm gro\u00dfen Schrauben und Vierkantschrauben entsprechen der Norm und passen auf alle US-Boxen und alle Arten von Tragfl\u00fcgelbooten mit klassischer Platinenmontage.  <\/p>\n","protected":false},"featured_media":341354,"template":"","meta":{"_acf_changed":false,"_uag_custom_page_level_css":""},"product_brand":[],"product_cat":[3471,3592,3591],"product_tag":[],"class_list":{"0":"post-341349","1":"product","2":"type-product","3":"status-publish","4":"has-post-thumbnail","6":"product_cat-surf-foil-de","7":"product_cat-surf-zubehor-foil","8":"product_cat-zubehor-foil","9":"product_shipping_class-schraube-einheit","11":"first","12":"instock","13":"taxable","14":"shipping-taxable","15":"purchasable","16":"product-type-simple"},"acf":[],"yoast_head":"<!-- This site is optimized with the Yoast SEO plugin v27.4 - https:\/\/yoast.com\/product\/yoast-seo-wordpress\/ -->\n<title>Vierkant und Schrauben f\u00fcr Hydrofoil (x4) Doppel US Box - SROKA Company<\/title>\n<meta name=\"description\" content=\"Vierkant und Schraube f\u00fcr Doppel-Hydrofoil US Box SROKA Company. Entdecken Sie unser Sortiment S-Foil 6 in 1: Surf &amp; SUP Foil , Kite Foil, Wake Foil, Windfoil, Wing Foil !\" \/>\n<meta name=\"robots\" content=\"index, follow, max-snippet:-1, max-image-preview:large, max-video-preview:-1\" \/>\n<link rel=\"canonical\" href=\"https:\/\/srokacompany.com\/de\/produkt\/vierkant-und-schrauben-fuer-tragflaechenboote-doppel-us-box-x4\/\" \/>\n<meta property=\"og:locale\" content=\"de_DE\" \/>\n<meta property=\"og:type\" content=\"article\" \/>\n<meta property=\"og:title\" content=\"Vierkant und Schrauben f\u00fcr Hydrofoil (x4) Doppel US Box - SROKA Company\" \/>\n<meta property=\"og:description\" content=\"Vierkant und Schraube f\u00fcr Doppel-Hydrofoil US Box SROKA Company. Entdecken Sie unser Sortiment S-Foil 6 in 1: Surf &amp; SUP Foil , Kite Foil, Wake Foil, Windfoil, Wing Foil !\" \/>\n<meta property=\"og:url\" content=\"https:\/\/srokacompany.com\/de\/produkt\/vierkant-und-schrauben-fuer-tragflaechenboote-doppel-us-box-x4\/\" \/>\n<meta property=\"og:site_name\" content=\"SROKA Company\" \/>\n<meta property=\"article:publisher\" content=\"https:\/\/www.facebook.com\/srokawatersports\/\" \/>\n<meta property=\"article:modified_time\" content=\"2025-06-26T22:04:45+00:00\" \/>\n<meta property=\"og:image\" content=\"https:\/\/srokacompany.com\/wp-content\/uploads\/2019\/09\/Vis-platines-S-Foil.jpg\" \/>\n\t<meta property=\"og:image:width\" content=\"1560\" \/>\n\t<meta property=\"og:image:height\" content=\"2080\" \/>\n\t<meta property=\"og:image:type\" content=\"image\/jpeg\" \/>\n<script type=\"application\/ld+json\" class=\"yoast-schema-graph\">{\"@context\":\"https:\\\/\\\/schema.org\",\"@graph\":[{\"@type\":\"WebPage\",\"@id\":\"https:\\\/\\\/srokacompany.com\\\/de\\\/produkt\\\/vierkant-und-schrauben-fuer-tragflaechenboote-doppel-us-box-x4\\\/\",\"url\":\"https:\\\/\\\/srokacompany.com\\\/de\\\/produkt\\\/vierkant-und-schrauben-fuer-tragflaechenboote-doppel-us-box-x4\\\/\",\"name\":\"Vierkant und Schrauben f\u00fcr Hydrofoil (x4) Doppel US Box - SROKA Company\",\"isPartOf\":{\"@id\":\"https:\\\/\\\/srokacompany.com\\\/de\\\/#website\"},\"primaryImageOfPage\":{\"@id\":\"https:\\\/\\\/srokacompany.com\\\/de\\\/produkt\\\/vierkant-und-schrauben-fuer-tragflaechenboote-doppel-us-box-x4\\\/#primaryimage\"},\"image\":{\"@id\":\"https:\\\/\\\/srokacompany.com\\\/de\\\/produkt\\\/vierkant-und-schrauben-fuer-tragflaechenboote-doppel-us-box-x4\\\/#primaryimage\"},\"thumbnailUrl\":\"https:\\\/\\\/srokacompany.com\\\/wp-content\\\/uploads\\\/2019\\\/09\\\/Vis-platines-S-Foil.jpg\",\"datePublished\":\"2019-09-09T11:52:40+00:00\",\"dateModified\":\"2025-06-26T22:04:45+00:00\",\"description\":\"Vierkant und Schraube f\u00fcr Doppel-Hydrofoil US Box SROKA Company. Entdecken Sie unser Sortiment S-Foil 6 in 1: Surf & SUP Foil , Kite Foil, Wake Foil, Windfoil, Wing Foil !\",\"breadcrumb\":{\"@id\":\"https:\\\/\\\/srokacompany.com\\\/de\\\/produkt\\\/vierkant-und-schrauben-fuer-tragflaechenboote-doppel-us-box-x4\\\/#breadcrumb\"},\"inLanguage\":\"de\",\"potentialAction\":[{\"@type\":\"ReadAction\",\"target\":[\"https:\\\/\\\/srokacompany.com\\\/de\\\/produkt\\\/vierkant-und-schrauben-fuer-tragflaechenboote-doppel-us-box-x4\\\/\"]}]},{\"@type\":\"ImageObject\",\"inLanguage\":\"de\",\"@id\":\"https:\\\/\\\/srokacompany.com\\\/de\\\/produkt\\\/vierkant-und-schrauben-fuer-tragflaechenboote-doppel-us-box-x4\\\/#primaryimage\",\"url\":\"https:\\\/\\\/srokacompany.com\\\/wp-content\\\/uploads\\\/2019\\\/09\\\/Vis-platines-S-Foil.jpg\",\"contentUrl\":\"https:\\\/\\\/srokacompany.com\\\/wp-content\\\/uploads\\\/2019\\\/09\\\/Vis-platines-S-Foil.jpg\",\"width\":1560,\"height\":2080,\"caption\":\"Schraubenset zur Befestigung des foil am Brett auf einer doppelten US-Schiene, Gr\u00f6\u00dfe M6\"},{\"@type\":\"BreadcrumbList\",\"@id\":\"https:\\\/\\\/srokacompany.com\\\/de\\\/produkt\\\/vierkant-und-schrauben-fuer-tragflaechenboote-doppel-us-box-x4\\\/#breadcrumb\",\"itemListElement\":[{\"@type\":\"ListItem\",\"position\":1,\"name\":\"Accueil\",\"item\":\"https:\\\/\\\/srokacompany.com\\\/de\\\/\"},{\"@type\":\"ListItem\",\"position\":2,\"name\":\"Laden\",\"item\":\"https:\\\/\\\/srokacompany.com\\\/laden\\\/\"},{\"@type\":\"ListItem\",\"position\":3,\"name\":\"Vierkant und Schrauben f\u00fcr Tragfl\u00e4chenboote Doppel US Box (x4)\"}]},{\"@type\":\"WebSite\",\"@id\":\"https:\\\/\\\/srokacompany.com\\\/de\\\/#website\",\"url\":\"https:\\\/\\\/srokacompany.com\\\/de\\\/\",\"name\":\"SROKA Company\",\"description\":\"SUP, Kite, Foil, Wing\",\"publisher\":{\"@id\":\"https:\\\/\\\/srokacompany.com\\\/de\\\/#organization\"},\"potentialAction\":[{\"@type\":\"SearchAction\",\"target\":{\"@type\":\"EntryPoint\",\"urlTemplate\":\"https:\\\/\\\/srokacompany.com\\\/de\\\/?s={search_term_string}\"},\"query-input\":{\"@type\":\"PropertyValueSpecification\",\"valueRequired\":true,\"valueName\":\"search_term_string\"}}],\"inLanguage\":\"de\"},{\"@type\":\"Organization\",\"@id\":\"https:\\\/\\\/srokacompany.com\\\/de\\\/#organization\",\"name\":\"SROKACOMPANY\",\"alternateName\":\"SROKA\",\"url\":\"https:\\\/\\\/srokacompany.com\\\/de\\\/\",\"logo\":{\"@type\":\"ImageObject\",\"inLanguage\":\"de\",\"@id\":\"https:\\\/\\\/srokacompany.com\\\/de\\\/#\\\/schema\\\/logo\\\/image\\\/\",\"url\":\"https:\\\/\\\/srokacompany.com\\\/wp-content\\\/uploads\\\/2021\\\/01\\\/logo-sroka-black-transpa.png\",\"contentUrl\":\"https:\\\/\\\/srokacompany.com\\\/wp-content\\\/uploads\\\/2021\\\/01\\\/logo-sroka-black-transpa.png\",\"width\":1201,\"height\":342,\"caption\":\"SROKACOMPANY\"},\"image\":{\"@id\":\"https:\\\/\\\/srokacompany.com\\\/de\\\/#\\\/schema\\\/logo\\\/image\\\/\"},\"sameAs\":[\"https:\\\/\\\/www.facebook.com\\\/srokawatersports\\\/\",\"https:\\\/\\\/www.instagram.com\\\/srokawatersports\\\/\",\"https:\\\/\\\/www.youtube.com\\\/channel\\\/UCVLHHeaPIm-J5bdEUgxqtZA\"]}]}<\/script>\n<!-- \/ Yoast SEO plugin. -->","yoast_head_json":{"title":"Vierkant und Schrauben f\u00fcr Hydrofoil (x4) Doppel US Box - SROKA Company","description":"Vierkant und Schraube f\u00fcr Doppel-Hydrofoil US Box SROKA Company. Entdecken Sie unser Sortiment S-Foil 6 in 1: Surf & SUP Foil , Kite Foil, Wake Foil, Windfoil, Wing Foil !","robots":{"index":"index","follow":"follow","max-snippet":"max-snippet:-1","max-image-preview":"max-image-preview:large","max-video-preview":"max-video-preview:-1"},"canonical":"https:\/\/srokacompany.com\/de\/produkt\/vierkant-und-schrauben-fuer-tragflaechenboote-doppel-us-box-x4\/","og_locale":"de_DE","og_type":"article","og_title":"Vierkant und Schrauben f\u00fcr Hydrofoil (x4) Doppel US Box - SROKA Company","og_description":"Vierkant und Schraube f\u00fcr Doppel-Hydrofoil US Box SROKA Company. Entdecken Sie unser Sortiment S-Foil 6 in 1: Surf & SUP Foil , Kite Foil, Wake Foil, Windfoil, Wing Foil !","og_url":"https:\/\/srokacompany.com\/de\/produkt\/vierkant-und-schrauben-fuer-tragflaechenboote-doppel-us-box-x4\/","og_site_name":"SROKA Company","article_publisher":"https:\/\/www.facebook.com\/srokawatersports\/","article_modified_time":"2025-06-26T22:04:45+00:00","og_image":[{"width":1560,"height":2080,"url":"https:\/\/srokacompany.com\/wp-content\/uploads\/2019\/09\/Vis-platines-S-Foil.jpg","type":"image\/jpeg"}],"schema":{"@context":"https:\/\/schema.org","@graph":[{"@type":"WebPage","@id":"https:\/\/srokacompany.com\/de\/produkt\/vierkant-und-schrauben-fuer-tragflaechenboote-doppel-us-box-x4\/","url":"https:\/\/srokacompany.com\/de\/produkt\/vierkant-und-schrauben-fuer-tragflaechenboote-doppel-us-box-x4\/","name":"Vierkant und Schrauben f\u00fcr Hydrofoil (x4) Doppel US Box - SROKA Company","isPartOf":{"@id":"https:\/\/srokacompany.com\/de\/#website"},"primaryImageOfPage":{"@id":"https:\/\/srokacompany.com\/de\/produkt\/vierkant-und-schrauben-fuer-tragflaechenboote-doppel-us-box-x4\/#primaryimage"},"image":{"@id":"https:\/\/srokacompany.com\/de\/produkt\/vierkant-und-schrauben-fuer-tragflaechenboote-doppel-us-box-x4\/#primaryimage"},"thumbnailUrl":"https:\/\/srokacompany.com\/wp-content\/uploads\/2019\/09\/Vis-platines-S-Foil.jpg","datePublished":"2019-09-09T11:52:40+00:00","dateModified":"2025-06-26T22:04:45+00:00","description":"Vierkant und Schraube f\u00fcr Doppel-Hydrofoil US Box SROKA Company. Entdecken Sie unser Sortiment S-Foil 6 in 1: Surf & SUP Foil , Kite Foil, Wake Foil, Windfoil, Wing Foil !","breadcrumb":{"@id":"https:\/\/srokacompany.com\/de\/produkt\/vierkant-und-schrauben-fuer-tragflaechenboote-doppel-us-box-x4\/#breadcrumb"},"inLanguage":"de","potentialAction":[{"@type":"ReadAction","target":["https:\/\/srokacompany.com\/de\/produkt\/vierkant-und-schrauben-fuer-tragflaechenboote-doppel-us-box-x4\/"]}]},{"@type":"ImageObject","inLanguage":"de","@id":"https:\/\/srokacompany.com\/de\/produkt\/vierkant-und-schrauben-fuer-tragflaechenboote-doppel-us-box-x4\/#primaryimage","url":"https:\/\/srokacompany.com\/wp-content\/uploads\/2019\/09\/Vis-platines-S-Foil.jpg","contentUrl":"https:\/\/srokacompany.com\/wp-content\/uploads\/2019\/09\/Vis-platines-S-Foil.jpg","width":1560,"height":2080,"caption":"Schraubenset zur Befestigung des foil am Brett auf einer doppelten US-Schiene, Gr\u00f6\u00dfe M6"},{"@type":"BreadcrumbList","@id":"https:\/\/srokacompany.com\/de\/produkt\/vierkant-und-schrauben-fuer-tragflaechenboote-doppel-us-box-x4\/#breadcrumb","itemListElement":[{"@type":"ListItem","position":1,"name":"Accueil","item":"https:\/\/srokacompany.com\/de\/"},{"@type":"ListItem","position":2,"name":"Laden","item":"https:\/\/srokacompany.com\/laden\/"},{"@type":"ListItem","position":3,"name":"Vierkant und Schrauben f\u00fcr Tragfl\u00e4chenboote Doppel US Box (x4)"}]},{"@type":"WebSite","@id":"https:\/\/srokacompany.com\/de\/#website","url":"https:\/\/srokacompany.com\/de\/","name":"SROKA Company","description":"SUP, Kite, Foil, Wing","publisher":{"@id":"https:\/\/srokacompany.com\/de\/#organization"},"potentialAction":[{"@type":"SearchAction","target":{"@type":"EntryPoint","urlTemplate":"https:\/\/srokacompany.com\/de\/?s={search_term_string}"},"query-input":{"@type":"PropertyValueSpecification","valueRequired":true,"valueName":"search_term_string"}}],"inLanguage":"de"},{"@type":"Organization","@id":"https:\/\/srokacompany.com\/de\/#organization","name":"SROKACOMPANY","alternateName":"SROKA","url":"https:\/\/srokacompany.com\/de\/","logo":{"@type":"ImageObject","inLanguage":"de","@id":"https:\/\/srokacompany.com\/de\/#\/schema\/logo\/image\/","url":"https:\/\/srokacompany.com\/wp-content\/uploads\/2021\/01\/logo-sroka-black-transpa.png","contentUrl":"https:\/\/srokacompany.com\/wp-content\/uploads\/2021\/01\/logo-sroka-black-transpa.png","width":1201,"height":342,"caption":"SROKACOMPANY"},"image":{"@id":"https:\/\/srokacompany.com\/de\/#\/schema\/logo\/image\/"},"sameAs":["https:\/\/www.facebook.com\/srokawatersports\/","https:\/\/www.instagram.com\/srokawatersports\/","https:\/\/www.youtube.com\/channel\/UCVLHHeaPIm-J5bdEUgxqtZA"]}]}},"uagb_featured_image_src":{"full":["https:\/\/srokacompany.com\/wp-content\/uploads\/2019\/09\/Vis-platines-S-Foil.jpg",1560,2080,false],"thumbnail":["https:\/\/srokacompany.com\/wp-content\/uploads\/2019\/09\/Vis-platines-S-Foil-150x150.jpg",150,150,true],"medium":["https:\/\/srokacompany.com\/wp-content\/uploads\/2019\/09\/Vis-platines-S-Foil-225x300.jpg",225,300,true],"medium_large":["https:\/\/srokacompany.com\/wp-content\/uploads\/2019\/09\/Vis-platines-S-Foil-768x1024.jpg",768,1024,true],"large":["https:\/\/srokacompany.com\/wp-content\/uploads\/2019\/09\/Vis-platines-S-Foil-768x1024.jpg",768,1024,true],"1536x1536":["https:\/\/srokacompany.com\/wp-content\/uploads\/2019\/09\/Vis-platines-S-Foil-1152x1536.jpg",1152,1536,true],"2048x2048":["https:\/\/srokacompany.com\/wp-content\/uploads\/2019\/09\/Vis-platines-S-Foil-1536x2048.jpg",1536,2048,true],"woocommerce_thumbnail":["https:\/\/srokacompany.com\/wp-content\/uploads\/2019\/09\/Vis-platines-S-Foil-600x800.jpg",600,800,true],"woocommerce_single":["https:\/\/srokacompany.com\/wp-content\/uploads\/2019\/09\/Vis-platines-S-Foil-600x800.jpg",600,800,true],"woocommerce_gallery_thumbnail":["https:\/\/srokacompany.com\/wp-content\/uploads\/2019\/09\/Vis-platines-S-Foil-100x100.jpg",100,100,true],"dgwt-wcas-product-suggestion":["https:\/\/srokacompany.com\/wp-content\/uploads\/2019\/09\/Vis-platines-S-Foil.jpg",64,85,false]},"uagb_author_info":{"display_name":"","author_link":"https:\/\/srokacompany.com\/de\/blog\/author\/"},"uagb_comment_info":0,"uagb_excerpt":"Dieser Satz besteht aus vier Quadraten und vier Schrauben, die f\u00fcr die Verschraubung an einem Geh\u00e4use vom Typ Doppel-US-Box geeignet sind, um ein Hydrofoil ein Brett zu installieren. Diese Elemente sind aus rostfreiem Edelstahl, um eine bessere Best\u00e4ndigkeit gegen Wasser, Sand und Salz zu gew\u00e4hrleisten. Das Schraubsystem erfordert einen Wollschl\u00fcssel der Gr\u00f6\u00dfe 4 mm, aber&hellip;","jetpack_sharing_enabled":true,"_links":{"self":[{"href":"https:\/\/srokacompany.com\/de\/wp-json\/wp\/v2\/product\/341349","targetHints":{"allow":["GET"]}}],"collection":[{"href":"https:\/\/srokacompany.com\/de\/wp-json\/wp\/v2\/product"}],"about":[{"href":"https:\/\/srokacompany.com\/de\/wp-json\/wp\/v2\/types\/product"}],"wp:featuredmedia":[{"embeddable":true,"href":"https:\/\/srokacompany.com\/de\/wp-json\/wp\/v2\/media\/341354"}],"wp:attachment":[{"href":"https:\/\/srokacompany.com\/de\/wp-json\/wp\/v2\/media?parent=341349"}],"wp:term":[{"taxonomy":"product_brand","embeddable":true,"href":"https:\/\/srokacompany.com\/de\/wp-json\/wp\/v2\/product_brand?post=341349"},{"taxonomy":"product_cat","embeddable":true,"href":"https:\/\/srokacompany.com\/de\/wp-json\/wp\/v2\/product_cat?post=341349"},{"taxonomy":"product_tag","embeddable":true,"href":"https:\/\/srokacompany.com\/de\/wp-json\/wp\/v2\/product_tag?post=341349"}],"curies":[{"name":"wp","href":"https:\/\/api.w.org\/{rel}","templated":true}]}}