{"id":341480,"date":"2019-12-03T11:54:09","date_gmt":"2019-12-03T11:54:09","guid":{"rendered":"https:\/\/srokacompany.com\/produit\/surf-foil-46-fast-flyer\/"},"modified":"2026-02-10T10:49:45","modified_gmt":"2026-02-10T08:49:45","slug":"surf-foil-46-fast-flyer","status":"publish","type":"product","link":"https:\/\/srokacompany.com\/de\/produkt\/surf-foil-46-fast-flyer\/","title":{"rendered":"Surf Foil 4&#8217;6 Fast Flyer"},"content":{"rendered":"<hr>\n<h2>Der Fast Flyer 4&#8217;6: Der Inbegriff von Vielseitigkeit und Leistung<\/h2>\n<p style=\"text-align: justify;\">Wir gehen bei der Gestaltung unserer Produkte immer von Ihren Bed\u00fcrfnissen aus. Wenn Sie vom<a href=\"https:\/\/srokacompany.com\/de\/blog\/wie-wendet-man-in-wingfoil\/\"> Wing Foil<\/a> Surfen foil und <a href=\"https:\/\/srokacompany.com\/de\/produkt\/k-foil-aluminium-kitefoil\/\">Kitefoil<\/a> mit einem einzigen Brett beginnen, aber auch Spa\u00df am Dockstart und an der Fahrt haben. wake foilist das Fast Flyer 4&#8217;6 ein idealer Begleiter. Das 4&#8217;6 (142cm) lange und 21&#8243; 1\/2 (55cm) breite Board mit einem Volumen von 38 Litern wird alle Surfer zufriedenstellen, die auf <a href=\"https:\/\/srokacompany.com\/de\/eshop\/bretter-wing-foil-zum-besten-preis\/\">Foil lernen oder ihr K\u00f6nnen auf ein h\u00f6heres Niveau bringen m\u00f6chten. Der Fast Flyer 4&#8217;6 profitiert von einem au\u00dfergew\u00f6hnlichen und einzigartigen Know-how. Von der Konzeption durch den<\/a> <a href=\"https:\/\/www.facebook.com\/mabesurf\/\">Shaper J.B. Marchand<\/a> \u00fcber den Bau in unserer Fabrik in Morbihan bis hin zur Testphase an unseren K\u00fcsten ist Ihr Board 100% franz\u00f6sisch und bretonisch.    <\/p>\n<p style=\"text-align: justify;\">Wenn du dir noch nicht sicher bist, <a href=\"https:\/\/srokacompany.com\/de\/blog\/pack-wing-foil-sroka-unsere-tipps\/\">welches Foil-Board du brauchst, haben wir einen Artikel f\u00fcr dich vorbereitet, der sich mit diesem Thema besch\u00e4ftigt<\/a>. Der Fast Flyer 4&#8217;6 ist auch <a href=\"https:\/\/srokacompany.com\/de\/produkt\/pack-wing-foil-surf-foil-46-fast-flyer\/\">als komplettes Pack wing foil auf unserer Website erh\u00e4ltlich<\/a>! Die Community wird sich auch gerne <a href=\"https:\/\/www.facebook.com\/groups\/540490826950431\">in der Sroka Session Gruppe<\/a> \u00fcber ihn austauschen, also z\u00f6gert nicht, eure sch\u00f6nsten Momente in der Gruppe zu teilen.<\/p>\n<p>Gewicht: 4,7kg<\/p>\n<blockquote class=\"wp-embedded-content\" data-secret=\"Hlbe9eiI1g\"><p><a href=\"https:\/\/srokacompany.com\/de\/technische-daten-der-kites-und-boards-von-foil-sroka\/\">Caract\u00e9ristiques techniques des ailes et planches de foil Sroka<\/a><\/p><\/blockquote>\n<p><iframe loading=\"lazy\" class=\"wp-embedded-content\" sandbox=\"allow-scripts\" security=\"restricted\" style=\"position: absolute; visibility: hidden;\" title=\"&#8222;Caract\u00e9ristiques techniques des ailes et planches de foil Sroka&#8220; &#8212; SROKA Company\" src=\"https:\/\/srokacompany.com\/de\/technische-daten-der-kites-und-boards-von-foil-sroka\/embed\/#?secret=7vzBoYembH#?secret=Hlbe9eiI1g\" data-secret=\"Hlbe9eiI1g\" width=\"500\" height=\"282\" frameborder=\"0\" marginwidth=\"0\" marginheight=\"0\" scrolling=\"no\"><\/iframe><\/p>\n","protected":false},"excerpt":{"rendered":"<p>Wenn du von<a href=\"https:\/\/srokacompany.com\/de\/blog\/wie-wendet-man-in-wingfoil\/\"> Wing Foil<\/a> Surfen foil und <a href=\"https:\/\/srokacompany.com\/de\/produkt\/k-foil-aluminium-kitefoil\/\">Kitefoil<\/a> mit nur einem Board auf gutem Niveau zu erlernen, aber auch Spa\u00df beim Dockstart und beim wake foilDas Fast Flyer 4&#8217;6 wird dich \u00fcberall hin begleiten.<\/p>\n","protected":false},"featured_media":341482,"template":"","meta":{"_acf_changed":false,"_uag_custom_page_level_css":""},"product_brand":[],"product_cat":[3471,3532],"product_tag":[],"class_list":{"0":"post-341480","1":"product","2":"type-product","3":"status-publish","4":"has-post-thumbnail","6":"product_cat-surf-foil-de","7":"product_cat-unsere-surfbretter-foil","8":"product_shipping_class-hartes-brett-einheit","10":"first","11":"outofstock","12":"sale","13":"taxable","14":"shipping-taxable","15":"purchasable","16":"product-type-simple"},"acf":[],"yoast_head":"<!-- This site is optimized with the Yoast SEO plugin v27.4 - https:\/\/yoast.com\/product\/yoast-seo-wordpress\/ -->\n<title>Brett von Surf Foil 4&#039;6 Fast Flyer - SROKA Company - FOIL<\/title>\n<meta name=\"description\" content=\"Surfboard Foil 4&#039;6 Fast Flyer Sroka. Das ideale Surfbrett, um Surf Foil zu paddeln und maximale Geschwindigkeit zu erreichen!\" \/>\n<meta name=\"robots\" content=\"index, follow, max-snippet:-1, max-image-preview:large, max-video-preview:-1\" \/>\n<link rel=\"canonical\" href=\"https:\/\/srokacompany.com\/de\/produkt\/surf-foil-46-fast-flyer\/\" \/>\n<meta property=\"og:locale\" content=\"de_DE\" \/>\n<meta property=\"og:type\" content=\"article\" \/>\n<meta property=\"og:title\" content=\"Brett von Surf Foil 4&#039;6 Fast Flyer - SROKA Company - FOIL\" \/>\n<meta property=\"og:description\" content=\"Surfboard Foil 4&#039;6 Fast Flyer Sroka. Das ideale Surfbrett, um Surf Foil zu paddeln und maximale Geschwindigkeit zu erreichen!\" \/>\n<meta property=\"og:url\" content=\"https:\/\/srokacompany.com\/de\/produkt\/surf-foil-46-fast-flyer\/\" \/>\n<meta property=\"og:site_name\" content=\"SROKA Company\" \/>\n<meta property=\"article:publisher\" content=\"https:\/\/www.facebook.com\/srokawatersports\/\" \/>\n<meta property=\"article:modified_time\" content=\"2026-02-10T08:49:45+00:00\" \/>\n<meta property=\"og:image\" content=\"https:\/\/srokacompany.com\/wp-content\/uploads\/2019\/12\/Fast-Flyer-v2.png\" \/>\n\t<meta property=\"og:image:width\" content=\"740\" \/>\n\t<meta property=\"og:image:height\" content=\"1080\" \/>\n\t<meta property=\"og:image:type\" content=\"image\/png\" \/>\n<meta name=\"twitter:label1\" content=\"Gesch\u00e4tzte Lesezeit\" \/>\n\t<meta name=\"twitter:data1\" content=\"1\u00a0Minute\" \/>\n<script type=\"application\/ld+json\" class=\"yoast-schema-graph\">{\"@context\":\"https:\\\/\\\/schema.org\",\"@graph\":[{\"@type\":\"WebPage\",\"@id\":\"https:\\\/\\\/srokacompany.com\\\/de\\\/produkt\\\/surf-foil-46-fast-flyer\\\/\",\"url\":\"https:\\\/\\\/srokacompany.com\\\/de\\\/produkt\\\/surf-foil-46-fast-flyer\\\/\",\"name\":\"Brett von Surf Foil 4'6 Fast Flyer - SROKA Company - FOIL\",\"isPartOf\":{\"@id\":\"https:\\\/\\\/srokacompany.com\\\/de\\\/#website\"},\"primaryImageOfPage\":{\"@id\":\"https:\\\/\\\/srokacompany.com\\\/de\\\/produkt\\\/surf-foil-46-fast-flyer\\\/#primaryimage\"},\"image\":{\"@id\":\"https:\\\/\\\/srokacompany.com\\\/de\\\/produkt\\\/surf-foil-46-fast-flyer\\\/#primaryimage\"},\"thumbnailUrl\":\"https:\\\/\\\/srokacompany.com\\\/wp-content\\\/uploads\\\/2019\\\/12\\\/Fast-Flyer-v2.png\",\"datePublished\":\"2019-12-03T11:54:09+00:00\",\"dateModified\":\"2026-02-10T08:49:45+00:00\",\"description\":\"Surfboard Foil 4'6 Fast Flyer Sroka. Das ideale Surfbrett, um Surf Foil zu paddeln und maximale Geschwindigkeit zu erreichen!\",\"breadcrumb\":{\"@id\":\"https:\\\/\\\/srokacompany.com\\\/de\\\/produkt\\\/surf-foil-46-fast-flyer\\\/#breadcrumb\"},\"inLanguage\":\"de\",\"potentialAction\":[{\"@type\":\"ReadAction\",\"target\":[\"https:\\\/\\\/srokacompany.com\\\/de\\\/produkt\\\/surf-foil-46-fast-flyer\\\/\"]}]},{\"@type\":\"ImageObject\",\"inLanguage\":\"de\",\"@id\":\"https:\\\/\\\/srokacompany.com\\\/de\\\/produkt\\\/surf-foil-46-fast-flyer\\\/#primaryimage\",\"url\":\"https:\\\/\\\/srokacompany.com\\\/wp-content\\\/uploads\\\/2019\\\/12\\\/Fast-Flyer-v2.png\",\"contentUrl\":\"https:\\\/\\\/srokacompany.com\\\/wp-content\\\/uploads\\\/2019\\\/12\\\/Fast-Flyer-v2.png\",\"width\":740,\"height\":1080},{\"@type\":\"BreadcrumbList\",\"@id\":\"https:\\\/\\\/srokacompany.com\\\/de\\\/produkt\\\/surf-foil-46-fast-flyer\\\/#breadcrumb\",\"itemListElement\":[{\"@type\":\"ListItem\",\"position\":1,\"name\":\"Accueil\",\"item\":\"https:\\\/\\\/srokacompany.com\\\/de\\\/\"},{\"@type\":\"ListItem\",\"position\":2,\"name\":\"Laden\",\"item\":\"https:\\\/\\\/srokacompany.com\\\/laden\\\/\"},{\"@type\":\"ListItem\",\"position\":3,\"name\":\"Surf Foil 4&rsquo;6 Fast Flyer\"}]},{\"@type\":\"WebSite\",\"@id\":\"https:\\\/\\\/srokacompany.com\\\/de\\\/#website\",\"url\":\"https:\\\/\\\/srokacompany.com\\\/de\\\/\",\"name\":\"SROKA Company\",\"description\":\"SUP, Kite, Foil, Wing\",\"publisher\":{\"@id\":\"https:\\\/\\\/srokacompany.com\\\/de\\\/#organization\"},\"potentialAction\":[{\"@type\":\"SearchAction\",\"target\":{\"@type\":\"EntryPoint\",\"urlTemplate\":\"https:\\\/\\\/srokacompany.com\\\/de\\\/?s={search_term_string}\"},\"query-input\":{\"@type\":\"PropertyValueSpecification\",\"valueRequired\":true,\"valueName\":\"search_term_string\"}}],\"inLanguage\":\"de\"},{\"@type\":\"Organization\",\"@id\":\"https:\\\/\\\/srokacompany.com\\\/de\\\/#organization\",\"name\":\"SROKACOMPANY\",\"alternateName\":\"SROKA\",\"url\":\"https:\\\/\\\/srokacompany.com\\\/de\\\/\",\"logo\":{\"@type\":\"ImageObject\",\"inLanguage\":\"de\",\"@id\":\"https:\\\/\\\/srokacompany.com\\\/de\\\/#\\\/schema\\\/logo\\\/image\\\/\",\"url\":\"https:\\\/\\\/srokacompany.com\\\/wp-content\\\/uploads\\\/2021\\\/01\\\/logo-sroka-black-transpa.png\",\"contentUrl\":\"https:\\\/\\\/srokacompany.com\\\/wp-content\\\/uploads\\\/2021\\\/01\\\/logo-sroka-black-transpa.png\",\"width\":1201,\"height\":342,\"caption\":\"SROKACOMPANY\"},\"image\":{\"@id\":\"https:\\\/\\\/srokacompany.com\\\/de\\\/#\\\/schema\\\/logo\\\/image\\\/\"},\"sameAs\":[\"https:\\\/\\\/www.facebook.com\\\/srokawatersports\\\/\",\"https:\\\/\\\/www.instagram.com\\\/srokawatersports\\\/\",\"https:\\\/\\\/www.youtube.com\\\/channel\\\/UCVLHHeaPIm-J5bdEUgxqtZA\"]}]}<\/script>\n<!-- \/ Yoast SEO plugin. -->","yoast_head_json":{"title":"Brett von Surf Foil 4'6 Fast Flyer - SROKA Company - FOIL","description":"Surfboard Foil 4'6 Fast Flyer Sroka. Das ideale Surfbrett, um Surf Foil zu paddeln und maximale Geschwindigkeit zu erreichen!","robots":{"index":"index","follow":"follow","max-snippet":"max-snippet:-1","max-image-preview":"max-image-preview:large","max-video-preview":"max-video-preview:-1"},"canonical":"https:\/\/srokacompany.com\/de\/produkt\/surf-foil-46-fast-flyer\/","og_locale":"de_DE","og_type":"article","og_title":"Brett von Surf Foil 4'6 Fast Flyer - SROKA Company - FOIL","og_description":"Surfboard Foil 4'6 Fast Flyer Sroka. Das ideale Surfbrett, um Surf Foil zu paddeln und maximale Geschwindigkeit zu erreichen!","og_url":"https:\/\/srokacompany.com\/de\/produkt\/surf-foil-46-fast-flyer\/","og_site_name":"SROKA Company","article_publisher":"https:\/\/www.facebook.com\/srokawatersports\/","article_modified_time":"2026-02-10T08:49:45+00:00","og_image":[{"width":740,"height":1080,"url":"https:\/\/srokacompany.com\/wp-content\/uploads\/2019\/12\/Fast-Flyer-v2.png","type":"image\/png"}],"twitter_misc":{"Gesch\u00e4tzte Lesezeit":"1\u00a0Minute"},"schema":{"@context":"https:\/\/schema.org","@graph":[{"@type":"WebPage","@id":"https:\/\/srokacompany.com\/de\/produkt\/surf-foil-46-fast-flyer\/","url":"https:\/\/srokacompany.com\/de\/produkt\/surf-foil-46-fast-flyer\/","name":"Brett von Surf Foil 4'6 Fast Flyer - SROKA Company - FOIL","isPartOf":{"@id":"https:\/\/srokacompany.com\/de\/#website"},"primaryImageOfPage":{"@id":"https:\/\/srokacompany.com\/de\/produkt\/surf-foil-46-fast-flyer\/#primaryimage"},"image":{"@id":"https:\/\/srokacompany.com\/de\/produkt\/surf-foil-46-fast-flyer\/#primaryimage"},"thumbnailUrl":"https:\/\/srokacompany.com\/wp-content\/uploads\/2019\/12\/Fast-Flyer-v2.png","datePublished":"2019-12-03T11:54:09+00:00","dateModified":"2026-02-10T08:49:45+00:00","description":"Surfboard Foil 4'6 Fast Flyer Sroka. Das ideale Surfbrett, um Surf Foil zu paddeln und maximale Geschwindigkeit zu erreichen!","breadcrumb":{"@id":"https:\/\/srokacompany.com\/de\/produkt\/surf-foil-46-fast-flyer\/#breadcrumb"},"inLanguage":"de","potentialAction":[{"@type":"ReadAction","target":["https:\/\/srokacompany.com\/de\/produkt\/surf-foil-46-fast-flyer\/"]}]},{"@type":"ImageObject","inLanguage":"de","@id":"https:\/\/srokacompany.com\/de\/produkt\/surf-foil-46-fast-flyer\/#primaryimage","url":"https:\/\/srokacompany.com\/wp-content\/uploads\/2019\/12\/Fast-Flyer-v2.png","contentUrl":"https:\/\/srokacompany.com\/wp-content\/uploads\/2019\/12\/Fast-Flyer-v2.png","width":740,"height":1080},{"@type":"BreadcrumbList","@id":"https:\/\/srokacompany.com\/de\/produkt\/surf-foil-46-fast-flyer\/#breadcrumb","itemListElement":[{"@type":"ListItem","position":1,"name":"Accueil","item":"https:\/\/srokacompany.com\/de\/"},{"@type":"ListItem","position":2,"name":"Laden","item":"https:\/\/srokacompany.com\/laden\/"},{"@type":"ListItem","position":3,"name":"Surf Foil 4&rsquo;6 Fast Flyer"}]},{"@type":"WebSite","@id":"https:\/\/srokacompany.com\/de\/#website","url":"https:\/\/srokacompany.com\/de\/","name":"SROKA Company","description":"SUP, Kite, Foil, Wing","publisher":{"@id":"https:\/\/srokacompany.com\/de\/#organization"},"potentialAction":[{"@type":"SearchAction","target":{"@type":"EntryPoint","urlTemplate":"https:\/\/srokacompany.com\/de\/?s={search_term_string}"},"query-input":{"@type":"PropertyValueSpecification","valueRequired":true,"valueName":"search_term_string"}}],"inLanguage":"de"},{"@type":"Organization","@id":"https:\/\/srokacompany.com\/de\/#organization","name":"SROKACOMPANY","alternateName":"SROKA","url":"https:\/\/srokacompany.com\/de\/","logo":{"@type":"ImageObject","inLanguage":"de","@id":"https:\/\/srokacompany.com\/de\/#\/schema\/logo\/image\/","url":"https:\/\/srokacompany.com\/wp-content\/uploads\/2021\/01\/logo-sroka-black-transpa.png","contentUrl":"https:\/\/srokacompany.com\/wp-content\/uploads\/2021\/01\/logo-sroka-black-transpa.png","width":1201,"height":342,"caption":"SROKACOMPANY"},"image":{"@id":"https:\/\/srokacompany.com\/de\/#\/schema\/logo\/image\/"},"sameAs":["https:\/\/www.facebook.com\/srokawatersports\/","https:\/\/www.instagram.com\/srokawatersports\/","https:\/\/www.youtube.com\/channel\/UCVLHHeaPIm-J5bdEUgxqtZA"]}]}},"uagb_featured_image_src":{"full":["https:\/\/srokacompany.com\/wp-content\/uploads\/2019\/12\/Fast-Flyer-v2.png",740,1080,false],"thumbnail":["https:\/\/srokacompany.com\/wp-content\/uploads\/2019\/12\/Fast-Flyer-v2-150x150.png",150,150,true],"medium":["https:\/\/srokacompany.com\/wp-content\/uploads\/2019\/12\/Fast-Flyer-v2-206x300.png",206,300,true],"medium_large":["https:\/\/srokacompany.com\/wp-content\/uploads\/2019\/12\/Fast-Flyer-v2.png",740,1080,false],"large":["https:\/\/srokacompany.com\/wp-content\/uploads\/2019\/12\/Fast-Flyer-v2-702x1024.png",702,1024,true],"1536x1536":["https:\/\/srokacompany.com\/wp-content\/uploads\/2019\/12\/Fast-Flyer-v2.png",740,1080,false],"2048x2048":["https:\/\/srokacompany.com\/wp-content\/uploads\/2019\/12\/Fast-Flyer-v2.png",740,1080,false],"woocommerce_thumbnail":["https:\/\/srokacompany.com\/wp-content\/uploads\/2019\/12\/Fast-Flyer-v2-600x876.png",600,876,true],"woocommerce_single":["https:\/\/srokacompany.com\/wp-content\/uploads\/2019\/12\/Fast-Flyer-v2-600x876.png",600,876,true],"woocommerce_gallery_thumbnail":["https:\/\/srokacompany.com\/wp-content\/uploads\/2019\/12\/Fast-Flyer-v2-100x100.png",100,100,true],"dgwt-wcas-product-suggestion":["https:\/\/srokacompany.com\/wp-content\/uploads\/2019\/12\/Fast-Flyer-v2.png",64,93,false]},"uagb_author_info":{"display_name":"","author_link":"https:\/\/srokacompany.com\/de\/blog\/author\/"},"uagb_comment_info":0,"uagb_excerpt":"Wenn du von Wing Foil Surfen foil und Kitefoil mit nur einem Board auf gutem Niveau zu erlernen, aber auch Spa\u00df beim Dockstart und beim wake foilDas Fast Flyer 4'6 wird dich \u00fcberall hin begleiten.","jetpack_sharing_enabled":true,"_links":{"self":[{"href":"https:\/\/srokacompany.com\/de\/wp-json\/wp\/v2\/product\/341480","targetHints":{"allow":["GET"]}}],"collection":[{"href":"https:\/\/srokacompany.com\/de\/wp-json\/wp\/v2\/product"}],"about":[{"href":"https:\/\/srokacompany.com\/de\/wp-json\/wp\/v2\/types\/product"}],"wp:featuredmedia":[{"embeddable":true,"href":"https:\/\/srokacompany.com\/de\/wp-json\/wp\/v2\/media\/341482"}],"wp:attachment":[{"href":"https:\/\/srokacompany.com\/de\/wp-json\/wp\/v2\/media?parent=341480"}],"wp:term":[{"taxonomy":"product_brand","embeddable":true,"href":"https:\/\/srokacompany.com\/de\/wp-json\/wp\/v2\/product_brand?post=341480"},{"taxonomy":"product_cat","embeddable":true,"href":"https:\/\/srokacompany.com\/de\/wp-json\/wp\/v2\/product_cat?post=341480"},{"taxonomy":"product_tag","embeddable":true,"href":"https:\/\/srokacompany.com\/de\/wp-json\/wp\/v2\/product_tag?post=341480"}],"curies":[{"name":"wp","href":"https:\/\/api.w.org\/{rel}","templated":true}]}}