{"id":341602,"date":"2020-01-15T21:27:41","date_gmt":"2020-01-15T21:27:41","guid":{"rendered":"https:\/\/srokacompany.com\/produit\/aufblasbares-paddel-easy\/"},"modified":"2025-11-21T18:09:05","modified_gmt":"2025-11-21T16:09:05","slug":"aufblasbares-paddel-easy","status":"publish","type":"product","link":"https:\/\/srokacompany.com\/de\/produkt\/aufblasbares-paddel-easy\/","title":{"rendered":"Aufblasbares Paddel-Paket EASY"},"content":{"rendered":"<hr>\n<h2><strong>DAS LEICHTE GLEITEN, DAS SOFORTIGE VERGN\u00dcGEN :<\/strong><\/h2>\n<p><span style=\"font-weight: 400;\">Mit den Packs <a href=\"https:\/\/srokacompany.com\/de\/eshop\/aufblasbare-paddel\/\">Stand up Paddle Gonflatable<\/a> 10&#8242;, 10&#8217;6, 11&#8217;6 &amp; 12&#8217;6 Easy entdecken Sie den Spa\u00df am aufblasbaren SUP, ohne sich den Kopf dar\u00fcber zerbrechen zu m\u00fcssen.  <\/span><br \/>\n<span style=\"font-weight: 400;\">Der <strong>Easy 10&#8217;6<\/strong> entspricht den Erwartungen von Personen <\/span><span style=\"font-weight: 400;\">mitmittlerer K\u00f6rpergr\u00f6\u00dfe, die das  SUP<\/span>-Fahren entdecken,  allein oder mit der Familie.<span style=\"font-weight: 400;\">. Es wird dich beim Wandern, Yoga, Angeln, Spazierengehen und Surfen in kleinen Wellen begleiten, dank seiner komfortablen Outline und dem leichten Rocker. Sein Shape und Rocker machen es wendig und lassen dich kleine Wellen mit Leichtigkeit surfen.   <\/span><br \/>\n<span style=\"font-weight: 400;\">Sein kleiner Bruder, der <strong>Easy 10&#8242;<\/strong>, hat den gleichen Shape, ist aber weniger breit, d\u00fcnner und k\u00fcrzer. Es eignet sich f\u00fcr kleinere K\u00f6rpergr\u00f6\u00dfen (&lt;85-90 kg), Kinder und Jugendliche.   <\/span><br \/>\n<span style=\"font-weight: 400;\">Die <strong>Pakete 11&#8217;6 und 12&#8217;6<\/strong> stellen Liebhaber von Spazierg\u00e4ngen und sportlichen Wanderungen zufrieden, indem sie Gleichgewicht, Gleitf\u00e4higkeit und Komfort miteinander in Einklang bringen. Anf\u00e4nger und gr\u00f6\u00dfere Fahrer werden die Stabilit\u00e4t und das Gleit-\/Man\u00f6vrierf\u00e4higkeitsverh\u00e4ltnis des 11&#8217;6 genie\u00dfen, w\u00e4hrend schwerere oder erfahrene Fahrer Spa\u00df mit dem besten Gleiten des 12&#8217;6 haben werden.<\/span><br \/>\n<span style=\"font-weight: 400;\">Die Boards sind aus dem hochwertigsten PVC gefertigt, das bei professionellen Festrumpfbooten verwendet wird, was zu einer erh\u00f6hten Steifigkeit und Langlebigkeit beitr\u00e4gt. Um diese Eigenschaften zu perfektionieren, wurde zus\u00e4tzlich zur Nase eine zweite PVC-Schicht auf den Rails (vorne und hinten) hinzugef\u00fcgt.   <\/span><br \/>\n<span style=\"font-weight: 400;\">Die Easy-Packs sind f\u00fcr diejenigen gedacht, die <\/span><a href=\"https:\/\/srokacompany.com\/de\/blog\/unsere-tipps-zum-stand-up-paddling-lernen\/\"><span style=\"font-weight: 400;\">mit dem Stand Up Paddling beginnen m\u00f6chten<\/span><\/a><span style=\"font-weight: 400;\"> ohne Kompromisse bei Qualit\u00e4t und Design einzugehen.<\/span><br \/>\n<span style=\"font-weight: 400;\">Wenn Sie sich noch nicht sicher sind, welches Paddleboard das richtige f\u00fcr Sie ist, geben wir Ihnen eine Anleitung, <a href=\"https:\/\/srokacompany.com\/de\/blog\/wie-wahlen-sie-ihr-aufgeblasenes-stand-up-paddle-aus\/\">wie Sie Ihr Paddleboard ausw\u00e4hlen<\/a>.<\/span><\/p>\n","protected":false},"excerpt":{"rendered":"<p><span style=\"font-weight: 400;\">Mit den Packs <a href=\"https:\/\/srokacompany.com\/de\/eshop\/aufblasbare-paddel\/\">Stand up Paddle Gonflatable<\/a> 10&#8242;, 10&#8217;6, 11&#8217;6 &amp; 12&#8217;6 Easy entdecken Sie den Spa\u00df am aufblasbaren SUP, ohne sich den Kopf dar\u00fcber zerbrechen zu m\u00fcssen.<\/span><\/p>\n","protected":false},"featured_media":341610,"template":"","meta":{"_acf_changed":false,"_uag_custom_page_level_css":""},"product_brand":[],"product_cat":[3620,3896,3621,3582,4258],"product_tag":[3441,3443,3442],"class_list":{"0":"post-341602","1":"product","2":"type-product","3":"status-publish","4":"has-post-thumbnail","6":"product_cat-aufblasbare-paddel","7":"product_cat-brett-von-sup","8":"product_cat-pack-aufblasbares-paddle","9":"product_cat-promos-de","10":"product_cat-schwarzer-freitag","11":"product_tag-anfanger","12":"product_tag-fortgeschrittene","13":"product_tag-schlau","15":"first","16":"instock","17":"sale","18":"taxable","19":"shipping-taxable","20":"purchasable","21":"product-type-variable"},"acf":[],"yoast_head":"<!-- This site is optimized with the Yoast SEO plugin v27.4 - https:\/\/yoast.com\/product\/yoast-seo-wordpress\/ -->\n<title>Stand Up Paddle Aufblasbar Easy - SROKA Company<\/title>\n<meta name=\"description\" content=\"Kaufen Sie Ihr aufblasbares Stand up paddle Easy Pack f\u00fcr den Sommer! Produkt auf Lager. Bestes Verh\u00e4ltnis von Qualit\u00e4t und Preis. Komplettes Paket!\" \/>\n<meta name=\"robots\" content=\"index, follow, max-snippet:-1, max-image-preview:large, max-video-preview:-1\" \/>\n<link rel=\"canonical\" href=\"https:\/\/srokacompany.com\/de\/produkt\/aufblasbares-paddel-easy\/\" \/>\n<meta property=\"og:locale\" content=\"de_DE\" \/>\n<meta property=\"og:type\" content=\"article\" \/>\n<meta property=\"og:title\" content=\"Stand Up Paddle Aufblasbar Easy - SROKA Company\" \/>\n<meta property=\"og:description\" content=\"Kaufen Sie Ihr aufblasbares Stand up paddle Easy Pack f\u00fcr den Sommer! Produkt auf Lager. Bestes Verh\u00e4ltnis von Qualit\u00e4t und Preis. Komplettes Paket!\" \/>\n<meta property=\"og:url\" content=\"https:\/\/srokacompany.com\/de\/produkt\/aufblasbares-paddel-easy\/\" \/>\n<meta property=\"og:site_name\" content=\"SROKA Company\" \/>\n<meta property=\"article:publisher\" content=\"https:\/\/www.facebook.com\/srokawatersports\/\" \/>\n<meta property=\"article:modified_time\" content=\"2025-11-21T16:09:05+00:00\" \/>\n<meta property=\"og:image\" content=\"https:\/\/srokacompany.com\/wp-content\/uploads\/2020\/01\/imagepdoduit-easy.png\" \/>\n\t<meta property=\"og:image:width\" content=\"780\" \/>\n\t<meta property=\"og:image:height\" content=\"1040\" \/>\n\t<meta property=\"og:image:type\" content=\"image\/png\" \/>\n<meta name=\"twitter:label1\" content=\"Gesch\u00e4tzte Lesezeit\" \/>\n\t<meta name=\"twitter:data1\" content=\"1\u00a0Minute\" \/>\n<script type=\"application\/ld+json\" class=\"yoast-schema-graph\">{\"@context\":\"https:\\\/\\\/schema.org\",\"@graph\":[{\"@type\":\"WebPage\",\"@id\":\"https:\\\/\\\/srokacompany.com\\\/de\\\/produkt\\\/aufblasbares-paddel-easy\\\/\",\"url\":\"https:\\\/\\\/srokacompany.com\\\/de\\\/produkt\\\/aufblasbares-paddel-easy\\\/\",\"name\":\"Stand Up Paddle Aufblasbar Easy - SROKA Company\",\"isPartOf\":{\"@id\":\"https:\\\/\\\/srokacompany.com\\\/de\\\/#website\"},\"primaryImageOfPage\":{\"@id\":\"https:\\\/\\\/srokacompany.com\\\/de\\\/produkt\\\/aufblasbares-paddel-easy\\\/#primaryimage\"},\"image\":{\"@id\":\"https:\\\/\\\/srokacompany.com\\\/de\\\/produkt\\\/aufblasbares-paddel-easy\\\/#primaryimage\"},\"thumbnailUrl\":\"https:\\\/\\\/srokacompany.com\\\/wp-content\\\/uploads\\\/2020\\\/01\\\/imagepdoduit-easy.png\",\"datePublished\":\"2020-01-15T21:27:41+00:00\",\"dateModified\":\"2025-11-21T16:09:05+00:00\",\"description\":\"Kaufen Sie Ihr aufblasbares Stand up paddle Easy Pack f\u00fcr den Sommer! Produkt auf Lager. Bestes Verh\u00e4ltnis von Qualit\u00e4t und Preis. Komplettes Paket!\",\"breadcrumb\":{\"@id\":\"https:\\\/\\\/srokacompany.com\\\/de\\\/produkt\\\/aufblasbares-paddel-easy\\\/#breadcrumb\"},\"inLanguage\":\"de\",\"potentialAction\":[{\"@type\":\"ReadAction\",\"target\":[\"https:\\\/\\\/srokacompany.com\\\/de\\\/produkt\\\/aufblasbares-paddel-easy\\\/\"]}]},{\"@type\":\"ImageObject\",\"inLanguage\":\"de\",\"@id\":\"https:\\\/\\\/srokacompany.com\\\/de\\\/produkt\\\/aufblasbares-paddel-easy\\\/#primaryimage\",\"url\":\"https:\\\/\\\/srokacompany.com\\\/wp-content\\\/uploads\\\/2020\\\/01\\\/imagepdoduit-easy.png\",\"contentUrl\":\"https:\\\/\\\/srokacompany.com\\\/wp-content\\\/uploads\\\/2020\\\/01\\\/imagepdoduit-easy.png\",\"width\":780,\"height\":1040,\"caption\":\"aufblasbares stand up paddle pack sroka easy\"},{\"@type\":\"BreadcrumbList\",\"@id\":\"https:\\\/\\\/srokacompany.com\\\/de\\\/produkt\\\/aufblasbares-paddel-easy\\\/#breadcrumb\",\"itemListElement\":[{\"@type\":\"ListItem\",\"position\":1,\"name\":\"Accueil\",\"item\":\"https:\\\/\\\/srokacompany.com\\\/de\\\/\"},{\"@type\":\"ListItem\",\"position\":2,\"name\":\"Laden\",\"item\":\"https:\\\/\\\/srokacompany.com\\\/laden\\\/\"},{\"@type\":\"ListItem\",\"position\":3,\"name\":\"Aufblasbares Paddel-Paket EASY\"}]},{\"@type\":\"WebSite\",\"@id\":\"https:\\\/\\\/srokacompany.com\\\/de\\\/#website\",\"url\":\"https:\\\/\\\/srokacompany.com\\\/de\\\/\",\"name\":\"SROKA Company\",\"description\":\"SUP, Kite, Foil, Wing\",\"publisher\":{\"@id\":\"https:\\\/\\\/srokacompany.com\\\/de\\\/#organization\"},\"potentialAction\":[{\"@type\":\"SearchAction\",\"target\":{\"@type\":\"EntryPoint\",\"urlTemplate\":\"https:\\\/\\\/srokacompany.com\\\/de\\\/?s={search_term_string}\"},\"query-input\":{\"@type\":\"PropertyValueSpecification\",\"valueRequired\":true,\"valueName\":\"search_term_string\"}}],\"inLanguage\":\"de\"},{\"@type\":\"Organization\",\"@id\":\"https:\\\/\\\/srokacompany.com\\\/de\\\/#organization\",\"name\":\"SROKACOMPANY\",\"alternateName\":\"SROKA\",\"url\":\"https:\\\/\\\/srokacompany.com\\\/de\\\/\",\"logo\":{\"@type\":\"ImageObject\",\"inLanguage\":\"de\",\"@id\":\"https:\\\/\\\/srokacompany.com\\\/de\\\/#\\\/schema\\\/logo\\\/image\\\/\",\"url\":\"https:\\\/\\\/srokacompany.com\\\/wp-content\\\/uploads\\\/2021\\\/01\\\/logo-sroka-black-transpa.png\",\"contentUrl\":\"https:\\\/\\\/srokacompany.com\\\/wp-content\\\/uploads\\\/2021\\\/01\\\/logo-sroka-black-transpa.png\",\"width\":1201,\"height\":342,\"caption\":\"SROKACOMPANY\"},\"image\":{\"@id\":\"https:\\\/\\\/srokacompany.com\\\/de\\\/#\\\/schema\\\/logo\\\/image\\\/\"},\"sameAs\":[\"https:\\\/\\\/www.facebook.com\\\/srokawatersports\\\/\",\"https:\\\/\\\/www.instagram.com\\\/srokawatersports\\\/\",\"https:\\\/\\\/www.youtube.com\\\/channel\\\/UCVLHHeaPIm-J5bdEUgxqtZA\"]}]}<\/script>\n<!-- \/ Yoast SEO plugin. -->","yoast_head_json":{"title":"Stand Up Paddle Aufblasbar Easy - SROKA Company","description":"Kaufen Sie Ihr aufblasbares Stand up paddle Easy Pack f\u00fcr den Sommer! Produkt auf Lager. Bestes Verh\u00e4ltnis von Qualit\u00e4t und Preis. Komplettes Paket!","robots":{"index":"index","follow":"follow","max-snippet":"max-snippet:-1","max-image-preview":"max-image-preview:large","max-video-preview":"max-video-preview:-1"},"canonical":"https:\/\/srokacompany.com\/de\/produkt\/aufblasbares-paddel-easy\/","og_locale":"de_DE","og_type":"article","og_title":"Stand Up Paddle Aufblasbar Easy - SROKA Company","og_description":"Kaufen Sie Ihr aufblasbares Stand up paddle Easy Pack f\u00fcr den Sommer! Produkt auf Lager. Bestes Verh\u00e4ltnis von Qualit\u00e4t und Preis. Komplettes Paket!","og_url":"https:\/\/srokacompany.com\/de\/produkt\/aufblasbares-paddel-easy\/","og_site_name":"SROKA Company","article_publisher":"https:\/\/www.facebook.com\/srokawatersports\/","article_modified_time":"2025-11-21T16:09:05+00:00","og_image":[{"width":780,"height":1040,"url":"https:\/\/srokacompany.com\/wp-content\/uploads\/2020\/01\/imagepdoduit-easy.png","type":"image\/png"}],"twitter_misc":{"Gesch\u00e4tzte Lesezeit":"1\u00a0Minute"},"schema":{"@context":"https:\/\/schema.org","@graph":[{"@type":"WebPage","@id":"https:\/\/srokacompany.com\/de\/produkt\/aufblasbares-paddel-easy\/","url":"https:\/\/srokacompany.com\/de\/produkt\/aufblasbares-paddel-easy\/","name":"Stand Up Paddle Aufblasbar Easy - SROKA Company","isPartOf":{"@id":"https:\/\/srokacompany.com\/de\/#website"},"primaryImageOfPage":{"@id":"https:\/\/srokacompany.com\/de\/produkt\/aufblasbares-paddel-easy\/#primaryimage"},"image":{"@id":"https:\/\/srokacompany.com\/de\/produkt\/aufblasbares-paddel-easy\/#primaryimage"},"thumbnailUrl":"https:\/\/srokacompany.com\/wp-content\/uploads\/2020\/01\/imagepdoduit-easy.png","datePublished":"2020-01-15T21:27:41+00:00","dateModified":"2025-11-21T16:09:05+00:00","description":"Kaufen Sie Ihr aufblasbares Stand up paddle Easy Pack f\u00fcr den Sommer! Produkt auf Lager. Bestes Verh\u00e4ltnis von Qualit\u00e4t und Preis. Komplettes Paket!","breadcrumb":{"@id":"https:\/\/srokacompany.com\/de\/produkt\/aufblasbares-paddel-easy\/#breadcrumb"},"inLanguage":"de","potentialAction":[{"@type":"ReadAction","target":["https:\/\/srokacompany.com\/de\/produkt\/aufblasbares-paddel-easy\/"]}]},{"@type":"ImageObject","inLanguage":"de","@id":"https:\/\/srokacompany.com\/de\/produkt\/aufblasbares-paddel-easy\/#primaryimage","url":"https:\/\/srokacompany.com\/wp-content\/uploads\/2020\/01\/imagepdoduit-easy.png","contentUrl":"https:\/\/srokacompany.com\/wp-content\/uploads\/2020\/01\/imagepdoduit-easy.png","width":780,"height":1040,"caption":"aufblasbares stand up paddle pack sroka easy"},{"@type":"BreadcrumbList","@id":"https:\/\/srokacompany.com\/de\/produkt\/aufblasbares-paddel-easy\/#breadcrumb","itemListElement":[{"@type":"ListItem","position":1,"name":"Accueil","item":"https:\/\/srokacompany.com\/de\/"},{"@type":"ListItem","position":2,"name":"Laden","item":"https:\/\/srokacompany.com\/laden\/"},{"@type":"ListItem","position":3,"name":"Aufblasbares Paddel-Paket EASY"}]},{"@type":"WebSite","@id":"https:\/\/srokacompany.com\/de\/#website","url":"https:\/\/srokacompany.com\/de\/","name":"SROKA Company","description":"SUP, Kite, Foil, Wing","publisher":{"@id":"https:\/\/srokacompany.com\/de\/#organization"},"potentialAction":[{"@type":"SearchAction","target":{"@type":"EntryPoint","urlTemplate":"https:\/\/srokacompany.com\/de\/?s={search_term_string}"},"query-input":{"@type":"PropertyValueSpecification","valueRequired":true,"valueName":"search_term_string"}}],"inLanguage":"de"},{"@type":"Organization","@id":"https:\/\/srokacompany.com\/de\/#organization","name":"SROKACOMPANY","alternateName":"SROKA","url":"https:\/\/srokacompany.com\/de\/","logo":{"@type":"ImageObject","inLanguage":"de","@id":"https:\/\/srokacompany.com\/de\/#\/schema\/logo\/image\/","url":"https:\/\/srokacompany.com\/wp-content\/uploads\/2021\/01\/logo-sroka-black-transpa.png","contentUrl":"https:\/\/srokacompany.com\/wp-content\/uploads\/2021\/01\/logo-sroka-black-transpa.png","width":1201,"height":342,"caption":"SROKACOMPANY"},"image":{"@id":"https:\/\/srokacompany.com\/de\/#\/schema\/logo\/image\/"},"sameAs":["https:\/\/www.facebook.com\/srokawatersports\/","https:\/\/www.instagram.com\/srokawatersports\/","https:\/\/www.youtube.com\/channel\/UCVLHHeaPIm-J5bdEUgxqtZA"]}]}},"uagb_featured_image_src":{"full":["https:\/\/srokacompany.com\/wp-content\/uploads\/2020\/01\/imagepdoduit-easy.png",780,1040,false],"thumbnail":["https:\/\/srokacompany.com\/wp-content\/uploads\/2020\/01\/imagepdoduit-easy-150x150.png",150,150,true],"medium":["https:\/\/srokacompany.com\/wp-content\/uploads\/2020\/01\/imagepdoduit-easy-225x300.png",225,300,true],"medium_large":["https:\/\/srokacompany.com\/wp-content\/uploads\/2020\/01\/imagepdoduit-easy-768x1024.png",768,1024,true],"large":["https:\/\/srokacompany.com\/wp-content\/uploads\/2020\/01\/imagepdoduit-easy-768x1024.png",768,1024,true],"1536x1536":["https:\/\/srokacompany.com\/wp-content\/uploads\/2020\/01\/imagepdoduit-easy.png",780,1040,false],"2048x2048":["https:\/\/srokacompany.com\/wp-content\/uploads\/2020\/01\/imagepdoduit-easy.png",780,1040,false],"woocommerce_thumbnail":["https:\/\/srokacompany.com\/wp-content\/uploads\/2020\/01\/imagepdoduit-easy-600x800.png",600,800,true],"woocommerce_single":["https:\/\/srokacompany.com\/wp-content\/uploads\/2020\/01\/imagepdoduit-easy-600x800.png",600,800,true],"woocommerce_gallery_thumbnail":["https:\/\/srokacompany.com\/wp-content\/uploads\/2020\/01\/imagepdoduit-easy-100x100.png",100,100,true],"dgwt-wcas-product-suggestion":["https:\/\/srokacompany.com\/wp-content\/uploads\/2020\/01\/imagepdoduit-easy.png",64,85,false]},"uagb_author_info":{"display_name":"","author_link":"https:\/\/srokacompany.com\/de\/blog\/author\/"},"uagb_comment_info":0,"uagb_excerpt":"Mit den Packs Stand up Paddle Gonflatable 10', 10'6, 11'6 &amp; 12'6 Easy entdecken Sie den Spa\u00df am aufblasbaren SUP, ohne sich den Kopf dar\u00fcber zerbrechen zu m\u00fcssen.","jetpack_sharing_enabled":true,"_links":{"self":[{"href":"https:\/\/srokacompany.com\/de\/wp-json\/wp\/v2\/product\/341602","targetHints":{"allow":["GET"]}}],"collection":[{"href":"https:\/\/srokacompany.com\/de\/wp-json\/wp\/v2\/product"}],"about":[{"href":"https:\/\/srokacompany.com\/de\/wp-json\/wp\/v2\/types\/product"}],"wp:featuredmedia":[{"embeddable":true,"href":"https:\/\/srokacompany.com\/de\/wp-json\/wp\/v2\/media\/341610"}],"wp:attachment":[{"href":"https:\/\/srokacompany.com\/de\/wp-json\/wp\/v2\/media?parent=341602"}],"wp:term":[{"taxonomy":"product_brand","embeddable":true,"href":"https:\/\/srokacompany.com\/de\/wp-json\/wp\/v2\/product_brand?post=341602"},{"taxonomy":"product_cat","embeddable":true,"href":"https:\/\/srokacompany.com\/de\/wp-json\/wp\/v2\/product_cat?post=341602"},{"taxonomy":"product_tag","embeddable":true,"href":"https:\/\/srokacompany.com\/de\/wp-json\/wp\/v2\/product_tag?post=341602"}],"curies":[{"name":"wp","href":"https:\/\/api.w.org\/{rel}","templated":true}]}}