{"id":341666,"date":"2020-01-24T11:12:30","date_gmt":"2020-01-24T11:12:30","guid":{"rendered":"https:\/\/srokacompany.com\/produit\/wing-sroka-v3\/"},"modified":"2025-07-15T12:41:29","modified_gmt":"2025-07-15T10:41:29","slug":"wing-sroka-v3","status":"publish","type":"product","link":"https:\/\/srokacompany.com\/de\/produkt\/wing-sroka-v3\/","title":{"rendered":"Wing SROKA V3"},"content":{"rendered":"<hr>\n<h2><span style=\"color: #ff0000;\">Auslaufmodell aus der Serie. Nur noch ein 4 m2 \u00fcbrig <\/span><\/h2>\n<h2>WING SROKA 4m &#8211;<\/h2>\n<p class=\"p1\" style=\"text-align: justify;\">Das Wing Sroka V3 vereint Kraft, Komfort, Stabilit\u00e4t und Leichtigkeit. Sein ultra-gestreckter Achterlieksspinnaker l\u00e4sst dich sofort abheben. Einmal in der Luft, bieten die Qualit\u00e4t des Profils, die Leichtigkeit des Wings, die Latten und seine Steifigkeit eine beeindruckende Vmax mit einer genussvollen Kontrolle. Am Punkt der perfekten Balance   <span class=\"Apple-converted-space\">  <\/span>zwischen Surfen, Speed und Freestyle, kombiniert er sorgf\u00e4ltig ausgew\u00e4hlte Streckungs- und Dieder-Eigenschaften, um die ultimative Waffe in allen Bedingungen zu sein. Du brauchst keine Kites mehr in der Garage zu horten, der Sroka V3 ist hypervielseitig und performt in 90% aller Sessions, von Surfen \u00fcber Freeride bis hin zu Freestyle. <\/p>\n<p class=\"p1\" style=\"text-align: justify;\">An Land ist es dank der Tragetasche mit Schulterriemen, den zwei Ventilen zum Aufblasen zus\u00e4tzlich zur One Pump, den Griffen und dem Gewicht superleicht zu transportieren und zu verstauen.<span class=\"Apple-converted-space\"> <\/span><\/p>\n","protected":false},"excerpt":{"rendered":"<h2><span style=\"color: #ff0000;\">Auslaufmodell aus der Serie. Nur noch ein 4 m2 \u00fcbrig <\/span><\/h2>\n<ul class=\"ul1\">\n<li class=\"li1\">Hochwertiger Rucksack mit Schultertr\u00e4gern und Gummiz\u00fcgen, um die Gr\u00f6\u00dfe der Tasche auf Reisen oder im Kofferraum zu verringern.<\/li>\n<li class=\"li1\">Leash<\/li>\n<li class=\"li1\">Standard (Kite) Mundst\u00fcck, das mit der \u00fcberwiegenden Mehrheit der Pumpen auf dem Markt kompatibel ist<\/li>\n<li class=\"li1\">Reparaturkite mit selbstklebenden Patches und einem One-Pump-Ersatzkit<\/li>\n<li class=\"li1\">Doppeltes Aufblas-\/Abblasventil + One-Pump<\/li>\n<\/ul>\n","protected":false},"featured_media":341667,"template":"","meta":{"_acf_changed":false,"_uag_custom_page_level_css":""},"product_brand":[],"product_cat":[3528,3582,4194,3453],"product_tag":[],"class_list":{"0":"post-341666","1":"product","2":"type-product","3":"status-publish","4":"has-post-thumbnail","6":"product_cat-flugel-von-wing-foil","7":"product_cat-promos-de","8":"product_cat-saldo-wing-foil-de","9":"product_cat-wing-foil-de","10":"product_shipping_class-foil-komplett-oder-ersatzteile-wing-einheit","12":"first","13":"outofstock","14":"sale","15":"taxable","16":"shipping-taxable","17":"purchasable","18":"product-type-variable","19":"has-default-attributes"},"acf":[],"yoast_head":"<!-- This site is optimized with the Yoast SEO plugin v27.4 - https:\/\/yoast.com\/product\/yoast-seo-wordpress\/ -->\n<title>Wing SROKA V3 - SROKA Company - Wing<\/title>\n<meta name=\"description\" content=\"Wing von Wing 2021 SROKA Company: 3m2, 4m2, 5m2 und 6m2. Entwickelt und getestet von Bruno Sroka, dem 3-fachen Kitesurf-Weltmeister.\" \/>\n<meta name=\"robots\" content=\"noindex, nofollow\" \/>\n<meta property=\"og:locale\" content=\"de_DE\" \/>\n<meta property=\"og:type\" content=\"article\" \/>\n<meta property=\"og:title\" content=\"Wing SROKA V3 - SROKA Company - Wing\" \/>\n<meta property=\"og:description\" content=\"Wing von Wing 2021 SROKA Company: 3m2, 4m2, 5m2 und 6m2. Entwickelt und getestet von Bruno Sroka, dem 3-fachen Kitesurf-Weltmeister.\" \/>\n<meta property=\"og:url\" content=\"https:\/\/srokacompany.com\/de\/produkt\/wing-sroka-v3\/\" \/>\n<meta property=\"og:site_name\" content=\"SROKA Company\" \/>\n<meta property=\"article:publisher\" content=\"https:\/\/www.facebook.com\/srokawatersports\/\" \/>\n<meta property=\"article:modified_time\" content=\"2025-07-15T10:41:29+00:00\" \/>\n<meta property=\"og:image\" content=\"https:\/\/srokacompany.com\/wp-content\/uploads\/2022\/07\/Aile-de-wing-Sroka-V3.jpg\" \/>\n\t<meta property=\"og:image:width\" content=\"780\" \/>\n\t<meta property=\"og:image:height\" content=\"1040\" \/>\n\t<meta property=\"og:image:type\" content=\"image\/jpeg\" \/>\n<meta name=\"twitter:label1\" content=\"Gesch\u00e4tzte Lesezeit\" \/>\n\t<meta name=\"twitter:data1\" content=\"1\u00a0Minute\" \/>\n<script type=\"application\/ld+json\" class=\"yoast-schema-graph\">{\"@context\":\"https:\\\/\\\/schema.org\",\"@graph\":[{\"@type\":\"WebPage\",\"@id\":\"https:\\\/\\\/srokacompany.com\\\/de\\\/produkt\\\/wing-sroka-v3\\\/\",\"url\":\"https:\\\/\\\/srokacompany.com\\\/de\\\/produkt\\\/wing-sroka-v3\\\/\",\"name\":\"Wing SROKA V3 - SROKA Company - Wing\",\"isPartOf\":{\"@id\":\"https:\\\/\\\/srokacompany.com\\\/de\\\/#website\"},\"primaryImageOfPage\":{\"@id\":\"https:\\\/\\\/srokacompany.com\\\/de\\\/produkt\\\/wing-sroka-v3\\\/#primaryimage\"},\"image\":{\"@id\":\"https:\\\/\\\/srokacompany.com\\\/de\\\/produkt\\\/wing-sroka-v3\\\/#primaryimage\"},\"thumbnailUrl\":\"https:\\\/\\\/srokacompany.com\\\/wp-content\\\/uploads\\\/2022\\\/07\\\/Aile-de-wing-Sroka-V3.jpg\",\"datePublished\":\"2020-01-24T11:12:30+00:00\",\"dateModified\":\"2025-07-15T10:41:29+00:00\",\"description\":\"Wing von Wing 2021 SROKA Company: 3m2, 4m2, 5m2 und 6m2. Entwickelt und getestet von Bruno Sroka, dem 3-fachen Kitesurf-Weltmeister.\",\"breadcrumb\":{\"@id\":\"https:\\\/\\\/srokacompany.com\\\/de\\\/produkt\\\/wing-sroka-v3\\\/#breadcrumb\"},\"inLanguage\":\"de\",\"potentialAction\":[{\"@type\":\"ReadAction\",\"target\":[\"https:\\\/\\\/srokacompany.com\\\/de\\\/produkt\\\/wing-sroka-v3\\\/\"]}]},{\"@type\":\"ImageObject\",\"inLanguage\":\"de\",\"@id\":\"https:\\\/\\\/srokacompany.com\\\/de\\\/produkt\\\/wing-sroka-v3\\\/#primaryimage\",\"url\":\"https:\\\/\\\/srokacompany.com\\\/wp-content\\\/uploads\\\/2022\\\/07\\\/Aile-de-wing-Sroka-V3.jpg\",\"contentUrl\":\"https:\\\/\\\/srokacompany.com\\\/wp-content\\\/uploads\\\/2022\\\/07\\\/Aile-de-wing-Sroka-V3.jpg\",\"width\":780,\"height\":1040},{\"@type\":\"BreadcrumbList\",\"@id\":\"https:\\\/\\\/srokacompany.com\\\/de\\\/produkt\\\/wing-sroka-v3\\\/#breadcrumb\",\"itemListElement\":[{\"@type\":\"ListItem\",\"position\":1,\"name\":\"Accueil\",\"item\":\"https:\\\/\\\/srokacompany.com\\\/de\\\/\"},{\"@type\":\"ListItem\",\"position\":2,\"name\":\"Laden\",\"item\":\"https:\\\/\\\/srokacompany.com\\\/laden\\\/\"},{\"@type\":\"ListItem\",\"position\":3,\"name\":\"Wing SROKA V3\"}]},{\"@type\":\"WebSite\",\"@id\":\"https:\\\/\\\/srokacompany.com\\\/de\\\/#website\",\"url\":\"https:\\\/\\\/srokacompany.com\\\/de\\\/\",\"name\":\"SROKA Company\",\"description\":\"SUP, Kite, Foil, Wing\",\"publisher\":{\"@id\":\"https:\\\/\\\/srokacompany.com\\\/de\\\/#organization\"},\"potentialAction\":[{\"@type\":\"SearchAction\",\"target\":{\"@type\":\"EntryPoint\",\"urlTemplate\":\"https:\\\/\\\/srokacompany.com\\\/de\\\/?s={search_term_string}\"},\"query-input\":{\"@type\":\"PropertyValueSpecification\",\"valueRequired\":true,\"valueName\":\"search_term_string\"}}],\"inLanguage\":\"de\"},{\"@type\":\"Organization\",\"@id\":\"https:\\\/\\\/srokacompany.com\\\/de\\\/#organization\",\"name\":\"SROKACOMPANY\",\"alternateName\":\"SROKA\",\"url\":\"https:\\\/\\\/srokacompany.com\\\/de\\\/\",\"logo\":{\"@type\":\"ImageObject\",\"inLanguage\":\"de\",\"@id\":\"https:\\\/\\\/srokacompany.com\\\/de\\\/#\\\/schema\\\/logo\\\/image\\\/\",\"url\":\"https:\\\/\\\/srokacompany.com\\\/wp-content\\\/uploads\\\/2021\\\/01\\\/logo-sroka-black-transpa.png\",\"contentUrl\":\"https:\\\/\\\/srokacompany.com\\\/wp-content\\\/uploads\\\/2021\\\/01\\\/logo-sroka-black-transpa.png\",\"width\":1201,\"height\":342,\"caption\":\"SROKACOMPANY\"},\"image\":{\"@id\":\"https:\\\/\\\/srokacompany.com\\\/de\\\/#\\\/schema\\\/logo\\\/image\\\/\"},\"sameAs\":[\"https:\\\/\\\/www.facebook.com\\\/srokawatersports\\\/\",\"https:\\\/\\\/www.instagram.com\\\/srokawatersports\\\/\",\"https:\\\/\\\/www.youtube.com\\\/channel\\\/UCVLHHeaPIm-J5bdEUgxqtZA\"]}]}<\/script>\n<!-- \/ Yoast SEO plugin. -->","yoast_head_json":{"title":"Wing SROKA V3 - SROKA Company - Wing","description":"Wing von Wing 2021 SROKA Company: 3m2, 4m2, 5m2 und 6m2. Entwickelt und getestet von Bruno Sroka, dem 3-fachen Kitesurf-Weltmeister.","robots":{"index":"noindex","follow":"nofollow"},"og_locale":"de_DE","og_type":"article","og_title":"Wing SROKA V3 - SROKA Company - Wing","og_description":"Wing von Wing 2021 SROKA Company: 3m2, 4m2, 5m2 und 6m2. Entwickelt und getestet von Bruno Sroka, dem 3-fachen Kitesurf-Weltmeister.","og_url":"https:\/\/srokacompany.com\/de\/produkt\/wing-sroka-v3\/","og_site_name":"SROKA Company","article_publisher":"https:\/\/www.facebook.com\/srokawatersports\/","article_modified_time":"2025-07-15T10:41:29+00:00","og_image":[{"width":780,"height":1040,"url":"https:\/\/srokacompany.com\/wp-content\/uploads\/2022\/07\/Aile-de-wing-Sroka-V3.jpg","type":"image\/jpeg"}],"twitter_misc":{"Gesch\u00e4tzte Lesezeit":"1\u00a0Minute"},"schema":{"@context":"https:\/\/schema.org","@graph":[{"@type":"WebPage","@id":"https:\/\/srokacompany.com\/de\/produkt\/wing-sroka-v3\/","url":"https:\/\/srokacompany.com\/de\/produkt\/wing-sroka-v3\/","name":"Wing SROKA V3 - SROKA Company - Wing","isPartOf":{"@id":"https:\/\/srokacompany.com\/de\/#website"},"primaryImageOfPage":{"@id":"https:\/\/srokacompany.com\/de\/produkt\/wing-sroka-v3\/#primaryimage"},"image":{"@id":"https:\/\/srokacompany.com\/de\/produkt\/wing-sroka-v3\/#primaryimage"},"thumbnailUrl":"https:\/\/srokacompany.com\/wp-content\/uploads\/2022\/07\/Aile-de-wing-Sroka-V3.jpg","datePublished":"2020-01-24T11:12:30+00:00","dateModified":"2025-07-15T10:41:29+00:00","description":"Wing von Wing 2021 SROKA Company: 3m2, 4m2, 5m2 und 6m2. Entwickelt und getestet von Bruno Sroka, dem 3-fachen Kitesurf-Weltmeister.","breadcrumb":{"@id":"https:\/\/srokacompany.com\/de\/produkt\/wing-sroka-v3\/#breadcrumb"},"inLanguage":"de","potentialAction":[{"@type":"ReadAction","target":["https:\/\/srokacompany.com\/de\/produkt\/wing-sroka-v3\/"]}]},{"@type":"ImageObject","inLanguage":"de","@id":"https:\/\/srokacompany.com\/de\/produkt\/wing-sroka-v3\/#primaryimage","url":"https:\/\/srokacompany.com\/wp-content\/uploads\/2022\/07\/Aile-de-wing-Sroka-V3.jpg","contentUrl":"https:\/\/srokacompany.com\/wp-content\/uploads\/2022\/07\/Aile-de-wing-Sroka-V3.jpg","width":780,"height":1040},{"@type":"BreadcrumbList","@id":"https:\/\/srokacompany.com\/de\/produkt\/wing-sroka-v3\/#breadcrumb","itemListElement":[{"@type":"ListItem","position":1,"name":"Accueil","item":"https:\/\/srokacompany.com\/de\/"},{"@type":"ListItem","position":2,"name":"Laden","item":"https:\/\/srokacompany.com\/laden\/"},{"@type":"ListItem","position":3,"name":"Wing SROKA V3"}]},{"@type":"WebSite","@id":"https:\/\/srokacompany.com\/de\/#website","url":"https:\/\/srokacompany.com\/de\/","name":"SROKA Company","description":"SUP, Kite, Foil, Wing","publisher":{"@id":"https:\/\/srokacompany.com\/de\/#organization"},"potentialAction":[{"@type":"SearchAction","target":{"@type":"EntryPoint","urlTemplate":"https:\/\/srokacompany.com\/de\/?s={search_term_string}"},"query-input":{"@type":"PropertyValueSpecification","valueRequired":true,"valueName":"search_term_string"}}],"inLanguage":"de"},{"@type":"Organization","@id":"https:\/\/srokacompany.com\/de\/#organization","name":"SROKACOMPANY","alternateName":"SROKA","url":"https:\/\/srokacompany.com\/de\/","logo":{"@type":"ImageObject","inLanguage":"de","@id":"https:\/\/srokacompany.com\/de\/#\/schema\/logo\/image\/","url":"https:\/\/srokacompany.com\/wp-content\/uploads\/2021\/01\/logo-sroka-black-transpa.png","contentUrl":"https:\/\/srokacompany.com\/wp-content\/uploads\/2021\/01\/logo-sroka-black-transpa.png","width":1201,"height":342,"caption":"SROKACOMPANY"},"image":{"@id":"https:\/\/srokacompany.com\/de\/#\/schema\/logo\/image\/"},"sameAs":["https:\/\/www.facebook.com\/srokawatersports\/","https:\/\/www.instagram.com\/srokawatersports\/","https:\/\/www.youtube.com\/channel\/UCVLHHeaPIm-J5bdEUgxqtZA"]}]}},"uagb_featured_image_src":{"full":["https:\/\/srokacompany.com\/wp-content\/uploads\/2022\/07\/Aile-de-wing-Sroka-V3.jpg",780,1040,false],"thumbnail":["https:\/\/srokacompany.com\/wp-content\/uploads\/2022\/07\/Aile-de-wing-Sroka-V3-150x150.jpg",150,150,true],"medium":["https:\/\/srokacompany.com\/wp-content\/uploads\/2022\/07\/Aile-de-wing-Sroka-V3-225x300.jpg",225,300,true],"medium_large":["https:\/\/srokacompany.com\/wp-content\/uploads\/2022\/07\/Aile-de-wing-Sroka-V3-768x1024.jpg",768,1024,true],"large":["https:\/\/srokacompany.com\/wp-content\/uploads\/2022\/07\/Aile-de-wing-Sroka-V3-768x1024.jpg",768,1024,true],"1536x1536":["https:\/\/srokacompany.com\/wp-content\/uploads\/2022\/07\/Aile-de-wing-Sroka-V3.jpg",780,1040,false],"2048x2048":["https:\/\/srokacompany.com\/wp-content\/uploads\/2022\/07\/Aile-de-wing-Sroka-V3.jpg",780,1040,false],"woocommerce_thumbnail":["https:\/\/srokacompany.com\/wp-content\/uploads\/2022\/07\/Aile-de-wing-Sroka-V3-600x800.jpg",600,800,true],"woocommerce_single":["https:\/\/srokacompany.com\/wp-content\/uploads\/2022\/07\/Aile-de-wing-Sroka-V3-600x800.jpg",600,800,true],"woocommerce_gallery_thumbnail":["https:\/\/srokacompany.com\/wp-content\/uploads\/2022\/07\/Aile-de-wing-Sroka-V3-100x100.jpg",100,100,true],"dgwt-wcas-product-suggestion":["https:\/\/srokacompany.com\/wp-content\/uploads\/2022\/07\/Aile-de-wing-Sroka-V3-64x85.jpg",64,85,true]},"uagb_author_info":{"display_name":"","author_link":"https:\/\/srokacompany.com\/de\/blog\/author\/"},"uagb_comment_info":0,"uagb_excerpt":"Auslaufmodell aus der Serie. Nur noch ein 4 m2 \u00fcbrig Hochwertiger Rucksack mit Schultertr\u00e4gern und Gummiz\u00fcgen, um die Gr\u00f6\u00dfe der Tasche auf Reisen oder im Kofferraum zu verringern. Leash Standard (Kite) Mundst\u00fcck, das mit der \u00fcberwiegenden Mehrheit der Pumpen auf dem Markt kompatibel ist Reparaturkite mit selbstklebenden Patches und einem One-Pump-Ersatzkit Doppeltes Aufblas-\/Abblasventil + One-Pump","jetpack_sharing_enabled":true,"_links":{"self":[{"href":"https:\/\/srokacompany.com\/de\/wp-json\/wp\/v2\/product\/341666","targetHints":{"allow":["GET"]}}],"collection":[{"href":"https:\/\/srokacompany.com\/de\/wp-json\/wp\/v2\/product"}],"about":[{"href":"https:\/\/srokacompany.com\/de\/wp-json\/wp\/v2\/types\/product"}],"wp:featuredmedia":[{"embeddable":true,"href":"https:\/\/srokacompany.com\/de\/wp-json\/wp\/v2\/media\/341667"}],"wp:attachment":[{"href":"https:\/\/srokacompany.com\/de\/wp-json\/wp\/v2\/media?parent=341666"}],"wp:term":[{"taxonomy":"product_brand","embeddable":true,"href":"https:\/\/srokacompany.com\/de\/wp-json\/wp\/v2\/product_brand?post=341666"},{"taxonomy":"product_cat","embeddable":true,"href":"https:\/\/srokacompany.com\/de\/wp-json\/wp\/v2\/product_cat?post=341666"},{"taxonomy":"product_tag","embeddable":true,"href":"https:\/\/srokacompany.com\/de\/wp-json\/wp\/v2\/product_tag?post=341666"}],"curies":[{"name":"wp","href":"https:\/\/api.w.org\/{rel}","templated":true}]}}