{"id":341920,"date":"2020-11-17T10:33:39","date_gmt":"2020-11-17T10:33:39","guid":{"rendered":"https:\/\/srokacompany.com\/produit\/vorderer-kotfluegel-s-foil-high-aspect-1190\/"},"modified":"2025-11-25T11:07:42","modified_gmt":"2025-11-25T09:07:42","slug":"vorderer-kotfluegel-s-foil-high-aspect-1190","status":"publish","type":"product","link":"https:\/\/srokacompany.com\/de\/produkt\/vorderer-kotfluegel-s-foil-high-aspect-1190\/","title":{"rendered":"Vorderer Kotfl\u00fcgel S-Foil High Aspect 1190"},"content":{"rendered":"<hr>\n<h2 style=\"text-align: justify;\">W\u00e4hlen Sie Ihren High Aspect Kite<\/h2>\n<p style=\"text-align: justify;\">Um unser Angebot an Frontfl\u00fcgeln von foil zu bereichern, f\u00fcgen wir die <a href=\"https:\/\/srokacompany.com\/de\/produkt\/s-foil-high-aspect-1190\/\">High Aspect-Reihe<\/a> dem <a href=\"https:\/\/srokacompany.com\/de\/eshop\/surf-foil-de\/\"><strong>S Foil klassischen<\/strong><\/a>. Wo die mittlere Streckung des Classic Carving und Vielseitigkeit bietet, haben wir hier Frontfl\u00fcgel mit kompromisslosem Gleiten und Pumpen entworfen. Jeder High Aspect hat ein einzigartiges Profil, das wir durch das Sammeln von Feedback unserer Kunden entworfen haben, um die ultimative Gleitwaffe zu bauen:<\/p>\n<ul>\n<li style=\"text-align: justify;\">Die <a href=\"https:\/\/srokacompany.com\/de\/eshop\/alle-unsere-high-aspect-foils\/\"><strong>HA 1190 S (speed)<\/strong><\/a> ist perfekt in <a href=\"https:\/\/srokacompany.com\/de\/blog\/wie-wendet-man-in-wingfoil\/\"><strong>Wing foil<\/strong><\/a>. Es eignet sich auch hervorragend f\u00fcr diejenigen, die starke Swell-Z\u00fcge reiten wollen, aber auch f\u00fcr andere Foil-Disziplinen wie Wind Foil und <strong> <a href=\"https:\/\/srokacompany.com\/de\/eshop\/aufblasbare-paddel\/\">Kite<\/a> <\/strong>Foil. Es vermittelt ein Gef\u00fchl von Geschwindigkeit, Gleitf\u00e4higkeit und absoluter Kontrolle, das deine Vorstellung vom Foilen ver\u00e4ndern wird. Es liefert auch ein hervorragendes Pumpen. Dieses Profil ist schneller, aber weniger schwimmf\u00e4hig als der Lift. Dank seiner Gr\u00f6\u00dfe und seines Profils wird Ihre Erfahrung nie bestrafend sein, und Sie behalten in jeder Situation die Kontrolle.<\/li>\n<li style=\"text-align: justify;\"><a href=\"https:\/\/srokacompany.com\/de\/eshop\/alle-unsere-high-aspect-foils\/\"><br \/>\n  <strong>Der HA 1190 L (Lift)<\/strong><br \/>\n<\/a> ist hier, um Ihre Surflust zu stillen. Sie wird sich beim Surfen voll entfalten Foil, <strong>SUP foil<\/strong>und beim Wake Foil. Dieser Kite profitiert von einem Profil mit fast 20% mehr Auftrieb als der Speed.  Es erzeugt ein beunruhigend leichtes und sanftes Pumpen und Gleiten mit hoher Flugleistung. M\u00fchelos k\u00f6nnen Sie Wellen und Swell-Z\u00fcge wieder auf unendlich verbinden.<\/li>\n<\/ul>\n<p style=\"text-align: justify;\">Entdecken Sie eine neue Welt des Gef\u00fchls mit unseren <strong>HA 1190 S<\/strong> und <strong>HA 1190 L, <\/strong>und wie Sie unten das richtige High-Aspect-Profil ausw\u00e4hlen. Unsere <a href=\"https:\/\/srokacompany.com\/de\/produkt\/s-foil-high-aspect-1190\/\">S Foil<\/a> werden in einer <a href=\"https:\/\/srokacompany.com\/de\/produkt\/schutzhuelle-fuer-foils\/\">Schutz- und Transporttasche<\/a> geliefert. <\/p>\n<blockquote class=\"wp-embedded-content\" data-secret=\"tyjZIW1EQp\"><p><a href=\"https:\/\/srokacompany.com\/de\/technische-daten-der-kites-und-boards-von-foil-sroka\/\">Caract\u00e9ristiques techniques des ailes et planches de foil Sroka<\/a><\/p><\/blockquote>\n<p><iframe loading=\"lazy\" class=\"wp-embedded-content\" sandbox=\"allow-scripts\" security=\"restricted\" style=\"position: absolute; visibility: hidden;\" title=\"&#8222;Caract\u00e9ristiques techniques des ailes et planches de foil Sroka&#8220; &#8212; SROKA Company\" src=\"https:\/\/srokacompany.com\/de\/technische-daten-der-kites-und-boards-von-foil-sroka\/embed\/#?secret=Il8QEUPuuk#?secret=tyjZIW1EQp\" data-secret=\"tyjZIW1EQp\" width=\"500\" height=\"282\" frameborder=\"0\" marginwidth=\"0\" marginheight=\"0\" scrolling=\"no\"><\/iframe><\/p>\n","protected":false},"excerpt":{"rendered":"<p><b>Vorderfl\u00fcgel S-Foil High Aspect 1190 (L-Profil) :<\/b> Der Kite der Leichtigkeit und des <b>Fr\u00fchstarts<\/b>. Er bietet <b>maximalen Auftrieb<\/b> bei niedrigen Drehzahlen und ist perfekt f\u00fcr <b>Surf foil<\/b>, <b>SUP foil<\/b> und <b>gro\u00dfe<\/b> <b>Wingfoil-Fahrer<\/b>. Genie\u00dfe magisches Gleiten und <b>m\u00fcheloses Pumpen<\/b>, um bei leichtem Wind zu fliegen.<b>Frontfl\u00fcgel S-Foil High Aspect 1190 (S-Profil):<\/b> Die <b>Speed-Option<\/b> f\u00fcr mehr <b>Leistung<\/b>. Ideal f\u00fcr <b>Wingfoil<\/b> (leichte oder fortgeschrittene Gr\u00f6\u00dfen) und bietet eine <b>hohe Geschwindigkeit<\/b>.   <b> <\/b>  Schnelle Beschleunigung und <b>Wendigkeit<\/b> f\u00fcr pr\u00e4zises Fahren.<\/p>\n","protected":false},"featured_media":341926,"template":"","meta":{"_acf_changed":false,"_uag_custom_page_level_css":""},"product_brand":[],"product_cat":[3473,3440,3493,3471,3455,3453],"product_tag":[3443,3442],"class_list":{"0":"post-341920","1":"product","2":"type-product","3":"status-publish","4":"has-post-thumbnail","6":"product_cat-alle-unsere-high-aspect-lamellen","7":"product_cat-flugel-wing-foil","8":"product_cat-foil-de","9":"product_cat-surf-foil-de","10":"product_cat-surf-flugel-foil","11":"product_cat-wing-foil-de","12":"product_tag-fortgeschrittene","13":"product_tag-schlau","14":"product_shipping_class-foil-komplett-oder-ersatzteile-wing-einheit","16":"first","17":"instock","18":"sale","19":"taxable","20":"shipping-taxable","21":"purchasable","22":"product-type-variable","23":"has-default-attributes"},"acf":[],"yoast_head":"<!-- This site is optimized with the Yoast SEO plugin v27.4 - https:\/\/yoast.com\/product\/yoast-seo-wordpress\/ -->\n<title>Vorderer Kotfl\u00fcgel S-Foil High Aspect 1190 - SROKA Company - FOIL<\/title>\n<meta name=\"description\" content=\"Der neue S Foil High Aspect Frontfl\u00fcgel von Sroka und seine Variationen bieten das Beste an Leistung und Preis vereint.\" \/>\n<meta name=\"robots\" content=\"index, follow, max-snippet:-1, max-image-preview:large, max-video-preview:-1\" \/>\n<link rel=\"canonical\" href=\"https:\/\/srokacompany.com\/de\/produkt\/vorderer-kotfluegel-s-foil-high-aspect-1190\/\" \/>\n<meta property=\"og:locale\" content=\"de_DE\" \/>\n<meta property=\"og:type\" content=\"article\" \/>\n<meta property=\"og:title\" content=\"Vorderer Kotfl\u00fcgel S-Foil High Aspect 1190 - SROKA Company - FOIL\" \/>\n<meta property=\"og:description\" content=\"Der neue S Foil High Aspect Frontfl\u00fcgel von Sroka und seine Variationen bieten das Beste an Leistung und Preis vereint.\" \/>\n<meta property=\"og:url\" content=\"https:\/\/srokacompany.com\/de\/produkt\/vorderer-kotfluegel-s-foil-high-aspect-1190\/\" \/>\n<meta property=\"og:site_name\" content=\"SROKA Company\" \/>\n<meta property=\"article:publisher\" content=\"https:\/\/www.facebook.com\/srokawatersports\/\" \/>\n<meta property=\"article:modified_time\" content=\"2025-11-25T09:07:42+00:00\" \/>\n<meta property=\"og:image\" content=\"https:\/\/srokacompany.com\/wp-content\/uploads\/2020\/11\/aile-avant-foil-high-aspect-2.jpg\" \/>\n\t<meta property=\"og:image:width\" content=\"780\" \/>\n\t<meta property=\"og:image:height\" content=\"1040\" \/>\n\t<meta property=\"og:image:type\" content=\"image\/jpeg\" \/>\n<meta name=\"twitter:label1\" content=\"Gesch\u00e4tzte Lesezeit\" \/>\n\t<meta name=\"twitter:data1\" content=\"1\u00a0Minute\" \/>\n<script type=\"application\/ld+json\" class=\"yoast-schema-graph\">{\"@context\":\"https:\\\/\\\/schema.org\",\"@graph\":[{\"@type\":\"WebPage\",\"@id\":\"https:\\\/\\\/srokacompany.com\\\/de\\\/produkt\\\/vorderer-kotfluegel-s-foil-high-aspect-1190\\\/\",\"url\":\"https:\\\/\\\/srokacompany.com\\\/de\\\/produkt\\\/vorderer-kotfluegel-s-foil-high-aspect-1190\\\/\",\"name\":\"Vorderer Kotfl\u00fcgel S-Foil High Aspect 1190 - SROKA Company - FOIL\",\"isPartOf\":{\"@id\":\"https:\\\/\\\/srokacompany.com\\\/de\\\/#website\"},\"primaryImageOfPage\":{\"@id\":\"https:\\\/\\\/srokacompany.com\\\/de\\\/produkt\\\/vorderer-kotfluegel-s-foil-high-aspect-1190\\\/#primaryimage\"},\"image\":{\"@id\":\"https:\\\/\\\/srokacompany.com\\\/de\\\/produkt\\\/vorderer-kotfluegel-s-foil-high-aspect-1190\\\/#primaryimage\"},\"thumbnailUrl\":\"https:\\\/\\\/srokacompany.com\\\/wp-content\\\/uploads\\\/2020\\\/11\\\/aile-avant-foil-high-aspect-2.jpg\",\"datePublished\":\"2020-11-17T10:33:39+00:00\",\"dateModified\":\"2025-11-25T09:07:42+00:00\",\"description\":\"Der neue S Foil High Aspect Frontfl\u00fcgel von Sroka und seine Variationen bieten das Beste an Leistung und Preis vereint.\",\"breadcrumb\":{\"@id\":\"https:\\\/\\\/srokacompany.com\\\/de\\\/produkt\\\/vorderer-kotfluegel-s-foil-high-aspect-1190\\\/#breadcrumb\"},\"inLanguage\":\"de\",\"potentialAction\":[{\"@type\":\"ReadAction\",\"target\":[\"https:\\\/\\\/srokacompany.com\\\/de\\\/produkt\\\/vorderer-kotfluegel-s-foil-high-aspect-1190\\\/\"]}]},{\"@type\":\"ImageObject\",\"inLanguage\":\"de\",\"@id\":\"https:\\\/\\\/srokacompany.com\\\/de\\\/produkt\\\/vorderer-kotfluegel-s-foil-high-aspect-1190\\\/#primaryimage\",\"url\":\"https:\\\/\\\/srokacompany.com\\\/wp-content\\\/uploads\\\/2020\\\/11\\\/aile-avant-foil-high-aspect-2.jpg\",\"contentUrl\":\"https:\\\/\\\/srokacompany.com\\\/wp-content\\\/uploads\\\/2020\\\/11\\\/aile-avant-foil-high-aspect-2.jpg\",\"width\":780,\"height\":1040,\"caption\":\"High-Aspect-Frontfl\u00fcgel f\u00fcr foil im Leistungsmodus, verkauft von Sroka Company\"},{\"@type\":\"BreadcrumbList\",\"@id\":\"https:\\\/\\\/srokacompany.com\\\/de\\\/produkt\\\/vorderer-kotfluegel-s-foil-high-aspect-1190\\\/#breadcrumb\",\"itemListElement\":[{\"@type\":\"ListItem\",\"position\":1,\"name\":\"Accueil\",\"item\":\"https:\\\/\\\/srokacompany.com\\\/de\\\/\"},{\"@type\":\"ListItem\",\"position\":2,\"name\":\"Laden\",\"item\":\"https:\\\/\\\/srokacompany.com\\\/laden\\\/\"},{\"@type\":\"ListItem\",\"position\":3,\"name\":\"Vorderer Kotfl\u00fcgel S-Foil High Aspect 1190\"}]},{\"@type\":\"WebSite\",\"@id\":\"https:\\\/\\\/srokacompany.com\\\/de\\\/#website\",\"url\":\"https:\\\/\\\/srokacompany.com\\\/de\\\/\",\"name\":\"SROKA Company\",\"description\":\"SUP, Kite, Foil, Wing\",\"publisher\":{\"@id\":\"https:\\\/\\\/srokacompany.com\\\/de\\\/#organization\"},\"potentialAction\":[{\"@type\":\"SearchAction\",\"target\":{\"@type\":\"EntryPoint\",\"urlTemplate\":\"https:\\\/\\\/srokacompany.com\\\/de\\\/?s={search_term_string}\"},\"query-input\":{\"@type\":\"PropertyValueSpecification\",\"valueRequired\":true,\"valueName\":\"search_term_string\"}}],\"inLanguage\":\"de\"},{\"@type\":\"Organization\",\"@id\":\"https:\\\/\\\/srokacompany.com\\\/de\\\/#organization\",\"name\":\"SROKACOMPANY\",\"alternateName\":\"SROKA\",\"url\":\"https:\\\/\\\/srokacompany.com\\\/de\\\/\",\"logo\":{\"@type\":\"ImageObject\",\"inLanguage\":\"de\",\"@id\":\"https:\\\/\\\/srokacompany.com\\\/de\\\/#\\\/schema\\\/logo\\\/image\\\/\",\"url\":\"https:\\\/\\\/srokacompany.com\\\/wp-content\\\/uploads\\\/2021\\\/01\\\/logo-sroka-black-transpa.png\",\"contentUrl\":\"https:\\\/\\\/srokacompany.com\\\/wp-content\\\/uploads\\\/2021\\\/01\\\/logo-sroka-black-transpa.png\",\"width\":1201,\"height\":342,\"caption\":\"SROKACOMPANY\"},\"image\":{\"@id\":\"https:\\\/\\\/srokacompany.com\\\/de\\\/#\\\/schema\\\/logo\\\/image\\\/\"},\"sameAs\":[\"https:\\\/\\\/www.facebook.com\\\/srokawatersports\\\/\",\"https:\\\/\\\/www.instagram.com\\\/srokawatersports\\\/\",\"https:\\\/\\\/www.youtube.com\\\/channel\\\/UCVLHHeaPIm-J5bdEUgxqtZA\"]}]}<\/script>\n<!-- \/ Yoast SEO plugin. -->","yoast_head_json":{"title":"Vorderer Kotfl\u00fcgel S-Foil High Aspect 1190 - SROKA Company - FOIL","description":"Der neue S Foil High Aspect Frontfl\u00fcgel von Sroka und seine Variationen bieten das Beste an Leistung und Preis vereint.","robots":{"index":"index","follow":"follow","max-snippet":"max-snippet:-1","max-image-preview":"max-image-preview:large","max-video-preview":"max-video-preview:-1"},"canonical":"https:\/\/srokacompany.com\/de\/produkt\/vorderer-kotfluegel-s-foil-high-aspect-1190\/","og_locale":"de_DE","og_type":"article","og_title":"Vorderer Kotfl\u00fcgel S-Foil High Aspect 1190 - SROKA Company - FOIL","og_description":"Der neue S Foil High Aspect Frontfl\u00fcgel von Sroka und seine Variationen bieten das Beste an Leistung und Preis vereint.","og_url":"https:\/\/srokacompany.com\/de\/produkt\/vorderer-kotfluegel-s-foil-high-aspect-1190\/","og_site_name":"SROKA Company","article_publisher":"https:\/\/www.facebook.com\/srokawatersports\/","article_modified_time":"2025-11-25T09:07:42+00:00","og_image":[{"width":780,"height":1040,"url":"https:\/\/srokacompany.com\/wp-content\/uploads\/2020\/11\/aile-avant-foil-high-aspect-2.jpg","type":"image\/jpeg"}],"twitter_misc":{"Gesch\u00e4tzte Lesezeit":"1\u00a0Minute"},"schema":{"@context":"https:\/\/schema.org","@graph":[{"@type":"WebPage","@id":"https:\/\/srokacompany.com\/de\/produkt\/vorderer-kotfluegel-s-foil-high-aspect-1190\/","url":"https:\/\/srokacompany.com\/de\/produkt\/vorderer-kotfluegel-s-foil-high-aspect-1190\/","name":"Vorderer Kotfl\u00fcgel S-Foil High Aspect 1190 - SROKA Company - FOIL","isPartOf":{"@id":"https:\/\/srokacompany.com\/de\/#website"},"primaryImageOfPage":{"@id":"https:\/\/srokacompany.com\/de\/produkt\/vorderer-kotfluegel-s-foil-high-aspect-1190\/#primaryimage"},"image":{"@id":"https:\/\/srokacompany.com\/de\/produkt\/vorderer-kotfluegel-s-foil-high-aspect-1190\/#primaryimage"},"thumbnailUrl":"https:\/\/srokacompany.com\/wp-content\/uploads\/2020\/11\/aile-avant-foil-high-aspect-2.jpg","datePublished":"2020-11-17T10:33:39+00:00","dateModified":"2025-11-25T09:07:42+00:00","description":"Der neue S Foil High Aspect Frontfl\u00fcgel von Sroka und seine Variationen bieten das Beste an Leistung und Preis vereint.","breadcrumb":{"@id":"https:\/\/srokacompany.com\/de\/produkt\/vorderer-kotfluegel-s-foil-high-aspect-1190\/#breadcrumb"},"inLanguage":"de","potentialAction":[{"@type":"ReadAction","target":["https:\/\/srokacompany.com\/de\/produkt\/vorderer-kotfluegel-s-foil-high-aspect-1190\/"]}]},{"@type":"ImageObject","inLanguage":"de","@id":"https:\/\/srokacompany.com\/de\/produkt\/vorderer-kotfluegel-s-foil-high-aspect-1190\/#primaryimage","url":"https:\/\/srokacompany.com\/wp-content\/uploads\/2020\/11\/aile-avant-foil-high-aspect-2.jpg","contentUrl":"https:\/\/srokacompany.com\/wp-content\/uploads\/2020\/11\/aile-avant-foil-high-aspect-2.jpg","width":780,"height":1040,"caption":"High-Aspect-Frontfl\u00fcgel f\u00fcr foil im Leistungsmodus, verkauft von Sroka Company"},{"@type":"BreadcrumbList","@id":"https:\/\/srokacompany.com\/de\/produkt\/vorderer-kotfluegel-s-foil-high-aspect-1190\/#breadcrumb","itemListElement":[{"@type":"ListItem","position":1,"name":"Accueil","item":"https:\/\/srokacompany.com\/de\/"},{"@type":"ListItem","position":2,"name":"Laden","item":"https:\/\/srokacompany.com\/laden\/"},{"@type":"ListItem","position":3,"name":"Vorderer Kotfl\u00fcgel S-Foil High Aspect 1190"}]},{"@type":"WebSite","@id":"https:\/\/srokacompany.com\/de\/#website","url":"https:\/\/srokacompany.com\/de\/","name":"SROKA Company","description":"SUP, Kite, Foil, Wing","publisher":{"@id":"https:\/\/srokacompany.com\/de\/#organization"},"potentialAction":[{"@type":"SearchAction","target":{"@type":"EntryPoint","urlTemplate":"https:\/\/srokacompany.com\/de\/?s={search_term_string}"},"query-input":{"@type":"PropertyValueSpecification","valueRequired":true,"valueName":"search_term_string"}}],"inLanguage":"de"},{"@type":"Organization","@id":"https:\/\/srokacompany.com\/de\/#organization","name":"SROKACOMPANY","alternateName":"SROKA","url":"https:\/\/srokacompany.com\/de\/","logo":{"@type":"ImageObject","inLanguage":"de","@id":"https:\/\/srokacompany.com\/de\/#\/schema\/logo\/image\/","url":"https:\/\/srokacompany.com\/wp-content\/uploads\/2021\/01\/logo-sroka-black-transpa.png","contentUrl":"https:\/\/srokacompany.com\/wp-content\/uploads\/2021\/01\/logo-sroka-black-transpa.png","width":1201,"height":342,"caption":"SROKACOMPANY"},"image":{"@id":"https:\/\/srokacompany.com\/de\/#\/schema\/logo\/image\/"},"sameAs":["https:\/\/www.facebook.com\/srokawatersports\/","https:\/\/www.instagram.com\/srokawatersports\/","https:\/\/www.youtube.com\/channel\/UCVLHHeaPIm-J5bdEUgxqtZA"]}]}},"uagb_featured_image_src":{"full":["https:\/\/srokacompany.com\/wp-content\/uploads\/2020\/11\/aile-avant-foil-high-aspect-2.jpg",780,1040,false],"thumbnail":["https:\/\/srokacompany.com\/wp-content\/uploads\/2020\/11\/aile-avant-foil-high-aspect-2-150x150.jpg",150,150,true],"medium":["https:\/\/srokacompany.com\/wp-content\/uploads\/2020\/11\/aile-avant-foil-high-aspect-2-225x300.jpg",225,300,true],"medium_large":["https:\/\/srokacompany.com\/wp-content\/uploads\/2020\/11\/aile-avant-foil-high-aspect-2-768x1024.jpg",768,1024,true],"large":["https:\/\/srokacompany.com\/wp-content\/uploads\/2020\/11\/aile-avant-foil-high-aspect-2-768x1024.jpg",768,1024,true],"1536x1536":["https:\/\/srokacompany.com\/wp-content\/uploads\/2020\/11\/aile-avant-foil-high-aspect-2.jpg",780,1040,false],"2048x2048":["https:\/\/srokacompany.com\/wp-content\/uploads\/2020\/11\/aile-avant-foil-high-aspect-2.jpg",780,1040,false],"woocommerce_thumbnail":["https:\/\/srokacompany.com\/wp-content\/uploads\/2020\/11\/aile-avant-foil-high-aspect-2-600x800.jpg",600,800,true],"woocommerce_single":["https:\/\/srokacompany.com\/wp-content\/uploads\/2020\/11\/aile-avant-foil-high-aspect-2-600x800.jpg",600,800,true],"woocommerce_gallery_thumbnail":["https:\/\/srokacompany.com\/wp-content\/uploads\/2020\/11\/aile-avant-foil-high-aspect-2-100x100.jpg",100,100,true],"dgwt-wcas-product-suggestion":["https:\/\/srokacompany.com\/wp-content\/uploads\/2020\/11\/aile-avant-foil-high-aspect-2.jpg",64,85,false]},"uagb_author_info":{"display_name":"Tristan Dumard","author_link":"https:\/\/srokacompany.com\/de\/blog\/author\/"},"uagb_comment_info":0,"uagb_excerpt":"Vorderfl\u00fcgel S-Foil High Aspect 1190 (L-Profil) : Der Kite der Leichtigkeit und des Fr\u00fchstarts. Er bietet maximalen Auftrieb bei niedrigen Drehzahlen und ist perfekt f\u00fcr Surf foil, SUP foil und gro\u00dfe Wingfoil-Fahrer. Genie\u00dfe magisches Gleiten und m\u00fcheloses Pumpen, um bei leichtem Wind zu fliegen.Frontfl\u00fcgel S-Foil High Aspect 1190 (S-Profil): Die Speed-Option f\u00fcr mehr Leistung. Ideal&hellip;","jetpack_sharing_enabled":true,"_links":{"self":[{"href":"https:\/\/srokacompany.com\/de\/wp-json\/wp\/v2\/product\/341920","targetHints":{"allow":["GET"]}}],"collection":[{"href":"https:\/\/srokacompany.com\/de\/wp-json\/wp\/v2\/product"}],"about":[{"href":"https:\/\/srokacompany.com\/de\/wp-json\/wp\/v2\/types\/product"}],"wp:featuredmedia":[{"embeddable":true,"href":"https:\/\/srokacompany.com\/de\/wp-json\/wp\/v2\/media\/341926"}],"wp:attachment":[{"href":"https:\/\/srokacompany.com\/de\/wp-json\/wp\/v2\/media?parent=341920"}],"wp:term":[{"taxonomy":"product_brand","embeddable":true,"href":"https:\/\/srokacompany.com\/de\/wp-json\/wp\/v2\/product_brand?post=341920"},{"taxonomy":"product_cat","embeddable":true,"href":"https:\/\/srokacompany.com\/de\/wp-json\/wp\/v2\/product_cat?post=341920"},{"taxonomy":"product_tag","embeddable":true,"href":"https:\/\/srokacompany.com\/de\/wp-json\/wp\/v2\/product_tag?post=341920"}],"curies":[{"name":"wp","href":"https:\/\/api.w.org\/{rel}","templated":true}]}}