{"id":341968,"date":"2020-11-06T20:29:38","date_gmt":"2020-11-06T20:29:38","guid":{"rendered":"https:\/\/srokacompany.com\/produit\/einziehbare-flosse-fuer-stand-up-paddle\/"},"modified":"2025-10-31T19:14:23","modified_gmt":"2025-10-31T17:14:23","slug":"einziehbare-flosse-fuer-stand-up-paddle","status":"publish","type":"product","link":"https:\/\/srokacompany.com\/de\/produkt\/einziehbare-flosse-fuer-stand-up-paddle\/","title":{"rendered":"Einziehbare Flosse f\u00fcr Stand Up Paddle"},"content":{"rendered":"<hr>\n<h1 class=\"p1\"><strong>Einziehbare Flosse Stand Up Paddle<\/strong><\/h1>\n<p class=\"p1\">Mit der einziehbaren Finne k\u00f6nnen Sie alle flachen Gew\u00e4sser in Paddelreichweite bringen. Sollte sie doch einmal aufsetzen, klappt sie ein und verhindert so einen Bruch. Die deutsche Konstruktion, die sehr robust und langlebig ist, f\u00f6rdert auch die Man\u00f6vrierf\u00e4higkeit Ihres <a href=\"https:\/\/srokacompany.com\/de\/\">SUP<\/a>. Er eignet sich f\u00fcr alle Gew\u00e4sser, Wasserst\u00e4nde und Programme, ist aber besonders f\u00fcr Seen und flache Gew\u00e4sser geeignet. Er ist mit allen unseren SUP kompatibel. Die Slide In-Version ist f\u00fcr <a href=\"https:\/\/srokacompany.com\/de\/eshop\/aufblasbare-paddel\/\">Malibu<\/a> und <a href=\"https:\/\/srokacompany.com\/de\/eshop\/aufblasbare-paddel\/\">Easy<\/a> gedacht, die US Box f\u00fcr <a href=\"https:\/\/srokacompany.com\/de\/eshop\/aufblasbare-paddel\/\">Alphas<\/a>.     <\/p>\n<p class=\"p1\">Seine Verwendungszwecke sind sehr vielf\u00e4ltig. Dank ihm ist es m\u00f6glich, den SUP an Land zu setzen, ohne sich Sorgen machen zu m\u00fcssen, dass die Flossen abbrechen, an Land darauf zu steigen oder die SUP \u00fcbereinander zu stapeln. Sie gehen \u00fcber den aufsteigenden Grund hinweg, ohne ihn zu sp\u00fcren. Selbst Algen im Meer oder in Seen k\u00f6nnen Ihren Ruderschlag nicht bremsen!   <\/p>\n<p class=\"p1\">Exklusiver Vertrieb durch SROKA in Frankreich. Entdecken Sie unser gesamtes Zubeh\u00f6r, <a href=\"https:\/\/srokacompany.com\/de\/eshop\/paddle-zubehor\/\">indem Sie hier klicken<\/a> (<a href=\"https:\/\/srokacompany.com\/de\/produkt\/elektrische-pumpe-fuer-aufblasbare-stand-up-paddles\/\">elektrische Pumpe<\/a>, <a href=\"https:\/\/srokacompany.com\/de\/eshop\/paddle-zubehor\/\">Paddel,<\/a> <a href=\"https:\/\/srokacompany.com\/de\/eshop\/aufblasbare-paddel\/\">Leine<\/a>&#8230;). Entdecken Sie <a href=\"https:\/\/sup-passion.com\/aileron-retractable-i-paddle-inntal-finne-us-finbox\/\">hier den Test von SUP Passion!<\/a> <\/p>\n","protected":false},"excerpt":{"rendered":"<p>Einziehbare Flosse Stand Up Paddle Mit der einziehbaren Finne k\u00f6nnen Sie alle flachen Gew\u00e4sser in Paddelreichweite bringen. Sollte sie doch einmal aufsetzen, klappt sie ein und verhindert so einen Bruch. Die deutsche Konstruktion, die sehr robust und langlebig ist, f\u00f6rdert auch die Man\u00f6vrierf\u00e4higkeit Ihres SUP. Er eignet sich f\u00fcr alle Gew\u00e4sser, Wasserst\u00e4nde und Programme, ist [&hellip;]<\/p>\n","protected":false},"featured_media":341976,"template":"","meta":{"_acf_changed":false,"_uag_custom_page_level_css":""},"product_brand":[],"product_cat":[3620,3604,3578],"product_tag":[],"class_list":{"0":"post-341968","1":"product","2":"type-product","3":"status-publish","4":"has-post-thumbnail","6":"product_cat-aufblasbare-paddel","7":"product_cat-paddle-finne","8":"product_cat-paddle-zubehor","9":"product_shipping_class-querruder-komplette-schrauben","11":"first","12":"instock","13":"taxable","14":"shipping-taxable","15":"purchasable","16":"product-type-variable"},"acf":[],"yoast_head":"<!-- This site is optimized with the Yoast SEO plugin v27.4 - https:\/\/yoast.com\/product\/yoast-seo-wordpress\/ -->\n<title>Einziehbare Flosse f\u00fcr Stand Up Paddle - SROKA Company<\/title>\n<meta name=\"description\" content=\"Einziehbare Stand Up Paddle-Finne - kompatibel mit US-Geh\u00e4usen und Slide In. Ideal f\u00fcr Fl\u00fcsse, Seen und flache Gew\u00e4sser.\" \/>\n<meta name=\"robots\" content=\"index, follow, max-snippet:-1, max-image-preview:large, max-video-preview:-1\" \/>\n<link rel=\"canonical\" href=\"https:\/\/srokacompany.com\/de\/produkt\/einziehbare-flosse-fuer-stand-up-paddle\/\" \/>\n<meta property=\"og:locale\" content=\"de_DE\" \/>\n<meta property=\"og:type\" content=\"article\" \/>\n<meta property=\"og:title\" content=\"Einziehbare Flosse f\u00fcr Stand Up Paddle - SROKA Company\" \/>\n<meta property=\"og:description\" content=\"Einziehbare Stand Up Paddle-Finne - kompatibel mit US-Geh\u00e4usen und Slide In. Ideal f\u00fcr Fl\u00fcsse, Seen und flache Gew\u00e4sser.\" \/>\n<meta property=\"og:url\" content=\"https:\/\/srokacompany.com\/de\/produkt\/einziehbare-flosse-fuer-stand-up-paddle\/\" \/>\n<meta property=\"og:site_name\" content=\"SROKA Company\" \/>\n<meta property=\"article:publisher\" content=\"https:\/\/www.facebook.com\/srokawatersports\/\" \/>\n<meta property=\"article:modified_time\" content=\"2025-10-31T17:14:23+00:00\" \/>\n<meta property=\"og:image\" content=\"https:\/\/srokacompany.com\/wp-content\/uploads\/2020\/12\/Ailerons-retractables-Sroka.jpg\" \/>\n\t<meta property=\"og:image:width\" content=\"780\" \/>\n\t<meta property=\"og:image:height\" content=\"1040\" \/>\n\t<meta property=\"og:image:type\" content=\"image\/jpeg\" \/>\n<meta name=\"twitter:label1\" content=\"Gesch\u00e4tzte Lesezeit\" \/>\n\t<meta name=\"twitter:data1\" content=\"1\u00a0Minute\" \/>\n<script type=\"application\/ld+json\" class=\"yoast-schema-graph\">{\"@context\":\"https:\\\/\\\/schema.org\",\"@graph\":[{\"@type\":\"WebPage\",\"@id\":\"https:\\\/\\\/srokacompany.com\\\/de\\\/produkt\\\/einziehbare-flosse-fuer-stand-up-paddle\\\/\",\"url\":\"https:\\\/\\\/srokacompany.com\\\/de\\\/produkt\\\/einziehbare-flosse-fuer-stand-up-paddle\\\/\",\"name\":\"Einziehbare Flosse f\u00fcr Stand Up Paddle - SROKA Company\",\"isPartOf\":{\"@id\":\"https:\\\/\\\/srokacompany.com\\\/de\\\/#website\"},\"primaryImageOfPage\":{\"@id\":\"https:\\\/\\\/srokacompany.com\\\/de\\\/produkt\\\/einziehbare-flosse-fuer-stand-up-paddle\\\/#primaryimage\"},\"image\":{\"@id\":\"https:\\\/\\\/srokacompany.com\\\/de\\\/produkt\\\/einziehbare-flosse-fuer-stand-up-paddle\\\/#primaryimage\"},\"thumbnailUrl\":\"https:\\\/\\\/srokacompany.com\\\/wp-content\\\/uploads\\\/2020\\\/12\\\/Ailerons-retractables-Sroka.jpg\",\"datePublished\":\"2020-11-06T20:29:38+00:00\",\"dateModified\":\"2025-10-31T17:14:23+00:00\",\"description\":\"Einziehbare Stand Up Paddle-Finne - kompatibel mit US-Geh\u00e4usen und Slide In. Ideal f\u00fcr Fl\u00fcsse, Seen und flache Gew\u00e4sser.\",\"breadcrumb\":{\"@id\":\"https:\\\/\\\/srokacompany.com\\\/de\\\/produkt\\\/einziehbare-flosse-fuer-stand-up-paddle\\\/#breadcrumb\"},\"inLanguage\":\"de\",\"potentialAction\":[{\"@type\":\"ReadAction\",\"target\":[\"https:\\\/\\\/srokacompany.com\\\/de\\\/produkt\\\/einziehbare-flosse-fuer-stand-up-paddle\\\/\"]}]},{\"@type\":\"ImageObject\",\"inLanguage\":\"de\",\"@id\":\"https:\\\/\\\/srokacompany.com\\\/de\\\/produkt\\\/einziehbare-flosse-fuer-stand-up-paddle\\\/#primaryimage\",\"url\":\"https:\\\/\\\/srokacompany.com\\\/wp-content\\\/uploads\\\/2020\\\/12\\\/Ailerons-retractables-Sroka.jpg\",\"contentUrl\":\"https:\\\/\\\/srokacompany.com\\\/wp-content\\\/uploads\\\/2020\\\/12\\\/Ailerons-retractables-Sroka.jpg\",\"width\":780,\"height\":1040,\"caption\":\"Flosse Fluss Sroka\"},{\"@type\":\"BreadcrumbList\",\"@id\":\"https:\\\/\\\/srokacompany.com\\\/de\\\/produkt\\\/einziehbare-flosse-fuer-stand-up-paddle\\\/#breadcrumb\",\"itemListElement\":[{\"@type\":\"ListItem\",\"position\":1,\"name\":\"Accueil\",\"item\":\"https:\\\/\\\/srokacompany.com\\\/de\\\/\"},{\"@type\":\"ListItem\",\"position\":2,\"name\":\"Laden\",\"item\":\"https:\\\/\\\/srokacompany.com\\\/laden\\\/\"},{\"@type\":\"ListItem\",\"position\":3,\"name\":\"Einziehbare Flosse f\u00fcr Stand Up Paddle\"}]},{\"@type\":\"WebSite\",\"@id\":\"https:\\\/\\\/srokacompany.com\\\/de\\\/#website\",\"url\":\"https:\\\/\\\/srokacompany.com\\\/de\\\/\",\"name\":\"SROKA Company\",\"description\":\"SUP, Kite, Foil, Wing\",\"publisher\":{\"@id\":\"https:\\\/\\\/srokacompany.com\\\/de\\\/#organization\"},\"potentialAction\":[{\"@type\":\"SearchAction\",\"target\":{\"@type\":\"EntryPoint\",\"urlTemplate\":\"https:\\\/\\\/srokacompany.com\\\/de\\\/?s={search_term_string}\"},\"query-input\":{\"@type\":\"PropertyValueSpecification\",\"valueRequired\":true,\"valueName\":\"search_term_string\"}}],\"inLanguage\":\"de\"},{\"@type\":\"Organization\",\"@id\":\"https:\\\/\\\/srokacompany.com\\\/de\\\/#organization\",\"name\":\"SROKACOMPANY\",\"alternateName\":\"SROKA\",\"url\":\"https:\\\/\\\/srokacompany.com\\\/de\\\/\",\"logo\":{\"@type\":\"ImageObject\",\"inLanguage\":\"de\",\"@id\":\"https:\\\/\\\/srokacompany.com\\\/de\\\/#\\\/schema\\\/logo\\\/image\\\/\",\"url\":\"https:\\\/\\\/srokacompany.com\\\/wp-content\\\/uploads\\\/2021\\\/01\\\/logo-sroka-black-transpa.png\",\"contentUrl\":\"https:\\\/\\\/srokacompany.com\\\/wp-content\\\/uploads\\\/2021\\\/01\\\/logo-sroka-black-transpa.png\",\"width\":1201,\"height\":342,\"caption\":\"SROKACOMPANY\"},\"image\":{\"@id\":\"https:\\\/\\\/srokacompany.com\\\/de\\\/#\\\/schema\\\/logo\\\/image\\\/\"},\"sameAs\":[\"https:\\\/\\\/www.facebook.com\\\/srokawatersports\\\/\",\"https:\\\/\\\/www.instagram.com\\\/srokawatersports\\\/\",\"https:\\\/\\\/www.youtube.com\\\/channel\\\/UCVLHHeaPIm-J5bdEUgxqtZA\"]}]}<\/script>\n<!-- \/ Yoast SEO plugin. -->","yoast_head_json":{"title":"Einziehbare Flosse f\u00fcr Stand Up Paddle - SROKA Company","description":"Einziehbare Stand Up Paddle-Finne - kompatibel mit US-Geh\u00e4usen und Slide In. Ideal f\u00fcr Fl\u00fcsse, Seen und flache Gew\u00e4sser.","robots":{"index":"index","follow":"follow","max-snippet":"max-snippet:-1","max-image-preview":"max-image-preview:large","max-video-preview":"max-video-preview:-1"},"canonical":"https:\/\/srokacompany.com\/de\/produkt\/einziehbare-flosse-fuer-stand-up-paddle\/","og_locale":"de_DE","og_type":"article","og_title":"Einziehbare Flosse f\u00fcr Stand Up Paddle - SROKA Company","og_description":"Einziehbare Stand Up Paddle-Finne - kompatibel mit US-Geh\u00e4usen und Slide In. Ideal f\u00fcr Fl\u00fcsse, Seen und flache Gew\u00e4sser.","og_url":"https:\/\/srokacompany.com\/de\/produkt\/einziehbare-flosse-fuer-stand-up-paddle\/","og_site_name":"SROKA Company","article_publisher":"https:\/\/www.facebook.com\/srokawatersports\/","article_modified_time":"2025-10-31T17:14:23+00:00","og_image":[{"width":780,"height":1040,"url":"https:\/\/srokacompany.com\/wp-content\/uploads\/2020\/12\/Ailerons-retractables-Sroka.jpg","type":"image\/jpeg"}],"twitter_misc":{"Gesch\u00e4tzte Lesezeit":"1\u00a0Minute"},"schema":{"@context":"https:\/\/schema.org","@graph":[{"@type":"WebPage","@id":"https:\/\/srokacompany.com\/de\/produkt\/einziehbare-flosse-fuer-stand-up-paddle\/","url":"https:\/\/srokacompany.com\/de\/produkt\/einziehbare-flosse-fuer-stand-up-paddle\/","name":"Einziehbare Flosse f\u00fcr Stand Up Paddle - SROKA Company","isPartOf":{"@id":"https:\/\/srokacompany.com\/de\/#website"},"primaryImageOfPage":{"@id":"https:\/\/srokacompany.com\/de\/produkt\/einziehbare-flosse-fuer-stand-up-paddle\/#primaryimage"},"image":{"@id":"https:\/\/srokacompany.com\/de\/produkt\/einziehbare-flosse-fuer-stand-up-paddle\/#primaryimage"},"thumbnailUrl":"https:\/\/srokacompany.com\/wp-content\/uploads\/2020\/12\/Ailerons-retractables-Sroka.jpg","datePublished":"2020-11-06T20:29:38+00:00","dateModified":"2025-10-31T17:14:23+00:00","description":"Einziehbare Stand Up Paddle-Finne - kompatibel mit US-Geh\u00e4usen und Slide In. Ideal f\u00fcr Fl\u00fcsse, Seen und flache Gew\u00e4sser.","breadcrumb":{"@id":"https:\/\/srokacompany.com\/de\/produkt\/einziehbare-flosse-fuer-stand-up-paddle\/#breadcrumb"},"inLanguage":"de","potentialAction":[{"@type":"ReadAction","target":["https:\/\/srokacompany.com\/de\/produkt\/einziehbare-flosse-fuer-stand-up-paddle\/"]}]},{"@type":"ImageObject","inLanguage":"de","@id":"https:\/\/srokacompany.com\/de\/produkt\/einziehbare-flosse-fuer-stand-up-paddle\/#primaryimage","url":"https:\/\/srokacompany.com\/wp-content\/uploads\/2020\/12\/Ailerons-retractables-Sroka.jpg","contentUrl":"https:\/\/srokacompany.com\/wp-content\/uploads\/2020\/12\/Ailerons-retractables-Sroka.jpg","width":780,"height":1040,"caption":"Flosse Fluss Sroka"},{"@type":"BreadcrumbList","@id":"https:\/\/srokacompany.com\/de\/produkt\/einziehbare-flosse-fuer-stand-up-paddle\/#breadcrumb","itemListElement":[{"@type":"ListItem","position":1,"name":"Accueil","item":"https:\/\/srokacompany.com\/de\/"},{"@type":"ListItem","position":2,"name":"Laden","item":"https:\/\/srokacompany.com\/laden\/"},{"@type":"ListItem","position":3,"name":"Einziehbare Flosse f\u00fcr Stand Up Paddle"}]},{"@type":"WebSite","@id":"https:\/\/srokacompany.com\/de\/#website","url":"https:\/\/srokacompany.com\/de\/","name":"SROKA Company","description":"SUP, Kite, Foil, Wing","publisher":{"@id":"https:\/\/srokacompany.com\/de\/#organization"},"potentialAction":[{"@type":"SearchAction","target":{"@type":"EntryPoint","urlTemplate":"https:\/\/srokacompany.com\/de\/?s={search_term_string}"},"query-input":{"@type":"PropertyValueSpecification","valueRequired":true,"valueName":"search_term_string"}}],"inLanguage":"de"},{"@type":"Organization","@id":"https:\/\/srokacompany.com\/de\/#organization","name":"SROKACOMPANY","alternateName":"SROKA","url":"https:\/\/srokacompany.com\/de\/","logo":{"@type":"ImageObject","inLanguage":"de","@id":"https:\/\/srokacompany.com\/de\/#\/schema\/logo\/image\/","url":"https:\/\/srokacompany.com\/wp-content\/uploads\/2021\/01\/logo-sroka-black-transpa.png","contentUrl":"https:\/\/srokacompany.com\/wp-content\/uploads\/2021\/01\/logo-sroka-black-transpa.png","width":1201,"height":342,"caption":"SROKACOMPANY"},"image":{"@id":"https:\/\/srokacompany.com\/de\/#\/schema\/logo\/image\/"},"sameAs":["https:\/\/www.facebook.com\/srokawatersports\/","https:\/\/www.instagram.com\/srokawatersports\/","https:\/\/www.youtube.com\/channel\/UCVLHHeaPIm-J5bdEUgxqtZA"]}]}},"uagb_featured_image_src":{"full":["https:\/\/srokacompany.com\/wp-content\/uploads\/2020\/12\/Ailerons-retractables-Sroka.jpg",780,1040,false],"thumbnail":["https:\/\/srokacompany.com\/wp-content\/uploads\/2020\/12\/Ailerons-retractables-Sroka-150x150.jpg",150,150,true],"medium":["https:\/\/srokacompany.com\/wp-content\/uploads\/2020\/12\/Ailerons-retractables-Sroka-225x300.jpg",225,300,true],"medium_large":["https:\/\/srokacompany.com\/wp-content\/uploads\/2020\/12\/Ailerons-retractables-Sroka-768x1024.jpg",768,1024,true],"large":["https:\/\/srokacompany.com\/wp-content\/uploads\/2020\/12\/Ailerons-retractables-Sroka-768x1024.jpg",768,1024,true],"1536x1536":["https:\/\/srokacompany.com\/wp-content\/uploads\/2020\/12\/Ailerons-retractables-Sroka.jpg",780,1040,false],"2048x2048":["https:\/\/srokacompany.com\/wp-content\/uploads\/2020\/12\/Ailerons-retractables-Sroka.jpg",780,1040,false],"woocommerce_thumbnail":["https:\/\/srokacompany.com\/wp-content\/uploads\/2020\/12\/Ailerons-retractables-Sroka-600x800.jpg",600,800,true],"woocommerce_single":["https:\/\/srokacompany.com\/wp-content\/uploads\/2020\/12\/Ailerons-retractables-Sroka-600x800.jpg",600,800,true],"woocommerce_gallery_thumbnail":["https:\/\/srokacompany.com\/wp-content\/uploads\/2020\/12\/Ailerons-retractables-Sroka-100x100.jpg",100,100,true],"dgwt-wcas-product-suggestion":["https:\/\/srokacompany.com\/wp-content\/uploads\/2020\/12\/Ailerons-retractables-Sroka.jpg",64,85,false]},"uagb_author_info":{"display_name":"Tristan Dumard","author_link":"https:\/\/srokacompany.com\/de\/blog\/author\/"},"uagb_comment_info":0,"uagb_excerpt":"Einziehbare Flosse Stand Up Paddle Mit der einziehbaren Finne k\u00f6nnen Sie alle flachen Gew\u00e4sser in Paddelreichweite bringen. Sollte sie doch einmal aufsetzen, klappt sie ein und verhindert so einen Bruch. Die deutsche Konstruktion, die sehr robust und langlebig ist, f\u00f6rdert auch die Man\u00f6vrierf\u00e4higkeit Ihres SUP. Er eignet sich f\u00fcr alle Gew\u00e4sser, Wasserst\u00e4nde und Programme, ist&hellip;","jetpack_sharing_enabled":true,"_links":{"self":[{"href":"https:\/\/srokacompany.com\/de\/wp-json\/wp\/v2\/product\/341968","targetHints":{"allow":["GET"]}}],"collection":[{"href":"https:\/\/srokacompany.com\/de\/wp-json\/wp\/v2\/product"}],"about":[{"href":"https:\/\/srokacompany.com\/de\/wp-json\/wp\/v2\/types\/product"}],"wp:featuredmedia":[{"embeddable":true,"href":"https:\/\/srokacompany.com\/de\/wp-json\/wp\/v2\/media\/341976"}],"wp:attachment":[{"href":"https:\/\/srokacompany.com\/de\/wp-json\/wp\/v2\/media?parent=341968"}],"wp:term":[{"taxonomy":"product_brand","embeddable":true,"href":"https:\/\/srokacompany.com\/de\/wp-json\/wp\/v2\/product_brand?post=341968"},{"taxonomy":"product_cat","embeddable":true,"href":"https:\/\/srokacompany.com\/de\/wp-json\/wp\/v2\/product_cat?post=341968"},{"taxonomy":"product_tag","embeddable":true,"href":"https:\/\/srokacompany.com\/de\/wp-json\/wp\/v2\/product_tag?post=341968"}],"curies":[{"name":"wp","href":"https:\/\/api.w.org\/{rel}","templated":true}]}}