{"id":342052,"date":"2020-11-30T12:59:31","date_gmt":"2020-11-30T10:59:31","guid":{"rendered":"https:\/\/srokacompany.com\/produit\/kite-wing-pack-foil-k950-xxl-stabilisator\/"},"modified":"2025-06-26T17:59:55","modified_gmt":"2025-06-26T15:59:55","slug":"kite-wing-pack-foil-k950-xxl-stabilisator","status":"publish","type":"product","link":"https:\/\/srokacompany.com\/de\/produkt\/kite-wing-pack-foil-k950-xxl-stabilisator\/","title":{"rendered":"Kite Wing Pack Foil &#8211; K950 XXL + Stabilisator"},"content":{"rendered":"<hr>\n<h3>Freeride Wave Kite Pack Foil K950 und Stabilisator<\/h3>\n<p>Zur Einf\u00fchrung unserer neuen, dem Kitefoil <strong>K950 <\/strong>gewidmeten <strong>Kiteflosse<\/strong> bieten wir ein <strong>Paket von Kiteflossen foil<\/strong> mit Stabilisator an. Die K950 XXL hebt sehr fr\u00fch und mit gro\u00dfer Laufruhe ab. Zusammen mit dem Stabilisator hat es eine gro\u00dfe Stabilit\u00e4t. Dieser Rucksack bringt maximale Kontrolle und Man\u00f6vrierf\u00e4higkeit in den <strong>Wellen, <\/strong>aber auch bei allen Halsen, Wenden und Kurven. Auch wenn es perfekt f\u00fcr Licht und Carving ist, ist seine H\u00f6chstgeschwindigkeit nicht zu \u00fcbertreffen.<\/p>\n<p>Vom <strong>Anf\u00e4nger bis zum Experten, <\/strong>dieses Paket ist f\u00fcr alle K\u00f6rpergr\u00f6\u00dfen und jedes Niveau geeignet. Da es auf Freeride ausgerichtet ist, ist es leicht zug\u00e4nglich und dennoch erweiterbar. Diese Fl\u00fcgel sind mit allen<strong> K FOIL SROKA<\/strong> 2020 Masten und R\u00fcmpfen kompatibel, die Sie auf unserer Website sehen k\u00f6nnen.<a href=\"https:\/\/srokacompany.com\/de\/technische-daten-der-kites-und-boards-von-foil-sroka\/\"> Die technischen Details unserer Kites sind hier zug\u00e4nglich. <\/a>   <\/p>\n","protected":false},"excerpt":{"rendered":"<p>Freeride Wave Kite Pack Foil K950 und Stabilisator Zur Einf\u00fchrung unserer neuen, dem Kitefoil K950 gewidmeten Kiteflosse bieten wir ein Paket von Kiteflossen foil mit Stabilisator an. Die K950 XXL hebt sehr fr\u00fch und mit gro\u00dfer Laufruhe ab. Zusammen mit dem Stabilisator hat es eine gro\u00dfe Stabilit\u00e4t. Dieser Rucksack bringt maximale Kontrolle und Man\u00f6vrierf\u00e4higkeit in [&hellip;]<\/p>\n","protected":false},"featured_media":342054,"template":"","meta":{"_acf_changed":false,"_uag_custom_page_level_css":""},"product_brand":[],"product_cat":[3493,3649,3582],"product_tag":[],"class_list":{"0":"post-342052","1":"product","2":"type-product","3":"status-publish","4":"has-post-thumbnail","6":"product_cat-foil-de","7":"product_cat-kite-saldo-foil","8":"product_cat-promos-de","9":"product_shipping_class-foil-komplett-oder-ersatzteile-wing-einheit","11":"first","12":"instock","13":"taxable","14":"shipping-taxable","15":"purchasable","16":"product-type-variable","17":"has-default-attributes"},"acf":[],"yoast_head":"<!-- This site is optimized with the Yoast SEO plugin v27.4 - https:\/\/yoast.com\/product\/yoast-seo-wordpress\/ -->\n<title>Kite Wing Pack Foil - K950 XXL + Stabilisator - SROKA Company<\/title>\n<meta name=\"description\" content=\"K950 Carbon Wing Pack Kite Foil plus Stabilisator. Hebt sehr fr\u00fch ab. Super stabile, komfortable und man\u00f6vrierf\u00e4hige Finne.\" \/>\n<meta name=\"robots\" content=\"index, follow, max-snippet:-1, max-image-preview:large, max-video-preview:-1\" \/>\n<link rel=\"canonical\" href=\"https:\/\/srokacompany.com\/de\/produkt\/kite-wing-pack-foil-k950-xxl-stabilisator\/\" \/>\n<meta property=\"og:locale\" content=\"de_DE\" \/>\n<meta property=\"og:type\" content=\"article\" \/>\n<meta property=\"og:title\" content=\"Kite Wing Pack Foil - K950 XXL + Stabilisator - SROKA Company\" \/>\n<meta property=\"og:description\" content=\"K950 Carbon Wing Pack Kite Foil plus Stabilisator. Hebt sehr fr\u00fch ab. Super stabile, komfortable und man\u00f6vrierf\u00e4hige Finne.\" \/>\n<meta property=\"og:url\" content=\"https:\/\/srokacompany.com\/de\/produkt\/kite-wing-pack-foil-k950-xxl-stabilisator\/\" \/>\n<meta property=\"og:site_name\" content=\"SROKA Company\" \/>\n<meta property=\"article:publisher\" content=\"https:\/\/www.facebook.com\/srokawatersports\/\" \/>\n<meta property=\"article:modified_time\" content=\"2025-06-26T15:59:55+00:00\" \/>\n<meta property=\"og:image\" content=\"https:\/\/srokacompany.com\/wp-content\/uploads\/2020\/11\/aile-avant-kite-foil-1.jpg\" \/>\n\t<meta property=\"og:image:width\" content=\"780\" \/>\n\t<meta property=\"og:image:height\" content=\"1040\" \/>\n\t<meta property=\"og:image:type\" content=\"image\/jpeg\" \/>\n<meta name=\"twitter:label1\" content=\"Gesch\u00e4tzte Lesezeit\" \/>\n\t<meta name=\"twitter:data1\" content=\"1\u00a0Minute\" \/>\n<script type=\"application\/ld+json\" class=\"yoast-schema-graph\">{\"@context\":\"https:\\\/\\\/schema.org\",\"@graph\":[{\"@type\":\"WebPage\",\"@id\":\"https:\\\/\\\/srokacompany.com\\\/de\\\/produkt\\\/kite-wing-pack-foil-k950-xxl-stabilisator\\\/\",\"url\":\"https:\\\/\\\/srokacompany.com\\\/de\\\/produkt\\\/kite-wing-pack-foil-k950-xxl-stabilisator\\\/\",\"name\":\"Kite Wing Pack Foil - K950 XXL + Stabilisator - SROKA Company\",\"isPartOf\":{\"@id\":\"https:\\\/\\\/srokacompany.com\\\/de\\\/#website\"},\"primaryImageOfPage\":{\"@id\":\"https:\\\/\\\/srokacompany.com\\\/de\\\/produkt\\\/kite-wing-pack-foil-k950-xxl-stabilisator\\\/#primaryimage\"},\"image\":{\"@id\":\"https:\\\/\\\/srokacompany.com\\\/de\\\/produkt\\\/kite-wing-pack-foil-k950-xxl-stabilisator\\\/#primaryimage\"},\"thumbnailUrl\":\"https:\\\/\\\/srokacompany.com\\\/wp-content\\\/uploads\\\/2020\\\/11\\\/aile-avant-kite-foil-1.jpg\",\"datePublished\":\"2020-11-30T10:59:31+00:00\",\"dateModified\":\"2025-06-26T15:59:55+00:00\",\"description\":\"K950 Carbon Wing Pack Kite Foil plus Stabilisator. Hebt sehr fr\u00fch ab. Super stabile, komfortable und man\u00f6vrierf\u00e4hige Finne.\",\"breadcrumb\":{\"@id\":\"https:\\\/\\\/srokacompany.com\\\/de\\\/produkt\\\/kite-wing-pack-foil-k950-xxl-stabilisator\\\/#breadcrumb\"},\"inLanguage\":\"de\",\"potentialAction\":[{\"@type\":\"ReadAction\",\"target\":[\"https:\\\/\\\/srokacompany.com\\\/de\\\/produkt\\\/kite-wing-pack-foil-k950-xxl-stabilisator\\\/\"]}]},{\"@type\":\"ImageObject\",\"inLanguage\":\"de\",\"@id\":\"https:\\\/\\\/srokacompany.com\\\/de\\\/produkt\\\/kite-wing-pack-foil-k950-xxl-stabilisator\\\/#primaryimage\",\"url\":\"https:\\\/\\\/srokacompany.com\\\/wp-content\\\/uploads\\\/2020\\\/11\\\/aile-avant-kite-foil-1.jpg\",\"contentUrl\":\"https:\\\/\\\/srokacompany.com\\\/wp-content\\\/uploads\\\/2020\\\/11\\\/aile-avant-kite-foil-1.jpg\",\"width\":780,\"height\":1040,\"caption\":\"Karbon-Fl\u00fcgel und -Stabilisator f\u00fcr das Kitefoiling. Diese Winglets werden von der Sroka Company vertrieben.\"},{\"@type\":\"BreadcrumbList\",\"@id\":\"https:\\\/\\\/srokacompany.com\\\/de\\\/produkt\\\/kite-wing-pack-foil-k950-xxl-stabilisator\\\/#breadcrumb\",\"itemListElement\":[{\"@type\":\"ListItem\",\"position\":1,\"name\":\"Accueil\",\"item\":\"https:\\\/\\\/srokacompany.com\\\/de\\\/\"},{\"@type\":\"ListItem\",\"position\":2,\"name\":\"Laden\",\"item\":\"https:\\\/\\\/srokacompany.com\\\/laden\\\/\"},{\"@type\":\"ListItem\",\"position\":3,\"name\":\"Kite Wing Pack Foil &#8211; K950 XXL + Stabilisator\"}]},{\"@type\":\"WebSite\",\"@id\":\"https:\\\/\\\/srokacompany.com\\\/de\\\/#website\",\"url\":\"https:\\\/\\\/srokacompany.com\\\/de\\\/\",\"name\":\"SROKA Company\",\"description\":\"SUP, Kite, Foil, Wing\",\"publisher\":{\"@id\":\"https:\\\/\\\/srokacompany.com\\\/de\\\/#organization\"},\"potentialAction\":[{\"@type\":\"SearchAction\",\"target\":{\"@type\":\"EntryPoint\",\"urlTemplate\":\"https:\\\/\\\/srokacompany.com\\\/de\\\/?s={search_term_string}\"},\"query-input\":{\"@type\":\"PropertyValueSpecification\",\"valueRequired\":true,\"valueName\":\"search_term_string\"}}],\"inLanguage\":\"de\"},{\"@type\":\"Organization\",\"@id\":\"https:\\\/\\\/srokacompany.com\\\/de\\\/#organization\",\"name\":\"SROKACOMPANY\",\"alternateName\":\"SROKA\",\"url\":\"https:\\\/\\\/srokacompany.com\\\/de\\\/\",\"logo\":{\"@type\":\"ImageObject\",\"inLanguage\":\"de\",\"@id\":\"https:\\\/\\\/srokacompany.com\\\/de\\\/#\\\/schema\\\/logo\\\/image\\\/\",\"url\":\"https:\\\/\\\/srokacompany.com\\\/wp-content\\\/uploads\\\/2021\\\/01\\\/logo-sroka-black-transpa.png\",\"contentUrl\":\"https:\\\/\\\/srokacompany.com\\\/wp-content\\\/uploads\\\/2021\\\/01\\\/logo-sroka-black-transpa.png\",\"width\":1201,\"height\":342,\"caption\":\"SROKACOMPANY\"},\"image\":{\"@id\":\"https:\\\/\\\/srokacompany.com\\\/de\\\/#\\\/schema\\\/logo\\\/image\\\/\"},\"sameAs\":[\"https:\\\/\\\/www.facebook.com\\\/srokawatersports\\\/\",\"https:\\\/\\\/www.instagram.com\\\/srokawatersports\\\/\",\"https:\\\/\\\/www.youtube.com\\\/channel\\\/UCVLHHeaPIm-J5bdEUgxqtZA\"]}]}<\/script>\n<!-- \/ Yoast SEO plugin. -->","yoast_head_json":{"title":"Kite Wing Pack Foil - K950 XXL + Stabilisator - SROKA Company","description":"K950 Carbon Wing Pack Kite Foil plus Stabilisator. Hebt sehr fr\u00fch ab. Super stabile, komfortable und man\u00f6vrierf\u00e4hige Finne.","robots":{"index":"index","follow":"follow","max-snippet":"max-snippet:-1","max-image-preview":"max-image-preview:large","max-video-preview":"max-video-preview:-1"},"canonical":"https:\/\/srokacompany.com\/de\/produkt\/kite-wing-pack-foil-k950-xxl-stabilisator\/","og_locale":"de_DE","og_type":"article","og_title":"Kite Wing Pack Foil - K950 XXL + Stabilisator - SROKA Company","og_description":"K950 Carbon Wing Pack Kite Foil plus Stabilisator. Hebt sehr fr\u00fch ab. Super stabile, komfortable und man\u00f6vrierf\u00e4hige Finne.","og_url":"https:\/\/srokacompany.com\/de\/produkt\/kite-wing-pack-foil-k950-xxl-stabilisator\/","og_site_name":"SROKA Company","article_publisher":"https:\/\/www.facebook.com\/srokawatersports\/","article_modified_time":"2025-06-26T15:59:55+00:00","og_image":[{"width":780,"height":1040,"url":"https:\/\/srokacompany.com\/wp-content\/uploads\/2020\/11\/aile-avant-kite-foil-1.jpg","type":"image\/jpeg"}],"twitter_misc":{"Gesch\u00e4tzte Lesezeit":"1\u00a0Minute"},"schema":{"@context":"https:\/\/schema.org","@graph":[{"@type":"WebPage","@id":"https:\/\/srokacompany.com\/de\/produkt\/kite-wing-pack-foil-k950-xxl-stabilisator\/","url":"https:\/\/srokacompany.com\/de\/produkt\/kite-wing-pack-foil-k950-xxl-stabilisator\/","name":"Kite Wing Pack Foil - K950 XXL + Stabilisator - SROKA Company","isPartOf":{"@id":"https:\/\/srokacompany.com\/de\/#website"},"primaryImageOfPage":{"@id":"https:\/\/srokacompany.com\/de\/produkt\/kite-wing-pack-foil-k950-xxl-stabilisator\/#primaryimage"},"image":{"@id":"https:\/\/srokacompany.com\/de\/produkt\/kite-wing-pack-foil-k950-xxl-stabilisator\/#primaryimage"},"thumbnailUrl":"https:\/\/srokacompany.com\/wp-content\/uploads\/2020\/11\/aile-avant-kite-foil-1.jpg","datePublished":"2020-11-30T10:59:31+00:00","dateModified":"2025-06-26T15:59:55+00:00","description":"K950 Carbon Wing Pack Kite Foil plus Stabilisator. Hebt sehr fr\u00fch ab. Super stabile, komfortable und man\u00f6vrierf\u00e4hige Finne.","breadcrumb":{"@id":"https:\/\/srokacompany.com\/de\/produkt\/kite-wing-pack-foil-k950-xxl-stabilisator\/#breadcrumb"},"inLanguage":"de","potentialAction":[{"@type":"ReadAction","target":["https:\/\/srokacompany.com\/de\/produkt\/kite-wing-pack-foil-k950-xxl-stabilisator\/"]}]},{"@type":"ImageObject","inLanguage":"de","@id":"https:\/\/srokacompany.com\/de\/produkt\/kite-wing-pack-foil-k950-xxl-stabilisator\/#primaryimage","url":"https:\/\/srokacompany.com\/wp-content\/uploads\/2020\/11\/aile-avant-kite-foil-1.jpg","contentUrl":"https:\/\/srokacompany.com\/wp-content\/uploads\/2020\/11\/aile-avant-kite-foil-1.jpg","width":780,"height":1040,"caption":"Karbon-Fl\u00fcgel und -Stabilisator f\u00fcr das Kitefoiling. Diese Winglets werden von der Sroka Company vertrieben."},{"@type":"BreadcrumbList","@id":"https:\/\/srokacompany.com\/de\/produkt\/kite-wing-pack-foil-k950-xxl-stabilisator\/#breadcrumb","itemListElement":[{"@type":"ListItem","position":1,"name":"Accueil","item":"https:\/\/srokacompany.com\/de\/"},{"@type":"ListItem","position":2,"name":"Laden","item":"https:\/\/srokacompany.com\/laden\/"},{"@type":"ListItem","position":3,"name":"Kite Wing Pack Foil &#8211; K950 XXL + Stabilisator"}]},{"@type":"WebSite","@id":"https:\/\/srokacompany.com\/de\/#website","url":"https:\/\/srokacompany.com\/de\/","name":"SROKA Company","description":"SUP, Kite, Foil, Wing","publisher":{"@id":"https:\/\/srokacompany.com\/de\/#organization"},"potentialAction":[{"@type":"SearchAction","target":{"@type":"EntryPoint","urlTemplate":"https:\/\/srokacompany.com\/de\/?s={search_term_string}"},"query-input":{"@type":"PropertyValueSpecification","valueRequired":true,"valueName":"search_term_string"}}],"inLanguage":"de"},{"@type":"Organization","@id":"https:\/\/srokacompany.com\/de\/#organization","name":"SROKACOMPANY","alternateName":"SROKA","url":"https:\/\/srokacompany.com\/de\/","logo":{"@type":"ImageObject","inLanguage":"de","@id":"https:\/\/srokacompany.com\/de\/#\/schema\/logo\/image\/","url":"https:\/\/srokacompany.com\/wp-content\/uploads\/2021\/01\/logo-sroka-black-transpa.png","contentUrl":"https:\/\/srokacompany.com\/wp-content\/uploads\/2021\/01\/logo-sroka-black-transpa.png","width":1201,"height":342,"caption":"SROKACOMPANY"},"image":{"@id":"https:\/\/srokacompany.com\/de\/#\/schema\/logo\/image\/"},"sameAs":["https:\/\/www.facebook.com\/srokawatersports\/","https:\/\/www.instagram.com\/srokawatersports\/","https:\/\/www.youtube.com\/channel\/UCVLHHeaPIm-J5bdEUgxqtZA"]}]}},"uagb_featured_image_src":{"full":["https:\/\/srokacompany.com\/wp-content\/uploads\/2020\/11\/aile-avant-kite-foil-1.jpg",780,1040,false],"thumbnail":["https:\/\/srokacompany.com\/wp-content\/uploads\/2020\/11\/aile-avant-kite-foil-1-150x150.jpg",150,150,true],"medium":["https:\/\/srokacompany.com\/wp-content\/uploads\/2020\/11\/aile-avant-kite-foil-1-225x300.jpg",225,300,true],"medium_large":["https:\/\/srokacompany.com\/wp-content\/uploads\/2020\/11\/aile-avant-kite-foil-1-768x1024.jpg",768,1024,true],"large":["https:\/\/srokacompany.com\/wp-content\/uploads\/2020\/11\/aile-avant-kite-foil-1-768x1024.jpg",768,1024,true],"1536x1536":["https:\/\/srokacompany.com\/wp-content\/uploads\/2020\/11\/aile-avant-kite-foil-1.jpg",780,1040,false],"2048x2048":["https:\/\/srokacompany.com\/wp-content\/uploads\/2020\/11\/aile-avant-kite-foil-1.jpg",780,1040,false],"woocommerce_thumbnail":["https:\/\/srokacompany.com\/wp-content\/uploads\/2020\/11\/aile-avant-kite-foil-1-600x800.jpg",600,800,true],"woocommerce_single":["https:\/\/srokacompany.com\/wp-content\/uploads\/2020\/11\/aile-avant-kite-foil-1-600x800.jpg",600,800,true],"woocommerce_gallery_thumbnail":["https:\/\/srokacompany.com\/wp-content\/uploads\/2020\/11\/aile-avant-kite-foil-1-100x100.jpg",100,100,true],"dgwt-wcas-product-suggestion":["https:\/\/srokacompany.com\/wp-content\/uploads\/2020\/11\/aile-avant-kite-foil-1.jpg",64,85,false]},"uagb_author_info":{"display_name":"Tristan Dumard","author_link":"https:\/\/srokacompany.com\/de\/blog\/author\/"},"uagb_comment_info":0,"uagb_excerpt":"Freeride Wave Kite Pack Foil K950 und Stabilisator Zur Einf\u00fchrung unserer neuen, dem Kitefoil K950 gewidmeten Kiteflosse bieten wir ein Paket von Kiteflossen foil mit Stabilisator an. Die K950 XXL hebt sehr fr\u00fch und mit gro\u00dfer Laufruhe ab. Zusammen mit dem Stabilisator hat es eine gro\u00dfe Stabilit\u00e4t. Dieser Rucksack bringt maximale Kontrolle und Man\u00f6vrierf\u00e4higkeit in&hellip;","jetpack_sharing_enabled":true,"_links":{"self":[{"href":"https:\/\/srokacompany.com\/de\/wp-json\/wp\/v2\/product\/342052","targetHints":{"allow":["GET"]}}],"collection":[{"href":"https:\/\/srokacompany.com\/de\/wp-json\/wp\/v2\/product"}],"about":[{"href":"https:\/\/srokacompany.com\/de\/wp-json\/wp\/v2\/types\/product"}],"wp:featuredmedia":[{"embeddable":true,"href":"https:\/\/srokacompany.com\/de\/wp-json\/wp\/v2\/media\/342054"}],"wp:attachment":[{"href":"https:\/\/srokacompany.com\/de\/wp-json\/wp\/v2\/media?parent=342052"}],"wp:term":[{"taxonomy":"product_brand","embeddable":true,"href":"https:\/\/srokacompany.com\/de\/wp-json\/wp\/v2\/product_brand?post=342052"},{"taxonomy":"product_cat","embeddable":true,"href":"https:\/\/srokacompany.com\/de\/wp-json\/wp\/v2\/product_cat?post=342052"},{"taxonomy":"product_tag","embeddable":true,"href":"https:\/\/srokacompany.com\/de\/wp-json\/wp\/v2\/product_tag?post=342052"}],"curies":[{"name":"wp","href":"https:\/\/api.w.org\/{rel}","templated":true}]}}