{"id":342064,"date":"2021-01-13T11:00:26","date_gmt":"2021-01-13T11:00:26","guid":{"rendered":"https:\/\/srokacompany.com\/produit\/double-action-pumpe-sup-aufblasbar\/"},"modified":"2025-11-21T18:08:56","modified_gmt":"2025-11-21T16:08:56","slug":"double-action-pumpe-sup-aufblasbar","status":"publish","type":"product","link":"https:\/\/srokacompany.com\/de\/produkt\/double-action-pumpe-sup-aufblasbar\/","title":{"rendered":"Aufblasbare Paddle-Pumpe"},"content":{"rendered":"<hr>\n<h1>Double-Action-Pumpe f\u00fcr SUP Sroka: Komfort und Effizienz<\/h1>\n<p>Mit der <strong>Sroka Double Action Pump f\u00fcr aufblasbare Stand up Paddles<\/strong> k\u00f6nnen Sie Ihr SUP effizient aufpumpen und dank des hohen Drucks schnell und bequem ins Wasser lassen.<\/p>\n<ul>\n<li>Kompatibel mit allen Stand up paddle Produkten<\/li>\n<li>Sie verf\u00fcgt \u00fcber:<br \/>\n&#8211; ein passendes Mundst\u00fcck<br \/>\n&#8211; ein PSI- und bar-Manometer<br \/>\n&#8211; einen komfortablen Griff<\/li>\n<li>Au\u00dferdem k\u00f6nnen Sie problemlos von einem Double-Action- zu einem Single-Action-Modus wechseln.<\/li>\n<li>Dank seiner geringen Gr\u00f6\u00dfe kann es bei Ihren Familienausfl\u00fcgen oder Abenteuern in einem Kofferraum oder Rucksack vergessen werden.<\/li>\n<\/ul>\n<p>Damit k\u00f6nnen <a href=\"https:\/\/srokacompany.com\/de\/eshop\/brett-von-sup\/\">alle Sroka Stand up paddle<\/a> (Malibu, <a href=\"https:\/\/srokacompany.com\/de\/produkt\/aufblasbares-paddel-frau-girly-fusion\/\">Paddle femme Girly<\/a>, Alpha, Easy) aufgepumpt werden.<\/p>\n","protected":false},"excerpt":{"rendered":"<p>Double-Action-Pumpe f\u00fcr SUP Sroka: Komfort und Effizienz Mit der Sroka Double Action Pump f\u00fcr aufblasbare Stand up Paddles k\u00f6nnen Sie Ihr SUP effizient aufpumpen und dank des hohen Drucks schnell und bequem ins Wasser lassen. Kompatibel mit allen Stand up paddle Produkten Sie verf\u00fcgt \u00fcber: &#8211; ein passendes Mundst\u00fcck &#8211; ein PSI- und bar-Manometer &#8211; [&hellip;]<\/p>\n","protected":false},"featured_media":342076,"template":"","meta":{"_acf_changed":false,"_uag_custom_page_level_css":""},"product_brand":[],"product_cat":[3651,3578,3650,4258],"product_tag":[],"class_list":{"0":"post-342064","1":"product","2":"type-product","3":"status-publish","4":"has-post-thumbnail","6":"product_cat-gebrauchte-paddelboot","7":"product_cat-paddle-zubehor","8":"product_cat-schnappchen","9":"product_cat-schwarzer-freitag","11":"first","12":"instock","13":"sale","14":"taxable","15":"shipping-taxable","16":"purchasable","17":"product-type-simple"},"acf":[],"yoast_head":"<!-- This site is optimized with the Yoast SEO plugin v27.4 - https:\/\/yoast.com\/product\/yoast-seo-wordpress\/ -->\n<title>Aufblasbare Paddle-Pumpe - SROKA Company<\/title>\n<meta name=\"description\" content=\"Die Pumpe f\u00fcr aufblasbare SUP-Paddles von Sroka Company sorgt f\u00fcr Komfort und Effizienz beim Aufpumpen, damit Sie schnell ins Wasser kommen. Auf Lager.\" \/>\n<meta name=\"robots\" content=\"index, follow, max-snippet:-1, max-image-preview:large, max-video-preview:-1\" \/>\n<link rel=\"canonical\" href=\"https:\/\/srokacompany.com\/de\/produkt\/double-action-pumpe-sup-aufblasbar\/\" \/>\n<meta property=\"og:locale\" content=\"de_DE\" \/>\n<meta property=\"og:type\" content=\"article\" \/>\n<meta property=\"og:title\" content=\"Aufblasbare Paddle-Pumpe - SROKA Company\" \/>\n<meta property=\"og:description\" content=\"Die Pumpe f\u00fcr aufblasbare SUP-Paddles von Sroka Company sorgt f\u00fcr Komfort und Effizienz beim Aufpumpen, damit Sie schnell ins Wasser kommen. Auf Lager.\" \/>\n<meta property=\"og:url\" content=\"https:\/\/srokacompany.com\/de\/produkt\/double-action-pumpe-sup-aufblasbar\/\" \/>\n<meta property=\"og:site_name\" content=\"SROKA Company\" \/>\n<meta property=\"article:publisher\" content=\"https:\/\/www.facebook.com\/srokawatersports\/\" \/>\n<meta property=\"article:modified_time\" content=\"2025-11-21T16:08:56+00:00\" \/>\n<meta property=\"og:image\" content=\"https:\/\/srokacompany.com\/wp-content\/uploads\/2021\/01\/Pompe-double-flux-Soka-Company.jpg\" \/>\n\t<meta property=\"og:image:width\" content=\"1560\" \/>\n\t<meta property=\"og:image:height\" content=\"2080\" \/>\n\t<meta property=\"og:image:type\" content=\"image\/jpeg\" \/>\n<meta name=\"twitter:label1\" content=\"Gesch\u00e4tzte Lesezeit\" \/>\n\t<meta name=\"twitter:data1\" content=\"1\u00a0Minute\" \/>\n<script type=\"application\/ld+json\" class=\"yoast-schema-graph\">{\"@context\":\"https:\\\/\\\/schema.org\",\"@graph\":[{\"@type\":\"WebPage\",\"@id\":\"https:\\\/\\\/srokacompany.com\\\/de\\\/produkt\\\/double-action-pumpe-sup-aufblasbar\\\/\",\"url\":\"https:\\\/\\\/srokacompany.com\\\/de\\\/produkt\\\/double-action-pumpe-sup-aufblasbar\\\/\",\"name\":\"Aufblasbare Paddle-Pumpe - SROKA Company\",\"isPartOf\":{\"@id\":\"https:\\\/\\\/srokacompany.com\\\/de\\\/#website\"},\"primaryImageOfPage\":{\"@id\":\"https:\\\/\\\/srokacompany.com\\\/de\\\/produkt\\\/double-action-pumpe-sup-aufblasbar\\\/#primaryimage\"},\"image\":{\"@id\":\"https:\\\/\\\/srokacompany.com\\\/de\\\/produkt\\\/double-action-pumpe-sup-aufblasbar\\\/#primaryimage\"},\"thumbnailUrl\":\"https:\\\/\\\/srokacompany.com\\\/wp-content\\\/uploads\\\/2021\\\/01\\\/Pompe-double-flux-Soka-Company.jpg\",\"datePublished\":\"2021-01-13T11:00:26+00:00\",\"dateModified\":\"2025-11-21T16:08:56+00:00\",\"description\":\"Die Pumpe f\u00fcr aufblasbare SUP-Paddles von Sroka Company sorgt f\u00fcr Komfort und Effizienz beim Aufpumpen, damit Sie schnell ins Wasser kommen. Auf Lager.\",\"breadcrumb\":{\"@id\":\"https:\\\/\\\/srokacompany.com\\\/de\\\/produkt\\\/double-action-pumpe-sup-aufblasbar\\\/#breadcrumb\"},\"inLanguage\":\"de\",\"potentialAction\":[{\"@type\":\"ReadAction\",\"target\":[\"https:\\\/\\\/srokacompany.com\\\/de\\\/produkt\\\/double-action-pumpe-sup-aufblasbar\\\/\"]}]},{\"@type\":\"ImageObject\",\"inLanguage\":\"de\",\"@id\":\"https:\\\/\\\/srokacompany.com\\\/de\\\/produkt\\\/double-action-pumpe-sup-aufblasbar\\\/#primaryimage\",\"url\":\"https:\\\/\\\/srokacompany.com\\\/wp-content\\\/uploads\\\/2021\\\/01\\\/Pompe-double-flux-Soka-Company.jpg\",\"contentUrl\":\"https:\\\/\\\/srokacompany.com\\\/wp-content\\\/uploads\\\/2021\\\/01\\\/Pompe-double-flux-Soka-Company.jpg\",\"width\":1560,\"height\":2080,\"caption\":\"pumple double action Sroka Company wie man ein paddle aufbl\u00e4st\"},{\"@type\":\"BreadcrumbList\",\"@id\":\"https:\\\/\\\/srokacompany.com\\\/de\\\/produkt\\\/double-action-pumpe-sup-aufblasbar\\\/#breadcrumb\",\"itemListElement\":[{\"@type\":\"ListItem\",\"position\":1,\"name\":\"Accueil\",\"item\":\"https:\\\/\\\/srokacompany.com\\\/de\\\/\"},{\"@type\":\"ListItem\",\"position\":2,\"name\":\"Laden\",\"item\":\"https:\\\/\\\/srokacompany.com\\\/laden\\\/\"},{\"@type\":\"ListItem\",\"position\":3,\"name\":\"Aufblasbare Paddle-Pumpe\"}]},{\"@type\":\"WebSite\",\"@id\":\"https:\\\/\\\/srokacompany.com\\\/de\\\/#website\",\"url\":\"https:\\\/\\\/srokacompany.com\\\/de\\\/\",\"name\":\"SROKA Company\",\"description\":\"SUP, Kite, Foil, Wing\",\"publisher\":{\"@id\":\"https:\\\/\\\/srokacompany.com\\\/de\\\/#organization\"},\"potentialAction\":[{\"@type\":\"SearchAction\",\"target\":{\"@type\":\"EntryPoint\",\"urlTemplate\":\"https:\\\/\\\/srokacompany.com\\\/de\\\/?s={search_term_string}\"},\"query-input\":{\"@type\":\"PropertyValueSpecification\",\"valueRequired\":true,\"valueName\":\"search_term_string\"}}],\"inLanguage\":\"de\"},{\"@type\":\"Organization\",\"@id\":\"https:\\\/\\\/srokacompany.com\\\/de\\\/#organization\",\"name\":\"SROKACOMPANY\",\"alternateName\":\"SROKA\",\"url\":\"https:\\\/\\\/srokacompany.com\\\/de\\\/\",\"logo\":{\"@type\":\"ImageObject\",\"inLanguage\":\"de\",\"@id\":\"https:\\\/\\\/srokacompany.com\\\/de\\\/#\\\/schema\\\/logo\\\/image\\\/\",\"url\":\"https:\\\/\\\/srokacompany.com\\\/wp-content\\\/uploads\\\/2021\\\/01\\\/logo-sroka-black-transpa.png\",\"contentUrl\":\"https:\\\/\\\/srokacompany.com\\\/wp-content\\\/uploads\\\/2021\\\/01\\\/logo-sroka-black-transpa.png\",\"width\":1201,\"height\":342,\"caption\":\"SROKACOMPANY\"},\"image\":{\"@id\":\"https:\\\/\\\/srokacompany.com\\\/de\\\/#\\\/schema\\\/logo\\\/image\\\/\"},\"sameAs\":[\"https:\\\/\\\/www.facebook.com\\\/srokawatersports\\\/\",\"https:\\\/\\\/www.instagram.com\\\/srokawatersports\\\/\",\"https:\\\/\\\/www.youtube.com\\\/channel\\\/UCVLHHeaPIm-J5bdEUgxqtZA\"]}]}<\/script>\n<!-- \/ Yoast SEO plugin. -->","yoast_head_json":{"title":"Aufblasbare Paddle-Pumpe - SROKA Company","description":"Die Pumpe f\u00fcr aufblasbare SUP-Paddles von Sroka Company sorgt f\u00fcr Komfort und Effizienz beim Aufpumpen, damit Sie schnell ins Wasser kommen. Auf Lager.","robots":{"index":"index","follow":"follow","max-snippet":"max-snippet:-1","max-image-preview":"max-image-preview:large","max-video-preview":"max-video-preview:-1"},"canonical":"https:\/\/srokacompany.com\/de\/produkt\/double-action-pumpe-sup-aufblasbar\/","og_locale":"de_DE","og_type":"article","og_title":"Aufblasbare Paddle-Pumpe - SROKA Company","og_description":"Die Pumpe f\u00fcr aufblasbare SUP-Paddles von Sroka Company sorgt f\u00fcr Komfort und Effizienz beim Aufpumpen, damit Sie schnell ins Wasser kommen. Auf Lager.","og_url":"https:\/\/srokacompany.com\/de\/produkt\/double-action-pumpe-sup-aufblasbar\/","og_site_name":"SROKA Company","article_publisher":"https:\/\/www.facebook.com\/srokawatersports\/","article_modified_time":"2025-11-21T16:08:56+00:00","og_image":[{"width":1560,"height":2080,"url":"https:\/\/srokacompany.com\/wp-content\/uploads\/2021\/01\/Pompe-double-flux-Soka-Company.jpg","type":"image\/jpeg"}],"twitter_misc":{"Gesch\u00e4tzte Lesezeit":"1\u00a0Minute"},"schema":{"@context":"https:\/\/schema.org","@graph":[{"@type":"WebPage","@id":"https:\/\/srokacompany.com\/de\/produkt\/double-action-pumpe-sup-aufblasbar\/","url":"https:\/\/srokacompany.com\/de\/produkt\/double-action-pumpe-sup-aufblasbar\/","name":"Aufblasbare Paddle-Pumpe - SROKA Company","isPartOf":{"@id":"https:\/\/srokacompany.com\/de\/#website"},"primaryImageOfPage":{"@id":"https:\/\/srokacompany.com\/de\/produkt\/double-action-pumpe-sup-aufblasbar\/#primaryimage"},"image":{"@id":"https:\/\/srokacompany.com\/de\/produkt\/double-action-pumpe-sup-aufblasbar\/#primaryimage"},"thumbnailUrl":"https:\/\/srokacompany.com\/wp-content\/uploads\/2021\/01\/Pompe-double-flux-Soka-Company.jpg","datePublished":"2021-01-13T11:00:26+00:00","dateModified":"2025-11-21T16:08:56+00:00","description":"Die Pumpe f\u00fcr aufblasbare SUP-Paddles von Sroka Company sorgt f\u00fcr Komfort und Effizienz beim Aufpumpen, damit Sie schnell ins Wasser kommen. Auf Lager.","breadcrumb":{"@id":"https:\/\/srokacompany.com\/de\/produkt\/double-action-pumpe-sup-aufblasbar\/#breadcrumb"},"inLanguage":"de","potentialAction":[{"@type":"ReadAction","target":["https:\/\/srokacompany.com\/de\/produkt\/double-action-pumpe-sup-aufblasbar\/"]}]},{"@type":"ImageObject","inLanguage":"de","@id":"https:\/\/srokacompany.com\/de\/produkt\/double-action-pumpe-sup-aufblasbar\/#primaryimage","url":"https:\/\/srokacompany.com\/wp-content\/uploads\/2021\/01\/Pompe-double-flux-Soka-Company.jpg","contentUrl":"https:\/\/srokacompany.com\/wp-content\/uploads\/2021\/01\/Pompe-double-flux-Soka-Company.jpg","width":1560,"height":2080,"caption":"pumple double action Sroka Company wie man ein paddle aufbl\u00e4st"},{"@type":"BreadcrumbList","@id":"https:\/\/srokacompany.com\/de\/produkt\/double-action-pumpe-sup-aufblasbar\/#breadcrumb","itemListElement":[{"@type":"ListItem","position":1,"name":"Accueil","item":"https:\/\/srokacompany.com\/de\/"},{"@type":"ListItem","position":2,"name":"Laden","item":"https:\/\/srokacompany.com\/laden\/"},{"@type":"ListItem","position":3,"name":"Aufblasbare Paddle-Pumpe"}]},{"@type":"WebSite","@id":"https:\/\/srokacompany.com\/de\/#website","url":"https:\/\/srokacompany.com\/de\/","name":"SROKA Company","description":"SUP, Kite, Foil, Wing","publisher":{"@id":"https:\/\/srokacompany.com\/de\/#organization"},"potentialAction":[{"@type":"SearchAction","target":{"@type":"EntryPoint","urlTemplate":"https:\/\/srokacompany.com\/de\/?s={search_term_string}"},"query-input":{"@type":"PropertyValueSpecification","valueRequired":true,"valueName":"search_term_string"}}],"inLanguage":"de"},{"@type":"Organization","@id":"https:\/\/srokacompany.com\/de\/#organization","name":"SROKACOMPANY","alternateName":"SROKA","url":"https:\/\/srokacompany.com\/de\/","logo":{"@type":"ImageObject","inLanguage":"de","@id":"https:\/\/srokacompany.com\/de\/#\/schema\/logo\/image\/","url":"https:\/\/srokacompany.com\/wp-content\/uploads\/2021\/01\/logo-sroka-black-transpa.png","contentUrl":"https:\/\/srokacompany.com\/wp-content\/uploads\/2021\/01\/logo-sroka-black-transpa.png","width":1201,"height":342,"caption":"SROKACOMPANY"},"image":{"@id":"https:\/\/srokacompany.com\/de\/#\/schema\/logo\/image\/"},"sameAs":["https:\/\/www.facebook.com\/srokawatersports\/","https:\/\/www.instagram.com\/srokawatersports\/","https:\/\/www.youtube.com\/channel\/UCVLHHeaPIm-J5bdEUgxqtZA"]}]}},"uagb_featured_image_src":{"full":["https:\/\/srokacompany.com\/wp-content\/uploads\/2021\/01\/Pompe-double-flux-Soka-Company.jpg",1560,2080,false],"thumbnail":["https:\/\/srokacompany.com\/wp-content\/uploads\/2021\/01\/Pompe-double-flux-Soka-Company-150x150.jpg",150,150,true],"medium":["https:\/\/srokacompany.com\/wp-content\/uploads\/2021\/01\/Pompe-double-flux-Soka-Company-225x300.jpg",225,300,true],"medium_large":["https:\/\/srokacompany.com\/wp-content\/uploads\/2021\/01\/Pompe-double-flux-Soka-Company-768x1024.jpg",768,1024,true],"large":["https:\/\/srokacompany.com\/wp-content\/uploads\/2021\/01\/Pompe-double-flux-Soka-Company-768x1024.jpg",768,1024,true],"1536x1536":["https:\/\/srokacompany.com\/wp-content\/uploads\/2021\/01\/Pompe-double-flux-Soka-Company-1152x1536.jpg",1152,1536,true],"2048x2048":["https:\/\/srokacompany.com\/wp-content\/uploads\/2021\/01\/Pompe-double-flux-Soka-Company-1536x2048.jpg",1536,2048,true],"woocommerce_thumbnail":["https:\/\/srokacompany.com\/wp-content\/uploads\/2021\/01\/Pompe-double-flux-Soka-Company-600x800.jpg",600,800,true],"woocommerce_single":["https:\/\/srokacompany.com\/wp-content\/uploads\/2021\/01\/Pompe-double-flux-Soka-Company-600x800.jpg",600,800,true],"woocommerce_gallery_thumbnail":["https:\/\/srokacompany.com\/wp-content\/uploads\/2021\/01\/Pompe-double-flux-Soka-Company-100x100.jpg",100,100,true],"dgwt-wcas-product-suggestion":["https:\/\/srokacompany.com\/wp-content\/uploads\/2021\/01\/Pompe-double-flux-Soka-Company.jpg",64,85,false]},"uagb_author_info":{"display_name":"Tristan Dumard","author_link":"https:\/\/srokacompany.com\/de\/blog\/author\/"},"uagb_comment_info":0,"uagb_excerpt":"Double-Action-Pumpe f\u00fcr SUP Sroka: Komfort und Effizienz Mit der Sroka Double Action Pump f\u00fcr aufblasbare Stand up Paddles k\u00f6nnen Sie Ihr SUP effizient aufpumpen und dank des hohen Drucks schnell und bequem ins Wasser lassen. Kompatibel mit allen Stand up paddle Produkten Sie verf\u00fcgt \u00fcber: &#8211; ein passendes Mundst\u00fcck &#8211; ein PSI- und bar-Manometer &#8211;&hellip;","jetpack_sharing_enabled":true,"_links":{"self":[{"href":"https:\/\/srokacompany.com\/de\/wp-json\/wp\/v2\/product\/342064","targetHints":{"allow":["GET"]}}],"collection":[{"href":"https:\/\/srokacompany.com\/de\/wp-json\/wp\/v2\/product"}],"about":[{"href":"https:\/\/srokacompany.com\/de\/wp-json\/wp\/v2\/types\/product"}],"wp:featuredmedia":[{"embeddable":true,"href":"https:\/\/srokacompany.com\/de\/wp-json\/wp\/v2\/media\/342076"}],"wp:attachment":[{"href":"https:\/\/srokacompany.com\/de\/wp-json\/wp\/v2\/media?parent=342064"}],"wp:term":[{"taxonomy":"product_brand","embeddable":true,"href":"https:\/\/srokacompany.com\/de\/wp-json\/wp\/v2\/product_brand?post=342064"},{"taxonomy":"product_cat","embeddable":true,"href":"https:\/\/srokacompany.com\/de\/wp-json\/wp\/v2\/product_cat?post=342064"},{"taxonomy":"product_tag","embeddable":true,"href":"https:\/\/srokacompany.com\/de\/wp-json\/wp\/v2\/product_tag?post=342064"}],"curies":[{"name":"wp","href":"https:\/\/api.w.org\/{rel}","templated":true}]}}