{"id":342257,"date":"2020-12-03T18:32:08","date_gmt":"2020-12-03T18:32:08","guid":{"rendered":"https:\/\/srokacompany.com\/produit\/s-foil-high-aspect-1190\/"},"modified":"2025-11-25T10:43:57","modified_gmt":"2025-11-25T08:43:57","slug":"s-foil-high-aspect-1190","status":"publish","type":"product","link":"https:\/\/srokacompany.com\/de\/produkt\/s-foil-high-aspect-1190\/","title":{"rendered":"S-Foil High Aspect 1190"},"content":{"rendered":"<hr>\n<h1 style=\"text-align: justify;\">Entdecken Sie den S-Foil High Aspect<\/h1>\n<p style=\"text-align: justify;\">Mit dem High Aspect Kite (1190 L oder 1190 S) bietet der S-Foil m\u00fcheloses Pumping und ein magisches Gleitgef\u00fchl. Diese Serie erg\u00e4nzt die S-Foil Classic Serie und bietet zus\u00e4tzliche Frontfl\u00fcgel, um die Grenzen deines Fliegens zu erweitern. <\/p>\n<ul>\n<li style=\"text-align: justify;\">Der HA 1190 S (Speed) ist wie geschaffen f\u00fcr Wingfoil. Er bietet ein gro\u00dfartiges Geschwindigkeitsgef\u00fchl und einen super effizienten Pumipng. Dieser Fl\u00fcgel ist einer der schnellsten in unserem Sortiment, zusammen mit dem 1250 Classic und dem 950 Speed. Dank seines Profils, seiner Streckung und seiner Spannweite bietet er eine hervorragende Stabilit\u00e4t auf gerader Strecke sowie sanfte, einfache und vollst\u00e4ndig kontrollierte Geschwindigkeitsspitzen. Er wird auch beim Kiten Foil und beim Wind Foil Wunder wirken.    <\/li>\n<li style=\"text-align: justify;\">Der H 1190 L Kite (Lift) ist f\u00fcr Liebhaber von Surf Foil, SUP Foil, Wake Foil gedacht. Der HA 1190 L (Lift) ist eindeutig auf Surf Foil ausgerichtet, mit einem tragf\u00e4higeren Profil, aber langsamer als der HA 1190 S. Seine 15 bis 20 % mehr Auftrieb geben Ihnen mehr Auftrieb und mehr Kraft.  Auf diese Weise k\u00f6nnen Sie Ihr Pumpen optimieren, um die Wellen ohne Unterbrechung wieder zu verbinden.<\/li>\n<\/ul>\n<p style=\"text-align: justify;\">Entdecke alle neuen Eigenschaften des S-Foil und die Details der High Aspect-Reihe. Au\u00dferdem helfen wir dir in dieser Produktbeschreibung bei der Auswahl deines Frontfl\u00fcgels entsprechend deiner Praxis. Er wird mit einem Transportkoffer und kompletten Schrauben geliefert.  <\/p>\n<p>Entdecke auch den <a href=\"https:\/\/srokacompany.com\/produit\/new-s-foil-high-aspect-950-speed\/\">950HA Speed<\/a> f\u00fcr diejenigen, die pure Geschwindigkeit lieben, und den <a href=\"https:\/\/srokacompany.com\/de\/produkt\/s-foil-high-aspect-1350-lift\/\">1350 HA Lift<\/a> f\u00fcr diejenigen, die endlos gleiten wollen.<\/p>\n<p>&nbsp;<\/p>\n<blockquote class=\"wp-embedded-content\" data-secret=\"Mb13pNHcf4\"><p><a href=\"https:\/\/srokacompany.com\/de\/technische-daten-der-kites-und-boards-von-foil-sroka\/\">Caract\u00e9ristiques techniques des ailes et planches de foil Sroka<\/a><\/p><\/blockquote>\n<p><iframe loading=\"lazy\" class=\"wp-embedded-content\" sandbox=\"allow-scripts\" security=\"restricted\" style=\"position: absolute; visibility: hidden;\" title=\"&#8222;Caract\u00e9ristiques techniques des ailes et planches de foil Sroka&#8220; &#8212; SROKA Company\" src=\"https:\/\/srokacompany.com\/de\/technische-daten-der-kites-und-boards-von-foil-sroka\/embed\/#?secret=SAsmHOZcCD#?secret=Mb13pNHcf4\" data-secret=\"Mb13pNHcf4\" width=\"500\" height=\"282\" frameborder=\"0\" marginwidth=\"0\" marginheight=\"0\" scrolling=\"no\"><\/iframe><\/p>\n","protected":false},"excerpt":{"rendered":"<p>S &#8211; Foil HA 1190: Ein gleitendes, schnelles und einfaches Foil. Ein Plug-and-Play-Foil. <\/p>\n","protected":false},"featured_media":342258,"template":"","meta":{"_acf_changed":false,"_uag_custom_page_level_css":""},"product_brand":[],"product_cat":[3541,3493,3499,3453],"product_tag":[3443,3442],"class_list":{"0":"post-342257","1":"product","2":"type-product","3":"status-publish","4":"has-post-thumbnail","6":"product_cat-alle-unsere-high-aspect-foils","7":"product_cat-foil-de","8":"product_cat-foils-wing-foil-de","9":"product_cat-wing-foil-de","10":"product_tag-fortgeschrittene","11":"product_tag-schlau","12":"product_shipping_class-foil-komplett-oder-ersatzteile-wing-einheit","14":"first","15":"instock","16":"taxable","17":"shipping-taxable","18":"purchasable","19":"product-type-variable","20":"has-default-attributes"},"acf":[],"yoast_head":"<!-- This site is optimized with the Yoast SEO plugin v27.4 - https:\/\/yoast.com\/product\/yoast-seo-wordpress\/ -->\n<title>S-Foil High Aspect 1190 Speed und Lift - SROKA Company<\/title>\n<meta name=\"description\" content=\"Der neue S-Foil High Aspect 1190 Speed und Lift von Sroka Company mit seinem Fl\u00fcgel bietet das Beste aus Leistung und Preis zusammen.\" \/>\n<meta name=\"robots\" content=\"index, follow, max-snippet:-1, max-image-preview:large, max-video-preview:-1\" \/>\n<link rel=\"canonical\" href=\"https:\/\/srokacompany.com\/de\/produkt\/s-foil-high-aspect-1190\/\" \/>\n<meta property=\"og:locale\" content=\"de_DE\" \/>\n<meta property=\"og:type\" content=\"article\" \/>\n<meta property=\"og:title\" content=\"S-Foil High Aspect 1190 Speed und Lift - SROKA Company\" \/>\n<meta property=\"og:description\" content=\"Der neue S-Foil High Aspect 1190 Speed und Lift von Sroka Company mit seinem Fl\u00fcgel bietet das Beste aus Leistung und Preis zusammen.\" \/>\n<meta property=\"og:url\" content=\"https:\/\/srokacompany.com\/de\/produkt\/s-foil-high-aspect-1190\/\" \/>\n<meta property=\"og:site_name\" content=\"SROKA Company\" \/>\n<meta property=\"article:publisher\" content=\"https:\/\/www.facebook.com\/srokawatersports\/\" \/>\n<meta property=\"article:modified_time\" content=\"2025-11-25T08:43:57+00:00\" \/>\n<meta property=\"og:image\" content=\"https:\/\/srokacompany.com\/wp-content\/uploads\/2020\/12\/7.jpg\" \/>\n\t<meta property=\"og:image:width\" content=\"740\" \/>\n\t<meta property=\"og:image:height\" content=\"1080\" \/>\n\t<meta property=\"og:image:type\" content=\"image\/jpeg\" \/>\n<meta name=\"twitter:label1\" content=\"Gesch\u00e4tzte Lesezeit\" \/>\n\t<meta name=\"twitter:data1\" content=\"1\u00a0Minute\" \/>\n<script type=\"application\/ld+json\" class=\"yoast-schema-graph\">{\"@context\":\"https:\\\/\\\/schema.org\",\"@graph\":[{\"@type\":\"WebPage\",\"@id\":\"https:\\\/\\\/srokacompany.com\\\/de\\\/produkt\\\/s-foil-high-aspect-1190\\\/\",\"url\":\"https:\\\/\\\/srokacompany.com\\\/de\\\/produkt\\\/s-foil-high-aspect-1190\\\/\",\"name\":\"S-Foil High Aspect 1190 Speed und Lift - SROKA Company\",\"isPartOf\":{\"@id\":\"https:\\\/\\\/srokacompany.com\\\/de\\\/#website\"},\"primaryImageOfPage\":{\"@id\":\"https:\\\/\\\/srokacompany.com\\\/de\\\/produkt\\\/s-foil-high-aspect-1190\\\/#primaryimage\"},\"image\":{\"@id\":\"https:\\\/\\\/srokacompany.com\\\/de\\\/produkt\\\/s-foil-high-aspect-1190\\\/#primaryimage\"},\"thumbnailUrl\":\"https:\\\/\\\/srokacompany.com\\\/wp-content\\\/uploads\\\/2020\\\/12\\\/7.jpg\",\"datePublished\":\"2020-12-03T18:32:08+00:00\",\"dateModified\":\"2025-11-25T08:43:57+00:00\",\"description\":\"Der neue S-Foil High Aspect 1190 Speed und Lift von Sroka Company mit seinem Fl\u00fcgel bietet das Beste aus Leistung und Preis zusammen.\",\"breadcrumb\":{\"@id\":\"https:\\\/\\\/srokacompany.com\\\/de\\\/produkt\\\/s-foil-high-aspect-1190\\\/#breadcrumb\"},\"inLanguage\":\"de\",\"potentialAction\":[{\"@type\":\"ReadAction\",\"target\":[\"https:\\\/\\\/srokacompany.com\\\/de\\\/produkt\\\/s-foil-high-aspect-1190\\\/\"]}]},{\"@type\":\"ImageObject\",\"inLanguage\":\"de\",\"@id\":\"https:\\\/\\\/srokacompany.com\\\/de\\\/produkt\\\/s-foil-high-aspect-1190\\\/#primaryimage\",\"url\":\"https:\\\/\\\/srokacompany.com\\\/wp-content\\\/uploads\\\/2020\\\/12\\\/7.jpg\",\"contentUrl\":\"https:\\\/\\\/srokacompany.com\\\/wp-content\\\/uploads\\\/2020\\\/12\\\/7.jpg\",\"width\":740,\"height\":1080},{\"@type\":\"BreadcrumbList\",\"@id\":\"https:\\\/\\\/srokacompany.com\\\/de\\\/produkt\\\/s-foil-high-aspect-1190\\\/#breadcrumb\",\"itemListElement\":[{\"@type\":\"ListItem\",\"position\":1,\"name\":\"Accueil\",\"item\":\"https:\\\/\\\/srokacompany.com\\\/de\\\/\"},{\"@type\":\"ListItem\",\"position\":2,\"name\":\"Laden\",\"item\":\"https:\\\/\\\/srokacompany.com\\\/laden\\\/\"},{\"@type\":\"ListItem\",\"position\":3,\"name\":\"S-Foil High Aspect 1190\"}]},{\"@type\":\"WebSite\",\"@id\":\"https:\\\/\\\/srokacompany.com\\\/de\\\/#website\",\"url\":\"https:\\\/\\\/srokacompany.com\\\/de\\\/\",\"name\":\"SROKA Company\",\"description\":\"SUP, Kite, Foil, Wing\",\"publisher\":{\"@id\":\"https:\\\/\\\/srokacompany.com\\\/de\\\/#organization\"},\"potentialAction\":[{\"@type\":\"SearchAction\",\"target\":{\"@type\":\"EntryPoint\",\"urlTemplate\":\"https:\\\/\\\/srokacompany.com\\\/de\\\/?s={search_term_string}\"},\"query-input\":{\"@type\":\"PropertyValueSpecification\",\"valueRequired\":true,\"valueName\":\"search_term_string\"}}],\"inLanguage\":\"de\"},{\"@type\":\"Organization\",\"@id\":\"https:\\\/\\\/srokacompany.com\\\/de\\\/#organization\",\"name\":\"SROKACOMPANY\",\"alternateName\":\"SROKA\",\"url\":\"https:\\\/\\\/srokacompany.com\\\/de\\\/\",\"logo\":{\"@type\":\"ImageObject\",\"inLanguage\":\"de\",\"@id\":\"https:\\\/\\\/srokacompany.com\\\/de\\\/#\\\/schema\\\/logo\\\/image\\\/\",\"url\":\"https:\\\/\\\/srokacompany.com\\\/wp-content\\\/uploads\\\/2021\\\/01\\\/logo-sroka-black-transpa.png\",\"contentUrl\":\"https:\\\/\\\/srokacompany.com\\\/wp-content\\\/uploads\\\/2021\\\/01\\\/logo-sroka-black-transpa.png\",\"width\":1201,\"height\":342,\"caption\":\"SROKACOMPANY\"},\"image\":{\"@id\":\"https:\\\/\\\/srokacompany.com\\\/de\\\/#\\\/schema\\\/logo\\\/image\\\/\"},\"sameAs\":[\"https:\\\/\\\/www.facebook.com\\\/srokawatersports\\\/\",\"https:\\\/\\\/www.instagram.com\\\/srokawatersports\\\/\",\"https:\\\/\\\/www.youtube.com\\\/channel\\\/UCVLHHeaPIm-J5bdEUgxqtZA\"]}]}<\/script>\n<!-- \/ Yoast SEO plugin. -->","yoast_head_json":{"title":"S-Foil High Aspect 1190 Speed und Lift - SROKA Company","description":"Der neue S-Foil High Aspect 1190 Speed und Lift von Sroka Company mit seinem Fl\u00fcgel bietet das Beste aus Leistung und Preis zusammen.","robots":{"index":"index","follow":"follow","max-snippet":"max-snippet:-1","max-image-preview":"max-image-preview:large","max-video-preview":"max-video-preview:-1"},"canonical":"https:\/\/srokacompany.com\/de\/produkt\/s-foil-high-aspect-1190\/","og_locale":"de_DE","og_type":"article","og_title":"S-Foil High Aspect 1190 Speed und Lift - SROKA Company","og_description":"Der neue S-Foil High Aspect 1190 Speed und Lift von Sroka Company mit seinem Fl\u00fcgel bietet das Beste aus Leistung und Preis zusammen.","og_url":"https:\/\/srokacompany.com\/de\/produkt\/s-foil-high-aspect-1190\/","og_site_name":"SROKA Company","article_publisher":"https:\/\/www.facebook.com\/srokawatersports\/","article_modified_time":"2025-11-25T08:43:57+00:00","og_image":[{"width":740,"height":1080,"url":"https:\/\/srokacompany.com\/wp-content\/uploads\/2020\/12\/7.jpg","type":"image\/jpeg"}],"twitter_misc":{"Gesch\u00e4tzte Lesezeit":"1\u00a0Minute"},"schema":{"@context":"https:\/\/schema.org","@graph":[{"@type":"WebPage","@id":"https:\/\/srokacompany.com\/de\/produkt\/s-foil-high-aspect-1190\/","url":"https:\/\/srokacompany.com\/de\/produkt\/s-foil-high-aspect-1190\/","name":"S-Foil High Aspect 1190 Speed und Lift - SROKA Company","isPartOf":{"@id":"https:\/\/srokacompany.com\/de\/#website"},"primaryImageOfPage":{"@id":"https:\/\/srokacompany.com\/de\/produkt\/s-foil-high-aspect-1190\/#primaryimage"},"image":{"@id":"https:\/\/srokacompany.com\/de\/produkt\/s-foil-high-aspect-1190\/#primaryimage"},"thumbnailUrl":"https:\/\/srokacompany.com\/wp-content\/uploads\/2020\/12\/7.jpg","datePublished":"2020-12-03T18:32:08+00:00","dateModified":"2025-11-25T08:43:57+00:00","description":"Der neue S-Foil High Aspect 1190 Speed und Lift von Sroka Company mit seinem Fl\u00fcgel bietet das Beste aus Leistung und Preis zusammen.","breadcrumb":{"@id":"https:\/\/srokacompany.com\/de\/produkt\/s-foil-high-aspect-1190\/#breadcrumb"},"inLanguage":"de","potentialAction":[{"@type":"ReadAction","target":["https:\/\/srokacompany.com\/de\/produkt\/s-foil-high-aspect-1190\/"]}]},{"@type":"ImageObject","inLanguage":"de","@id":"https:\/\/srokacompany.com\/de\/produkt\/s-foil-high-aspect-1190\/#primaryimage","url":"https:\/\/srokacompany.com\/wp-content\/uploads\/2020\/12\/7.jpg","contentUrl":"https:\/\/srokacompany.com\/wp-content\/uploads\/2020\/12\/7.jpg","width":740,"height":1080},{"@type":"BreadcrumbList","@id":"https:\/\/srokacompany.com\/de\/produkt\/s-foil-high-aspect-1190\/#breadcrumb","itemListElement":[{"@type":"ListItem","position":1,"name":"Accueil","item":"https:\/\/srokacompany.com\/de\/"},{"@type":"ListItem","position":2,"name":"Laden","item":"https:\/\/srokacompany.com\/laden\/"},{"@type":"ListItem","position":3,"name":"S-Foil High Aspect 1190"}]},{"@type":"WebSite","@id":"https:\/\/srokacompany.com\/de\/#website","url":"https:\/\/srokacompany.com\/de\/","name":"SROKA Company","description":"SUP, Kite, Foil, Wing","publisher":{"@id":"https:\/\/srokacompany.com\/de\/#organization"},"potentialAction":[{"@type":"SearchAction","target":{"@type":"EntryPoint","urlTemplate":"https:\/\/srokacompany.com\/de\/?s={search_term_string}"},"query-input":{"@type":"PropertyValueSpecification","valueRequired":true,"valueName":"search_term_string"}}],"inLanguage":"de"},{"@type":"Organization","@id":"https:\/\/srokacompany.com\/de\/#organization","name":"SROKACOMPANY","alternateName":"SROKA","url":"https:\/\/srokacompany.com\/de\/","logo":{"@type":"ImageObject","inLanguage":"de","@id":"https:\/\/srokacompany.com\/de\/#\/schema\/logo\/image\/","url":"https:\/\/srokacompany.com\/wp-content\/uploads\/2021\/01\/logo-sroka-black-transpa.png","contentUrl":"https:\/\/srokacompany.com\/wp-content\/uploads\/2021\/01\/logo-sroka-black-transpa.png","width":1201,"height":342,"caption":"SROKACOMPANY"},"image":{"@id":"https:\/\/srokacompany.com\/de\/#\/schema\/logo\/image\/"},"sameAs":["https:\/\/www.facebook.com\/srokawatersports\/","https:\/\/www.instagram.com\/srokawatersports\/","https:\/\/www.youtube.com\/channel\/UCVLHHeaPIm-J5bdEUgxqtZA"]}]}},"uagb_featured_image_src":{"full":["https:\/\/srokacompany.com\/wp-content\/uploads\/2020\/12\/7.jpg",740,1080,false],"thumbnail":["https:\/\/srokacompany.com\/wp-content\/uploads\/2020\/12\/7-150x150.jpg",150,150,true],"medium":["https:\/\/srokacompany.com\/wp-content\/uploads\/2020\/12\/7-206x300.jpg",206,300,true],"medium_large":["https:\/\/srokacompany.com\/wp-content\/uploads\/2020\/12\/7.jpg",740,1080,false],"large":["https:\/\/srokacompany.com\/wp-content\/uploads\/2020\/12\/7-702x1024.jpg",702,1024,true],"1536x1536":["https:\/\/srokacompany.com\/wp-content\/uploads\/2020\/12\/7.jpg",740,1080,false],"2048x2048":["https:\/\/srokacompany.com\/wp-content\/uploads\/2020\/12\/7.jpg",740,1080,false],"woocommerce_thumbnail":["https:\/\/srokacompany.com\/wp-content\/uploads\/2020\/12\/7-600x876.jpg",600,876,true],"woocommerce_single":["https:\/\/srokacompany.com\/wp-content\/uploads\/2020\/12\/7-600x876.jpg",600,876,true],"woocommerce_gallery_thumbnail":["https:\/\/srokacompany.com\/wp-content\/uploads\/2020\/12\/7-100x100.jpg",100,100,true],"dgwt-wcas-product-suggestion":["https:\/\/srokacompany.com\/wp-content\/uploads\/2020\/12\/7-64x93.jpg",64,93,true]},"uagb_author_info":{"display_name":"Tristan Dumard","author_link":"https:\/\/srokacompany.com\/de\/blog\/author\/"},"uagb_comment_info":0,"uagb_excerpt":"S - Foil HA 1190: Ein gleitendes, schnelles und einfaches Foil. Ein Plug-and-Play-Foil.","jetpack_sharing_enabled":true,"_links":{"self":[{"href":"https:\/\/srokacompany.com\/de\/wp-json\/wp\/v2\/product\/342257","targetHints":{"allow":["GET"]}}],"collection":[{"href":"https:\/\/srokacompany.com\/de\/wp-json\/wp\/v2\/product"}],"about":[{"href":"https:\/\/srokacompany.com\/de\/wp-json\/wp\/v2\/types\/product"}],"wp:featuredmedia":[{"embeddable":true,"href":"https:\/\/srokacompany.com\/de\/wp-json\/wp\/v2\/media\/342258"}],"wp:attachment":[{"href":"https:\/\/srokacompany.com\/de\/wp-json\/wp\/v2\/media?parent=342257"}],"wp:term":[{"taxonomy":"product_brand","embeddable":true,"href":"https:\/\/srokacompany.com\/de\/wp-json\/wp\/v2\/product_brand?post=342257"},{"taxonomy":"product_cat","embeddable":true,"href":"https:\/\/srokacompany.com\/de\/wp-json\/wp\/v2\/product_cat?post=342257"},{"taxonomy":"product_tag","embeddable":true,"href":"https:\/\/srokacompany.com\/de\/wp-json\/wp\/v2\/product_tag?post=342257"}],"curies":[{"name":"wp","href":"https:\/\/api.w.org\/{rel}","templated":true}]}}