{"id":342572,"date":"2021-04-02T12:51:25","date_gmt":"2021-04-02T12:51:25","guid":{"rendered":"https:\/\/srokacompany.com\/produit\/sroka-pumpenschlauch\/"},"modified":"2025-10-31T19:13:44","modified_gmt":"2025-10-31T17:13:44","slug":"sroka-pumpenschlauch","status":"publish","type":"product","link":"https:\/\/srokacompany.com\/de\/produkt\/sroka-pumpenschlauch\/","title":{"rendered":"SROKA-Pumpenschlauch"},"content":{"rendered":"","protected":false},"excerpt":{"rendered":"<p>PUMPENSCHLAUCH F\u00dcR AUFBLASBARE SUP <\/p>\n<p>Dieser SROKA-Pumpenschlauch erm\u00f6glicht den Anschluss aller Pumpen von 2015 bis 2020. Er wird auf den Pumpensockel geschraubt und kann an alle auf dem Markt erh\u00e4ltlichen <a href=\"https:\/\/srokacompany.com\/de\/produkt\/stand-up-paddle-duo\/\">Stand Up Paddle-Ventile<\/a> angeschlossen werden. <\/p>\n","protected":false},"featured_media":342574,"template":"","meta":{"_acf_changed":false,"_uag_custom_page_level_css":""},"product_brand":[],"product_cat":[3578],"product_tag":[],"class_list":{"0":"post-342572","1":"product","2":"type-product","3":"status-publish","4":"has-post-thumbnail","6":"product_cat-paddle-zubehor","7":"product_shipping_class-small-shipping-de","9":"first","10":"instock","11":"taxable","12":"shipping-taxable","13":"purchasable","14":"product-type-simple"},"acf":[],"yoast_head":"<!-- This site is optimized with the Yoast SEO plugin v27.4 - https:\/\/yoast.com\/product\/yoast-seo-wordpress\/ -->\n<title>SROKA-Pumpenschlauch - SROKA Company - Zubeh\u00f6r SUP<\/title>\n<meta name=\"description\" content=\"Der SROKA-Pumpenschlauch erm\u00f6glicht es, die SROKA-Pumpe (2015 -2020) an alle Paddles auf dem Markt anzuschlie\u00dfen. Er verwendet ein universelles Mundst\u00fcck.\" \/>\n<meta name=\"robots\" content=\"index, follow, max-snippet:-1, max-image-preview:large, max-video-preview:-1\" \/>\n<link rel=\"canonical\" href=\"https:\/\/srokacompany.com\/de\/produkt\/sroka-pumpenschlauch\/\" \/>\n<meta property=\"og:locale\" content=\"de_DE\" \/>\n<meta property=\"og:type\" content=\"article\" \/>\n<meta property=\"og:title\" content=\"SROKA-Pumpenschlauch - SROKA Company - Zubeh\u00f6r SUP\" \/>\n<meta property=\"og:description\" content=\"Der SROKA-Pumpenschlauch erm\u00f6glicht es, die SROKA-Pumpe (2015 -2020) an alle Paddles auf dem Markt anzuschlie\u00dfen. Er verwendet ein universelles Mundst\u00fcck.\" \/>\n<meta property=\"og:url\" content=\"https:\/\/srokacompany.com\/de\/produkt\/sroka-pumpenschlauch\/\" \/>\n<meta property=\"og:site_name\" content=\"SROKA Company\" \/>\n<meta property=\"article:publisher\" content=\"https:\/\/www.facebook.com\/srokawatersports\/\" \/>\n<meta property=\"article:modified_time\" content=\"2025-10-31T17:13:44+00:00\" \/>\n<meta property=\"og:image\" content=\"https:\/\/srokacompany.com\/wp-content\/uploads\/2021\/04\/tuyau-de-pompe-SROKA.jpg\" \/>\n\t<meta property=\"og:image:width\" content=\"780\" \/>\n\t<meta property=\"og:image:height\" content=\"1040\" \/>\n\t<meta property=\"og:image:type\" content=\"image\/jpeg\" \/>\n<script type=\"application\/ld+json\" class=\"yoast-schema-graph\">{\"@context\":\"https:\\\/\\\/schema.org\",\"@graph\":[{\"@type\":\"WebPage\",\"@id\":\"https:\\\/\\\/srokacompany.com\\\/de\\\/produkt\\\/sroka-pumpenschlauch\\\/\",\"url\":\"https:\\\/\\\/srokacompany.com\\\/de\\\/produkt\\\/sroka-pumpenschlauch\\\/\",\"name\":\"SROKA-Pumpenschlauch - SROKA Company - Zubeh\u00f6r SUP\",\"isPartOf\":{\"@id\":\"https:\\\/\\\/srokacompany.com\\\/de\\\/#website\"},\"primaryImageOfPage\":{\"@id\":\"https:\\\/\\\/srokacompany.com\\\/de\\\/produkt\\\/sroka-pumpenschlauch\\\/#primaryimage\"},\"image\":{\"@id\":\"https:\\\/\\\/srokacompany.com\\\/de\\\/produkt\\\/sroka-pumpenschlauch\\\/#primaryimage\"},\"thumbnailUrl\":\"https:\\\/\\\/srokacompany.com\\\/wp-content\\\/uploads\\\/2021\\\/04\\\/tuyau-de-pompe-SROKA.jpg\",\"datePublished\":\"2021-04-02T12:51:25+00:00\",\"dateModified\":\"2025-10-31T17:13:44+00:00\",\"description\":\"Der SROKA-Pumpenschlauch erm\u00f6glicht es, die SROKA-Pumpe (2015 -2020) an alle Paddles auf dem Markt anzuschlie\u00dfen. Er verwendet ein universelles Mundst\u00fcck.\",\"breadcrumb\":{\"@id\":\"https:\\\/\\\/srokacompany.com\\\/de\\\/produkt\\\/sroka-pumpenschlauch\\\/#breadcrumb\"},\"inLanguage\":\"de\",\"potentialAction\":[{\"@type\":\"ReadAction\",\"target\":[\"https:\\\/\\\/srokacompany.com\\\/de\\\/produkt\\\/sroka-pumpenschlauch\\\/\"]}]},{\"@type\":\"ImageObject\",\"inLanguage\":\"de\",\"@id\":\"https:\\\/\\\/srokacompany.com\\\/de\\\/produkt\\\/sroka-pumpenschlauch\\\/#primaryimage\",\"url\":\"https:\\\/\\\/srokacompany.com\\\/wp-content\\\/uploads\\\/2021\\\/04\\\/tuyau-de-pompe-SROKA.jpg\",\"contentUrl\":\"https:\\\/\\\/srokacompany.com\\\/wp-content\\\/uploads\\\/2021\\\/04\\\/tuyau-de-pompe-SROKA.jpg\",\"width\":780,\"height\":1040,\"caption\":\"Der Schlauch der SROKA-Pumpe 2020\"},{\"@type\":\"BreadcrumbList\",\"@id\":\"https:\\\/\\\/srokacompany.com\\\/de\\\/produkt\\\/sroka-pumpenschlauch\\\/#breadcrumb\",\"itemListElement\":[{\"@type\":\"ListItem\",\"position\":1,\"name\":\"Accueil\",\"item\":\"https:\\\/\\\/srokacompany.com\\\/de\\\/\"},{\"@type\":\"ListItem\",\"position\":2,\"name\":\"Laden\",\"item\":\"https:\\\/\\\/srokacompany.com\\\/laden\\\/\"},{\"@type\":\"ListItem\",\"position\":3,\"name\":\"SROKA-Pumpenschlauch\"}]},{\"@type\":\"WebSite\",\"@id\":\"https:\\\/\\\/srokacompany.com\\\/de\\\/#website\",\"url\":\"https:\\\/\\\/srokacompany.com\\\/de\\\/\",\"name\":\"SROKA Company\",\"description\":\"SUP, Kite, Foil, Wing\",\"publisher\":{\"@id\":\"https:\\\/\\\/srokacompany.com\\\/de\\\/#organization\"},\"potentialAction\":[{\"@type\":\"SearchAction\",\"target\":{\"@type\":\"EntryPoint\",\"urlTemplate\":\"https:\\\/\\\/srokacompany.com\\\/de\\\/?s={search_term_string}\"},\"query-input\":{\"@type\":\"PropertyValueSpecification\",\"valueRequired\":true,\"valueName\":\"search_term_string\"}}],\"inLanguage\":\"de\"},{\"@type\":\"Organization\",\"@id\":\"https:\\\/\\\/srokacompany.com\\\/de\\\/#organization\",\"name\":\"SROKACOMPANY\",\"alternateName\":\"SROKA\",\"url\":\"https:\\\/\\\/srokacompany.com\\\/de\\\/\",\"logo\":{\"@type\":\"ImageObject\",\"inLanguage\":\"de\",\"@id\":\"https:\\\/\\\/srokacompany.com\\\/de\\\/#\\\/schema\\\/logo\\\/image\\\/\",\"url\":\"https:\\\/\\\/srokacompany.com\\\/wp-content\\\/uploads\\\/2021\\\/01\\\/logo-sroka-black-transpa.png\",\"contentUrl\":\"https:\\\/\\\/srokacompany.com\\\/wp-content\\\/uploads\\\/2021\\\/01\\\/logo-sroka-black-transpa.png\",\"width\":1201,\"height\":342,\"caption\":\"SROKACOMPANY\"},\"image\":{\"@id\":\"https:\\\/\\\/srokacompany.com\\\/de\\\/#\\\/schema\\\/logo\\\/image\\\/\"},\"sameAs\":[\"https:\\\/\\\/www.facebook.com\\\/srokawatersports\\\/\",\"https:\\\/\\\/www.instagram.com\\\/srokawatersports\\\/\",\"https:\\\/\\\/www.youtube.com\\\/channel\\\/UCVLHHeaPIm-J5bdEUgxqtZA\"]}]}<\/script>\n<!-- \/ Yoast SEO plugin. -->","yoast_head_json":{"title":"SROKA-Pumpenschlauch - SROKA Company - Zubeh\u00f6r SUP","description":"Der SROKA-Pumpenschlauch erm\u00f6glicht es, die SROKA-Pumpe (2015 -2020) an alle Paddles auf dem Markt anzuschlie\u00dfen. Er verwendet ein universelles Mundst\u00fcck.","robots":{"index":"index","follow":"follow","max-snippet":"max-snippet:-1","max-image-preview":"max-image-preview:large","max-video-preview":"max-video-preview:-1"},"canonical":"https:\/\/srokacompany.com\/de\/produkt\/sroka-pumpenschlauch\/","og_locale":"de_DE","og_type":"article","og_title":"SROKA-Pumpenschlauch - SROKA Company - Zubeh\u00f6r SUP","og_description":"Der SROKA-Pumpenschlauch erm\u00f6glicht es, die SROKA-Pumpe (2015 -2020) an alle Paddles auf dem Markt anzuschlie\u00dfen. Er verwendet ein universelles Mundst\u00fcck.","og_url":"https:\/\/srokacompany.com\/de\/produkt\/sroka-pumpenschlauch\/","og_site_name":"SROKA Company","article_publisher":"https:\/\/www.facebook.com\/srokawatersports\/","article_modified_time":"2025-10-31T17:13:44+00:00","og_image":[{"width":780,"height":1040,"url":"https:\/\/srokacompany.com\/wp-content\/uploads\/2021\/04\/tuyau-de-pompe-SROKA.jpg","type":"image\/jpeg"}],"schema":{"@context":"https:\/\/schema.org","@graph":[{"@type":"WebPage","@id":"https:\/\/srokacompany.com\/de\/produkt\/sroka-pumpenschlauch\/","url":"https:\/\/srokacompany.com\/de\/produkt\/sroka-pumpenschlauch\/","name":"SROKA-Pumpenschlauch - SROKA Company - Zubeh\u00f6r SUP","isPartOf":{"@id":"https:\/\/srokacompany.com\/de\/#website"},"primaryImageOfPage":{"@id":"https:\/\/srokacompany.com\/de\/produkt\/sroka-pumpenschlauch\/#primaryimage"},"image":{"@id":"https:\/\/srokacompany.com\/de\/produkt\/sroka-pumpenschlauch\/#primaryimage"},"thumbnailUrl":"https:\/\/srokacompany.com\/wp-content\/uploads\/2021\/04\/tuyau-de-pompe-SROKA.jpg","datePublished":"2021-04-02T12:51:25+00:00","dateModified":"2025-10-31T17:13:44+00:00","description":"Der SROKA-Pumpenschlauch erm\u00f6glicht es, die SROKA-Pumpe (2015 -2020) an alle Paddles auf dem Markt anzuschlie\u00dfen. Er verwendet ein universelles Mundst\u00fcck.","breadcrumb":{"@id":"https:\/\/srokacompany.com\/de\/produkt\/sroka-pumpenschlauch\/#breadcrumb"},"inLanguage":"de","potentialAction":[{"@type":"ReadAction","target":["https:\/\/srokacompany.com\/de\/produkt\/sroka-pumpenschlauch\/"]}]},{"@type":"ImageObject","inLanguage":"de","@id":"https:\/\/srokacompany.com\/de\/produkt\/sroka-pumpenschlauch\/#primaryimage","url":"https:\/\/srokacompany.com\/wp-content\/uploads\/2021\/04\/tuyau-de-pompe-SROKA.jpg","contentUrl":"https:\/\/srokacompany.com\/wp-content\/uploads\/2021\/04\/tuyau-de-pompe-SROKA.jpg","width":780,"height":1040,"caption":"Der Schlauch der SROKA-Pumpe 2020"},{"@type":"BreadcrumbList","@id":"https:\/\/srokacompany.com\/de\/produkt\/sroka-pumpenschlauch\/#breadcrumb","itemListElement":[{"@type":"ListItem","position":1,"name":"Accueil","item":"https:\/\/srokacompany.com\/de\/"},{"@type":"ListItem","position":2,"name":"Laden","item":"https:\/\/srokacompany.com\/laden\/"},{"@type":"ListItem","position":3,"name":"SROKA-Pumpenschlauch"}]},{"@type":"WebSite","@id":"https:\/\/srokacompany.com\/de\/#website","url":"https:\/\/srokacompany.com\/de\/","name":"SROKA Company","description":"SUP, Kite, Foil, Wing","publisher":{"@id":"https:\/\/srokacompany.com\/de\/#organization"},"potentialAction":[{"@type":"SearchAction","target":{"@type":"EntryPoint","urlTemplate":"https:\/\/srokacompany.com\/de\/?s={search_term_string}"},"query-input":{"@type":"PropertyValueSpecification","valueRequired":true,"valueName":"search_term_string"}}],"inLanguage":"de"},{"@type":"Organization","@id":"https:\/\/srokacompany.com\/de\/#organization","name":"SROKACOMPANY","alternateName":"SROKA","url":"https:\/\/srokacompany.com\/de\/","logo":{"@type":"ImageObject","inLanguage":"de","@id":"https:\/\/srokacompany.com\/de\/#\/schema\/logo\/image\/","url":"https:\/\/srokacompany.com\/wp-content\/uploads\/2021\/01\/logo-sroka-black-transpa.png","contentUrl":"https:\/\/srokacompany.com\/wp-content\/uploads\/2021\/01\/logo-sroka-black-transpa.png","width":1201,"height":342,"caption":"SROKACOMPANY"},"image":{"@id":"https:\/\/srokacompany.com\/de\/#\/schema\/logo\/image\/"},"sameAs":["https:\/\/www.facebook.com\/srokawatersports\/","https:\/\/www.instagram.com\/srokawatersports\/","https:\/\/www.youtube.com\/channel\/UCVLHHeaPIm-J5bdEUgxqtZA"]}]}},"uagb_featured_image_src":{"full":["https:\/\/srokacompany.com\/wp-content\/uploads\/2021\/04\/tuyau-de-pompe-SROKA.jpg",780,1040,false],"thumbnail":["https:\/\/srokacompany.com\/wp-content\/uploads\/2021\/04\/tuyau-de-pompe-SROKA-150x150.jpg",150,150,true],"medium":["https:\/\/srokacompany.com\/wp-content\/uploads\/2021\/04\/tuyau-de-pompe-SROKA-225x300.jpg",225,300,true],"medium_large":["https:\/\/srokacompany.com\/wp-content\/uploads\/2021\/04\/tuyau-de-pompe-SROKA-768x1024.jpg",768,1024,true],"large":["https:\/\/srokacompany.com\/wp-content\/uploads\/2021\/04\/tuyau-de-pompe-SROKA-768x1024.jpg",768,1024,true],"1536x1536":["https:\/\/srokacompany.com\/wp-content\/uploads\/2021\/04\/tuyau-de-pompe-SROKA.jpg",780,1040,false],"2048x2048":["https:\/\/srokacompany.com\/wp-content\/uploads\/2021\/04\/tuyau-de-pompe-SROKA.jpg",780,1040,false],"woocommerce_thumbnail":["https:\/\/srokacompany.com\/wp-content\/uploads\/2021\/04\/tuyau-de-pompe-SROKA-600x800.jpg",600,800,true],"woocommerce_single":["https:\/\/srokacompany.com\/wp-content\/uploads\/2021\/04\/tuyau-de-pompe-SROKA-600x800.jpg",600,800,true],"woocommerce_gallery_thumbnail":["https:\/\/srokacompany.com\/wp-content\/uploads\/2021\/04\/tuyau-de-pompe-SROKA-100x100.jpg",100,100,true],"dgwt-wcas-product-suggestion":["https:\/\/srokacompany.com\/wp-content\/uploads\/2021\/04\/tuyau-de-pompe-SROKA.jpg",64,85,false]},"uagb_author_info":{"display_name":"Bruno Sroka","author_link":"https:\/\/srokacompany.com\/de\/blog\/author\/"},"uagb_comment_info":0,"uagb_excerpt":"PUMPENSCHLAUCH F\u00dcR AUFBLASBARE SUP Dieser SROKA-Pumpenschlauch erm\u00f6glicht den Anschluss aller Pumpen von 2015 bis 2020. Er wird auf den Pumpensockel geschraubt und kann an alle auf dem Markt erh\u00e4ltlichen Stand Up Paddle-Ventile angeschlossen werden.","jetpack_sharing_enabled":true,"_links":{"self":[{"href":"https:\/\/srokacompany.com\/de\/wp-json\/wp\/v2\/product\/342572","targetHints":{"allow":["GET"]}}],"collection":[{"href":"https:\/\/srokacompany.com\/de\/wp-json\/wp\/v2\/product"}],"about":[{"href":"https:\/\/srokacompany.com\/de\/wp-json\/wp\/v2\/types\/product"}],"wp:featuredmedia":[{"embeddable":true,"href":"https:\/\/srokacompany.com\/de\/wp-json\/wp\/v2\/media\/342574"}],"wp:attachment":[{"href":"https:\/\/srokacompany.com\/de\/wp-json\/wp\/v2\/media?parent=342572"}],"wp:term":[{"taxonomy":"product_brand","embeddable":true,"href":"https:\/\/srokacompany.com\/de\/wp-json\/wp\/v2\/product_brand?post=342572"},{"taxonomy":"product_cat","embeddable":true,"href":"https:\/\/srokacompany.com\/de\/wp-json\/wp\/v2\/product_cat?post=342572"},{"taxonomy":"product_tag","embeddable":true,"href":"https:\/\/srokacompany.com\/de\/wp-json\/wp\/v2\/product_tag?post=342572"}],"curies":[{"name":"wp","href":"https:\/\/api.w.org\/{rel}","templated":true}]}}