{"id":342586,"date":"2021-07-02T08:20:30","date_gmt":"2021-07-02T08:20:30","guid":{"rendered":"https:\/\/srokacompany.com\/produit\/komplettes-schraubenset-fuer-s-foil-und-sroka-bretter\/"},"modified":"2025-12-16T16:28:00","modified_gmt":"2025-12-16T14:28:00","slug":"komplettes-schraubenset-fuer-s-foil-und-sroka-bretter","status":"publish","type":"product","link":"https:\/\/srokacompany.com\/de\/produkt\/komplettes-schraubenset-fuer-s-foil-und-sroka-bretter\/","title":{"rendered":"Komplettes Schraubenset f\u00fcr S-Foil und Sroka-Bretter"},"content":{"rendered":"<hr>\n<h2>Komplette Schrauben f\u00fcr die <a href=\"https:\/\/srokacompany.com\/de\/produkt\/s-foil-high-aspect-1190\/\">S-Foil Sroka 2021<\/a><\/h2>\n<p>Dieser komplette Schraubensatz enth\u00e4lt :<\/p>\n<ul>\n<li>Ein Torx-Schl\u00fcssel Durchmesser M8<\/li>\n<li>3 Schrauben von M8x 16 \/ 20<\/li>\n<li>4 M8x30-Schrauben f\u00fcr den Mast des S-Foil 2021<\/li>\n<li>Drei M8-Schrauben f\u00fcr den Vorderfl\u00fcgel (bitte w\u00e4hlen Sie Ihren Fl\u00fcgeltyp in den Produktoptionen aus)<\/li>\n<li>4 M8-Schrauben und Nippel f\u00fcr die Befestigung von Deck und Brett (bitte w\u00e4hlen Sie Ihr Brettmodell in den Produktoptionen)<\/li>\n<li>Eine Tube Gel<\/li>\n<li>Optional ein <a href=\"https:\/\/srokacompany.com\/de\/eshop\/foil-de\/\">Set von Einstellkeilen<\/a>, um den Anstellwinkel Ihres Stabilisators einzustellen (drei Keile mit 0,5\u00b0 &#8211; 1\u00b0 und 2\u00b0).<\/li>\n<\/ul>\n<p>Wir empfehlen Ihnen, die foil nach jeder Sitzung auseinanderzunehmen und mit S\u00fc\u00dfwasser abzusp\u00fclen sowie Sand auf dem Tef Gel und in den Schraubengewinden zu vermeiden. Wenn Sie Ihren foil nicht zerlegen, k\u00f6nnen seine Teile durch Korrosion zusammengeschwei\u00dft bleiben. <\/p>\n<p>Diese Schrauben sind mit dem S-Foil 2021 kompatibel und nicht mit dem S-Foil 2020 (der M6-Schrauben verwendet). Finden Sie <a href=\"https:\/\/srokacompany.com\/de\/produkt\/schrauben-fuer-s-foil-modell-2020-m6\/\">auf dieser Seite die Schrauben f\u00fcr Ihren S-Foil 2021<\/a>. <\/p>\n","protected":false},"excerpt":{"rendered":"<p>Das <b>SROKA-Schraubenset<\/b> ist ein wichtiges Set f\u00fcr die Montage und Wartung Ihres <b>S-FOIL Foils<\/b> und Ihrer Boards. Das Set besteht aus Schrauben aus rostfreiem <b>A4-Edelstahl in Marinequalit\u00e4t<\/b> (korrosions- und salzwasserbest\u00e4ndig) und garantiert eine <b>sichere und dauerhafte Befestigung<\/b> von Deck, Mast, Rumpf und Fl\u00fcgeln. Stellen Sie sicher, dass Sie immer die richtigen Schrauben und Ersatzteile haben, um Ihre SROKA-Ausr\u00fcstung in perfektem Leistungszustand zu halten. Das Komplettset bringt Ihnen alle Schrauben, die Sie f\u00fcr Ihr Wing Foil ben\u00f6tigen.   <\/p>\n","protected":false},"featured_media":342265,"template":"","meta":{"_acf_changed":false,"_uag_custom_page_level_css":""},"product_brand":[],"product_cat":[3493,3592,3453,3464],"product_tag":[],"class_list":{"0":"post-342586","1":"product","2":"type-product","3":"status-publish","4":"has-post-thumbnail","6":"product_cat-foil-de","7":"product_cat-surf-zubehor-foil","8":"product_cat-wing-foil-de","9":"product_cat-zubehor-wing-foil","10":"product_shipping_class-small-shipping-de","12":"first","13":"instock","14":"taxable","15":"shipping-taxable","16":"purchasable","17":"product-type-variable"},"acf":[],"yoast_head":"<!-- This site is optimized with the Yoast SEO plugin v27.4 - https:\/\/yoast.com\/product\/yoast-seo-wordpress\/ -->\n<title>Komplettes Schraubenset f\u00fcr S-Foil und Sroka-Bretter - SROKA Company<\/title>\n<meta name=\"description\" content=\"Alle Schrauben f\u00fcr den S-Foil Sroka 2021, mit Torx-Schl\u00fcssel, Aufbewahrungs- und Schutzbox sowie Tef-Gel.\" \/>\n<meta name=\"robots\" content=\"index, follow, max-snippet:-1, max-image-preview:large, max-video-preview:-1\" \/>\n<link rel=\"canonical\" href=\"https:\/\/srokacompany.com\/de\/produkt\/komplettes-schraubenset-fuer-s-foil-und-sroka-bretter\/\" \/>\n<meta property=\"og:locale\" content=\"de_DE\" \/>\n<meta property=\"og:type\" content=\"article\" \/>\n<meta property=\"og:title\" content=\"Komplettes Schraubenset f\u00fcr S-Foil und Sroka-Bretter - SROKA Company\" \/>\n<meta property=\"og:description\" content=\"Alle Schrauben f\u00fcr den S-Foil Sroka 2021, mit Torx-Schl\u00fcssel, Aufbewahrungs- und Schutzbox sowie Tef-Gel.\" \/>\n<meta property=\"og:url\" content=\"https:\/\/srokacompany.com\/de\/produkt\/komplettes-schraubenset-fuer-s-foil-und-sroka-bretter\/\" \/>\n<meta property=\"og:site_name\" content=\"SROKA Company\" \/>\n<meta property=\"article:publisher\" content=\"https:\/\/www.facebook.com\/srokawatersports\/\" \/>\n<meta property=\"article:modified_time\" content=\"2025-12-16T14:28:00+00:00\" \/>\n<meta property=\"og:image\" content=\"https:\/\/srokacompany.com\/wp-content\/uploads\/2021\/07\/Visserie-S-Foil-2021-2.jpg\" \/>\n\t<meta property=\"og:image:width\" content=\"780\" \/>\n\t<meta property=\"og:image:height\" content=\"1040\" \/>\n\t<meta property=\"og:image:type\" content=\"image\/jpeg\" \/>\n<meta name=\"twitter:label1\" content=\"Gesch\u00e4tzte Lesezeit\" \/>\n\t<meta name=\"twitter:data1\" content=\"1\u00a0Minute\" \/>\n<script type=\"application\/ld+json\" class=\"yoast-schema-graph\">{\"@context\":\"https:\\\/\\\/schema.org\",\"@graph\":[{\"@type\":\"WebPage\",\"@id\":\"https:\\\/\\\/srokacompany.com\\\/de\\\/produkt\\\/komplettes-schraubenset-fuer-s-foil-und-sroka-bretter\\\/\",\"url\":\"https:\\\/\\\/srokacompany.com\\\/de\\\/produkt\\\/komplettes-schraubenset-fuer-s-foil-und-sroka-bretter\\\/\",\"name\":\"Komplettes Schraubenset f\u00fcr S-Foil und Sroka-Bretter - SROKA Company\",\"isPartOf\":{\"@id\":\"https:\\\/\\\/srokacompany.com\\\/de\\\/#website\"},\"primaryImageOfPage\":{\"@id\":\"https:\\\/\\\/srokacompany.com\\\/de\\\/produkt\\\/komplettes-schraubenset-fuer-s-foil-und-sroka-bretter\\\/#primaryimage\"},\"image\":{\"@id\":\"https:\\\/\\\/srokacompany.com\\\/de\\\/produkt\\\/komplettes-schraubenset-fuer-s-foil-und-sroka-bretter\\\/#primaryimage\"},\"thumbnailUrl\":\"https:\\\/\\\/srokacompany.com\\\/wp-content\\\/uploads\\\/2021\\\/07\\\/Visserie-S-Foil-2021-2.jpg\",\"datePublished\":\"2021-07-02T08:20:30+00:00\",\"dateModified\":\"2025-12-16T14:28:00+00:00\",\"description\":\"Alle Schrauben f\u00fcr den S-Foil Sroka 2021, mit Torx-Schl\u00fcssel, Aufbewahrungs- und Schutzbox sowie Tef-Gel.\",\"breadcrumb\":{\"@id\":\"https:\\\/\\\/srokacompany.com\\\/de\\\/produkt\\\/komplettes-schraubenset-fuer-s-foil-und-sroka-bretter\\\/#breadcrumb\"},\"inLanguage\":\"de\",\"potentialAction\":[{\"@type\":\"ReadAction\",\"target\":[\"https:\\\/\\\/srokacompany.com\\\/de\\\/produkt\\\/komplettes-schraubenset-fuer-s-foil-und-sroka-bretter\\\/\"]}]},{\"@type\":\"ImageObject\",\"inLanguage\":\"de\",\"@id\":\"https:\\\/\\\/srokacompany.com\\\/de\\\/produkt\\\/komplettes-schraubenset-fuer-s-foil-und-sroka-bretter\\\/#primaryimage\",\"url\":\"https:\\\/\\\/srokacompany.com\\\/wp-content\\\/uploads\\\/2021\\\/07\\\/Visserie-S-Foil-2021-2.jpg\",\"contentUrl\":\"https:\\\/\\\/srokacompany.com\\\/wp-content\\\/uploads\\\/2021\\\/07\\\/Visserie-S-Foil-2021-2.jpg\",\"width\":780,\"height\":1040},{\"@type\":\"BreadcrumbList\",\"@id\":\"https:\\\/\\\/srokacompany.com\\\/de\\\/produkt\\\/komplettes-schraubenset-fuer-s-foil-und-sroka-bretter\\\/#breadcrumb\",\"itemListElement\":[{\"@type\":\"ListItem\",\"position\":1,\"name\":\"Accueil\",\"item\":\"https:\\\/\\\/srokacompany.com\\\/de\\\/\"},{\"@type\":\"ListItem\",\"position\":2,\"name\":\"Laden\",\"item\":\"https:\\\/\\\/srokacompany.com\\\/laden\\\/\"},{\"@type\":\"ListItem\",\"position\":3,\"name\":\"Komplettes Schraubenset f\u00fcr S-Foil und Sroka-Bretter\"}]},{\"@type\":\"WebSite\",\"@id\":\"https:\\\/\\\/srokacompany.com\\\/de\\\/#website\",\"url\":\"https:\\\/\\\/srokacompany.com\\\/de\\\/\",\"name\":\"SROKA Company\",\"description\":\"SUP, Kite, Foil, Wing\",\"publisher\":{\"@id\":\"https:\\\/\\\/srokacompany.com\\\/de\\\/#organization\"},\"potentialAction\":[{\"@type\":\"SearchAction\",\"target\":{\"@type\":\"EntryPoint\",\"urlTemplate\":\"https:\\\/\\\/srokacompany.com\\\/de\\\/?s={search_term_string}\"},\"query-input\":{\"@type\":\"PropertyValueSpecification\",\"valueRequired\":true,\"valueName\":\"search_term_string\"}}],\"inLanguage\":\"de\"},{\"@type\":\"Organization\",\"@id\":\"https:\\\/\\\/srokacompany.com\\\/de\\\/#organization\",\"name\":\"SROKACOMPANY\",\"alternateName\":\"SROKA\",\"url\":\"https:\\\/\\\/srokacompany.com\\\/de\\\/\",\"logo\":{\"@type\":\"ImageObject\",\"inLanguage\":\"de\",\"@id\":\"https:\\\/\\\/srokacompany.com\\\/de\\\/#\\\/schema\\\/logo\\\/image\\\/\",\"url\":\"https:\\\/\\\/srokacompany.com\\\/wp-content\\\/uploads\\\/2021\\\/01\\\/logo-sroka-black-transpa.png\",\"contentUrl\":\"https:\\\/\\\/srokacompany.com\\\/wp-content\\\/uploads\\\/2021\\\/01\\\/logo-sroka-black-transpa.png\",\"width\":1201,\"height\":342,\"caption\":\"SROKACOMPANY\"},\"image\":{\"@id\":\"https:\\\/\\\/srokacompany.com\\\/de\\\/#\\\/schema\\\/logo\\\/image\\\/\"},\"sameAs\":[\"https:\\\/\\\/www.facebook.com\\\/srokawatersports\\\/\",\"https:\\\/\\\/www.instagram.com\\\/srokawatersports\\\/\",\"https:\\\/\\\/www.youtube.com\\\/channel\\\/UCVLHHeaPIm-J5bdEUgxqtZA\"]}]}<\/script>\n<!-- \/ Yoast SEO plugin. -->","yoast_head_json":{"title":"Komplettes Schraubenset f\u00fcr S-Foil und Sroka-Bretter - SROKA Company","description":"Alle Schrauben f\u00fcr den S-Foil Sroka 2021, mit Torx-Schl\u00fcssel, Aufbewahrungs- und Schutzbox sowie Tef-Gel.","robots":{"index":"index","follow":"follow","max-snippet":"max-snippet:-1","max-image-preview":"max-image-preview:large","max-video-preview":"max-video-preview:-1"},"canonical":"https:\/\/srokacompany.com\/de\/produkt\/komplettes-schraubenset-fuer-s-foil-und-sroka-bretter\/","og_locale":"de_DE","og_type":"article","og_title":"Komplettes Schraubenset f\u00fcr S-Foil und Sroka-Bretter - SROKA Company","og_description":"Alle Schrauben f\u00fcr den S-Foil Sroka 2021, mit Torx-Schl\u00fcssel, Aufbewahrungs- und Schutzbox sowie Tef-Gel.","og_url":"https:\/\/srokacompany.com\/de\/produkt\/komplettes-schraubenset-fuer-s-foil-und-sroka-bretter\/","og_site_name":"SROKA Company","article_publisher":"https:\/\/www.facebook.com\/srokawatersports\/","article_modified_time":"2025-12-16T14:28:00+00:00","og_image":[{"width":780,"height":1040,"url":"https:\/\/srokacompany.com\/wp-content\/uploads\/2021\/07\/Visserie-S-Foil-2021-2.jpg","type":"image\/jpeg"}],"twitter_misc":{"Gesch\u00e4tzte Lesezeit":"1\u00a0Minute"},"schema":{"@context":"https:\/\/schema.org","@graph":[{"@type":"WebPage","@id":"https:\/\/srokacompany.com\/de\/produkt\/komplettes-schraubenset-fuer-s-foil-und-sroka-bretter\/","url":"https:\/\/srokacompany.com\/de\/produkt\/komplettes-schraubenset-fuer-s-foil-und-sroka-bretter\/","name":"Komplettes Schraubenset f\u00fcr S-Foil und Sroka-Bretter - SROKA Company","isPartOf":{"@id":"https:\/\/srokacompany.com\/de\/#website"},"primaryImageOfPage":{"@id":"https:\/\/srokacompany.com\/de\/produkt\/komplettes-schraubenset-fuer-s-foil-und-sroka-bretter\/#primaryimage"},"image":{"@id":"https:\/\/srokacompany.com\/de\/produkt\/komplettes-schraubenset-fuer-s-foil-und-sroka-bretter\/#primaryimage"},"thumbnailUrl":"https:\/\/srokacompany.com\/wp-content\/uploads\/2021\/07\/Visserie-S-Foil-2021-2.jpg","datePublished":"2021-07-02T08:20:30+00:00","dateModified":"2025-12-16T14:28:00+00:00","description":"Alle Schrauben f\u00fcr den S-Foil Sroka 2021, mit Torx-Schl\u00fcssel, Aufbewahrungs- und Schutzbox sowie Tef-Gel.","breadcrumb":{"@id":"https:\/\/srokacompany.com\/de\/produkt\/komplettes-schraubenset-fuer-s-foil-und-sroka-bretter\/#breadcrumb"},"inLanguage":"de","potentialAction":[{"@type":"ReadAction","target":["https:\/\/srokacompany.com\/de\/produkt\/komplettes-schraubenset-fuer-s-foil-und-sroka-bretter\/"]}]},{"@type":"ImageObject","inLanguage":"de","@id":"https:\/\/srokacompany.com\/de\/produkt\/komplettes-schraubenset-fuer-s-foil-und-sroka-bretter\/#primaryimage","url":"https:\/\/srokacompany.com\/wp-content\/uploads\/2021\/07\/Visserie-S-Foil-2021-2.jpg","contentUrl":"https:\/\/srokacompany.com\/wp-content\/uploads\/2021\/07\/Visserie-S-Foil-2021-2.jpg","width":780,"height":1040},{"@type":"BreadcrumbList","@id":"https:\/\/srokacompany.com\/de\/produkt\/komplettes-schraubenset-fuer-s-foil-und-sroka-bretter\/#breadcrumb","itemListElement":[{"@type":"ListItem","position":1,"name":"Accueil","item":"https:\/\/srokacompany.com\/de\/"},{"@type":"ListItem","position":2,"name":"Laden","item":"https:\/\/srokacompany.com\/laden\/"},{"@type":"ListItem","position":3,"name":"Komplettes Schraubenset f\u00fcr S-Foil und Sroka-Bretter"}]},{"@type":"WebSite","@id":"https:\/\/srokacompany.com\/de\/#website","url":"https:\/\/srokacompany.com\/de\/","name":"SROKA Company","description":"SUP, Kite, Foil, Wing","publisher":{"@id":"https:\/\/srokacompany.com\/de\/#organization"},"potentialAction":[{"@type":"SearchAction","target":{"@type":"EntryPoint","urlTemplate":"https:\/\/srokacompany.com\/de\/?s={search_term_string}"},"query-input":{"@type":"PropertyValueSpecification","valueRequired":true,"valueName":"search_term_string"}}],"inLanguage":"de"},{"@type":"Organization","@id":"https:\/\/srokacompany.com\/de\/#organization","name":"SROKACOMPANY","alternateName":"SROKA","url":"https:\/\/srokacompany.com\/de\/","logo":{"@type":"ImageObject","inLanguage":"de","@id":"https:\/\/srokacompany.com\/de\/#\/schema\/logo\/image\/","url":"https:\/\/srokacompany.com\/wp-content\/uploads\/2021\/01\/logo-sroka-black-transpa.png","contentUrl":"https:\/\/srokacompany.com\/wp-content\/uploads\/2021\/01\/logo-sroka-black-transpa.png","width":1201,"height":342,"caption":"SROKACOMPANY"},"image":{"@id":"https:\/\/srokacompany.com\/de\/#\/schema\/logo\/image\/"},"sameAs":["https:\/\/www.facebook.com\/srokawatersports\/","https:\/\/www.instagram.com\/srokawatersports\/","https:\/\/www.youtube.com\/channel\/UCVLHHeaPIm-J5bdEUgxqtZA"]}]}},"uagb_featured_image_src":{"full":["https:\/\/srokacompany.com\/wp-content\/uploads\/2021\/07\/Visserie-S-Foil-2021-2.jpg",780,1040,false],"thumbnail":["https:\/\/srokacompany.com\/wp-content\/uploads\/2021\/07\/Visserie-S-Foil-2021-2-150x150.jpg",150,150,true],"medium":["https:\/\/srokacompany.com\/wp-content\/uploads\/2021\/07\/Visserie-S-Foil-2021-2-225x300.jpg",225,300,true],"medium_large":["https:\/\/srokacompany.com\/wp-content\/uploads\/2021\/07\/Visserie-S-Foil-2021-2-768x1024.jpg",768,1024,true],"large":["https:\/\/srokacompany.com\/wp-content\/uploads\/2021\/07\/Visserie-S-Foil-2021-2-768x1024.jpg",768,1024,true],"1536x1536":["https:\/\/srokacompany.com\/wp-content\/uploads\/2021\/07\/Visserie-S-Foil-2021-2.jpg",780,1040,false],"2048x2048":["https:\/\/srokacompany.com\/wp-content\/uploads\/2021\/07\/Visserie-S-Foil-2021-2.jpg",780,1040,false],"woocommerce_thumbnail":["https:\/\/srokacompany.com\/wp-content\/uploads\/2021\/07\/Visserie-S-Foil-2021-2-600x800.jpg",600,800,true],"woocommerce_single":["https:\/\/srokacompany.com\/wp-content\/uploads\/2021\/07\/Visserie-S-Foil-2021-2-600x800.jpg",600,800,true],"woocommerce_gallery_thumbnail":["https:\/\/srokacompany.com\/wp-content\/uploads\/2021\/07\/Visserie-S-Foil-2021-2-100x100.jpg",100,100,true],"dgwt-wcas-product-suggestion":["https:\/\/srokacompany.com\/wp-content\/uploads\/2021\/07\/Visserie-S-Foil-2021-2.jpg",64,85,false]},"uagb_author_info":{"display_name":"Tristan Dumard","author_link":"https:\/\/srokacompany.com\/de\/blog\/author\/"},"uagb_comment_info":0,"uagb_excerpt":"Das SROKA-Schraubenset ist ein wichtiges Set f\u00fcr die Montage und Wartung Ihres S-FOIL Foils und Ihrer Boards. Das Set besteht aus Schrauben aus rostfreiem A4-Edelstahl in Marinequalit\u00e4t (korrosions- und salzwasserbest\u00e4ndig) und garantiert eine sichere und dauerhafte Befestigung von Deck, Mast, Rumpf und Fl\u00fcgeln. Stellen Sie sicher, dass Sie immer die richtigen Schrauben und Ersatzteile haben,&hellip;","jetpack_sharing_enabled":true,"_links":{"self":[{"href":"https:\/\/srokacompany.com\/de\/wp-json\/wp\/v2\/product\/342586","targetHints":{"allow":["GET"]}}],"collection":[{"href":"https:\/\/srokacompany.com\/de\/wp-json\/wp\/v2\/product"}],"about":[{"href":"https:\/\/srokacompany.com\/de\/wp-json\/wp\/v2\/types\/product"}],"wp:featuredmedia":[{"embeddable":true,"href":"https:\/\/srokacompany.com\/de\/wp-json\/wp\/v2\/media\/342265"}],"wp:attachment":[{"href":"https:\/\/srokacompany.com\/de\/wp-json\/wp\/v2\/media?parent=342586"}],"wp:term":[{"taxonomy":"product_brand","embeddable":true,"href":"https:\/\/srokacompany.com\/de\/wp-json\/wp\/v2\/product_brand?post=342586"},{"taxonomy":"product_cat","embeddable":true,"href":"https:\/\/srokacompany.com\/de\/wp-json\/wp\/v2\/product_cat?post=342586"},{"taxonomy":"product_tag","embeddable":true,"href":"https:\/\/srokacompany.com\/de\/wp-json\/wp\/v2\/product_tag?post=342586"}],"curies":[{"name":"wp","href":"https:\/\/api.w.org\/{rel}","templated":true}]}}