{"id":342785,"date":"2022-04-05T08:39:40","date_gmt":"2022-04-05T08:39:40","guid":{"rendered":"https:\/\/srokacompany.com\/produit\/sky-rider-board-48-und-52\/"},"modified":"2025-12-09T16:03:22","modified_gmt":"2025-12-09T14:03:22","slug":"sky-rider-board-48-und-52","status":"publish","type":"product","link":"https:\/\/srokacompany.com\/de\/produkt\/sky-rider-board-48-und-52\/","title":{"rendered":"Sky Rider Board 4&#8217;8 und 5&#8217;2"},"content":{"rendered":"<hr>\n<h2>Brett von Wing foil Sky Rider 4&#8217;8 und 5&#8217;2<\/h2>\n<p>Wir haben diese Reihe von kleinen Foiling-Boards entwickelt, um dich weiterzuentwickeln und zu verbessern. Bisher bieten wir <a href=\"https:\/\/srokacompany.com\/de\/eshop\/bretter-wing-foil-zum-besten-preis\/\">Wing Foil Boards<\/a> mit einem Volumen von mehr als 90 L an. Aber mit dem allgemeinen Niveau der Fahrer, die Fortschritte machen, erf\u00fcllen wir Ihre Erwartungen mit k\u00fcrzeren Boards, perfekt zum Springen, zum schnelleren Fahren, f\u00fcr mehr Man\u00f6vrierf\u00e4higkeit in den Wellen oder im Freestyle.  Die Sky Rider 4&#8217;8 und 5&#8217;2 wurden in diesem Sinne entwickelt.<\/p>\n<p>Unser Produkt ist auf Langlebigkeit ausgelegt. Wir haben festgestellt, dass allzu oft Boards Probleme mit Br\u00fcchigkeit, Br\u00fcchen, Delaminationen und Deckeinbr\u00fcchen haben, wenn die Fahrer ein Mindestma\u00df an Leistung von ihrem Board von foil verlangen. Deshalb sind wir unserer Philosophie treu geblieben: langlebige, leistungsf\u00e4hige Produkte herzustellen und gleichzeitig 99,9 % des Kundendienstes zu eliminieren. Nicht, dass Ihr Board nach 15 Sessions oder ein paar Spr\u00fcngen kaputt geht.   <\/p>\n<p>Das Sky Rider 4&#8217;8 oder 5&#8217;2 Wingfoil ist perfekt, um Spa\u00df beim Freestyle, Race oder in der Welle zu haben. Mit einer guten Breite ist die Stabilit\u00e4t vor allem am Start gegeben. Diese super vielseitigen Boards sind f\u00fcr Intermediates und erfahrene Rider gedacht, um das n\u00e4chste Level zu erreichen.  <\/p>\n<p>&nbsp;<\/p>\n","protected":false},"excerpt":{"rendered":"<p>Brett von Wing foil Sky Rider 4&#8217;8 und 5&#8217;2 Wir haben diese Reihe von kleinen Foiling-Boards entwickelt, um dich weiterzuentwickeln und zu verbessern. Bisher bieten wir Wing Foil Boards mit einem Volumen von mehr als 90 L an. Aber mit dem allgemeinen Niveau der Fahrer, die Fortschritte machen, erf\u00fcllen wir Ihre Erwartungen mit k\u00fcrzeren Boards, [&hellip;]<\/p>\n","protected":false},"featured_media":342787,"template":"","meta":{"_acf_changed":false,"_uag_custom_page_level_css":""},"product_brand":[],"product_cat":[3531,3453],"product_tag":[3442],"class_list":{"0":"post-342785","1":"product","2":"type-product","3":"status-publish","4":"has-post-thumbnail","6":"product_cat-bretter-wing-foil-zum-besten-preis","7":"product_cat-wing-foil-de","8":"product_tag-schlau","9":"product_shipping_class-hartes-brett-einheit","11":"first","12":"outofstock","13":"sale","14":"taxable","15":"shipping-taxable","16":"purchasable","17":"product-type-variable","18":"has-default-attributes"},"acf":[],"yoast_head":"<!-- This site is optimized with the Yoast SEO plugin v27.4 - https:\/\/yoast.com\/product\/yoast-seo-wordpress\/ -->\n<title>Sky Rider Board 4&#039;8 und 5&#039;2 - SROKA Company<\/title>\n<meta name=\"description\" content=\"Die Performance Wingboards foil aus Full Sandwich PVC, f\u00fcr unglaubliche Performance bei Race und Freestyle, zum besten Preis.\" \/>\n<meta name=\"robots\" content=\"index, follow, max-snippet:-1, max-image-preview:large, max-video-preview:-1\" \/>\n<link rel=\"canonical\" href=\"https:\/\/srokacompany.com\/de\/produkt\/sky-rider-board-48-und-52\/\" \/>\n<meta property=\"og:locale\" content=\"de_DE\" \/>\n<meta property=\"og:type\" content=\"article\" \/>\n<meta property=\"og:title\" content=\"Sky Rider Board 4&#039;8 und 5&#039;2 - SROKA Company\" \/>\n<meta property=\"og:description\" content=\"Die Performance Wingboards foil aus Full Sandwich PVC, f\u00fcr unglaubliche Performance bei Race und Freestyle, zum besten Preis.\" \/>\n<meta property=\"og:url\" content=\"https:\/\/srokacompany.com\/de\/produkt\/sky-rider-board-48-und-52\/\" \/>\n<meta property=\"og:site_name\" content=\"SROKA Company\" \/>\n<meta property=\"article:publisher\" content=\"https:\/\/www.facebook.com\/srokawatersports\/\" \/>\n<meta property=\"article:modified_time\" content=\"2025-12-09T14:03:22+00:00\" \/>\n<meta property=\"og:image\" content=\"https:\/\/srokacompany.com\/wp-content\/uploads\/2022\/04\/Photo-produit-48-et-52.png\" \/>\n\t<meta property=\"og:image:width\" content=\"740\" \/>\n\t<meta property=\"og:image:height\" content=\"1080\" \/>\n\t<meta property=\"og:image:type\" content=\"image\/png\" \/>\n<meta name=\"twitter:label1\" content=\"Gesch\u00e4tzte Lesezeit\" \/>\n\t<meta name=\"twitter:data1\" content=\"1\u00a0Minute\" \/>\n<script type=\"application\/ld+json\" class=\"yoast-schema-graph\">{\"@context\":\"https:\\\/\\\/schema.org\",\"@graph\":[{\"@type\":\"WebPage\",\"@id\":\"https:\\\/\\\/srokacompany.com\\\/de\\\/produkt\\\/sky-rider-board-48-und-52\\\/\",\"url\":\"https:\\\/\\\/srokacompany.com\\\/de\\\/produkt\\\/sky-rider-board-48-und-52\\\/\",\"name\":\"Sky Rider Board 4'8 und 5'2 - SROKA Company\",\"isPartOf\":{\"@id\":\"https:\\\/\\\/srokacompany.com\\\/de\\\/#website\"},\"primaryImageOfPage\":{\"@id\":\"https:\\\/\\\/srokacompany.com\\\/de\\\/produkt\\\/sky-rider-board-48-und-52\\\/#primaryimage\"},\"image\":{\"@id\":\"https:\\\/\\\/srokacompany.com\\\/de\\\/produkt\\\/sky-rider-board-48-und-52\\\/#primaryimage\"},\"thumbnailUrl\":\"https:\\\/\\\/srokacompany.com\\\/wp-content\\\/uploads\\\/2022\\\/04\\\/Photo-produit-48-et-52.png\",\"datePublished\":\"2022-04-05T08:39:40+00:00\",\"dateModified\":\"2025-12-09T14:03:22+00:00\",\"description\":\"Die Performance Wingboards foil aus Full Sandwich PVC, f\u00fcr unglaubliche Performance bei Race und Freestyle, zum besten Preis.\",\"breadcrumb\":{\"@id\":\"https:\\\/\\\/srokacompany.com\\\/de\\\/produkt\\\/sky-rider-board-48-und-52\\\/#breadcrumb\"},\"inLanguage\":\"de\",\"potentialAction\":[{\"@type\":\"ReadAction\",\"target\":[\"https:\\\/\\\/srokacompany.com\\\/de\\\/produkt\\\/sky-rider-board-48-und-52\\\/\"]}]},{\"@type\":\"ImageObject\",\"inLanguage\":\"de\",\"@id\":\"https:\\\/\\\/srokacompany.com\\\/de\\\/produkt\\\/sky-rider-board-48-und-52\\\/#primaryimage\",\"url\":\"https:\\\/\\\/srokacompany.com\\\/wp-content\\\/uploads\\\/2022\\\/04\\\/Photo-produit-48-et-52.png\",\"contentUrl\":\"https:\\\/\\\/srokacompany.com\\\/wp-content\\\/uploads\\\/2022\\\/04\\\/Photo-produit-48-et-52.png\",\"width\":740,\"height\":1080,\"caption\":\"Brett sroka sky rider 4'8 und 5'2\"},{\"@type\":\"BreadcrumbList\",\"@id\":\"https:\\\/\\\/srokacompany.com\\\/de\\\/produkt\\\/sky-rider-board-48-und-52\\\/#breadcrumb\",\"itemListElement\":[{\"@type\":\"ListItem\",\"position\":1,\"name\":\"Accueil\",\"item\":\"https:\\\/\\\/srokacompany.com\\\/de\\\/\"},{\"@type\":\"ListItem\",\"position\":2,\"name\":\"Laden\",\"item\":\"https:\\\/\\\/srokacompany.com\\\/laden\\\/\"},{\"@type\":\"ListItem\",\"position\":3,\"name\":\"Sky Rider Board 4&rsquo;8 und 5&rsquo;2\"}]},{\"@type\":\"WebSite\",\"@id\":\"https:\\\/\\\/srokacompany.com\\\/de\\\/#website\",\"url\":\"https:\\\/\\\/srokacompany.com\\\/de\\\/\",\"name\":\"SROKA Company\",\"description\":\"SUP, Kite, Foil, Wing\",\"publisher\":{\"@id\":\"https:\\\/\\\/srokacompany.com\\\/de\\\/#organization\"},\"potentialAction\":[{\"@type\":\"SearchAction\",\"target\":{\"@type\":\"EntryPoint\",\"urlTemplate\":\"https:\\\/\\\/srokacompany.com\\\/de\\\/?s={search_term_string}\"},\"query-input\":{\"@type\":\"PropertyValueSpecification\",\"valueRequired\":true,\"valueName\":\"search_term_string\"}}],\"inLanguage\":\"de\"},{\"@type\":\"Organization\",\"@id\":\"https:\\\/\\\/srokacompany.com\\\/de\\\/#organization\",\"name\":\"SROKACOMPANY\",\"alternateName\":\"SROKA\",\"url\":\"https:\\\/\\\/srokacompany.com\\\/de\\\/\",\"logo\":{\"@type\":\"ImageObject\",\"inLanguage\":\"de\",\"@id\":\"https:\\\/\\\/srokacompany.com\\\/de\\\/#\\\/schema\\\/logo\\\/image\\\/\",\"url\":\"https:\\\/\\\/srokacompany.com\\\/wp-content\\\/uploads\\\/2021\\\/01\\\/logo-sroka-black-transpa.png\",\"contentUrl\":\"https:\\\/\\\/srokacompany.com\\\/wp-content\\\/uploads\\\/2021\\\/01\\\/logo-sroka-black-transpa.png\",\"width\":1201,\"height\":342,\"caption\":\"SROKACOMPANY\"},\"image\":{\"@id\":\"https:\\\/\\\/srokacompany.com\\\/de\\\/#\\\/schema\\\/logo\\\/image\\\/\"},\"sameAs\":[\"https:\\\/\\\/www.facebook.com\\\/srokawatersports\\\/\",\"https:\\\/\\\/www.instagram.com\\\/srokawatersports\\\/\",\"https:\\\/\\\/www.youtube.com\\\/channel\\\/UCVLHHeaPIm-J5bdEUgxqtZA\"]}]}<\/script>\n<!-- \/ Yoast SEO plugin. -->","yoast_head_json":{"title":"Sky Rider Board 4'8 und 5'2 - SROKA Company","description":"Die Performance Wingboards foil aus Full Sandwich PVC, f\u00fcr unglaubliche Performance bei Race und Freestyle, zum besten Preis.","robots":{"index":"index","follow":"follow","max-snippet":"max-snippet:-1","max-image-preview":"max-image-preview:large","max-video-preview":"max-video-preview:-1"},"canonical":"https:\/\/srokacompany.com\/de\/produkt\/sky-rider-board-48-und-52\/","og_locale":"de_DE","og_type":"article","og_title":"Sky Rider Board 4'8 und 5'2 - SROKA Company","og_description":"Die Performance Wingboards foil aus Full Sandwich PVC, f\u00fcr unglaubliche Performance bei Race und Freestyle, zum besten Preis.","og_url":"https:\/\/srokacompany.com\/de\/produkt\/sky-rider-board-48-und-52\/","og_site_name":"SROKA Company","article_publisher":"https:\/\/www.facebook.com\/srokawatersports\/","article_modified_time":"2025-12-09T14:03:22+00:00","og_image":[{"width":740,"height":1080,"url":"https:\/\/srokacompany.com\/wp-content\/uploads\/2022\/04\/Photo-produit-48-et-52.png","type":"image\/png"}],"twitter_misc":{"Gesch\u00e4tzte Lesezeit":"1\u00a0Minute"},"schema":{"@context":"https:\/\/schema.org","@graph":[{"@type":"WebPage","@id":"https:\/\/srokacompany.com\/de\/produkt\/sky-rider-board-48-und-52\/","url":"https:\/\/srokacompany.com\/de\/produkt\/sky-rider-board-48-und-52\/","name":"Sky Rider Board 4'8 und 5'2 - SROKA Company","isPartOf":{"@id":"https:\/\/srokacompany.com\/de\/#website"},"primaryImageOfPage":{"@id":"https:\/\/srokacompany.com\/de\/produkt\/sky-rider-board-48-und-52\/#primaryimage"},"image":{"@id":"https:\/\/srokacompany.com\/de\/produkt\/sky-rider-board-48-und-52\/#primaryimage"},"thumbnailUrl":"https:\/\/srokacompany.com\/wp-content\/uploads\/2022\/04\/Photo-produit-48-et-52.png","datePublished":"2022-04-05T08:39:40+00:00","dateModified":"2025-12-09T14:03:22+00:00","description":"Die Performance Wingboards foil aus Full Sandwich PVC, f\u00fcr unglaubliche Performance bei Race und Freestyle, zum besten Preis.","breadcrumb":{"@id":"https:\/\/srokacompany.com\/de\/produkt\/sky-rider-board-48-und-52\/#breadcrumb"},"inLanguage":"de","potentialAction":[{"@type":"ReadAction","target":["https:\/\/srokacompany.com\/de\/produkt\/sky-rider-board-48-und-52\/"]}]},{"@type":"ImageObject","inLanguage":"de","@id":"https:\/\/srokacompany.com\/de\/produkt\/sky-rider-board-48-und-52\/#primaryimage","url":"https:\/\/srokacompany.com\/wp-content\/uploads\/2022\/04\/Photo-produit-48-et-52.png","contentUrl":"https:\/\/srokacompany.com\/wp-content\/uploads\/2022\/04\/Photo-produit-48-et-52.png","width":740,"height":1080,"caption":"Brett sroka sky rider 4'8 und 5'2"},{"@type":"BreadcrumbList","@id":"https:\/\/srokacompany.com\/de\/produkt\/sky-rider-board-48-und-52\/#breadcrumb","itemListElement":[{"@type":"ListItem","position":1,"name":"Accueil","item":"https:\/\/srokacompany.com\/de\/"},{"@type":"ListItem","position":2,"name":"Laden","item":"https:\/\/srokacompany.com\/laden\/"},{"@type":"ListItem","position":3,"name":"Sky Rider Board 4&rsquo;8 und 5&rsquo;2"}]},{"@type":"WebSite","@id":"https:\/\/srokacompany.com\/de\/#website","url":"https:\/\/srokacompany.com\/de\/","name":"SROKA Company","description":"SUP, Kite, Foil, Wing","publisher":{"@id":"https:\/\/srokacompany.com\/de\/#organization"},"potentialAction":[{"@type":"SearchAction","target":{"@type":"EntryPoint","urlTemplate":"https:\/\/srokacompany.com\/de\/?s={search_term_string}"},"query-input":{"@type":"PropertyValueSpecification","valueRequired":true,"valueName":"search_term_string"}}],"inLanguage":"de"},{"@type":"Organization","@id":"https:\/\/srokacompany.com\/de\/#organization","name":"SROKACOMPANY","alternateName":"SROKA","url":"https:\/\/srokacompany.com\/de\/","logo":{"@type":"ImageObject","inLanguage":"de","@id":"https:\/\/srokacompany.com\/de\/#\/schema\/logo\/image\/","url":"https:\/\/srokacompany.com\/wp-content\/uploads\/2021\/01\/logo-sroka-black-transpa.png","contentUrl":"https:\/\/srokacompany.com\/wp-content\/uploads\/2021\/01\/logo-sroka-black-transpa.png","width":1201,"height":342,"caption":"SROKACOMPANY"},"image":{"@id":"https:\/\/srokacompany.com\/de\/#\/schema\/logo\/image\/"},"sameAs":["https:\/\/www.facebook.com\/srokawatersports\/","https:\/\/www.instagram.com\/srokawatersports\/","https:\/\/www.youtube.com\/channel\/UCVLHHeaPIm-J5bdEUgxqtZA"]}]}},"uagb_featured_image_src":{"full":["https:\/\/srokacompany.com\/wp-content\/uploads\/2022\/04\/Photo-produit-48-et-52.png",740,1080,false],"thumbnail":["https:\/\/srokacompany.com\/wp-content\/uploads\/2022\/04\/Photo-produit-48-et-52-150x150.png",150,150,true],"medium":["https:\/\/srokacompany.com\/wp-content\/uploads\/2022\/04\/Photo-produit-48-et-52-206x300.png",206,300,true],"medium_large":["https:\/\/srokacompany.com\/wp-content\/uploads\/2022\/04\/Photo-produit-48-et-52.png",740,1080,false],"large":["https:\/\/srokacompany.com\/wp-content\/uploads\/2022\/04\/Photo-produit-48-et-52-702x1024.png",702,1024,true],"1536x1536":["https:\/\/srokacompany.com\/wp-content\/uploads\/2022\/04\/Photo-produit-48-et-52.png",740,1080,false],"2048x2048":["https:\/\/srokacompany.com\/wp-content\/uploads\/2022\/04\/Photo-produit-48-et-52.png",740,1080,false],"woocommerce_thumbnail":["https:\/\/srokacompany.com\/wp-content\/uploads\/2022\/04\/Photo-produit-48-et-52-600x876.png",600,876,true],"woocommerce_single":["https:\/\/srokacompany.com\/wp-content\/uploads\/2022\/04\/Photo-produit-48-et-52-600x876.png",600,876,true],"woocommerce_gallery_thumbnail":["https:\/\/srokacompany.com\/wp-content\/uploads\/2022\/04\/Photo-produit-48-et-52-100x100.png",100,100,true],"dgwt-wcas-product-suggestion":["https:\/\/srokacompany.com\/wp-content\/uploads\/2022\/04\/Photo-produit-48-et-52.png",64,93,false]},"uagb_author_info":{"display_name":"Emmanuel DIJOUX","author_link":"https:\/\/srokacompany.com\/de\/blog\/author\/"},"uagb_comment_info":0,"uagb_excerpt":"Brett von Wing foil Sky Rider 4&#8217;8 und 5&#8217;2 Wir haben diese Reihe von kleinen Foiling-Boards entwickelt, um dich weiterzuentwickeln und zu verbessern. Bisher bieten wir Wing Foil Boards mit einem Volumen von mehr als 90 L an. Aber mit dem allgemeinen Niveau der Fahrer, die Fortschritte machen, erf\u00fcllen wir Ihre Erwartungen mit k\u00fcrzeren Boards,&hellip;","jetpack_sharing_enabled":true,"_links":{"self":[{"href":"https:\/\/srokacompany.com\/de\/wp-json\/wp\/v2\/product\/342785","targetHints":{"allow":["GET"]}}],"collection":[{"href":"https:\/\/srokacompany.com\/de\/wp-json\/wp\/v2\/product"}],"about":[{"href":"https:\/\/srokacompany.com\/de\/wp-json\/wp\/v2\/types\/product"}],"wp:featuredmedia":[{"embeddable":true,"href":"https:\/\/srokacompany.com\/de\/wp-json\/wp\/v2\/media\/342787"}],"wp:attachment":[{"href":"https:\/\/srokacompany.com\/de\/wp-json\/wp\/v2\/media?parent=342785"}],"wp:term":[{"taxonomy":"product_brand","embeddable":true,"href":"https:\/\/srokacompany.com\/de\/wp-json\/wp\/v2\/product_brand?post=342785"},{"taxonomy":"product_cat","embeddable":true,"href":"https:\/\/srokacompany.com\/de\/wp-json\/wp\/v2\/product_cat?post=342785"},{"taxonomy":"product_tag","embeddable":true,"href":"https:\/\/srokacompany.com\/de\/wp-json\/wp\/v2\/product_tag?post=342785"}],"curies":[{"name":"wp","href":"https:\/\/api.w.org\/{rel}","templated":true}]}}