{"id":342951,"date":"2022-05-25T07:26:40","date_gmt":"2022-05-25T07:26:40","guid":{"rendered":"https:\/\/srokacompany.com\/produit\/s-foil-high-aspect-950-speed\/"},"modified":"2025-11-25T10:42:18","modified_gmt":"2025-11-25T08:42:18","slug":"s-foil-high-aspect-950-speed","status":"publish","type":"product","link":"https:\/\/srokacompany.com\/de\/produkt\/s-foil-high-aspect-950-speed\/","title":{"rendered":"S-Foil High Aspect 950 Speed"},"content":{"rendered":"<hr>\n<h2>Der S-Foil High Aspect 950<\/h2>\n<p class=\"p1\">Gehen Sie mit der Speed-Reihe an Ihre Grenzen! Dieses S-Foil Hight aspect 950 Speed mit seinem kleinen 240er Stabilisator wird dir ein unglaubliches Gef\u00fchl von Geschwindigkeit und Gleiten liefern, zus\u00e4tzlich zu einem ultraeffizienten Pump. Von der Mittelstufe bis zum Profi ist diese Kombination der beste Weg, um bei mittleren bis starken Wind- und Wellenbedingungen Spa\u00df zu haben.<\/p>\n<p class=\"p1\">Unsere High Aspect Frontfl\u00fcgel verf\u00fcgen \u00fcber Profile mit einem enormen Geschwindigkeitspotenzial, die dennoch zug\u00e4nglich sind. Sowohl beim Wing foil als auch beim Surfen foil, belohnen sie dich als Rider mit berauschenden Beschleunigungen und Spitzengeschwindigkeiten bei maximaler Pr\u00e4zision in den Kurven. <\/p>\n<p class=\"p1\">F\u00fcr diejenigen, die tolerantere und zug\u00e4nglichere High-Aspect-Vorderfl\u00fcgel wollen, die dennoch eine ansprechende Leistung bieten: <a href=\"https:\/\/srokacompany.com\/de\/produkt\/s-foil-high-aspect-1190\/\">Lift-Reihe<\/a>.<\/p>\n<p class=\"p1\">Alle <a href=\"https:\/\/srokacompany.com\/de\/produkt\/frontfluegel-s-foil-klassische\/\">vorderen Kotfl\u00fcgel<\/a> sind bei deinem S-Foil austauschbar.<\/p>\n<p class=\"p1\">Ideal f\u00fcr Wing foil, Kite foil, Wind foil und Surf foil.<\/p>\n<p><strong>Der S-Foil mit dem Fl\u00fcgel HA 950 cm\u00b2 Speed wird mit seinem neuen, passenden Stabilisator verkauft: 240 cm\u00b2<\/strong><br \/>\nVorderer Fl\u00fcgel HA950 Speed hier.<\/p>\n","protected":false},"excerpt":{"rendered":"<p>Entdecke das <b>New S-Foil HA 950 Speed SROKA<\/b>: Das Foil, das f\u00fcr <b>explosive Geschwindigkeit<\/b> und <b>maximalen Glide<\/b> beim <b>Wing Foil<\/b> und <b>Surf Fo<\/b>il entwickelt wurde. Sein High Aspect Profil bietet eine <g id=\"gid_5\">rasante Beschleunigung<\/g> und ein <g id=\"gid_6\">chirurgisches Handling<\/g> f\u00fcr erfahrene Rider. Erreiche mit SROKA pure Performance.  <\/p>\n","protected":false},"featured_media":342952,"template":"","meta":{"_acf_changed":false,"_uag_custom_page_level_css":""},"product_brand":[],"product_cat":[3498,3541,3493,3499,3453],"product_tag":[3459,3443,3442],"class_list":{"0":"post-342951","1":"product","2":"type-product","3":"status-publish","4":"has-post-thumbnail","6":"product_cat-alle-alu-foils","7":"product_cat-alle-unsere-high-aspect-foils","8":"product_cat-foil-de","9":"product_cat-foils-wing-foil-de","10":"product_cat-wing-foil-de","11":"product_tag-experte","12":"product_tag-fortgeschrittene","13":"product_tag-schlau","14":"product_shipping_class-foil-komplett-oder-ersatzteile-wing-einheit","16":"first","17":"instock","18":"taxable","19":"shipping-taxable","20":"purchasable","21":"product-type-variable","22":"has-default-attributes"},"acf":[],"yoast_head":"<!-- This site is optimized with the Yoast SEO plugin v27.4 - https:\/\/yoast.com\/product\/yoast-seo-wordpress\/ -->\n<title>S-Foil High Aspect 950 Speed - SROKA Company<\/title>\n<meta name=\"description\" content=\"Das S-Foil Hight Aspect 950 S gibt dir ein Maximum an Komfort und Leistung. Ideal f\u00fcr fortgeschrittene Rider, die nach Leistung suchen.\" \/>\n<meta name=\"robots\" content=\"index, follow, max-snippet:-1, max-image-preview:large, max-video-preview:-1\" \/>\n<link rel=\"canonical\" href=\"https:\/\/srokacompany.com\/de\/produkt\/s-foil-high-aspect-950-speed\/\" \/>\n<meta property=\"og:locale\" content=\"de_DE\" \/>\n<meta property=\"og:type\" content=\"article\" \/>\n<meta property=\"og:title\" content=\"S-Foil High Aspect 950 Speed - SROKA Company\" \/>\n<meta property=\"og:description\" content=\"Das S-Foil Hight Aspect 950 S gibt dir ein Maximum an Komfort und Leistung. Ideal f\u00fcr fortgeschrittene Rider, die nach Leistung suchen.\" \/>\n<meta property=\"og:url\" content=\"https:\/\/srokacompany.com\/de\/produkt\/s-foil-high-aspect-950-speed\/\" \/>\n<meta property=\"og:site_name\" content=\"SROKA Company\" \/>\n<meta property=\"article:publisher\" content=\"https:\/\/www.facebook.com\/srokawatersports\/\" \/>\n<meta property=\"article:modified_time\" content=\"2025-11-25T08:42:18+00:00\" \/>\n<meta property=\"og:image\" content=\"https:\/\/srokacompany.com\/wp-content\/uploads\/2022\/05\/Photo-produit-planche-foils-et-packs-8.png\" \/>\n\t<meta property=\"og:image:width\" content=\"740\" \/>\n\t<meta property=\"og:image:height\" content=\"1080\" \/>\n\t<meta property=\"og:image:type\" content=\"image\/png\" \/>\n<meta name=\"twitter:label1\" content=\"Gesch\u00e4tzte Lesezeit\" \/>\n\t<meta name=\"twitter:data1\" content=\"1\u00a0Minute\" \/>\n<script type=\"application\/ld+json\" class=\"yoast-schema-graph\">{\"@context\":\"https:\\\/\\\/schema.org\",\"@graph\":[{\"@type\":\"WebPage\",\"@id\":\"https:\\\/\\\/srokacompany.com\\\/de\\\/produkt\\\/s-foil-high-aspect-950-speed\\\/\",\"url\":\"https:\\\/\\\/srokacompany.com\\\/de\\\/produkt\\\/s-foil-high-aspect-950-speed\\\/\",\"name\":\"S-Foil High Aspect 950 Speed - SROKA Company\",\"isPartOf\":{\"@id\":\"https:\\\/\\\/srokacompany.com\\\/de\\\/#website\"},\"primaryImageOfPage\":{\"@id\":\"https:\\\/\\\/srokacompany.com\\\/de\\\/produkt\\\/s-foil-high-aspect-950-speed\\\/#primaryimage\"},\"image\":{\"@id\":\"https:\\\/\\\/srokacompany.com\\\/de\\\/produkt\\\/s-foil-high-aspect-950-speed\\\/#primaryimage\"},\"thumbnailUrl\":\"https:\\\/\\\/srokacompany.com\\\/wp-content\\\/uploads\\\/2022\\\/05\\\/Photo-produit-planche-foils-et-packs-8.png\",\"datePublished\":\"2022-05-25T07:26:40+00:00\",\"dateModified\":\"2025-11-25T08:42:18+00:00\",\"description\":\"Das S-Foil Hight Aspect 950 S gibt dir ein Maximum an Komfort und Leistung. Ideal f\u00fcr fortgeschrittene Rider, die nach Leistung suchen.\",\"breadcrumb\":{\"@id\":\"https:\\\/\\\/srokacompany.com\\\/de\\\/produkt\\\/s-foil-high-aspect-950-speed\\\/#breadcrumb\"},\"inLanguage\":\"de\",\"potentialAction\":[{\"@type\":\"ReadAction\",\"target\":[\"https:\\\/\\\/srokacompany.com\\\/de\\\/produkt\\\/s-foil-high-aspect-950-speed\\\/\"]}]},{\"@type\":\"ImageObject\",\"inLanguage\":\"de\",\"@id\":\"https:\\\/\\\/srokacompany.com\\\/de\\\/produkt\\\/s-foil-high-aspect-950-speed\\\/#primaryimage\",\"url\":\"https:\\\/\\\/srokacompany.com\\\/wp-content\\\/uploads\\\/2022\\\/05\\\/Photo-produit-planche-foils-et-packs-8.png\",\"contentUrl\":\"https:\\\/\\\/srokacompany.com\\\/wp-content\\\/uploads\\\/2022\\\/05\\\/Photo-produit-planche-foils-et-packs-8.png\",\"width\":740,\"height\":1080,\"caption\":\"950 speed s foil\"},{\"@type\":\"BreadcrumbList\",\"@id\":\"https:\\\/\\\/srokacompany.com\\\/de\\\/produkt\\\/s-foil-high-aspect-950-speed\\\/#breadcrumb\",\"itemListElement\":[{\"@type\":\"ListItem\",\"position\":1,\"name\":\"Accueil\",\"item\":\"https:\\\/\\\/srokacompany.com\\\/de\\\/\"},{\"@type\":\"ListItem\",\"position\":2,\"name\":\"Laden\",\"item\":\"https:\\\/\\\/srokacompany.com\\\/laden\\\/\"},{\"@type\":\"ListItem\",\"position\":3,\"name\":\"S-Foil High Aspect 950 Speed\"}]},{\"@type\":\"WebSite\",\"@id\":\"https:\\\/\\\/srokacompany.com\\\/de\\\/#website\",\"url\":\"https:\\\/\\\/srokacompany.com\\\/de\\\/\",\"name\":\"SROKA Company\",\"description\":\"SUP, Kite, Foil, Wing\",\"publisher\":{\"@id\":\"https:\\\/\\\/srokacompany.com\\\/de\\\/#organization\"},\"potentialAction\":[{\"@type\":\"SearchAction\",\"target\":{\"@type\":\"EntryPoint\",\"urlTemplate\":\"https:\\\/\\\/srokacompany.com\\\/de\\\/?s={search_term_string}\"},\"query-input\":{\"@type\":\"PropertyValueSpecification\",\"valueRequired\":true,\"valueName\":\"search_term_string\"}}],\"inLanguage\":\"de\"},{\"@type\":\"Organization\",\"@id\":\"https:\\\/\\\/srokacompany.com\\\/de\\\/#organization\",\"name\":\"SROKACOMPANY\",\"alternateName\":\"SROKA\",\"url\":\"https:\\\/\\\/srokacompany.com\\\/de\\\/\",\"logo\":{\"@type\":\"ImageObject\",\"inLanguage\":\"de\",\"@id\":\"https:\\\/\\\/srokacompany.com\\\/de\\\/#\\\/schema\\\/logo\\\/image\\\/\",\"url\":\"https:\\\/\\\/srokacompany.com\\\/wp-content\\\/uploads\\\/2021\\\/01\\\/logo-sroka-black-transpa.png\",\"contentUrl\":\"https:\\\/\\\/srokacompany.com\\\/wp-content\\\/uploads\\\/2021\\\/01\\\/logo-sroka-black-transpa.png\",\"width\":1201,\"height\":342,\"caption\":\"SROKACOMPANY\"},\"image\":{\"@id\":\"https:\\\/\\\/srokacompany.com\\\/de\\\/#\\\/schema\\\/logo\\\/image\\\/\"},\"sameAs\":[\"https:\\\/\\\/www.facebook.com\\\/srokawatersports\\\/\",\"https:\\\/\\\/www.instagram.com\\\/srokawatersports\\\/\",\"https:\\\/\\\/www.youtube.com\\\/channel\\\/UCVLHHeaPIm-J5bdEUgxqtZA\"]}]}<\/script>\n<!-- \/ Yoast SEO plugin. -->","yoast_head_json":{"title":"S-Foil High Aspect 950 Speed - SROKA Company","description":"Das S-Foil Hight Aspect 950 S gibt dir ein Maximum an Komfort und Leistung. Ideal f\u00fcr fortgeschrittene Rider, die nach Leistung suchen.","robots":{"index":"index","follow":"follow","max-snippet":"max-snippet:-1","max-image-preview":"max-image-preview:large","max-video-preview":"max-video-preview:-1"},"canonical":"https:\/\/srokacompany.com\/de\/produkt\/s-foil-high-aspect-950-speed\/","og_locale":"de_DE","og_type":"article","og_title":"S-Foil High Aspect 950 Speed - SROKA Company","og_description":"Das S-Foil Hight Aspect 950 S gibt dir ein Maximum an Komfort und Leistung. Ideal f\u00fcr fortgeschrittene Rider, die nach Leistung suchen.","og_url":"https:\/\/srokacompany.com\/de\/produkt\/s-foil-high-aspect-950-speed\/","og_site_name":"SROKA Company","article_publisher":"https:\/\/www.facebook.com\/srokawatersports\/","article_modified_time":"2025-11-25T08:42:18+00:00","og_image":[{"width":740,"height":1080,"url":"https:\/\/srokacompany.com\/wp-content\/uploads\/2022\/05\/Photo-produit-planche-foils-et-packs-8.png","type":"image\/png"}],"twitter_misc":{"Gesch\u00e4tzte Lesezeit":"1\u00a0Minute"},"schema":{"@context":"https:\/\/schema.org","@graph":[{"@type":"WebPage","@id":"https:\/\/srokacompany.com\/de\/produkt\/s-foil-high-aspect-950-speed\/","url":"https:\/\/srokacompany.com\/de\/produkt\/s-foil-high-aspect-950-speed\/","name":"S-Foil High Aspect 950 Speed - SROKA Company","isPartOf":{"@id":"https:\/\/srokacompany.com\/de\/#website"},"primaryImageOfPage":{"@id":"https:\/\/srokacompany.com\/de\/produkt\/s-foil-high-aspect-950-speed\/#primaryimage"},"image":{"@id":"https:\/\/srokacompany.com\/de\/produkt\/s-foil-high-aspect-950-speed\/#primaryimage"},"thumbnailUrl":"https:\/\/srokacompany.com\/wp-content\/uploads\/2022\/05\/Photo-produit-planche-foils-et-packs-8.png","datePublished":"2022-05-25T07:26:40+00:00","dateModified":"2025-11-25T08:42:18+00:00","description":"Das S-Foil Hight Aspect 950 S gibt dir ein Maximum an Komfort und Leistung. Ideal f\u00fcr fortgeschrittene Rider, die nach Leistung suchen.","breadcrumb":{"@id":"https:\/\/srokacompany.com\/de\/produkt\/s-foil-high-aspect-950-speed\/#breadcrumb"},"inLanguage":"de","potentialAction":[{"@type":"ReadAction","target":["https:\/\/srokacompany.com\/de\/produkt\/s-foil-high-aspect-950-speed\/"]}]},{"@type":"ImageObject","inLanguage":"de","@id":"https:\/\/srokacompany.com\/de\/produkt\/s-foil-high-aspect-950-speed\/#primaryimage","url":"https:\/\/srokacompany.com\/wp-content\/uploads\/2022\/05\/Photo-produit-planche-foils-et-packs-8.png","contentUrl":"https:\/\/srokacompany.com\/wp-content\/uploads\/2022\/05\/Photo-produit-planche-foils-et-packs-8.png","width":740,"height":1080,"caption":"950 speed s foil"},{"@type":"BreadcrumbList","@id":"https:\/\/srokacompany.com\/de\/produkt\/s-foil-high-aspect-950-speed\/#breadcrumb","itemListElement":[{"@type":"ListItem","position":1,"name":"Accueil","item":"https:\/\/srokacompany.com\/de\/"},{"@type":"ListItem","position":2,"name":"Laden","item":"https:\/\/srokacompany.com\/laden\/"},{"@type":"ListItem","position":3,"name":"S-Foil High Aspect 950 Speed"}]},{"@type":"WebSite","@id":"https:\/\/srokacompany.com\/de\/#website","url":"https:\/\/srokacompany.com\/de\/","name":"SROKA Company","description":"SUP, Kite, Foil, Wing","publisher":{"@id":"https:\/\/srokacompany.com\/de\/#organization"},"potentialAction":[{"@type":"SearchAction","target":{"@type":"EntryPoint","urlTemplate":"https:\/\/srokacompany.com\/de\/?s={search_term_string}"},"query-input":{"@type":"PropertyValueSpecification","valueRequired":true,"valueName":"search_term_string"}}],"inLanguage":"de"},{"@type":"Organization","@id":"https:\/\/srokacompany.com\/de\/#organization","name":"SROKACOMPANY","alternateName":"SROKA","url":"https:\/\/srokacompany.com\/de\/","logo":{"@type":"ImageObject","inLanguage":"de","@id":"https:\/\/srokacompany.com\/de\/#\/schema\/logo\/image\/","url":"https:\/\/srokacompany.com\/wp-content\/uploads\/2021\/01\/logo-sroka-black-transpa.png","contentUrl":"https:\/\/srokacompany.com\/wp-content\/uploads\/2021\/01\/logo-sroka-black-transpa.png","width":1201,"height":342,"caption":"SROKACOMPANY"},"image":{"@id":"https:\/\/srokacompany.com\/de\/#\/schema\/logo\/image\/"},"sameAs":["https:\/\/www.facebook.com\/srokawatersports\/","https:\/\/www.instagram.com\/srokawatersports\/","https:\/\/www.youtube.com\/channel\/UCVLHHeaPIm-J5bdEUgxqtZA"]}]}},"uagb_featured_image_src":{"full":["https:\/\/srokacompany.com\/wp-content\/uploads\/2022\/05\/Photo-produit-planche-foils-et-packs-8.png",740,1080,false],"thumbnail":["https:\/\/srokacompany.com\/wp-content\/uploads\/2022\/05\/Photo-produit-planche-foils-et-packs-8-150x150.png",150,150,true],"medium":["https:\/\/srokacompany.com\/wp-content\/uploads\/2022\/05\/Photo-produit-planche-foils-et-packs-8-206x300.png",206,300,true],"medium_large":["https:\/\/srokacompany.com\/wp-content\/uploads\/2022\/05\/Photo-produit-planche-foils-et-packs-8.png",740,1080,false],"large":["https:\/\/srokacompany.com\/wp-content\/uploads\/2022\/05\/Photo-produit-planche-foils-et-packs-8-702x1024.png",702,1024,true],"1536x1536":["https:\/\/srokacompany.com\/wp-content\/uploads\/2022\/05\/Photo-produit-planche-foils-et-packs-8.png",740,1080,false],"2048x2048":["https:\/\/srokacompany.com\/wp-content\/uploads\/2022\/05\/Photo-produit-planche-foils-et-packs-8.png",740,1080,false],"woocommerce_thumbnail":["https:\/\/srokacompany.com\/wp-content\/uploads\/2022\/05\/Photo-produit-planche-foils-et-packs-8-600x876.png",600,876,true],"woocommerce_single":["https:\/\/srokacompany.com\/wp-content\/uploads\/2022\/05\/Photo-produit-planche-foils-et-packs-8-600x876.png",600,876,true],"woocommerce_gallery_thumbnail":["https:\/\/srokacompany.com\/wp-content\/uploads\/2022\/05\/Photo-produit-planche-foils-et-packs-8-100x100.png",100,100,true],"dgwt-wcas-product-suggestion":["https:\/\/srokacompany.com\/wp-content\/uploads\/2022\/05\/Photo-produit-planche-foils-et-packs-8.png",64,93,false]},"uagb_author_info":{"display_name":"Emmanuel DIJOUX","author_link":"https:\/\/srokacompany.com\/de\/blog\/author\/"},"uagb_comment_info":0,"uagb_excerpt":"Entdecke das New S-Foil HA 950 Speed SROKA: Das Foil, das f\u00fcr explosive Geschwindigkeit und maximalen Glide beim Wing Foil und Surf Foil entwickelt wurde. Sein High Aspect Profil bietet eine rasante Beschleunigung und ein chirurgisches Handling f\u00fcr erfahrene Rider. Erreiche mit SROKA pure Performance.","jetpack_sharing_enabled":true,"_links":{"self":[{"href":"https:\/\/srokacompany.com\/de\/wp-json\/wp\/v2\/product\/342951","targetHints":{"allow":["GET"]}}],"collection":[{"href":"https:\/\/srokacompany.com\/de\/wp-json\/wp\/v2\/product"}],"about":[{"href":"https:\/\/srokacompany.com\/de\/wp-json\/wp\/v2\/types\/product"}],"wp:featuredmedia":[{"embeddable":true,"href":"https:\/\/srokacompany.com\/de\/wp-json\/wp\/v2\/media\/342952"}],"wp:attachment":[{"href":"https:\/\/srokacompany.com\/de\/wp-json\/wp\/v2\/media?parent=342951"}],"wp:term":[{"taxonomy":"product_brand","embeddable":true,"href":"https:\/\/srokacompany.com\/de\/wp-json\/wp\/v2\/product_brand?post=342951"},{"taxonomy":"product_cat","embeddable":true,"href":"https:\/\/srokacompany.com\/de\/wp-json\/wp\/v2\/product_cat?post=342951"},{"taxonomy":"product_tag","embeddable":true,"href":"https:\/\/srokacompany.com\/de\/wp-json\/wp\/v2\/product_tag?post=342951"}],"curies":[{"name":"wp","href":"https:\/\/api.w.org\/{rel}","templated":true}]}}