{"id":343064,"date":"2022-07-02T18:07:24","date_gmt":"2022-07-02T16:07:24","guid":{"rendered":"https:\/\/srokacompany.com\/produit\/wingboard-foil-aufblasbares-wingboard-sroka-v2\/"},"modified":"2025-11-21T18:08:39","modified_gmt":"2025-11-21T16:08:39","slug":"wingboard-foil-aufblasbares-wingboard-sroka-v2","status":"publish","type":"product","link":"https:\/\/srokacompany.com\/de\/produkt\/wingboard-foil-aufblasbares-wingboard-sroka-v2\/","title":{"rendered":"Wingboard foil Aufblasbares Wingboard Sroka V2"},"content":{"rendered":"<hr>\n<h2>Aufblasbares Brett von foil Sroka V2<\/h2>\n<p class=\"p1\">Das aufblasbare foil Sroka V2 Board ist da und bringt viele neue Entwicklungen mit sich. Was die Leistung angeht, bietet das aufblasbare Sroka V2 eine unglaublich pr\u00e4zise Steuerung dank der Foot Straps vorne und hinten und der Steifigkeit des gesamten Boards, die durch die Karbonplatte des Unterwasserschiffs perfektioniert wird. Strapless-Anh\u00e4nger profitieren von den geriffelten Pads und dem Kick-Pad, um sich beim Surfen voll auszudr\u00fccken.  <span class=\"Apple-converted-space\"> <\/span><\/p>\n<p class=\"p1\">Die gesamte Produktpalette ist jetzt auch in 5&#8243; Dicke erh\u00e4ltlich. Das Gef\u00fchl auf dem Wasser ist n\u00e4her als je zuvor an ein Hardboard heranger\u00fcckt, mit einer super angenehmen Erholung bei Aufsetzern und einem sofortigen Absprung. <span class=\"Apple-converted-space\"> <\/span><\/p>\n<p class=\"p1\">Sie ist aus einem auf dem Markt einzigartigen PVC gefertigt und bietet eine unvergleichliche mechanische Festigkeit und Steifigkeit.<span class=\"Apple-converted-space\"> <\/span><\/p>\n<p class=\"p4\">Es ist das ultimative Reiseboard mit allem Zubeh\u00f6r, einschlie\u00dflich der Transporttasche mit Rollen, die es erm\u00f6glicht, ein komplettes Wing-Pack auf Reisen mitzunehmen.<span class=\"Apple-converted-space\"> <\/span><\/p>\n<p class=\"p5\">Das Brett wird geliefert mit :<\/p>\n<ul class=\"ul1\">\n<li class=\"li6\">Eine gro\u00dfe Aufbewahrungstasche, in der dein foil, ein Board, ein Wing und dein Zubeh\u00f6r Platz finden. Perfekt f\u00fcr Reisen mit Rollen und viel Stauraum. <\/li>\n<li class=\"li6\">Eine doppelt wirkende Pumpe<\/li>\n<li class=\"li6\">Das Reparaturset<\/li>\n<li class=\"li6\">Ein Neopren-Griff<\/li>\n<\/ul>\n","protected":false},"excerpt":{"rendered":"<p>Aufblasbares Brett von foil Sroka V2 Das aufblasbare foil Sroka V2 Board ist da und bringt viele neue Entwicklungen mit sich. Was die Leistung angeht, bietet das aufblasbare Sroka V2 eine unglaublich pr\u00e4zise Steuerung dank der Foot Straps vorne und hinten und der Steifigkeit des gesamten Boards, die durch die Karbonplatte des Unterwasserschiffs perfektioniert wird. [&hellip;]<\/p>\n","protected":false},"featured_media":343066,"template":"","meta":{"_acf_changed":false,"_uag_custom_page_level_css":""},"product_brand":[],"product_cat":[3531,3582,4194,4258,3453],"product_tag":[3441,3442],"class_list":{"0":"post-343064","1":"product","2":"type-product","3":"status-publish","4":"has-post-thumbnail","6":"product_cat-bretter-wing-foil-zum-besten-preis","7":"product_cat-promos-de","8":"product_cat-saldo-wing-foil-de","9":"product_cat-schwarzer-freitag","10":"product_cat-wing-foil-de","11":"product_tag-anfanger","12":"product_tag-schlau","13":"product_shipping_class-sup-einheit","15":"first","16":"instock","17":"sale","18":"taxable","19":"shipping-taxable","20":"purchasable","21":"product-type-variable","22":"has-default-attributes"},"acf":[],"yoast_head":"<!-- This site is optimized with the Yoast SEO plugin v27.4 - https:\/\/yoast.com\/product\/yoast-seo-wordpress\/ -->\n<title>Wingboard foil Aufblasbares Wingboard Sroka V2 - SROKA Company<\/title>\n<meta name=\"description\" content=\"Die aufblasbaren Sroka V2 Boards, leistungsstarke Boards mit Footstrap-Eins\u00e4tzen und perfekt f\u00fcr die Reise.\" \/>\n<meta name=\"robots\" content=\"index, follow, max-snippet:-1, max-image-preview:large, max-video-preview:-1\" \/>\n<link rel=\"canonical\" href=\"https:\/\/srokacompany.com\/de\/produkt\/wingboard-foil-aufblasbares-wingboard-sroka-v2\/\" \/>\n<meta property=\"og:locale\" content=\"de_DE\" \/>\n<meta property=\"og:type\" content=\"article\" \/>\n<meta property=\"og:title\" content=\"Wingboard foil Aufblasbares Wingboard Sroka V2 - SROKA Company\" \/>\n<meta property=\"og:description\" content=\"Die aufblasbaren Sroka V2 Boards, leistungsstarke Boards mit Footstrap-Eins\u00e4tzen und perfekt f\u00fcr die Reise.\" \/>\n<meta property=\"og:url\" content=\"https:\/\/srokacompany.com\/de\/produkt\/wingboard-foil-aufblasbares-wingboard-sroka-v2\/\" \/>\n<meta property=\"og:site_name\" content=\"SROKA Company\" \/>\n<meta property=\"article:publisher\" content=\"https:\/\/www.facebook.com\/srokawatersports\/\" \/>\n<meta property=\"article:modified_time\" content=\"2025-11-21T16:08:39+00:00\" \/>\n<meta property=\"og:image\" content=\"https:\/\/srokacompany.com\/wp-content\/uploads\/2021\/03\/Photo-produit-planches-gonflable-2022.png\" \/>\n\t<meta property=\"og:image:width\" content=\"740\" \/>\n\t<meta property=\"og:image:height\" content=\"1080\" \/>\n\t<meta property=\"og:image:type\" content=\"image\/png\" \/>\n<meta name=\"twitter:label1\" content=\"Gesch\u00e4tzte Lesezeit\" \/>\n\t<meta name=\"twitter:data1\" content=\"1\u00a0Minute\" \/>\n<script type=\"application\/ld+json\" class=\"yoast-schema-graph\">{\"@context\":\"https:\\\/\\\/schema.org\",\"@graph\":[{\"@type\":\"WebPage\",\"@id\":\"https:\\\/\\\/srokacompany.com\\\/de\\\/produkt\\\/wingboard-foil-aufblasbares-wingboard-sroka-v2\\\/\",\"url\":\"https:\\\/\\\/srokacompany.com\\\/de\\\/produkt\\\/wingboard-foil-aufblasbares-wingboard-sroka-v2\\\/\",\"name\":\"Wingboard foil Aufblasbares Wingboard Sroka V2 - SROKA Company\",\"isPartOf\":{\"@id\":\"https:\\\/\\\/srokacompany.com\\\/de\\\/#website\"},\"primaryImageOfPage\":{\"@id\":\"https:\\\/\\\/srokacompany.com\\\/de\\\/produkt\\\/wingboard-foil-aufblasbares-wingboard-sroka-v2\\\/#primaryimage\"},\"image\":{\"@id\":\"https:\\\/\\\/srokacompany.com\\\/de\\\/produkt\\\/wingboard-foil-aufblasbares-wingboard-sroka-v2\\\/#primaryimage\"},\"thumbnailUrl\":\"https:\\\/\\\/srokacompany.com\\\/wp-content\\\/uploads\\\/2021\\\/03\\\/Photo-produit-planches-gonflable-2022.png\",\"datePublished\":\"2022-07-02T16:07:24+00:00\",\"dateModified\":\"2025-11-21T16:08:39+00:00\",\"description\":\"Die aufblasbaren Sroka V2 Boards, leistungsstarke Boards mit Footstrap-Eins\u00e4tzen und perfekt f\u00fcr die Reise.\",\"breadcrumb\":{\"@id\":\"https:\\\/\\\/srokacompany.com\\\/de\\\/produkt\\\/wingboard-foil-aufblasbares-wingboard-sroka-v2\\\/#breadcrumb\"},\"inLanguage\":\"de\",\"potentialAction\":[{\"@type\":\"ReadAction\",\"target\":[\"https:\\\/\\\/srokacompany.com\\\/de\\\/produkt\\\/wingboard-foil-aufblasbares-wingboard-sroka-v2\\\/\"]}]},{\"@type\":\"ImageObject\",\"inLanguage\":\"de\",\"@id\":\"https:\\\/\\\/srokacompany.com\\\/de\\\/produkt\\\/wingboard-foil-aufblasbares-wingboard-sroka-v2\\\/#primaryimage\",\"url\":\"https:\\\/\\\/srokacompany.com\\\/wp-content\\\/uploads\\\/2021\\\/03\\\/Photo-produit-planches-gonflable-2022.png\",\"contentUrl\":\"https:\\\/\\\/srokacompany.com\\\/wp-content\\\/uploads\\\/2021\\\/03\\\/Photo-produit-planches-gonflable-2022.png\",\"width\":740,\"height\":1080},{\"@type\":\"BreadcrumbList\",\"@id\":\"https:\\\/\\\/srokacompany.com\\\/de\\\/produkt\\\/wingboard-foil-aufblasbares-wingboard-sroka-v2\\\/#breadcrumb\",\"itemListElement\":[{\"@type\":\"ListItem\",\"position\":1,\"name\":\"Accueil\",\"item\":\"https:\\\/\\\/srokacompany.com\\\/de\\\/\"},{\"@type\":\"ListItem\",\"position\":2,\"name\":\"Laden\",\"item\":\"https:\\\/\\\/srokacompany.com\\\/laden\\\/\"},{\"@type\":\"ListItem\",\"position\":3,\"name\":\"Wingboard foil Aufblasbares Wingboard Sroka V2\"}]},{\"@type\":\"WebSite\",\"@id\":\"https:\\\/\\\/srokacompany.com\\\/de\\\/#website\",\"url\":\"https:\\\/\\\/srokacompany.com\\\/de\\\/\",\"name\":\"SROKA Company\",\"description\":\"SUP, Kite, Foil, Wing\",\"publisher\":{\"@id\":\"https:\\\/\\\/srokacompany.com\\\/de\\\/#organization\"},\"potentialAction\":[{\"@type\":\"SearchAction\",\"target\":{\"@type\":\"EntryPoint\",\"urlTemplate\":\"https:\\\/\\\/srokacompany.com\\\/de\\\/?s={search_term_string}\"},\"query-input\":{\"@type\":\"PropertyValueSpecification\",\"valueRequired\":true,\"valueName\":\"search_term_string\"}}],\"inLanguage\":\"de\"},{\"@type\":\"Organization\",\"@id\":\"https:\\\/\\\/srokacompany.com\\\/de\\\/#organization\",\"name\":\"SROKACOMPANY\",\"alternateName\":\"SROKA\",\"url\":\"https:\\\/\\\/srokacompany.com\\\/de\\\/\",\"logo\":{\"@type\":\"ImageObject\",\"inLanguage\":\"de\",\"@id\":\"https:\\\/\\\/srokacompany.com\\\/de\\\/#\\\/schema\\\/logo\\\/image\\\/\",\"url\":\"https:\\\/\\\/srokacompany.com\\\/wp-content\\\/uploads\\\/2021\\\/01\\\/logo-sroka-black-transpa.png\",\"contentUrl\":\"https:\\\/\\\/srokacompany.com\\\/wp-content\\\/uploads\\\/2021\\\/01\\\/logo-sroka-black-transpa.png\",\"width\":1201,\"height\":342,\"caption\":\"SROKACOMPANY\"},\"image\":{\"@id\":\"https:\\\/\\\/srokacompany.com\\\/de\\\/#\\\/schema\\\/logo\\\/image\\\/\"},\"sameAs\":[\"https:\\\/\\\/www.facebook.com\\\/srokawatersports\\\/\",\"https:\\\/\\\/www.instagram.com\\\/srokawatersports\\\/\",\"https:\\\/\\\/www.youtube.com\\\/channel\\\/UCVLHHeaPIm-J5bdEUgxqtZA\"]}]}<\/script>\n<!-- \/ Yoast SEO plugin. -->","yoast_head_json":{"title":"Wingboard foil Aufblasbares Wingboard Sroka V2 - SROKA Company","description":"Die aufblasbaren Sroka V2 Boards, leistungsstarke Boards mit Footstrap-Eins\u00e4tzen und perfekt f\u00fcr die Reise.","robots":{"index":"index","follow":"follow","max-snippet":"max-snippet:-1","max-image-preview":"max-image-preview:large","max-video-preview":"max-video-preview:-1"},"canonical":"https:\/\/srokacompany.com\/de\/produkt\/wingboard-foil-aufblasbares-wingboard-sroka-v2\/","og_locale":"de_DE","og_type":"article","og_title":"Wingboard foil Aufblasbares Wingboard Sroka V2 - SROKA Company","og_description":"Die aufblasbaren Sroka V2 Boards, leistungsstarke Boards mit Footstrap-Eins\u00e4tzen und perfekt f\u00fcr die Reise.","og_url":"https:\/\/srokacompany.com\/de\/produkt\/wingboard-foil-aufblasbares-wingboard-sroka-v2\/","og_site_name":"SROKA Company","article_publisher":"https:\/\/www.facebook.com\/srokawatersports\/","article_modified_time":"2025-11-21T16:08:39+00:00","og_image":[{"width":740,"height":1080,"url":"https:\/\/srokacompany.com\/wp-content\/uploads\/2021\/03\/Photo-produit-planches-gonflable-2022.png","type":"image\/png"}],"twitter_misc":{"Gesch\u00e4tzte Lesezeit":"1\u00a0Minute"},"schema":{"@context":"https:\/\/schema.org","@graph":[{"@type":"WebPage","@id":"https:\/\/srokacompany.com\/de\/produkt\/wingboard-foil-aufblasbares-wingboard-sroka-v2\/","url":"https:\/\/srokacompany.com\/de\/produkt\/wingboard-foil-aufblasbares-wingboard-sroka-v2\/","name":"Wingboard foil Aufblasbares Wingboard Sroka V2 - SROKA Company","isPartOf":{"@id":"https:\/\/srokacompany.com\/de\/#website"},"primaryImageOfPage":{"@id":"https:\/\/srokacompany.com\/de\/produkt\/wingboard-foil-aufblasbares-wingboard-sroka-v2\/#primaryimage"},"image":{"@id":"https:\/\/srokacompany.com\/de\/produkt\/wingboard-foil-aufblasbares-wingboard-sroka-v2\/#primaryimage"},"thumbnailUrl":"https:\/\/srokacompany.com\/wp-content\/uploads\/2021\/03\/Photo-produit-planches-gonflable-2022.png","datePublished":"2022-07-02T16:07:24+00:00","dateModified":"2025-11-21T16:08:39+00:00","description":"Die aufblasbaren Sroka V2 Boards, leistungsstarke Boards mit Footstrap-Eins\u00e4tzen und perfekt f\u00fcr die Reise.","breadcrumb":{"@id":"https:\/\/srokacompany.com\/de\/produkt\/wingboard-foil-aufblasbares-wingboard-sroka-v2\/#breadcrumb"},"inLanguage":"de","potentialAction":[{"@type":"ReadAction","target":["https:\/\/srokacompany.com\/de\/produkt\/wingboard-foil-aufblasbares-wingboard-sroka-v2\/"]}]},{"@type":"ImageObject","inLanguage":"de","@id":"https:\/\/srokacompany.com\/de\/produkt\/wingboard-foil-aufblasbares-wingboard-sroka-v2\/#primaryimage","url":"https:\/\/srokacompany.com\/wp-content\/uploads\/2021\/03\/Photo-produit-planches-gonflable-2022.png","contentUrl":"https:\/\/srokacompany.com\/wp-content\/uploads\/2021\/03\/Photo-produit-planches-gonflable-2022.png","width":740,"height":1080},{"@type":"BreadcrumbList","@id":"https:\/\/srokacompany.com\/de\/produkt\/wingboard-foil-aufblasbares-wingboard-sroka-v2\/#breadcrumb","itemListElement":[{"@type":"ListItem","position":1,"name":"Accueil","item":"https:\/\/srokacompany.com\/de\/"},{"@type":"ListItem","position":2,"name":"Laden","item":"https:\/\/srokacompany.com\/laden\/"},{"@type":"ListItem","position":3,"name":"Wingboard foil Aufblasbares Wingboard Sroka V2"}]},{"@type":"WebSite","@id":"https:\/\/srokacompany.com\/de\/#website","url":"https:\/\/srokacompany.com\/de\/","name":"SROKA Company","description":"SUP, Kite, Foil, Wing","publisher":{"@id":"https:\/\/srokacompany.com\/de\/#organization"},"potentialAction":[{"@type":"SearchAction","target":{"@type":"EntryPoint","urlTemplate":"https:\/\/srokacompany.com\/de\/?s={search_term_string}"},"query-input":{"@type":"PropertyValueSpecification","valueRequired":true,"valueName":"search_term_string"}}],"inLanguage":"de"},{"@type":"Organization","@id":"https:\/\/srokacompany.com\/de\/#organization","name":"SROKACOMPANY","alternateName":"SROKA","url":"https:\/\/srokacompany.com\/de\/","logo":{"@type":"ImageObject","inLanguage":"de","@id":"https:\/\/srokacompany.com\/de\/#\/schema\/logo\/image\/","url":"https:\/\/srokacompany.com\/wp-content\/uploads\/2021\/01\/logo-sroka-black-transpa.png","contentUrl":"https:\/\/srokacompany.com\/wp-content\/uploads\/2021\/01\/logo-sroka-black-transpa.png","width":1201,"height":342,"caption":"SROKACOMPANY"},"image":{"@id":"https:\/\/srokacompany.com\/de\/#\/schema\/logo\/image\/"},"sameAs":["https:\/\/www.facebook.com\/srokawatersports\/","https:\/\/www.instagram.com\/srokawatersports\/","https:\/\/www.youtube.com\/channel\/UCVLHHeaPIm-J5bdEUgxqtZA"]}]}},"uagb_featured_image_src":{"full":["https:\/\/srokacompany.com\/wp-content\/uploads\/2021\/03\/Photo-produit-planches-gonflable-2022.png",740,1080,false],"thumbnail":["https:\/\/srokacompany.com\/wp-content\/uploads\/2021\/03\/Photo-produit-planches-gonflable-2022-150x150.png",150,150,true],"medium":["https:\/\/srokacompany.com\/wp-content\/uploads\/2021\/03\/Photo-produit-planches-gonflable-2022-206x300.png",206,300,true],"medium_large":["https:\/\/srokacompany.com\/wp-content\/uploads\/2021\/03\/Photo-produit-planches-gonflable-2022.png",740,1080,false],"large":["https:\/\/srokacompany.com\/wp-content\/uploads\/2021\/03\/Photo-produit-planches-gonflable-2022-702x1024.png",702,1024,true],"1536x1536":["https:\/\/srokacompany.com\/wp-content\/uploads\/2021\/03\/Photo-produit-planches-gonflable-2022.png",740,1080,false],"2048x2048":["https:\/\/srokacompany.com\/wp-content\/uploads\/2021\/03\/Photo-produit-planches-gonflable-2022.png",740,1080,false],"woocommerce_thumbnail":["https:\/\/srokacompany.com\/wp-content\/uploads\/2021\/03\/Photo-produit-planches-gonflable-2022-600x876.png",600,876,true],"woocommerce_single":["https:\/\/srokacompany.com\/wp-content\/uploads\/2021\/03\/Photo-produit-planches-gonflable-2022-600x876.png",600,876,true],"woocommerce_gallery_thumbnail":["https:\/\/srokacompany.com\/wp-content\/uploads\/2021\/03\/Photo-produit-planches-gonflable-2022-100x100.png",100,100,true],"dgwt-wcas-product-suggestion":["https:\/\/srokacompany.com\/wp-content\/uploads\/2021\/03\/Photo-produit-planches-gonflable-2022.png",64,93,false]},"uagb_author_info":{"display_name":"Tristan Dumard","author_link":"https:\/\/srokacompany.com\/de\/blog\/author\/"},"uagb_comment_info":0,"uagb_excerpt":"Aufblasbares Brett von foil Sroka V2 Das aufblasbare foil Sroka V2 Board ist da und bringt viele neue Entwicklungen mit sich. Was die Leistung angeht, bietet das aufblasbare Sroka V2 eine unglaublich pr\u00e4zise Steuerung dank der Foot Straps vorne und hinten und der Steifigkeit des gesamten Boards, die durch die Karbonplatte des Unterwasserschiffs perfektioniert wird.&hellip;","jetpack_sharing_enabled":true,"_links":{"self":[{"href":"https:\/\/srokacompany.com\/de\/wp-json\/wp\/v2\/product\/343064","targetHints":{"allow":["GET"]}}],"collection":[{"href":"https:\/\/srokacompany.com\/de\/wp-json\/wp\/v2\/product"}],"about":[{"href":"https:\/\/srokacompany.com\/de\/wp-json\/wp\/v2\/types\/product"}],"wp:featuredmedia":[{"embeddable":true,"href":"https:\/\/srokacompany.com\/de\/wp-json\/wp\/v2\/media\/343066"}],"wp:attachment":[{"href":"https:\/\/srokacompany.com\/de\/wp-json\/wp\/v2\/media?parent=343064"}],"wp:term":[{"taxonomy":"product_brand","embeddable":true,"href":"https:\/\/srokacompany.com\/de\/wp-json\/wp\/v2\/product_brand?post=343064"},{"taxonomy":"product_cat","embeddable":true,"href":"https:\/\/srokacompany.com\/de\/wp-json\/wp\/v2\/product_cat?post=343064"},{"taxonomy":"product_tag","embeddable":true,"href":"https:\/\/srokacompany.com\/de\/wp-json\/wp\/v2\/product_tag?post=343064"}],"curies":[{"name":"wp","href":"https:\/\/api.w.org\/{rel}","templated":true}]}}