{"id":343096,"date":"2022-06-29T08:36:54","date_gmt":"2022-06-29T08:36:54","guid":{"rendered":"https:\/\/srokacompany.com\/produit\/handpumpe-fuer-wing\/"},"modified":"2025-11-21T18:08:48","modified_gmt":"2025-11-21T16:08:48","slug":"handpumpe-fuer-wing","status":"publish","type":"product","link":"https:\/\/srokacompany.com\/de\/produkt\/handpumpe-fuer-wing\/","title":{"rendered":"Handpumpe f\u00fcr Wing"},"content":{"rendered":"<hr>\n<h2>Handpumpe f\u00fcr Wing<\/h2>\n<p style=\"text-align: justify;\">Mit der Sroka-Handpumpe f\u00fcr Wing k\u00f6nnen alle Wings mit einem kompatiblen Mundst\u00fcck aufgeblasen werden, darunter alle Versionen der <a href=\"https:\/\/srokacompany.com\/de\/eshop\/flugel-von-wing-foil\/\">Sroka-Wings<\/a>. Es verwendet eine Standard-Zehenkappe, die mit Kitesurf-Kites kompatibel ist. Er besteht aus hochwertigen Materialien und ist das unverzichtbare Accessoire f\u00fcr alle Ihre Sitzungen. Es wird mit zwei zus\u00e4tzlichen Spitzen geliefert, um es mit der maximalen Anzahl verschiedener Ventile kompatibel zu machen.<\/p>\n<p>Dank des doppelten Flusses und des gro\u00dfz\u00fcgigen Volumens k\u00f6nnen Sie Ihre Ausr\u00fcstung schnell aufpumpen und Ihre Sessions voll ausnutzen. Die Pumpe verf\u00fcgt \u00fcber einen leash mit einem Haken, um deine Wing w\u00e4hrend des Aufblasens zu sichern. <\/p>\n<p>Sein pr\u00e4zises Niederdruckmanometer &#8211; ab 3 PSI &#8211; sorgt daf\u00fcr, dass du deinen Wing nie zu stark aufpumpst.<\/p>\n","protected":false},"excerpt":{"rendered":"<p>Die <b>SROKA Handpumpe f\u00fcr Wing Foil<\/b> ist ein unverzichtbares Zubeh\u00f6r, um Ihren Kite schnell und m\u00fchelos aufzupumpen. Sie wurde mit einem <g id=\"gid_1\">Double-Action-System<\/g> f\u00fcr maximale Zeitersparnis konzipiert (Auf- und Abpumpen) und ist mit einem <g id=\"gid_2\">integrierten Manometer<\/g> ausgestattet, um einen optimalen und sicheren Druck zu gew\u00e4hrleisten. Dank seiner Robustheit und des Universaladapters ist er mit allen <b>Wing Foil-Kites<\/b> kompatibel und sorgt f\u00fcr einen schnellen und entspannten Start ins Wasser.  <\/p>\n","protected":false},"featured_media":343111,"template":"","meta":{"_acf_changed":false,"_uag_custom_page_level_css":""},"product_brand":[],"product_cat":[4258,3464],"product_tag":[],"class_list":{"0":"post-343096","1":"product","2":"type-product","3":"status-publish","4":"has-post-thumbnail","6":"product_cat-schwarzer-freitag","7":"product_cat-zubehor-wing-foil","8":"product_shipping_class-small-shipping-de","10":"first","11":"instock","12":"sale","13":"taxable","14":"shipping-taxable","15":"purchasable","16":"product-type-simple"},"acf":[],"yoast_head":"<!-- This site is optimized with the Yoast SEO plugin v27.4 - https:\/\/yoast.com\/product\/yoast-seo-wordpress\/ -->\n<title>Handpumpe Wing Foil | Sroka Company<\/title>\n<meta name=\"description\" content=\"Mit der Sroka Double Action Handpumpe k\u00f6nnen Sie Ihren Wing schnell und pr\u00e4zise aufpumpen. Wird mit einer Sicherung f\u00fcr den Wing geliefert.\" \/>\n<meta name=\"robots\" content=\"index, follow, max-snippet:-1, max-image-preview:large, max-video-preview:-1\" \/>\n<link rel=\"canonical\" href=\"https:\/\/srokacompany.com\/de\/produkt\/handpumpe-fuer-wing\/\" \/>\n<meta property=\"og:locale\" content=\"de_DE\" \/>\n<meta property=\"og:type\" content=\"article\" \/>\n<meta property=\"og:title\" content=\"Handpumpe Wing Foil | Sroka Company\" \/>\n<meta property=\"og:description\" content=\"Mit der Sroka Double Action Handpumpe k\u00f6nnen Sie Ihren Wing schnell und pr\u00e4zise aufpumpen. Wird mit einer Sicherung f\u00fcr den Wing geliefert.\" \/>\n<meta property=\"og:url\" content=\"https:\/\/srokacompany.com\/de\/produkt\/handpumpe-fuer-wing\/\" \/>\n<meta property=\"og:site_name\" content=\"SROKA Company\" \/>\n<meta property=\"article:publisher\" content=\"https:\/\/www.facebook.com\/srokawatersports\/\" \/>\n<meta property=\"article:modified_time\" content=\"2025-11-21T16:08:48+00:00\" \/>\n<meta property=\"og:image\" content=\"https:\/\/srokacompany.com\/wp-content\/uploads\/2022\/06\/Pompe-manuelle-wing-foil-et-kitesurf-Sroka.jpg\" \/>\n\t<meta property=\"og:image:width\" content=\"780\" \/>\n\t<meta property=\"og:image:height\" content=\"1040\" \/>\n\t<meta property=\"og:image:type\" content=\"image\/jpeg\" \/>\n<meta name=\"twitter:label1\" content=\"Gesch\u00e4tzte Lesezeit\" \/>\n\t<meta name=\"twitter:data1\" content=\"1\u00a0Minute\" \/>\n<script type=\"application\/ld+json\" class=\"yoast-schema-graph\">{\"@context\":\"https:\\\/\\\/schema.org\",\"@graph\":[{\"@type\":\"WebPage\",\"@id\":\"https:\\\/\\\/srokacompany.com\\\/de\\\/produkt\\\/handpumpe-fuer-wing\\\/\",\"url\":\"https:\\\/\\\/srokacompany.com\\\/de\\\/produkt\\\/handpumpe-fuer-wing\\\/\",\"name\":\"Handpumpe Wing Foil | Sroka Company\",\"isPartOf\":{\"@id\":\"https:\\\/\\\/srokacompany.com\\\/de\\\/#website\"},\"primaryImageOfPage\":{\"@id\":\"https:\\\/\\\/srokacompany.com\\\/de\\\/produkt\\\/handpumpe-fuer-wing\\\/#primaryimage\"},\"image\":{\"@id\":\"https:\\\/\\\/srokacompany.com\\\/de\\\/produkt\\\/handpumpe-fuer-wing\\\/#primaryimage\"},\"thumbnailUrl\":\"https:\\\/\\\/srokacompany.com\\\/wp-content\\\/uploads\\\/2022\\\/06\\\/Pompe-manuelle-wing-foil-et-kitesurf-Sroka.jpg\",\"datePublished\":\"2022-06-29T08:36:54+00:00\",\"dateModified\":\"2025-11-21T16:08:48+00:00\",\"description\":\"Mit der Sroka Double Action Handpumpe k\u00f6nnen Sie Ihren Wing schnell und pr\u00e4zise aufpumpen. Wird mit einer Sicherung f\u00fcr den Wing geliefert.\",\"breadcrumb\":{\"@id\":\"https:\\\/\\\/srokacompany.com\\\/de\\\/produkt\\\/handpumpe-fuer-wing\\\/#breadcrumb\"},\"inLanguage\":\"de\",\"potentialAction\":[{\"@type\":\"ReadAction\",\"target\":[\"https:\\\/\\\/srokacompany.com\\\/de\\\/produkt\\\/handpumpe-fuer-wing\\\/\"]}]},{\"@type\":\"ImageObject\",\"inLanguage\":\"de\",\"@id\":\"https:\\\/\\\/srokacompany.com\\\/de\\\/produkt\\\/handpumpe-fuer-wing\\\/#primaryimage\",\"url\":\"https:\\\/\\\/srokacompany.com\\\/wp-content\\\/uploads\\\/2022\\\/06\\\/Pompe-manuelle-wing-foil-et-kitesurf-Sroka.jpg\",\"contentUrl\":\"https:\\\/\\\/srokacompany.com\\\/wp-content\\\/uploads\\\/2022\\\/06\\\/Pompe-manuelle-wing-foil-et-kitesurf-Sroka.jpg\",\"width\":780,\"height\":1040,\"caption\":\"Universalpumpe f\u00fcr Wingfoil und Kitesurfing Sroka Double Action Pumpe\"},{\"@type\":\"BreadcrumbList\",\"@id\":\"https:\\\/\\\/srokacompany.com\\\/de\\\/produkt\\\/handpumpe-fuer-wing\\\/#breadcrumb\",\"itemListElement\":[{\"@type\":\"ListItem\",\"position\":1,\"name\":\"Accueil\",\"item\":\"https:\\\/\\\/srokacompany.com\\\/de\\\/\"},{\"@type\":\"ListItem\",\"position\":2,\"name\":\"Laden\",\"item\":\"https:\\\/\\\/srokacompany.com\\\/laden\\\/\"},{\"@type\":\"ListItem\",\"position\":3,\"name\":\"Handpumpe f\u00fcr Wing\"}]},{\"@type\":\"WebSite\",\"@id\":\"https:\\\/\\\/srokacompany.com\\\/de\\\/#website\",\"url\":\"https:\\\/\\\/srokacompany.com\\\/de\\\/\",\"name\":\"SROKA Company\",\"description\":\"SUP, Kite, Foil, Wing\",\"publisher\":{\"@id\":\"https:\\\/\\\/srokacompany.com\\\/de\\\/#organization\"},\"potentialAction\":[{\"@type\":\"SearchAction\",\"target\":{\"@type\":\"EntryPoint\",\"urlTemplate\":\"https:\\\/\\\/srokacompany.com\\\/de\\\/?s={search_term_string}\"},\"query-input\":{\"@type\":\"PropertyValueSpecification\",\"valueRequired\":true,\"valueName\":\"search_term_string\"}}],\"inLanguage\":\"de\"},{\"@type\":\"Organization\",\"@id\":\"https:\\\/\\\/srokacompany.com\\\/de\\\/#organization\",\"name\":\"SROKACOMPANY\",\"alternateName\":\"SROKA\",\"url\":\"https:\\\/\\\/srokacompany.com\\\/de\\\/\",\"logo\":{\"@type\":\"ImageObject\",\"inLanguage\":\"de\",\"@id\":\"https:\\\/\\\/srokacompany.com\\\/de\\\/#\\\/schema\\\/logo\\\/image\\\/\",\"url\":\"https:\\\/\\\/srokacompany.com\\\/wp-content\\\/uploads\\\/2021\\\/01\\\/logo-sroka-black-transpa.png\",\"contentUrl\":\"https:\\\/\\\/srokacompany.com\\\/wp-content\\\/uploads\\\/2021\\\/01\\\/logo-sroka-black-transpa.png\",\"width\":1201,\"height\":342,\"caption\":\"SROKACOMPANY\"},\"image\":{\"@id\":\"https:\\\/\\\/srokacompany.com\\\/de\\\/#\\\/schema\\\/logo\\\/image\\\/\"},\"sameAs\":[\"https:\\\/\\\/www.facebook.com\\\/srokawatersports\\\/\",\"https:\\\/\\\/www.instagram.com\\\/srokawatersports\\\/\",\"https:\\\/\\\/www.youtube.com\\\/channel\\\/UCVLHHeaPIm-J5bdEUgxqtZA\"]}]}<\/script>\n<!-- \/ Yoast SEO plugin. -->","yoast_head_json":{"title":"Handpumpe Wing Foil | Sroka Company","description":"Mit der Sroka Double Action Handpumpe k\u00f6nnen Sie Ihren Wing schnell und pr\u00e4zise aufpumpen. Wird mit einer Sicherung f\u00fcr den Wing geliefert.","robots":{"index":"index","follow":"follow","max-snippet":"max-snippet:-1","max-image-preview":"max-image-preview:large","max-video-preview":"max-video-preview:-1"},"canonical":"https:\/\/srokacompany.com\/de\/produkt\/handpumpe-fuer-wing\/","og_locale":"de_DE","og_type":"article","og_title":"Handpumpe Wing Foil | Sroka Company","og_description":"Mit der Sroka Double Action Handpumpe k\u00f6nnen Sie Ihren Wing schnell und pr\u00e4zise aufpumpen. Wird mit einer Sicherung f\u00fcr den Wing geliefert.","og_url":"https:\/\/srokacompany.com\/de\/produkt\/handpumpe-fuer-wing\/","og_site_name":"SROKA Company","article_publisher":"https:\/\/www.facebook.com\/srokawatersports\/","article_modified_time":"2025-11-21T16:08:48+00:00","og_image":[{"width":780,"height":1040,"url":"https:\/\/srokacompany.com\/wp-content\/uploads\/2022\/06\/Pompe-manuelle-wing-foil-et-kitesurf-Sroka.jpg","type":"image\/jpeg"}],"twitter_misc":{"Gesch\u00e4tzte Lesezeit":"1\u00a0Minute"},"schema":{"@context":"https:\/\/schema.org","@graph":[{"@type":"WebPage","@id":"https:\/\/srokacompany.com\/de\/produkt\/handpumpe-fuer-wing\/","url":"https:\/\/srokacompany.com\/de\/produkt\/handpumpe-fuer-wing\/","name":"Handpumpe Wing Foil | Sroka Company","isPartOf":{"@id":"https:\/\/srokacompany.com\/de\/#website"},"primaryImageOfPage":{"@id":"https:\/\/srokacompany.com\/de\/produkt\/handpumpe-fuer-wing\/#primaryimage"},"image":{"@id":"https:\/\/srokacompany.com\/de\/produkt\/handpumpe-fuer-wing\/#primaryimage"},"thumbnailUrl":"https:\/\/srokacompany.com\/wp-content\/uploads\/2022\/06\/Pompe-manuelle-wing-foil-et-kitesurf-Sroka.jpg","datePublished":"2022-06-29T08:36:54+00:00","dateModified":"2025-11-21T16:08:48+00:00","description":"Mit der Sroka Double Action Handpumpe k\u00f6nnen Sie Ihren Wing schnell und pr\u00e4zise aufpumpen. Wird mit einer Sicherung f\u00fcr den Wing geliefert.","breadcrumb":{"@id":"https:\/\/srokacompany.com\/de\/produkt\/handpumpe-fuer-wing\/#breadcrumb"},"inLanguage":"de","potentialAction":[{"@type":"ReadAction","target":["https:\/\/srokacompany.com\/de\/produkt\/handpumpe-fuer-wing\/"]}]},{"@type":"ImageObject","inLanguage":"de","@id":"https:\/\/srokacompany.com\/de\/produkt\/handpumpe-fuer-wing\/#primaryimage","url":"https:\/\/srokacompany.com\/wp-content\/uploads\/2022\/06\/Pompe-manuelle-wing-foil-et-kitesurf-Sroka.jpg","contentUrl":"https:\/\/srokacompany.com\/wp-content\/uploads\/2022\/06\/Pompe-manuelle-wing-foil-et-kitesurf-Sroka.jpg","width":780,"height":1040,"caption":"Universalpumpe f\u00fcr Wingfoil und Kitesurfing Sroka Double Action Pumpe"},{"@type":"BreadcrumbList","@id":"https:\/\/srokacompany.com\/de\/produkt\/handpumpe-fuer-wing\/#breadcrumb","itemListElement":[{"@type":"ListItem","position":1,"name":"Accueil","item":"https:\/\/srokacompany.com\/de\/"},{"@type":"ListItem","position":2,"name":"Laden","item":"https:\/\/srokacompany.com\/laden\/"},{"@type":"ListItem","position":3,"name":"Handpumpe f\u00fcr Wing"}]},{"@type":"WebSite","@id":"https:\/\/srokacompany.com\/de\/#website","url":"https:\/\/srokacompany.com\/de\/","name":"SROKA Company","description":"SUP, Kite, Foil, Wing","publisher":{"@id":"https:\/\/srokacompany.com\/de\/#organization"},"potentialAction":[{"@type":"SearchAction","target":{"@type":"EntryPoint","urlTemplate":"https:\/\/srokacompany.com\/de\/?s={search_term_string}"},"query-input":{"@type":"PropertyValueSpecification","valueRequired":true,"valueName":"search_term_string"}}],"inLanguage":"de"},{"@type":"Organization","@id":"https:\/\/srokacompany.com\/de\/#organization","name":"SROKACOMPANY","alternateName":"SROKA","url":"https:\/\/srokacompany.com\/de\/","logo":{"@type":"ImageObject","inLanguage":"de","@id":"https:\/\/srokacompany.com\/de\/#\/schema\/logo\/image\/","url":"https:\/\/srokacompany.com\/wp-content\/uploads\/2021\/01\/logo-sroka-black-transpa.png","contentUrl":"https:\/\/srokacompany.com\/wp-content\/uploads\/2021\/01\/logo-sroka-black-transpa.png","width":1201,"height":342,"caption":"SROKACOMPANY"},"image":{"@id":"https:\/\/srokacompany.com\/de\/#\/schema\/logo\/image\/"},"sameAs":["https:\/\/www.facebook.com\/srokawatersports\/","https:\/\/www.instagram.com\/srokawatersports\/","https:\/\/www.youtube.com\/channel\/UCVLHHeaPIm-J5bdEUgxqtZA"]}]}},"uagb_featured_image_src":{"full":["https:\/\/srokacompany.com\/wp-content\/uploads\/2022\/06\/Pompe-manuelle-wing-foil-et-kitesurf-Sroka.jpg",780,1040,false],"thumbnail":["https:\/\/srokacompany.com\/wp-content\/uploads\/2022\/06\/Pompe-manuelle-wing-foil-et-kitesurf-Sroka-150x150.jpg",150,150,true],"medium":["https:\/\/srokacompany.com\/wp-content\/uploads\/2022\/06\/Pompe-manuelle-wing-foil-et-kitesurf-Sroka-225x300.jpg",225,300,true],"medium_large":["https:\/\/srokacompany.com\/wp-content\/uploads\/2022\/06\/Pompe-manuelle-wing-foil-et-kitesurf-Sroka-768x1024.jpg",768,1024,true],"large":["https:\/\/srokacompany.com\/wp-content\/uploads\/2022\/06\/Pompe-manuelle-wing-foil-et-kitesurf-Sroka-768x1024.jpg",768,1024,true],"1536x1536":["https:\/\/srokacompany.com\/wp-content\/uploads\/2022\/06\/Pompe-manuelle-wing-foil-et-kitesurf-Sroka.jpg",780,1040,false],"2048x2048":["https:\/\/srokacompany.com\/wp-content\/uploads\/2022\/06\/Pompe-manuelle-wing-foil-et-kitesurf-Sroka.jpg",780,1040,false],"woocommerce_thumbnail":["https:\/\/srokacompany.com\/wp-content\/uploads\/2022\/06\/Pompe-manuelle-wing-foil-et-kitesurf-Sroka-600x800.jpg",600,800,true],"woocommerce_single":["https:\/\/srokacompany.com\/wp-content\/uploads\/2022\/06\/Pompe-manuelle-wing-foil-et-kitesurf-Sroka-600x800.jpg",600,800,true],"woocommerce_gallery_thumbnail":["https:\/\/srokacompany.com\/wp-content\/uploads\/2022\/06\/Pompe-manuelle-wing-foil-et-kitesurf-Sroka-100x100.jpg",100,100,true],"dgwt-wcas-product-suggestion":["https:\/\/srokacompany.com\/wp-content\/uploads\/2022\/06\/Pompe-manuelle-wing-foil-et-kitesurf-Sroka-64x85.jpg",64,85,true]},"uagb_author_info":{"display_name":"Tristan Dumard","author_link":"https:\/\/srokacompany.com\/de\/blog\/author\/"},"uagb_comment_info":0,"uagb_excerpt":"Die SROKA Handpumpe f\u00fcr Wing Foil ist ein unverzichtbares Zubeh\u00f6r, um Ihren Kite schnell und m\u00fchelos aufzupumpen. Sie wurde mit einem Double-Action-System f\u00fcr maximale Zeitersparnis konzipiert (Auf- und Abpumpen) und ist mit einem integrierten Manometer ausgestattet, um einen optimalen und sicheren Druck zu gew\u00e4hrleisten. Dank seiner Robustheit und des Universaladapters ist er mit allen Wing&hellip;","jetpack_sharing_enabled":true,"_links":{"self":[{"href":"https:\/\/srokacompany.com\/de\/wp-json\/wp\/v2\/product\/343096","targetHints":{"allow":["GET"]}}],"collection":[{"href":"https:\/\/srokacompany.com\/de\/wp-json\/wp\/v2\/product"}],"about":[{"href":"https:\/\/srokacompany.com\/de\/wp-json\/wp\/v2\/types\/product"}],"wp:featuredmedia":[{"embeddable":true,"href":"https:\/\/srokacompany.com\/de\/wp-json\/wp\/v2\/media\/343111"}],"wp:attachment":[{"href":"https:\/\/srokacompany.com\/de\/wp-json\/wp\/v2\/media?parent=343096"}],"wp:term":[{"taxonomy":"product_brand","embeddable":true,"href":"https:\/\/srokacompany.com\/de\/wp-json\/wp\/v2\/product_brand?post=343096"},{"taxonomy":"product_cat","embeddable":true,"href":"https:\/\/srokacompany.com\/de\/wp-json\/wp\/v2\/product_cat?post=343096"},{"taxonomy":"product_tag","embeddable":true,"href":"https:\/\/srokacompany.com\/de\/wp-json\/wp\/v2\/product_tag?post=343096"}],"curies":[{"name":"wp","href":"https:\/\/api.w.org\/{rel}","templated":true}]}}