{"id":343264,"date":"2023-01-03T14:15:27","date_gmt":"2023-01-03T12:15:27","guid":{"rendered":"https:\/\/srokacompany.com\/produit\/pocket-40-foilboard-pumping-wake-kite-tow\/"},"modified":"2025-06-26T18:01:36","modified_gmt":"2025-06-26T16:01:36","slug":"pocket-40-foilboard-pumping-wake-kite-tow","status":"publish","type":"product","link":"https:\/\/srokacompany.com\/de\/produkt\/pocket-40-foilboard-pumping-wake-kite-tow\/","title":{"rendered":"Pocket 4&#8217;0 Foilboard &#8211; Pumping \/ Wake \/ Kite \/ Tow"},"content":{"rendered":"<hr>\n<h3><em>&#8222;Das beste Board, um kilometerlange Pumpingstrecken zur\u00fcckzulegen&#8220;<\/em><\/h3>\n<p>Das Pocket ist f\u00fcr den <a href=\"https:\/\/srokacompany.com\/de\/blog\/comment-debuter-le-dockstart-en-foil\/\"><strong>dockstart<\/strong><\/a> und <strong>Wake-foil, Surf -foil gezogen<\/strong> oder Kite-foil. Seine geringe Gr\u00f6\u00dfe, Steifigkeit und Leichtigkeit verleihen ihm eine au\u00dfergew\u00f6hnliche Pr\u00e4zision und machen ihn <strong>zu einem beeindruckenden<\/strong> <strong>Pump<\/strong>&#8211; und Carving-Board.<strong><\/strong> Sie werden in der Lage sein, lange Strecken unter den besten Bedingungen zu pumpen.<\/p>\n<p>Die ultrasteife Konstruktion f\u00fchlt sich an, als w\u00e4re sie <strong>eins mit dem foil<\/strong> und verleiht ihm eine <strong>au\u00dfergew\u00f6hnliche<\/strong> <strong>Reaktionsf\u00e4higkeit<\/strong>. Das Ganze reagiert genau so, wie Sie es sich vorstellen, und es macht Spa\u00df!<\/p>\n<p>Es ist mit einem <a href=\"https:\/\/www.youtube.com\/watch?v=UlWDYIVK7hQ&amp;t=71s\"><br \/>\n  <strong>PVC-Glasfaser-Sandwich<\/strong><br \/>\n<\/a> an Deck und Rumpf gebaut, um das beste Verh\u00e4ltnis von Festigkeit zu Gewicht zu erzielen. Ein ultradichter Airex-Block kreuzt das Board an den US-Schienen, um erheblichen Dr\u00fccken standzuhalten. Auf der R\u00fcckseite des Pads befindet sich ein Kick-Tail, um Ihre Kontrolle auf dem Board so weit wie m\u00f6glich zu optimieren. Eine Vielzahl von Eins\u00e4tzen (insgesamt 55) erm\u00f6glicht es Ihnen, die Tr\u00e4ger stufenlos an Ihr Niveau, Ihre Disziplin und Ihre Gr\u00f6\u00dfe anzupassen. Seine Wippe erm\u00f6glicht es ihm, bestm\u00f6glich auf Ber\u00fchrungen zu reagieren. Das ist eigentlich ein perfektes Board, um verschiedene Sportarten mit demselben Board auszu\u00fcben.<\/p>\n<p>Es ist das ideale Board, wenn du ein <strong>kompaktes<\/strong>, <strong>leichtes<\/strong> und <strong>robustes<\/strong> Board zum Pumping, wake foilfoil.<\/p>\n","protected":false},"excerpt":{"rendered":"<p>&#8222;Das beste Board, um kilometerlange Pumpingstrecken zur\u00fcckzulegen&#8220; Das Pocket ist f\u00fcr den dockstart und Wake-foil, Surf -foil gezogen oder Kite-foil. Seine geringe Gr\u00f6\u00dfe, Steifigkeit und Leichtigkeit verleihen ihm eine au\u00dfergew\u00f6hnliche Pr\u00e4zision und machen ihn zu einem beeindruckenden Pump&#8211; und Carving-Board. Sie werden in der Lage sein, lange Strecken unter den besten Bedingungen zu pumpen. Die [&hellip;]<\/p>\n","protected":false},"featured_media":343281,"template":"","meta":{"_acf_changed":false,"_uag_custom_page_level_css":""},"product_brand":[],"product_cat":[3668,3644],"product_tag":[],"class_list":{"0":"post-343264","1":"product","2":"type-product","3":"status-publish","4":"has-post-thumbnail","6":"product_cat-alle-unsere-dockstart-boards","7":"product_cat-dockstart-pumpen","8":"product_shipping_class-hartes-brett-einheit","10":"first","11":"instock","12":"sale","13":"taxable","14":"shipping-taxable","15":"purchasable","16":"product-type-simple"},"acf":[],"yoast_head":"<!-- This site is optimized with the Yoast SEO plugin v27.4 - https:\/\/yoast.com\/product\/yoast-seo-wordpress\/ -->\n<title>Pocket 4&#039;0 Foilboard - Pumping \/ Wake \/ Kite \/ Tow - SROKA Company<\/title>\n<meta name=\"description\" content=\"Das Pocket ist ein Pump- foil board f\u00fcr Dockstart und Wake-foil, Kite-foil oder Surf-foil im Schlepptau. Es ist gef\u00fcrchtet beim Pumping und Carving.\" \/>\n<meta name=\"robots\" content=\"index, follow, max-snippet:-1, max-image-preview:large, max-video-preview:-1\" \/>\n<link rel=\"canonical\" href=\"https:\/\/srokacompany.com\/de\/produkt\/pocket-40-foilboard-pumping-wake-kite-tow\/\" \/>\n<meta property=\"og:locale\" content=\"de_DE\" \/>\n<meta property=\"og:type\" content=\"article\" \/>\n<meta property=\"og:title\" content=\"Pocket 4&#039;0 Foilboard - Pumping \/ Wake \/ Kite \/ Tow - SROKA Company\" \/>\n<meta property=\"og:description\" content=\"Das Pocket ist ein Pump- foil board f\u00fcr Dockstart und Wake-foil, Kite-foil oder Surf-foil im Schlepptau. Es ist gef\u00fcrchtet beim Pumping und Carving.\" \/>\n<meta property=\"og:url\" content=\"https:\/\/srokacompany.com\/de\/produkt\/pocket-40-foilboard-pumping-wake-kite-tow\/\" \/>\n<meta property=\"og:site_name\" content=\"SROKA Company\" \/>\n<meta property=\"article:publisher\" content=\"https:\/\/www.facebook.com\/srokawatersports\/\" \/>\n<meta property=\"article:modified_time\" content=\"2025-06-26T16:01:36+00:00\" \/>\n<meta property=\"og:image\" content=\"https:\/\/srokacompany.com\/wp-content\/uploads\/2023\/01\/Photo-produit-planche-foils-et-packs-15.png\" \/>\n\t<meta property=\"og:image:width\" content=\"740\" \/>\n\t<meta property=\"og:image:height\" content=\"1080\" \/>\n\t<meta property=\"og:image:type\" content=\"image\/png\" \/>\n<meta name=\"twitter:label1\" content=\"Gesch\u00e4tzte Lesezeit\" \/>\n\t<meta name=\"twitter:data1\" content=\"1\u00a0Minute\" \/>\n<script type=\"application\/ld+json\" class=\"yoast-schema-graph\">{\"@context\":\"https:\\\/\\\/schema.org\",\"@graph\":[{\"@type\":\"WebPage\",\"@id\":\"https:\\\/\\\/srokacompany.com\\\/de\\\/produkt\\\/pocket-40-foilboard-pumping-wake-kite-tow\\\/\",\"url\":\"https:\\\/\\\/srokacompany.com\\\/de\\\/produkt\\\/pocket-40-foilboard-pumping-wake-kite-tow\\\/\",\"name\":\"Pocket 4'0 Foilboard - Pumping \\\/ Wake \\\/ Kite \\\/ Tow - SROKA Company\",\"isPartOf\":{\"@id\":\"https:\\\/\\\/srokacompany.com\\\/de\\\/#website\"},\"primaryImageOfPage\":{\"@id\":\"https:\\\/\\\/srokacompany.com\\\/de\\\/produkt\\\/pocket-40-foilboard-pumping-wake-kite-tow\\\/#primaryimage\"},\"image\":{\"@id\":\"https:\\\/\\\/srokacompany.com\\\/de\\\/produkt\\\/pocket-40-foilboard-pumping-wake-kite-tow\\\/#primaryimage\"},\"thumbnailUrl\":\"https:\\\/\\\/srokacompany.com\\\/wp-content\\\/uploads\\\/2023\\\/01\\\/Photo-produit-planche-foils-et-packs-15.png\",\"datePublished\":\"2023-01-03T12:15:27+00:00\",\"dateModified\":\"2025-06-26T16:01:36+00:00\",\"description\":\"Das Pocket ist ein Pump- foil board f\u00fcr Dockstart und Wake-foil, Kite-foil oder Surf-foil im Schlepptau. Es ist gef\u00fcrchtet beim Pumping und Carving.\",\"breadcrumb\":{\"@id\":\"https:\\\/\\\/srokacompany.com\\\/de\\\/produkt\\\/pocket-40-foilboard-pumping-wake-kite-tow\\\/#breadcrumb\"},\"inLanguage\":\"de\",\"potentialAction\":[{\"@type\":\"ReadAction\",\"target\":[\"https:\\\/\\\/srokacompany.com\\\/de\\\/produkt\\\/pocket-40-foilboard-pumping-wake-kite-tow\\\/\"]}]},{\"@type\":\"ImageObject\",\"inLanguage\":\"de\",\"@id\":\"https:\\\/\\\/srokacompany.com\\\/de\\\/produkt\\\/pocket-40-foilboard-pumping-wake-kite-tow\\\/#primaryimage\",\"url\":\"https:\\\/\\\/srokacompany.com\\\/wp-content\\\/uploads\\\/2023\\\/01\\\/Photo-produit-planche-foils-et-packs-15.png\",\"contentUrl\":\"https:\\\/\\\/srokacompany.com\\\/wp-content\\\/uploads\\\/2023\\\/01\\\/Photo-produit-planche-foils-et-packs-15.png\",\"width\":740,\"height\":1080},{\"@type\":\"BreadcrumbList\",\"@id\":\"https:\\\/\\\/srokacompany.com\\\/de\\\/produkt\\\/pocket-40-foilboard-pumping-wake-kite-tow\\\/#breadcrumb\",\"itemListElement\":[{\"@type\":\"ListItem\",\"position\":1,\"name\":\"Accueil\",\"item\":\"https:\\\/\\\/srokacompany.com\\\/de\\\/\"},{\"@type\":\"ListItem\",\"position\":2,\"name\":\"Laden\",\"item\":\"https:\\\/\\\/srokacompany.com\\\/laden\\\/\"},{\"@type\":\"ListItem\",\"position\":3,\"name\":\"Pocket 4&#8217;0 Foilboard &#8211; Pumping \\\/ Wake \\\/ Kite \\\/ Tow\"}]},{\"@type\":\"WebSite\",\"@id\":\"https:\\\/\\\/srokacompany.com\\\/de\\\/#website\",\"url\":\"https:\\\/\\\/srokacompany.com\\\/de\\\/\",\"name\":\"SROKA Company\",\"description\":\"SUP, Kite, Foil, Wing\",\"publisher\":{\"@id\":\"https:\\\/\\\/srokacompany.com\\\/de\\\/#organization\"},\"potentialAction\":[{\"@type\":\"SearchAction\",\"target\":{\"@type\":\"EntryPoint\",\"urlTemplate\":\"https:\\\/\\\/srokacompany.com\\\/de\\\/?s={search_term_string}\"},\"query-input\":{\"@type\":\"PropertyValueSpecification\",\"valueRequired\":true,\"valueName\":\"search_term_string\"}}],\"inLanguage\":\"de\"},{\"@type\":\"Organization\",\"@id\":\"https:\\\/\\\/srokacompany.com\\\/de\\\/#organization\",\"name\":\"SROKACOMPANY\",\"alternateName\":\"SROKA\",\"url\":\"https:\\\/\\\/srokacompany.com\\\/de\\\/\",\"logo\":{\"@type\":\"ImageObject\",\"inLanguage\":\"de\",\"@id\":\"https:\\\/\\\/srokacompany.com\\\/de\\\/#\\\/schema\\\/logo\\\/image\\\/\",\"url\":\"https:\\\/\\\/srokacompany.com\\\/wp-content\\\/uploads\\\/2021\\\/01\\\/logo-sroka-black-transpa.png\",\"contentUrl\":\"https:\\\/\\\/srokacompany.com\\\/wp-content\\\/uploads\\\/2021\\\/01\\\/logo-sroka-black-transpa.png\",\"width\":1201,\"height\":342,\"caption\":\"SROKACOMPANY\"},\"image\":{\"@id\":\"https:\\\/\\\/srokacompany.com\\\/de\\\/#\\\/schema\\\/logo\\\/image\\\/\"},\"sameAs\":[\"https:\\\/\\\/www.facebook.com\\\/srokawatersports\\\/\",\"https:\\\/\\\/www.instagram.com\\\/srokawatersports\\\/\",\"https:\\\/\\\/www.youtube.com\\\/channel\\\/UCVLHHeaPIm-J5bdEUgxqtZA\"]}]}<\/script>\n<!-- \/ Yoast SEO plugin. -->","yoast_head_json":{"title":"Pocket 4'0 Foilboard - Pumping \/ Wake \/ Kite \/ Tow - SROKA Company","description":"Das Pocket ist ein Pump- foil board f\u00fcr Dockstart und Wake-foil, Kite-foil oder Surf-foil im Schlepptau. Es ist gef\u00fcrchtet beim Pumping und Carving.","robots":{"index":"index","follow":"follow","max-snippet":"max-snippet:-1","max-image-preview":"max-image-preview:large","max-video-preview":"max-video-preview:-1"},"canonical":"https:\/\/srokacompany.com\/de\/produkt\/pocket-40-foilboard-pumping-wake-kite-tow\/","og_locale":"de_DE","og_type":"article","og_title":"Pocket 4'0 Foilboard - Pumping \/ Wake \/ Kite \/ Tow - SROKA Company","og_description":"Das Pocket ist ein Pump- foil board f\u00fcr Dockstart und Wake-foil, Kite-foil oder Surf-foil im Schlepptau. Es ist gef\u00fcrchtet beim Pumping und Carving.","og_url":"https:\/\/srokacompany.com\/de\/produkt\/pocket-40-foilboard-pumping-wake-kite-tow\/","og_site_name":"SROKA Company","article_publisher":"https:\/\/www.facebook.com\/srokawatersports\/","article_modified_time":"2025-06-26T16:01:36+00:00","og_image":[{"width":740,"height":1080,"url":"https:\/\/srokacompany.com\/wp-content\/uploads\/2023\/01\/Photo-produit-planche-foils-et-packs-15.png","type":"image\/png"}],"twitter_misc":{"Gesch\u00e4tzte Lesezeit":"1\u00a0Minute"},"schema":{"@context":"https:\/\/schema.org","@graph":[{"@type":"WebPage","@id":"https:\/\/srokacompany.com\/de\/produkt\/pocket-40-foilboard-pumping-wake-kite-tow\/","url":"https:\/\/srokacompany.com\/de\/produkt\/pocket-40-foilboard-pumping-wake-kite-tow\/","name":"Pocket 4'0 Foilboard - Pumping \/ Wake \/ Kite \/ Tow - SROKA Company","isPartOf":{"@id":"https:\/\/srokacompany.com\/de\/#website"},"primaryImageOfPage":{"@id":"https:\/\/srokacompany.com\/de\/produkt\/pocket-40-foilboard-pumping-wake-kite-tow\/#primaryimage"},"image":{"@id":"https:\/\/srokacompany.com\/de\/produkt\/pocket-40-foilboard-pumping-wake-kite-tow\/#primaryimage"},"thumbnailUrl":"https:\/\/srokacompany.com\/wp-content\/uploads\/2023\/01\/Photo-produit-planche-foils-et-packs-15.png","datePublished":"2023-01-03T12:15:27+00:00","dateModified":"2025-06-26T16:01:36+00:00","description":"Das Pocket ist ein Pump- foil board f\u00fcr Dockstart und Wake-foil, Kite-foil oder Surf-foil im Schlepptau. Es ist gef\u00fcrchtet beim Pumping und Carving.","breadcrumb":{"@id":"https:\/\/srokacompany.com\/de\/produkt\/pocket-40-foilboard-pumping-wake-kite-tow\/#breadcrumb"},"inLanguage":"de","potentialAction":[{"@type":"ReadAction","target":["https:\/\/srokacompany.com\/de\/produkt\/pocket-40-foilboard-pumping-wake-kite-tow\/"]}]},{"@type":"ImageObject","inLanguage":"de","@id":"https:\/\/srokacompany.com\/de\/produkt\/pocket-40-foilboard-pumping-wake-kite-tow\/#primaryimage","url":"https:\/\/srokacompany.com\/wp-content\/uploads\/2023\/01\/Photo-produit-planche-foils-et-packs-15.png","contentUrl":"https:\/\/srokacompany.com\/wp-content\/uploads\/2023\/01\/Photo-produit-planche-foils-et-packs-15.png","width":740,"height":1080},{"@type":"BreadcrumbList","@id":"https:\/\/srokacompany.com\/de\/produkt\/pocket-40-foilboard-pumping-wake-kite-tow\/#breadcrumb","itemListElement":[{"@type":"ListItem","position":1,"name":"Accueil","item":"https:\/\/srokacompany.com\/de\/"},{"@type":"ListItem","position":2,"name":"Laden","item":"https:\/\/srokacompany.com\/laden\/"},{"@type":"ListItem","position":3,"name":"Pocket 4&#8217;0 Foilboard &#8211; Pumping \/ Wake \/ Kite \/ Tow"}]},{"@type":"WebSite","@id":"https:\/\/srokacompany.com\/de\/#website","url":"https:\/\/srokacompany.com\/de\/","name":"SROKA Company","description":"SUP, Kite, Foil, Wing","publisher":{"@id":"https:\/\/srokacompany.com\/de\/#organization"},"potentialAction":[{"@type":"SearchAction","target":{"@type":"EntryPoint","urlTemplate":"https:\/\/srokacompany.com\/de\/?s={search_term_string}"},"query-input":{"@type":"PropertyValueSpecification","valueRequired":true,"valueName":"search_term_string"}}],"inLanguage":"de"},{"@type":"Organization","@id":"https:\/\/srokacompany.com\/de\/#organization","name":"SROKACOMPANY","alternateName":"SROKA","url":"https:\/\/srokacompany.com\/de\/","logo":{"@type":"ImageObject","inLanguage":"de","@id":"https:\/\/srokacompany.com\/de\/#\/schema\/logo\/image\/","url":"https:\/\/srokacompany.com\/wp-content\/uploads\/2021\/01\/logo-sroka-black-transpa.png","contentUrl":"https:\/\/srokacompany.com\/wp-content\/uploads\/2021\/01\/logo-sroka-black-transpa.png","width":1201,"height":342,"caption":"SROKACOMPANY"},"image":{"@id":"https:\/\/srokacompany.com\/de\/#\/schema\/logo\/image\/"},"sameAs":["https:\/\/www.facebook.com\/srokawatersports\/","https:\/\/www.instagram.com\/srokawatersports\/","https:\/\/www.youtube.com\/channel\/UCVLHHeaPIm-J5bdEUgxqtZA"]}]}},"uagb_featured_image_src":{"full":["https:\/\/srokacompany.com\/wp-content\/uploads\/2023\/01\/Photo-produit-planche-foils-et-packs-15.png",740,1080,false],"thumbnail":["https:\/\/srokacompany.com\/wp-content\/uploads\/2023\/01\/Photo-produit-planche-foils-et-packs-15-150x150.png",150,150,true],"medium":["https:\/\/srokacompany.com\/wp-content\/uploads\/2023\/01\/Photo-produit-planche-foils-et-packs-15-206x300.png",206,300,true],"medium_large":["https:\/\/srokacompany.com\/wp-content\/uploads\/2023\/01\/Photo-produit-planche-foils-et-packs-15.png",740,1080,false],"large":["https:\/\/srokacompany.com\/wp-content\/uploads\/2023\/01\/Photo-produit-planche-foils-et-packs-15-702x1024.png",702,1024,true],"1536x1536":["https:\/\/srokacompany.com\/wp-content\/uploads\/2023\/01\/Photo-produit-planche-foils-et-packs-15.png",740,1080,false],"2048x2048":["https:\/\/srokacompany.com\/wp-content\/uploads\/2023\/01\/Photo-produit-planche-foils-et-packs-15.png",740,1080,false],"woocommerce_thumbnail":["https:\/\/srokacompany.com\/wp-content\/uploads\/2023\/01\/Photo-produit-planche-foils-et-packs-15-600x876.png",600,876,true],"woocommerce_single":["https:\/\/srokacompany.com\/wp-content\/uploads\/2023\/01\/Photo-produit-planche-foils-et-packs-15-600x876.png",600,876,true],"woocommerce_gallery_thumbnail":["https:\/\/srokacompany.com\/wp-content\/uploads\/2023\/01\/Photo-produit-planche-foils-et-packs-15-100x100.png",100,100,true],"dgwt-wcas-product-suggestion":["https:\/\/srokacompany.com\/wp-content\/uploads\/2023\/01\/Photo-produit-planche-foils-et-packs-15.png",64,93,false]},"uagb_author_info":{"display_name":"Emmanuel DIJOUX","author_link":"https:\/\/srokacompany.com\/de\/blog\/author\/"},"uagb_comment_info":0,"uagb_excerpt":"&#8222;Das beste Board, um kilometerlange Pumpingstrecken zur\u00fcckzulegen&#8220; Das Pocket ist f\u00fcr den dockstart und Wake-foil, Surf -foil gezogen oder Kite-foil. Seine geringe Gr\u00f6\u00dfe, Steifigkeit und Leichtigkeit verleihen ihm eine au\u00dfergew\u00f6hnliche Pr\u00e4zision und machen ihn zu einem beeindruckenden Pump&#8211; und Carving-Board. Sie werden in der Lage sein, lange Strecken unter den besten Bedingungen zu pumpen. Die&hellip;","jetpack_sharing_enabled":true,"_links":{"self":[{"href":"https:\/\/srokacompany.com\/de\/wp-json\/wp\/v2\/product\/343264","targetHints":{"allow":["GET"]}}],"collection":[{"href":"https:\/\/srokacompany.com\/de\/wp-json\/wp\/v2\/product"}],"about":[{"href":"https:\/\/srokacompany.com\/de\/wp-json\/wp\/v2\/types\/product"}],"wp:featuredmedia":[{"embeddable":true,"href":"https:\/\/srokacompany.com\/de\/wp-json\/wp\/v2\/media\/343281"}],"wp:attachment":[{"href":"https:\/\/srokacompany.com\/de\/wp-json\/wp\/v2\/media?parent=343264"}],"wp:term":[{"taxonomy":"product_brand","embeddable":true,"href":"https:\/\/srokacompany.com\/de\/wp-json\/wp\/v2\/product_brand?post=343264"},{"taxonomy":"product_cat","embeddable":true,"href":"https:\/\/srokacompany.com\/de\/wp-json\/wp\/v2\/product_cat?post=343264"},{"taxonomy":"product_tag","embeddable":true,"href":"https:\/\/srokacompany.com\/de\/wp-json\/wp\/v2\/product_tag?post=343264"}],"curies":[{"name":"wp","href":"https:\/\/api.w.org\/{rel}","templated":true}]}}