{"id":343341,"date":"2023-02-14T08:32:12","date_gmt":"2023-02-14T08:32:12","guid":{"rendered":"https:\/\/srokacompany.com\/produit\/pack-wing-foil-sky-rider-s-foil-klassik-wing-v4\/"},"modified":"2025-10-31T19:12:27","modified_gmt":"2025-10-31T17:12:27","slug":"pack-wing-foil-sky-rider-s-foil-klassik-wing-v4","status":"publish","type":"product","link":"https:\/\/srokacompany.com\/de\/produkt\/pack-wing-foil-sky-rider-s-foil-klassik-wing-v4\/","title":{"rendered":"Pack Wing foil Rigid Sky Rider + S-Foil Classique + Wing V4"},"content":{"rendered":"<hr>\n<h3 class=\"p1\"><b><i>&#8222;Das ideale Paket Wing Foil , um unendlich viele Fortschritte zu machen, ohne alle drei Monate die Ausr\u00fcstung wechseln zu m\u00fcssen&#8220;.<\/i><\/b><\/h3>\n<p class=\"p1\">Dieses Paket besteht aus einem <b>Sky Rider V2 Hardboard der neuen Generation<\/b>, einem <b>S-foil Classique<\/b> und einem <b>Wing V4<\/b> zu einem ausgezeichneten Preis-Leistungs-Verh\u00e4ltnis.<\/p>\n<p class=\"p1\">Die neuen Generationen von Sky Riders sind noch mehr<span class=\"Apple-converted-space\">  <\/span>leistungsst\u00e4rker, wendiger und kompakter. Wir behalten einen <b>ultra-polyvalenten Shape (&#8222;Tomo&#8220;-Typ)<\/b> bei, der es dir erm\u00f6glicht, <b>Fortschritte<\/b> zu machen, ohne durch die Gr\u00f6\u00dfe des Boards eingeschr\u00e4nkt zu werden. Die neuen Shapes sind k\u00fcrzer und kompakter bei gleichem Volumen, was ihnen mehr Wendigkeit und Kontrolle verleiht, ohne die Benutzerfreundlichkeit zu beeintr\u00e4chtigen. Da wir darauf bedacht sind, Ihnen <b>widerstandsf\u00e4hige und langlebige Boards <\/b>anzubieten, verwenden wir die <b>PVC-Sandwich-Konstruktion mit Kohlefaserverst\u00e4rkungen<\/b>.   <\/p>\n<p class=\"p1\">Der Wing V4 bietet dir ein Maximum an Leistung, Stabilit\u00e4t und Vielseitigkeit. Du musst keine Kites mehr in deinem Quiver anh\u00e4ufen, mit zwei Gr\u00f6\u00dfen deckst du 90% deiner Windbedingungen ab. <\/p>\n","protected":false},"excerpt":{"rendered":"<p>Wing Foil Rigid Pack Complete. Sky rider 6&#8217;0 \/ 5&#8217;7 \/ 5&#8217;4; Sfoil 1500 bis 2000 Und Wing V4 von 3,4 bis 6 m Ideal f\u00fcr schnelle Fortschritte, mit der Zeit entwicklungsf\u00e4hig. <\/p>\n","protected":false},"featured_media":343348,"template":"","meta":{"_acf_changed":false,"_uag_custom_page_level_css":""},"product_brand":[],"product_cat":[3671,3453],"product_tag":[3441,3442],"class_list":{"0":"post-343341","1":"product","2":"type-product","3":"status-publish","4":"has-post-thumbnail","6":"product_cat-pack-wing-foil-ihr-komplettes-set-fur-unvergessliche-erlebnisse","7":"product_cat-wing-foil-de","8":"product_tag-anfanger","9":"product_tag-schlau","10":"product_shipping_class-wing-pack-komplett-hart","12":"first","13":"instock","14":"taxable","15":"shipping-taxable","16":"purchasable","17":"product-type-woosb"},"acf":[],"yoast_head":"<!-- This site is optimized with the Yoast SEO plugin v27.4 - https:\/\/yoast.com\/product\/yoast-seo-wordpress\/ -->\n<title>Pack Wing foil Rigid Sroka: Sky Rider Board, Sfoil, Wing V4<\/title>\n<meta name=\"description\" content=\"Pack Wing foil Rigid Sroka: die Gewinner-Kombo, um im Wingfoil Fortschritte zu machen. Leistungsstarke, vielseitige und langlebige Ausr\u00fcstung. Schauen Sie sich die Details hier an.\" \/>\n<meta name=\"robots\" content=\"index, follow, max-snippet:-1, max-image-preview:large, max-video-preview:-1\" \/>\n<link rel=\"canonical\" href=\"https:\/\/srokacompany.com\/de\/produkt\/pack-wing-foil-sky-rider-s-foil-klassik-wing-v4\/\" \/>\n<meta property=\"og:locale\" content=\"de_DE\" \/>\n<meta property=\"og:type\" content=\"article\" \/>\n<meta property=\"og:title\" content=\"Pack Wing foil Rigid Sroka: Sky Rider Board, Sfoil, Wing V4\" \/>\n<meta property=\"og:description\" content=\"Pack Wing foil Rigid Sroka: die Gewinner-Kombo, um im Wingfoil Fortschritte zu machen. Leistungsstarke, vielseitige und langlebige Ausr\u00fcstung. Schauen Sie sich die Details hier an.\" \/>\n<meta property=\"og:url\" content=\"https:\/\/srokacompany.com\/de\/produkt\/pack-wing-foil-sky-rider-s-foil-klassik-wing-v4\/\" \/>\n<meta property=\"og:site_name\" content=\"SROKA Company\" \/>\n<meta property=\"article:publisher\" content=\"https:\/\/www.facebook.com\/srokawatersports\/\" \/>\n<meta property=\"article:modified_time\" content=\"2025-10-31T17:12:27+00:00\" \/>\n<meta property=\"og:image\" content=\"https:\/\/srokacompany.com\/wp-content\/uploads\/2023\/02\/Pack-wing-foil-SROKA.jpg\" \/>\n\t<meta property=\"og:image:width\" content=\"1080\" \/>\n\t<meta property=\"og:image:height\" content=\"1080\" \/>\n\t<meta property=\"og:image:type\" content=\"image\/jpeg\" \/>\n<meta name=\"twitter:label1\" content=\"Gesch\u00e4tzte Lesezeit\" \/>\n\t<meta name=\"twitter:data1\" content=\"1\u00a0Minute\" \/>\n<script type=\"application\/ld+json\" class=\"yoast-schema-graph\">{\"@context\":\"https:\\\/\\\/schema.org\",\"@graph\":[{\"@type\":\"WebPage\",\"@id\":\"https:\\\/\\\/srokacompany.com\\\/de\\\/produkt\\\/pack-wing-foil-sky-rider-s-foil-klassik-wing-v4\\\/\",\"url\":\"https:\\\/\\\/srokacompany.com\\\/de\\\/produkt\\\/pack-wing-foil-sky-rider-s-foil-klassik-wing-v4\\\/\",\"name\":\"Pack Wing foil Rigid Sroka: Sky Rider Board, Sfoil, Wing V4\",\"isPartOf\":{\"@id\":\"https:\\\/\\\/srokacompany.com\\\/de\\\/#website\"},\"primaryImageOfPage\":{\"@id\":\"https:\\\/\\\/srokacompany.com\\\/de\\\/produkt\\\/pack-wing-foil-sky-rider-s-foil-klassik-wing-v4\\\/#primaryimage\"},\"image\":{\"@id\":\"https:\\\/\\\/srokacompany.com\\\/de\\\/produkt\\\/pack-wing-foil-sky-rider-s-foil-klassik-wing-v4\\\/#primaryimage\"},\"thumbnailUrl\":\"https:\\\/\\\/srokacompany.com\\\/wp-content\\\/uploads\\\/2023\\\/02\\\/Pack-wing-foil-SROKA.jpg\",\"datePublished\":\"2023-02-14T08:32:12+00:00\",\"dateModified\":\"2025-10-31T17:12:27+00:00\",\"description\":\"Pack Wing foil Rigid Sroka: die Gewinner-Kombo, um im Wingfoil Fortschritte zu machen. Leistungsstarke, vielseitige und langlebige Ausr\u00fcstung. Schauen Sie sich die Details hier an.\",\"breadcrumb\":{\"@id\":\"https:\\\/\\\/srokacompany.com\\\/de\\\/produkt\\\/pack-wing-foil-sky-rider-s-foil-klassik-wing-v4\\\/#breadcrumb\"},\"inLanguage\":\"de\",\"potentialAction\":[{\"@type\":\"ReadAction\",\"target\":[\"https:\\\/\\\/srokacompany.com\\\/de\\\/produkt\\\/pack-wing-foil-sky-rider-s-foil-klassik-wing-v4\\\/\"]}]},{\"@type\":\"ImageObject\",\"inLanguage\":\"de\",\"@id\":\"https:\\\/\\\/srokacompany.com\\\/de\\\/produkt\\\/pack-wing-foil-sky-rider-s-foil-klassik-wing-v4\\\/#primaryimage\",\"url\":\"https:\\\/\\\/srokacompany.com\\\/wp-content\\\/uploads\\\/2023\\\/02\\\/Pack-wing-foil-SROKA.jpg\",\"contentUrl\":\"https:\\\/\\\/srokacompany.com\\\/wp-content\\\/uploads\\\/2023\\\/02\\\/Pack-wing-foil-SROKA.jpg\",\"width\":1080,\"height\":1080,\"caption\":\"Pack wing foil ideal f\u00fcr Anf\u00e4nger\"},{\"@type\":\"BreadcrumbList\",\"@id\":\"https:\\\/\\\/srokacompany.com\\\/de\\\/produkt\\\/pack-wing-foil-sky-rider-s-foil-klassik-wing-v4\\\/#breadcrumb\",\"itemListElement\":[{\"@type\":\"ListItem\",\"position\":1,\"name\":\"Accueil\",\"item\":\"https:\\\/\\\/srokacompany.com\\\/de\\\/\"},{\"@type\":\"ListItem\",\"position\":2,\"name\":\"Laden\",\"item\":\"https:\\\/\\\/srokacompany.com\\\/laden\\\/\"},{\"@type\":\"ListItem\",\"position\":3,\"name\":\"Pack Wing foil Rigid Sky Rider + S-Foil Classique + Wing V4\"}]},{\"@type\":\"WebSite\",\"@id\":\"https:\\\/\\\/srokacompany.com\\\/de\\\/#website\",\"url\":\"https:\\\/\\\/srokacompany.com\\\/de\\\/\",\"name\":\"SROKA Company\",\"description\":\"SUP, Kite, Foil, Wing\",\"publisher\":{\"@id\":\"https:\\\/\\\/srokacompany.com\\\/de\\\/#organization\"},\"potentialAction\":[{\"@type\":\"SearchAction\",\"target\":{\"@type\":\"EntryPoint\",\"urlTemplate\":\"https:\\\/\\\/srokacompany.com\\\/de\\\/?s={search_term_string}\"},\"query-input\":{\"@type\":\"PropertyValueSpecification\",\"valueRequired\":true,\"valueName\":\"search_term_string\"}}],\"inLanguage\":\"de\"},{\"@type\":\"Organization\",\"@id\":\"https:\\\/\\\/srokacompany.com\\\/de\\\/#organization\",\"name\":\"SROKACOMPANY\",\"alternateName\":\"SROKA\",\"url\":\"https:\\\/\\\/srokacompany.com\\\/de\\\/\",\"logo\":{\"@type\":\"ImageObject\",\"inLanguage\":\"de\",\"@id\":\"https:\\\/\\\/srokacompany.com\\\/de\\\/#\\\/schema\\\/logo\\\/image\\\/\",\"url\":\"https:\\\/\\\/srokacompany.com\\\/wp-content\\\/uploads\\\/2021\\\/01\\\/logo-sroka-black-transpa.png\",\"contentUrl\":\"https:\\\/\\\/srokacompany.com\\\/wp-content\\\/uploads\\\/2021\\\/01\\\/logo-sroka-black-transpa.png\",\"width\":1201,\"height\":342,\"caption\":\"SROKACOMPANY\"},\"image\":{\"@id\":\"https:\\\/\\\/srokacompany.com\\\/de\\\/#\\\/schema\\\/logo\\\/image\\\/\"},\"sameAs\":[\"https:\\\/\\\/www.facebook.com\\\/srokawatersports\\\/\",\"https:\\\/\\\/www.instagram.com\\\/srokawatersports\\\/\",\"https:\\\/\\\/www.youtube.com\\\/channel\\\/UCVLHHeaPIm-J5bdEUgxqtZA\"]}]}<\/script>\n<!-- \/ Yoast SEO plugin. -->","yoast_head_json":{"title":"Pack Wing foil Rigid Sroka: Sky Rider Board, Sfoil, Wing V4","description":"Pack Wing foil Rigid Sroka: die Gewinner-Kombo, um im Wingfoil Fortschritte zu machen. Leistungsstarke, vielseitige und langlebige Ausr\u00fcstung. Schauen Sie sich die Details hier an.","robots":{"index":"index","follow":"follow","max-snippet":"max-snippet:-1","max-image-preview":"max-image-preview:large","max-video-preview":"max-video-preview:-1"},"canonical":"https:\/\/srokacompany.com\/de\/produkt\/pack-wing-foil-sky-rider-s-foil-klassik-wing-v4\/","og_locale":"de_DE","og_type":"article","og_title":"Pack Wing foil Rigid Sroka: Sky Rider Board, Sfoil, Wing V4","og_description":"Pack Wing foil Rigid Sroka: die Gewinner-Kombo, um im Wingfoil Fortschritte zu machen. Leistungsstarke, vielseitige und langlebige Ausr\u00fcstung. Schauen Sie sich die Details hier an.","og_url":"https:\/\/srokacompany.com\/de\/produkt\/pack-wing-foil-sky-rider-s-foil-klassik-wing-v4\/","og_site_name":"SROKA Company","article_publisher":"https:\/\/www.facebook.com\/srokawatersports\/","article_modified_time":"2025-10-31T17:12:27+00:00","og_image":[{"width":1080,"height":1080,"url":"https:\/\/srokacompany.com\/wp-content\/uploads\/2023\/02\/Pack-wing-foil-SROKA.jpg","type":"image\/jpeg"}],"twitter_misc":{"Gesch\u00e4tzte Lesezeit":"1\u00a0Minute"},"schema":{"@context":"https:\/\/schema.org","@graph":[{"@type":"WebPage","@id":"https:\/\/srokacompany.com\/de\/produkt\/pack-wing-foil-sky-rider-s-foil-klassik-wing-v4\/","url":"https:\/\/srokacompany.com\/de\/produkt\/pack-wing-foil-sky-rider-s-foil-klassik-wing-v4\/","name":"Pack Wing foil Rigid Sroka: Sky Rider Board, Sfoil, Wing V4","isPartOf":{"@id":"https:\/\/srokacompany.com\/de\/#website"},"primaryImageOfPage":{"@id":"https:\/\/srokacompany.com\/de\/produkt\/pack-wing-foil-sky-rider-s-foil-klassik-wing-v4\/#primaryimage"},"image":{"@id":"https:\/\/srokacompany.com\/de\/produkt\/pack-wing-foil-sky-rider-s-foil-klassik-wing-v4\/#primaryimage"},"thumbnailUrl":"https:\/\/srokacompany.com\/wp-content\/uploads\/2023\/02\/Pack-wing-foil-SROKA.jpg","datePublished":"2023-02-14T08:32:12+00:00","dateModified":"2025-10-31T17:12:27+00:00","description":"Pack Wing foil Rigid Sroka: die Gewinner-Kombo, um im Wingfoil Fortschritte zu machen. Leistungsstarke, vielseitige und langlebige Ausr\u00fcstung. Schauen Sie sich die Details hier an.","breadcrumb":{"@id":"https:\/\/srokacompany.com\/de\/produkt\/pack-wing-foil-sky-rider-s-foil-klassik-wing-v4\/#breadcrumb"},"inLanguage":"de","potentialAction":[{"@type":"ReadAction","target":["https:\/\/srokacompany.com\/de\/produkt\/pack-wing-foil-sky-rider-s-foil-klassik-wing-v4\/"]}]},{"@type":"ImageObject","inLanguage":"de","@id":"https:\/\/srokacompany.com\/de\/produkt\/pack-wing-foil-sky-rider-s-foil-klassik-wing-v4\/#primaryimage","url":"https:\/\/srokacompany.com\/wp-content\/uploads\/2023\/02\/Pack-wing-foil-SROKA.jpg","contentUrl":"https:\/\/srokacompany.com\/wp-content\/uploads\/2023\/02\/Pack-wing-foil-SROKA.jpg","width":1080,"height":1080,"caption":"Pack wing foil ideal f\u00fcr Anf\u00e4nger"},{"@type":"BreadcrumbList","@id":"https:\/\/srokacompany.com\/de\/produkt\/pack-wing-foil-sky-rider-s-foil-klassik-wing-v4\/#breadcrumb","itemListElement":[{"@type":"ListItem","position":1,"name":"Accueil","item":"https:\/\/srokacompany.com\/de\/"},{"@type":"ListItem","position":2,"name":"Laden","item":"https:\/\/srokacompany.com\/laden\/"},{"@type":"ListItem","position":3,"name":"Pack Wing foil Rigid Sky Rider + S-Foil Classique + Wing V4"}]},{"@type":"WebSite","@id":"https:\/\/srokacompany.com\/de\/#website","url":"https:\/\/srokacompany.com\/de\/","name":"SROKA Company","description":"SUP, Kite, Foil, Wing","publisher":{"@id":"https:\/\/srokacompany.com\/de\/#organization"},"potentialAction":[{"@type":"SearchAction","target":{"@type":"EntryPoint","urlTemplate":"https:\/\/srokacompany.com\/de\/?s={search_term_string}"},"query-input":{"@type":"PropertyValueSpecification","valueRequired":true,"valueName":"search_term_string"}}],"inLanguage":"de"},{"@type":"Organization","@id":"https:\/\/srokacompany.com\/de\/#organization","name":"SROKACOMPANY","alternateName":"SROKA","url":"https:\/\/srokacompany.com\/de\/","logo":{"@type":"ImageObject","inLanguage":"de","@id":"https:\/\/srokacompany.com\/de\/#\/schema\/logo\/image\/","url":"https:\/\/srokacompany.com\/wp-content\/uploads\/2021\/01\/logo-sroka-black-transpa.png","contentUrl":"https:\/\/srokacompany.com\/wp-content\/uploads\/2021\/01\/logo-sroka-black-transpa.png","width":1201,"height":342,"caption":"SROKACOMPANY"},"image":{"@id":"https:\/\/srokacompany.com\/de\/#\/schema\/logo\/image\/"},"sameAs":["https:\/\/www.facebook.com\/srokawatersports\/","https:\/\/www.instagram.com\/srokawatersports\/","https:\/\/www.youtube.com\/channel\/UCVLHHeaPIm-J5bdEUgxqtZA"]}]}},"uagb_featured_image_src":{"full":["https:\/\/srokacompany.com\/wp-content\/uploads\/2023\/02\/Pack-wing-foil-SROKA.jpg",1080,1080,false],"thumbnail":["https:\/\/srokacompany.com\/wp-content\/uploads\/2023\/02\/Pack-wing-foil-SROKA-150x150.jpg",150,150,true],"medium":["https:\/\/srokacompany.com\/wp-content\/uploads\/2023\/02\/Pack-wing-foil-SROKA-300x300.jpg",300,300,true],"medium_large":["https:\/\/srokacompany.com\/wp-content\/uploads\/2023\/02\/Pack-wing-foil-SROKA-768x768.jpg",768,768,true],"large":["https:\/\/srokacompany.com\/wp-content\/uploads\/2023\/02\/Pack-wing-foil-SROKA-1024x1024.jpg",1024,1024,true],"1536x1536":["https:\/\/srokacompany.com\/wp-content\/uploads\/2023\/02\/Pack-wing-foil-SROKA.jpg",1080,1080,false],"2048x2048":["https:\/\/srokacompany.com\/wp-content\/uploads\/2023\/02\/Pack-wing-foil-SROKA.jpg",1080,1080,false],"woocommerce_thumbnail":["https:\/\/srokacompany.com\/wp-content\/uploads\/2023\/02\/Pack-wing-foil-SROKA-600x600.jpg",600,600,true],"woocommerce_single":["https:\/\/srokacompany.com\/wp-content\/uploads\/2023\/02\/Pack-wing-foil-SROKA-600x600.jpg",600,600,true],"woocommerce_gallery_thumbnail":["https:\/\/srokacompany.com\/wp-content\/uploads\/2023\/02\/Pack-wing-foil-SROKA-100x100.jpg",100,100,true],"dgwt-wcas-product-suggestion":["https:\/\/srokacompany.com\/wp-content\/uploads\/2023\/02\/Pack-wing-foil-SROKA.jpg",64,64,false]},"uagb_author_info":{"display_name":"Emmanuel DIJOUX","author_link":"https:\/\/srokacompany.com\/de\/blog\/author\/"},"uagb_comment_info":0,"uagb_excerpt":"Wing Foil Rigid Pack Complete. Sky rider 6'0 \/ 5'7 \/ 5'4; Sfoil 1500 bis 2000 Und Wing V4 von 3,4 bis 6 m Ideal f\u00fcr schnelle Fortschritte, mit der Zeit entwicklungsf\u00e4hig.","jetpack_sharing_enabled":true,"_links":{"self":[{"href":"https:\/\/srokacompany.com\/de\/wp-json\/wp\/v2\/product\/343341","targetHints":{"allow":["GET"]}}],"collection":[{"href":"https:\/\/srokacompany.com\/de\/wp-json\/wp\/v2\/product"}],"about":[{"href":"https:\/\/srokacompany.com\/de\/wp-json\/wp\/v2\/types\/product"}],"wp:featuredmedia":[{"embeddable":true,"href":"https:\/\/srokacompany.com\/de\/wp-json\/wp\/v2\/media\/343348"}],"wp:attachment":[{"href":"https:\/\/srokacompany.com\/de\/wp-json\/wp\/v2\/media?parent=343341"}],"wp:term":[{"taxonomy":"product_brand","embeddable":true,"href":"https:\/\/srokacompany.com\/de\/wp-json\/wp\/v2\/product_brand?post=343341"},{"taxonomy":"product_cat","embeddable":true,"href":"https:\/\/srokacompany.com\/de\/wp-json\/wp\/v2\/product_cat?post=343341"},{"taxonomy":"product_tag","embeddable":true,"href":"https:\/\/srokacompany.com\/de\/wp-json\/wp\/v2\/product_tag?post=343341"}],"curies":[{"name":"wp","href":"https:\/\/api.w.org\/{rel}","templated":true}]}}