{"id":343512,"date":"2023-04-17T14:11:30","date_gmt":"2023-04-17T14:11:30","guid":{"rendered":"https:\/\/srokacompany.com\/produit\/s-foil-control-950\/"},"modified":"2025-11-25T10:30:46","modified_gmt":"2025-11-25T08:30:46","slug":"s-foil-control-950","status":"publish","type":"product","link":"https:\/\/srokacompany.com\/de\/produkt\/s-foil-control-950\/","title":{"rendered":"S-foil Control 950"},"content":{"rendered":"<hr>\n<h2>Der 950 Control: Freeriden und Wing-Surfen foil auf dem H\u00f6hepunkt<\/h2>\n<p>Mit dem Foil 950 Control erreicht das Freeride-Erlebnis mit dem Wing foil eine neue Dimension. Gleite mit unvergleichlicher Leichtigkeit, beherrsche deine Kurven mit absoluter Pr\u00e4zision. Entwickelt f\u00fcr au\u00dfergew\u00f6hnliches Handling, Flow und Pr\u00e4zision.  <\/p>\n<p>Das Foil 950 Control ist dein vielseitiger Partner, um die Freuden des Freeridens mit dem Wing foil zu erkunden. Seine mittlere \u00dcbersetzung sorgt f\u00fcr eine fl\u00fcssige Kurve und optimale Geschwindigkeit, sowohl auf offenem Wasser als auch in der Welle. Sein Profil sorgt bereits bei niedrigen Geschwindigkeiten f\u00fcr Auftrieb, was progressive und schnelle Starts erleichtert. Dank seines Kurvendesigns beh\u00e4ltst du in den Kurven die optimale Kontrolle und vermeidest gleichzeitig Unwuchten.   <\/p>\n<p>Das leise Rauschen des Wassers, wenn es sich n\u00e4hert, warnt Sie subtil und verhindert so einen Str\u00f6mungsabriss.<\/p>\n<p><a href=\"https:\/\/srokacompany.com\/de\/blog\/neu-s-foil-950-high-aspect-speed\/\">Diese neue Foil-Finne aus 950er<\/a> Material sorgt f\u00fcr optimale Stabilit\u00e4t in der Welle, da sie <strong>nicht abrei\u00dft<\/strong>, <strong>nicht ventiliert <\/strong>und optimiert wurde, um das <strong>Gef\u00fchl zu<\/strong> <strong>beseitigen<\/strong> <strong>, dass das Foil<\/strong> bei hohen Geschwindigkeiten <strong>aus dem Wasser kommen will<\/strong>. Das foil bleibt unter Wasser und bringt Sie nicht aus dem Gleichgewicht. So kannst du deine Wingfoil-Session in vollen Z\u00fcgen genie\u00dfen!<\/p>\n<p><a href=\"https:\/\/srokacompany.com\/de\/produkt\/vorderer-kotfluegel-von-foil-950-control\/\">Ailette allein hier.<\/a><\/p>\n","protected":false},"excerpt":{"rendered":"<p>Mit dem Foil 950 Control erreicht das Freeride-Erlebnis mit dem Wing foil eine neue Dimension. Gleite mit unvergleichlicher Leichtigkeit, beherrsche deine Kurven mit absoluter Pr\u00e4zision. Entwickelt f\u00fcr au\u00dfergew\u00f6hnliches Handling, Flow und Pr\u00e4zision.  <\/p>\n","protected":false},"featured_media":343522,"template":"","meta":{"_acf_changed":false,"_uag_custom_page_level_css":""},"product_brand":[],"product_cat":[3498,3676,3499,3494],"product_tag":[3441,3443,3442],"class_list":{"0":"post-343512","1":"product","2":"type-product","3":"status-publish","4":"has-post-thumbnail","6":"product_cat-alle-alu-foils","7":"product_cat-alle-unsere-control-foils","8":"product_cat-foils-wing-foil-de","9":"product_cat-surf-foils-foil","10":"product_tag-anfanger","11":"product_tag-fortgeschrittene","12":"product_tag-schlau","14":"first","15":"instock","16":"sale","17":"taxable","18":"shipping-taxable","19":"purchasable","20":"product-type-variable","21":"has-default-attributes"},"acf":[],"yoast_head":"<!-- This site is optimized with the Yoast SEO plugin v27.4 - https:\/\/yoast.com\/product\/yoast-seo-wordpress\/ -->\n<title>950 Control : Die Magie des Surfens im Wing | SROKA Company<\/title>\n<meta name=\"description\" content=\"Entdecke die &quot;950 Control&quot;, eine magische Finne von foil f\u00fcr Freeride und Wing-Surfen. Pr\u00e4zision, Fluidit\u00e4t und ultimative Kontrolle. Verschiebe deine Grenzen.\" \/>\n<meta name=\"robots\" content=\"index, follow, max-snippet:-1, max-image-preview:large, max-video-preview:-1\" \/>\n<link rel=\"canonical\" href=\"https:\/\/srokacompany.com\/de\/produkt\/s-foil-control-950\/\" \/>\n<meta property=\"og:locale\" content=\"de_DE\" \/>\n<meta property=\"og:type\" content=\"article\" \/>\n<meta property=\"og:title\" content=\"950 Control : Die Magie des Surfens im Wing | SROKA Company\" \/>\n<meta property=\"og:description\" content=\"Entdecke die &quot;950 Control&quot;, eine magische Finne von foil f\u00fcr Freeride und Wing-Surfen. Pr\u00e4zision, Fluidit\u00e4t und ultimative Kontrolle. Verschiebe deine Grenzen.\" \/>\n<meta property=\"og:url\" content=\"https:\/\/srokacompany.com\/de\/produkt\/s-foil-control-950\/\" \/>\n<meta property=\"og:site_name\" content=\"SROKA Company\" \/>\n<meta property=\"article:publisher\" content=\"https:\/\/www.facebook.com\/srokawatersports\/\" \/>\n<meta property=\"article:modified_time\" content=\"2025-11-25T08:30:46+00:00\" \/>\n<meta property=\"og:image\" content=\"https:\/\/srokacompany.com\/wp-content\/uploads\/2023\/04\/950-control-4.png\" \/>\n\t<meta property=\"og:image:width\" content=\"740\" \/>\n\t<meta property=\"og:image:height\" content=\"1080\" \/>\n\t<meta property=\"og:image:type\" content=\"image\/png\" \/>\n<meta name=\"twitter:label1\" content=\"Gesch\u00e4tzte Lesezeit\" \/>\n\t<meta name=\"twitter:data1\" content=\"1\u00a0Minute\" \/>\n<script type=\"application\/ld+json\" class=\"yoast-schema-graph\">{\"@context\":\"https:\\\/\\\/schema.org\",\"@graph\":[{\"@type\":\"WebPage\",\"@id\":\"https:\\\/\\\/srokacompany.com\\\/de\\\/produkt\\\/s-foil-control-950\\\/\",\"url\":\"https:\\\/\\\/srokacompany.com\\\/de\\\/produkt\\\/s-foil-control-950\\\/\",\"name\":\"950 Control : Die Magie des Surfens im Wing | SROKA Company\",\"isPartOf\":{\"@id\":\"https:\\\/\\\/srokacompany.com\\\/de\\\/#website\"},\"primaryImageOfPage\":{\"@id\":\"https:\\\/\\\/srokacompany.com\\\/de\\\/produkt\\\/s-foil-control-950\\\/#primaryimage\"},\"image\":{\"@id\":\"https:\\\/\\\/srokacompany.com\\\/de\\\/produkt\\\/s-foil-control-950\\\/#primaryimage\"},\"thumbnailUrl\":\"https:\\\/\\\/srokacompany.com\\\/wp-content\\\/uploads\\\/2023\\\/04\\\/950-control-4.png\",\"datePublished\":\"2023-04-17T14:11:30+00:00\",\"dateModified\":\"2025-11-25T08:30:46+00:00\",\"description\":\"Entdecke die \\\"950 Control\\\", eine magische Finne von foil f\u00fcr Freeride und Wing-Surfen. Pr\u00e4zision, Fluidit\u00e4t und ultimative Kontrolle. Verschiebe deine Grenzen.\",\"breadcrumb\":{\"@id\":\"https:\\\/\\\/srokacompany.com\\\/de\\\/produkt\\\/s-foil-control-950\\\/#breadcrumb\"},\"inLanguage\":\"de\",\"potentialAction\":[{\"@type\":\"ReadAction\",\"target\":[\"https:\\\/\\\/srokacompany.com\\\/de\\\/produkt\\\/s-foil-control-950\\\/\"]}]},{\"@type\":\"ImageObject\",\"inLanguage\":\"de\",\"@id\":\"https:\\\/\\\/srokacompany.com\\\/de\\\/produkt\\\/s-foil-control-950\\\/#primaryimage\",\"url\":\"https:\\\/\\\/srokacompany.com\\\/wp-content\\\/uploads\\\/2023\\\/04\\\/950-control-4.png\",\"contentUrl\":\"https:\\\/\\\/srokacompany.com\\\/wp-content\\\/uploads\\\/2023\\\/04\\\/950-control-4.png\",\"width\":740,\"height\":1080,\"caption\":\"S foil sroka 950 control\"},{\"@type\":\"BreadcrumbList\",\"@id\":\"https:\\\/\\\/srokacompany.com\\\/de\\\/produkt\\\/s-foil-control-950\\\/#breadcrumb\",\"itemListElement\":[{\"@type\":\"ListItem\",\"position\":1,\"name\":\"Accueil\",\"item\":\"https:\\\/\\\/srokacompany.com\\\/de\\\/\"},{\"@type\":\"ListItem\",\"position\":2,\"name\":\"Laden\",\"item\":\"https:\\\/\\\/srokacompany.com\\\/laden\\\/\"},{\"@type\":\"ListItem\",\"position\":3,\"name\":\"S-foil Control 950\"}]},{\"@type\":\"WebSite\",\"@id\":\"https:\\\/\\\/srokacompany.com\\\/de\\\/#website\",\"url\":\"https:\\\/\\\/srokacompany.com\\\/de\\\/\",\"name\":\"SROKA Company\",\"description\":\"SUP, Kite, Foil, Wing\",\"publisher\":{\"@id\":\"https:\\\/\\\/srokacompany.com\\\/de\\\/#organization\"},\"potentialAction\":[{\"@type\":\"SearchAction\",\"target\":{\"@type\":\"EntryPoint\",\"urlTemplate\":\"https:\\\/\\\/srokacompany.com\\\/de\\\/?s={search_term_string}\"},\"query-input\":{\"@type\":\"PropertyValueSpecification\",\"valueRequired\":true,\"valueName\":\"search_term_string\"}}],\"inLanguage\":\"de\"},{\"@type\":\"Organization\",\"@id\":\"https:\\\/\\\/srokacompany.com\\\/de\\\/#organization\",\"name\":\"SROKACOMPANY\",\"alternateName\":\"SROKA\",\"url\":\"https:\\\/\\\/srokacompany.com\\\/de\\\/\",\"logo\":{\"@type\":\"ImageObject\",\"inLanguage\":\"de\",\"@id\":\"https:\\\/\\\/srokacompany.com\\\/de\\\/#\\\/schema\\\/logo\\\/image\\\/\",\"url\":\"https:\\\/\\\/srokacompany.com\\\/wp-content\\\/uploads\\\/2021\\\/01\\\/logo-sroka-black-transpa.png\",\"contentUrl\":\"https:\\\/\\\/srokacompany.com\\\/wp-content\\\/uploads\\\/2021\\\/01\\\/logo-sroka-black-transpa.png\",\"width\":1201,\"height\":342,\"caption\":\"SROKACOMPANY\"},\"image\":{\"@id\":\"https:\\\/\\\/srokacompany.com\\\/de\\\/#\\\/schema\\\/logo\\\/image\\\/\"},\"sameAs\":[\"https:\\\/\\\/www.facebook.com\\\/srokawatersports\\\/\",\"https:\\\/\\\/www.instagram.com\\\/srokawatersports\\\/\",\"https:\\\/\\\/www.youtube.com\\\/channel\\\/UCVLHHeaPIm-J5bdEUgxqtZA\"]}]}<\/script>\n<!-- \/ Yoast SEO plugin. -->","yoast_head_json":{"title":"950 Control : Die Magie des Surfens im Wing | SROKA Company","description":"Entdecke die \"950 Control\", eine magische Finne von foil f\u00fcr Freeride und Wing-Surfen. Pr\u00e4zision, Fluidit\u00e4t und ultimative Kontrolle. Verschiebe deine Grenzen.","robots":{"index":"index","follow":"follow","max-snippet":"max-snippet:-1","max-image-preview":"max-image-preview:large","max-video-preview":"max-video-preview:-1"},"canonical":"https:\/\/srokacompany.com\/de\/produkt\/s-foil-control-950\/","og_locale":"de_DE","og_type":"article","og_title":"950 Control : Die Magie des Surfens im Wing | SROKA Company","og_description":"Entdecke die \"950 Control\", eine magische Finne von foil f\u00fcr Freeride und Wing-Surfen. Pr\u00e4zision, Fluidit\u00e4t und ultimative Kontrolle. Verschiebe deine Grenzen.","og_url":"https:\/\/srokacompany.com\/de\/produkt\/s-foil-control-950\/","og_site_name":"SROKA Company","article_publisher":"https:\/\/www.facebook.com\/srokawatersports\/","article_modified_time":"2025-11-25T08:30:46+00:00","og_image":[{"width":740,"height":1080,"url":"https:\/\/srokacompany.com\/wp-content\/uploads\/2023\/04\/950-control-4.png","type":"image\/png"}],"twitter_misc":{"Gesch\u00e4tzte Lesezeit":"1\u00a0Minute"},"schema":{"@context":"https:\/\/schema.org","@graph":[{"@type":"WebPage","@id":"https:\/\/srokacompany.com\/de\/produkt\/s-foil-control-950\/","url":"https:\/\/srokacompany.com\/de\/produkt\/s-foil-control-950\/","name":"950 Control : Die Magie des Surfens im Wing | SROKA Company","isPartOf":{"@id":"https:\/\/srokacompany.com\/de\/#website"},"primaryImageOfPage":{"@id":"https:\/\/srokacompany.com\/de\/produkt\/s-foil-control-950\/#primaryimage"},"image":{"@id":"https:\/\/srokacompany.com\/de\/produkt\/s-foil-control-950\/#primaryimage"},"thumbnailUrl":"https:\/\/srokacompany.com\/wp-content\/uploads\/2023\/04\/950-control-4.png","datePublished":"2023-04-17T14:11:30+00:00","dateModified":"2025-11-25T08:30:46+00:00","description":"Entdecke die \"950 Control\", eine magische Finne von foil f\u00fcr Freeride und Wing-Surfen. Pr\u00e4zision, Fluidit\u00e4t und ultimative Kontrolle. Verschiebe deine Grenzen.","breadcrumb":{"@id":"https:\/\/srokacompany.com\/de\/produkt\/s-foil-control-950\/#breadcrumb"},"inLanguage":"de","potentialAction":[{"@type":"ReadAction","target":["https:\/\/srokacompany.com\/de\/produkt\/s-foil-control-950\/"]}]},{"@type":"ImageObject","inLanguage":"de","@id":"https:\/\/srokacompany.com\/de\/produkt\/s-foil-control-950\/#primaryimage","url":"https:\/\/srokacompany.com\/wp-content\/uploads\/2023\/04\/950-control-4.png","contentUrl":"https:\/\/srokacompany.com\/wp-content\/uploads\/2023\/04\/950-control-4.png","width":740,"height":1080,"caption":"S foil sroka 950 control"},{"@type":"BreadcrumbList","@id":"https:\/\/srokacompany.com\/de\/produkt\/s-foil-control-950\/#breadcrumb","itemListElement":[{"@type":"ListItem","position":1,"name":"Accueil","item":"https:\/\/srokacompany.com\/de\/"},{"@type":"ListItem","position":2,"name":"Laden","item":"https:\/\/srokacompany.com\/laden\/"},{"@type":"ListItem","position":3,"name":"S-foil Control 950"}]},{"@type":"WebSite","@id":"https:\/\/srokacompany.com\/de\/#website","url":"https:\/\/srokacompany.com\/de\/","name":"SROKA Company","description":"SUP, Kite, Foil, Wing","publisher":{"@id":"https:\/\/srokacompany.com\/de\/#organization"},"potentialAction":[{"@type":"SearchAction","target":{"@type":"EntryPoint","urlTemplate":"https:\/\/srokacompany.com\/de\/?s={search_term_string}"},"query-input":{"@type":"PropertyValueSpecification","valueRequired":true,"valueName":"search_term_string"}}],"inLanguage":"de"},{"@type":"Organization","@id":"https:\/\/srokacompany.com\/de\/#organization","name":"SROKACOMPANY","alternateName":"SROKA","url":"https:\/\/srokacompany.com\/de\/","logo":{"@type":"ImageObject","inLanguage":"de","@id":"https:\/\/srokacompany.com\/de\/#\/schema\/logo\/image\/","url":"https:\/\/srokacompany.com\/wp-content\/uploads\/2021\/01\/logo-sroka-black-transpa.png","contentUrl":"https:\/\/srokacompany.com\/wp-content\/uploads\/2021\/01\/logo-sroka-black-transpa.png","width":1201,"height":342,"caption":"SROKACOMPANY"},"image":{"@id":"https:\/\/srokacompany.com\/de\/#\/schema\/logo\/image\/"},"sameAs":["https:\/\/www.facebook.com\/srokawatersports\/","https:\/\/www.instagram.com\/srokawatersports\/","https:\/\/www.youtube.com\/channel\/UCVLHHeaPIm-J5bdEUgxqtZA"]}]}},"uagb_featured_image_src":{"full":["https:\/\/srokacompany.com\/wp-content\/uploads\/2023\/04\/950-control-4.png",740,1080,false],"thumbnail":["https:\/\/srokacompany.com\/wp-content\/uploads\/2023\/04\/950-control-4-150x150.png",150,150,true],"medium":["https:\/\/srokacompany.com\/wp-content\/uploads\/2023\/04\/950-control-4-206x300.png",206,300,true],"medium_large":["https:\/\/srokacompany.com\/wp-content\/uploads\/2023\/04\/950-control-4.png",740,1080,false],"large":["https:\/\/srokacompany.com\/wp-content\/uploads\/2023\/04\/950-control-4-702x1024.png",702,1024,true],"1536x1536":["https:\/\/srokacompany.com\/wp-content\/uploads\/2023\/04\/950-control-4.png",740,1080,false],"2048x2048":["https:\/\/srokacompany.com\/wp-content\/uploads\/2023\/04\/950-control-4.png",740,1080,false],"woocommerce_thumbnail":["https:\/\/srokacompany.com\/wp-content\/uploads\/2023\/04\/950-control-4-600x876.png",600,876,true],"woocommerce_single":["https:\/\/srokacompany.com\/wp-content\/uploads\/2023\/04\/950-control-4-600x876.png",600,876,true],"woocommerce_gallery_thumbnail":["https:\/\/srokacompany.com\/wp-content\/uploads\/2023\/04\/950-control-4-100x100.png",100,100,true],"dgwt-wcas-product-suggestion":["https:\/\/srokacompany.com\/wp-content\/uploads\/2023\/04\/950-control-4.png",64,93,false]},"uagb_author_info":{"display_name":"Emmanuel DIJOUX","author_link":"https:\/\/srokacompany.com\/de\/blog\/author\/"},"uagb_comment_info":0,"uagb_excerpt":"Mit dem Foil 950 Control erreicht das Freeride-Erlebnis mit dem Wing foil eine neue Dimension. Gleite mit unvergleichlicher Leichtigkeit, beherrsche deine Kurven mit absoluter Pr\u00e4zision. Entwickelt f\u00fcr au\u00dfergew\u00f6hnliches Handling, Flow und Pr\u00e4zision.","jetpack_sharing_enabled":true,"_links":{"self":[{"href":"https:\/\/srokacompany.com\/de\/wp-json\/wp\/v2\/product\/343512","targetHints":{"allow":["GET"]}}],"collection":[{"href":"https:\/\/srokacompany.com\/de\/wp-json\/wp\/v2\/product"}],"about":[{"href":"https:\/\/srokacompany.com\/de\/wp-json\/wp\/v2\/types\/product"}],"wp:featuredmedia":[{"embeddable":true,"href":"https:\/\/srokacompany.com\/de\/wp-json\/wp\/v2\/media\/343522"}],"wp:attachment":[{"href":"https:\/\/srokacompany.com\/de\/wp-json\/wp\/v2\/media?parent=343512"}],"wp:term":[{"taxonomy":"product_brand","embeddable":true,"href":"https:\/\/srokacompany.com\/de\/wp-json\/wp\/v2\/product_brand?post=343512"},{"taxonomy":"product_cat","embeddable":true,"href":"https:\/\/srokacompany.com\/de\/wp-json\/wp\/v2\/product_cat?post=343512"},{"taxonomy":"product_tag","embeddable":true,"href":"https:\/\/srokacompany.com\/de\/wp-json\/wp\/v2\/product_tag?post=343512"}],"curies":[{"name":"wp","href":"https:\/\/api.w.org\/{rel}","templated":true}]}}