{"id":343553,"date":"2023-04-14T14:38:03","date_gmt":"2023-04-14T14:38:03","guid":{"rendered":"https:\/\/srokacompany.com\/produit\/blutwurst-und-zentrallatten-sroka-wing-v4-v3-v2\/"},"modified":"2025-12-18T18:51:10","modified_gmt":"2025-12-18T16:51:10","slug":"blutwurst-und-zentrallatten-sroka-wing-v4-v3-v2","status":"publish","type":"product","link":"https:\/\/srokacompany.com\/de\/produkt\/blutwurst-und-zentrallatten-sroka-wing-v4-v3-v2\/","title":{"rendered":"Blutwurst und Zentrallatten &#8211; SROKA Wing V4 &amp; V3 &amp; V2"},"content":{"rendered":"<hr>\n<h2>Ersatz-Blutwurst f\u00fcr die Vorderkante und Mittellatte der Wings V2 und V3 und V4 f\u00fcr die Gr\u00f6\u00dfen.<\/h2>\n<p>Wir bieten Ihnen Ersatzschlangen f\u00fcr die Wingwings foil <strong>SROKA V2 und V3 und V4<\/strong>. Ob f\u00fcr die Vorderkante oder die Mittellatte, das ist genau das, was du brauchst, um <strong>deinen Wing bei einer Panne oder einem Riss zu reparieren<\/strong>. Unsere Wings sind aus hochwertigen Materialien gefertigt, die stark und langlebig sind. Sie sind einfach zu montieren.   <\/p>\n<p>Verl\u00e4ngern Sie die Lebensdauer Ihres Wings und gehen Sie mit Zuversicht wieder ins Wasser.<\/p>\n","protected":false},"excerpt":{"rendered":"<p>Wir bieten Ihnen Ersatzschlangen f\u00fcr die Wingwings foil <strong>SROKA V2 und V3 und V4<\/strong>.<\/p>\n","protected":false},"featured_media":343559,"template":"","meta":{"_acf_changed":false,"_uag_custom_page_level_css":""},"product_brand":[],"product_cat":[3464],"product_tag":[],"class_list":{"0":"post-343553","1":"product","2":"type-product","3":"status-publish","4":"has-post-thumbnail","6":"product_cat-zubehor-wing-foil","7":"product_shipping_class-small-shipping-de","9":"first","10":"instock","11":"taxable","12":"shipping-taxable","13":"purchasable","14":"product-type-variable"},"acf":[],"yoast_head":"<!-- This site is optimized with the Yoast SEO plugin v27.4 - https:\/\/yoast.com\/product\/yoast-seo-wordpress\/ -->\n<title>Blutwurst und Zentrallatten - SROKA Wing V4 &amp; V3 &amp; V2 - SROKA Company<\/title>\n<meta name=\"description\" content=\"Vorderkante und Latte Mitte Fl\u00fcgel foil SROKA: Qualit\u00e4ts-Ersatzteile f\u00fcr Fl\u00fcgel foil V2, V3, V4. Reparieren Sie Ihren Fl\u00fcgel\" \/>\n<meta name=\"robots\" content=\"index, follow, max-snippet:-1, max-image-preview:large, max-video-preview:-1\" \/>\n<link rel=\"canonical\" href=\"https:\/\/srokacompany.com\/de\/produkt\/blutwurst-und-zentrallatten-sroka-wing-v4-v3-v2\/\" \/>\n<meta property=\"og:locale\" content=\"de_DE\" \/>\n<meta property=\"og:type\" content=\"article\" \/>\n<meta property=\"og:title\" content=\"Blutwurst und Zentrallatten - SROKA Wing V4 &amp; V3 &amp; V2 - SROKA Company\" \/>\n<meta property=\"og:description\" content=\"Vorderkante und Latte Mitte Fl\u00fcgel foil SROKA: Qualit\u00e4ts-Ersatzteile f\u00fcr Fl\u00fcgel foil V2, V3, V4. Reparieren Sie Ihren Fl\u00fcgel\" \/>\n<meta property=\"og:url\" content=\"https:\/\/srokacompany.com\/de\/produkt\/blutwurst-und-zentrallatten-sroka-wing-v4-v3-v2\/\" \/>\n<meta property=\"og:site_name\" content=\"SROKA Company\" \/>\n<meta property=\"article:publisher\" content=\"https:\/\/www.facebook.com\/srokawatersports\/\" \/>\n<meta property=\"article:modified_time\" content=\"2025-12-18T16:51:10+00:00\" \/>\n<meta property=\"og:image\" content=\"https:\/\/srokacompany.com\/wp-content\/uploads\/2023\/04\/bladder-wing-boudin-photo-produit.png\" \/>\n\t<meta property=\"og:image:width\" content=\"740\" \/>\n\t<meta property=\"og:image:height\" content=\"1080\" \/>\n\t<meta property=\"og:image:type\" content=\"image\/png\" \/>\n<script type=\"application\/ld+json\" class=\"yoast-schema-graph\">{\"@context\":\"https:\\\/\\\/schema.org\",\"@graph\":[{\"@type\":\"WebPage\",\"@id\":\"https:\\\/\\\/srokacompany.com\\\/de\\\/produkt\\\/blutwurst-und-zentrallatten-sroka-wing-v4-v3-v2\\\/\",\"url\":\"https:\\\/\\\/srokacompany.com\\\/de\\\/produkt\\\/blutwurst-und-zentrallatten-sroka-wing-v4-v3-v2\\\/\",\"name\":\"Blutwurst und Zentrallatten - SROKA Wing V4 &amp; V3 &amp; V2 - SROKA Company\",\"isPartOf\":{\"@id\":\"https:\\\/\\\/srokacompany.com\\\/de\\\/#website\"},\"primaryImageOfPage\":{\"@id\":\"https:\\\/\\\/srokacompany.com\\\/de\\\/produkt\\\/blutwurst-und-zentrallatten-sroka-wing-v4-v3-v2\\\/#primaryimage\"},\"image\":{\"@id\":\"https:\\\/\\\/srokacompany.com\\\/de\\\/produkt\\\/blutwurst-und-zentrallatten-sroka-wing-v4-v3-v2\\\/#primaryimage\"},\"thumbnailUrl\":\"https:\\\/\\\/srokacompany.com\\\/wp-content\\\/uploads\\\/2023\\\/04\\\/bladder-wing-boudin-photo-produit.png\",\"datePublished\":\"2023-04-14T14:38:03+00:00\",\"dateModified\":\"2025-12-18T16:51:10+00:00\",\"description\":\"Vorderkante und Latte Mitte Fl\u00fcgel foil SROKA: Qualit\u00e4ts-Ersatzteile f\u00fcr Fl\u00fcgel foil V2, V3, V4. Reparieren Sie Ihren Fl\u00fcgel\",\"breadcrumb\":{\"@id\":\"https:\\\/\\\/srokacompany.com\\\/de\\\/produkt\\\/blutwurst-und-zentrallatten-sroka-wing-v4-v3-v2\\\/#breadcrumb\"},\"inLanguage\":\"de\",\"potentialAction\":[{\"@type\":\"ReadAction\",\"target\":[\"https:\\\/\\\/srokacompany.com\\\/de\\\/produkt\\\/blutwurst-und-zentrallatten-sroka-wing-v4-v3-v2\\\/\"]}]},{\"@type\":\"ImageObject\",\"inLanguage\":\"de\",\"@id\":\"https:\\\/\\\/srokacompany.com\\\/de\\\/produkt\\\/blutwurst-und-zentrallatten-sroka-wing-v4-v3-v2\\\/#primaryimage\",\"url\":\"https:\\\/\\\/srokacompany.com\\\/wp-content\\\/uploads\\\/2023\\\/04\\\/bladder-wing-boudin-photo-produit.png\",\"contentUrl\":\"https:\\\/\\\/srokacompany.com\\\/wp-content\\\/uploads\\\/2023\\\/04\\\/bladder-wing-boudin-photo-produit.png\",\"width\":740,\"height\":1080,\"caption\":\"Ersatzspurkranz f\u00fcr SROKA V\u00e9 oder V3 Fl\u00fcgel. Vorderkante und Mittellatte\"},{\"@type\":\"BreadcrumbList\",\"@id\":\"https:\\\/\\\/srokacompany.com\\\/de\\\/produkt\\\/blutwurst-und-zentrallatten-sroka-wing-v4-v3-v2\\\/#breadcrumb\",\"itemListElement\":[{\"@type\":\"ListItem\",\"position\":1,\"name\":\"Accueil\",\"item\":\"https:\\\/\\\/srokacompany.com\\\/de\\\/\"},{\"@type\":\"ListItem\",\"position\":2,\"name\":\"Laden\",\"item\":\"https:\\\/\\\/srokacompany.com\\\/laden\\\/\"},{\"@type\":\"ListItem\",\"position\":3,\"name\":\"Blutwurst und Zentrallatten &#8211; SROKA Wing V4 &amp; V3 &amp; V2\"}]},{\"@type\":\"WebSite\",\"@id\":\"https:\\\/\\\/srokacompany.com\\\/de\\\/#website\",\"url\":\"https:\\\/\\\/srokacompany.com\\\/de\\\/\",\"name\":\"SROKA Company\",\"description\":\"SUP, Kite, Foil, Wing\",\"publisher\":{\"@id\":\"https:\\\/\\\/srokacompany.com\\\/de\\\/#organization\"},\"potentialAction\":[{\"@type\":\"SearchAction\",\"target\":{\"@type\":\"EntryPoint\",\"urlTemplate\":\"https:\\\/\\\/srokacompany.com\\\/de\\\/?s={search_term_string}\"},\"query-input\":{\"@type\":\"PropertyValueSpecification\",\"valueRequired\":true,\"valueName\":\"search_term_string\"}}],\"inLanguage\":\"de\"},{\"@type\":\"Organization\",\"@id\":\"https:\\\/\\\/srokacompany.com\\\/de\\\/#organization\",\"name\":\"SROKACOMPANY\",\"alternateName\":\"SROKA\",\"url\":\"https:\\\/\\\/srokacompany.com\\\/de\\\/\",\"logo\":{\"@type\":\"ImageObject\",\"inLanguage\":\"de\",\"@id\":\"https:\\\/\\\/srokacompany.com\\\/de\\\/#\\\/schema\\\/logo\\\/image\\\/\",\"url\":\"https:\\\/\\\/srokacompany.com\\\/wp-content\\\/uploads\\\/2021\\\/01\\\/logo-sroka-black-transpa.png\",\"contentUrl\":\"https:\\\/\\\/srokacompany.com\\\/wp-content\\\/uploads\\\/2021\\\/01\\\/logo-sroka-black-transpa.png\",\"width\":1201,\"height\":342,\"caption\":\"SROKACOMPANY\"},\"image\":{\"@id\":\"https:\\\/\\\/srokacompany.com\\\/de\\\/#\\\/schema\\\/logo\\\/image\\\/\"},\"sameAs\":[\"https:\\\/\\\/www.facebook.com\\\/srokawatersports\\\/\",\"https:\\\/\\\/www.instagram.com\\\/srokawatersports\\\/\",\"https:\\\/\\\/www.youtube.com\\\/channel\\\/UCVLHHeaPIm-J5bdEUgxqtZA\"]}]}<\/script>\n<!-- \/ Yoast SEO plugin. -->","yoast_head_json":{"title":"Blutwurst und Zentrallatten - SROKA Wing V4 &amp; V3 &amp; V2 - SROKA Company","description":"Vorderkante und Latte Mitte Fl\u00fcgel foil SROKA: Qualit\u00e4ts-Ersatzteile f\u00fcr Fl\u00fcgel foil V2, V3, V4. Reparieren Sie Ihren Fl\u00fcgel","robots":{"index":"index","follow":"follow","max-snippet":"max-snippet:-1","max-image-preview":"max-image-preview:large","max-video-preview":"max-video-preview:-1"},"canonical":"https:\/\/srokacompany.com\/de\/produkt\/blutwurst-und-zentrallatten-sroka-wing-v4-v3-v2\/","og_locale":"de_DE","og_type":"article","og_title":"Blutwurst und Zentrallatten - SROKA Wing V4 &amp; V3 &amp; V2 - SROKA Company","og_description":"Vorderkante und Latte Mitte Fl\u00fcgel foil SROKA: Qualit\u00e4ts-Ersatzteile f\u00fcr Fl\u00fcgel foil V2, V3, V4. Reparieren Sie Ihren Fl\u00fcgel","og_url":"https:\/\/srokacompany.com\/de\/produkt\/blutwurst-und-zentrallatten-sroka-wing-v4-v3-v2\/","og_site_name":"SROKA Company","article_publisher":"https:\/\/www.facebook.com\/srokawatersports\/","article_modified_time":"2025-12-18T16:51:10+00:00","og_image":[{"width":740,"height":1080,"url":"https:\/\/srokacompany.com\/wp-content\/uploads\/2023\/04\/bladder-wing-boudin-photo-produit.png","type":"image\/png"}],"schema":{"@context":"https:\/\/schema.org","@graph":[{"@type":"WebPage","@id":"https:\/\/srokacompany.com\/de\/produkt\/blutwurst-und-zentrallatten-sroka-wing-v4-v3-v2\/","url":"https:\/\/srokacompany.com\/de\/produkt\/blutwurst-und-zentrallatten-sroka-wing-v4-v3-v2\/","name":"Blutwurst und Zentrallatten - SROKA Wing V4 &amp; V3 &amp; V2 - SROKA Company","isPartOf":{"@id":"https:\/\/srokacompany.com\/de\/#website"},"primaryImageOfPage":{"@id":"https:\/\/srokacompany.com\/de\/produkt\/blutwurst-und-zentrallatten-sroka-wing-v4-v3-v2\/#primaryimage"},"image":{"@id":"https:\/\/srokacompany.com\/de\/produkt\/blutwurst-und-zentrallatten-sroka-wing-v4-v3-v2\/#primaryimage"},"thumbnailUrl":"https:\/\/srokacompany.com\/wp-content\/uploads\/2023\/04\/bladder-wing-boudin-photo-produit.png","datePublished":"2023-04-14T14:38:03+00:00","dateModified":"2025-12-18T16:51:10+00:00","description":"Vorderkante und Latte Mitte Fl\u00fcgel foil SROKA: Qualit\u00e4ts-Ersatzteile f\u00fcr Fl\u00fcgel foil V2, V3, V4. Reparieren Sie Ihren Fl\u00fcgel","breadcrumb":{"@id":"https:\/\/srokacompany.com\/de\/produkt\/blutwurst-und-zentrallatten-sroka-wing-v4-v3-v2\/#breadcrumb"},"inLanguage":"de","potentialAction":[{"@type":"ReadAction","target":["https:\/\/srokacompany.com\/de\/produkt\/blutwurst-und-zentrallatten-sroka-wing-v4-v3-v2\/"]}]},{"@type":"ImageObject","inLanguage":"de","@id":"https:\/\/srokacompany.com\/de\/produkt\/blutwurst-und-zentrallatten-sroka-wing-v4-v3-v2\/#primaryimage","url":"https:\/\/srokacompany.com\/wp-content\/uploads\/2023\/04\/bladder-wing-boudin-photo-produit.png","contentUrl":"https:\/\/srokacompany.com\/wp-content\/uploads\/2023\/04\/bladder-wing-boudin-photo-produit.png","width":740,"height":1080,"caption":"Ersatzspurkranz f\u00fcr SROKA V\u00e9 oder V3 Fl\u00fcgel. Vorderkante und Mittellatte"},{"@type":"BreadcrumbList","@id":"https:\/\/srokacompany.com\/de\/produkt\/blutwurst-und-zentrallatten-sroka-wing-v4-v3-v2\/#breadcrumb","itemListElement":[{"@type":"ListItem","position":1,"name":"Accueil","item":"https:\/\/srokacompany.com\/de\/"},{"@type":"ListItem","position":2,"name":"Laden","item":"https:\/\/srokacompany.com\/laden\/"},{"@type":"ListItem","position":3,"name":"Blutwurst und Zentrallatten &#8211; SROKA Wing V4 &amp; V3 &amp; V2"}]},{"@type":"WebSite","@id":"https:\/\/srokacompany.com\/de\/#website","url":"https:\/\/srokacompany.com\/de\/","name":"SROKA Company","description":"SUP, Kite, Foil, Wing","publisher":{"@id":"https:\/\/srokacompany.com\/de\/#organization"},"potentialAction":[{"@type":"SearchAction","target":{"@type":"EntryPoint","urlTemplate":"https:\/\/srokacompany.com\/de\/?s={search_term_string}"},"query-input":{"@type":"PropertyValueSpecification","valueRequired":true,"valueName":"search_term_string"}}],"inLanguage":"de"},{"@type":"Organization","@id":"https:\/\/srokacompany.com\/de\/#organization","name":"SROKACOMPANY","alternateName":"SROKA","url":"https:\/\/srokacompany.com\/de\/","logo":{"@type":"ImageObject","inLanguage":"de","@id":"https:\/\/srokacompany.com\/de\/#\/schema\/logo\/image\/","url":"https:\/\/srokacompany.com\/wp-content\/uploads\/2021\/01\/logo-sroka-black-transpa.png","contentUrl":"https:\/\/srokacompany.com\/wp-content\/uploads\/2021\/01\/logo-sroka-black-transpa.png","width":1201,"height":342,"caption":"SROKACOMPANY"},"image":{"@id":"https:\/\/srokacompany.com\/de\/#\/schema\/logo\/image\/"},"sameAs":["https:\/\/www.facebook.com\/srokawatersports\/","https:\/\/www.instagram.com\/srokawatersports\/","https:\/\/www.youtube.com\/channel\/UCVLHHeaPIm-J5bdEUgxqtZA"]}]}},"uagb_featured_image_src":{"full":["https:\/\/srokacompany.com\/wp-content\/uploads\/2023\/04\/bladder-wing-boudin-photo-produit.png",740,1080,false],"thumbnail":["https:\/\/srokacompany.com\/wp-content\/uploads\/2023\/04\/bladder-wing-boudin-photo-produit-150x150.png",150,150,true],"medium":["https:\/\/srokacompany.com\/wp-content\/uploads\/2023\/04\/bladder-wing-boudin-photo-produit-206x300.png",206,300,true],"medium_large":["https:\/\/srokacompany.com\/wp-content\/uploads\/2023\/04\/bladder-wing-boudin-photo-produit.png",740,1080,false],"large":["https:\/\/srokacompany.com\/wp-content\/uploads\/2023\/04\/bladder-wing-boudin-photo-produit-702x1024.png",702,1024,true],"1536x1536":["https:\/\/srokacompany.com\/wp-content\/uploads\/2023\/04\/bladder-wing-boudin-photo-produit.png",740,1080,false],"2048x2048":["https:\/\/srokacompany.com\/wp-content\/uploads\/2023\/04\/bladder-wing-boudin-photo-produit.png",740,1080,false],"woocommerce_thumbnail":["https:\/\/srokacompany.com\/wp-content\/uploads\/2023\/04\/bladder-wing-boudin-photo-produit-600x876.png",600,876,true],"woocommerce_single":["https:\/\/srokacompany.com\/wp-content\/uploads\/2023\/04\/bladder-wing-boudin-photo-produit-600x876.png",600,876,true],"woocommerce_gallery_thumbnail":["https:\/\/srokacompany.com\/wp-content\/uploads\/2023\/04\/bladder-wing-boudin-photo-produit-100x100.png",100,100,true],"dgwt-wcas-product-suggestion":["https:\/\/srokacompany.com\/wp-content\/uploads\/2023\/04\/bladder-wing-boudin-photo-produit.png",64,93,false]},"uagb_author_info":{"display_name":"Emmanuel DIJOUX","author_link":"https:\/\/srokacompany.com\/de\/blog\/author\/"},"uagb_comment_info":0,"uagb_excerpt":"Wir bieten Ihnen Ersatzschlangen f\u00fcr die Wingwings foil SROKA V2 und V3 und V4.","jetpack_sharing_enabled":true,"_links":{"self":[{"href":"https:\/\/srokacompany.com\/de\/wp-json\/wp\/v2\/product\/343553","targetHints":{"allow":["GET"]}}],"collection":[{"href":"https:\/\/srokacompany.com\/de\/wp-json\/wp\/v2\/product"}],"about":[{"href":"https:\/\/srokacompany.com\/de\/wp-json\/wp\/v2\/types\/product"}],"wp:featuredmedia":[{"embeddable":true,"href":"https:\/\/srokacompany.com\/de\/wp-json\/wp\/v2\/media\/343559"}],"wp:attachment":[{"href":"https:\/\/srokacompany.com\/de\/wp-json\/wp\/v2\/media?parent=343553"}],"wp:term":[{"taxonomy":"product_brand","embeddable":true,"href":"https:\/\/srokacompany.com\/de\/wp-json\/wp\/v2\/product_brand?post=343553"},{"taxonomy":"product_cat","embeddable":true,"href":"https:\/\/srokacompany.com\/de\/wp-json\/wp\/v2\/product_cat?post=343553"},{"taxonomy":"product_tag","embeddable":true,"href":"https:\/\/srokacompany.com\/de\/wp-json\/wp\/v2\/product_tag?post=343553"}],"curies":[{"name":"wp","href":"https:\/\/api.w.org\/{rel}","templated":true}]}}