{"id":343661,"date":"2023-05-10T08:23:37","date_gmt":"2023-05-10T08:23:37","guid":{"rendered":"https:\/\/srokacompany.com\/produit\/s-foil-control-1250\/"},"modified":"2025-11-25T10:29:48","modified_gmt":"2025-11-25T08:29:48","slug":"s-foil-control-1250","status":"publish","type":"product","link":"https:\/\/srokacompany.com\/de\/produkt\/s-foil-control-1250\/","title":{"rendered":"S-foil Control 1250"},"content":{"rendered":"<hr>\n<h2>Wie wird der front wing 1250 Control dein Wingfoil-Erlebnis beim Freeriden und in der Welle ver\u00e4ndern?<\/h2>\n<p>Das 1250 Control ist f\u00fcr Wing foil beim Freeriden genauso vielseitig wie auf der Welle. Seine Medium Ratio erm\u00f6glicht es dir, fl\u00fcssige Kurven zu fahren und Wellen zu reiten, ohne abgeh\u00e4ngt zu werden. Sein Profil optimiert den Auftrieb bei niedriger Geschwindigkeit, sodass du schnell und progressiv abheben kannst.  <\/p>\n<p>Die gebogene Form der Finne hilft Ihnen, bei Kurvenfahrten die Tips im Wasser zu halten und St\u00fcrze zu vermeiden. Au\u00dferdem gibt die Finne Wasserger\u00e4usche von sich, wenn sie die Oberfl\u00e4che streift, was dich warnt, bevor du die Kontrolle verlierst. <\/p>\n<p>Das S-foil ist das foil, das auch deine Wingfoil-Praxis auf den Wellen ver\u00e4ndern wird. Es ist ein foil, das entwickelt wurde, um den Bed\u00fcrfnissen und W\u00fcnschen der Rider gerecht zu werden, die sich in den Wellen austoben wollen, sei es beim Wing foil, Surfen foil oder bei wake foilDabei werden die Unzul\u00e4nglichkeiten der anderen auf dem Markt erh\u00e4ltlichen Foils in Bezug auf die Auflage, den Luftwiderstand und die Pr\u00e4zision beseitigt. <\/p>\n<p>&nbsp;<\/p>\n","protected":false},"excerpt":{"rendered":"<hr>\n<hr>\n<p>Das 1250 Control ist f\u00fcr Wing foil beim Freeriden genauso vielseitig wie in der Welle.<\/p>\n","protected":false},"featured_media":343662,"template":"","meta":{"_acf_changed":false,"_uag_custom_page_level_css":""},"product_brand":[],"product_cat":[3498,3676,3499,3494],"product_tag":[3441,3443,3442],"class_list":{"0":"post-343661","1":"product","2":"type-product","3":"status-publish","4":"has-post-thumbnail","6":"product_cat-alle-alu-foils","7":"product_cat-alle-unsere-control-foils","8":"product_cat-foils-wing-foil-de","9":"product_cat-surf-foils-foil","10":"product_tag-anfanger","11":"product_tag-fortgeschrittene","12":"product_tag-schlau","13":"product_shipping_class-foil-komplett-oder-ersatzteile-wing-einheit","15":"first","16":"instock","17":"taxable","18":"shipping-taxable","19":"purchasable","20":"product-type-variable","21":"has-default-attributes"},"acf":[],"yoast_head":"<!-- This site is optimized with the Yoast SEO plugin v27.4 - https:\/\/yoast.com\/product\/yoast-seo-wordpress\/ -->\n<title>S-Foil 1250 Control | SROKA Company<\/title>\n<meta name=\"description\" content=\"Der S-foil 1250 Control ist ein foil, der f\u00fcr Freeride und Wing foil geeignet ist. Es l\u00e4sst dich die Geschwindigkeit, den Flow und die Kontrolle in den Kurven genie\u00dfen.\" \/>\n<meta name=\"robots\" content=\"index, follow, max-snippet:-1, max-image-preview:large, max-video-preview:-1\" \/>\n<link rel=\"canonical\" href=\"https:\/\/srokacompany.com\/de\/produkt\/s-foil-control-1250\/\" \/>\n<meta property=\"og:locale\" content=\"de_DE\" \/>\n<meta property=\"og:type\" content=\"article\" \/>\n<meta property=\"og:title\" content=\"S-Foil 1250 Control | SROKA Company\" \/>\n<meta property=\"og:description\" content=\"Der S-foil 1250 Control ist ein foil, der f\u00fcr Freeride und Wing foil geeignet ist. Es l\u00e4sst dich die Geschwindigkeit, den Flow und die Kontrolle in den Kurven genie\u00dfen.\" \/>\n<meta property=\"og:url\" content=\"https:\/\/srokacompany.com\/de\/produkt\/s-foil-control-1250\/\" \/>\n<meta property=\"og:site_name\" content=\"SROKA Company\" \/>\n<meta property=\"article:publisher\" content=\"https:\/\/www.facebook.com\/srokawatersports\/\" \/>\n<meta property=\"article:modified_time\" content=\"2025-11-25T08:29:48+00:00\" \/>\n<meta property=\"og:image\" content=\"https:\/\/srokacompany.com\/wp-content\/uploads\/2023\/05\/1250-control.png\" \/>\n\t<meta property=\"og:image:width\" content=\"740\" \/>\n\t<meta property=\"og:image:height\" content=\"1080\" \/>\n\t<meta property=\"og:image:type\" content=\"image\/png\" \/>\n<meta name=\"twitter:label1\" content=\"Gesch\u00e4tzte Lesezeit\" \/>\n\t<meta name=\"twitter:data1\" content=\"1\u00a0Minute\" \/>\n<script type=\"application\/ld+json\" class=\"yoast-schema-graph\">{\"@context\":\"https:\\\/\\\/schema.org\",\"@graph\":[{\"@type\":\"WebPage\",\"@id\":\"https:\\\/\\\/srokacompany.com\\\/de\\\/produkt\\\/s-foil-control-1250\\\/\",\"url\":\"https:\\\/\\\/srokacompany.com\\\/de\\\/produkt\\\/s-foil-control-1250\\\/\",\"name\":\"S-Foil 1250 Control | SROKA Company\",\"isPartOf\":{\"@id\":\"https:\\\/\\\/srokacompany.com\\\/de\\\/#website\"},\"primaryImageOfPage\":{\"@id\":\"https:\\\/\\\/srokacompany.com\\\/de\\\/produkt\\\/s-foil-control-1250\\\/#primaryimage\"},\"image\":{\"@id\":\"https:\\\/\\\/srokacompany.com\\\/de\\\/produkt\\\/s-foil-control-1250\\\/#primaryimage\"},\"thumbnailUrl\":\"https:\\\/\\\/srokacompany.com\\\/wp-content\\\/uploads\\\/2023\\\/05\\\/1250-control.png\",\"datePublished\":\"2023-05-10T08:23:37+00:00\",\"dateModified\":\"2025-11-25T08:29:48+00:00\",\"description\":\"Der S-foil 1250 Control ist ein foil, der f\u00fcr Freeride und Wing foil geeignet ist. Es l\u00e4sst dich die Geschwindigkeit, den Flow und die Kontrolle in den Kurven genie\u00dfen.\",\"breadcrumb\":{\"@id\":\"https:\\\/\\\/srokacompany.com\\\/de\\\/produkt\\\/s-foil-control-1250\\\/#breadcrumb\"},\"inLanguage\":\"de\",\"potentialAction\":[{\"@type\":\"ReadAction\",\"target\":[\"https:\\\/\\\/srokacompany.com\\\/de\\\/produkt\\\/s-foil-control-1250\\\/\"]}]},{\"@type\":\"ImageObject\",\"inLanguage\":\"de\",\"@id\":\"https:\\\/\\\/srokacompany.com\\\/de\\\/produkt\\\/s-foil-control-1250\\\/#primaryimage\",\"url\":\"https:\\\/\\\/srokacompany.com\\\/wp-content\\\/uploads\\\/2023\\\/05\\\/1250-control.png\",\"contentUrl\":\"https:\\\/\\\/srokacompany.com\\\/wp-content\\\/uploads\\\/2023\\\/05\\\/1250-control.png\",\"width\":740,\"height\":1080,\"caption\":\"1250 control sroka\"},{\"@type\":\"BreadcrumbList\",\"@id\":\"https:\\\/\\\/srokacompany.com\\\/de\\\/produkt\\\/s-foil-control-1250\\\/#breadcrumb\",\"itemListElement\":[{\"@type\":\"ListItem\",\"position\":1,\"name\":\"Accueil\",\"item\":\"https:\\\/\\\/srokacompany.com\\\/de\\\/\"},{\"@type\":\"ListItem\",\"position\":2,\"name\":\"Laden\",\"item\":\"https:\\\/\\\/srokacompany.com\\\/laden\\\/\"},{\"@type\":\"ListItem\",\"position\":3,\"name\":\"S-foil Control 1250\"}]},{\"@type\":\"WebSite\",\"@id\":\"https:\\\/\\\/srokacompany.com\\\/de\\\/#website\",\"url\":\"https:\\\/\\\/srokacompany.com\\\/de\\\/\",\"name\":\"SROKA Company\",\"description\":\"SUP, Kite, Foil, Wing\",\"publisher\":{\"@id\":\"https:\\\/\\\/srokacompany.com\\\/de\\\/#organization\"},\"potentialAction\":[{\"@type\":\"SearchAction\",\"target\":{\"@type\":\"EntryPoint\",\"urlTemplate\":\"https:\\\/\\\/srokacompany.com\\\/de\\\/?s={search_term_string}\"},\"query-input\":{\"@type\":\"PropertyValueSpecification\",\"valueRequired\":true,\"valueName\":\"search_term_string\"}}],\"inLanguage\":\"de\"},{\"@type\":\"Organization\",\"@id\":\"https:\\\/\\\/srokacompany.com\\\/de\\\/#organization\",\"name\":\"SROKACOMPANY\",\"alternateName\":\"SROKA\",\"url\":\"https:\\\/\\\/srokacompany.com\\\/de\\\/\",\"logo\":{\"@type\":\"ImageObject\",\"inLanguage\":\"de\",\"@id\":\"https:\\\/\\\/srokacompany.com\\\/de\\\/#\\\/schema\\\/logo\\\/image\\\/\",\"url\":\"https:\\\/\\\/srokacompany.com\\\/wp-content\\\/uploads\\\/2021\\\/01\\\/logo-sroka-black-transpa.png\",\"contentUrl\":\"https:\\\/\\\/srokacompany.com\\\/wp-content\\\/uploads\\\/2021\\\/01\\\/logo-sroka-black-transpa.png\",\"width\":1201,\"height\":342,\"caption\":\"SROKACOMPANY\"},\"image\":{\"@id\":\"https:\\\/\\\/srokacompany.com\\\/de\\\/#\\\/schema\\\/logo\\\/image\\\/\"},\"sameAs\":[\"https:\\\/\\\/www.facebook.com\\\/srokawatersports\\\/\",\"https:\\\/\\\/www.instagram.com\\\/srokawatersports\\\/\",\"https:\\\/\\\/www.youtube.com\\\/channel\\\/UCVLHHeaPIm-J5bdEUgxqtZA\"]}]}<\/script>\n<!-- \/ Yoast SEO plugin. -->","yoast_head_json":{"title":"S-Foil 1250 Control | SROKA Company","description":"Der S-foil 1250 Control ist ein foil, der f\u00fcr Freeride und Wing foil geeignet ist. Es l\u00e4sst dich die Geschwindigkeit, den Flow und die Kontrolle in den Kurven genie\u00dfen.","robots":{"index":"index","follow":"follow","max-snippet":"max-snippet:-1","max-image-preview":"max-image-preview:large","max-video-preview":"max-video-preview:-1"},"canonical":"https:\/\/srokacompany.com\/de\/produkt\/s-foil-control-1250\/","og_locale":"de_DE","og_type":"article","og_title":"S-Foil 1250 Control | SROKA Company","og_description":"Der S-foil 1250 Control ist ein foil, der f\u00fcr Freeride und Wing foil geeignet ist. Es l\u00e4sst dich die Geschwindigkeit, den Flow und die Kontrolle in den Kurven genie\u00dfen.","og_url":"https:\/\/srokacompany.com\/de\/produkt\/s-foil-control-1250\/","og_site_name":"SROKA Company","article_publisher":"https:\/\/www.facebook.com\/srokawatersports\/","article_modified_time":"2025-11-25T08:29:48+00:00","og_image":[{"width":740,"height":1080,"url":"https:\/\/srokacompany.com\/wp-content\/uploads\/2023\/05\/1250-control.png","type":"image\/png"}],"twitter_misc":{"Gesch\u00e4tzte Lesezeit":"1\u00a0Minute"},"schema":{"@context":"https:\/\/schema.org","@graph":[{"@type":"WebPage","@id":"https:\/\/srokacompany.com\/de\/produkt\/s-foil-control-1250\/","url":"https:\/\/srokacompany.com\/de\/produkt\/s-foil-control-1250\/","name":"S-Foil 1250 Control | SROKA Company","isPartOf":{"@id":"https:\/\/srokacompany.com\/de\/#website"},"primaryImageOfPage":{"@id":"https:\/\/srokacompany.com\/de\/produkt\/s-foil-control-1250\/#primaryimage"},"image":{"@id":"https:\/\/srokacompany.com\/de\/produkt\/s-foil-control-1250\/#primaryimage"},"thumbnailUrl":"https:\/\/srokacompany.com\/wp-content\/uploads\/2023\/05\/1250-control.png","datePublished":"2023-05-10T08:23:37+00:00","dateModified":"2025-11-25T08:29:48+00:00","description":"Der S-foil 1250 Control ist ein foil, der f\u00fcr Freeride und Wing foil geeignet ist. Es l\u00e4sst dich die Geschwindigkeit, den Flow und die Kontrolle in den Kurven genie\u00dfen.","breadcrumb":{"@id":"https:\/\/srokacompany.com\/de\/produkt\/s-foil-control-1250\/#breadcrumb"},"inLanguage":"de","potentialAction":[{"@type":"ReadAction","target":["https:\/\/srokacompany.com\/de\/produkt\/s-foil-control-1250\/"]}]},{"@type":"ImageObject","inLanguage":"de","@id":"https:\/\/srokacompany.com\/de\/produkt\/s-foil-control-1250\/#primaryimage","url":"https:\/\/srokacompany.com\/wp-content\/uploads\/2023\/05\/1250-control.png","contentUrl":"https:\/\/srokacompany.com\/wp-content\/uploads\/2023\/05\/1250-control.png","width":740,"height":1080,"caption":"1250 control sroka"},{"@type":"BreadcrumbList","@id":"https:\/\/srokacompany.com\/de\/produkt\/s-foil-control-1250\/#breadcrumb","itemListElement":[{"@type":"ListItem","position":1,"name":"Accueil","item":"https:\/\/srokacompany.com\/de\/"},{"@type":"ListItem","position":2,"name":"Laden","item":"https:\/\/srokacompany.com\/laden\/"},{"@type":"ListItem","position":3,"name":"S-foil Control 1250"}]},{"@type":"WebSite","@id":"https:\/\/srokacompany.com\/de\/#website","url":"https:\/\/srokacompany.com\/de\/","name":"SROKA Company","description":"SUP, Kite, Foil, Wing","publisher":{"@id":"https:\/\/srokacompany.com\/de\/#organization"},"potentialAction":[{"@type":"SearchAction","target":{"@type":"EntryPoint","urlTemplate":"https:\/\/srokacompany.com\/de\/?s={search_term_string}"},"query-input":{"@type":"PropertyValueSpecification","valueRequired":true,"valueName":"search_term_string"}}],"inLanguage":"de"},{"@type":"Organization","@id":"https:\/\/srokacompany.com\/de\/#organization","name":"SROKACOMPANY","alternateName":"SROKA","url":"https:\/\/srokacompany.com\/de\/","logo":{"@type":"ImageObject","inLanguage":"de","@id":"https:\/\/srokacompany.com\/de\/#\/schema\/logo\/image\/","url":"https:\/\/srokacompany.com\/wp-content\/uploads\/2021\/01\/logo-sroka-black-transpa.png","contentUrl":"https:\/\/srokacompany.com\/wp-content\/uploads\/2021\/01\/logo-sroka-black-transpa.png","width":1201,"height":342,"caption":"SROKACOMPANY"},"image":{"@id":"https:\/\/srokacompany.com\/de\/#\/schema\/logo\/image\/"},"sameAs":["https:\/\/www.facebook.com\/srokawatersports\/","https:\/\/www.instagram.com\/srokawatersports\/","https:\/\/www.youtube.com\/channel\/UCVLHHeaPIm-J5bdEUgxqtZA"]}]}},"uagb_featured_image_src":{"full":["https:\/\/srokacompany.com\/wp-content\/uploads\/2023\/05\/1250-control.png",740,1080,false],"thumbnail":["https:\/\/srokacompany.com\/wp-content\/uploads\/2023\/05\/1250-control-150x150.png",150,150,true],"medium":["https:\/\/srokacompany.com\/wp-content\/uploads\/2023\/05\/1250-control-206x300.png",206,300,true],"medium_large":["https:\/\/srokacompany.com\/wp-content\/uploads\/2023\/05\/1250-control.png",740,1080,false],"large":["https:\/\/srokacompany.com\/wp-content\/uploads\/2023\/05\/1250-control-702x1024.png",702,1024,true],"1536x1536":["https:\/\/srokacompany.com\/wp-content\/uploads\/2023\/05\/1250-control.png",740,1080,false],"2048x2048":["https:\/\/srokacompany.com\/wp-content\/uploads\/2023\/05\/1250-control.png",740,1080,false],"woocommerce_thumbnail":["https:\/\/srokacompany.com\/wp-content\/uploads\/2023\/05\/1250-control-600x876.png",600,876,true],"woocommerce_single":["https:\/\/srokacompany.com\/wp-content\/uploads\/2023\/05\/1250-control-600x876.png",600,876,true],"woocommerce_gallery_thumbnail":["https:\/\/srokacompany.com\/wp-content\/uploads\/2023\/05\/1250-control-100x100.png",100,100,true],"dgwt-wcas-product-suggestion":["https:\/\/srokacompany.com\/wp-content\/uploads\/2023\/05\/1250-control.png",64,93,false]},"uagb_author_info":{"display_name":"Emmanuel DIJOUX","author_link":"https:\/\/srokacompany.com\/de\/blog\/author\/"},"uagb_comment_info":0,"uagb_excerpt":"Das 1250 Control ist f\u00fcr Wing foil beim Freeriden genauso vielseitig wie in der Welle.","jetpack_sharing_enabled":true,"_links":{"self":[{"href":"https:\/\/srokacompany.com\/de\/wp-json\/wp\/v2\/product\/343661","targetHints":{"allow":["GET"]}}],"collection":[{"href":"https:\/\/srokacompany.com\/de\/wp-json\/wp\/v2\/product"}],"about":[{"href":"https:\/\/srokacompany.com\/de\/wp-json\/wp\/v2\/types\/product"}],"wp:featuredmedia":[{"embeddable":true,"href":"https:\/\/srokacompany.com\/de\/wp-json\/wp\/v2\/media\/343662"}],"wp:attachment":[{"href":"https:\/\/srokacompany.com\/de\/wp-json\/wp\/v2\/media?parent=343661"}],"wp:term":[{"taxonomy":"product_brand","embeddable":true,"href":"https:\/\/srokacompany.com\/de\/wp-json\/wp\/v2\/product_brand?post=343661"},{"taxonomy":"product_cat","embeddable":true,"href":"https:\/\/srokacompany.com\/de\/wp-json\/wp\/v2\/product_cat?post=343661"},{"taxonomy":"product_tag","embeddable":true,"href":"https:\/\/srokacompany.com\/de\/wp-json\/wp\/v2\/product_tag?post=343661"}],"curies":[{"name":"wp","href":"https:\/\/api.w.org\/{rel}","templated":true}]}}