{"id":343756,"date":"2023-06-07T08:43:27","date_gmt":"2023-06-07T06:43:27","guid":{"rendered":"https:\/\/srokacompany.com\/produit\/sky-rider-48-used-wing-foil-board\/"},"modified":"2023-06-07T08:43:27","modified_gmt":"2023-06-07T06:43:27","slug":"sky-rider-48-used-wing-foil-board","status":"publish","type":"product","link":"https:\/\/srokacompany.com\/de\/produkt\/sky-rider-48-used-wing-foil-board\/","title":{"rendered":"Sky Rider 4&#8217;8 Used Wing Foil Board"},"content":{"rendered":"<hr>\n<h2>Sky Rider 4&#8217;8 USED WING FOIL BOARD &#8211; <a href=\"https:\/\/srokacompany.com\/de\/produit\/sky-rider-board-48-und-52\/\">FULL DESCRIPTION HERE<\/a><\/h2>\n<p>  Wir haben diese Reihe von kleinen Foiling-Boards entwickelt, um Sie auf dem Laufenden zu halten und zu verbessern. Bisher haben wir Boards mit einem Volumen von mehr als 90 Litern angeboten. Aber da das allgemeine Niveau der Fahrer steigt, erf\u00fcllen wir Ihre Erwartungen mit k\u00fcrzeren Boards, die perfekt zum Springen, f\u00fcr schnelleres Fahren, f\u00fcr mehr Man\u00f6vrierf\u00e4higkeit in den Wellen oder beim Freestyle geeignet sind. Die Sky Rider 4&#8217;8 und 5&#8217;2 wurden mit diesem Ziel vor Augen entwickelt. Unser Produkt wurde <strong>f\u00fcr die Ewigkeit gebaut<\/strong>. Wir haben festgestellt, dass allzu oft Boards Probleme mit Spr\u00fcngen, Breaks, Delaminierung und Decksinking haben, wenn Fahrer minimale Leistung von ihrem foil Board verlangen. Deshalb sind wir unserer Philosophie treu geblieben: Wir stellen langlebige, leistungsstarke Produkte her, w\u00e4hrend wir 99,9% des Kundendienstes nach dem Verkauf eliminieren. Es gibt keine M\u00f6glichkeit, dass Ihr Board nach 15 Sessions oder ein paar Spr\u00fcngen kaputt geht. Das Sky Rider 4&#8217;8 oder 5&#8217;2 Wingfoil-Board ist perfekt f\u00fcr <strong>Freestyle<\/strong>, Race oder <strong>Wave-Spa\u00df<\/strong>. Mit einer guten Boardbreite ist die Stabilit\u00e4t gegeben, vor allem am Anfang. Diese super vielseitigen Boards sind f\u00fcr mittlere und erfahrene Fahrer geeignet, die ihr Fahrk\u00f6nnen auf das n\u00e4chste Level bringen wollen.        <\/p>\n","protected":false},"excerpt":{"rendered":"<p>Sky Rider 4&#8217;8 USED WING FOIL BOARD &#8211; FULL DESCRIPTION HERE Wir haben diese Reihe von kleinen Foiling-Boards entwickelt, um Sie auf dem Laufenden zu halten und zu verbessern. Bisher haben wir Boards mit einem Volumen von mehr als 90 Litern angeboten. Aber da das allgemeine Niveau der Fahrer steigt, erf\u00fcllen wir Ihre Erwartungen mit [&hellip;]<\/p>\n","protected":false},"featured_media":0,"template":"","meta":{"_acf_changed":false,"_uag_custom_page_level_css":""},"product_brand":[],"product_cat":[3154],"product_tag":[],"class_list":{"0":"post-343756","1":"product","2":"type-product","3":"status-publish","5":"product_cat-tous-nos-foils-uha","7":"first","8":"instock","9":"taxable","10":"shipping-taxable","11":"product-type-simple"},"acf":[],"yoast_head":"<!-- This site is optimized with the Yoast SEO plugin v27.4 - https:\/\/yoast.com\/product\/yoast-seo-wordpress\/ -->\n<title>Sky Rider 4&#039;8 Used Wing Foil Board - SROKA Company<\/title>\n<meta name=\"robots\" content=\"index, follow, max-snippet:-1, max-image-preview:large, max-video-preview:-1\" \/>\n<link rel=\"canonical\" href=\"https:\/\/srokacompany.com\/de\/produkt\/sky-rider-48-used-wing-foil-board\/\" \/>\n<meta property=\"og:locale\" content=\"de_DE\" \/>\n<meta property=\"og:type\" content=\"article\" \/>\n<meta property=\"og:title\" content=\"Sky Rider 4&#039;8 Used Wing Foil Board - SROKA Company\" \/>\n<meta property=\"og:description\" content=\"Sky Rider 4&#8217;8 USED WING FOIL BOARD &#8211; FULL DESCRIPTION HERE Wir haben diese Reihe von kleinen Foiling-Boards entwickelt, um Sie auf dem Laufenden zu halten und zu verbessern. Bisher haben wir Boards mit einem Volumen von mehr als 90 Litern angeboten. Aber da das allgemeine Niveau der Fahrer steigt, erf\u00fcllen wir Ihre Erwartungen mit [&hellip;]\" \/>\n<meta property=\"og:url\" content=\"https:\/\/srokacompany.com\/de\/produkt\/sky-rider-48-used-wing-foil-board\/\" \/>\n<meta property=\"og:site_name\" content=\"SROKA Company\" \/>\n<meta property=\"article:publisher\" content=\"https:\/\/www.facebook.com\/srokawatersports\/\" \/>\n<meta name=\"twitter:label1\" content=\"Gesch\u00e4tzte Lesezeit\" \/>\n\t<meta name=\"twitter:data1\" content=\"1\u00a0Minute\" \/>\n<script type=\"application\/ld+json\" class=\"yoast-schema-graph\">{\"@context\":\"https:\\\/\\\/schema.org\",\"@graph\":[{\"@type\":\"WebPage\",\"@id\":\"https:\\\/\\\/srokacompany.com\\\/de\\\/produkt\\\/sky-rider-48-used-wing-foil-board\\\/\",\"url\":\"https:\\\/\\\/srokacompany.com\\\/de\\\/produkt\\\/sky-rider-48-used-wing-foil-board\\\/\",\"name\":\"Sky Rider 4'8 Used Wing Foil Board - SROKA Company\",\"isPartOf\":{\"@id\":\"https:\\\/\\\/srokacompany.com\\\/de\\\/#website\"},\"datePublished\":\"2023-06-07T06:43:27+00:00\",\"breadcrumb\":{\"@id\":\"https:\\\/\\\/srokacompany.com\\\/de\\\/produkt\\\/sky-rider-48-used-wing-foil-board\\\/#breadcrumb\"},\"inLanguage\":\"de\",\"potentialAction\":[{\"@type\":\"ReadAction\",\"target\":[\"https:\\\/\\\/srokacompany.com\\\/de\\\/produkt\\\/sky-rider-48-used-wing-foil-board\\\/\"]}]},{\"@type\":\"BreadcrumbList\",\"@id\":\"https:\\\/\\\/srokacompany.com\\\/de\\\/produkt\\\/sky-rider-48-used-wing-foil-board\\\/#breadcrumb\",\"itemListElement\":[{\"@type\":\"ListItem\",\"position\":1,\"name\":\"Accueil\",\"item\":\"https:\\\/\\\/srokacompany.com\\\/de\\\/\"},{\"@type\":\"ListItem\",\"position\":2,\"name\":\"Laden\",\"item\":\"https:\\\/\\\/srokacompany.com\\\/laden\\\/\"},{\"@type\":\"ListItem\",\"position\":3,\"name\":\"Sky Rider 4&#8217;8 Used Wing Foil Board\"}]},{\"@type\":\"WebSite\",\"@id\":\"https:\\\/\\\/srokacompany.com\\\/de\\\/#website\",\"url\":\"https:\\\/\\\/srokacompany.com\\\/de\\\/\",\"name\":\"SROKA Company\",\"description\":\"SUP, Kite, Foil, Wing\",\"publisher\":{\"@id\":\"https:\\\/\\\/srokacompany.com\\\/de\\\/#organization\"},\"potentialAction\":[{\"@type\":\"SearchAction\",\"target\":{\"@type\":\"EntryPoint\",\"urlTemplate\":\"https:\\\/\\\/srokacompany.com\\\/de\\\/?s={search_term_string}\"},\"query-input\":{\"@type\":\"PropertyValueSpecification\",\"valueRequired\":true,\"valueName\":\"search_term_string\"}}],\"inLanguage\":\"de\"},{\"@type\":\"Organization\",\"@id\":\"https:\\\/\\\/srokacompany.com\\\/de\\\/#organization\",\"name\":\"SROKACOMPANY\",\"alternateName\":\"SROKA\",\"url\":\"https:\\\/\\\/srokacompany.com\\\/de\\\/\",\"logo\":{\"@type\":\"ImageObject\",\"inLanguage\":\"de\",\"@id\":\"https:\\\/\\\/srokacompany.com\\\/de\\\/#\\\/schema\\\/logo\\\/image\\\/\",\"url\":\"https:\\\/\\\/srokacompany.com\\\/wp-content\\\/uploads\\\/2021\\\/01\\\/logo-sroka-black-transpa.png\",\"contentUrl\":\"https:\\\/\\\/srokacompany.com\\\/wp-content\\\/uploads\\\/2021\\\/01\\\/logo-sroka-black-transpa.png\",\"width\":1201,\"height\":342,\"caption\":\"SROKACOMPANY\"},\"image\":{\"@id\":\"https:\\\/\\\/srokacompany.com\\\/de\\\/#\\\/schema\\\/logo\\\/image\\\/\"},\"sameAs\":[\"https:\\\/\\\/www.facebook.com\\\/srokawatersports\\\/\",\"https:\\\/\\\/www.instagram.com\\\/srokawatersports\\\/\",\"https:\\\/\\\/www.youtube.com\\\/channel\\\/UCVLHHeaPIm-J5bdEUgxqtZA\"]}]}<\/script>\n<!-- \/ Yoast SEO plugin. -->","yoast_head_json":{"title":"Sky Rider 4'8 Used Wing Foil Board - SROKA Company","robots":{"index":"index","follow":"follow","max-snippet":"max-snippet:-1","max-image-preview":"max-image-preview:large","max-video-preview":"max-video-preview:-1"},"canonical":"https:\/\/srokacompany.com\/de\/produkt\/sky-rider-48-used-wing-foil-board\/","og_locale":"de_DE","og_type":"article","og_title":"Sky Rider 4'8 Used Wing Foil Board - SROKA Company","og_description":"Sky Rider 4&#8217;8 USED WING FOIL BOARD &#8211; FULL DESCRIPTION HERE Wir haben diese Reihe von kleinen Foiling-Boards entwickelt, um Sie auf dem Laufenden zu halten und zu verbessern. Bisher haben wir Boards mit einem Volumen von mehr als 90 Litern angeboten. Aber da das allgemeine Niveau der Fahrer steigt, erf\u00fcllen wir Ihre Erwartungen mit [&hellip;]","og_url":"https:\/\/srokacompany.com\/de\/produkt\/sky-rider-48-used-wing-foil-board\/","og_site_name":"SROKA Company","article_publisher":"https:\/\/www.facebook.com\/srokawatersports\/","twitter_misc":{"Gesch\u00e4tzte Lesezeit":"1\u00a0Minute"},"schema":{"@context":"https:\/\/schema.org","@graph":[{"@type":"WebPage","@id":"https:\/\/srokacompany.com\/de\/produkt\/sky-rider-48-used-wing-foil-board\/","url":"https:\/\/srokacompany.com\/de\/produkt\/sky-rider-48-used-wing-foil-board\/","name":"Sky Rider 4'8 Used Wing Foil Board - SROKA Company","isPartOf":{"@id":"https:\/\/srokacompany.com\/de\/#website"},"datePublished":"2023-06-07T06:43:27+00:00","breadcrumb":{"@id":"https:\/\/srokacompany.com\/de\/produkt\/sky-rider-48-used-wing-foil-board\/#breadcrumb"},"inLanguage":"de","potentialAction":[{"@type":"ReadAction","target":["https:\/\/srokacompany.com\/de\/produkt\/sky-rider-48-used-wing-foil-board\/"]}]},{"@type":"BreadcrumbList","@id":"https:\/\/srokacompany.com\/de\/produkt\/sky-rider-48-used-wing-foil-board\/#breadcrumb","itemListElement":[{"@type":"ListItem","position":1,"name":"Accueil","item":"https:\/\/srokacompany.com\/de\/"},{"@type":"ListItem","position":2,"name":"Laden","item":"https:\/\/srokacompany.com\/laden\/"},{"@type":"ListItem","position":3,"name":"Sky Rider 4&#8217;8 Used Wing Foil Board"}]},{"@type":"WebSite","@id":"https:\/\/srokacompany.com\/de\/#website","url":"https:\/\/srokacompany.com\/de\/","name":"SROKA Company","description":"SUP, Kite, Foil, Wing","publisher":{"@id":"https:\/\/srokacompany.com\/de\/#organization"},"potentialAction":[{"@type":"SearchAction","target":{"@type":"EntryPoint","urlTemplate":"https:\/\/srokacompany.com\/de\/?s={search_term_string}"},"query-input":{"@type":"PropertyValueSpecification","valueRequired":true,"valueName":"search_term_string"}}],"inLanguage":"de"},{"@type":"Organization","@id":"https:\/\/srokacompany.com\/de\/#organization","name":"SROKACOMPANY","alternateName":"SROKA","url":"https:\/\/srokacompany.com\/de\/","logo":{"@type":"ImageObject","inLanguage":"de","@id":"https:\/\/srokacompany.com\/de\/#\/schema\/logo\/image\/","url":"https:\/\/srokacompany.com\/wp-content\/uploads\/2021\/01\/logo-sroka-black-transpa.png","contentUrl":"https:\/\/srokacompany.com\/wp-content\/uploads\/2021\/01\/logo-sroka-black-transpa.png","width":1201,"height":342,"caption":"SROKACOMPANY"},"image":{"@id":"https:\/\/srokacompany.com\/de\/#\/schema\/logo\/image\/"},"sameAs":["https:\/\/www.facebook.com\/srokawatersports\/","https:\/\/www.instagram.com\/srokawatersports\/","https:\/\/www.youtube.com\/channel\/UCVLHHeaPIm-J5bdEUgxqtZA"]}]}},"uagb_featured_image_src":{"full":false,"thumbnail":false,"medium":false,"medium_large":false,"large":false,"1536x1536":false,"2048x2048":false,"woocommerce_thumbnail":false,"woocommerce_single":false,"woocommerce_gallery_thumbnail":false,"dgwt-wcas-product-suggestion":false},"uagb_author_info":{"display_name":"Emmanuel DIJOUX","author_link":"https:\/\/srokacompany.com\/de\/blog\/author\/"},"uagb_comment_info":0,"uagb_excerpt":"Sky Rider 4&#8217;8 USED WING FOIL BOARD &#8211; FULL DESCRIPTION HERE Wir haben diese Reihe von kleinen Foiling-Boards entwickelt, um Sie auf dem Laufenden zu halten und zu verbessern. Bisher haben wir Boards mit einem Volumen von mehr als 90 Litern angeboten. Aber da das allgemeine Niveau der Fahrer steigt, erf\u00fcllen wir Ihre Erwartungen mit&hellip;","jetpack_sharing_enabled":true,"_links":{"self":[{"href":"https:\/\/srokacompany.com\/de\/wp-json\/wp\/v2\/product\/343756","targetHints":{"allow":["GET"]}}],"collection":[{"href":"https:\/\/srokacompany.com\/de\/wp-json\/wp\/v2\/product"}],"about":[{"href":"https:\/\/srokacompany.com\/de\/wp-json\/wp\/v2\/types\/product"}],"wp:attachment":[{"href":"https:\/\/srokacompany.com\/de\/wp-json\/wp\/v2\/media?parent=343756"}],"wp:term":[{"taxonomy":"product_brand","embeddable":true,"href":"https:\/\/srokacompany.com\/de\/wp-json\/wp\/v2\/product_brand?post=343756"},{"taxonomy":"product_cat","embeddable":true,"href":"https:\/\/srokacompany.com\/de\/wp-json\/wp\/v2\/product_cat?post=343756"},{"taxonomy":"product_tag","embeddable":true,"href":"https:\/\/srokacompany.com\/de\/wp-json\/wp\/v2\/product_tag?post=343756"}],"curies":[{"name":"wp","href":"https:\/\/api.w.org\/{rel}","templated":true}]}}