{"id":343757,"date":"2023-06-08T15:07:21","date_gmt":"2023-06-08T15:07:21","guid":{"rendered":"https:\/\/srokacompany.com\/produit\/easy-116-gebraucht\/"},"modified":"2025-11-03T12:19:48","modified_gmt":"2025-11-03T10:19:48","slug":"easy-116-gebraucht","status":"publish","type":"product","link":"https:\/\/srokacompany.com\/de\/produkt\/easy-116-gebraucht\/","title":{"rendered":"Easy 11&#8217;6 &#8211; Gebraucht"},"content":{"rendered":"<hr \/>\n<h2><strong>EINFACHES GLITZEN, SOFORTIGES VERGN\u00dcGEN &#8211; Gebraucht &#8211; war noch nie im Wasser &#8211; Expo-Modell \/ Foto &#8211; <a href=\"https:\/\/srokacompany.com\/de\/produkt\/aufblasbares-paddel-easy\/\">Vollst\u00e4ndige Beschreibung hier<\/a><\/strong><\/h2>\n<p>Mit den Packs <a href=\"https:\/\/srokacompany.com\/de\/eshop\/aufblasbare-paddel\/\">Stand up Paddle Gonflatable<\/a> 10&#8242;, 10&#8217;6, 11&#8217;6 &amp; 12&#8217;6 Easy entdecken Sie den Spa\u00df am aufblasbaren SUP, ohne sich den Kopf dar\u00fcber zerbrechen zu m\u00fcssen.<\/p>\n<p>Das <strong>Easy 10&#8217;6<\/strong> erf\u00fcllt die Erwartungen von Personen mit mittlerer K\u00f6rpergr\u00f6\u00dfe, die das Surfen auf SUP, allein oder mit der Familie, entdecken. Dank seiner komfortablen Outline und dem leichten Rocker ist es ein idealer Begleiter f\u00fcr Spazierg\u00e4nge, Yoga, Angeln, Wanderungen und das Surfen in kleinen Wellen. Sein Shape und sein Rocker machen es wendig und lassen dich kleine Wellen mit Leichtigkeit reiten.<\/p>\n<p>Sein kleiner Bruder, der <strong>Easy 10&#8242;<\/strong>, hat den gleichen Shape, ist aber weniger breit, d\u00fcnner und k\u00fcrzer. Es eignet sich f\u00fcr kleinere K\u00f6rpergr\u00f6\u00dfen (&lt;85-90 kg), Kinder und Jugendliche.<\/p>\n<p>Die <strong>Packs 11&#8217;6 und 12&#8217;6<\/strong> stellen Liebhaber von Spazierg\u00e4ngen und sportlichen Wanderungen zufrieden, indem sie Gleichgewicht, Gleitf\u00e4higkeit und Komfort miteinander in Einklang bringen. Anf\u00e4nger und gro\u00dfe Fahrer profitieren von der Stabilit\u00e4t und dem guten Verh\u00e4ltnis von Gleitf\u00e4higkeit und Man\u00f6vrierbarkeit des 11&#8217;6, w\u00e4hrend schwerere oder erfahrene Fahrer die bessere Gleitf\u00e4higkeit des 12&#8217;6 genie\u00dfen k\u00f6nnen.<\/p>\n<p>Die Boards sind aus dem hochwertigsten PVC gefertigt, das bei professionellen Festrumpfbooten verwendet wird, was zu einer erh\u00f6hten Steifigkeit und Langlebigkeit beitr\u00e4gt. Um diese Eigenschaften zu perfektionieren, wurde zus\u00e4tzlich zur Nase eine zweite PVC-Schicht auf den Rails (vorne und hinten) hinzugef\u00fcgt.<\/p>\n<p>Die Easy-Packs sind f\u00fcr diejenigen gedacht, die <a href=\"https:\/\/srokacompany.com\/de\/blog\/unsere-tipps-zum-stand-up-paddling-lernen\/\">mit dem Stand Up Paddling beginnen<\/a> m\u00f6chten, ohne Kompromisse bei Qualit\u00e4t und Design eingehen zu m\u00fcssen.<\/p>\n<p>Wenn Sie sich noch nicht sicher sind, welches Paddleboard das richtige f\u00fcr Sie ist, zeigen wir Ihnen, <a href=\"https:\/\/srokacompany.com\/de\/blog\/wie-wahlen-sie-ihr-aufgeblasenes-stand-up-paddle-aus\/\">wie Sie Ihr Stand-Up-Paddle ausw\u00e4hlen<\/a>.<\/p>\n","protected":false},"excerpt":{"rendered":"<p>Komplettpaket Easy 11&#8217;6<\/p>\n","protected":false},"featured_media":343759,"template":"","meta":{"_acf_changed":false,"_uag_custom_page_level_css":""},"product_brand":[],"product_cat":[3693,3651,3650],"product_tag":[],"class_list":{"0":"post-343757","1":"product","2":"type-product","3":"status-publish","4":"has-post-thumbnail","6":"product_cat-gebrauchte-gerate","7":"product_cat-gebrauchte-paddelboot","8":"product_cat-schnappchen","9":"product_shipping_class-sup-einheit","11":"first","12":"outofstock","13":"taxable","14":"shipping-taxable","15":"purchasable","16":"product-type-simple"},"acf":[],"yoast_head":"<!-- This site is optimized with the Yoast SEO plugin v27.4 - https:\/\/yoast.com\/product\/yoast-seo-wordpress\/ -->\n<title>Easy 11&#039;6 - Gebraucht - SROKA Company<\/title>\n<meta name=\"description\" content=\"Gebrauchtes aufblasbares Paddle Easy 11&#039;6: stabil, leicht und einfach zu transportieren. Ideal f\u00fcr Anf\u00e4nger oder zum Spazierengehen. Preisg\u00fcnstig und mit Zubeh\u00f6r.\" \/>\n<meta name=\"robots\" content=\"index, follow, max-snippet:-1, max-image-preview:large, max-video-preview:-1\" \/>\n<link rel=\"canonical\" href=\"https:\/\/srokacompany.com\/de\/produkt\/easy-116-gebraucht\/\" \/>\n<meta property=\"og:locale\" content=\"de_DE\" \/>\n<meta property=\"og:type\" content=\"article\" \/>\n<meta property=\"og:title\" content=\"Easy 11&#039;6 - Gebraucht - SROKA Company\" \/>\n<meta property=\"og:description\" content=\"Gebrauchtes aufblasbares Paddle Easy 11&#039;6: stabil, leicht und einfach zu transportieren. Ideal f\u00fcr Anf\u00e4nger oder zum Spazierengehen. Preisg\u00fcnstig und mit Zubeh\u00f6r.\" \/>\n<meta property=\"og:url\" content=\"https:\/\/srokacompany.com\/de\/produkt\/easy-116-gebraucht\/\" \/>\n<meta property=\"og:site_name\" content=\"SROKA Company\" \/>\n<meta property=\"article:publisher\" content=\"https:\/\/www.facebook.com\/srokawatersports\/\" \/>\n<meta property=\"article:modified_time\" content=\"2025-11-03T10:19:48+00:00\" \/>\n<meta property=\"og:image\" content=\"https:\/\/srokacompany.com\/wp-content\/uploads\/2023\/06\/easy-116-occasionIMG_20230608_143601-scaled-1.jpg\" \/>\n\t<meta property=\"og:image:width\" content=\"1536\" \/>\n\t<meta property=\"og:image:height\" content=\"2048\" \/>\n\t<meta property=\"og:image:type\" content=\"image\/jpeg\" \/>\n<meta name=\"twitter:label1\" content=\"Gesch\u00e4tzte Lesezeit\" \/>\n\t<meta name=\"twitter:data1\" content=\"2\u00a0Minuten\" \/>\n<script type=\"application\/ld+json\" class=\"yoast-schema-graph\">{\"@context\":\"https:\\\/\\\/schema.org\",\"@graph\":[{\"@type\":\"WebPage\",\"@id\":\"https:\\\/\\\/srokacompany.com\\\/de\\\/produkt\\\/easy-116-gebraucht\\\/\",\"url\":\"https:\\\/\\\/srokacompany.com\\\/de\\\/produkt\\\/easy-116-gebraucht\\\/\",\"name\":\"Easy 11'6 - Gebraucht - SROKA Company\",\"isPartOf\":{\"@id\":\"https:\\\/\\\/srokacompany.com\\\/de\\\/#website\"},\"primaryImageOfPage\":{\"@id\":\"https:\\\/\\\/srokacompany.com\\\/de\\\/produkt\\\/easy-116-gebraucht\\\/#primaryimage\"},\"image\":{\"@id\":\"https:\\\/\\\/srokacompany.com\\\/de\\\/produkt\\\/easy-116-gebraucht\\\/#primaryimage\"},\"thumbnailUrl\":\"https:\\\/\\\/srokacompany.com\\\/wp-content\\\/uploads\\\/2023\\\/06\\\/easy-116-occasionIMG_20230608_143601-scaled-1.jpg\",\"datePublished\":\"2023-06-08T15:07:21+00:00\",\"dateModified\":\"2025-11-03T10:19:48+00:00\",\"description\":\"Gebrauchtes aufblasbares Paddle Easy 11'6: stabil, leicht und einfach zu transportieren. Ideal f\u00fcr Anf\u00e4nger oder zum Spazierengehen. Preisg\u00fcnstig und mit Zubeh\u00f6r.\",\"breadcrumb\":{\"@id\":\"https:\\\/\\\/srokacompany.com\\\/de\\\/produkt\\\/easy-116-gebraucht\\\/#breadcrumb\"},\"inLanguage\":\"de\",\"potentialAction\":[{\"@type\":\"ReadAction\",\"target\":[\"https:\\\/\\\/srokacompany.com\\\/de\\\/produkt\\\/easy-116-gebraucht\\\/\"]}]},{\"@type\":\"ImageObject\",\"inLanguage\":\"de\",\"@id\":\"https:\\\/\\\/srokacompany.com\\\/de\\\/produkt\\\/easy-116-gebraucht\\\/#primaryimage\",\"url\":\"https:\\\/\\\/srokacompany.com\\\/wp-content\\\/uploads\\\/2023\\\/06\\\/easy-116-occasionIMG_20230608_143601-scaled-1.jpg\",\"contentUrl\":\"https:\\\/\\\/srokacompany.com\\\/wp-content\\\/uploads\\\/2023\\\/06\\\/easy-116-occasionIMG_20230608_143601-scaled-1.jpg\",\"width\":1536,\"height\":2048},{\"@type\":\"BreadcrumbList\",\"@id\":\"https:\\\/\\\/srokacompany.com\\\/de\\\/produkt\\\/easy-116-gebraucht\\\/#breadcrumb\",\"itemListElement\":[{\"@type\":\"ListItem\",\"position\":1,\"name\":\"Accueil\",\"item\":\"https:\\\/\\\/srokacompany.com\\\/de\\\/\"},{\"@type\":\"ListItem\",\"position\":2,\"name\":\"Laden\",\"item\":\"https:\\\/\\\/srokacompany.com\\\/laden\\\/\"},{\"@type\":\"ListItem\",\"position\":3,\"name\":\"Easy 11&rsquo;6 &#8211; Gebraucht\"}]},{\"@type\":\"WebSite\",\"@id\":\"https:\\\/\\\/srokacompany.com\\\/de\\\/#website\",\"url\":\"https:\\\/\\\/srokacompany.com\\\/de\\\/\",\"name\":\"SROKA Company\",\"description\":\"SUP, Kite, Foil, Wing\",\"publisher\":{\"@id\":\"https:\\\/\\\/srokacompany.com\\\/de\\\/#organization\"},\"potentialAction\":[{\"@type\":\"SearchAction\",\"target\":{\"@type\":\"EntryPoint\",\"urlTemplate\":\"https:\\\/\\\/srokacompany.com\\\/de\\\/?s={search_term_string}\"},\"query-input\":{\"@type\":\"PropertyValueSpecification\",\"valueRequired\":true,\"valueName\":\"search_term_string\"}}],\"inLanguage\":\"de\"},{\"@type\":\"Organization\",\"@id\":\"https:\\\/\\\/srokacompany.com\\\/de\\\/#organization\",\"name\":\"SROKACOMPANY\",\"alternateName\":\"SROKA\",\"url\":\"https:\\\/\\\/srokacompany.com\\\/de\\\/\",\"logo\":{\"@type\":\"ImageObject\",\"inLanguage\":\"de\",\"@id\":\"https:\\\/\\\/srokacompany.com\\\/de\\\/#\\\/schema\\\/logo\\\/image\\\/\",\"url\":\"https:\\\/\\\/srokacompany.com\\\/wp-content\\\/uploads\\\/2021\\\/01\\\/logo-sroka-black-transpa.png\",\"contentUrl\":\"https:\\\/\\\/srokacompany.com\\\/wp-content\\\/uploads\\\/2021\\\/01\\\/logo-sroka-black-transpa.png\",\"width\":1201,\"height\":342,\"caption\":\"SROKACOMPANY\"},\"image\":{\"@id\":\"https:\\\/\\\/srokacompany.com\\\/de\\\/#\\\/schema\\\/logo\\\/image\\\/\"},\"sameAs\":[\"https:\\\/\\\/www.facebook.com\\\/srokawatersports\\\/\",\"https:\\\/\\\/www.instagram.com\\\/srokawatersports\\\/\",\"https:\\\/\\\/www.youtube.com\\\/channel\\\/UCVLHHeaPIm-J5bdEUgxqtZA\"]}]}<\/script>\n<!-- \/ Yoast SEO plugin. -->","yoast_head_json":{"title":"Easy 11'6 - Gebraucht - SROKA Company","description":"Gebrauchtes aufblasbares Paddle Easy 11'6: stabil, leicht und einfach zu transportieren. Ideal f\u00fcr Anf\u00e4nger oder zum Spazierengehen. Preisg\u00fcnstig und mit Zubeh\u00f6r.","robots":{"index":"index","follow":"follow","max-snippet":"max-snippet:-1","max-image-preview":"max-image-preview:large","max-video-preview":"max-video-preview:-1"},"canonical":"https:\/\/srokacompany.com\/de\/produkt\/easy-116-gebraucht\/","og_locale":"de_DE","og_type":"article","og_title":"Easy 11'6 - Gebraucht - SROKA Company","og_description":"Gebrauchtes aufblasbares Paddle Easy 11'6: stabil, leicht und einfach zu transportieren. Ideal f\u00fcr Anf\u00e4nger oder zum Spazierengehen. Preisg\u00fcnstig und mit Zubeh\u00f6r.","og_url":"https:\/\/srokacompany.com\/de\/produkt\/easy-116-gebraucht\/","og_site_name":"SROKA Company","article_publisher":"https:\/\/www.facebook.com\/srokawatersports\/","article_modified_time":"2025-11-03T10:19:48+00:00","og_image":[{"width":1536,"height":2048,"url":"https:\/\/srokacompany.com\/wp-content\/uploads\/2023\/06\/easy-116-occasionIMG_20230608_143601-scaled-1.jpg","type":"image\/jpeg"}],"twitter_misc":{"Gesch\u00e4tzte Lesezeit":"2\u00a0Minuten"},"schema":{"@context":"https:\/\/schema.org","@graph":[{"@type":"WebPage","@id":"https:\/\/srokacompany.com\/de\/produkt\/easy-116-gebraucht\/","url":"https:\/\/srokacompany.com\/de\/produkt\/easy-116-gebraucht\/","name":"Easy 11'6 - Gebraucht - SROKA Company","isPartOf":{"@id":"https:\/\/srokacompany.com\/de\/#website"},"primaryImageOfPage":{"@id":"https:\/\/srokacompany.com\/de\/produkt\/easy-116-gebraucht\/#primaryimage"},"image":{"@id":"https:\/\/srokacompany.com\/de\/produkt\/easy-116-gebraucht\/#primaryimage"},"thumbnailUrl":"https:\/\/srokacompany.com\/wp-content\/uploads\/2023\/06\/easy-116-occasionIMG_20230608_143601-scaled-1.jpg","datePublished":"2023-06-08T15:07:21+00:00","dateModified":"2025-11-03T10:19:48+00:00","description":"Gebrauchtes aufblasbares Paddle Easy 11'6: stabil, leicht und einfach zu transportieren. Ideal f\u00fcr Anf\u00e4nger oder zum Spazierengehen. Preisg\u00fcnstig und mit Zubeh\u00f6r.","breadcrumb":{"@id":"https:\/\/srokacompany.com\/de\/produkt\/easy-116-gebraucht\/#breadcrumb"},"inLanguage":"de","potentialAction":[{"@type":"ReadAction","target":["https:\/\/srokacompany.com\/de\/produkt\/easy-116-gebraucht\/"]}]},{"@type":"ImageObject","inLanguage":"de","@id":"https:\/\/srokacompany.com\/de\/produkt\/easy-116-gebraucht\/#primaryimage","url":"https:\/\/srokacompany.com\/wp-content\/uploads\/2023\/06\/easy-116-occasionIMG_20230608_143601-scaled-1.jpg","contentUrl":"https:\/\/srokacompany.com\/wp-content\/uploads\/2023\/06\/easy-116-occasionIMG_20230608_143601-scaled-1.jpg","width":1536,"height":2048},{"@type":"BreadcrumbList","@id":"https:\/\/srokacompany.com\/de\/produkt\/easy-116-gebraucht\/#breadcrumb","itemListElement":[{"@type":"ListItem","position":1,"name":"Accueil","item":"https:\/\/srokacompany.com\/de\/"},{"@type":"ListItem","position":2,"name":"Laden","item":"https:\/\/srokacompany.com\/laden\/"},{"@type":"ListItem","position":3,"name":"Easy 11&rsquo;6 &#8211; Gebraucht"}]},{"@type":"WebSite","@id":"https:\/\/srokacompany.com\/de\/#website","url":"https:\/\/srokacompany.com\/de\/","name":"SROKA Company","description":"SUP, Kite, Foil, Wing","publisher":{"@id":"https:\/\/srokacompany.com\/de\/#organization"},"potentialAction":[{"@type":"SearchAction","target":{"@type":"EntryPoint","urlTemplate":"https:\/\/srokacompany.com\/de\/?s={search_term_string}"},"query-input":{"@type":"PropertyValueSpecification","valueRequired":true,"valueName":"search_term_string"}}],"inLanguage":"de"},{"@type":"Organization","@id":"https:\/\/srokacompany.com\/de\/#organization","name":"SROKACOMPANY","alternateName":"SROKA","url":"https:\/\/srokacompany.com\/de\/","logo":{"@type":"ImageObject","inLanguage":"de","@id":"https:\/\/srokacompany.com\/de\/#\/schema\/logo\/image\/","url":"https:\/\/srokacompany.com\/wp-content\/uploads\/2021\/01\/logo-sroka-black-transpa.png","contentUrl":"https:\/\/srokacompany.com\/wp-content\/uploads\/2021\/01\/logo-sroka-black-transpa.png","width":1201,"height":342,"caption":"SROKACOMPANY"},"image":{"@id":"https:\/\/srokacompany.com\/de\/#\/schema\/logo\/image\/"},"sameAs":["https:\/\/www.facebook.com\/srokawatersports\/","https:\/\/www.instagram.com\/srokawatersports\/","https:\/\/www.youtube.com\/channel\/UCVLHHeaPIm-J5bdEUgxqtZA"]}]}},"uagb_featured_image_src":{"full":["https:\/\/srokacompany.com\/wp-content\/uploads\/2023\/06\/easy-116-occasionIMG_20230608_143601-scaled-1.jpg",1536,2048,false],"thumbnail":["https:\/\/srokacompany.com\/wp-content\/uploads\/2023\/06\/easy-116-occasionIMG_20230608_143601-scaled-1-150x150.jpg",150,150,true],"medium":["https:\/\/srokacompany.com\/wp-content\/uploads\/2023\/06\/easy-116-occasionIMG_20230608_143601-scaled-1-225x300.jpg",225,300,true],"medium_large":["https:\/\/srokacompany.com\/wp-content\/uploads\/2023\/06\/easy-116-occasionIMG_20230608_143601-scaled-1-768x1024.jpg",768,1024,true],"large":["https:\/\/srokacompany.com\/wp-content\/uploads\/2023\/06\/easy-116-occasionIMG_20230608_143601-scaled-1-768x1024.jpg",768,1024,true],"1536x1536":["https:\/\/srokacompany.com\/wp-content\/uploads\/2023\/06\/easy-116-occasionIMG_20230608_143601-scaled-1-1152x1536.jpg",1152,1536,true],"2048x2048":["https:\/\/srokacompany.com\/wp-content\/uploads\/2023\/06\/easy-116-occasionIMG_20230608_143601-scaled-1.jpg",1536,2048,false],"woocommerce_thumbnail":["https:\/\/srokacompany.com\/wp-content\/uploads\/2023\/06\/easy-116-occasionIMG_20230608_143601-scaled-1-600x800.jpg",600,800,true],"woocommerce_single":["https:\/\/srokacompany.com\/wp-content\/uploads\/2023\/06\/easy-116-occasionIMG_20230608_143601-scaled-1-600x800.jpg",600,800,true],"woocommerce_gallery_thumbnail":["https:\/\/srokacompany.com\/wp-content\/uploads\/2023\/06\/easy-116-occasionIMG_20230608_143601-scaled-1-100x100.jpg",100,100,true],"dgwt-wcas-product-suggestion":["https:\/\/srokacompany.com\/wp-content\/uploads\/2023\/06\/easy-116-occasionIMG_20230608_143601-scaled-1.jpg",64,85,false]},"uagb_author_info":{"display_name":"Emmanuel DIJOUX","author_link":"https:\/\/srokacompany.com\/de\/blog\/author\/"},"uagb_comment_info":0,"uagb_excerpt":"Komplettpaket Easy 11'6","jetpack_sharing_enabled":true,"_links":{"self":[{"href":"https:\/\/srokacompany.com\/de\/wp-json\/wp\/v2\/product\/343757","targetHints":{"allow":["GET"]}}],"collection":[{"href":"https:\/\/srokacompany.com\/de\/wp-json\/wp\/v2\/product"}],"about":[{"href":"https:\/\/srokacompany.com\/de\/wp-json\/wp\/v2\/types\/product"}],"wp:featuredmedia":[{"embeddable":true,"href":"https:\/\/srokacompany.com\/de\/wp-json\/wp\/v2\/media\/343759"}],"wp:attachment":[{"href":"https:\/\/srokacompany.com\/de\/wp-json\/wp\/v2\/media?parent=343757"}],"wp:term":[{"taxonomy":"product_brand","embeddable":true,"href":"https:\/\/srokacompany.com\/de\/wp-json\/wp\/v2\/product_brand?post=343757"},{"taxonomy":"product_cat","embeddable":true,"href":"https:\/\/srokacompany.com\/de\/wp-json\/wp\/v2\/product_cat?post=343757"},{"taxonomy":"product_tag","embeddable":true,"href":"https:\/\/srokacompany.com\/de\/wp-json\/wp\/v2\/product_tag?post=343757"}],"curies":[{"name":"wp","href":"https:\/\/api.w.org\/{rel}","templated":true}]}}