{"id":343789,"date":"2023-06-07T15:00:28","date_gmt":"2023-06-07T15:00:28","guid":{"rendered":"https:\/\/srokacompany.com\/produit\/ocean-walker-104-gebraucht\/"},"modified":"2025-10-31T19:11:40","modified_gmt":"2025-10-31T17:11:40","slug":"ocean-walker-104-gebraucht","status":"publish","type":"product","link":"https:\/\/srokacompany.com\/de\/produkt\/ocean-walker-104-gebraucht\/","title":{"rendered":"Ocean Walker 10&#8217;4 &#8211; Gebraucht"},"content":{"rendered":"<hr>\n<h2>Das aufblasbare Paddle zum besten Preis &#8211; VOLLST\u00c4NDIGE BESCHREIBUNG <a href=\"https:\/\/srokacompany.com\/de\/produkt\/aufblasbares-paddel-ocean-walker-104\/\">HIER<\/a><\/h2>\n<p>Dieses Modell <strong>ist nie ins Wasser gegangen<\/strong>, es wurde nur in unserem Hangar zum Fotografieren benutzt. Zustand <g id=\"gid_1\">99% neu<\/g>. Es kann nicht mehr neu verkauft werden.  <\/p>\n<p>Das <a href=\"https:\/\/srokacompany.com\/de\/eshop\/aufblasbare-paddel\/\">aufblasbare Stand Up Paddle<\/a> Ocean Walker 10&#8217;4 ist ideal, um <a href=\"https:\/\/srokacompany.com\/de\/blog\/unsere-tipps-zum-stand-up-paddling-lernen\/\">das Stand Up Paddle leicht zu erlernen<\/a>! Das aufblasbare SUP Ocean Walker Board wird als Komplettpaket mit allem verkauft, was du brauchst, um das Stand Up Paddling sofort zu \u00fcben. Das Paket umfasst :<\/p>\n<ul>\n<li>eine Aufblaspumpe<\/li>\n<li>ein 3-teiliges, abnehmbares und verstellbares Paddel<\/li>\n<li>eine leash<\/li>\n<li>3 Querruder mit Rei\u00dfverschluss<\/li>\n<li>eine verstellbare Tragetasche<\/li>\n<li>ein kleines Reparatur- und Wartungsset<\/li>\n<\/ul>\n<div class=\"page\" title=\"Seite 2\">\n<div class=\"layoutArea\">\n<div class=\"column\">\n<p>Mit den Ma\u00dfen 10&#8217;4 lang und 32&#8242; breit vereint es Gleitgef\u00fchl und Stabilit\u00e4t. Die abgerundete Nase und das eckige Heck verzeihen leicht jeden Balancefehler. Um eine gute Qualit\u00e4t und eine zufriedenstellende Steifigkeit zu gew\u00e4hrleisten, verwenden wir 100% hochwertige PVC- und Dropstitch-Materialien. Diese Materialien sind in der Industrie f\u00fcr die leistungsf\u00e4higsten professionellen Festrumpfboote auf dem Markt anerkannt und werden Sie langfristig begleiten<a href=\"https:\/\/srokacompany.com\/de\/blog\/unsere-prioritaet-die-qualitaet-und-langlebigkeit-unserer-produkte\/\">(Sroka-Qualit\u00e4tscharta<\/a>).   <\/p>\n<p>Es ist ein leichtes Allround-Board, das sich an alle Gew\u00e4sser anpasst: Ozean, See oder auch Fluss. Die elastischen Netze an der Vorderseite erm\u00f6glichen es dir, deine Sachen in einem wasserdichten Beutel (nicht im Paket enthalten) zu transportieren oder auf deinen Ausfl\u00fcgen M\u00fcll aufzusammeln. <\/p>\n<p><strong>2 Jahre Garantie<\/strong> auf Ihr Surfbrett von SUP und alle seine Zubeh\u00f6rteile.<\/p>\n<p>F\u00fcr noch mehr Auswahl entdecken Sie unsere Produktreihen <a href=\"https:\/\/srokacompany.com\/de\/produkt\/aufblasbares-paddel-malibu-fusion\/\" target=\"_blank\" rel=\"noopener noreferrer\">Malibu<\/a> und <a href=\"https:\/\/srokacompany.com\/de\/produkt\/aufblasbares-paddel-easy\/\">Easy<\/a>.<\/p>\n<p><a href=\"https:\/\/srokacompany.com\/de\/blog\/wie-fange-ich-mit-stand-up-paddle-an-und-mache-fortschritte-dabei\/\">Alle unsere Tipps f\u00fcr einen guten Start auf SUP in diesem Artikel!<\/a><\/p>\n<\/div>\n<\/div>\n<\/div>\n","protected":false},"excerpt":{"rendered":"<p>Das aufblasbare Paddle zum besten Preis &#8211; VOLLST\u00c4NDIGE BESCHREIBUNG HIER Dieses Modell ist nie ins Wasser gegangen, es wurde nur in unserem Hangar zum Fotografieren benutzt. Zustand 99% neu. Es kann nicht mehr neu verkauft werden. Das aufblasbare Stand Up Paddle Ocean Walker 10&#8217;4 ist ideal, um das Stand Up Paddle leicht zu erlernen! Das [&hellip;]<\/p>\n","protected":false},"featured_media":343794,"template":"","meta":{"_acf_changed":false,"_uag_custom_page_level_css":""},"product_brand":[],"product_cat":[3693,3651,3650],"product_tag":[],"class_list":{"0":"post-343789","1":"product","2":"type-product","3":"status-publish","4":"has-post-thumbnail","6":"product_cat-gebrauchte-gerate","7":"product_cat-gebrauchte-paddelboot","8":"product_cat-schnappchen","9":"product_shipping_class-sup-einheit","11":"first","12":"instock","13":"taxable","14":"shipping-taxable","15":"purchasable","16":"product-type-variable"},"acf":[],"yoast_head":"<!-- This site is optimized with the Yoast SEO plugin v27.4 - https:\/\/yoast.com\/product\/yoast-seo-wordpress\/ -->\n<title>Ocean Walker 10&#039;4 - Gebraucht - SROKA Company<\/title>\n<meta name=\"description\" content=\"Der aufblasbare Stand Up Paddle Ocean Walker 10&#039;4 ist ideal, um das Stand Up Paddling leicht zu erlernen! Kaufen Sie es gebraucht. Wird als Komplettpaket mit allem geliefert, was Sie brauchen, um sofort mit dem Stand Up Paddling zu \u00fcben.\" \/>\n<meta name=\"robots\" content=\"index, follow, max-snippet:-1, max-image-preview:large, max-video-preview:-1\" \/>\n<link rel=\"canonical\" href=\"https:\/\/srokacompany.com\/de\/produkt\/ocean-walker-104-gebraucht\/\" \/>\n<meta property=\"og:locale\" content=\"de_DE\" \/>\n<meta property=\"og:type\" content=\"article\" \/>\n<meta property=\"og:title\" content=\"Ocean Walker 10&#039;4 - Gebraucht - SROKA Company\" \/>\n<meta property=\"og:description\" content=\"Der aufblasbare Stand Up Paddle Ocean Walker 10&#039;4 ist ideal, um das Stand Up Paddling leicht zu erlernen! Kaufen Sie es gebraucht. Wird als Komplettpaket mit allem geliefert, was Sie brauchen, um sofort mit dem Stand Up Paddling zu \u00fcben.\" \/>\n<meta property=\"og:url\" content=\"https:\/\/srokacompany.com\/de\/produkt\/ocean-walker-104-gebraucht\/\" \/>\n<meta property=\"og:site_name\" content=\"SROKA Company\" \/>\n<meta property=\"article:publisher\" content=\"https:\/\/www.facebook.com\/srokawatersports\/\" \/>\n<meta property=\"article:modified_time\" content=\"2025-10-31T17:11:40+00:00\" \/>\n<meta property=\"og:image\" content=\"https:\/\/srokacompany.com\/wp-content\/uploads\/2023\/06\/ocean-walker-occasionIMG_0084-scaled-1.jpg\" \/>\n\t<meta property=\"og:image:width\" content=\"1536\" \/>\n\t<meta property=\"og:image:height\" content=\"2048\" \/>\n\t<meta property=\"og:image:type\" content=\"image\/jpeg\" \/>\n<meta name=\"twitter:label1\" content=\"Gesch\u00e4tzte Lesezeit\" \/>\n\t<meta name=\"twitter:data1\" content=\"1\u00a0Minute\" \/>\n<script type=\"application\/ld+json\" class=\"yoast-schema-graph\">{\"@context\":\"https:\\\/\\\/schema.org\",\"@graph\":[{\"@type\":\"WebPage\",\"@id\":\"https:\\\/\\\/srokacompany.com\\\/de\\\/produkt\\\/ocean-walker-104-gebraucht\\\/\",\"url\":\"https:\\\/\\\/srokacompany.com\\\/de\\\/produkt\\\/ocean-walker-104-gebraucht\\\/\",\"name\":\"Ocean Walker 10'4 - Gebraucht - SROKA Company\",\"isPartOf\":{\"@id\":\"https:\\\/\\\/srokacompany.com\\\/de\\\/#website\"},\"primaryImageOfPage\":{\"@id\":\"https:\\\/\\\/srokacompany.com\\\/de\\\/produkt\\\/ocean-walker-104-gebraucht\\\/#primaryimage\"},\"image\":{\"@id\":\"https:\\\/\\\/srokacompany.com\\\/de\\\/produkt\\\/ocean-walker-104-gebraucht\\\/#primaryimage\"},\"thumbnailUrl\":\"https:\\\/\\\/srokacompany.com\\\/wp-content\\\/uploads\\\/2023\\\/06\\\/ocean-walker-occasionIMG_0084-scaled-1.jpg\",\"datePublished\":\"2023-06-07T15:00:28+00:00\",\"dateModified\":\"2025-10-31T17:11:40+00:00\",\"description\":\"Der aufblasbare Stand Up Paddle Ocean Walker 10'4 ist ideal, um das Stand Up Paddling leicht zu erlernen! Kaufen Sie es gebraucht. Wird als Komplettpaket mit allem geliefert, was Sie brauchen, um sofort mit dem Stand Up Paddling zu \u00fcben.\",\"breadcrumb\":{\"@id\":\"https:\\\/\\\/srokacompany.com\\\/de\\\/produkt\\\/ocean-walker-104-gebraucht\\\/#breadcrumb\"},\"inLanguage\":\"de\",\"potentialAction\":[{\"@type\":\"ReadAction\",\"target\":[\"https:\\\/\\\/srokacompany.com\\\/de\\\/produkt\\\/ocean-walker-104-gebraucht\\\/\"]}]},{\"@type\":\"ImageObject\",\"inLanguage\":\"de\",\"@id\":\"https:\\\/\\\/srokacompany.com\\\/de\\\/produkt\\\/ocean-walker-104-gebraucht\\\/#primaryimage\",\"url\":\"https:\\\/\\\/srokacompany.com\\\/wp-content\\\/uploads\\\/2023\\\/06\\\/ocean-walker-occasionIMG_0084-scaled-1.jpg\",\"contentUrl\":\"https:\\\/\\\/srokacompany.com\\\/wp-content\\\/uploads\\\/2023\\\/06\\\/ocean-walker-occasionIMG_0084-scaled-1.jpg\",\"width\":1536,\"height\":2048},{\"@type\":\"BreadcrumbList\",\"@id\":\"https:\\\/\\\/srokacompany.com\\\/de\\\/produkt\\\/ocean-walker-104-gebraucht\\\/#breadcrumb\",\"itemListElement\":[{\"@type\":\"ListItem\",\"position\":1,\"name\":\"Accueil\",\"item\":\"https:\\\/\\\/srokacompany.com\\\/de\\\/\"},{\"@type\":\"ListItem\",\"position\":2,\"name\":\"Laden\",\"item\":\"https:\\\/\\\/srokacompany.com\\\/laden\\\/\"},{\"@type\":\"ListItem\",\"position\":3,\"name\":\"Ocean Walker 10&rsquo;4 &#8211; Gebraucht\"}]},{\"@type\":\"WebSite\",\"@id\":\"https:\\\/\\\/srokacompany.com\\\/de\\\/#website\",\"url\":\"https:\\\/\\\/srokacompany.com\\\/de\\\/\",\"name\":\"SROKA Company\",\"description\":\"SUP, Kite, Foil, Wing\",\"publisher\":{\"@id\":\"https:\\\/\\\/srokacompany.com\\\/de\\\/#organization\"},\"potentialAction\":[{\"@type\":\"SearchAction\",\"target\":{\"@type\":\"EntryPoint\",\"urlTemplate\":\"https:\\\/\\\/srokacompany.com\\\/de\\\/?s={search_term_string}\"},\"query-input\":{\"@type\":\"PropertyValueSpecification\",\"valueRequired\":true,\"valueName\":\"search_term_string\"}}],\"inLanguage\":\"de\"},{\"@type\":\"Organization\",\"@id\":\"https:\\\/\\\/srokacompany.com\\\/de\\\/#organization\",\"name\":\"SROKACOMPANY\",\"alternateName\":\"SROKA\",\"url\":\"https:\\\/\\\/srokacompany.com\\\/de\\\/\",\"logo\":{\"@type\":\"ImageObject\",\"inLanguage\":\"de\",\"@id\":\"https:\\\/\\\/srokacompany.com\\\/de\\\/#\\\/schema\\\/logo\\\/image\\\/\",\"url\":\"https:\\\/\\\/srokacompany.com\\\/wp-content\\\/uploads\\\/2021\\\/01\\\/logo-sroka-black-transpa.png\",\"contentUrl\":\"https:\\\/\\\/srokacompany.com\\\/wp-content\\\/uploads\\\/2021\\\/01\\\/logo-sroka-black-transpa.png\",\"width\":1201,\"height\":342,\"caption\":\"SROKACOMPANY\"},\"image\":{\"@id\":\"https:\\\/\\\/srokacompany.com\\\/de\\\/#\\\/schema\\\/logo\\\/image\\\/\"},\"sameAs\":[\"https:\\\/\\\/www.facebook.com\\\/srokawatersports\\\/\",\"https:\\\/\\\/www.instagram.com\\\/srokawatersports\\\/\",\"https:\\\/\\\/www.youtube.com\\\/channel\\\/UCVLHHeaPIm-J5bdEUgxqtZA\"]}]}<\/script>\n<!-- \/ Yoast SEO plugin. -->","yoast_head_json":{"title":"Ocean Walker 10'4 - Gebraucht - SROKA Company","description":"Der aufblasbare Stand Up Paddle Ocean Walker 10'4 ist ideal, um das Stand Up Paddling leicht zu erlernen! Kaufen Sie es gebraucht. Wird als Komplettpaket mit allem geliefert, was Sie brauchen, um sofort mit dem Stand Up Paddling zu \u00fcben.","robots":{"index":"index","follow":"follow","max-snippet":"max-snippet:-1","max-image-preview":"max-image-preview:large","max-video-preview":"max-video-preview:-1"},"canonical":"https:\/\/srokacompany.com\/de\/produkt\/ocean-walker-104-gebraucht\/","og_locale":"de_DE","og_type":"article","og_title":"Ocean Walker 10'4 - Gebraucht - SROKA Company","og_description":"Der aufblasbare Stand Up Paddle Ocean Walker 10'4 ist ideal, um das Stand Up Paddling leicht zu erlernen! Kaufen Sie es gebraucht. Wird als Komplettpaket mit allem geliefert, was Sie brauchen, um sofort mit dem Stand Up Paddling zu \u00fcben.","og_url":"https:\/\/srokacompany.com\/de\/produkt\/ocean-walker-104-gebraucht\/","og_site_name":"SROKA Company","article_publisher":"https:\/\/www.facebook.com\/srokawatersports\/","article_modified_time":"2025-10-31T17:11:40+00:00","og_image":[{"width":1536,"height":2048,"url":"https:\/\/srokacompany.com\/wp-content\/uploads\/2023\/06\/ocean-walker-occasionIMG_0084-scaled-1.jpg","type":"image\/jpeg"}],"twitter_misc":{"Gesch\u00e4tzte Lesezeit":"1\u00a0Minute"},"schema":{"@context":"https:\/\/schema.org","@graph":[{"@type":"WebPage","@id":"https:\/\/srokacompany.com\/de\/produkt\/ocean-walker-104-gebraucht\/","url":"https:\/\/srokacompany.com\/de\/produkt\/ocean-walker-104-gebraucht\/","name":"Ocean Walker 10'4 - Gebraucht - SROKA Company","isPartOf":{"@id":"https:\/\/srokacompany.com\/de\/#website"},"primaryImageOfPage":{"@id":"https:\/\/srokacompany.com\/de\/produkt\/ocean-walker-104-gebraucht\/#primaryimage"},"image":{"@id":"https:\/\/srokacompany.com\/de\/produkt\/ocean-walker-104-gebraucht\/#primaryimage"},"thumbnailUrl":"https:\/\/srokacompany.com\/wp-content\/uploads\/2023\/06\/ocean-walker-occasionIMG_0084-scaled-1.jpg","datePublished":"2023-06-07T15:00:28+00:00","dateModified":"2025-10-31T17:11:40+00:00","description":"Der aufblasbare Stand Up Paddle Ocean Walker 10'4 ist ideal, um das Stand Up Paddling leicht zu erlernen! Kaufen Sie es gebraucht. Wird als Komplettpaket mit allem geliefert, was Sie brauchen, um sofort mit dem Stand Up Paddling zu \u00fcben.","breadcrumb":{"@id":"https:\/\/srokacompany.com\/de\/produkt\/ocean-walker-104-gebraucht\/#breadcrumb"},"inLanguage":"de","potentialAction":[{"@type":"ReadAction","target":["https:\/\/srokacompany.com\/de\/produkt\/ocean-walker-104-gebraucht\/"]}]},{"@type":"ImageObject","inLanguage":"de","@id":"https:\/\/srokacompany.com\/de\/produkt\/ocean-walker-104-gebraucht\/#primaryimage","url":"https:\/\/srokacompany.com\/wp-content\/uploads\/2023\/06\/ocean-walker-occasionIMG_0084-scaled-1.jpg","contentUrl":"https:\/\/srokacompany.com\/wp-content\/uploads\/2023\/06\/ocean-walker-occasionIMG_0084-scaled-1.jpg","width":1536,"height":2048},{"@type":"BreadcrumbList","@id":"https:\/\/srokacompany.com\/de\/produkt\/ocean-walker-104-gebraucht\/#breadcrumb","itemListElement":[{"@type":"ListItem","position":1,"name":"Accueil","item":"https:\/\/srokacompany.com\/de\/"},{"@type":"ListItem","position":2,"name":"Laden","item":"https:\/\/srokacompany.com\/laden\/"},{"@type":"ListItem","position":3,"name":"Ocean Walker 10&rsquo;4 &#8211; Gebraucht"}]},{"@type":"WebSite","@id":"https:\/\/srokacompany.com\/de\/#website","url":"https:\/\/srokacompany.com\/de\/","name":"SROKA Company","description":"SUP, Kite, Foil, Wing","publisher":{"@id":"https:\/\/srokacompany.com\/de\/#organization"},"potentialAction":[{"@type":"SearchAction","target":{"@type":"EntryPoint","urlTemplate":"https:\/\/srokacompany.com\/de\/?s={search_term_string}"},"query-input":{"@type":"PropertyValueSpecification","valueRequired":true,"valueName":"search_term_string"}}],"inLanguage":"de"},{"@type":"Organization","@id":"https:\/\/srokacompany.com\/de\/#organization","name":"SROKACOMPANY","alternateName":"SROKA","url":"https:\/\/srokacompany.com\/de\/","logo":{"@type":"ImageObject","inLanguage":"de","@id":"https:\/\/srokacompany.com\/de\/#\/schema\/logo\/image\/","url":"https:\/\/srokacompany.com\/wp-content\/uploads\/2021\/01\/logo-sroka-black-transpa.png","contentUrl":"https:\/\/srokacompany.com\/wp-content\/uploads\/2021\/01\/logo-sroka-black-transpa.png","width":1201,"height":342,"caption":"SROKACOMPANY"},"image":{"@id":"https:\/\/srokacompany.com\/de\/#\/schema\/logo\/image\/"},"sameAs":["https:\/\/www.facebook.com\/srokawatersports\/","https:\/\/www.instagram.com\/srokawatersports\/","https:\/\/www.youtube.com\/channel\/UCVLHHeaPIm-J5bdEUgxqtZA"]}]}},"uagb_featured_image_src":{"full":["https:\/\/srokacompany.com\/wp-content\/uploads\/2023\/06\/ocean-walker-occasionIMG_0084-scaled-1.jpg",1536,2048,false],"thumbnail":["https:\/\/srokacompany.com\/wp-content\/uploads\/2023\/06\/ocean-walker-occasionIMG_0084-scaled-1-150x150.jpg",150,150,true],"medium":["https:\/\/srokacompany.com\/wp-content\/uploads\/2023\/06\/ocean-walker-occasionIMG_0084-scaled-1-225x300.jpg",225,300,true],"medium_large":["https:\/\/srokacompany.com\/wp-content\/uploads\/2023\/06\/ocean-walker-occasionIMG_0084-scaled-1-768x1024.jpg",768,1024,true],"large":["https:\/\/srokacompany.com\/wp-content\/uploads\/2023\/06\/ocean-walker-occasionIMG_0084-scaled-1-768x1024.jpg",768,1024,true],"1536x1536":["https:\/\/srokacompany.com\/wp-content\/uploads\/2023\/06\/ocean-walker-occasionIMG_0084-scaled-1-1152x1536.jpg",1152,1536,true],"2048x2048":["https:\/\/srokacompany.com\/wp-content\/uploads\/2023\/06\/ocean-walker-occasionIMG_0084-scaled-1.jpg",1536,2048,false],"woocommerce_thumbnail":["https:\/\/srokacompany.com\/wp-content\/uploads\/2023\/06\/ocean-walker-occasionIMG_0084-scaled-1-600x800.jpg",600,800,true],"woocommerce_single":["https:\/\/srokacompany.com\/wp-content\/uploads\/2023\/06\/ocean-walker-occasionIMG_0084-scaled-1-600x800.jpg",600,800,true],"woocommerce_gallery_thumbnail":["https:\/\/srokacompany.com\/wp-content\/uploads\/2023\/06\/ocean-walker-occasionIMG_0084-scaled-1-100x100.jpg",100,100,true],"dgwt-wcas-product-suggestion":["https:\/\/srokacompany.com\/wp-content\/uploads\/2023\/06\/ocean-walker-occasionIMG_0084-scaled-1.jpg",64,85,false]},"uagb_author_info":{"display_name":"Emmanuel DIJOUX","author_link":"https:\/\/srokacompany.com\/de\/blog\/author\/"},"uagb_comment_info":0,"uagb_excerpt":"Das aufblasbare Paddle zum besten Preis &#8211; VOLLST\u00c4NDIGE BESCHREIBUNG HIER Dieses Modell ist nie ins Wasser gegangen, es wurde nur in unserem Hangar zum Fotografieren benutzt. Zustand 99% neu. Es kann nicht mehr neu verkauft werden. Das aufblasbare Stand Up Paddle Ocean Walker 10&#8217;4 ist ideal, um das Stand Up Paddle leicht zu erlernen! Das&hellip;","jetpack_sharing_enabled":true,"_links":{"self":[{"href":"https:\/\/srokacompany.com\/de\/wp-json\/wp\/v2\/product\/343789","targetHints":{"allow":["GET"]}}],"collection":[{"href":"https:\/\/srokacompany.com\/de\/wp-json\/wp\/v2\/product"}],"about":[{"href":"https:\/\/srokacompany.com\/de\/wp-json\/wp\/v2\/types\/product"}],"wp:featuredmedia":[{"embeddable":true,"href":"https:\/\/srokacompany.com\/de\/wp-json\/wp\/v2\/media\/343794"}],"wp:attachment":[{"href":"https:\/\/srokacompany.com\/de\/wp-json\/wp\/v2\/media?parent=343789"}],"wp:term":[{"taxonomy":"product_brand","embeddable":true,"href":"https:\/\/srokacompany.com\/de\/wp-json\/wp\/v2\/product_brand?post=343789"},{"taxonomy":"product_cat","embeddable":true,"href":"https:\/\/srokacompany.com\/de\/wp-json\/wp\/v2\/product_cat?post=343789"},{"taxonomy":"product_tag","embeddable":true,"href":"https:\/\/srokacompany.com\/de\/wp-json\/wp\/v2\/product_tag?post=343789"}],"curies":[{"name":"wp","href":"https:\/\/api.w.org\/{rel}","templated":true}]}}