{"id":343802,"date":"2023-07-04T12:26:42","date_gmt":"2023-07-04T10:26:42","guid":{"rendered":"https:\/\/srokacompany.com\/produit\/rake-keil-05-1-15\/"},"modified":"2025-06-26T18:02:13","modified_gmt":"2025-06-26T16:02:13","slug":"rake-keil-05-1-15","status":"publish","type":"product","link":"https:\/\/srokacompany.com\/de\/produkt\/rake-keil-05-1-15\/","title":{"rendered":"Rake-Keil | 0,5\u00b0 &#8211; 1\u00b0 &#8211; 1,5\u00b0"},"content":{"rendered":"<hr>\n<div class=\"message\">\n<div class=\"content\" tabindex=\"0\" aria-hidden=\"true\">\n<div class=\"ac-container ac-adaptiveCard\">\n<div class=\"ac-textBlock\">\n<h2>Optimieren Sie Ihre foil mit den SROKA-Rechenkeilen: Gewinnen Sie an Stabilit\u00e4t, Kontrolle und Auftrieb!<\/h2>\n<\/div>\n<\/div>\n<\/div>\n<\/div>\n<p>Du hast ein anderes Board als ein SROKA gekauft und die Positionierung der beiden US-Rails ist nicht die gleiche wie bei unseren Boards. Dies kann zu einem Gef\u00fchl einer Planke f\u00fchren, die die Nase nach unten oder oben navigiert. Um dies zu beheben, k\u00f6nnen Sie Ihren foil mithilfe eines Harkenkeils auf H\u00f6he des Plattentellers verkeilen.<\/p>\n<p>SROKA Rake Cleats sind die ideale L\u00f6sung, um dein Foil zu optimieren und deine Session in vollen Z\u00fcgen zu genie\u00dfen. Mit diesem Zubeh\u00f6r k\u00f6nnen Sie den Einfallswinkel des Foils auf der Montageplatte \u00e4ndern, sodass Sie die volle Kontrolle \u00fcber Ihr Segeln haben, insbesondere wenn ein Foil gen\u00e4ht wird.  SROKA-Rechenscheiben sind mit allen US-Schienen auf dem Markt kompatibel und in drei St\u00e4rken erh\u00e4ltlich: 0,5\u00b0, 1\u00b0 und 1,5\u00b0. Sie sind einfach zu installieren und nach Ihren W\u00fcnschen zu wechseln.<\/p>\n<p>Wenn du ein Brett einer anderen Marke verwendest, kann es sein, dass du das Gef\u00fchl hast, dass das Brett eintaucht oder im Gegenteil, dass es sich hebt. <a class=\"tooltip-target\" data-citationid=\"d4c1d18f-81ec-c619-c56a-6799ce798624-2-group\">Wenn das Brett zu stark abtaucht, k\u00f6nnen Sie einen <\/a><a class=\"tooltip-target\" data-citationid=\"d4c1d18f-81ec-c619-c56a-6799ce798624-2-group\">negativen Winkel (dicke Seite vorne)<\/a><a class=\"tooltip-target\" data-citationid=\"d4c1d18f-81ec-c619-c56a-6799ce798624-2-group\"> einstellen, und umgekehrt, wenn das Brett es zu stark anhebt (Nose up), k\u00f6nnen Sie einen <\/a><a class=\"tooltip-target\" data-citationid=\"d4c1d18f-81ec-c619-c56a-6799ce798624-2-group\">positiven Winkel (dicke Seite des Keiles hinten an Ihrem Deck)<\/a> einstellen <a class=\"tooltip-target\" data-citationid=\"d4c1d18f-81ec-c619-c56a-6799ce798624-2-group\">.<\/a><\/p>\n<p>Keile sind reversibel: 0,5 Grad k\u00f6nnen zu -0,5 werden. Die Keile sind kumulierbar. <\/p>\n<p>Um Ihre Probleme mit foil zu l\u00f6sen, die zu sehr auf den vorderen oder hinteren Fu\u00df dr\u00fcckt, finden Sie hier unsere<a href=\"https:\/\/srokacompany.com\/de\/produkt\/einstellkeile-s-foil-sroka-g10\/\"> Keile zur Einstellung der Stabilisatoren<\/a>.<\/p>\n<p><strong>Kostenlose Lieferung.<\/strong><\/p>\n","protected":false},"excerpt":{"rendered":"<p>Optimieren Sie Ihre foil mit den SROKA-Rechenkeilen: Gewinnen Sie an Stabilit\u00e4t, Kontrolle und Auftrieb! Du hast ein anderes Board als ein SROKA gekauft und die Positionierung der beiden US-Rails ist nicht die gleiche wie bei unseren Boards. Dies kann zu einem Gef\u00fchl einer Planke f\u00fchren, die die Nase nach unten oder oben navigiert. Um dies [&hellip;]<\/p>\n","protected":false},"featured_media":343803,"template":"","meta":{"_acf_changed":false,"_uag_custom_page_level_css":""},"product_brand":[],"product_cat":[3496],"product_tag":[],"class_list":{"0":"post-343802","1":"product","2":"type-product","3":"status-publish","4":"has-post-thumbnail","6":"product_cat-downwind-uha-reihe","7":"product_shipping_class-querruder-komplette-schrauben","9":"first","10":"instock","11":"taxable","12":"shipping-taxable","13":"purchasable","14":"product-type-variable"},"acf":[],"yoast_head":"<!-- This site is optimized with the Yoast SEO plugin v27.4 - https:\/\/yoast.com\/product\/yoast-seo-wordpress\/ -->\n<title>Rake-Keil | 0,5\u00b0 - 1\u00b0 - 1,5\u00b0 - SROKA Company<\/title>\n<meta name=\"description\" content=\"Optimieren Sie die Trimmung Ihres Boards mit den SROKA Rake Shims: Beseitigen Sie das Gef\u00fchl des Eintauchens oder des Anhebens des Boards. Kostenlose Lieferung.\" \/>\n<meta name=\"robots\" content=\"index, follow, max-snippet:-1, max-image-preview:large, max-video-preview:-1\" \/>\n<link rel=\"canonical\" href=\"https:\/\/srokacompany.com\/de\/produkt\/rake-keil-05-1-15\/\" \/>\n<meta property=\"og:locale\" content=\"de_DE\" \/>\n<meta property=\"og:type\" content=\"article\" \/>\n<meta property=\"og:title\" content=\"Rake-Keil | 0,5\u00b0 - 1\u00b0 - 1,5\u00b0 - SROKA Company\" \/>\n<meta property=\"og:description\" content=\"Optimieren Sie die Trimmung Ihres Boards mit den SROKA Rake Shims: Beseitigen Sie das Gef\u00fchl des Eintauchens oder des Anhebens des Boards. Kostenlose Lieferung.\" \/>\n<meta property=\"og:url\" content=\"https:\/\/srokacompany.com\/de\/produkt\/rake-keil-05-1-15\/\" \/>\n<meta property=\"og:site_name\" content=\"SROKA Company\" \/>\n<meta property=\"article:publisher\" content=\"https:\/\/www.facebook.com\/srokawatersports\/\" \/>\n<meta property=\"article:modified_time\" content=\"2025-06-26T16:02:13+00:00\" \/>\n<meta property=\"og:image\" content=\"https:\/\/srokacompany.com\/wp-content\/uploads\/2023\/07\/cale-rake-foil.png\" \/>\n\t<meta property=\"og:image:width\" content=\"740\" \/>\n\t<meta property=\"og:image:height\" content=\"1080\" \/>\n\t<meta property=\"og:image:type\" content=\"image\/png\" \/>\n<meta name=\"twitter:label1\" content=\"Gesch\u00e4tzte Lesezeit\" \/>\n\t<meta name=\"twitter:data1\" content=\"1\u00a0Minute\" \/>\n<script type=\"application\/ld+json\" class=\"yoast-schema-graph\">{\"@context\":\"https:\\\/\\\/schema.org\",\"@graph\":[{\"@type\":\"WebPage\",\"@id\":\"https:\\\/\\\/srokacompany.com\\\/de\\\/produkt\\\/rake-keil-05-1-15\\\/\",\"url\":\"https:\\\/\\\/srokacompany.com\\\/de\\\/produkt\\\/rake-keil-05-1-15\\\/\",\"name\":\"Rake-Keil | 0,5\u00b0 - 1\u00b0 - 1,5\u00b0 - SROKA Company\",\"isPartOf\":{\"@id\":\"https:\\\/\\\/srokacompany.com\\\/de\\\/#website\"},\"primaryImageOfPage\":{\"@id\":\"https:\\\/\\\/srokacompany.com\\\/de\\\/produkt\\\/rake-keil-05-1-15\\\/#primaryimage\"},\"image\":{\"@id\":\"https:\\\/\\\/srokacompany.com\\\/de\\\/produkt\\\/rake-keil-05-1-15\\\/#primaryimage\"},\"thumbnailUrl\":\"https:\\\/\\\/srokacompany.com\\\/wp-content\\\/uploads\\\/2023\\\/07\\\/cale-rake-foil.png\",\"datePublished\":\"2023-07-04T10:26:42+00:00\",\"dateModified\":\"2025-06-26T16:02:13+00:00\",\"description\":\"Optimieren Sie die Trimmung Ihres Boards mit den SROKA Rake Shims: Beseitigen Sie das Gef\u00fchl des Eintauchens oder des Anhebens des Boards. Kostenlose Lieferung.\",\"breadcrumb\":{\"@id\":\"https:\\\/\\\/srokacompany.com\\\/de\\\/produkt\\\/rake-keil-05-1-15\\\/#breadcrumb\"},\"inLanguage\":\"de\",\"potentialAction\":[{\"@type\":\"ReadAction\",\"target\":[\"https:\\\/\\\/srokacompany.com\\\/de\\\/produkt\\\/rake-keil-05-1-15\\\/\"]}]},{\"@type\":\"ImageObject\",\"inLanguage\":\"de\",\"@id\":\"https:\\\/\\\/srokacompany.com\\\/de\\\/produkt\\\/rake-keil-05-1-15\\\/#primaryimage\",\"url\":\"https:\\\/\\\/srokacompany.com\\\/wp-content\\\/uploads\\\/2023\\\/07\\\/cale-rake-foil.png\",\"contentUrl\":\"https:\\\/\\\/srokacompany.com\\\/wp-content\\\/uploads\\\/2023\\\/07\\\/cale-rake-foil.png\",\"width\":740,\"height\":1080,\"caption\":\"Rechenkeil f\u00fcr foil sroka\"},{\"@type\":\"BreadcrumbList\",\"@id\":\"https:\\\/\\\/srokacompany.com\\\/de\\\/produkt\\\/rake-keil-05-1-15\\\/#breadcrumb\",\"itemListElement\":[{\"@type\":\"ListItem\",\"position\":1,\"name\":\"Accueil\",\"item\":\"https:\\\/\\\/srokacompany.com\\\/de\\\/\"},{\"@type\":\"ListItem\",\"position\":2,\"name\":\"Laden\",\"item\":\"https:\\\/\\\/srokacompany.com\\\/laden\\\/\"},{\"@type\":\"ListItem\",\"position\":3,\"name\":\"Rake-Keil | 0,5\u00b0 &#8211; 1\u00b0 &#8211; 1,5\u00b0\"}]},{\"@type\":\"WebSite\",\"@id\":\"https:\\\/\\\/srokacompany.com\\\/de\\\/#website\",\"url\":\"https:\\\/\\\/srokacompany.com\\\/de\\\/\",\"name\":\"SROKA Company\",\"description\":\"SUP, Kite, Foil, Wing\",\"publisher\":{\"@id\":\"https:\\\/\\\/srokacompany.com\\\/de\\\/#organization\"},\"potentialAction\":[{\"@type\":\"SearchAction\",\"target\":{\"@type\":\"EntryPoint\",\"urlTemplate\":\"https:\\\/\\\/srokacompany.com\\\/de\\\/?s={search_term_string}\"},\"query-input\":{\"@type\":\"PropertyValueSpecification\",\"valueRequired\":true,\"valueName\":\"search_term_string\"}}],\"inLanguage\":\"de\"},{\"@type\":\"Organization\",\"@id\":\"https:\\\/\\\/srokacompany.com\\\/de\\\/#organization\",\"name\":\"SROKACOMPANY\",\"alternateName\":\"SROKA\",\"url\":\"https:\\\/\\\/srokacompany.com\\\/de\\\/\",\"logo\":{\"@type\":\"ImageObject\",\"inLanguage\":\"de\",\"@id\":\"https:\\\/\\\/srokacompany.com\\\/de\\\/#\\\/schema\\\/logo\\\/image\\\/\",\"url\":\"https:\\\/\\\/srokacompany.com\\\/wp-content\\\/uploads\\\/2021\\\/01\\\/logo-sroka-black-transpa.png\",\"contentUrl\":\"https:\\\/\\\/srokacompany.com\\\/wp-content\\\/uploads\\\/2021\\\/01\\\/logo-sroka-black-transpa.png\",\"width\":1201,\"height\":342,\"caption\":\"SROKACOMPANY\"},\"image\":{\"@id\":\"https:\\\/\\\/srokacompany.com\\\/de\\\/#\\\/schema\\\/logo\\\/image\\\/\"},\"sameAs\":[\"https:\\\/\\\/www.facebook.com\\\/srokawatersports\\\/\",\"https:\\\/\\\/www.instagram.com\\\/srokawatersports\\\/\",\"https:\\\/\\\/www.youtube.com\\\/channel\\\/UCVLHHeaPIm-J5bdEUgxqtZA\"]}]}<\/script>\n<!-- \/ Yoast SEO plugin. -->","yoast_head_json":{"title":"Rake-Keil | 0,5\u00b0 - 1\u00b0 - 1,5\u00b0 - SROKA Company","description":"Optimieren Sie die Trimmung Ihres Boards mit den SROKA Rake Shims: Beseitigen Sie das Gef\u00fchl des Eintauchens oder des Anhebens des Boards. Kostenlose Lieferung.","robots":{"index":"index","follow":"follow","max-snippet":"max-snippet:-1","max-image-preview":"max-image-preview:large","max-video-preview":"max-video-preview:-1"},"canonical":"https:\/\/srokacompany.com\/de\/produkt\/rake-keil-05-1-15\/","og_locale":"de_DE","og_type":"article","og_title":"Rake-Keil | 0,5\u00b0 - 1\u00b0 - 1,5\u00b0 - SROKA Company","og_description":"Optimieren Sie die Trimmung Ihres Boards mit den SROKA Rake Shims: Beseitigen Sie das Gef\u00fchl des Eintauchens oder des Anhebens des Boards. Kostenlose Lieferung.","og_url":"https:\/\/srokacompany.com\/de\/produkt\/rake-keil-05-1-15\/","og_site_name":"SROKA Company","article_publisher":"https:\/\/www.facebook.com\/srokawatersports\/","article_modified_time":"2025-06-26T16:02:13+00:00","og_image":[{"width":740,"height":1080,"url":"https:\/\/srokacompany.com\/wp-content\/uploads\/2023\/07\/cale-rake-foil.png","type":"image\/png"}],"twitter_misc":{"Gesch\u00e4tzte Lesezeit":"1\u00a0Minute"},"schema":{"@context":"https:\/\/schema.org","@graph":[{"@type":"WebPage","@id":"https:\/\/srokacompany.com\/de\/produkt\/rake-keil-05-1-15\/","url":"https:\/\/srokacompany.com\/de\/produkt\/rake-keil-05-1-15\/","name":"Rake-Keil | 0,5\u00b0 - 1\u00b0 - 1,5\u00b0 - SROKA Company","isPartOf":{"@id":"https:\/\/srokacompany.com\/de\/#website"},"primaryImageOfPage":{"@id":"https:\/\/srokacompany.com\/de\/produkt\/rake-keil-05-1-15\/#primaryimage"},"image":{"@id":"https:\/\/srokacompany.com\/de\/produkt\/rake-keil-05-1-15\/#primaryimage"},"thumbnailUrl":"https:\/\/srokacompany.com\/wp-content\/uploads\/2023\/07\/cale-rake-foil.png","datePublished":"2023-07-04T10:26:42+00:00","dateModified":"2025-06-26T16:02:13+00:00","description":"Optimieren Sie die Trimmung Ihres Boards mit den SROKA Rake Shims: Beseitigen Sie das Gef\u00fchl des Eintauchens oder des Anhebens des Boards. Kostenlose Lieferung.","breadcrumb":{"@id":"https:\/\/srokacompany.com\/de\/produkt\/rake-keil-05-1-15\/#breadcrumb"},"inLanguage":"de","potentialAction":[{"@type":"ReadAction","target":["https:\/\/srokacompany.com\/de\/produkt\/rake-keil-05-1-15\/"]}]},{"@type":"ImageObject","inLanguage":"de","@id":"https:\/\/srokacompany.com\/de\/produkt\/rake-keil-05-1-15\/#primaryimage","url":"https:\/\/srokacompany.com\/wp-content\/uploads\/2023\/07\/cale-rake-foil.png","contentUrl":"https:\/\/srokacompany.com\/wp-content\/uploads\/2023\/07\/cale-rake-foil.png","width":740,"height":1080,"caption":"Rechenkeil f\u00fcr foil sroka"},{"@type":"BreadcrumbList","@id":"https:\/\/srokacompany.com\/de\/produkt\/rake-keil-05-1-15\/#breadcrumb","itemListElement":[{"@type":"ListItem","position":1,"name":"Accueil","item":"https:\/\/srokacompany.com\/de\/"},{"@type":"ListItem","position":2,"name":"Laden","item":"https:\/\/srokacompany.com\/laden\/"},{"@type":"ListItem","position":3,"name":"Rake-Keil | 0,5\u00b0 &#8211; 1\u00b0 &#8211; 1,5\u00b0"}]},{"@type":"WebSite","@id":"https:\/\/srokacompany.com\/de\/#website","url":"https:\/\/srokacompany.com\/de\/","name":"SROKA Company","description":"SUP, Kite, Foil, Wing","publisher":{"@id":"https:\/\/srokacompany.com\/de\/#organization"},"potentialAction":[{"@type":"SearchAction","target":{"@type":"EntryPoint","urlTemplate":"https:\/\/srokacompany.com\/de\/?s={search_term_string}"},"query-input":{"@type":"PropertyValueSpecification","valueRequired":true,"valueName":"search_term_string"}}],"inLanguage":"de"},{"@type":"Organization","@id":"https:\/\/srokacompany.com\/de\/#organization","name":"SROKACOMPANY","alternateName":"SROKA","url":"https:\/\/srokacompany.com\/de\/","logo":{"@type":"ImageObject","inLanguage":"de","@id":"https:\/\/srokacompany.com\/de\/#\/schema\/logo\/image\/","url":"https:\/\/srokacompany.com\/wp-content\/uploads\/2021\/01\/logo-sroka-black-transpa.png","contentUrl":"https:\/\/srokacompany.com\/wp-content\/uploads\/2021\/01\/logo-sroka-black-transpa.png","width":1201,"height":342,"caption":"SROKACOMPANY"},"image":{"@id":"https:\/\/srokacompany.com\/de\/#\/schema\/logo\/image\/"},"sameAs":["https:\/\/www.facebook.com\/srokawatersports\/","https:\/\/www.instagram.com\/srokawatersports\/","https:\/\/www.youtube.com\/channel\/UCVLHHeaPIm-J5bdEUgxqtZA"]}]}},"uagb_featured_image_src":{"full":["https:\/\/srokacompany.com\/wp-content\/uploads\/2023\/07\/cale-rake-foil.png",740,1080,false],"thumbnail":["https:\/\/srokacompany.com\/wp-content\/uploads\/2023\/07\/cale-rake-foil-150x150.png",150,150,true],"medium":["https:\/\/srokacompany.com\/wp-content\/uploads\/2023\/07\/cale-rake-foil-206x300.png",206,300,true],"medium_large":["https:\/\/srokacompany.com\/wp-content\/uploads\/2023\/07\/cale-rake-foil.png",740,1080,false],"large":["https:\/\/srokacompany.com\/wp-content\/uploads\/2023\/07\/cale-rake-foil-702x1024.png",702,1024,true],"1536x1536":["https:\/\/srokacompany.com\/wp-content\/uploads\/2023\/07\/cale-rake-foil.png",740,1080,false],"2048x2048":["https:\/\/srokacompany.com\/wp-content\/uploads\/2023\/07\/cale-rake-foil.png",740,1080,false],"woocommerce_thumbnail":["https:\/\/srokacompany.com\/wp-content\/uploads\/2023\/07\/cale-rake-foil-600x876.png",600,876,true],"woocommerce_single":["https:\/\/srokacompany.com\/wp-content\/uploads\/2023\/07\/cale-rake-foil-600x876.png",600,876,true],"woocommerce_gallery_thumbnail":["https:\/\/srokacompany.com\/wp-content\/uploads\/2023\/07\/cale-rake-foil-100x100.png",100,100,true],"dgwt-wcas-product-suggestion":["https:\/\/srokacompany.com\/wp-content\/uploads\/2023\/07\/cale-rake-foil.png",64,93,false]},"uagb_author_info":{"display_name":"Emmanuel DIJOUX","author_link":"https:\/\/srokacompany.com\/de\/blog\/author\/"},"uagb_comment_info":0,"uagb_excerpt":"Optimieren Sie Ihre foil mit den SROKA-Rechenkeilen: Gewinnen Sie an Stabilit\u00e4t, Kontrolle und Auftrieb! Du hast ein anderes Board als ein SROKA gekauft und die Positionierung der beiden US-Rails ist nicht die gleiche wie bei unseren Boards. Dies kann zu einem Gef\u00fchl einer Planke f\u00fchren, die die Nase nach unten oder oben navigiert. Um dies&hellip;","jetpack_sharing_enabled":true,"_links":{"self":[{"href":"https:\/\/srokacompany.com\/de\/wp-json\/wp\/v2\/product\/343802","targetHints":{"allow":["GET"]}}],"collection":[{"href":"https:\/\/srokacompany.com\/de\/wp-json\/wp\/v2\/product"}],"about":[{"href":"https:\/\/srokacompany.com\/de\/wp-json\/wp\/v2\/types\/product"}],"wp:featuredmedia":[{"embeddable":true,"href":"https:\/\/srokacompany.com\/de\/wp-json\/wp\/v2\/media\/343803"}],"wp:attachment":[{"href":"https:\/\/srokacompany.com\/de\/wp-json\/wp\/v2\/media?parent=343802"}],"wp:term":[{"taxonomy":"product_brand","embeddable":true,"href":"https:\/\/srokacompany.com\/de\/wp-json\/wp\/v2\/product_brand?post=343802"},{"taxonomy":"product_cat","embeddable":true,"href":"https:\/\/srokacompany.com\/de\/wp-json\/wp\/v2\/product_cat?post=343802"},{"taxonomy":"product_tag","embeddable":true,"href":"https:\/\/srokacompany.com\/de\/wp-json\/wp\/v2\/product_tag?post=343802"}],"curies":[{"name":"wp","href":"https:\/\/api.w.org\/{rel}","templated":true}]}}