{"id":343840,"date":"2023-07-18T10:01:33","date_gmt":"2023-07-18T10:01:33","guid":{"rendered":"https:\/\/srokacompany.com\/produit\/vorderer-kotfluegel-von-foil-950-control\/"},"modified":"2025-11-25T11:05:57","modified_gmt":"2025-11-25T09:05:57","slug":"vorderer-kotfluegel-von-foil-950-control","status":"publish","type":"product","link":"https:\/\/srokacompany.com\/de\/produkt\/vorderer-kotfluegel-von-foil-950-control\/","title":{"rendered":"Vorderer Fl\u00fcgel von foil 950 Control- Freeride"},"content":{"rendered":"<p>Der <b>950 Control<\/b> Frontfl\u00fcgel ist die perfekte Balance zwischen <b>Auftrieb, Stabilit\u00e4t und Man\u00f6vrierbarkeit<\/b> innerhalb der Control-Reihe von SROKA. Er wurde f\u00fcr Rider entwickelt, die einen <b>vielseitigen und unkomplizierten<\/b> Fl\u00fcgel suchen, der Freeride in einem breiten Windbereich dominieren kann. <\/p>\n<h3>Fr\u00fchstart und Intuitive Beherrschung<\/h3>\n<p>Das  Der <b>950 Control<\/b> ist ein <b>&#8222;Plug and Play&#8220;-Kite<\/b>, der auf Einfachheit ausgelegt ist, mit einem Schwerpunkt auf zug\u00e4nglicher Leistung: <\/p>\n<ul>\n<li><b>Einfacher Start:<\/b> Dank seiner optimierten Oberfl\u00e4che und seines Profils kann er bei einer mittleren Gr\u00f6\u00dfe bereits ab <b>13 Knoten<\/b> starten, sodass du auch bei leichten Winden fliegen kannst.<\/li>\n<li>Unersch\u00fctterliche <b>Stabilit\u00e4t:<\/b> Sie bietet <b>absolute Kontrolle<\/b> und Stabilit\u00e4t unter allen Bedingungen, auch bei starkem Wind oder Pl\u00e4tschern.<\/li>\n<li><b>Carving Pr\u00e4zise:<\/b> Entwickelt f\u00fcr fl\u00fcssiges Gleiten, erm\u00f6glicht es Ihnen, <b>Kurven pr\u00e4zise<\/b> zu schneiden und Man\u00f6ver (Halsen, Schw\u00fcnge) mit bemerkenswerter Leichtigkeit aneinanderzureihen.<\/li>\n<\/ul>\n<h3>Zielprogramm<\/h3>\n<p>Das  <b>950 Control<\/b> ist der perfekte Fl\u00fcgel f\u00fcr :<\/p>\n<ul>\n<li><b>Wingfoil Freeride:<\/b> Sie bietet ein einfaches, fl\u00fcssiges und leistungsstarkes Fahrerlebnis, das sich an alle Niveaus anpassen l\u00e4sst.<\/li>\n<li><b>Surf foil:<\/b> Er erm\u00f6glicht radikalere Kurven als Kites mit gro\u00dfer Streckung und ist ideal f\u00fcr <b>reaktives<\/b> Surfen in der Welle.<\/li>\n<li><b>Kitefoil &amp; SUP Foil:<\/b> Eine vielseitige und einfach zu nutzende Option f\u00fcr diese Disziplinen, indem sie einen hervorragenden Auftrieb bietet.<\/li>\n<\/ul>\n<p>Er ist die ideale Wahl f\u00fcr <b>mittlere K\u00f6rpergr\u00f6\u00dfen<\/b>, die einen leistungsf\u00e4higen Fl\u00fcgel wollen, aber ohne die extreme technische Ausstattung der &#8222;Speed&#8220;-Profile.<\/p>\n","protected":false},"excerpt":{"rendered":"<p><b>Frontfl\u00fcgel 950 Control:<\/b> Der <b>Allround-Foil-Fl\u00fcgel<\/b> f\u00fcr <b>leichtes Starten<\/b> und <b>stabiles Freeriden<\/b>. Er garantiert <b>au\u00dfergew\u00f6hnliches Gleiten und Kontrolle<\/b> bei allen Bedingungen, mit einem Start ab <b>13 Knoten<\/b>. Ideal f\u00fcr <b>mittlere Wingfoil-Gr\u00f6\u00dfen<\/b> und Liebhaber von einfachem, leistungsstarkem Carving.  <\/p>\n","protected":false},"featured_media":343843,"template":"","meta":{"_acf_changed":false,"_uag_custom_page_level_css":""},"product_brand":[],"product_cat":[3439,3440,3582,4194,4258,3455],"product_tag":[3441,3442],"class_list":{"0":"post-343840","1":"product","2":"type-product","3":"status-publish","4":"has-post-thumbnail","6":"product_cat-alle-unsere-kontrollflugel","7":"product_cat-flugel-wing-foil","8":"product_cat-promos-de","9":"product_cat-saldo-wing-foil-de","10":"product_cat-schwarzer-freitag","11":"product_cat-surf-flugel-foil","12":"product_tag-anfanger","13":"product_tag-schlau","14":"product_shipping_class-foil-komplett-oder-ersatzteile-wing-einheit","16":"first","17":"instock","18":"sale","19":"taxable","20":"shipping-taxable","21":"purchasable","22":"product-type-simple"},"acf":[],"yoast_head":"<!-- This site is optimized with the Yoast SEO plugin v27.4 - https:\/\/yoast.com\/product\/yoast-seo-wordpress\/ -->\n<title>Vorderer Kotfl\u00fcgel Sroka 950 Control | SROKA Company<\/title>\n<meta name=\"description\" content=\"Kontrolliere deinen foil zu 100% mit dem Frontfl\u00fcgel Sroka 950 Control, einem vielseitigen und leistungsstarken Fl\u00fcgel f\u00fcr Freeride und Wingfoil-Surfen.\" \/>\n<meta name=\"robots\" content=\"index, follow, max-snippet:-1, max-image-preview:large, max-video-preview:-1\" \/>\n<link rel=\"canonical\" href=\"https:\/\/srokacompany.com\/de\/produkt\/vorderer-kotfluegel-von-foil-950-control\/\" \/>\n<meta property=\"og:locale\" content=\"de_DE\" \/>\n<meta property=\"og:type\" content=\"article\" \/>\n<meta property=\"og:title\" content=\"Vorderer Kotfl\u00fcgel Sroka 950 Control | SROKA Company\" \/>\n<meta property=\"og:description\" content=\"Kontrolliere deinen foil zu 100% mit dem Frontfl\u00fcgel Sroka 950 Control, einem vielseitigen und leistungsstarken Fl\u00fcgel f\u00fcr Freeride und Wingfoil-Surfen.\" \/>\n<meta property=\"og:url\" content=\"https:\/\/srokacompany.com\/de\/produkt\/vorderer-kotfluegel-von-foil-950-control\/\" \/>\n<meta property=\"og:site_name\" content=\"SROKA Company\" \/>\n<meta property=\"article:publisher\" content=\"https:\/\/www.facebook.com\/srokawatersports\/\" \/>\n<meta property=\"article:modified_time\" content=\"2025-11-25T09:05:57+00:00\" \/>\n<meta property=\"og:image\" content=\"https:\/\/srokacompany.com\/wp-content\/uploads\/2023\/07\/950-front-control.jpg\" \/>\n\t<meta property=\"og:image:width\" content=\"1480\" \/>\n\t<meta property=\"og:image:height\" content=\"2160\" \/>\n\t<meta property=\"og:image:type\" content=\"image\/jpeg\" \/>\n<meta name=\"twitter:label1\" content=\"Gesch\u00e4tzte Lesezeit\" \/>\n\t<meta name=\"twitter:data1\" content=\"1\u00a0Minute\" \/>\n<script type=\"application\/ld+json\" class=\"yoast-schema-graph\">{\"@context\":\"https:\\\/\\\/schema.org\",\"@graph\":[{\"@type\":\"WebPage\",\"@id\":\"https:\\\/\\\/srokacompany.com\\\/de\\\/produkt\\\/vorderer-kotfluegel-von-foil-950-control\\\/\",\"url\":\"https:\\\/\\\/srokacompany.com\\\/de\\\/produkt\\\/vorderer-kotfluegel-von-foil-950-control\\\/\",\"name\":\"Vorderer Kotfl\u00fcgel Sroka 950 Control | SROKA Company\",\"isPartOf\":{\"@id\":\"https:\\\/\\\/srokacompany.com\\\/de\\\/#website\"},\"primaryImageOfPage\":{\"@id\":\"https:\\\/\\\/srokacompany.com\\\/de\\\/produkt\\\/vorderer-kotfluegel-von-foil-950-control\\\/#primaryimage\"},\"image\":{\"@id\":\"https:\\\/\\\/srokacompany.com\\\/de\\\/produkt\\\/vorderer-kotfluegel-von-foil-950-control\\\/#primaryimage\"},\"thumbnailUrl\":\"https:\\\/\\\/srokacompany.com\\\/wp-content\\\/uploads\\\/2023\\\/07\\\/950-front-control.jpg\",\"datePublished\":\"2023-07-18T10:01:33+00:00\",\"dateModified\":\"2025-11-25T09:05:57+00:00\",\"description\":\"Kontrolliere deinen foil zu 100% mit dem Frontfl\u00fcgel Sroka 950 Control, einem vielseitigen und leistungsstarken Fl\u00fcgel f\u00fcr Freeride und Wingfoil-Surfen.\",\"breadcrumb\":{\"@id\":\"https:\\\/\\\/srokacompany.com\\\/de\\\/produkt\\\/vorderer-kotfluegel-von-foil-950-control\\\/#breadcrumb\"},\"inLanguage\":\"de\",\"potentialAction\":[{\"@type\":\"ReadAction\",\"target\":[\"https:\\\/\\\/srokacompany.com\\\/de\\\/produkt\\\/vorderer-kotfluegel-von-foil-950-control\\\/\"]}]},{\"@type\":\"ImageObject\",\"inLanguage\":\"de\",\"@id\":\"https:\\\/\\\/srokacompany.com\\\/de\\\/produkt\\\/vorderer-kotfluegel-von-foil-950-control\\\/#primaryimage\",\"url\":\"https:\\\/\\\/srokacompany.com\\\/wp-content\\\/uploads\\\/2023\\\/07\\\/950-front-control.jpg\",\"contentUrl\":\"https:\\\/\\\/srokacompany.com\\\/wp-content\\\/uploads\\\/2023\\\/07\\\/950-front-control.jpg\",\"width\":1480,\"height\":2160},{\"@type\":\"BreadcrumbList\",\"@id\":\"https:\\\/\\\/srokacompany.com\\\/de\\\/produkt\\\/vorderer-kotfluegel-von-foil-950-control\\\/#breadcrumb\",\"itemListElement\":[{\"@type\":\"ListItem\",\"position\":1,\"name\":\"Accueil\",\"item\":\"https:\\\/\\\/srokacompany.com\\\/de\\\/\"},{\"@type\":\"ListItem\",\"position\":2,\"name\":\"Laden\",\"item\":\"https:\\\/\\\/srokacompany.com\\\/laden\\\/\"},{\"@type\":\"ListItem\",\"position\":3,\"name\":\"Vorderer Fl\u00fcgel von foil 950 Control- Freeride\"}]},{\"@type\":\"WebSite\",\"@id\":\"https:\\\/\\\/srokacompany.com\\\/de\\\/#website\",\"url\":\"https:\\\/\\\/srokacompany.com\\\/de\\\/\",\"name\":\"SROKA Company\",\"description\":\"SUP, Kite, Foil, Wing\",\"publisher\":{\"@id\":\"https:\\\/\\\/srokacompany.com\\\/de\\\/#organization\"},\"potentialAction\":[{\"@type\":\"SearchAction\",\"target\":{\"@type\":\"EntryPoint\",\"urlTemplate\":\"https:\\\/\\\/srokacompany.com\\\/de\\\/?s={search_term_string}\"},\"query-input\":{\"@type\":\"PropertyValueSpecification\",\"valueRequired\":true,\"valueName\":\"search_term_string\"}}],\"inLanguage\":\"de\"},{\"@type\":\"Organization\",\"@id\":\"https:\\\/\\\/srokacompany.com\\\/de\\\/#organization\",\"name\":\"SROKACOMPANY\",\"alternateName\":\"SROKA\",\"url\":\"https:\\\/\\\/srokacompany.com\\\/de\\\/\",\"logo\":{\"@type\":\"ImageObject\",\"inLanguage\":\"de\",\"@id\":\"https:\\\/\\\/srokacompany.com\\\/de\\\/#\\\/schema\\\/logo\\\/image\\\/\",\"url\":\"https:\\\/\\\/srokacompany.com\\\/wp-content\\\/uploads\\\/2021\\\/01\\\/logo-sroka-black-transpa.png\",\"contentUrl\":\"https:\\\/\\\/srokacompany.com\\\/wp-content\\\/uploads\\\/2021\\\/01\\\/logo-sroka-black-transpa.png\",\"width\":1201,\"height\":342,\"caption\":\"SROKACOMPANY\"},\"image\":{\"@id\":\"https:\\\/\\\/srokacompany.com\\\/de\\\/#\\\/schema\\\/logo\\\/image\\\/\"},\"sameAs\":[\"https:\\\/\\\/www.facebook.com\\\/srokawatersports\\\/\",\"https:\\\/\\\/www.instagram.com\\\/srokawatersports\\\/\",\"https:\\\/\\\/www.youtube.com\\\/channel\\\/UCVLHHeaPIm-J5bdEUgxqtZA\"]}]}<\/script>\n<!-- \/ Yoast SEO plugin. -->","yoast_head_json":{"title":"Vorderer Kotfl\u00fcgel Sroka 950 Control | SROKA Company","description":"Kontrolliere deinen foil zu 100% mit dem Frontfl\u00fcgel Sroka 950 Control, einem vielseitigen und leistungsstarken Fl\u00fcgel f\u00fcr Freeride und Wingfoil-Surfen.","robots":{"index":"index","follow":"follow","max-snippet":"max-snippet:-1","max-image-preview":"max-image-preview:large","max-video-preview":"max-video-preview:-1"},"canonical":"https:\/\/srokacompany.com\/de\/produkt\/vorderer-kotfluegel-von-foil-950-control\/","og_locale":"de_DE","og_type":"article","og_title":"Vorderer Kotfl\u00fcgel Sroka 950 Control | SROKA Company","og_description":"Kontrolliere deinen foil zu 100% mit dem Frontfl\u00fcgel Sroka 950 Control, einem vielseitigen und leistungsstarken Fl\u00fcgel f\u00fcr Freeride und Wingfoil-Surfen.","og_url":"https:\/\/srokacompany.com\/de\/produkt\/vorderer-kotfluegel-von-foil-950-control\/","og_site_name":"SROKA Company","article_publisher":"https:\/\/www.facebook.com\/srokawatersports\/","article_modified_time":"2025-11-25T09:05:57+00:00","og_image":[{"width":1480,"height":2160,"url":"https:\/\/srokacompany.com\/wp-content\/uploads\/2023\/07\/950-front-control.jpg","type":"image\/jpeg"}],"twitter_misc":{"Gesch\u00e4tzte Lesezeit":"1\u00a0Minute"},"schema":{"@context":"https:\/\/schema.org","@graph":[{"@type":"WebPage","@id":"https:\/\/srokacompany.com\/de\/produkt\/vorderer-kotfluegel-von-foil-950-control\/","url":"https:\/\/srokacompany.com\/de\/produkt\/vorderer-kotfluegel-von-foil-950-control\/","name":"Vorderer Kotfl\u00fcgel Sroka 950 Control | SROKA Company","isPartOf":{"@id":"https:\/\/srokacompany.com\/de\/#website"},"primaryImageOfPage":{"@id":"https:\/\/srokacompany.com\/de\/produkt\/vorderer-kotfluegel-von-foil-950-control\/#primaryimage"},"image":{"@id":"https:\/\/srokacompany.com\/de\/produkt\/vorderer-kotfluegel-von-foil-950-control\/#primaryimage"},"thumbnailUrl":"https:\/\/srokacompany.com\/wp-content\/uploads\/2023\/07\/950-front-control.jpg","datePublished":"2023-07-18T10:01:33+00:00","dateModified":"2025-11-25T09:05:57+00:00","description":"Kontrolliere deinen foil zu 100% mit dem Frontfl\u00fcgel Sroka 950 Control, einem vielseitigen und leistungsstarken Fl\u00fcgel f\u00fcr Freeride und Wingfoil-Surfen.","breadcrumb":{"@id":"https:\/\/srokacompany.com\/de\/produkt\/vorderer-kotfluegel-von-foil-950-control\/#breadcrumb"},"inLanguage":"de","potentialAction":[{"@type":"ReadAction","target":["https:\/\/srokacompany.com\/de\/produkt\/vorderer-kotfluegel-von-foil-950-control\/"]}]},{"@type":"ImageObject","inLanguage":"de","@id":"https:\/\/srokacompany.com\/de\/produkt\/vorderer-kotfluegel-von-foil-950-control\/#primaryimage","url":"https:\/\/srokacompany.com\/wp-content\/uploads\/2023\/07\/950-front-control.jpg","contentUrl":"https:\/\/srokacompany.com\/wp-content\/uploads\/2023\/07\/950-front-control.jpg","width":1480,"height":2160},{"@type":"BreadcrumbList","@id":"https:\/\/srokacompany.com\/de\/produkt\/vorderer-kotfluegel-von-foil-950-control\/#breadcrumb","itemListElement":[{"@type":"ListItem","position":1,"name":"Accueil","item":"https:\/\/srokacompany.com\/de\/"},{"@type":"ListItem","position":2,"name":"Laden","item":"https:\/\/srokacompany.com\/laden\/"},{"@type":"ListItem","position":3,"name":"Vorderer Fl\u00fcgel von foil 950 Control- Freeride"}]},{"@type":"WebSite","@id":"https:\/\/srokacompany.com\/de\/#website","url":"https:\/\/srokacompany.com\/de\/","name":"SROKA Company","description":"SUP, Kite, Foil, Wing","publisher":{"@id":"https:\/\/srokacompany.com\/de\/#organization"},"potentialAction":[{"@type":"SearchAction","target":{"@type":"EntryPoint","urlTemplate":"https:\/\/srokacompany.com\/de\/?s={search_term_string}"},"query-input":{"@type":"PropertyValueSpecification","valueRequired":true,"valueName":"search_term_string"}}],"inLanguage":"de"},{"@type":"Organization","@id":"https:\/\/srokacompany.com\/de\/#organization","name":"SROKACOMPANY","alternateName":"SROKA","url":"https:\/\/srokacompany.com\/de\/","logo":{"@type":"ImageObject","inLanguage":"de","@id":"https:\/\/srokacompany.com\/de\/#\/schema\/logo\/image\/","url":"https:\/\/srokacompany.com\/wp-content\/uploads\/2021\/01\/logo-sroka-black-transpa.png","contentUrl":"https:\/\/srokacompany.com\/wp-content\/uploads\/2021\/01\/logo-sroka-black-transpa.png","width":1201,"height":342,"caption":"SROKACOMPANY"},"image":{"@id":"https:\/\/srokacompany.com\/de\/#\/schema\/logo\/image\/"},"sameAs":["https:\/\/www.facebook.com\/srokawatersports\/","https:\/\/www.instagram.com\/srokawatersports\/","https:\/\/www.youtube.com\/channel\/UCVLHHeaPIm-J5bdEUgxqtZA"]}]}},"uagb_featured_image_src":{"full":["https:\/\/srokacompany.com\/wp-content\/uploads\/2023\/07\/950-front-control.jpg",1480,2160,false],"thumbnail":["https:\/\/srokacompany.com\/wp-content\/uploads\/2023\/07\/950-front-control-150x150.jpg",150,150,true],"medium":["https:\/\/srokacompany.com\/wp-content\/uploads\/2023\/07\/950-front-control-206x300.jpg",206,300,true],"medium_large":["https:\/\/srokacompany.com\/wp-content\/uploads\/2023\/07\/950-front-control-768x1121.jpg",768,1121,true],"large":["https:\/\/srokacompany.com\/wp-content\/uploads\/2023\/07\/950-front-control-702x1024.jpg",702,1024,true],"1536x1536":["https:\/\/srokacompany.com\/wp-content\/uploads\/2023\/07\/950-front-control-1052x1536.jpg",1052,1536,true],"2048x2048":["https:\/\/srokacompany.com\/wp-content\/uploads\/2023\/07\/950-front-control-1403x2048.jpg",1403,2048,true],"woocommerce_thumbnail":["https:\/\/srokacompany.com\/wp-content\/uploads\/2023\/07\/950-front-control-600x876.jpg",600,876,true],"woocommerce_single":["https:\/\/srokacompany.com\/wp-content\/uploads\/2023\/07\/950-front-control-600x876.jpg",600,876,true],"woocommerce_gallery_thumbnail":["https:\/\/srokacompany.com\/wp-content\/uploads\/2023\/07\/950-front-control-100x100.jpg",100,100,true],"dgwt-wcas-product-suggestion":["https:\/\/srokacompany.com\/wp-content\/uploads\/2023\/07\/950-front-control.jpg",64,93,false]},"uagb_author_info":{"display_name":"Emmanuel DIJOUX","author_link":"https:\/\/srokacompany.com\/de\/blog\/author\/"},"uagb_comment_info":0,"uagb_excerpt":"Frontfl\u00fcgel 950 Control: Der Allround-Foil-Fl\u00fcgel f\u00fcr leichtes Starten und stabiles Freeriden. Er garantiert au\u00dfergew\u00f6hnliches Gleiten und Kontrolle bei allen Bedingungen, mit einem Start ab 13 Knoten. Ideal f\u00fcr mittlere Wingfoil-Gr\u00f6\u00dfen und Liebhaber von einfachem, leistungsstarkem Carving.","jetpack_sharing_enabled":true,"_links":{"self":[{"href":"https:\/\/srokacompany.com\/de\/wp-json\/wp\/v2\/product\/343840","targetHints":{"allow":["GET"]}}],"collection":[{"href":"https:\/\/srokacompany.com\/de\/wp-json\/wp\/v2\/product"}],"about":[{"href":"https:\/\/srokacompany.com\/de\/wp-json\/wp\/v2\/types\/product"}],"wp:featuredmedia":[{"embeddable":true,"href":"https:\/\/srokacompany.com\/de\/wp-json\/wp\/v2\/media\/343843"}],"wp:attachment":[{"href":"https:\/\/srokacompany.com\/de\/wp-json\/wp\/v2\/media?parent=343840"}],"wp:term":[{"taxonomy":"product_brand","embeddable":true,"href":"https:\/\/srokacompany.com\/de\/wp-json\/wp\/v2\/product_brand?post=343840"},{"taxonomy":"product_cat","embeddable":true,"href":"https:\/\/srokacompany.com\/de\/wp-json\/wp\/v2\/product_cat?post=343840"},{"taxonomy":"product_tag","embeddable":true,"href":"https:\/\/srokacompany.com\/de\/wp-json\/wp\/v2\/product_tag?post=343840"}],"curies":[{"name":"wp","href":"https:\/\/api.w.org\/{rel}","templated":true}]}}