{"id":343867,"date":"2023-07-18T12:53:17","date_gmt":"2023-07-18T12:53:17","guid":{"rendered":"https:\/\/srokacompany.com\/produit\/vorderer-kotfluegel-von-foil-1250-control\/"},"modified":"2025-11-25T11:05:30","modified_gmt":"2025-11-25T09:05:30","slug":"vorderer-kotfluegel-von-foil-1250-control","status":"publish","type":"product","link":"https:\/\/srokacompany.com\/de\/produkt\/vorderer-kotfluegel-von-foil-1250-control\/","title":{"rendered":"Vorderer Fl\u00fcgel von foil 1250 Control- Freeride"},"content":{"rendered":"<p><strong>Die 1250 Control Foil Front Wing <\/strong>ist die gro\u00dfz\u00fcgigste Wing der Control-Reihe von SROKA. Sie ist die logische Fortsetzung nach der 1750 Classic und bietet mehr Gleiten und Leistung, wobei der <b> Plug-and-Play-Charakter<\/b> und die <b>maximale Kontrolle<\/b> der Serie erhalten bleiben. <\/p>\n<h3>Der Meister des leichten Windes und der gro\u00dfen Boote<\/h3>\n<p>Der 1250 Control Foil Front Wing ist ein echter <b>Allrounder<\/b>, der darauf ausgelegt ist, Ihre Zeit auf dem Wasser zu maximieren, egal ob bei schwachem oder starkem Wind : <\/p>\n<ul>\n<li><b>Auftrieb und leichter Start:<\/b> Seine gro\u00dfe Oberfl\u00e4che garantiert <b>maximalen Auftrieb<\/b> und einen <b>schnellen, progressiven Start<\/b> ab <b>13 Knoten<\/b> bei einer mittleren Gr\u00f6\u00dfe (80 kg). Er ist das perfekte Werkzeug f\u00fcr <b>gro\u00dfe Gr\u00f6\u00dfen<\/b> oder minimale Windbedingungen. <\/li>\n<li><b>Ultime-Stabilit\u00e4t:<\/b> Sie bietet eine <b>au\u00dfergew\u00f6hnliche L\u00e4ngsstabilit\u00e4t<\/b> und <b>absolute Kontrolle<\/b>, die Ihr Vertrauen st\u00e4rkt und das Segeln zwischen 12 und 30 Knoten vereinfacht.<\/li>\n<li><b>Leichtes Carven:<\/b> Trotz seiner Gr\u00f6\u00dfe lassen sich <b>Kurven leicht<\/b> und pr\u00e4zise schneiden, wodurch <b>Wing Surf<\/b> Man\u00f6ver und Richtungswechsel \u00fcberraschend fl\u00fcssig werden.<\/li>\n<\/ul>\n<p>&nbsp;<\/p>\n<h3>Zielprogramm<\/h3>\n<p>&nbsp;<\/p>\n<p>Der Vorderfl\u00fcgel von foil 1250 Control wird empfohlen f\u00fcr:<\/p>\n<ul>\n<li><b>Wingfoil Freeride:<\/b> Sie bietet ein einfaches, fl\u00fcssiges und leistungsstarkes Fahrerlebnis in einem breiten Spektrum von Bedingungen und ist ideal f\u00fcr alle, die Wert auf Spa\u00df und Komfort legen.<\/li>\n<li><b>SUP Foil:<\/b> Hervorragend f\u00fcr einfache Ruderstarts und exzellentes Carving.<\/li>\n<li><b>Surf foil:<\/b> Erm\u00f6glicht einen einfachen Einstieg und bietet ein gutes Gef\u00fchl, ohne dass man sich anstrengen muss, um zu pumpen.<\/li>\n<\/ul>\n<p>&nbsp;<\/p>\n<h3><\/h3>\n","protected":false},"excerpt":{"rendered":"<p><b>Frontfl\u00fcgel 1250 Control:<\/b> Der <b> Allrounder<\/b> f\u00fcr <b>mittelgro\u00dfe bis schwere<\/b> Fahrer oder <b>Leichtgewichte bei leichtem Wind<\/b>. Er bietet <b>viel Auftrieb<\/b> und einen <b>fr\u00fchen Start<\/b> (ab 13 Knoten), <b>Stabilit\u00e4t<\/b> und ein geschmeidiges <b>Handling<\/b> f\u00fcr einfaches und leistungsstarkes Freeriden. <\/p>\n","protected":false},"featured_media":343868,"template":"","meta":{"_acf_changed":false,"_uag_custom_page_level_css":""},"product_brand":[],"product_cat":[3439,3496,3440,3455],"product_tag":[3441,3442],"class_list":{"0":"post-343867","1":"product","2":"type-product","3":"status-publish","4":"has-post-thumbnail","6":"product_cat-alle-unsere-kontrollflugel","7":"product_cat-downwind-uha-reihe","8":"product_cat-flugel-wing-foil","9":"product_cat-surf-flugel-foil","10":"product_tag-anfanger","11":"product_tag-schlau","12":"product_shipping_class-foil-komplett-oder-ersatzteile-wing-einheit","14":"first","15":"instock","16":"sale","17":"taxable","18":"shipping-taxable","19":"purchasable","20":"product-type-simple"},"acf":[],"yoast_head":"<!-- This site is optimized with the Yoast SEO plugin v27.4 - https:\/\/yoast.com\/product\/yoast-seo-wordpress\/ -->\n<title>Vorderer Fl\u00fcgel von foil 1250 Control- Freeride | SROKA Company<\/title>\n<meta name=\"description\" content=\"Foil-Vorderfl\u00fcgel 1250 Control ist ein vielseitiges Foil f\u00fcr Freeride und Wing Foil. Es bietet Leichtigkeit, Fl\u00fcssigkeit und Kontrolle in den Kurven.\" \/>\n<meta name=\"robots\" content=\"index, follow, max-snippet:-1, max-image-preview:large, max-video-preview:-1\" \/>\n<link rel=\"canonical\" href=\"https:\/\/srokacompany.com\/de\/produkt\/vorderer-kotfluegel-von-foil-1250-control\/\" \/>\n<meta property=\"og:locale\" content=\"de_DE\" \/>\n<meta property=\"og:type\" content=\"article\" \/>\n<meta property=\"og:title\" content=\"Vorderer Fl\u00fcgel von foil 1250 Control- Freeride | SROKA Company\" \/>\n<meta property=\"og:description\" content=\"Foil-Vorderfl\u00fcgel 1250 Control ist ein vielseitiges Foil f\u00fcr Freeride und Wing Foil. Es bietet Leichtigkeit, Fl\u00fcssigkeit und Kontrolle in den Kurven.\" \/>\n<meta property=\"og:url\" content=\"https:\/\/srokacompany.com\/de\/produkt\/vorderer-kotfluegel-von-foil-1250-control\/\" \/>\n<meta property=\"og:site_name\" content=\"SROKA Company\" \/>\n<meta property=\"article:publisher\" content=\"https:\/\/www.facebook.com\/srokawatersports\/\" \/>\n<meta property=\"article:modified_time\" content=\"2025-11-25T09:05:30+00:00\" \/>\n<meta property=\"og:image\" content=\"https:\/\/srokacompany.com\/wp-content\/uploads\/2023\/07\/1250-front-control-sroka.jpg\" \/>\n\t<meta property=\"og:image:width\" content=\"1480\" \/>\n\t<meta property=\"og:image:height\" content=\"2160\" \/>\n\t<meta property=\"og:image:type\" content=\"image\/jpeg\" \/>\n<meta name=\"twitter:label1\" content=\"Gesch\u00e4tzte Lesezeit\" \/>\n\t<meta name=\"twitter:data1\" content=\"1\u00a0Minute\" \/>\n<script type=\"application\/ld+json\" class=\"yoast-schema-graph\">{\"@context\":\"https:\\\/\\\/schema.org\",\"@graph\":[{\"@type\":\"WebPage\",\"@id\":\"https:\\\/\\\/srokacompany.com\\\/de\\\/produkt\\\/vorderer-kotfluegel-von-foil-1250-control\\\/\",\"url\":\"https:\\\/\\\/srokacompany.com\\\/de\\\/produkt\\\/vorderer-kotfluegel-von-foil-1250-control\\\/\",\"name\":\"Vorderer Fl\u00fcgel von foil 1250 Control- Freeride | SROKA Company\",\"isPartOf\":{\"@id\":\"https:\\\/\\\/srokacompany.com\\\/de\\\/#website\"},\"primaryImageOfPage\":{\"@id\":\"https:\\\/\\\/srokacompany.com\\\/de\\\/produkt\\\/vorderer-kotfluegel-von-foil-1250-control\\\/#primaryimage\"},\"image\":{\"@id\":\"https:\\\/\\\/srokacompany.com\\\/de\\\/produkt\\\/vorderer-kotfluegel-von-foil-1250-control\\\/#primaryimage\"},\"thumbnailUrl\":\"https:\\\/\\\/srokacompany.com\\\/wp-content\\\/uploads\\\/2023\\\/07\\\/1250-front-control-sroka.jpg\",\"datePublished\":\"2023-07-18T12:53:17+00:00\",\"dateModified\":\"2025-11-25T09:05:30+00:00\",\"description\":\"Foil-Vorderfl\u00fcgel 1250 Control ist ein vielseitiges Foil f\u00fcr Freeride und Wing Foil. Es bietet Leichtigkeit, Fl\u00fcssigkeit und Kontrolle in den Kurven.\",\"breadcrumb\":{\"@id\":\"https:\\\/\\\/srokacompany.com\\\/de\\\/produkt\\\/vorderer-kotfluegel-von-foil-1250-control\\\/#breadcrumb\"},\"inLanguage\":\"de\",\"potentialAction\":[{\"@type\":\"ReadAction\",\"target\":[\"https:\\\/\\\/srokacompany.com\\\/de\\\/produkt\\\/vorderer-kotfluegel-von-foil-1250-control\\\/\"]}]},{\"@type\":\"ImageObject\",\"inLanguage\":\"de\",\"@id\":\"https:\\\/\\\/srokacompany.com\\\/de\\\/produkt\\\/vorderer-kotfluegel-von-foil-1250-control\\\/#primaryimage\",\"url\":\"https:\\\/\\\/srokacompany.com\\\/wp-content\\\/uploads\\\/2023\\\/07\\\/1250-front-control-sroka.jpg\",\"contentUrl\":\"https:\\\/\\\/srokacompany.com\\\/wp-content\\\/uploads\\\/2023\\\/07\\\/1250-front-control-sroka.jpg\",\"width\":1480,\"height\":2160},{\"@type\":\"BreadcrumbList\",\"@id\":\"https:\\\/\\\/srokacompany.com\\\/de\\\/produkt\\\/vorderer-kotfluegel-von-foil-1250-control\\\/#breadcrumb\",\"itemListElement\":[{\"@type\":\"ListItem\",\"position\":1,\"name\":\"Accueil\",\"item\":\"https:\\\/\\\/srokacompany.com\\\/de\\\/\"},{\"@type\":\"ListItem\",\"position\":2,\"name\":\"Laden\",\"item\":\"https:\\\/\\\/srokacompany.com\\\/laden\\\/\"},{\"@type\":\"ListItem\",\"position\":3,\"name\":\"Vorderer Fl\u00fcgel von foil 1250 Control- Freeride\"}]},{\"@type\":\"WebSite\",\"@id\":\"https:\\\/\\\/srokacompany.com\\\/de\\\/#website\",\"url\":\"https:\\\/\\\/srokacompany.com\\\/de\\\/\",\"name\":\"SROKA Company\",\"description\":\"SUP, Kite, Foil, Wing\",\"publisher\":{\"@id\":\"https:\\\/\\\/srokacompany.com\\\/de\\\/#organization\"},\"potentialAction\":[{\"@type\":\"SearchAction\",\"target\":{\"@type\":\"EntryPoint\",\"urlTemplate\":\"https:\\\/\\\/srokacompany.com\\\/de\\\/?s={search_term_string}\"},\"query-input\":{\"@type\":\"PropertyValueSpecification\",\"valueRequired\":true,\"valueName\":\"search_term_string\"}}],\"inLanguage\":\"de\"},{\"@type\":\"Organization\",\"@id\":\"https:\\\/\\\/srokacompany.com\\\/de\\\/#organization\",\"name\":\"SROKACOMPANY\",\"alternateName\":\"SROKA\",\"url\":\"https:\\\/\\\/srokacompany.com\\\/de\\\/\",\"logo\":{\"@type\":\"ImageObject\",\"inLanguage\":\"de\",\"@id\":\"https:\\\/\\\/srokacompany.com\\\/de\\\/#\\\/schema\\\/logo\\\/image\\\/\",\"url\":\"https:\\\/\\\/srokacompany.com\\\/wp-content\\\/uploads\\\/2021\\\/01\\\/logo-sroka-black-transpa.png\",\"contentUrl\":\"https:\\\/\\\/srokacompany.com\\\/wp-content\\\/uploads\\\/2021\\\/01\\\/logo-sroka-black-transpa.png\",\"width\":1201,\"height\":342,\"caption\":\"SROKACOMPANY\"},\"image\":{\"@id\":\"https:\\\/\\\/srokacompany.com\\\/de\\\/#\\\/schema\\\/logo\\\/image\\\/\"},\"sameAs\":[\"https:\\\/\\\/www.facebook.com\\\/srokawatersports\\\/\",\"https:\\\/\\\/www.instagram.com\\\/srokawatersports\\\/\",\"https:\\\/\\\/www.youtube.com\\\/channel\\\/UCVLHHeaPIm-J5bdEUgxqtZA\"]}]}<\/script>\n<!-- \/ Yoast SEO plugin. -->","yoast_head_json":{"title":"Vorderer Fl\u00fcgel von foil 1250 Control- Freeride | SROKA Company","description":"Foil-Vorderfl\u00fcgel 1250 Control ist ein vielseitiges Foil f\u00fcr Freeride und Wing Foil. Es bietet Leichtigkeit, Fl\u00fcssigkeit und Kontrolle in den Kurven.","robots":{"index":"index","follow":"follow","max-snippet":"max-snippet:-1","max-image-preview":"max-image-preview:large","max-video-preview":"max-video-preview:-1"},"canonical":"https:\/\/srokacompany.com\/de\/produkt\/vorderer-kotfluegel-von-foil-1250-control\/","og_locale":"de_DE","og_type":"article","og_title":"Vorderer Fl\u00fcgel von foil 1250 Control- Freeride | SROKA Company","og_description":"Foil-Vorderfl\u00fcgel 1250 Control ist ein vielseitiges Foil f\u00fcr Freeride und Wing Foil. Es bietet Leichtigkeit, Fl\u00fcssigkeit und Kontrolle in den Kurven.","og_url":"https:\/\/srokacompany.com\/de\/produkt\/vorderer-kotfluegel-von-foil-1250-control\/","og_site_name":"SROKA Company","article_publisher":"https:\/\/www.facebook.com\/srokawatersports\/","article_modified_time":"2025-11-25T09:05:30+00:00","og_image":[{"width":1480,"height":2160,"url":"https:\/\/srokacompany.com\/wp-content\/uploads\/2023\/07\/1250-front-control-sroka.jpg","type":"image\/jpeg"}],"twitter_misc":{"Gesch\u00e4tzte Lesezeit":"1\u00a0Minute"},"schema":{"@context":"https:\/\/schema.org","@graph":[{"@type":"WebPage","@id":"https:\/\/srokacompany.com\/de\/produkt\/vorderer-kotfluegel-von-foil-1250-control\/","url":"https:\/\/srokacompany.com\/de\/produkt\/vorderer-kotfluegel-von-foil-1250-control\/","name":"Vorderer Fl\u00fcgel von foil 1250 Control- Freeride | SROKA Company","isPartOf":{"@id":"https:\/\/srokacompany.com\/de\/#website"},"primaryImageOfPage":{"@id":"https:\/\/srokacompany.com\/de\/produkt\/vorderer-kotfluegel-von-foil-1250-control\/#primaryimage"},"image":{"@id":"https:\/\/srokacompany.com\/de\/produkt\/vorderer-kotfluegel-von-foil-1250-control\/#primaryimage"},"thumbnailUrl":"https:\/\/srokacompany.com\/wp-content\/uploads\/2023\/07\/1250-front-control-sroka.jpg","datePublished":"2023-07-18T12:53:17+00:00","dateModified":"2025-11-25T09:05:30+00:00","description":"Foil-Vorderfl\u00fcgel 1250 Control ist ein vielseitiges Foil f\u00fcr Freeride und Wing Foil. Es bietet Leichtigkeit, Fl\u00fcssigkeit und Kontrolle in den Kurven.","breadcrumb":{"@id":"https:\/\/srokacompany.com\/de\/produkt\/vorderer-kotfluegel-von-foil-1250-control\/#breadcrumb"},"inLanguage":"de","potentialAction":[{"@type":"ReadAction","target":["https:\/\/srokacompany.com\/de\/produkt\/vorderer-kotfluegel-von-foil-1250-control\/"]}]},{"@type":"ImageObject","inLanguage":"de","@id":"https:\/\/srokacompany.com\/de\/produkt\/vorderer-kotfluegel-von-foil-1250-control\/#primaryimage","url":"https:\/\/srokacompany.com\/wp-content\/uploads\/2023\/07\/1250-front-control-sroka.jpg","contentUrl":"https:\/\/srokacompany.com\/wp-content\/uploads\/2023\/07\/1250-front-control-sroka.jpg","width":1480,"height":2160},{"@type":"BreadcrumbList","@id":"https:\/\/srokacompany.com\/de\/produkt\/vorderer-kotfluegel-von-foil-1250-control\/#breadcrumb","itemListElement":[{"@type":"ListItem","position":1,"name":"Accueil","item":"https:\/\/srokacompany.com\/de\/"},{"@type":"ListItem","position":2,"name":"Laden","item":"https:\/\/srokacompany.com\/laden\/"},{"@type":"ListItem","position":3,"name":"Vorderer Fl\u00fcgel von foil 1250 Control- Freeride"}]},{"@type":"WebSite","@id":"https:\/\/srokacompany.com\/de\/#website","url":"https:\/\/srokacompany.com\/de\/","name":"SROKA Company","description":"SUP, Kite, Foil, Wing","publisher":{"@id":"https:\/\/srokacompany.com\/de\/#organization"},"potentialAction":[{"@type":"SearchAction","target":{"@type":"EntryPoint","urlTemplate":"https:\/\/srokacompany.com\/de\/?s={search_term_string}"},"query-input":{"@type":"PropertyValueSpecification","valueRequired":true,"valueName":"search_term_string"}}],"inLanguage":"de"},{"@type":"Organization","@id":"https:\/\/srokacompany.com\/de\/#organization","name":"SROKACOMPANY","alternateName":"SROKA","url":"https:\/\/srokacompany.com\/de\/","logo":{"@type":"ImageObject","inLanguage":"de","@id":"https:\/\/srokacompany.com\/de\/#\/schema\/logo\/image\/","url":"https:\/\/srokacompany.com\/wp-content\/uploads\/2021\/01\/logo-sroka-black-transpa.png","contentUrl":"https:\/\/srokacompany.com\/wp-content\/uploads\/2021\/01\/logo-sroka-black-transpa.png","width":1201,"height":342,"caption":"SROKACOMPANY"},"image":{"@id":"https:\/\/srokacompany.com\/de\/#\/schema\/logo\/image\/"},"sameAs":["https:\/\/www.facebook.com\/srokawatersports\/","https:\/\/www.instagram.com\/srokawatersports\/","https:\/\/www.youtube.com\/channel\/UCVLHHeaPIm-J5bdEUgxqtZA"]}]}},"uagb_featured_image_src":{"full":["https:\/\/srokacompany.com\/wp-content\/uploads\/2023\/07\/1250-front-control-sroka.jpg",1480,2160,false],"thumbnail":["https:\/\/srokacompany.com\/wp-content\/uploads\/2023\/07\/1250-front-control-sroka-150x150.jpg",150,150,true],"medium":["https:\/\/srokacompany.com\/wp-content\/uploads\/2023\/07\/1250-front-control-sroka-206x300.jpg",206,300,true],"medium_large":["https:\/\/srokacompany.com\/wp-content\/uploads\/2023\/07\/1250-front-control-sroka-768x1121.jpg",768,1121,true],"large":["https:\/\/srokacompany.com\/wp-content\/uploads\/2023\/07\/1250-front-control-sroka-702x1024.jpg",702,1024,true],"1536x1536":["https:\/\/srokacompany.com\/wp-content\/uploads\/2023\/07\/1250-front-control-sroka-1052x1536.jpg",1052,1536,true],"2048x2048":["https:\/\/srokacompany.com\/wp-content\/uploads\/2023\/07\/1250-front-control-sroka-1403x2048.jpg",1403,2048,true],"woocommerce_thumbnail":["https:\/\/srokacompany.com\/wp-content\/uploads\/2023\/07\/1250-front-control-sroka-600x876.jpg",600,876,true],"woocommerce_single":["https:\/\/srokacompany.com\/wp-content\/uploads\/2023\/07\/1250-front-control-sroka-600x876.jpg",600,876,true],"woocommerce_gallery_thumbnail":["https:\/\/srokacompany.com\/wp-content\/uploads\/2023\/07\/1250-front-control-sroka-100x100.jpg",100,100,true],"dgwt-wcas-product-suggestion":["https:\/\/srokacompany.com\/wp-content\/uploads\/2023\/07\/1250-front-control-sroka.jpg",64,93,false]},"uagb_author_info":{"display_name":"Emmanuel DIJOUX","author_link":"https:\/\/srokacompany.com\/de\/blog\/author\/"},"uagb_comment_info":0,"uagb_excerpt":"Frontfl\u00fcgel 1250 Control: Der Allrounder f\u00fcr mittelgro\u00dfe bis schwere Fahrer oder Leichtgewichte bei leichtem Wind. Er bietet viel Auftrieb und einen fr\u00fchen Start (ab 13 Knoten), Stabilit\u00e4t und ein geschmeidiges Handling f\u00fcr einfaches und leistungsstarkes Freeriden.","jetpack_sharing_enabled":true,"_links":{"self":[{"href":"https:\/\/srokacompany.com\/de\/wp-json\/wp\/v2\/product\/343867","targetHints":{"allow":["GET"]}}],"collection":[{"href":"https:\/\/srokacompany.com\/de\/wp-json\/wp\/v2\/product"}],"about":[{"href":"https:\/\/srokacompany.com\/de\/wp-json\/wp\/v2\/types\/product"}],"wp:featuredmedia":[{"embeddable":true,"href":"https:\/\/srokacompany.com\/de\/wp-json\/wp\/v2\/media\/343868"}],"wp:attachment":[{"href":"https:\/\/srokacompany.com\/de\/wp-json\/wp\/v2\/media?parent=343867"}],"wp:term":[{"taxonomy":"product_brand","embeddable":true,"href":"https:\/\/srokacompany.com\/de\/wp-json\/wp\/v2\/product_brand?post=343867"},{"taxonomy":"product_cat","embeddable":true,"href":"https:\/\/srokacompany.com\/de\/wp-json\/wp\/v2\/product_cat?post=343867"},{"taxonomy":"product_tag","embeddable":true,"href":"https:\/\/srokacompany.com\/de\/wp-json\/wp\/v2\/product_tag?post=343867"}],"curies":[{"name":"wp","href":"https:\/\/api.w.org\/{rel}","templated":true}]}}